{"id":314153,"date":"2025-12-30T23:12:10","date_gmt":"2025-12-30T23:12:10","guid":{"rendered":"http:\/\/theuncommonshop.ch\/produkt\/314153\/"},"modified":"2026-03-31T17:26:51","modified_gmt":"2026-03-31T15:26:51","slug":"dragon-shield-matte-dual-art-sleeves-diana-moonpiercer-grand-archive-100-sleeves-2","status":"publish","type":"product","link":"https:\/\/theuncommonshop.ch\/fr\/product\/dragon-shield-matte-dual-art-sleeves-diana-moonpiercer-grand-archive-100-sleeves-2\/","title":{"rendered":"Dragon Shield &#8211; Matte Dual Art Sleeves &#8211; Diana Moonpiercer Grand Archive &#8211; 100 Sleeves"},"content":{"rendered":"<p>Pr\u00e9parez-vous \u00e0 vous battre avec les nouvelles Art Sleeves de Diana Grand Archive\u2122 Matte ! Avec elle \u00e0 vos c\u00f4t\u00e9s, vos adversaires n&#8217;auront aucune chance. <\/p>\n<p>Les Matte Dual Sleeves sont une magnifique d\u00e9clinaison des populaires Matte Sleeves, parfaite pour les joueurs soucieux d&#8217;esth\u00e9tique. L&#8217;int\u00e9rieur noir met parfaitement en valeur vos cartes. Totalement opaques, n&#8217;ayez pas peur de jouer des cartes double face, m\u00eame dans les couleurs de jaquettes les plus claires.  <\/p>\n<p>L&#8217;illustration est imprim\u00e9e directement sur les pochettes. Cela signifie que l&#8217;artwork est de la m\u00eame qualit\u00e9, durable et d\u00e9tachable que les pochettes sur lesquelles il est imprim\u00e9. <\/p>\n<p>Les pochettes sont fournies dans une bo\u00eete en carton r\u00e9utilisable contenant 100 pochettes de taille standard pour des cartes \u00e0 collectionner mesurant jusqu&#8217;\u00e0 63&#215;88 mm (2\u00bd&#8221;x3\u00bd&#8221;). Id\u00e9al pour les TCG comme Magic\u2122, Pok\u00e9mon\u2122, Lorcana\u2122 et &#8211; bien s\u00fbr &#8211; Grand Archive\u2122 ! <\/p>\n","protected":false},"excerpt":{"rendered":"<p>Pr\u00e9parez-vous \u00e0 vous battre avec les nouvelles Art Sleeves de Diana Grand Archive\u2122 Matte ! Avec elle \u00e0 vos c\u00f4t\u00e9s,<\/p>\n","protected":false},"featured_media":262051,"comment_status":"open","ping_status":"closed","template":"","meta":{"_acf_changed":false},"product_brand":[5094],"product_cat":[9859,10249,9861,10155],"product_tag":[],"class_list":{"0":"post-314153","1":"product","2":"type-product","3":"status-publish","4":"has-post-thumbnail","6":"product_brand-dragon-shield","7":"product_cat-accessoires-tcg","8":"product_cat-autres-sleeves-tcg","9":"product_cat-sleeves-fr","10":"product_cat-taille-standard","12":"first","13":"instock","14":"taxable","15":"shipping-taxable","16":"purchasable","17":"product-type-simple"},"acf":[],"yoast_head":"<!-- This site is optimized with the Yoast SEO plugin v27.4 - https:\/\/yoast.com\/product\/yoast-seo-wordpress\/ -->\n<title>Ach\u00e8te Dragon Shield - Matte Dual Art Sleeves - Diana Moonpiercer Grand Archive - 100 Sleeves<\/title>\n<meta name=\"description\" content=\"Ach\u00e8te Dragon Shield - Matte Dual Art Sleeves - Diana Moonpiercer Grand Archive - 100 Sleeves en ligne maintenant \u00e0 petit prix! Ton #1 shop pour cartes TCG &amp; Pok\u00e9mon en Suisse \u2713 Livraison gratuite d\u00e8s CHF 29\" \/>\n<meta name=\"robots\" content=\"index, follow, max-snippet:-1, max-image-preview:large, max-video-preview:-1\" \/>\n<link rel=\"canonical\" href=\"https:\/\/theuncommonshop.ch\/fr\/product\/dragon-shield-matte-dual-art-sleeves-diana-moonpiercer-grand-archive-100-sleeves-2\/\" \/>\n<meta property=\"og:locale\" content=\"fr_FR\" \/>\n<meta property=\"og:type\" content=\"article\" \/>\n<meta property=\"og:title\" content=\"Ach\u00e8te Dragon Shield - Matte Dual Art Sleeves - Diana Moonpiercer Grand Archive - 100 Sleeves\" \/>\n<meta property=\"og:description\" content=\"Ach\u00e8te Dragon Shield - Matte Dual Art Sleeves - Diana Moonpiercer Grand Archive - 100 Sleeves en ligne maintenant \u00e0 petit prix! Ton #1 shop pour cartes TCG &amp; Pok\u00e9mon en Suisse \u2713 Livraison gratuite d\u00e8s CHF 29\" \/>\n<meta property=\"og:url\" content=\"https:\/\/theuncommonshop.ch\/fr\/product\/dragon-shield-matte-dual-art-sleeves-diana-moonpiercer-grand-archive-100-sleeves-2\/\" \/>\n<meta property=\"og:site_name\" content=\"The Uncommon Shop\" \/>\n<meta property=\"article:modified_time\" content=\"2026-03-31T15:26:51+00:00\" \/>\n<meta property=\"og:image\" content=\"https:\/\/theuncommonshop.ch\/wp-content\/uploads\/2025\/12\/5097980921.jpg\" \/>\n\t<meta property=\"og:image:width\" content=\"400\" \/>\n\t<meta property=\"og:image:height\" content=\"309\" \/>\n\t<meta property=\"og:image:type\" content=\"image\/jpeg\" \/>\n<meta name=\"twitter:card\" content=\"summary_large_image\" \/>\n<meta name=\"twitter:label1\" content=\"Prix\" \/>\n\t<meta name=\"twitter:data1\" content=\"&#067;&#072;&#070;&nbsp;14.95\" \/>\n\t<meta name=\"twitter:label2\" content=\"Disponibilit\u00e9\" \/>\n\t<meta name=\"twitter:data2\" content=\"En stock\" \/>\n<script type=\"application\/ld+json\" class=\"yoast-schema-graph\">{\"@context\":\"https:\\\/\\\/schema.org\",\"@graph\":[{\"@type\":\"WebPage\",\"@id\":\"https:\\\/\\\/theuncommonshop.ch\\\/fr\\\/product\\\/dragon-shield-matte-dual-art-sleeves-diana-moonpiercer-grand-archive-100-sleeves-2\\\/\",\"url\":\"https:\\\/\\\/theuncommonshop.ch\\\/fr\\\/product\\\/dragon-shield-matte-dual-art-sleeves-diana-moonpiercer-grand-archive-100-sleeves-2\\\/\",\"name\":\"Ach\u00e8te Dragon Shield - Matte Dual Art Sleeves - Diana Moonpiercer Grand Archive - 100 Sleeves\",\"isPartOf\":{\"@id\":\"https:\\\/\\\/theuncommonshop.ch\\\/fr\\\/#website\"},\"primaryImageOfPage\":{\"@id\":\"https:\\\/\\\/theuncommonshop.ch\\\/fr\\\/product\\\/dragon-shield-matte-dual-art-sleeves-diana-moonpiercer-grand-archive-100-sleeves-2\\\/#primaryimage\"},\"image\":{\"@id\":\"https:\\\/\\\/theuncommonshop.ch\\\/fr\\\/product\\\/dragon-shield-matte-dual-art-sleeves-diana-moonpiercer-grand-archive-100-sleeves-2\\\/#primaryimage\"},\"thumbnailUrl\":\"https:\\\/\\\/theuncommonshop.ch\\\/wp-content\\\/uploads\\\/2025\\\/12\\\/5097980921.jpg\",\"datePublished\":\"2025-12-30T23:12:10+00:00\",\"dateModified\":\"2026-03-31T15:26:51+00:00\",\"description\":\"Ach\u00e8te Dragon Shield - Matte Dual Art Sleeves - Diana Moonpiercer Grand Archive - 100 Sleeves en ligne maintenant \u00e0 petit prix! Ton #1 shop pour cartes TCG & Pok\u00e9mon en Suisse \u2713 Livraison gratuite d\u00e8s CHF 29\",\"breadcrumb\":{\"@id\":\"https:\\\/\\\/theuncommonshop.ch\\\/fr\\\/product\\\/dragon-shield-matte-dual-art-sleeves-diana-moonpiercer-grand-archive-100-sleeves-2\\\/#breadcrumb\"},\"inLanguage\":\"fr-FR\",\"potentialAction\":[{\"@type\":\"ReadAction\",\"target\":[\"https:\\\/\\\/theuncommonshop.ch\\\/fr\\\/product\\\/dragon-shield-matte-dual-art-sleeves-diana-moonpiercer-grand-archive-100-sleeves-2\\\/\"]}]},{\"@type\":\"ImageObject\",\"inLanguage\":\"fr-FR\",\"@id\":\"https:\\\/\\\/theuncommonshop.ch\\\/fr\\\/product\\\/dragon-shield-matte-dual-art-sleeves-diana-moonpiercer-grand-archive-100-sleeves-2\\\/#primaryimage\",\"url\":\"https:\\\/\\\/theuncommonshop.ch\\\/wp-content\\\/uploads\\\/2025\\\/12\\\/5097980921.jpg\",\"contentUrl\":\"https:\\\/\\\/theuncommonshop.ch\\\/wp-content\\\/uploads\\\/2025\\\/12\\\/5097980921.jpg\",\"width\":400,\"height\":309},{\"@type\":\"BreadcrumbList\",\"@id\":\"https:\\\/\\\/theuncommonshop.ch\\\/fr\\\/product\\\/dragon-shield-matte-dual-art-sleeves-diana-moonpiercer-grand-archive-100-sleeves-2\\\/#breadcrumb\",\"itemListElement\":[{\"@type\":\"ListItem\",\"position\":1,\"name\":\"Accueil\",\"item\":\"https:\\\/\\\/theuncommonshop.ch\\\/fr\\\/accueil\\\/\"},{\"@type\":\"ListItem\",\"position\":2,\"name\":\"Boutique\",\"item\":\"https:\\\/\\\/theuncommonshop.ch\\\/fr\\\/boutique\\\/\"},{\"@type\":\"ListItem\",\"position\":3,\"name\":\"Accessoires TCG\",\"item\":\"https:\\\/\\\/theuncommonshop.ch\\\/fr\\\/categorie-produit\\\/accessoires-tcg\\\/\"},{\"@type\":\"ListItem\",\"position\":4,\"name\":\"Sleeves\",\"item\":\"https:\\\/\\\/theuncommonshop.ch\\\/fr\\\/categorie-produit\\\/accessoires-tcg\\\/sleeves-fr\\\/\"},{\"@type\":\"ListItem\",\"position\":5,\"name\":\"Taille standard\",\"item\":\"https:\\\/\\\/theuncommonshop.ch\\\/fr\\\/categorie-produit\\\/accessoires-tcg\\\/sleeves-fr\\\/taille-standard\\\/\"},{\"@type\":\"ListItem\",\"position\":6,\"name\":\"Dragon Shield &#8211; Matte Dual Art Sleeves &#8211; Diana Moonpiercer Grand Archive &#8211; 100 Sleeves\"}]},{\"@type\":\"WebSite\",\"@id\":\"https:\\\/\\\/theuncommonshop.ch\\\/fr\\\/#website\",\"url\":\"https:\\\/\\\/theuncommonshop.ch\\\/fr\\\/\",\"name\":\"The Uncommon Shop\",\"description\":\"Magic, Pok\u00e9mon and Yu-gi-oh - The Uncommon Shop\",\"potentialAction\":[{\"@type\":\"SearchAction\",\"target\":{\"@type\":\"EntryPoint\",\"urlTemplate\":\"https:\\\/\\\/theuncommonshop.ch\\\/fr\\\/?s={search_term_string}\"},\"query-input\":{\"@type\":\"PropertyValueSpecification\",\"valueRequired\":true,\"valueName\":\"search_term_string\"}}],\"inLanguage\":\"fr-FR\"}]}<\/script>\n<meta property=\"product:price:amount\" content=\"14.95\" \/>\n<meta property=\"product:price:currency\" content=\"CHF\" \/>\n<meta property=\"og:availability\" content=\"instock\" \/>\n<meta property=\"product:availability\" content=\"instock\" \/>\n<meta property=\"product:retailer_item_id\" content=\"ZU.II.H.DSGrandArchDiana\" \/>\n<meta property=\"product:condition\" content=\"new\" \/>\n<!-- \/ Yoast SEO plugin. -->","yoast_head_json":{"title":"Ach\u00e8te Dragon Shield - Matte Dual Art Sleeves - Diana Moonpiercer Grand Archive - 100 Sleeves","description":"Ach\u00e8te Dragon Shield - Matte Dual Art Sleeves - Diana Moonpiercer Grand Archive - 100 Sleeves en ligne maintenant \u00e0 petit prix! Ton #1 shop pour cartes TCG & Pok\u00e9mon en Suisse \u2713 Livraison gratuite d\u00e8s CHF 29","robots":{"index":"index","follow":"follow","max-snippet":"max-snippet:-1","max-image-preview":"max-image-preview:large","max-video-preview":"max-video-preview:-1"},"canonical":"https:\/\/theuncommonshop.ch\/fr\/product\/dragon-shield-matte-dual-art-sleeves-diana-moonpiercer-grand-archive-100-sleeves-2\/","og_locale":"fr_FR","og_type":"article","og_title":"Ach\u00e8te Dragon Shield - Matte Dual Art Sleeves - Diana Moonpiercer Grand Archive - 100 Sleeves","og_description":"Ach\u00e8te Dragon Shield - Matte Dual Art Sleeves - Diana Moonpiercer Grand Archive - 100 Sleeves en ligne maintenant \u00e0 petit prix! Ton #1 shop pour cartes TCG & Pok\u00e9mon en Suisse \u2713 Livraison gratuite d\u00e8s CHF 29","og_url":"https:\/\/theuncommonshop.ch\/fr\/product\/dragon-shield-matte-dual-art-sleeves-diana-moonpiercer-grand-archive-100-sleeves-2\/","og_site_name":"The Uncommon Shop","article_modified_time":"2026-03-31T15:26:51+00:00","og_image":[{"width":400,"height":309,"url":"https:\/\/theuncommonshop.ch\/wp-content\/uploads\/2025\/12\/5097980921.jpg","type":"image\/jpeg"}],"twitter_card":"summary_large_image","twitter_misc":{"Prix":"&#67;&#72;&#70;&nbsp;14.95","Disponibilit\u00e9":"En stock"},"schema":{"@context":"https:\/\/schema.org","@graph":[{"@type":"WebPage","@id":"https:\/\/theuncommonshop.ch\/fr\/product\/dragon-shield-matte-dual-art-sleeves-diana-moonpiercer-grand-archive-100-sleeves-2\/","url":"https:\/\/theuncommonshop.ch\/fr\/product\/dragon-shield-matte-dual-art-sleeves-diana-moonpiercer-grand-archive-100-sleeves-2\/","name":"Ach\u00e8te Dragon Shield - Matte Dual Art Sleeves - Diana Moonpiercer Grand Archive - 100 Sleeves","isPartOf":{"@id":"https:\/\/theuncommonshop.ch\/fr\/#website"},"primaryImageOfPage":{"@id":"https:\/\/theuncommonshop.ch\/fr\/product\/dragon-shield-matte-dual-art-sleeves-diana-moonpiercer-grand-archive-100-sleeves-2\/#primaryimage"},"image":{"@id":"https:\/\/theuncommonshop.ch\/fr\/product\/dragon-shield-matte-dual-art-sleeves-diana-moonpiercer-grand-archive-100-sleeves-2\/#primaryimage"},"thumbnailUrl":"https:\/\/theuncommonshop.ch\/wp-content\/uploads\/2025\/12\/5097980921.jpg","datePublished":"2025-12-30T23:12:10+00:00","dateModified":"2026-03-31T15:26:51+00:00","description":"Ach\u00e8te Dragon Shield - Matte Dual Art Sleeves - Diana Moonpiercer Grand Archive - 100 Sleeves en ligne maintenant \u00e0 petit prix! Ton #1 shop pour cartes TCG & Pok\u00e9mon en Suisse \u2713 Livraison gratuite d\u00e8s CHF 29","breadcrumb":{"@id":"https:\/\/theuncommonshop.ch\/fr\/product\/dragon-shield-matte-dual-art-sleeves-diana-moonpiercer-grand-archive-100-sleeves-2\/#breadcrumb"},"inLanguage":"fr-FR","potentialAction":[{"@type":"ReadAction","target":["https:\/\/theuncommonshop.ch\/fr\/product\/dragon-shield-matte-dual-art-sleeves-diana-moonpiercer-grand-archive-100-sleeves-2\/"]}]},{"@type":"ImageObject","inLanguage":"fr-FR","@id":"https:\/\/theuncommonshop.ch\/fr\/product\/dragon-shield-matte-dual-art-sleeves-diana-moonpiercer-grand-archive-100-sleeves-2\/#primaryimage","url":"https:\/\/theuncommonshop.ch\/wp-content\/uploads\/2025\/12\/5097980921.jpg","contentUrl":"https:\/\/theuncommonshop.ch\/wp-content\/uploads\/2025\/12\/5097980921.jpg","width":400,"height":309},{"@type":"BreadcrumbList","@id":"https:\/\/theuncommonshop.ch\/fr\/product\/dragon-shield-matte-dual-art-sleeves-diana-moonpiercer-grand-archive-100-sleeves-2\/#breadcrumb","itemListElement":[{"@type":"ListItem","position":1,"name":"Accueil","item":"https:\/\/theuncommonshop.ch\/fr\/accueil\/"},{"@type":"ListItem","position":2,"name":"Boutique","item":"https:\/\/theuncommonshop.ch\/fr\/boutique\/"},{"@type":"ListItem","position":3,"name":"Accessoires TCG","item":"https:\/\/theuncommonshop.ch\/fr\/categorie-produit\/accessoires-tcg\/"},{"@type":"ListItem","position":4,"name":"Sleeves","item":"https:\/\/theuncommonshop.ch\/fr\/categorie-produit\/accessoires-tcg\/sleeves-fr\/"},{"@type":"ListItem","position":5,"name":"Taille standard","item":"https:\/\/theuncommonshop.ch\/fr\/categorie-produit\/accessoires-tcg\/sleeves-fr\/taille-standard\/"},{"@type":"ListItem","position":6,"name":"Dragon Shield &#8211; Matte Dual Art Sleeves &#8211; Diana Moonpiercer Grand Archive &#8211; 100 Sleeves"}]},{"@type":"WebSite","@id":"https:\/\/theuncommonshop.ch\/fr\/#website","url":"https:\/\/theuncommonshop.ch\/fr\/","name":"The Uncommon Shop","description":"Magic, Pok\u00e9mon and Yu-gi-oh - The Uncommon Shop","potentialAction":[{"@type":"SearchAction","target":{"@type":"EntryPoint","urlTemplate":"https:\/\/theuncommonshop.ch\/fr\/?s={search_term_string}"},"query-input":{"@type":"PropertyValueSpecification","valueRequired":true,"valueName":"search_term_string"}}],"inLanguage":"fr-FR"}]},"product_price_amount":"14.95","product_price_currency":"CHF","og_availability":"instock","product_availability":"instock","product_retailer_item_id":"ZU.II.H.DSGrandArchDiana","product_condition":"new"},"_links":{"self":[{"href":"https:\/\/theuncommonshop.ch\/fr\/wp-json\/wp\/v2\/product\/314153","targetHints":{"allow":["GET"]}}],"collection":[{"href":"https:\/\/theuncommonshop.ch\/fr\/wp-json\/wp\/v2\/product"}],"about":[{"href":"https:\/\/theuncommonshop.ch\/fr\/wp-json\/wp\/v2\/types\/product"}],"replies":[{"embeddable":true,"href":"https:\/\/theuncommonshop.ch\/fr\/wp-json\/wp\/v2\/comments?post=314153"}],"version-history":[{"count":0,"href":"https:\/\/theuncommonshop.ch\/fr\/wp-json\/wp\/v2\/product\/314153\/revisions"}],"wp:featuredmedia":[{"embeddable":true,"href":"https:\/\/theuncommonshop.ch\/fr\/wp-json\/wp\/v2\/media\/262051"}],"wp:attachment":[{"href":"https:\/\/theuncommonshop.ch\/fr\/wp-json\/wp\/v2\/media?parent=314153"}],"wp:term":[{"taxonomy":"product_brand","embeddable":true,"href":"https:\/\/theuncommonshop.ch\/fr\/wp-json\/wp\/v2\/product_brand?post=314153"},{"taxonomy":"product_cat","embeddable":true,"href":"https:\/\/theuncommonshop.ch\/fr\/wp-json\/wp\/v2\/product_cat?post=314153"},{"taxonomy":"product_tag","embeddable":true,"href":"https:\/\/theuncommonshop.ch\/fr\/wp-json\/wp\/v2\/product_tag?post=314153"}],"curies":[{"name":"wp","href":"https:\/\/api.w.org\/{rel}","templated":true}]}}