{"id":313832,"date":"2025-12-30T22:10:54","date_gmt":"2025-12-30T22:10:54","guid":{"rendered":"http:\/\/theuncommonshop.ch\/produkt\/313832\/"},"modified":"2026-03-08T22:45:54","modified_gmt":"2026-03-08T21:45:54","slug":"warhammer-age-of-sigmar-seraphon-aggradon-lancers-2","status":"publish","type":"product","link":"https:\/\/theuncommonshop.ch\/fr\/product\/warhammer-age-of-sigmar-seraphon-aggradon-lancers-2\/","title":{"rendered":"Warhammer Age of Sigmar &#8211; Seraphon &#8211; Aggradon Lancers"},"content":{"rendered":"<p>Les lanciers aggradons sont parmi les cavaliers les plus agressifs connus dans les royaumes mortels, leurs redoutables montures \u00e9cailleuses n&#8217;\u00e9tant que plus rapides et plus avides lorsque l&#8217;ivresse du combat prend le dessus sur leurs sens. Une attaque des lanciers d&#8217;Aggradon peut faire s&#8217;effondrer des lignes de bataille enti\u00e8res dans une temp\u00eate de violence pr\u00e9datrice, les cavaliers comme les montures frappant avec une force brutale et une f\u00e9rocit\u00e9 \u00e9crasante. <\/p>\n<p>Ce kit de construction en plastique en plusieurs parties contient trois cavaliers-lances Aggradon, une impressionnante cavalerie de S\u00e9raphins assoiff\u00e9s de sang. Les cavaliers Saurus peuvent tous \u00eatre arm\u00e9s d&#8217;une massue en c\u00e9lestite h\u00e9riss\u00e9e de pointes ou d&#8217;une lance en c\u00e9lestite perforante, et disposent chacun de deux colliers blind\u00e9s, ce qui vous permet de choisir entre diff\u00e9rentes poses. Un mod\u00e8le peut \u00eatre construit en tant que champion alpha &#8211; avec un choix de t\u00eates et d&#8217;armes uniques, des poses de bras alternatives et un bouclier unique -, un en tant que tambour de guerre et un en tant que porteur d&#8217;ic\u00f4ne imposant.  <\/p>\n<p>Le kit offre de nombreuses possibilit\u00e9s de personnalisation &#8211; six t\u00eates et trois boucliers utilisables avec chacun des cavaliers, ainsi que des queues interchangeables, des plaques de blindage et des ornements en plumes pour les aggradons &#8211; ce qui vous permet de cr\u00e9er un choix vari\u00e9 de cavaliers reptiliens et de montures.<\/p>\n<p>Ce kit se compose de 95 pi\u00e8ces en plastique et est livr\u00e9 avec trois bases ovales Citadel (75 x 42 mm). Ces miniatures sont livr\u00e9es non assembl\u00e9es et non peintes. <\/p>\n<div style=\"display: inline !important;\"><\/div>\n","protected":false},"excerpt":{"rendered":"<p>Les lanciers aggradons sont parmi les cavaliers les plus agressifs connus dans les royaumes mortels, leurs redoutables montures \u00e9cailleuses n&#8217;\u00e9tant<\/p>\n","protected":false},"featured_media":260059,"comment_status":"open","ping_status":"closed","template":"","meta":{"_acf_changed":false},"product_brand":[5078,5154],"product_cat":[9925,9929],"product_tag":[],"class_list":{"0":"post-313832","1":"product","2":"type-product","3":"status-publish","4":"has-post-thumbnail","6":"product_brand-games-workshop","7":"product_brand-warhammer","8":"product_cat-tabletop-fr","9":"product_cat-warhammer-age-of-sigmar-fr","11":"first","12":"instock","13":"taxable","14":"shipping-taxable","15":"purchasable","16":"product-type-simple"},"acf":[],"yoast_head":"<!-- This site is optimized with the Yoast SEO plugin v27.4 - https:\/\/yoast.com\/product\/yoast-seo-wordpress\/ -->\n<title>Ach\u00e8te Warhammer Age of Sigmar - Seraphon - Aggradon Lancers<\/title>\n<meta name=\"description\" content=\"Ach\u00e8te Warhammer Age of Sigmar - Seraphon - Aggradon Lancers en ligne maintenant \u00e0 petit prix! Ton #1 shop pour cartes TCG &amp; Pok\u00e9mon en Suisse \u2713 Livraison gratuite d\u00e8s CHF 29\" \/>\n<meta name=\"robots\" content=\"index, follow, max-snippet:-1, max-image-preview:large, max-video-preview:-1\" \/>\n<link rel=\"canonical\" href=\"https:\/\/theuncommonshop.ch\/fr\/product\/warhammer-age-of-sigmar-seraphon-aggradon-lancers-2\/\" \/>\n<meta property=\"og:locale\" content=\"fr_FR\" \/>\n<meta property=\"og:type\" content=\"article\" \/>\n<meta property=\"og:title\" content=\"Ach\u00e8te Warhammer Age of Sigmar - Seraphon - Aggradon Lancers\" \/>\n<meta property=\"og:description\" content=\"Ach\u00e8te Warhammer Age of Sigmar - Seraphon - Aggradon Lancers en ligne maintenant \u00e0 petit prix! Ton #1 shop pour cartes TCG &amp; Pok\u00e9mon en Suisse \u2713 Livraison gratuite d\u00e8s CHF 29\" \/>\n<meta property=\"og:url\" content=\"https:\/\/theuncommonshop.ch\/fr\/product\/warhammer-age-of-sigmar-seraphon-aggradon-lancers-2\/\" \/>\n<meta property=\"og:site_name\" content=\"The Uncommon Shop\" \/>\n<meta property=\"article:modified_time\" content=\"2026-03-08T21:45:54+00:00\" \/>\n<meta property=\"og:image\" content=\"https:\/\/theuncommonshop.ch\/wp-content\/uploads\/2025\/12\/5056507640.jpg\" \/>\n\t<meta property=\"og:image:width\" content=\"900\" \/>\n\t<meta property=\"og:image:height\" content=\"900\" \/>\n\t<meta property=\"og:image:type\" content=\"image\/jpeg\" \/>\n<meta name=\"twitter:card\" content=\"summary_large_image\" \/>\n<meta name=\"twitter:label1\" content=\"Prix\" \/>\n\t<meta name=\"twitter:data1\" content=\"&#067;&#072;&#070;&nbsp;47.95\" \/>\n\t<meta name=\"twitter:label2\" content=\"Disponibilit\u00e9\" \/>\n\t<meta name=\"twitter:data2\" content=\"En stock\" \/>\n<script type=\"application\/ld+json\" class=\"yoast-schema-graph\">{\"@context\":\"https:\\\/\\\/schema.org\",\"@graph\":[{\"@type\":\"WebPage\",\"@id\":\"https:\\\/\\\/theuncommonshop.ch\\\/fr\\\/product\\\/warhammer-age-of-sigmar-seraphon-aggradon-lancers-2\\\/\",\"url\":\"https:\\\/\\\/theuncommonshop.ch\\\/fr\\\/product\\\/warhammer-age-of-sigmar-seraphon-aggradon-lancers-2\\\/\",\"name\":\"Ach\u00e8te Warhammer Age of Sigmar - Seraphon - Aggradon Lancers\",\"isPartOf\":{\"@id\":\"https:\\\/\\\/theuncommonshop.ch\\\/fr\\\/#website\"},\"primaryImageOfPage\":{\"@id\":\"https:\\\/\\\/theuncommonshop.ch\\\/fr\\\/product\\\/warhammer-age-of-sigmar-seraphon-aggradon-lancers-2\\\/#primaryimage\"},\"image\":{\"@id\":\"https:\\\/\\\/theuncommonshop.ch\\\/fr\\\/product\\\/warhammer-age-of-sigmar-seraphon-aggradon-lancers-2\\\/#primaryimage\"},\"thumbnailUrl\":\"https:\\\/\\\/theuncommonshop.ch\\\/wp-content\\\/uploads\\\/2025\\\/12\\\/5056507640.jpg\",\"datePublished\":\"2025-12-30T22:10:54+00:00\",\"dateModified\":\"2026-03-08T21:45:54+00:00\",\"description\":\"Ach\u00e8te Warhammer Age of Sigmar - Seraphon - Aggradon Lancers en ligne maintenant \u00e0 petit prix! Ton #1 shop pour cartes TCG & Pok\u00e9mon en Suisse \u2713 Livraison gratuite d\u00e8s CHF 29\",\"breadcrumb\":{\"@id\":\"https:\\\/\\\/theuncommonshop.ch\\\/fr\\\/product\\\/warhammer-age-of-sigmar-seraphon-aggradon-lancers-2\\\/#breadcrumb\"},\"inLanguage\":\"fr-FR\",\"potentialAction\":[{\"@type\":\"ReadAction\",\"target\":[\"https:\\\/\\\/theuncommonshop.ch\\\/fr\\\/product\\\/warhammer-age-of-sigmar-seraphon-aggradon-lancers-2\\\/\"]}]},{\"@type\":\"ImageObject\",\"inLanguage\":\"fr-FR\",\"@id\":\"https:\\\/\\\/theuncommonshop.ch\\\/fr\\\/product\\\/warhammer-age-of-sigmar-seraphon-aggradon-lancers-2\\\/#primaryimage\",\"url\":\"https:\\\/\\\/theuncommonshop.ch\\\/wp-content\\\/uploads\\\/2025\\\/12\\\/5056507640.jpg\",\"contentUrl\":\"https:\\\/\\\/theuncommonshop.ch\\\/wp-content\\\/uploads\\\/2025\\\/12\\\/5056507640.jpg\",\"width\":900,\"height\":900},{\"@type\":\"BreadcrumbList\",\"@id\":\"https:\\\/\\\/theuncommonshop.ch\\\/fr\\\/product\\\/warhammer-age-of-sigmar-seraphon-aggradon-lancers-2\\\/#breadcrumb\",\"itemListElement\":[{\"@type\":\"ListItem\",\"position\":1,\"name\":\"Accueil\",\"item\":\"https:\\\/\\\/theuncommonshop.ch\\\/fr\\\/accueil\\\/\"},{\"@type\":\"ListItem\",\"position\":2,\"name\":\"Boutique\",\"item\":\"https:\\\/\\\/theuncommonshop.ch\\\/fr\\\/boutique\\\/\"},{\"@type\":\"ListItem\",\"position\":3,\"name\":\"Tabletop\",\"item\":\"https:\\\/\\\/theuncommonshop.ch\\\/fr\\\/categorie-produit\\\/tabletop-fr\\\/\"},{\"@type\":\"ListItem\",\"position\":4,\"name\":\"Warhammer Age of Sigmar\",\"item\":\"https:\\\/\\\/theuncommonshop.ch\\\/fr\\\/categorie-produit\\\/tabletop-fr\\\/warhammer-age-of-sigmar-fr\\\/\"},{\"@type\":\"ListItem\",\"position\":5,\"name\":\"Warhammer Age of Sigmar &#8211; Seraphon &#8211; Aggradon Lancers\"}]},{\"@type\":\"WebSite\",\"@id\":\"https:\\\/\\\/theuncommonshop.ch\\\/fr\\\/#website\",\"url\":\"https:\\\/\\\/theuncommonshop.ch\\\/fr\\\/\",\"name\":\"The Uncommon Shop\",\"description\":\"Magic, Pok\u00e9mon and Yu-gi-oh - The Uncommon Shop\",\"potentialAction\":[{\"@type\":\"SearchAction\",\"target\":{\"@type\":\"EntryPoint\",\"urlTemplate\":\"https:\\\/\\\/theuncommonshop.ch\\\/fr\\\/?s={search_term_string}\"},\"query-input\":{\"@type\":\"PropertyValueSpecification\",\"valueRequired\":true,\"valueName\":\"search_term_string\"}}],\"inLanguage\":\"fr-FR\"}]}<\/script>\n<meta property=\"product:price:amount\" content=\"47.95\" \/>\n<meta property=\"product:price:currency\" content=\"CHF\" \/>\n<meta property=\"og:availability\" content=\"instock\" \/>\n<meta property=\"product:availability\" content=\"instock\" \/>\n<meta property=\"product:retailer_item_id\" content=\"66157\" \/>\n<meta property=\"product:condition\" content=\"new\" \/>\n<!-- \/ Yoast SEO plugin. -->","yoast_head_json":{"title":"Ach\u00e8te Warhammer Age of Sigmar - Seraphon - Aggradon Lancers","description":"Ach\u00e8te Warhammer Age of Sigmar - Seraphon - Aggradon Lancers en ligne maintenant \u00e0 petit prix! Ton #1 shop pour cartes TCG & Pok\u00e9mon en Suisse \u2713 Livraison gratuite d\u00e8s CHF 29","robots":{"index":"index","follow":"follow","max-snippet":"max-snippet:-1","max-image-preview":"max-image-preview:large","max-video-preview":"max-video-preview:-1"},"canonical":"https:\/\/theuncommonshop.ch\/fr\/product\/warhammer-age-of-sigmar-seraphon-aggradon-lancers-2\/","og_locale":"fr_FR","og_type":"article","og_title":"Ach\u00e8te Warhammer Age of Sigmar - Seraphon - Aggradon Lancers","og_description":"Ach\u00e8te Warhammer Age of Sigmar - Seraphon - Aggradon Lancers en ligne maintenant \u00e0 petit prix! Ton #1 shop pour cartes TCG & Pok\u00e9mon en Suisse \u2713 Livraison gratuite d\u00e8s CHF 29","og_url":"https:\/\/theuncommonshop.ch\/fr\/product\/warhammer-age-of-sigmar-seraphon-aggradon-lancers-2\/","og_site_name":"The Uncommon Shop","article_modified_time":"2026-03-08T21:45:54+00:00","og_image":[{"width":900,"height":900,"url":"https:\/\/theuncommonshop.ch\/wp-content\/uploads\/2025\/12\/5056507640.jpg","type":"image\/jpeg"}],"twitter_card":"summary_large_image","twitter_misc":{"Prix":"&#67;&#72;&#70;&nbsp;47.95","Disponibilit\u00e9":"En stock"},"schema":{"@context":"https:\/\/schema.org","@graph":[{"@type":"WebPage","@id":"https:\/\/theuncommonshop.ch\/fr\/product\/warhammer-age-of-sigmar-seraphon-aggradon-lancers-2\/","url":"https:\/\/theuncommonshop.ch\/fr\/product\/warhammer-age-of-sigmar-seraphon-aggradon-lancers-2\/","name":"Ach\u00e8te Warhammer Age of Sigmar - Seraphon - Aggradon Lancers","isPartOf":{"@id":"https:\/\/theuncommonshop.ch\/fr\/#website"},"primaryImageOfPage":{"@id":"https:\/\/theuncommonshop.ch\/fr\/product\/warhammer-age-of-sigmar-seraphon-aggradon-lancers-2\/#primaryimage"},"image":{"@id":"https:\/\/theuncommonshop.ch\/fr\/product\/warhammer-age-of-sigmar-seraphon-aggradon-lancers-2\/#primaryimage"},"thumbnailUrl":"https:\/\/theuncommonshop.ch\/wp-content\/uploads\/2025\/12\/5056507640.jpg","datePublished":"2025-12-30T22:10:54+00:00","dateModified":"2026-03-08T21:45:54+00:00","description":"Ach\u00e8te Warhammer Age of Sigmar - Seraphon - Aggradon Lancers en ligne maintenant \u00e0 petit prix! Ton #1 shop pour cartes TCG & Pok\u00e9mon en Suisse \u2713 Livraison gratuite d\u00e8s CHF 29","breadcrumb":{"@id":"https:\/\/theuncommonshop.ch\/fr\/product\/warhammer-age-of-sigmar-seraphon-aggradon-lancers-2\/#breadcrumb"},"inLanguage":"fr-FR","potentialAction":[{"@type":"ReadAction","target":["https:\/\/theuncommonshop.ch\/fr\/product\/warhammer-age-of-sigmar-seraphon-aggradon-lancers-2\/"]}]},{"@type":"ImageObject","inLanguage":"fr-FR","@id":"https:\/\/theuncommonshop.ch\/fr\/product\/warhammer-age-of-sigmar-seraphon-aggradon-lancers-2\/#primaryimage","url":"https:\/\/theuncommonshop.ch\/wp-content\/uploads\/2025\/12\/5056507640.jpg","contentUrl":"https:\/\/theuncommonshop.ch\/wp-content\/uploads\/2025\/12\/5056507640.jpg","width":900,"height":900},{"@type":"BreadcrumbList","@id":"https:\/\/theuncommonshop.ch\/fr\/product\/warhammer-age-of-sigmar-seraphon-aggradon-lancers-2\/#breadcrumb","itemListElement":[{"@type":"ListItem","position":1,"name":"Accueil","item":"https:\/\/theuncommonshop.ch\/fr\/accueil\/"},{"@type":"ListItem","position":2,"name":"Boutique","item":"https:\/\/theuncommonshop.ch\/fr\/boutique\/"},{"@type":"ListItem","position":3,"name":"Tabletop","item":"https:\/\/theuncommonshop.ch\/fr\/categorie-produit\/tabletop-fr\/"},{"@type":"ListItem","position":4,"name":"Warhammer Age of Sigmar","item":"https:\/\/theuncommonshop.ch\/fr\/categorie-produit\/tabletop-fr\/warhammer-age-of-sigmar-fr\/"},{"@type":"ListItem","position":5,"name":"Warhammer Age of Sigmar &#8211; Seraphon &#8211; Aggradon Lancers"}]},{"@type":"WebSite","@id":"https:\/\/theuncommonshop.ch\/fr\/#website","url":"https:\/\/theuncommonshop.ch\/fr\/","name":"The Uncommon Shop","description":"Magic, Pok\u00e9mon and Yu-gi-oh - The Uncommon Shop","potentialAction":[{"@type":"SearchAction","target":{"@type":"EntryPoint","urlTemplate":"https:\/\/theuncommonshop.ch\/fr\/?s={search_term_string}"},"query-input":{"@type":"PropertyValueSpecification","valueRequired":true,"valueName":"search_term_string"}}],"inLanguage":"fr-FR"}]},"product_price_amount":"47.95","product_price_currency":"CHF","og_availability":"instock","product_availability":"instock","product_retailer_item_id":"66157","product_condition":"new"},"_links":{"self":[{"href":"https:\/\/theuncommonshop.ch\/fr\/wp-json\/wp\/v2\/product\/313832","targetHints":{"allow":["GET"]}}],"collection":[{"href":"https:\/\/theuncommonshop.ch\/fr\/wp-json\/wp\/v2\/product"}],"about":[{"href":"https:\/\/theuncommonshop.ch\/fr\/wp-json\/wp\/v2\/types\/product"}],"replies":[{"embeddable":true,"href":"https:\/\/theuncommonshop.ch\/fr\/wp-json\/wp\/v2\/comments?post=313832"}],"version-history":[{"count":0,"href":"https:\/\/theuncommonshop.ch\/fr\/wp-json\/wp\/v2\/product\/313832\/revisions"}],"wp:featuredmedia":[{"embeddable":true,"href":"https:\/\/theuncommonshop.ch\/fr\/wp-json\/wp\/v2\/media\/260059"}],"wp:attachment":[{"href":"https:\/\/theuncommonshop.ch\/fr\/wp-json\/wp\/v2\/media?parent=313832"}],"wp:term":[{"taxonomy":"product_brand","embeddable":true,"href":"https:\/\/theuncommonshop.ch\/fr\/wp-json\/wp\/v2\/product_brand?post=313832"},{"taxonomy":"product_cat","embeddable":true,"href":"https:\/\/theuncommonshop.ch\/fr\/wp-json\/wp\/v2\/product_cat?post=313832"},{"taxonomy":"product_tag","embeddable":true,"href":"https:\/\/theuncommonshop.ch\/fr\/wp-json\/wp\/v2\/product_tag?post=313832"}],"curies":[{"name":"wp","href":"https:\/\/api.w.org\/{rel}","templated":true}]}}