{"id":313817,"date":"2025-12-30T22:07:27","date_gmt":"2025-12-30T22:07:27","guid":{"rendered":"http:\/\/theuncommonshop.ch\/produkt\/313817\/"},"modified":"2026-03-08T22:45:49","modified_gmt":"2026-03-08T21:45:49","slug":"warhammer-age-of-sigmar-orruk-warclans-orruk-aardboyz-2","status":"publish","type":"product","link":"https:\/\/theuncommonshop.ch\/fr\/product\/warhammer-age-of-sigmar-orruk-warclans-orruk-aardboyz-2\/","title":{"rendered":"Warhammer Age of Sigmar &#8211; Orruk Warclans &#8211; Orruk Aardboyz"},"content":{"rendered":"<p>Les Orruk Ardboyz se lancent dans la bataille en poussant des rugissements f\u00e9roces et en faisant tinter leurs lourdes plaques de fer de porc. Ces hordes de combattants d\u00e9cha\u00een\u00e9s et aguerris se frayent un chemin \u00e0 travers les rangs ennemis \u00e0 l&#8217;aide d&#8217;une s\u00e9rie d&#8217;armes primitives mais diablement tranchantes, repoussant les contre-attaques &#8211; et les adversaires malheureux &#8211; \u00e0 l&#8217;aide de lourds boucliers. <\/p>\n<p>Ce kit en plastique en plusieurs parties contient 10 Orruk Ardboyz, les combattants de premi\u00e8re ligne des clans Ironjawz. Chaque Ardboy porte un lourd bouclier en forme de plaque et peut \u00eatre arm\u00e9 soit d&#8217;une choppa, soit d&#8217;une stikka \u00e0 long manche. Vous pouvez construire un mod\u00e8le en tant que Boss Ardboy, qui m\u00e8ne la meute avec une choppa unique et un choix de t\u00eates, et un autre mod\u00e8le en tant que Gorkamorka Glyph Bearer, qui porte l&#8217;un des deux glyphes diff\u00e9rents sur son dos.  <\/p>\n<p>Vous trouverez un grand choix de t\u00eates, de boucliers, de mains et d&#8217;armes diff\u00e9rents, tous enti\u00e8rement interchangeables &#8211; quelle que soit la taille de votre Waaagh !, vous pouvez vous assurer que vos Ironjawz ressemblent \u00e0 une vraie meute color\u00e9e.<\/p>\n<p>Ce kit est compos\u00e9 de 98 pi\u00e8ces en plastique et est livr\u00e9 avec 10 bases rondes Citadel (32 mm). Ces miniatures sont livr\u00e9es non peintes et doivent \u00eatre assembl\u00e9es.<\/p>\n<div style=\"display: inline !important;\"><\/div>\n","protected":false},"excerpt":{"rendered":"<p>Les Orruk Ardboyz se lancent dans la bataille en poussant des rugissements f\u00e9roces et en faisant tinter leurs lourdes plaques<\/p>\n","protected":false},"featured_media":259962,"comment_status":"open","ping_status":"closed","template":"","meta":{"_acf_changed":false},"product_brand":[5078,5154],"product_cat":[9925,9929],"product_tag":[],"class_list":{"0":"post-313817","1":"product","2":"type-product","3":"status-publish","4":"has-post-thumbnail","6":"product_brand-games-workshop","7":"product_brand-warhammer","8":"product_cat-tabletop-fr","9":"product_cat-warhammer-age-of-sigmar-fr","11":"first","12":"instock","13":"taxable","14":"shipping-taxable","15":"purchasable","16":"product-type-simple"},"acf":[],"yoast_head":"<!-- This site is optimized with the Yoast SEO plugin v27.4 - https:\/\/yoast.com\/product\/yoast-seo-wordpress\/ -->\n<title>Ach\u00e8te Warhammer Age of Sigmar - Orruk Warclans - Orruk Aardboyz<\/title>\n<meta name=\"description\" content=\"Ach\u00e8te Warhammer Age of Sigmar - Orruk Warclans - Orruk Aardboyz en ligne maintenant \u00e0 petit prix! Ton #1 shop pour cartes TCG &amp; Pok\u00e9mon en Suisse \u2713 Livraison gratuite d\u00e8s CHF 29\" \/>\n<meta name=\"robots\" content=\"index, follow, max-snippet:-1, max-image-preview:large, max-video-preview:-1\" \/>\n<link rel=\"canonical\" href=\"https:\/\/theuncommonshop.ch\/fr\/product\/warhammer-age-of-sigmar-orruk-warclans-orruk-aardboyz-2\/\" \/>\n<meta property=\"og:locale\" content=\"fr_FR\" \/>\n<meta property=\"og:type\" content=\"article\" \/>\n<meta property=\"og:title\" content=\"Ach\u00e8te Warhammer Age of Sigmar - Orruk Warclans - Orruk Aardboyz\" \/>\n<meta property=\"og:description\" content=\"Ach\u00e8te Warhammer Age of Sigmar - Orruk Warclans - Orruk Aardboyz en ligne maintenant \u00e0 petit prix! Ton #1 shop pour cartes TCG &amp; Pok\u00e9mon en Suisse \u2713 Livraison gratuite d\u00e8s CHF 29\" \/>\n<meta property=\"og:url\" content=\"https:\/\/theuncommonshop.ch\/fr\/product\/warhammer-age-of-sigmar-orruk-warclans-orruk-aardboyz-2\/\" \/>\n<meta property=\"og:site_name\" content=\"The Uncommon Shop\" \/>\n<meta property=\"article:modified_time\" content=\"2026-03-08T21:45:49+00:00\" \/>\n<meta property=\"og:image\" content=\"https:\/\/theuncommonshop.ch\/wp-content\/uploads\/2025\/12\/5056497081.jpg\" \/>\n\t<meta property=\"og:image:width\" content=\"918\" \/>\n\t<meta property=\"og:image:height\" content=\"948\" \/>\n\t<meta property=\"og:image:type\" content=\"image\/jpeg\" \/>\n<meta name=\"twitter:card\" content=\"summary_large_image\" \/>\n<meta name=\"twitter:label1\" content=\"Prix\" \/>\n\t<meta name=\"twitter:data1\" content=\"&#067;&#072;&#070;&nbsp;39.95\" \/>\n\t<meta name=\"twitter:label2\" content=\"Disponibilit\u00e9\" \/>\n\t<meta name=\"twitter:data2\" content=\"En stock\" \/>\n<script type=\"application\/ld+json\" class=\"yoast-schema-graph\">{\"@context\":\"https:\\\/\\\/schema.org\",\"@graph\":[{\"@type\":\"WebPage\",\"@id\":\"https:\\\/\\\/theuncommonshop.ch\\\/fr\\\/product\\\/warhammer-age-of-sigmar-orruk-warclans-orruk-aardboyz-2\\\/\",\"url\":\"https:\\\/\\\/theuncommonshop.ch\\\/fr\\\/product\\\/warhammer-age-of-sigmar-orruk-warclans-orruk-aardboyz-2\\\/\",\"name\":\"Ach\u00e8te Warhammer Age of Sigmar - Orruk Warclans - Orruk Aardboyz\",\"isPartOf\":{\"@id\":\"https:\\\/\\\/theuncommonshop.ch\\\/fr\\\/#website\"},\"primaryImageOfPage\":{\"@id\":\"https:\\\/\\\/theuncommonshop.ch\\\/fr\\\/product\\\/warhammer-age-of-sigmar-orruk-warclans-orruk-aardboyz-2\\\/#primaryimage\"},\"image\":{\"@id\":\"https:\\\/\\\/theuncommonshop.ch\\\/fr\\\/product\\\/warhammer-age-of-sigmar-orruk-warclans-orruk-aardboyz-2\\\/#primaryimage\"},\"thumbnailUrl\":\"https:\\\/\\\/theuncommonshop.ch\\\/wp-content\\\/uploads\\\/2025\\\/12\\\/5056497081.jpg\",\"datePublished\":\"2025-12-30T22:07:27+00:00\",\"dateModified\":\"2026-03-08T21:45:49+00:00\",\"description\":\"Ach\u00e8te Warhammer Age of Sigmar - Orruk Warclans - Orruk Aardboyz en ligne maintenant \u00e0 petit prix! Ton #1 shop pour cartes TCG & Pok\u00e9mon en Suisse \u2713 Livraison gratuite d\u00e8s CHF 29\",\"breadcrumb\":{\"@id\":\"https:\\\/\\\/theuncommonshop.ch\\\/fr\\\/product\\\/warhammer-age-of-sigmar-orruk-warclans-orruk-aardboyz-2\\\/#breadcrumb\"},\"inLanguage\":\"fr-FR\",\"potentialAction\":[{\"@type\":\"ReadAction\",\"target\":[\"https:\\\/\\\/theuncommonshop.ch\\\/fr\\\/product\\\/warhammer-age-of-sigmar-orruk-warclans-orruk-aardboyz-2\\\/\"]}]},{\"@type\":\"ImageObject\",\"inLanguage\":\"fr-FR\",\"@id\":\"https:\\\/\\\/theuncommonshop.ch\\\/fr\\\/product\\\/warhammer-age-of-sigmar-orruk-warclans-orruk-aardboyz-2\\\/#primaryimage\",\"url\":\"https:\\\/\\\/theuncommonshop.ch\\\/wp-content\\\/uploads\\\/2025\\\/12\\\/5056497081.jpg\",\"contentUrl\":\"https:\\\/\\\/theuncommonshop.ch\\\/wp-content\\\/uploads\\\/2025\\\/12\\\/5056497081.jpg\",\"width\":918,\"height\":948},{\"@type\":\"BreadcrumbList\",\"@id\":\"https:\\\/\\\/theuncommonshop.ch\\\/fr\\\/product\\\/warhammer-age-of-sigmar-orruk-warclans-orruk-aardboyz-2\\\/#breadcrumb\",\"itemListElement\":[{\"@type\":\"ListItem\",\"position\":1,\"name\":\"Accueil\",\"item\":\"https:\\\/\\\/theuncommonshop.ch\\\/fr\\\/accueil\\\/\"},{\"@type\":\"ListItem\",\"position\":2,\"name\":\"Boutique\",\"item\":\"https:\\\/\\\/theuncommonshop.ch\\\/fr\\\/boutique\\\/\"},{\"@type\":\"ListItem\",\"position\":3,\"name\":\"Tabletop\",\"item\":\"https:\\\/\\\/theuncommonshop.ch\\\/fr\\\/categorie-produit\\\/tabletop-fr\\\/\"},{\"@type\":\"ListItem\",\"position\":4,\"name\":\"Warhammer Age of Sigmar\",\"item\":\"https:\\\/\\\/theuncommonshop.ch\\\/fr\\\/categorie-produit\\\/tabletop-fr\\\/warhammer-age-of-sigmar-fr\\\/\"},{\"@type\":\"ListItem\",\"position\":5,\"name\":\"Warhammer Age of Sigmar &#8211; Orruk Warclans &#8211; Orruk Aardboyz\"}]},{\"@type\":\"WebSite\",\"@id\":\"https:\\\/\\\/theuncommonshop.ch\\\/fr\\\/#website\",\"url\":\"https:\\\/\\\/theuncommonshop.ch\\\/fr\\\/\",\"name\":\"The Uncommon Shop\",\"description\":\"Magic, Pok\u00e9mon and Yu-gi-oh - The Uncommon Shop\",\"potentialAction\":[{\"@type\":\"SearchAction\",\"target\":{\"@type\":\"EntryPoint\",\"urlTemplate\":\"https:\\\/\\\/theuncommonshop.ch\\\/fr\\\/?s={search_term_string}\"},\"query-input\":{\"@type\":\"PropertyValueSpecification\",\"valueRequired\":true,\"valueName\":\"search_term_string\"}}],\"inLanguage\":\"fr-FR\"}]}<\/script>\n<meta property=\"product:price:amount\" content=\"39.95\" \/>\n<meta property=\"product:price:currency\" content=\"CHF\" \/>\n<meta property=\"og:availability\" content=\"instock\" \/>\n<meta property=\"product:availability\" content=\"instock\" \/>\n<meta property=\"product:retailer_item_id\" content=\"66155\" \/>\n<meta property=\"product:condition\" content=\"new\" \/>\n<!-- \/ Yoast SEO plugin. -->","yoast_head_json":{"title":"Ach\u00e8te Warhammer Age of Sigmar - Orruk Warclans - Orruk Aardboyz","description":"Ach\u00e8te Warhammer Age of Sigmar - Orruk Warclans - Orruk Aardboyz en ligne maintenant \u00e0 petit prix! Ton #1 shop pour cartes TCG & Pok\u00e9mon en Suisse \u2713 Livraison gratuite d\u00e8s CHF 29","robots":{"index":"index","follow":"follow","max-snippet":"max-snippet:-1","max-image-preview":"max-image-preview:large","max-video-preview":"max-video-preview:-1"},"canonical":"https:\/\/theuncommonshop.ch\/fr\/product\/warhammer-age-of-sigmar-orruk-warclans-orruk-aardboyz-2\/","og_locale":"fr_FR","og_type":"article","og_title":"Ach\u00e8te Warhammer Age of Sigmar - Orruk Warclans - Orruk Aardboyz","og_description":"Ach\u00e8te Warhammer Age of Sigmar - Orruk Warclans - Orruk Aardboyz en ligne maintenant \u00e0 petit prix! Ton #1 shop pour cartes TCG & Pok\u00e9mon en Suisse \u2713 Livraison gratuite d\u00e8s CHF 29","og_url":"https:\/\/theuncommonshop.ch\/fr\/product\/warhammer-age-of-sigmar-orruk-warclans-orruk-aardboyz-2\/","og_site_name":"The Uncommon Shop","article_modified_time":"2026-03-08T21:45:49+00:00","og_image":[{"width":918,"height":948,"url":"https:\/\/theuncommonshop.ch\/wp-content\/uploads\/2025\/12\/5056497081.jpg","type":"image\/jpeg"}],"twitter_card":"summary_large_image","twitter_misc":{"Prix":"&#67;&#72;&#70;&nbsp;39.95","Disponibilit\u00e9":"En stock"},"schema":{"@context":"https:\/\/schema.org","@graph":[{"@type":"WebPage","@id":"https:\/\/theuncommonshop.ch\/fr\/product\/warhammer-age-of-sigmar-orruk-warclans-orruk-aardboyz-2\/","url":"https:\/\/theuncommonshop.ch\/fr\/product\/warhammer-age-of-sigmar-orruk-warclans-orruk-aardboyz-2\/","name":"Ach\u00e8te Warhammer Age of Sigmar - Orruk Warclans - Orruk Aardboyz","isPartOf":{"@id":"https:\/\/theuncommonshop.ch\/fr\/#website"},"primaryImageOfPage":{"@id":"https:\/\/theuncommonshop.ch\/fr\/product\/warhammer-age-of-sigmar-orruk-warclans-orruk-aardboyz-2\/#primaryimage"},"image":{"@id":"https:\/\/theuncommonshop.ch\/fr\/product\/warhammer-age-of-sigmar-orruk-warclans-orruk-aardboyz-2\/#primaryimage"},"thumbnailUrl":"https:\/\/theuncommonshop.ch\/wp-content\/uploads\/2025\/12\/5056497081.jpg","datePublished":"2025-12-30T22:07:27+00:00","dateModified":"2026-03-08T21:45:49+00:00","description":"Ach\u00e8te Warhammer Age of Sigmar - Orruk Warclans - Orruk Aardboyz en ligne maintenant \u00e0 petit prix! Ton #1 shop pour cartes TCG & Pok\u00e9mon en Suisse \u2713 Livraison gratuite d\u00e8s CHF 29","breadcrumb":{"@id":"https:\/\/theuncommonshop.ch\/fr\/product\/warhammer-age-of-sigmar-orruk-warclans-orruk-aardboyz-2\/#breadcrumb"},"inLanguage":"fr-FR","potentialAction":[{"@type":"ReadAction","target":["https:\/\/theuncommonshop.ch\/fr\/product\/warhammer-age-of-sigmar-orruk-warclans-orruk-aardboyz-2\/"]}]},{"@type":"ImageObject","inLanguage":"fr-FR","@id":"https:\/\/theuncommonshop.ch\/fr\/product\/warhammer-age-of-sigmar-orruk-warclans-orruk-aardboyz-2\/#primaryimage","url":"https:\/\/theuncommonshop.ch\/wp-content\/uploads\/2025\/12\/5056497081.jpg","contentUrl":"https:\/\/theuncommonshop.ch\/wp-content\/uploads\/2025\/12\/5056497081.jpg","width":918,"height":948},{"@type":"BreadcrumbList","@id":"https:\/\/theuncommonshop.ch\/fr\/product\/warhammer-age-of-sigmar-orruk-warclans-orruk-aardboyz-2\/#breadcrumb","itemListElement":[{"@type":"ListItem","position":1,"name":"Accueil","item":"https:\/\/theuncommonshop.ch\/fr\/accueil\/"},{"@type":"ListItem","position":2,"name":"Boutique","item":"https:\/\/theuncommonshop.ch\/fr\/boutique\/"},{"@type":"ListItem","position":3,"name":"Tabletop","item":"https:\/\/theuncommonshop.ch\/fr\/categorie-produit\/tabletop-fr\/"},{"@type":"ListItem","position":4,"name":"Warhammer Age of Sigmar","item":"https:\/\/theuncommonshop.ch\/fr\/categorie-produit\/tabletop-fr\/warhammer-age-of-sigmar-fr\/"},{"@type":"ListItem","position":5,"name":"Warhammer Age of Sigmar &#8211; Orruk Warclans &#8211; Orruk Aardboyz"}]},{"@type":"WebSite","@id":"https:\/\/theuncommonshop.ch\/fr\/#website","url":"https:\/\/theuncommonshop.ch\/fr\/","name":"The Uncommon Shop","description":"Magic, Pok\u00e9mon and Yu-gi-oh - The Uncommon Shop","potentialAction":[{"@type":"SearchAction","target":{"@type":"EntryPoint","urlTemplate":"https:\/\/theuncommonshop.ch\/fr\/?s={search_term_string}"},"query-input":{"@type":"PropertyValueSpecification","valueRequired":true,"valueName":"search_term_string"}}],"inLanguage":"fr-FR"}]},"product_price_amount":"39.95","product_price_currency":"CHF","og_availability":"instock","product_availability":"instock","product_retailer_item_id":"66155","product_condition":"new"},"_links":{"self":[{"href":"https:\/\/theuncommonshop.ch\/fr\/wp-json\/wp\/v2\/product\/313817","targetHints":{"allow":["GET"]}}],"collection":[{"href":"https:\/\/theuncommonshop.ch\/fr\/wp-json\/wp\/v2\/product"}],"about":[{"href":"https:\/\/theuncommonshop.ch\/fr\/wp-json\/wp\/v2\/types\/product"}],"replies":[{"embeddable":true,"href":"https:\/\/theuncommonshop.ch\/fr\/wp-json\/wp\/v2\/comments?post=313817"}],"version-history":[{"count":0,"href":"https:\/\/theuncommonshop.ch\/fr\/wp-json\/wp\/v2\/product\/313817\/revisions"}],"wp:featuredmedia":[{"embeddable":true,"href":"https:\/\/theuncommonshop.ch\/fr\/wp-json\/wp\/v2\/media\/259962"}],"wp:attachment":[{"href":"https:\/\/theuncommonshop.ch\/fr\/wp-json\/wp\/v2\/media?parent=313817"}],"wp:term":[{"taxonomy":"product_brand","embeddable":true,"href":"https:\/\/theuncommonshop.ch\/fr\/wp-json\/wp\/v2\/product_brand?post=313817"},{"taxonomy":"product_cat","embeddable":true,"href":"https:\/\/theuncommonshop.ch\/fr\/wp-json\/wp\/v2\/product_cat?post=313817"},{"taxonomy":"product_tag","embeddable":true,"href":"https:\/\/theuncommonshop.ch\/fr\/wp-json\/wp\/v2\/product_tag?post=313817"}],"curies":[{"name":"wp","href":"https:\/\/api.w.org\/{rel}","templated":true}]}}