{"id":313789,"date":"2025-12-30T22:05:24","date_gmt":"2025-12-30T22:05:24","guid":{"rendered":"http:\/\/theuncommonshop.ch\/produkt\/313789\/"},"modified":"2026-04-19T01:56:52","modified_gmt":"2026-04-18T23:56:52","slug":"warhammer-40-000-kill-team-sanctifiers-adeptus-ministorum-zealots-en-2","status":"publish","type":"product","link":"https:\/\/theuncommonshop.ch\/fr\/product\/warhammer-40-000-kill-team-sanctifiers-adeptus-ministorum-zealots-en-2\/","title":{"rendered":"Warhammer 40.000: Kill Team &#8211; Sanctifiers Adeptus Ministorum Zealots &#8211; EN"},"content":{"rendered":"<p>Les \u00e9quipes de Sanctifiers suivent souvent les forces imp\u00e9riales \u00e0 travers diff\u00e9rentes zones de guerre, cherchant des mondes o\u00f9 la foi fait d\u00e9faut et \u00e9liminant les m\u00e9contents et les h\u00e9r\u00e9tiques. Ils sont charg\u00e9s de purifier les lieux sacr\u00e9s de la corruption, de br\u00fbler la souillure du chaos et de reconsacrer les terres reconquises avec du sang, de l&#8217;encens et des pri\u00e8res. <\/p>\n<p>Ce kit en plastique en plusieurs parties peut \u00eatre assembl\u00e9 pour former 11 Sanctifiers. Ces miniatures peuvent \u00eatre utilis\u00e9es comme agents Sanctifiers z\u00e9l\u00e9s dans les jeux Kill Team ou \u00eatre d\u00e9ploy\u00e9es dans une arm\u00e9e Adepta Sororitas dans les jeux Warhammer 40.000. Le kit comprend des options, des accessoires et diff\u00e9rentes t\u00eates pour personnaliser votre \u00e9quipe de tueurs, ainsi que des pi\u00e8ces pour assembler des sp\u00e9cialistes tels que le Conflagrator amoureux des flammes, l&#8217;Assassin secret du Death Cult, le Miraculiste surnaturel et bien d&#8217;autres.  <\/p>\n<p>Dans la bo\u00eete, vous trouverez \u00e9galement une feuille de 39 marqueurs Sanctifiers double face pour vous aider \u00e0 garder facilement un \u0153il sur votre \u00e9quipement et les effets en jeu, m\u00eame dans le feu de l&#8217;action.<\/p>\n<p>Ce kit contient 88 pi\u00e8ces en plastique, 1 base ronde Citadel (32 mm) et 10 bases rondes Citadel (25 mm). Ces miniatures doivent \u00eatre assembl\u00e9es et sont livr\u00e9es non peintes.<\/p>\n","protected":false},"excerpt":{"rendered":"<p>Les \u00e9quipes de Sanctifiers suivent souvent les forces imp\u00e9riales \u00e0 travers diff\u00e9rentes zones de guerre, cherchant des mondes o\u00f9 la<\/p>\n","protected":false},"featured_media":259899,"comment_status":"open","ping_status":"closed","template":"","meta":{"_acf_changed":false},"product_brand":[5078,5154],"product_cat":[9925,9927],"product_tag":[],"class_list":{"0":"post-313789","1":"product","2":"type-product","3":"status-publish","4":"has-post-thumbnail","6":"product_brand-games-workshop","7":"product_brand-warhammer","8":"product_cat-tabletop-fr","9":"product_cat-warhammer-40k-fr","11":"first","12":"instock","13":"sale","14":"taxable","15":"shipping-taxable","16":"purchasable","17":"product-type-variable"},"acf":[],"yoast_head":"<!-- This site is optimized with the Yoast SEO plugin v27.4 - https:\/\/yoast.com\/product\/yoast-seo-wordpress\/ -->\n<title>Ach\u00e8te Warhammer 40.000: Kill Team - Sanctifiers Adeptus Ministorum Zealots - EN<\/title>\n<meta name=\"description\" content=\"Ach\u00e8te Warhammer 40.000: Kill Team - Sanctifiers Adeptus Ministorum Zealots - EN en ligne maintenant \u00e0 petit prix! Ton #1 shop pour cartes TCG &amp; Pok\u00e9mon en Suisse \u2713 Livraison gratuite d\u00e8s CHF 29\" \/>\n<meta name=\"robots\" content=\"index, follow, max-snippet:-1, max-image-preview:large, max-video-preview:-1\" \/>\n<link rel=\"canonical\" href=\"https:\/\/theuncommonshop.ch\/fr\/product\/warhammer-40-000-kill-team-sanctifiers-adeptus-ministorum-zealots-en-2\/\" \/>\n<meta property=\"og:locale\" content=\"fr_FR\" \/>\n<meta property=\"og:type\" content=\"article\" \/>\n<meta property=\"og:title\" content=\"Ach\u00e8te Warhammer 40.000: Kill Team - Sanctifiers Adeptus Ministorum Zealots - EN\" \/>\n<meta property=\"og:description\" content=\"Ach\u00e8te Warhammer 40.000: Kill Team - Sanctifiers Adeptus Ministorum Zealots - EN en ligne maintenant \u00e0 petit prix! Ton #1 shop pour cartes TCG &amp; Pok\u00e9mon en Suisse \u2713 Livraison gratuite d\u00e8s CHF 29\" \/>\n<meta property=\"og:url\" content=\"https:\/\/theuncommonshop.ch\/fr\/product\/warhammer-40-000-kill-team-sanctifiers-adeptus-ministorum-zealots-en-2\/\" \/>\n<meta property=\"og:site_name\" content=\"The Uncommon Shop\" \/>\n<meta property=\"article:modified_time\" content=\"2026-04-18T23:56:52+00:00\" \/>\n<meta property=\"og:image\" content=\"https:\/\/theuncommonshop.ch\/wp-content\/uploads\/2025\/12\/5056146922.webp\" \/>\n\t<meta property=\"og:image:width\" content=\"918\" \/>\n\t<meta property=\"og:image:height\" content=\"948\" \/>\n\t<meta property=\"og:image:type\" content=\"image\/webp\" \/>\n<meta name=\"twitter:card\" content=\"summary_large_image\" \/>\n<meta name=\"twitter:label1\" content=\"Disponibilit\u00e9\" \/>\n\t<meta name=\"twitter:data1\" content=\"En stock\" \/>\n<script type=\"application\/ld+json\" class=\"yoast-schema-graph\">{\"@context\":\"https:\\\/\\\/schema.org\",\"@graph\":[{\"@type\":\"WebPage\",\"@id\":\"https:\\\/\\\/theuncommonshop.ch\\\/fr\\\/product\\\/warhammer-40-000-kill-team-sanctifiers-adeptus-ministorum-zealots-en-2\\\/\",\"url\":\"https:\\\/\\\/theuncommonshop.ch\\\/fr\\\/product\\\/warhammer-40-000-kill-team-sanctifiers-adeptus-ministorum-zealots-en-2\\\/\",\"name\":\"Ach\u00e8te Warhammer 40.000: Kill Team - Sanctifiers Adeptus Ministorum Zealots - EN\",\"isPartOf\":{\"@id\":\"https:\\\/\\\/theuncommonshop.ch\\\/fr\\\/#website\"},\"primaryImageOfPage\":{\"@id\":\"https:\\\/\\\/theuncommonshop.ch\\\/fr\\\/product\\\/warhammer-40-000-kill-team-sanctifiers-adeptus-ministorum-zealots-en-2\\\/#primaryimage\"},\"image\":{\"@id\":\"https:\\\/\\\/theuncommonshop.ch\\\/fr\\\/product\\\/warhammer-40-000-kill-team-sanctifiers-adeptus-ministorum-zealots-en-2\\\/#primaryimage\"},\"thumbnailUrl\":\"https:\\\/\\\/theuncommonshop.ch\\\/wp-content\\\/uploads\\\/2025\\\/12\\\/5056146922.webp\",\"datePublished\":\"2025-12-30T22:05:24+00:00\",\"dateModified\":\"2026-04-18T23:56:52+00:00\",\"description\":\"Ach\u00e8te Warhammer 40.000: Kill Team - Sanctifiers Adeptus Ministorum Zealots - EN en ligne maintenant \u00e0 petit prix! Ton #1 shop pour cartes TCG & Pok\u00e9mon en Suisse \u2713 Livraison gratuite d\u00e8s CHF 29\",\"breadcrumb\":{\"@id\":\"https:\\\/\\\/theuncommonshop.ch\\\/fr\\\/product\\\/warhammer-40-000-kill-team-sanctifiers-adeptus-ministorum-zealots-en-2\\\/#breadcrumb\"},\"inLanguage\":\"fr-FR\",\"potentialAction\":[{\"@type\":\"ReadAction\",\"target\":[\"https:\\\/\\\/theuncommonshop.ch\\\/fr\\\/product\\\/warhammer-40-000-kill-team-sanctifiers-adeptus-ministorum-zealots-en-2\\\/\"]}]},{\"@type\":\"ImageObject\",\"inLanguage\":\"fr-FR\",\"@id\":\"https:\\\/\\\/theuncommonshop.ch\\\/fr\\\/product\\\/warhammer-40-000-kill-team-sanctifiers-adeptus-ministorum-zealots-en-2\\\/#primaryimage\",\"url\":\"https:\\\/\\\/theuncommonshop.ch\\\/wp-content\\\/uploads\\\/2025\\\/12\\\/5056146922.webp\",\"contentUrl\":\"https:\\\/\\\/theuncommonshop.ch\\\/wp-content\\\/uploads\\\/2025\\\/12\\\/5056146922.webp\",\"width\":918,\"height\":948},{\"@type\":\"BreadcrumbList\",\"@id\":\"https:\\\/\\\/theuncommonshop.ch\\\/fr\\\/product\\\/warhammer-40-000-kill-team-sanctifiers-adeptus-ministorum-zealots-en-2\\\/#breadcrumb\",\"itemListElement\":[{\"@type\":\"ListItem\",\"position\":1,\"name\":\"Accueil\",\"item\":\"https:\\\/\\\/theuncommonshop.ch\\\/fr\\\/accueil\\\/\"},{\"@type\":\"ListItem\",\"position\":2,\"name\":\"Boutique\",\"item\":\"https:\\\/\\\/theuncommonshop.ch\\\/fr\\\/boutique\\\/\"},{\"@type\":\"ListItem\",\"position\":3,\"name\":\"Tabletop\",\"item\":\"https:\\\/\\\/theuncommonshop.ch\\\/fr\\\/categorie-produit\\\/tabletop-fr\\\/\"},{\"@type\":\"ListItem\",\"position\":4,\"name\":\"Warhammer 40k\",\"item\":\"https:\\\/\\\/theuncommonshop.ch\\\/fr\\\/categorie-produit\\\/tabletop-fr\\\/warhammer-40k-fr\\\/\"},{\"@type\":\"ListItem\",\"position\":5,\"name\":\"Warhammer 40.000: Kill Team &#8211; Sanctifiers Adeptus Ministorum Zealots &#8211; EN\"}]},{\"@type\":\"WebSite\",\"@id\":\"https:\\\/\\\/theuncommonshop.ch\\\/fr\\\/#website\",\"url\":\"https:\\\/\\\/theuncommonshop.ch\\\/fr\\\/\",\"name\":\"The Uncommon Shop\",\"description\":\"Magic, Pok\u00e9mon and Yu-gi-oh - The Uncommon Shop\",\"potentialAction\":[{\"@type\":\"SearchAction\",\"target\":{\"@type\":\"EntryPoint\",\"urlTemplate\":\"https:\\\/\\\/theuncommonshop.ch\\\/fr\\\/?s={search_term_string}\"},\"query-input\":{\"@type\":\"PropertyValueSpecification\",\"valueRequired\":true,\"valueName\":\"search_term_string\"}}],\"inLanguage\":\"fr-FR\"}]}<\/script>\n<meta property=\"og:availability\" content=\"instock\" \/>\n<meta property=\"product:availability\" content=\"instock\" \/>\n<meta property=\"product:retailer_item_id\" content=\"66148\" \/>\n<meta property=\"product:condition\" content=\"new\" \/>\n<!-- \/ Yoast SEO plugin. -->","yoast_head_json":{"title":"Ach\u00e8te Warhammer 40.000: Kill Team - Sanctifiers Adeptus Ministorum Zealots - EN","description":"Ach\u00e8te Warhammer 40.000: Kill Team - Sanctifiers Adeptus Ministorum Zealots - EN en ligne maintenant \u00e0 petit prix! Ton #1 shop pour cartes TCG & Pok\u00e9mon en Suisse \u2713 Livraison gratuite d\u00e8s CHF 29","robots":{"index":"index","follow":"follow","max-snippet":"max-snippet:-1","max-image-preview":"max-image-preview:large","max-video-preview":"max-video-preview:-1"},"canonical":"https:\/\/theuncommonshop.ch\/fr\/product\/warhammer-40-000-kill-team-sanctifiers-adeptus-ministorum-zealots-en-2\/","og_locale":"fr_FR","og_type":"article","og_title":"Ach\u00e8te Warhammer 40.000: Kill Team - Sanctifiers Adeptus Ministorum Zealots - EN","og_description":"Ach\u00e8te Warhammer 40.000: Kill Team - Sanctifiers Adeptus Ministorum Zealots - EN en ligne maintenant \u00e0 petit prix! Ton #1 shop pour cartes TCG & Pok\u00e9mon en Suisse \u2713 Livraison gratuite d\u00e8s CHF 29","og_url":"https:\/\/theuncommonshop.ch\/fr\/product\/warhammer-40-000-kill-team-sanctifiers-adeptus-ministorum-zealots-en-2\/","og_site_name":"The Uncommon Shop","article_modified_time":"2026-04-18T23:56:52+00:00","og_image":[{"width":918,"height":948,"url":"https:\/\/theuncommonshop.ch\/wp-content\/uploads\/2025\/12\/5056146922.webp","type":"image\/webp"}],"twitter_card":"summary_large_image","twitter_misc":{"Disponibilit\u00e9":"En stock"},"schema":{"@context":"https:\/\/schema.org","@graph":[{"@type":"WebPage","@id":"https:\/\/theuncommonshop.ch\/fr\/product\/warhammer-40-000-kill-team-sanctifiers-adeptus-ministorum-zealots-en-2\/","url":"https:\/\/theuncommonshop.ch\/fr\/product\/warhammer-40-000-kill-team-sanctifiers-adeptus-ministorum-zealots-en-2\/","name":"Ach\u00e8te Warhammer 40.000: Kill Team - Sanctifiers Adeptus Ministorum Zealots - EN","isPartOf":{"@id":"https:\/\/theuncommonshop.ch\/fr\/#website"},"primaryImageOfPage":{"@id":"https:\/\/theuncommonshop.ch\/fr\/product\/warhammer-40-000-kill-team-sanctifiers-adeptus-ministorum-zealots-en-2\/#primaryimage"},"image":{"@id":"https:\/\/theuncommonshop.ch\/fr\/product\/warhammer-40-000-kill-team-sanctifiers-adeptus-ministorum-zealots-en-2\/#primaryimage"},"thumbnailUrl":"https:\/\/theuncommonshop.ch\/wp-content\/uploads\/2025\/12\/5056146922.webp","datePublished":"2025-12-30T22:05:24+00:00","dateModified":"2026-04-18T23:56:52+00:00","description":"Ach\u00e8te Warhammer 40.000: Kill Team - Sanctifiers Adeptus Ministorum Zealots - EN en ligne maintenant \u00e0 petit prix! Ton #1 shop pour cartes TCG & Pok\u00e9mon en Suisse \u2713 Livraison gratuite d\u00e8s CHF 29","breadcrumb":{"@id":"https:\/\/theuncommonshop.ch\/fr\/product\/warhammer-40-000-kill-team-sanctifiers-adeptus-ministorum-zealots-en-2\/#breadcrumb"},"inLanguage":"fr-FR","potentialAction":[{"@type":"ReadAction","target":["https:\/\/theuncommonshop.ch\/fr\/product\/warhammer-40-000-kill-team-sanctifiers-adeptus-ministorum-zealots-en-2\/"]}]},{"@type":"ImageObject","inLanguage":"fr-FR","@id":"https:\/\/theuncommonshop.ch\/fr\/product\/warhammer-40-000-kill-team-sanctifiers-adeptus-ministorum-zealots-en-2\/#primaryimage","url":"https:\/\/theuncommonshop.ch\/wp-content\/uploads\/2025\/12\/5056146922.webp","contentUrl":"https:\/\/theuncommonshop.ch\/wp-content\/uploads\/2025\/12\/5056146922.webp","width":918,"height":948},{"@type":"BreadcrumbList","@id":"https:\/\/theuncommonshop.ch\/fr\/product\/warhammer-40-000-kill-team-sanctifiers-adeptus-ministorum-zealots-en-2\/#breadcrumb","itemListElement":[{"@type":"ListItem","position":1,"name":"Accueil","item":"https:\/\/theuncommonshop.ch\/fr\/accueil\/"},{"@type":"ListItem","position":2,"name":"Boutique","item":"https:\/\/theuncommonshop.ch\/fr\/boutique\/"},{"@type":"ListItem","position":3,"name":"Tabletop","item":"https:\/\/theuncommonshop.ch\/fr\/categorie-produit\/tabletop-fr\/"},{"@type":"ListItem","position":4,"name":"Warhammer 40k","item":"https:\/\/theuncommonshop.ch\/fr\/categorie-produit\/tabletop-fr\/warhammer-40k-fr\/"},{"@type":"ListItem","position":5,"name":"Warhammer 40.000: Kill Team &#8211; Sanctifiers Adeptus Ministorum Zealots &#8211; EN"}]},{"@type":"WebSite","@id":"https:\/\/theuncommonshop.ch\/fr\/#website","url":"https:\/\/theuncommonshop.ch\/fr\/","name":"The Uncommon Shop","description":"Magic, Pok\u00e9mon and Yu-gi-oh - The Uncommon Shop","potentialAction":[{"@type":"SearchAction","target":{"@type":"EntryPoint","urlTemplate":"https:\/\/theuncommonshop.ch\/fr\/?s={search_term_string}"},"query-input":{"@type":"PropertyValueSpecification","valueRequired":true,"valueName":"search_term_string"}}],"inLanguage":"fr-FR"}]},"og_availability":"instock","product_availability":"instock","product_retailer_item_id":"66148","product_condition":"new"},"_links":{"self":[{"href":"https:\/\/theuncommonshop.ch\/fr\/wp-json\/wp\/v2\/product\/313789","targetHints":{"allow":["GET"]}}],"collection":[{"href":"https:\/\/theuncommonshop.ch\/fr\/wp-json\/wp\/v2\/product"}],"about":[{"href":"https:\/\/theuncommonshop.ch\/fr\/wp-json\/wp\/v2\/types\/product"}],"replies":[{"embeddable":true,"href":"https:\/\/theuncommonshop.ch\/fr\/wp-json\/wp\/v2\/comments?post=313789"}],"version-history":[{"count":0,"href":"https:\/\/theuncommonshop.ch\/fr\/wp-json\/wp\/v2\/product\/313789\/revisions"}],"wp:featuredmedia":[{"embeddable":true,"href":"https:\/\/theuncommonshop.ch\/fr\/wp-json\/wp\/v2\/media\/259899"}],"wp:attachment":[{"href":"https:\/\/theuncommonshop.ch\/fr\/wp-json\/wp\/v2\/media?parent=313789"}],"wp:term":[{"taxonomy":"product_brand","embeddable":true,"href":"https:\/\/theuncommonshop.ch\/fr\/wp-json\/wp\/v2\/product_brand?post=313789"},{"taxonomy":"product_cat","embeddable":true,"href":"https:\/\/theuncommonshop.ch\/fr\/wp-json\/wp\/v2\/product_cat?post=313789"},{"taxonomy":"product_tag","embeddable":true,"href":"https:\/\/theuncommonshop.ch\/fr\/wp-json\/wp\/v2\/product_tag?post=313789"}],"curies":[{"name":"wp","href":"https:\/\/api.w.org\/{rel}","templated":true}]}}