{"id":313752,"date":"2025-12-31T01:57:09","date_gmt":"2025-12-31T00:57:09","guid":{"rendered":"http:\/\/theuncommonshop.ch\/produkt\/313752\/"},"modified":"2026-03-29T13:04:45","modified_gmt":"2026-03-29T11:04:45","slug":"pokemon-scarlet-and-violet-special-box-pokemon-center-fukuoka-2025-jpn-3","status":"publish","type":"product","link":"https:\/\/theuncommonshop.ch\/fr\/product\/pokemon-scarlet-and-violet-special-box-pokemon-center-fukuoka-2025-jpn-3\/","title":{"rendered":"Pok\u00e9mon &#8211; Scarlet &amp; Violet &#8211; Special Box Pok\u00e9mon Center Fukuoka 2025"},"content":{"rendered":"<div>\n<p><strong>D\u00e9couvrez la magie du Pok\u00e9mon Center de Fukuoka avec cette bo\u00eete sp\u00e9ciale ! Rempli de goodies exclusifs, il est parfait pour les dresseurs qui souhaitent une surprise ludique en provenance du c\u0153ur de Fukuoka. Que vous soyez collectionneur ou fan, cette bo\u00eete apportera de la joie et un peu d&#8217;aventure \u00e0 votre voyage Pok\u00e9mon.    <\/strong><\/p>\n<p><strong>Contenu<\/strong><\/p>\n<p>1x Carte promotionnelle (Holofoil) &#8220;Pikachu de Fukuoka<\/p>\n<p>1 Deck Set de pochettes (64 pi\u00e8ces)<\/p>\n<p>1x bo\u00eete de deck<\/p>\n<p>1x Bo\u00eete de rangement de cartes longues<\/p>\n<\/div>\n<div>\n<div><\/div>\n<\/div>\n","protected":false},"excerpt":{"rendered":"<p>D\u00e9couvrez la magie du Pok\u00e9mon Center de Fukuoka avec cette bo\u00eete sp\u00e9ciale ! Rempli de goodies exclusifs, il est parfait<\/p>\n","protected":false},"featured_media":267343,"comment_status":"open","ping_status":"closed","template":"","meta":{"_acf_changed":false},"product_brand":[5072],"product_cat":[9811,9777],"product_tag":[],"class_list":{"0":"post-313752","1":"product","2":"type-product","3":"status-publish","4":"has-post-thumbnail","6":"product_brand-the-pokemon-company","7":"product_cat-coffrets-et-collections-pokemon","8":"product_cat-pokemon-fr","10":"first","11":"instock","12":"sale","13":"taxable","14":"shipping-taxable","15":"purchasable","16":"product-type-variable"},"acf":[],"yoast_head":"<!-- This site is optimized with the Yoast SEO plugin v27.4 - https:\/\/yoast.com\/product\/yoast-seo-wordpress\/ -->\n<title>Ach\u00e8te Pok\u00e9mon - Scarlet &amp; Violet - Special Box Pok\u00e9mon Center Fukuoka 2025<\/title>\n<meta name=\"description\" content=\"Ach\u00e8te Pok\u00e9mon - Scarlet &amp; Violet - Special Box Pok\u00e9mon Center Fukuoka 2025 en ligne maintenant \u00e0 petit prix! Ton #1 shop pour cartes TCG &amp; Pok\u00e9mon en Suisse \u2713 Livraison gratuite d\u00e8s CHF 29\" \/>\n<meta name=\"robots\" content=\"index, follow, max-snippet:-1, max-image-preview:large, max-video-preview:-1\" \/>\n<link rel=\"canonical\" href=\"https:\/\/theuncommonshop.ch\/fr\/product\/pokemon-scarlet-and-violet-special-box-pokemon-center-fukuoka-2025-jpn-3\/\" \/>\n<meta property=\"og:locale\" content=\"fr_FR\" \/>\n<meta property=\"og:type\" content=\"article\" \/>\n<meta property=\"og:title\" content=\"Ach\u00e8te Pok\u00e9mon - Scarlet &amp; Violet - Special Box Pok\u00e9mon Center Fukuoka 2025\" \/>\n<meta property=\"og:description\" content=\"Ach\u00e8te Pok\u00e9mon - Scarlet &amp; Violet - Special Box Pok\u00e9mon Center Fukuoka 2025 en ligne maintenant \u00e0 petit prix! Ton #1 shop pour cartes TCG &amp; Pok\u00e9mon en Suisse \u2713 Livraison gratuite d\u00e8s CHF 29\" \/>\n<meta property=\"og:url\" content=\"https:\/\/theuncommonshop.ch\/fr\/product\/pokemon-scarlet-and-violet-special-box-pokemon-center-fukuoka-2025-jpn-3\/\" \/>\n<meta property=\"og:site_name\" content=\"The Uncommon Shop\" \/>\n<meta property=\"article:modified_time\" content=\"2026-03-29T11:04:45+00:00\" \/>\n<meta property=\"og:image\" content=\"https:\/\/theuncommonshop.ch\/wp-content\/uploads\/2025\/12\/5246766013.jpg\" \/>\n\t<meta property=\"og:image:width\" content=\"1200\" \/>\n\t<meta property=\"og:image:height\" content=\"900\" \/>\n\t<meta property=\"og:image:type\" content=\"image\/jpeg\" \/>\n<meta name=\"twitter:card\" content=\"summary_large_image\" \/>\n<meta name=\"twitter:label1\" content=\"Disponibilit\u00e9\" \/>\n\t<meta name=\"twitter:data1\" content=\"En stock\" \/>\n<script type=\"application\/ld+json\" class=\"yoast-schema-graph\">{\"@context\":\"https:\\\/\\\/schema.org\",\"@graph\":[{\"@type\":\"WebPage\",\"@id\":\"https:\\\/\\\/theuncommonshop.ch\\\/fr\\\/product\\\/pokemon-scarlet-and-violet-special-box-pokemon-center-fukuoka-2025-jpn-3\\\/\",\"url\":\"https:\\\/\\\/theuncommonshop.ch\\\/fr\\\/product\\\/pokemon-scarlet-and-violet-special-box-pokemon-center-fukuoka-2025-jpn-3\\\/\",\"name\":\"Ach\u00e8te Pok\u00e9mon - Scarlet &amp; Violet - Special Box Pok\u00e9mon Center Fukuoka 2025\",\"isPartOf\":{\"@id\":\"https:\\\/\\\/theuncommonshop.ch\\\/fr\\\/#website\"},\"primaryImageOfPage\":{\"@id\":\"https:\\\/\\\/theuncommonshop.ch\\\/fr\\\/product\\\/pokemon-scarlet-and-violet-special-box-pokemon-center-fukuoka-2025-jpn-3\\\/#primaryimage\"},\"image\":{\"@id\":\"https:\\\/\\\/theuncommonshop.ch\\\/fr\\\/product\\\/pokemon-scarlet-and-violet-special-box-pokemon-center-fukuoka-2025-jpn-3\\\/#primaryimage\"},\"thumbnailUrl\":\"https:\\\/\\\/theuncommonshop.ch\\\/wp-content\\\/uploads\\\/2025\\\/12\\\/5246766013.jpg\",\"datePublished\":\"2025-12-31T00:57:09+00:00\",\"dateModified\":\"2026-03-29T11:04:45+00:00\",\"description\":\"Ach\u00e8te Pok\u00e9mon - Scarlet &amp; Violet - Special Box Pok\u00e9mon Center Fukuoka 2025 en ligne maintenant \u00e0 petit prix! Ton #1 shop pour cartes TCG & Pok\u00e9mon en Suisse \u2713 Livraison gratuite d\u00e8s CHF 29\",\"breadcrumb\":{\"@id\":\"https:\\\/\\\/theuncommonshop.ch\\\/fr\\\/product\\\/pokemon-scarlet-and-violet-special-box-pokemon-center-fukuoka-2025-jpn-3\\\/#breadcrumb\"},\"inLanguage\":\"fr-FR\",\"potentialAction\":[{\"@type\":\"ReadAction\",\"target\":[\"https:\\\/\\\/theuncommonshop.ch\\\/fr\\\/product\\\/pokemon-scarlet-and-violet-special-box-pokemon-center-fukuoka-2025-jpn-3\\\/\"]}]},{\"@type\":\"ImageObject\",\"inLanguage\":\"fr-FR\",\"@id\":\"https:\\\/\\\/theuncommonshop.ch\\\/fr\\\/product\\\/pokemon-scarlet-and-violet-special-box-pokemon-center-fukuoka-2025-jpn-3\\\/#primaryimage\",\"url\":\"https:\\\/\\\/theuncommonshop.ch\\\/wp-content\\\/uploads\\\/2025\\\/12\\\/5246766013.jpg\",\"contentUrl\":\"https:\\\/\\\/theuncommonshop.ch\\\/wp-content\\\/uploads\\\/2025\\\/12\\\/5246766013.jpg\",\"width\":1200,\"height\":900},{\"@type\":\"BreadcrumbList\",\"@id\":\"https:\\\/\\\/theuncommonshop.ch\\\/fr\\\/product\\\/pokemon-scarlet-and-violet-special-box-pokemon-center-fukuoka-2025-jpn-3\\\/#breadcrumb\",\"itemListElement\":[{\"@type\":\"ListItem\",\"position\":1,\"name\":\"Accueil\",\"item\":\"https:\\\/\\\/theuncommonshop.ch\\\/fr\\\/accueil\\\/\"},{\"@type\":\"ListItem\",\"position\":2,\"name\":\"Boutique\",\"item\":\"https:\\\/\\\/theuncommonshop.ch\\\/fr\\\/boutique\\\/\"},{\"@type\":\"ListItem\",\"position\":3,\"name\":\"Pok\u00e9mon\",\"item\":\"https:\\\/\\\/theuncommonshop.ch\\\/fr\\\/categorie-produit\\\/pokemon-fr\\\/\"},{\"@type\":\"ListItem\",\"position\":4,\"name\":\"Coffrets & collections\",\"item\":\"https:\\\/\\\/theuncommonshop.ch\\\/fr\\\/categorie-produit\\\/pokemon-fr\\\/coffrets-et-collections-pokemon\\\/\"},{\"@type\":\"ListItem\",\"position\":5,\"name\":\"Pok\u00e9mon &#8211; Scarlet &amp; Violet &#8211; Special Box Pok\u00e9mon Center Fukuoka 2025\"}]},{\"@type\":\"WebSite\",\"@id\":\"https:\\\/\\\/theuncommonshop.ch\\\/fr\\\/#website\",\"url\":\"https:\\\/\\\/theuncommonshop.ch\\\/fr\\\/\",\"name\":\"The Uncommon Shop\",\"description\":\"Magic, Pok\u00e9mon and Yu-gi-oh - The Uncommon Shop\",\"potentialAction\":[{\"@type\":\"SearchAction\",\"target\":{\"@type\":\"EntryPoint\",\"urlTemplate\":\"https:\\\/\\\/theuncommonshop.ch\\\/fr\\\/?s={search_term_string}\"},\"query-input\":{\"@type\":\"PropertyValueSpecification\",\"valueRequired\":true,\"valueName\":\"search_term_string\"}}],\"inLanguage\":\"fr-FR\"}]}<\/script>\n<meta property=\"og:availability\" content=\"instock\" \/>\n<meta property=\"product:availability\" content=\"instock\" \/>\n<meta property=\"product:retailer_item_id\" content=\"PO.XI.B.PokeCenterSpecialBoxFukuokaJPN\" \/>\n<meta property=\"product:condition\" content=\"new\" \/>\n<!-- \/ Yoast SEO plugin. -->","yoast_head_json":{"title":"Ach\u00e8te Pok\u00e9mon - Scarlet &amp; Violet - Special Box Pok\u00e9mon Center Fukuoka 2025","description":"Ach\u00e8te Pok\u00e9mon - Scarlet &amp; Violet - Special Box Pok\u00e9mon Center Fukuoka 2025 en ligne maintenant \u00e0 petit prix! Ton #1 shop pour cartes TCG & Pok\u00e9mon en Suisse \u2713 Livraison gratuite d\u00e8s CHF 29","robots":{"index":"index","follow":"follow","max-snippet":"max-snippet:-1","max-image-preview":"max-image-preview:large","max-video-preview":"max-video-preview:-1"},"canonical":"https:\/\/theuncommonshop.ch\/fr\/product\/pokemon-scarlet-and-violet-special-box-pokemon-center-fukuoka-2025-jpn-3\/","og_locale":"fr_FR","og_type":"article","og_title":"Ach\u00e8te Pok\u00e9mon - Scarlet &amp; Violet - Special Box Pok\u00e9mon Center Fukuoka 2025","og_description":"Ach\u00e8te Pok\u00e9mon - Scarlet &amp; Violet - Special Box Pok\u00e9mon Center Fukuoka 2025 en ligne maintenant \u00e0 petit prix! Ton #1 shop pour cartes TCG & Pok\u00e9mon en Suisse \u2713 Livraison gratuite d\u00e8s CHF 29","og_url":"https:\/\/theuncommonshop.ch\/fr\/product\/pokemon-scarlet-and-violet-special-box-pokemon-center-fukuoka-2025-jpn-3\/","og_site_name":"The Uncommon Shop","article_modified_time":"2026-03-29T11:04:45+00:00","og_image":[{"width":1200,"height":900,"url":"https:\/\/theuncommonshop.ch\/wp-content\/uploads\/2025\/12\/5246766013.jpg","type":"image\/jpeg"}],"twitter_card":"summary_large_image","twitter_misc":{"Disponibilit\u00e9":"En stock"},"schema":{"@context":"https:\/\/schema.org","@graph":[{"@type":"WebPage","@id":"https:\/\/theuncommonshop.ch\/fr\/product\/pokemon-scarlet-and-violet-special-box-pokemon-center-fukuoka-2025-jpn-3\/","url":"https:\/\/theuncommonshop.ch\/fr\/product\/pokemon-scarlet-and-violet-special-box-pokemon-center-fukuoka-2025-jpn-3\/","name":"Ach\u00e8te Pok\u00e9mon - Scarlet &amp; Violet - Special Box Pok\u00e9mon Center Fukuoka 2025","isPartOf":{"@id":"https:\/\/theuncommonshop.ch\/fr\/#website"},"primaryImageOfPage":{"@id":"https:\/\/theuncommonshop.ch\/fr\/product\/pokemon-scarlet-and-violet-special-box-pokemon-center-fukuoka-2025-jpn-3\/#primaryimage"},"image":{"@id":"https:\/\/theuncommonshop.ch\/fr\/product\/pokemon-scarlet-and-violet-special-box-pokemon-center-fukuoka-2025-jpn-3\/#primaryimage"},"thumbnailUrl":"https:\/\/theuncommonshop.ch\/wp-content\/uploads\/2025\/12\/5246766013.jpg","datePublished":"2025-12-31T00:57:09+00:00","dateModified":"2026-03-29T11:04:45+00:00","description":"Ach\u00e8te Pok\u00e9mon - Scarlet &amp; Violet - Special Box Pok\u00e9mon Center Fukuoka 2025 en ligne maintenant \u00e0 petit prix! Ton #1 shop pour cartes TCG & Pok\u00e9mon en Suisse \u2713 Livraison gratuite d\u00e8s CHF 29","breadcrumb":{"@id":"https:\/\/theuncommonshop.ch\/fr\/product\/pokemon-scarlet-and-violet-special-box-pokemon-center-fukuoka-2025-jpn-3\/#breadcrumb"},"inLanguage":"fr-FR","potentialAction":[{"@type":"ReadAction","target":["https:\/\/theuncommonshop.ch\/fr\/product\/pokemon-scarlet-and-violet-special-box-pokemon-center-fukuoka-2025-jpn-3\/"]}]},{"@type":"ImageObject","inLanguage":"fr-FR","@id":"https:\/\/theuncommonshop.ch\/fr\/product\/pokemon-scarlet-and-violet-special-box-pokemon-center-fukuoka-2025-jpn-3\/#primaryimage","url":"https:\/\/theuncommonshop.ch\/wp-content\/uploads\/2025\/12\/5246766013.jpg","contentUrl":"https:\/\/theuncommonshop.ch\/wp-content\/uploads\/2025\/12\/5246766013.jpg","width":1200,"height":900},{"@type":"BreadcrumbList","@id":"https:\/\/theuncommonshop.ch\/fr\/product\/pokemon-scarlet-and-violet-special-box-pokemon-center-fukuoka-2025-jpn-3\/#breadcrumb","itemListElement":[{"@type":"ListItem","position":1,"name":"Accueil","item":"https:\/\/theuncommonshop.ch\/fr\/accueil\/"},{"@type":"ListItem","position":2,"name":"Boutique","item":"https:\/\/theuncommonshop.ch\/fr\/boutique\/"},{"@type":"ListItem","position":3,"name":"Pok\u00e9mon","item":"https:\/\/theuncommonshop.ch\/fr\/categorie-produit\/pokemon-fr\/"},{"@type":"ListItem","position":4,"name":"Coffrets & collections","item":"https:\/\/theuncommonshop.ch\/fr\/categorie-produit\/pokemon-fr\/coffrets-et-collections-pokemon\/"},{"@type":"ListItem","position":5,"name":"Pok\u00e9mon &#8211; Scarlet &amp; Violet &#8211; Special Box Pok\u00e9mon Center Fukuoka 2025"}]},{"@type":"WebSite","@id":"https:\/\/theuncommonshop.ch\/fr\/#website","url":"https:\/\/theuncommonshop.ch\/fr\/","name":"The Uncommon Shop","description":"Magic, Pok\u00e9mon and Yu-gi-oh - The Uncommon Shop","potentialAction":[{"@type":"SearchAction","target":{"@type":"EntryPoint","urlTemplate":"https:\/\/theuncommonshop.ch\/fr\/?s={search_term_string}"},"query-input":{"@type":"PropertyValueSpecification","valueRequired":true,"valueName":"search_term_string"}}],"inLanguage":"fr-FR"}]},"og_availability":"instock","product_availability":"instock","product_retailer_item_id":"PO.XI.B.PokeCenterSpecialBoxFukuokaJPN","product_condition":"new"},"_links":{"self":[{"href":"https:\/\/theuncommonshop.ch\/fr\/wp-json\/wp\/v2\/product\/313752","targetHints":{"allow":["GET"]}}],"collection":[{"href":"https:\/\/theuncommonshop.ch\/fr\/wp-json\/wp\/v2\/product"}],"about":[{"href":"https:\/\/theuncommonshop.ch\/fr\/wp-json\/wp\/v2\/types\/product"}],"replies":[{"embeddable":true,"href":"https:\/\/theuncommonshop.ch\/fr\/wp-json\/wp\/v2\/comments?post=313752"}],"version-history":[{"count":0,"href":"https:\/\/theuncommonshop.ch\/fr\/wp-json\/wp\/v2\/product\/313752\/revisions"}],"wp:featuredmedia":[{"embeddable":true,"href":"https:\/\/theuncommonshop.ch\/fr\/wp-json\/wp\/v2\/media\/267343"}],"wp:attachment":[{"href":"https:\/\/theuncommonshop.ch\/fr\/wp-json\/wp\/v2\/media?parent=313752"}],"wp:term":[{"taxonomy":"product_brand","embeddable":true,"href":"https:\/\/theuncommonshop.ch\/fr\/wp-json\/wp\/v2\/product_brand?post=313752"},{"taxonomy":"product_cat","embeddable":true,"href":"https:\/\/theuncommonshop.ch\/fr\/wp-json\/wp\/v2\/product_cat?post=313752"},{"taxonomy":"product_tag","embeddable":true,"href":"https:\/\/theuncommonshop.ch\/fr\/wp-json\/wp\/v2\/product_tag?post=313752"}],"curies":[{"name":"wp","href":"https:\/\/api.w.org\/{rel}","templated":true}]}}