{"id":313627,"date":"2025-12-31T01:39:50","date_gmt":"2025-12-31T01:39:50","guid":{"rendered":"http:\/\/theuncommonshop.ch\/produkt\/313627\/"},"modified":"2026-03-29T16:26:41","modified_gmt":"2026-03-29T14:26:41","slug":"magic-festival-in-a-box-atlanta-mb2-display-3","status":"publish","type":"product","link":"https:\/\/theuncommonshop.ch\/fr\/product\/magic-festival-in-a-box-atlanta-mb2-display-3\/","title":{"rendered":"Magic &#8211; Festival in a Box Atlanta (MB2) &#8211; Pr\u00e9sentoir"},"content":{"rendered":"<p>Le MagicCon arrive \u00e0 Atlanta &#8211; mais si vous ne pouvez pas y assister, &#8220;Festival in a Box : Atlanta 2025&#8221; l&#8217;exp\u00e9rience chez vous.<\/p>\n<p>Chaque bo\u00eete contient un pr\u00e9sentoir Mystery Booster 2 avec 24 Booster Packs contenant des cartes avec pr\u00e8s de 200 symboles de set de toute l&#8217;histoire de Magic. Chaque pack de 15 cartes contient une carte \u00e0 bord blanc, une carte playtest et une carte cadre Future Sight &#8211; peut-\u00eatre l&#8217;une des 15 cartes Foil exclusives. Ouvrir ces Packs donne l&#8217;impression de feuilleter un scrapbook du pass\u00e9 de Magic, dans lequel ont \u00e9t\u00e9 ins\u00e9r\u00e9es quelques pages du futur.  <\/p>\n<p>\u00c9galement inclus : le MagicCon : The Gathering Foil Edition Secret Lair Drop, disponible uniquement via Festival in a Box : Atlanta 2025. Ce drop contient de nouvelles \u0153uvres d&#8217;art \u00e9poustouflantes de Leonardo Santanna, Jodie Muir et Igor Krstic, qui mettent en sc\u00e8ne des visages connus du multivers sur la sc\u00e8ne de la convention. <\/p>\n<p>Le cadre Future Sight fait ses d\u00e9buts sur Lightning Bolt et The Ur-Dragon, et Scourge of Valkas revient avec un glow-up r\u00e9tro de cadre Foil. Et oui &#8211; c&#8217;est une carte de playtest Spaghetti Junction. Sans un peu d&#8217;embouteillage, ce ne serait pas Atlanta.  <\/p>\n<p><strong>Contenu :<\/strong><\/p>\n<p>1x Booster Display Box Mystery 2 (unit\u00e9 de pr\u00e9sentation &#8211; 24 Booster Packs inclus dans 1 bo\u00eete)<\/p>\n<p>1x Secret Lair Drop : MagicCon : The Gathering Foil Edition :<\/p>\n<p>1x Foil Packs Rat<\/p>\n<p>1x Foil Summons partag\u00e9s<\/p>\n<p>1x Foil Sylvan Offering<\/p>\n<p>1x Foil Sliver L\u00e9gion<\/p>\n<p>4x cartes promotionnelles :<\/p>\n<p>1x Foil The Ur-Dragon<\/p>\n<p>1x Foil Fl\u00e9au de Valkas<\/p>\n<p>1x Foil Lightning Bolt<\/p>\n<p>1x carte de playtest Spaghetti Junction<\/p>\n","protected":false},"excerpt":{"rendered":"<p>Le MagicCon arrive \u00e0 Atlanta &#8211; mais si vous ne pouvez pas y assister, &#8220;Festival in a Box : Atlanta<\/p>\n","protected":false},"featured_media":266748,"comment_status":"open","ping_status":"closed","template":"","meta":{"_acf_changed":false},"product_brand":[5168,5158,5070],"product_cat":[9969,9967],"product_tag":[],"class_list":{"0":"post-313627","1":"product","2":"type-product","3":"status-publish","4":"has-post-thumbnail","6":"product_brand-magic-the-gathering","8":"product_brand-wizards-of-the-coast","9":"product_cat-booster-displays-fr","10":"product_cat-magic-the-gathering-fr","12":"first","13":"outofstock","14":"taxable","15":"shipping-taxable","16":"purchasable","17":"product-type-variable"},"acf":[],"yoast_head":"<!-- This site is optimized with the Yoast SEO plugin v27.4 - https:\/\/yoast.com\/product\/yoast-seo-wordpress\/ -->\n<title>Ach\u00e8te Magic - Festival in a Box Atlanta (MB2) - Pr\u00e9sentoir<\/title>\n<meta name=\"description\" content=\"Ach\u00e8te Magic - Festival in a Box Atlanta (MB2) - Pr\u00e9sentoir en ligne maintenant \u00e0 petit prix! Ton #1 shop pour cartes TCG &amp; Pok\u00e9mon en Suisse \u2713 Livraison gratuite d\u00e8s CHF 29\" \/>\n<meta name=\"robots\" content=\"index, follow, max-snippet:-1, max-image-preview:large, max-video-preview:-1\" \/>\n<link rel=\"canonical\" href=\"https:\/\/theuncommonshop.ch\/fr\/product\/magic-festival-in-a-box-atlanta-mb2-display-3\/\" \/>\n<meta property=\"og:locale\" content=\"fr_FR\" \/>\n<meta property=\"og:type\" content=\"article\" \/>\n<meta property=\"og:title\" content=\"Ach\u00e8te Magic - Festival in a Box Atlanta (MB2) - Pr\u00e9sentoir\" \/>\n<meta property=\"og:description\" content=\"Ach\u00e8te Magic - Festival in a Box Atlanta (MB2) - Pr\u00e9sentoir en ligne maintenant \u00e0 petit prix! Ton #1 shop pour cartes TCG &amp; Pok\u00e9mon en Suisse \u2713 Livraison gratuite d\u00e8s CHF 29\" \/>\n<meta property=\"og:url\" content=\"https:\/\/theuncommonshop.ch\/fr\/product\/magic-festival-in-a-box-atlanta-mb2-display-3\/\" \/>\n<meta property=\"og:site_name\" content=\"Largest trading card shop in Switzerland\" \/>\n<meta property=\"article:modified_time\" content=\"2026-03-29T14:26:41+00:00\" \/>\n<meta property=\"og:image\" content=\"https:\/\/theuncommonshop.ch\/wp-content\/uploads\/2025\/12\/5234146783.webp\" \/>\n\t<meta property=\"og:image:width\" content=\"636\" \/>\n\t<meta property=\"og:image:height\" content=\"636\" \/>\n\t<meta property=\"og:image:type\" content=\"image\/webp\" \/>\n<meta name=\"twitter:card\" content=\"summary_large_image\" \/>\n<meta name=\"twitter:label1\" content=\"Disponibilit\u00e9\" \/>\n\t<meta name=\"twitter:data1\" content=\"Rupture de stock\" \/>\n<script type=\"application\/ld+json\" class=\"yoast-schema-graph\">{\"@context\":\"https:\\\/\\\/schema.org\",\"@graph\":[{\"@type\":\"WebPage\",\"@id\":\"https:\\\/\\\/theuncommonshop.ch\\\/fr\\\/product\\\/magic-festival-in-a-box-atlanta-mb2-display-3\\\/\",\"url\":\"https:\\\/\\\/theuncommonshop.ch\\\/fr\\\/product\\\/magic-festival-in-a-box-atlanta-mb2-display-3\\\/\",\"name\":\"Ach\u00e8te Magic - Festival in a Box Atlanta (MB2) - Pr\u00e9sentoir\",\"isPartOf\":{\"@id\":\"https:\\\/\\\/theuncommonshop.ch\\\/#website\"},\"primaryImageOfPage\":{\"@id\":\"https:\\\/\\\/theuncommonshop.ch\\\/fr\\\/product\\\/magic-festival-in-a-box-atlanta-mb2-display-3\\\/#primaryimage\"},\"image\":{\"@id\":\"https:\\\/\\\/theuncommonshop.ch\\\/fr\\\/product\\\/magic-festival-in-a-box-atlanta-mb2-display-3\\\/#primaryimage\"},\"thumbnailUrl\":\"https:\\\/\\\/theuncommonshop.ch\\\/wp-content\\\/uploads\\\/2025\\\/12\\\/5234146783.webp\",\"datePublished\":\"2025-12-31T01:39:50+00:00\",\"dateModified\":\"2026-03-29T14:26:41+00:00\",\"description\":\"Ach\u00e8te Magic - Festival in a Box Atlanta (MB2) - Pr\u00e9sentoir en ligne maintenant \u00e0 petit prix! Ton #1 shop pour cartes TCG & Pok\u00e9mon en Suisse \u2713 Livraison gratuite d\u00e8s CHF 29\",\"breadcrumb\":{\"@id\":\"https:\\\/\\\/theuncommonshop.ch\\\/fr\\\/product\\\/magic-festival-in-a-box-atlanta-mb2-display-3\\\/#breadcrumb\"},\"inLanguage\":\"fr-FR\",\"potentialAction\":[{\"@type\":\"ReadAction\",\"target\":[\"https:\\\/\\\/theuncommonshop.ch\\\/fr\\\/product\\\/magic-festival-in-a-box-atlanta-mb2-display-3\\\/\"]}]},{\"@type\":\"ImageObject\",\"inLanguage\":\"fr-FR\",\"@id\":\"https:\\\/\\\/theuncommonshop.ch\\\/fr\\\/product\\\/magic-festival-in-a-box-atlanta-mb2-display-3\\\/#primaryimage\",\"url\":\"https:\\\/\\\/theuncommonshop.ch\\\/wp-content\\\/uploads\\\/2025\\\/12\\\/5234146783.webp\",\"contentUrl\":\"https:\\\/\\\/theuncommonshop.ch\\\/wp-content\\\/uploads\\\/2025\\\/12\\\/5234146783.webp\",\"width\":636,\"height\":636},{\"@type\":\"BreadcrumbList\",\"@id\":\"https:\\\/\\\/theuncommonshop.ch\\\/fr\\\/product\\\/magic-festival-in-a-box-atlanta-mb2-display-3\\\/#breadcrumb\",\"itemListElement\":[{\"@type\":\"ListItem\",\"position\":1,\"name\":\"Accueil\",\"item\":\"https:\\\/\\\/theuncommonshop.ch\\\/fr\\\/accueil\\\/\"},{\"@type\":\"ListItem\",\"position\":2,\"name\":\"Boutique\",\"item\":\"https:\\\/\\\/theuncommonshop.ch\\\/fr\\\/boutique\\\/\"},{\"@type\":\"ListItem\",\"position\":3,\"name\":\"Magic the Gathering\",\"item\":\"https:\\\/\\\/theuncommonshop.ch\\\/fr\\\/categorie-produit\\\/magic-the-gathering-fr\\\/\"},{\"@type\":\"ListItem\",\"position\":4,\"name\":\"Booster Displays\",\"item\":\"https:\\\/\\\/theuncommonshop.ch\\\/fr\\\/categorie-produit\\\/magic-the-gathering-fr\\\/booster-displays-fr\\\/\"},{\"@type\":\"ListItem\",\"position\":5,\"name\":\"Magic &#8211; Festival in a Box Atlanta (MB2) &#8211; Pr\u00e9sentoir\"}]},{\"@type\":\"WebSite\",\"@id\":\"https:\\\/\\\/theuncommonshop.ch\\\/#website\",\"url\":\"https:\\\/\\\/theuncommonshop.ch\\\/\",\"name\":\"Largest trading card shop in Switzerland\",\"description\":\"Magic, Pok\u00e9mon and Yu-gi-oh - The Uncommon Shop\",\"potentialAction\":[{\"@type\":\"SearchAction\",\"target\":{\"@type\":\"EntryPoint\",\"urlTemplate\":\"https:\\\/\\\/theuncommonshop.ch\\\/?s={search_term_string}\"},\"query-input\":{\"@type\":\"PropertyValueSpecification\",\"valueRequired\":true,\"valueName\":\"search_term_string\"}}],\"inLanguage\":\"fr-FR\"}]}<\/script>\n<meta property=\"og:availability\" content=\"out of stock\" \/>\n<meta property=\"product:availability\" content=\"out of stock\" \/>\n<meta property=\"product:condition\" content=\"new\" \/>\n<!-- \/ Yoast SEO plugin. -->","yoast_head_json":{"title":"Ach\u00e8te Magic - Festival in a Box Atlanta (MB2) - Pr\u00e9sentoir","description":"Ach\u00e8te Magic - Festival in a Box Atlanta (MB2) - Pr\u00e9sentoir en ligne maintenant \u00e0 petit prix! Ton #1 shop pour cartes TCG & Pok\u00e9mon en Suisse \u2713 Livraison gratuite d\u00e8s CHF 29","robots":{"index":"index","follow":"follow","max-snippet":"max-snippet:-1","max-image-preview":"max-image-preview:large","max-video-preview":"max-video-preview:-1"},"canonical":"https:\/\/theuncommonshop.ch\/fr\/product\/magic-festival-in-a-box-atlanta-mb2-display-3\/","og_locale":"fr_FR","og_type":"article","og_title":"Ach\u00e8te Magic - Festival in a Box Atlanta (MB2) - Pr\u00e9sentoir","og_description":"Ach\u00e8te Magic - Festival in a Box Atlanta (MB2) - Pr\u00e9sentoir en ligne maintenant \u00e0 petit prix! Ton #1 shop pour cartes TCG & Pok\u00e9mon en Suisse \u2713 Livraison gratuite d\u00e8s CHF 29","og_url":"https:\/\/theuncommonshop.ch\/fr\/product\/magic-festival-in-a-box-atlanta-mb2-display-3\/","og_site_name":"Largest trading card shop in Switzerland","article_modified_time":"2026-03-29T14:26:41+00:00","og_image":[{"width":636,"height":636,"url":"https:\/\/theuncommonshop.ch\/wp-content\/uploads\/2025\/12\/5234146783.webp","type":"image\/webp"}],"twitter_card":"summary_large_image","twitter_misc":{"Disponibilit\u00e9":"Rupture de stock"},"schema":{"@context":"https:\/\/schema.org","@graph":[{"@type":"WebPage","@id":"https:\/\/theuncommonshop.ch\/fr\/product\/magic-festival-in-a-box-atlanta-mb2-display-3\/","url":"https:\/\/theuncommonshop.ch\/fr\/product\/magic-festival-in-a-box-atlanta-mb2-display-3\/","name":"Ach\u00e8te Magic - Festival in a Box Atlanta (MB2) - Pr\u00e9sentoir","isPartOf":{"@id":"https:\/\/theuncommonshop.ch\/#website"},"primaryImageOfPage":{"@id":"https:\/\/theuncommonshop.ch\/fr\/product\/magic-festival-in-a-box-atlanta-mb2-display-3\/#primaryimage"},"image":{"@id":"https:\/\/theuncommonshop.ch\/fr\/product\/magic-festival-in-a-box-atlanta-mb2-display-3\/#primaryimage"},"thumbnailUrl":"https:\/\/theuncommonshop.ch\/wp-content\/uploads\/2025\/12\/5234146783.webp","datePublished":"2025-12-31T01:39:50+00:00","dateModified":"2026-03-29T14:26:41+00:00","description":"Ach\u00e8te Magic - Festival in a Box Atlanta (MB2) - Pr\u00e9sentoir en ligne maintenant \u00e0 petit prix! Ton #1 shop pour cartes TCG & Pok\u00e9mon en Suisse \u2713 Livraison gratuite d\u00e8s CHF 29","breadcrumb":{"@id":"https:\/\/theuncommonshop.ch\/fr\/product\/magic-festival-in-a-box-atlanta-mb2-display-3\/#breadcrumb"},"inLanguage":"fr-FR","potentialAction":[{"@type":"ReadAction","target":["https:\/\/theuncommonshop.ch\/fr\/product\/magic-festival-in-a-box-atlanta-mb2-display-3\/"]}]},{"@type":"ImageObject","inLanguage":"fr-FR","@id":"https:\/\/theuncommonshop.ch\/fr\/product\/magic-festival-in-a-box-atlanta-mb2-display-3\/#primaryimage","url":"https:\/\/theuncommonshop.ch\/wp-content\/uploads\/2025\/12\/5234146783.webp","contentUrl":"https:\/\/theuncommonshop.ch\/wp-content\/uploads\/2025\/12\/5234146783.webp","width":636,"height":636},{"@type":"BreadcrumbList","@id":"https:\/\/theuncommonshop.ch\/fr\/product\/magic-festival-in-a-box-atlanta-mb2-display-3\/#breadcrumb","itemListElement":[{"@type":"ListItem","position":1,"name":"Accueil","item":"https:\/\/theuncommonshop.ch\/fr\/accueil\/"},{"@type":"ListItem","position":2,"name":"Boutique","item":"https:\/\/theuncommonshop.ch\/fr\/boutique\/"},{"@type":"ListItem","position":3,"name":"Magic the Gathering","item":"https:\/\/theuncommonshop.ch\/fr\/categorie-produit\/magic-the-gathering-fr\/"},{"@type":"ListItem","position":4,"name":"Booster Displays","item":"https:\/\/theuncommonshop.ch\/fr\/categorie-produit\/magic-the-gathering-fr\/booster-displays-fr\/"},{"@type":"ListItem","position":5,"name":"Magic &#8211; Festival in a Box Atlanta (MB2) &#8211; Pr\u00e9sentoir"}]},{"@type":"WebSite","@id":"https:\/\/theuncommonshop.ch\/#website","url":"https:\/\/theuncommonshop.ch\/","name":"Largest trading card shop in Switzerland","description":"Magic, Pok\u00e9mon and Yu-gi-oh - The Uncommon Shop","potentialAction":[{"@type":"SearchAction","target":{"@type":"EntryPoint","urlTemplate":"https:\/\/theuncommonshop.ch\/?s={search_term_string}"},"query-input":{"@type":"PropertyValueSpecification","valueRequired":true,"valueName":"search_term_string"}}],"inLanguage":"fr-FR"}]},"og_availability":"out of stock","product_availability":"out of stock","product_condition":"new"},"_links":{"self":[{"href":"https:\/\/theuncommonshop.ch\/fr\/wp-json\/wp\/v2\/product\/313627","targetHints":{"allow":["GET"]}}],"collection":[{"href":"https:\/\/theuncommonshop.ch\/fr\/wp-json\/wp\/v2\/product"}],"about":[{"href":"https:\/\/theuncommonshop.ch\/fr\/wp-json\/wp\/v2\/types\/product"}],"replies":[{"embeddable":true,"href":"https:\/\/theuncommonshop.ch\/fr\/wp-json\/wp\/v2\/comments?post=313627"}],"version-history":[{"count":2,"href":"https:\/\/theuncommonshop.ch\/fr\/wp-json\/wp\/v2\/product\/313627\/revisions"}],"predecessor-version":[{"id":360242,"href":"https:\/\/theuncommonshop.ch\/fr\/wp-json\/wp\/v2\/product\/313627\/revisions\/360242"}],"wp:featuredmedia":[{"embeddable":true,"href":"https:\/\/theuncommonshop.ch\/fr\/wp-json\/wp\/v2\/media\/266748"}],"wp:attachment":[{"href":"https:\/\/theuncommonshop.ch\/fr\/wp-json\/wp\/v2\/media?parent=313627"}],"wp:term":[{"taxonomy":"product_brand","embeddable":true,"href":"https:\/\/theuncommonshop.ch\/fr\/wp-json\/wp\/v2\/product_brand?post=313627"},{"taxonomy":"product_cat","embeddable":true,"href":"https:\/\/theuncommonshop.ch\/fr\/wp-json\/wp\/v2\/product_cat?post=313627"},{"taxonomy":"product_tag","embeddable":true,"href":"https:\/\/theuncommonshop.ch\/fr\/wp-json\/wp\/v2\/product_tag?post=313627"}],"curies":[{"name":"wp","href":"https:\/\/api.w.org\/{rel}","templated":true}]}}