{"id":313561,"date":"2025-12-31T01:25:33","date_gmt":"2025-12-31T01:25:33","guid":{"rendered":"http:\/\/theuncommonshop.ch\/produkt\/313561\/"},"modified":"2026-03-29T17:48:18","modified_gmt":"2026-03-29T15:48:18","slug":"magic-unstable-ust-draft-booster-display-2","status":"publish","type":"product","link":"https:\/\/theuncommonshop.ch\/fr\/product\/magic-unstable-ust-draft-booster-display-2\/","title":{"rendered":"Magic &#8211; Unstable (UST) &#8211; Draft Booster Display"},"content":{"rendered":"<p data-start=\"75\" data-end=\"360\">D\u00e9couvrez le set Magic le plus fou de tous les temps avec le <strong data-start=\"130\" data-end=\"155\">Draft Booster Display<\/strong> en <strong data-start=\"160\" data-end=\"201\"><span class=\"hover:entity-accent entity-underline inline cursor-pointer align-baseline\"><span class=\"whitespace-normal\">Inconstant<\/span><\/span><\/strong>. Ce set fait partie de la s\u00e9rie populaire des <strong data-start=\"257\" data-end=\"268\">sets dits Un<\/strong>, connus pour leur style humoristique, leurs m\u00e9caniques inhabituelles et leurs cartes cr\u00e9atives. <\/p>\n<p data-start=\"362\" data-end=\"631\">Dans <strong data-start=\"365\" data-end=\"383\">Unstable (UST)<\/strong>, tout tourne autour d&#8217;exp\u00e9riences loufoques, de cr\u00e9atures inhabituelles et d&#8217;un laboratoire secret rempli d&#8217;inventions bizarres. L&#8217;ensemble apporte des id\u00e9es et des m\u00e9canismes de jeu totalement nouveaux, pour un maximum de plaisir et de situations impr\u00e9visibles. <\/p>\n<p data-start=\"633\" data-end=\"789\"><strong data-start=\"655\" data-end=\"667\">Unstable<\/strong> est particuli\u00e8rement connu pour ses <strong data-start=\"692\" data-end=\"717\">pays basiques full-art<\/strong> uniques, qui font partie des pays les plus populaires et les plus collectionn\u00e9s de Magic.<\/p>\n<p data-start=\"791\" data-end=\"936\">Le <strong data-start=\"795\" data-end=\"820\">Draft Booster Display<\/strong> est parfait pour les <strong data-start=\"845\" data-end=\"886\">drafts fun, les jeux casual ou les collectionneurs<\/strong> \u00e0 la recherche d&#8217;une exp\u00e9rience Magic hors du commun.<\/p>\n<h3 data-start=\"938\" data-end=\"956\">D\u00e9tails du produit<\/h3>\n<p data-start=\"958\" data-end=\"1320\">&#8211;  <strong data-start=\"960\" data-end=\"968\">Set :<\/strong> Unstable<br data-start=\"977\" data-end=\"980\">&#8211;  <strong data-start=\"982\" data-end=\"995\">Code de l&#8217;ensemble :<\/strong> <strong data-start=\"996\" data-end=\"1003\">UST<\/strong><br data-start=\"1003\" data-end=\"1006\">&#8211; <strong data-start=\"1008\" data-end=\"1020\">Langue :<\/strong> <strong data-start=\"1021\" data-end=\"1038\">anglais (EN)<\/strong><br data-start=\"1038\" data-end=\"1041\">&#8211; <strong data-start=\"1043\" data-end=\"1075\">1 pr\u00e9sentoir contient 36 Boosters<\/strong><br data-start=\"1075\" data-end=\"1078\">&#8211; <strong data-start=\"1080\" data-end=\"1126\">15 cartes Magic : The Gathering par Booster<\/strong><br data-start=\"1126\" data-end=\"1129\">&#8211; Contient des cartes humoristiques et exp\u00e9rimentales.   <br data-start=\"1175\" data-end=\"1178\">&#8211; Chance de <strong data-start=\"1200\" data-end=\"1225\">pays<\/strong> populaires <strong data-start=\"1200\" data-end=\"1225\">Full-Art Basic<\/strong><br data-start=\"1225\" data-end=\"1228\">&#8211; Fait partie de la <strong data-start=\"1249\" data-end=\"1265\">s\u00e9rie<\/strong> cr\u00e9ative <strong data-start=\"1249\" data-end=\"1265\">Un-Set<\/strong><br data-start=\"1265\" data-end=\"1268\">&#8211; Id\u00e9al pour les    <strong data-start=\"1280\" data-end=\"1320\">Fun drafts, casual games et collectionneurs<\/strong><\/p>\n<p data-start=\"1322\" data-end=\"1500\">Avec le <strong data-start=\"1330\" data-end=\"1391\">Draft Booster Display de Magic : The Gathering Unstable (UST)<\/strong>, vous ferez l&#8217;exp\u00e9rience d&#8217;un set Magic unique et humoristique, plein d&#8217;id\u00e9es folles et de cartes extraordinaires.<\/p>\n","protected":false},"excerpt":{"rendered":"<p>D\u00e9couvrez le set Magic le plus fou de tous les temps avec le Draft Booster Display en Inconstant. Ce set<\/p>\n","protected":false},"featured_media":266353,"comment_status":"open","ping_status":"closed","template":"","meta":{"_acf_changed":false},"product_brand":[5070],"product_cat":[9969,9967],"product_tag":[],"class_list":{"0":"post-313561","1":"product","2":"type-product","3":"status-publish","4":"has-post-thumbnail","6":"product_brand-wizards-of-the-coast","7":"product_cat-booster-displays-fr","8":"product_cat-magic-the-gathering-fr","10":"first","11":"outofstock","12":"taxable","13":"shipping-taxable","14":"purchasable","15":"product-type-variable"},"acf":[],"yoast_head":"<!-- This site is optimized with the Yoast SEO plugin v27.4 - https:\/\/yoast.com\/product\/yoast-seo-wordpress\/ -->\n<title>Ach\u00e8te Magic - Unstable (UST) - Draft Booster Display<\/title>\n<meta name=\"description\" content=\"Ach\u00e8te Magic - Unstable (UST) - Draft Booster Display en ligne maintenant \u00e0 petit prix! Ton #1 shop pour cartes TCG &amp; Pok\u00e9mon en Suisse \u2713 Livraison gratuite d\u00e8s CHF 29\" \/>\n<meta name=\"robots\" content=\"index, follow, max-snippet:-1, max-image-preview:large, max-video-preview:-1\" \/>\n<link rel=\"canonical\" href=\"https:\/\/theuncommonshop.ch\/fr\/product\/magic-unstable-ust-draft-booster-display-2\/\" \/>\n<meta property=\"og:locale\" content=\"fr_FR\" \/>\n<meta property=\"og:type\" content=\"article\" \/>\n<meta property=\"og:title\" content=\"Ach\u00e8te Magic - Unstable (UST) - Draft Booster Display\" \/>\n<meta property=\"og:description\" content=\"Ach\u00e8te Magic - Unstable (UST) - Draft Booster Display en ligne maintenant \u00e0 petit prix! Ton #1 shop pour cartes TCG &amp; Pok\u00e9mon en Suisse \u2713 Livraison gratuite d\u00e8s CHF 29\" \/>\n<meta property=\"og:url\" content=\"https:\/\/theuncommonshop.ch\/fr\/product\/magic-unstable-ust-draft-booster-display-2\/\" \/>\n<meta property=\"og:site_name\" content=\"Largest trading card shop in Switzerland\" \/>\n<meta property=\"article:modified_time\" content=\"2026-03-29T15:48:18+00:00\" \/>\n<meta property=\"og:image\" content=\"https:\/\/theuncommonshop.ch\/wp-content\/uploads\/2025\/12\/5218504764.webp\" \/>\n\t<meta property=\"og:image:width\" content=\"500\" \/>\n\t<meta property=\"og:image:height\" content=\"500\" \/>\n\t<meta property=\"og:image:type\" content=\"image\/webp\" \/>\n<meta name=\"twitter:card\" content=\"summary_large_image\" \/>\n<meta name=\"twitter:label1\" content=\"Disponibilit\u00e9\" \/>\n\t<meta name=\"twitter:data1\" content=\"Rupture de stock\" \/>\n<script type=\"application\/ld+json\" class=\"yoast-schema-graph\">{\"@context\":\"https:\\\/\\\/schema.org\",\"@graph\":[{\"@type\":\"WebPage\",\"@id\":\"https:\\\/\\\/theuncommonshop.ch\\\/fr\\\/product\\\/magic-unstable-ust-draft-booster-display-2\\\/\",\"url\":\"https:\\\/\\\/theuncommonshop.ch\\\/fr\\\/product\\\/magic-unstable-ust-draft-booster-display-2\\\/\",\"name\":\"Ach\u00e8te Magic - Unstable (UST) - Draft Booster Display\",\"isPartOf\":{\"@id\":\"https:\\\/\\\/theuncommonshop.ch\\\/#website\"},\"primaryImageOfPage\":{\"@id\":\"https:\\\/\\\/theuncommonshop.ch\\\/fr\\\/product\\\/magic-unstable-ust-draft-booster-display-2\\\/#primaryimage\"},\"image\":{\"@id\":\"https:\\\/\\\/theuncommonshop.ch\\\/fr\\\/product\\\/magic-unstable-ust-draft-booster-display-2\\\/#primaryimage\"},\"thumbnailUrl\":\"https:\\\/\\\/theuncommonshop.ch\\\/wp-content\\\/uploads\\\/2025\\\/12\\\/5218504764.webp\",\"datePublished\":\"2025-12-31T01:25:33+00:00\",\"dateModified\":\"2026-03-29T15:48:18+00:00\",\"description\":\"Ach\u00e8te Magic - Unstable (UST) - Draft Booster Display en ligne maintenant \u00e0 petit prix! Ton #1 shop pour cartes TCG & Pok\u00e9mon en Suisse \u2713 Livraison gratuite d\u00e8s CHF 29\",\"breadcrumb\":{\"@id\":\"https:\\\/\\\/theuncommonshop.ch\\\/fr\\\/product\\\/magic-unstable-ust-draft-booster-display-2\\\/#breadcrumb\"},\"inLanguage\":\"fr-FR\",\"potentialAction\":[{\"@type\":\"ReadAction\",\"target\":[\"https:\\\/\\\/theuncommonshop.ch\\\/fr\\\/product\\\/magic-unstable-ust-draft-booster-display-2\\\/\"]}]},{\"@type\":\"ImageObject\",\"inLanguage\":\"fr-FR\",\"@id\":\"https:\\\/\\\/theuncommonshop.ch\\\/fr\\\/product\\\/magic-unstable-ust-draft-booster-display-2\\\/#primaryimage\",\"url\":\"https:\\\/\\\/theuncommonshop.ch\\\/wp-content\\\/uploads\\\/2025\\\/12\\\/5218504764.webp\",\"contentUrl\":\"https:\\\/\\\/theuncommonshop.ch\\\/wp-content\\\/uploads\\\/2025\\\/12\\\/5218504764.webp\",\"width\":500,\"height\":500},{\"@type\":\"BreadcrumbList\",\"@id\":\"https:\\\/\\\/theuncommonshop.ch\\\/fr\\\/product\\\/magic-unstable-ust-draft-booster-display-2\\\/#breadcrumb\",\"itemListElement\":[{\"@type\":\"ListItem\",\"position\":1,\"name\":\"Accueil\",\"item\":\"https:\\\/\\\/theuncommonshop.ch\\\/fr\\\/accueil\\\/\"},{\"@type\":\"ListItem\",\"position\":2,\"name\":\"Boutique\",\"item\":\"https:\\\/\\\/theuncommonshop.ch\\\/fr\\\/boutique\\\/\"},{\"@type\":\"ListItem\",\"position\":3,\"name\":\"Magic the Gathering\",\"item\":\"https:\\\/\\\/theuncommonshop.ch\\\/fr\\\/categorie-produit\\\/magic-the-gathering-fr\\\/\"},{\"@type\":\"ListItem\",\"position\":4,\"name\":\"Booster Displays\",\"item\":\"https:\\\/\\\/theuncommonshop.ch\\\/fr\\\/categorie-produit\\\/magic-the-gathering-fr\\\/booster-displays-fr\\\/\"},{\"@type\":\"ListItem\",\"position\":5,\"name\":\"Magic &#8211; Unstable (UST) &#8211; Draft Booster Display\"}]},{\"@type\":\"WebSite\",\"@id\":\"https:\\\/\\\/theuncommonshop.ch\\\/#website\",\"url\":\"https:\\\/\\\/theuncommonshop.ch\\\/\",\"name\":\"Largest trading card shop in Switzerland\",\"description\":\"Magic, Pok\u00e9mon and Yu-gi-oh - The Uncommon Shop\",\"potentialAction\":[{\"@type\":\"SearchAction\",\"target\":{\"@type\":\"EntryPoint\",\"urlTemplate\":\"https:\\\/\\\/theuncommonshop.ch\\\/?s={search_term_string}\"},\"query-input\":{\"@type\":\"PropertyValueSpecification\",\"valueRequired\":true,\"valueName\":\"search_term_string\"}}],\"inLanguage\":\"fr-FR\"}]}<\/script>\n<meta property=\"og:availability\" content=\"out of stock\" \/>\n<meta property=\"product:availability\" content=\"out of stock\" \/>\n<meta property=\"product:condition\" content=\"new\" \/>\n<!-- \/ Yoast SEO plugin. -->","yoast_head_json":{"title":"Ach\u00e8te Magic - Unstable (UST) - Draft Booster Display","description":"Ach\u00e8te Magic - Unstable (UST) - Draft Booster Display en ligne maintenant \u00e0 petit prix! Ton #1 shop pour cartes TCG & Pok\u00e9mon en Suisse \u2713 Livraison gratuite d\u00e8s CHF 29","robots":{"index":"index","follow":"follow","max-snippet":"max-snippet:-1","max-image-preview":"max-image-preview:large","max-video-preview":"max-video-preview:-1"},"canonical":"https:\/\/theuncommonshop.ch\/fr\/product\/magic-unstable-ust-draft-booster-display-2\/","og_locale":"fr_FR","og_type":"article","og_title":"Ach\u00e8te Magic - Unstable (UST) - Draft Booster Display","og_description":"Ach\u00e8te Magic - Unstable (UST) - Draft Booster Display en ligne maintenant \u00e0 petit prix! Ton #1 shop pour cartes TCG & Pok\u00e9mon en Suisse \u2713 Livraison gratuite d\u00e8s CHF 29","og_url":"https:\/\/theuncommonshop.ch\/fr\/product\/magic-unstable-ust-draft-booster-display-2\/","og_site_name":"Largest trading card shop in Switzerland","article_modified_time":"2026-03-29T15:48:18+00:00","og_image":[{"width":500,"height":500,"url":"https:\/\/theuncommonshop.ch\/wp-content\/uploads\/2025\/12\/5218504764.webp","type":"image\/webp"}],"twitter_card":"summary_large_image","twitter_misc":{"Disponibilit\u00e9":"Rupture de stock"},"schema":{"@context":"https:\/\/schema.org","@graph":[{"@type":"WebPage","@id":"https:\/\/theuncommonshop.ch\/fr\/product\/magic-unstable-ust-draft-booster-display-2\/","url":"https:\/\/theuncommonshop.ch\/fr\/product\/magic-unstable-ust-draft-booster-display-2\/","name":"Ach\u00e8te Magic - Unstable (UST) - Draft Booster Display","isPartOf":{"@id":"https:\/\/theuncommonshop.ch\/#website"},"primaryImageOfPage":{"@id":"https:\/\/theuncommonshop.ch\/fr\/product\/magic-unstable-ust-draft-booster-display-2\/#primaryimage"},"image":{"@id":"https:\/\/theuncommonshop.ch\/fr\/product\/magic-unstable-ust-draft-booster-display-2\/#primaryimage"},"thumbnailUrl":"https:\/\/theuncommonshop.ch\/wp-content\/uploads\/2025\/12\/5218504764.webp","datePublished":"2025-12-31T01:25:33+00:00","dateModified":"2026-03-29T15:48:18+00:00","description":"Ach\u00e8te Magic - Unstable (UST) - Draft Booster Display en ligne maintenant \u00e0 petit prix! Ton #1 shop pour cartes TCG & Pok\u00e9mon en Suisse \u2713 Livraison gratuite d\u00e8s CHF 29","breadcrumb":{"@id":"https:\/\/theuncommonshop.ch\/fr\/product\/magic-unstable-ust-draft-booster-display-2\/#breadcrumb"},"inLanguage":"fr-FR","potentialAction":[{"@type":"ReadAction","target":["https:\/\/theuncommonshop.ch\/fr\/product\/magic-unstable-ust-draft-booster-display-2\/"]}]},{"@type":"ImageObject","inLanguage":"fr-FR","@id":"https:\/\/theuncommonshop.ch\/fr\/product\/magic-unstable-ust-draft-booster-display-2\/#primaryimage","url":"https:\/\/theuncommonshop.ch\/wp-content\/uploads\/2025\/12\/5218504764.webp","contentUrl":"https:\/\/theuncommonshop.ch\/wp-content\/uploads\/2025\/12\/5218504764.webp","width":500,"height":500},{"@type":"BreadcrumbList","@id":"https:\/\/theuncommonshop.ch\/fr\/product\/magic-unstable-ust-draft-booster-display-2\/#breadcrumb","itemListElement":[{"@type":"ListItem","position":1,"name":"Accueil","item":"https:\/\/theuncommonshop.ch\/fr\/accueil\/"},{"@type":"ListItem","position":2,"name":"Boutique","item":"https:\/\/theuncommonshop.ch\/fr\/boutique\/"},{"@type":"ListItem","position":3,"name":"Magic the Gathering","item":"https:\/\/theuncommonshop.ch\/fr\/categorie-produit\/magic-the-gathering-fr\/"},{"@type":"ListItem","position":4,"name":"Booster Displays","item":"https:\/\/theuncommonshop.ch\/fr\/categorie-produit\/magic-the-gathering-fr\/booster-displays-fr\/"},{"@type":"ListItem","position":5,"name":"Magic &#8211; Unstable (UST) &#8211; Draft Booster Display"}]},{"@type":"WebSite","@id":"https:\/\/theuncommonshop.ch\/#website","url":"https:\/\/theuncommonshop.ch\/","name":"Largest trading card shop in Switzerland","description":"Magic, Pok\u00e9mon and Yu-gi-oh - The Uncommon Shop","potentialAction":[{"@type":"SearchAction","target":{"@type":"EntryPoint","urlTemplate":"https:\/\/theuncommonshop.ch\/?s={search_term_string}"},"query-input":{"@type":"PropertyValueSpecification","valueRequired":true,"valueName":"search_term_string"}}],"inLanguage":"fr-FR"}]},"og_availability":"out of stock","product_availability":"out of stock","product_condition":"new"},"_links":{"self":[{"href":"https:\/\/theuncommonshop.ch\/fr\/wp-json\/wp\/v2\/product\/313561","targetHints":{"allow":["GET"]}}],"collection":[{"href":"https:\/\/theuncommonshop.ch\/fr\/wp-json\/wp\/v2\/product"}],"about":[{"href":"https:\/\/theuncommonshop.ch\/fr\/wp-json\/wp\/v2\/types\/product"}],"replies":[{"embeddable":true,"href":"https:\/\/theuncommonshop.ch\/fr\/wp-json\/wp\/v2\/comments?post=313561"}],"version-history":[{"count":2,"href":"https:\/\/theuncommonshop.ch\/fr\/wp-json\/wp\/v2\/product\/313561\/revisions"}],"predecessor-version":[{"id":360665,"href":"https:\/\/theuncommonshop.ch\/fr\/wp-json\/wp\/v2\/product\/313561\/revisions\/360665"}],"wp:featuredmedia":[{"embeddable":true,"href":"https:\/\/theuncommonshop.ch\/fr\/wp-json\/wp\/v2\/media\/266353"}],"wp:attachment":[{"href":"https:\/\/theuncommonshop.ch\/fr\/wp-json\/wp\/v2\/media?parent=313561"}],"wp:term":[{"taxonomy":"product_brand","embeddable":true,"href":"https:\/\/theuncommonshop.ch\/fr\/wp-json\/wp\/v2\/product_brand?post=313561"},{"taxonomy":"product_cat","embeddable":true,"href":"https:\/\/theuncommonshop.ch\/fr\/wp-json\/wp\/v2\/product_cat?post=313561"},{"taxonomy":"product_tag","embeddable":true,"href":"https:\/\/theuncommonshop.ch\/fr\/wp-json\/wp\/v2\/product_tag?post=313561"}],"curies":[{"name":"wp","href":"https:\/\/api.w.org\/{rel}","templated":true}]}}