{"id":313541,"date":"2025-12-31T01:24:27","date_gmt":"2025-12-31T01:24:27","guid":{"rendered":"http:\/\/theuncommonshop.ch\/produkt\/313541\/"},"modified":"2026-03-31T19:12:35","modified_gmt":"2026-03-31T17:12:35","slug":"topps-marvel-comic-book-heroes-golden-anniversary-en-2","status":"publish","type":"product","link":"https:\/\/theuncommonshop.ch\/fr\/product\/topps-marvel-comic-book-heroes-golden-anniversary-en-2\/","title":{"rendered":"Topps &#8211; Marvel &#8211; Comic Book Heroes &#8211; Golden Anniversary"},"content":{"rendered":"<p><strong>8 paquets par bo\u00eete<\/strong><\/p>\n<p><strong>4 cartes par paquet<\/strong><\/p>\n<p>C\u00e9l\u00e9brez 50 ans de magie Marvel. Marvel Comic Book Heroes Golden Anniversary apporte au pr\u00e9sent l&#8217;\u00e9nergie puissante des vignettes Topps Marvel Comic Book Heroes de 1975 et 1976, en les r\u00e9interpr\u00e9tant avec la technologie vivante Chrome. Ce tout nouveau jeu de cartes \u00e0 collectionner combine le charme nostalgique des originaux avec le style pointu et dynamique de l&#8217;art moderne des comics, pr\u00e9sentant des illustrations contemporaines dans les designs populaires des stickers vintage. Les collectionneurs d\u00e9couvriront des cartes d&#8217;autographes rares sign\u00e9es par des dessinateurs de BD l\u00e9gendaires, ainsi que des cartes de croquis originales d&#8217;un certain nombre d&#8217;artistes exceptionnels, ce qui fait de ce Fan Set un incontournable pour les fans de Marvel comme pour les collectionneurs. Le set de base de 150 cartes associe des \u0153uvres d&#8217;art embl\u00e9matiques des publications de 1975 et 1976 \u00e0 des images fra\u00eeches des ann\u00e9es 2000 \u00e0 aujourd&#8217;hui, toutes mises en valeur par un design \u00e9l\u00e9gant inspir\u00e9 du marbre, qui allie pass\u00e9 et pr\u00e9sent de mani\u00e8re \u00e9poustouflante. Les cartes d&#8217;autographes pr\u00e9sentent des \u0153uvres d&#8217;art d&#8217;illustrateurs classiques de Marvel, reproduites dans le style des vignettes originales. Les cartes d&#8217;esquisses originales offrent des cr\u00e9ations uniques des meilleurs talents de la bande dessin\u00e9e d&#8217;aujourd&#8217;hui, rendant cette c\u00e9l\u00e9bration dor\u00e9e encore plus d\u00e9sirable.      <\/p>\n<p><i> <\/i><\/p>\n","protected":false},"excerpt":{"rendered":"<p>8 paquets par bo\u00eete 4 cartes par paquet C\u00e9l\u00e9brez 50 ans de magie Marvel. Marvel Comic Book Heroes Golden Anniversary<\/p>\n","protected":false},"featured_media":266316,"comment_status":"open","ping_status":"closed","template":"","meta":{"_acf_changed":false},"product_brand":[5130],"product_cat":[9785,9797,10325],"product_tag":[],"class_list":{"0":"post-313541","1":"product","2":"type-product","3":"status-publish","4":"has-post-thumbnail","6":"product_brand-topps","7":"product_cat-autres-cartes-a-collectionner","8":"product_cat-cartes-topps","9":"product_cat-cartes-topps-fantasy","11":"first","12":"instock","13":"sale","14":"taxable","15":"shipping-taxable","16":"purchasable","17":"product-type-variable"},"acf":[],"yoast_head":"<!-- This site is optimized with the Yoast SEO plugin v27.4 - https:\/\/yoast.com\/product\/yoast-seo-wordpress\/ -->\n<title>Ach\u00e8te Topps - Marvel - Comic Book Heroes - Golden Anniversary<\/title>\n<meta name=\"description\" content=\"Ach\u00e8te Topps - Marvel - Comic Book Heroes - Golden Anniversary en ligne maintenant \u00e0 petit prix! Ton #1 shop pour cartes TCG &amp; Pok\u00e9mon en Suisse \u2713 Livraison gratuite d\u00e8s CHF 29\" \/>\n<meta name=\"robots\" content=\"index, follow, max-snippet:-1, max-image-preview:large, max-video-preview:-1\" \/>\n<link rel=\"canonical\" href=\"https:\/\/theuncommonshop.ch\/fr\/product\/topps-marvel-comic-book-heroes-golden-anniversary-en-2\/\" \/>\n<meta property=\"og:locale\" content=\"fr_FR\" \/>\n<meta property=\"og:type\" content=\"article\" \/>\n<meta property=\"og:title\" content=\"Ach\u00e8te Topps - Marvel - Comic Book Heroes - Golden Anniversary\" \/>\n<meta property=\"og:description\" content=\"Ach\u00e8te Topps - Marvel - Comic Book Heroes - Golden Anniversary en ligne maintenant \u00e0 petit prix! Ton #1 shop pour cartes TCG &amp; Pok\u00e9mon en Suisse \u2713 Livraison gratuite d\u00e8s CHF 29\" \/>\n<meta property=\"og:url\" content=\"https:\/\/theuncommonshop.ch\/fr\/product\/topps-marvel-comic-book-heroes-golden-anniversary-en-2\/\" \/>\n<meta property=\"og:site_name\" content=\"Largest trading card shop in Switzerland\" \/>\n<meta property=\"article:modified_time\" content=\"2026-03-31T17:12:35+00:00\" \/>\n<meta property=\"og:image\" content=\"https:\/\/theuncommonshop.ch\/wp-content\/uploads\/2025\/12\/5218457771.webp\" \/>\n\t<meta property=\"og:image:width\" content=\"1351\" \/>\n\t<meta property=\"og:image:height\" content=\"1800\" \/>\n\t<meta property=\"og:image:type\" content=\"image\/webp\" \/>\n<meta name=\"twitter:card\" content=\"summary_large_image\" \/>\n<meta name=\"twitter:label1\" content=\"Disponibilit\u00e9\" \/>\n\t<meta name=\"twitter:data1\" content=\"En stock\" \/>\n<script type=\"application\/ld+json\" class=\"yoast-schema-graph\">{\"@context\":\"https:\\\/\\\/schema.org\",\"@graph\":[{\"@type\":\"WebPage\",\"@id\":\"https:\\\/\\\/theuncommonshop.ch\\\/fr\\\/product\\\/topps-marvel-comic-book-heroes-golden-anniversary-en-2\\\/\",\"url\":\"https:\\\/\\\/theuncommonshop.ch\\\/fr\\\/product\\\/topps-marvel-comic-book-heroes-golden-anniversary-en-2\\\/\",\"name\":\"Ach\u00e8te Topps - Marvel - Comic Book Heroes - Golden Anniversary\",\"isPartOf\":{\"@id\":\"https:\\\/\\\/theuncommonshop.ch\\\/#website\"},\"primaryImageOfPage\":{\"@id\":\"https:\\\/\\\/theuncommonshop.ch\\\/fr\\\/product\\\/topps-marvel-comic-book-heroes-golden-anniversary-en-2\\\/#primaryimage\"},\"image\":{\"@id\":\"https:\\\/\\\/theuncommonshop.ch\\\/fr\\\/product\\\/topps-marvel-comic-book-heroes-golden-anniversary-en-2\\\/#primaryimage\"},\"thumbnailUrl\":\"https:\\\/\\\/theuncommonshop.ch\\\/wp-content\\\/uploads\\\/2025\\\/12\\\/5218457771.webp\",\"datePublished\":\"2025-12-31T01:24:27+00:00\",\"dateModified\":\"2026-03-31T17:12:35+00:00\",\"description\":\"Ach\u00e8te Topps - Marvel - Comic Book Heroes - Golden Anniversary en ligne maintenant \u00e0 petit prix! Ton #1 shop pour cartes TCG & Pok\u00e9mon en Suisse \u2713 Livraison gratuite d\u00e8s CHF 29\",\"breadcrumb\":{\"@id\":\"https:\\\/\\\/theuncommonshop.ch\\\/fr\\\/product\\\/topps-marvel-comic-book-heroes-golden-anniversary-en-2\\\/#breadcrumb\"},\"inLanguage\":\"fr-FR\",\"potentialAction\":[{\"@type\":\"ReadAction\",\"target\":[\"https:\\\/\\\/theuncommonshop.ch\\\/fr\\\/product\\\/topps-marvel-comic-book-heroes-golden-anniversary-en-2\\\/\"]}]},{\"@type\":\"ImageObject\",\"inLanguage\":\"fr-FR\",\"@id\":\"https:\\\/\\\/theuncommonshop.ch\\\/fr\\\/product\\\/topps-marvel-comic-book-heroes-golden-anniversary-en-2\\\/#primaryimage\",\"url\":\"https:\\\/\\\/theuncommonshop.ch\\\/wp-content\\\/uploads\\\/2025\\\/12\\\/5218457771.webp\",\"contentUrl\":\"https:\\\/\\\/theuncommonshop.ch\\\/wp-content\\\/uploads\\\/2025\\\/12\\\/5218457771.webp\",\"width\":1351,\"height\":1800},{\"@type\":\"BreadcrumbList\",\"@id\":\"https:\\\/\\\/theuncommonshop.ch\\\/fr\\\/product\\\/topps-marvel-comic-book-heroes-golden-anniversary-en-2\\\/#breadcrumb\",\"itemListElement\":[{\"@type\":\"ListItem\",\"position\":1,\"name\":\"Accueil\",\"item\":\"https:\\\/\\\/theuncommonshop.ch\\\/fr\\\/accueil\\\/\"},{\"@type\":\"ListItem\",\"position\":2,\"name\":\"Boutique\",\"item\":\"https:\\\/\\\/theuncommonshop.ch\\\/fr\\\/boutique\\\/\"},{\"@type\":\"ListItem\",\"position\":3,\"name\":\"Weitere Sammelkarten\",\"item\":\"https:\\\/\\\/theuncommonshop.ch\\\/produktkategorie\\\/weitere-sammelkarten\\\/\"},{\"@type\":\"ListItem\",\"position\":4,\"name\":\"Topps Karten\",\"item\":\"https:\\\/\\\/theuncommonshop.ch\\\/produktkategorie\\\/weitere-sammelkarten\\\/topps-karten\\\/\"},{\"@type\":\"ListItem\",\"position\":5,\"name\":\"Topps Fantasy Karten\",\"item\":\"https:\\\/\\\/theuncommonshop.ch\\\/produktkategorie\\\/weitere-sammelkarten\\\/topps-karten\\\/topps-fantasy-karten\\\/\"},{\"@type\":\"ListItem\",\"position\":6,\"name\":\"Topps &#8211; Marvel &#8211; Comic Book Heroes &#8211; Golden Anniversary\"}]},{\"@type\":\"WebSite\",\"@id\":\"https:\\\/\\\/theuncommonshop.ch\\\/#website\",\"url\":\"https:\\\/\\\/theuncommonshop.ch\\\/\",\"name\":\"Largest trading card shop in Switzerland\",\"description\":\"Magic, Pok\u00e9mon and Yu-gi-oh - The Uncommon Shop\",\"potentialAction\":[{\"@type\":\"SearchAction\",\"target\":{\"@type\":\"EntryPoint\",\"urlTemplate\":\"https:\\\/\\\/theuncommonshop.ch\\\/?s={search_term_string}\"},\"query-input\":{\"@type\":\"PropertyValueSpecification\",\"valueRequired\":true,\"valueName\":\"search_term_string\"}}],\"inLanguage\":\"fr-FR\"}]}<\/script>\n<meta property=\"og:availability\" content=\"instock\" \/>\n<meta property=\"product:availability\" content=\"instock\" \/>\n<meta property=\"product:retailer_item_id\" content=\"SHOP.ToppsComicBook HeroesMarvel\" \/>\n<meta property=\"product:condition\" content=\"new\" \/>\n<!-- \/ Yoast SEO plugin. -->","yoast_head_json":{"title":"Ach\u00e8te Topps - Marvel - Comic Book Heroes - Golden Anniversary","description":"Ach\u00e8te Topps - Marvel - Comic Book Heroes - Golden Anniversary en ligne maintenant \u00e0 petit prix! Ton #1 shop pour cartes TCG & Pok\u00e9mon en Suisse \u2713 Livraison gratuite d\u00e8s CHF 29","robots":{"index":"index","follow":"follow","max-snippet":"max-snippet:-1","max-image-preview":"max-image-preview:large","max-video-preview":"max-video-preview:-1"},"canonical":"https:\/\/theuncommonshop.ch\/fr\/product\/topps-marvel-comic-book-heroes-golden-anniversary-en-2\/","og_locale":"fr_FR","og_type":"article","og_title":"Ach\u00e8te Topps - Marvel - Comic Book Heroes - Golden Anniversary","og_description":"Ach\u00e8te Topps - Marvel - Comic Book Heroes - Golden Anniversary en ligne maintenant \u00e0 petit prix! Ton #1 shop pour cartes TCG & Pok\u00e9mon en Suisse \u2713 Livraison gratuite d\u00e8s CHF 29","og_url":"https:\/\/theuncommonshop.ch\/fr\/product\/topps-marvel-comic-book-heroes-golden-anniversary-en-2\/","og_site_name":"Largest trading card shop in Switzerland","article_modified_time":"2026-03-31T17:12:35+00:00","og_image":[{"width":1351,"height":1800,"url":"https:\/\/theuncommonshop.ch\/wp-content\/uploads\/2025\/12\/5218457771.webp","type":"image\/webp"}],"twitter_card":"summary_large_image","twitter_misc":{"Disponibilit\u00e9":"En stock"},"schema":{"@context":"https:\/\/schema.org","@graph":[{"@type":"WebPage","@id":"https:\/\/theuncommonshop.ch\/fr\/product\/topps-marvel-comic-book-heroes-golden-anniversary-en-2\/","url":"https:\/\/theuncommonshop.ch\/fr\/product\/topps-marvel-comic-book-heroes-golden-anniversary-en-2\/","name":"Ach\u00e8te Topps - Marvel - Comic Book Heroes - Golden Anniversary","isPartOf":{"@id":"https:\/\/theuncommonshop.ch\/#website"},"primaryImageOfPage":{"@id":"https:\/\/theuncommonshop.ch\/fr\/product\/topps-marvel-comic-book-heroes-golden-anniversary-en-2\/#primaryimage"},"image":{"@id":"https:\/\/theuncommonshop.ch\/fr\/product\/topps-marvel-comic-book-heroes-golden-anniversary-en-2\/#primaryimage"},"thumbnailUrl":"https:\/\/theuncommonshop.ch\/wp-content\/uploads\/2025\/12\/5218457771.webp","datePublished":"2025-12-31T01:24:27+00:00","dateModified":"2026-03-31T17:12:35+00:00","description":"Ach\u00e8te Topps - Marvel - Comic Book Heroes - Golden Anniversary en ligne maintenant \u00e0 petit prix! Ton #1 shop pour cartes TCG & Pok\u00e9mon en Suisse \u2713 Livraison gratuite d\u00e8s CHF 29","breadcrumb":{"@id":"https:\/\/theuncommonshop.ch\/fr\/product\/topps-marvel-comic-book-heroes-golden-anniversary-en-2\/#breadcrumb"},"inLanguage":"fr-FR","potentialAction":[{"@type":"ReadAction","target":["https:\/\/theuncommonshop.ch\/fr\/product\/topps-marvel-comic-book-heroes-golden-anniversary-en-2\/"]}]},{"@type":"ImageObject","inLanguage":"fr-FR","@id":"https:\/\/theuncommonshop.ch\/fr\/product\/topps-marvel-comic-book-heroes-golden-anniversary-en-2\/#primaryimage","url":"https:\/\/theuncommonshop.ch\/wp-content\/uploads\/2025\/12\/5218457771.webp","contentUrl":"https:\/\/theuncommonshop.ch\/wp-content\/uploads\/2025\/12\/5218457771.webp","width":1351,"height":1800},{"@type":"BreadcrumbList","@id":"https:\/\/theuncommonshop.ch\/fr\/product\/topps-marvel-comic-book-heroes-golden-anniversary-en-2\/#breadcrumb","itemListElement":[{"@type":"ListItem","position":1,"name":"Accueil","item":"https:\/\/theuncommonshop.ch\/fr\/accueil\/"},{"@type":"ListItem","position":2,"name":"Boutique","item":"https:\/\/theuncommonshop.ch\/fr\/boutique\/"},{"@type":"ListItem","position":3,"name":"Weitere Sammelkarten","item":"https:\/\/theuncommonshop.ch\/produktkategorie\/weitere-sammelkarten\/"},{"@type":"ListItem","position":4,"name":"Topps Karten","item":"https:\/\/theuncommonshop.ch\/produktkategorie\/weitere-sammelkarten\/topps-karten\/"},{"@type":"ListItem","position":5,"name":"Topps Fantasy Karten","item":"https:\/\/theuncommonshop.ch\/produktkategorie\/weitere-sammelkarten\/topps-karten\/topps-fantasy-karten\/"},{"@type":"ListItem","position":6,"name":"Topps &#8211; Marvel &#8211; Comic Book Heroes &#8211; Golden Anniversary"}]},{"@type":"WebSite","@id":"https:\/\/theuncommonshop.ch\/#website","url":"https:\/\/theuncommonshop.ch\/","name":"Largest trading card shop in Switzerland","description":"Magic, Pok\u00e9mon and Yu-gi-oh - The Uncommon Shop","potentialAction":[{"@type":"SearchAction","target":{"@type":"EntryPoint","urlTemplate":"https:\/\/theuncommonshop.ch\/?s={search_term_string}"},"query-input":{"@type":"PropertyValueSpecification","valueRequired":true,"valueName":"search_term_string"}}],"inLanguage":"fr-FR"}]},"og_availability":"instock","product_availability":"instock","product_retailer_item_id":"SHOP.ToppsComicBook HeroesMarvel","product_condition":"new"},"_links":{"self":[{"href":"https:\/\/theuncommonshop.ch\/fr\/wp-json\/wp\/v2\/product\/313541","targetHints":{"allow":["GET"]}}],"collection":[{"href":"https:\/\/theuncommonshop.ch\/fr\/wp-json\/wp\/v2\/product"}],"about":[{"href":"https:\/\/theuncommonshop.ch\/fr\/wp-json\/wp\/v2\/types\/product"}],"replies":[{"embeddable":true,"href":"https:\/\/theuncommonshop.ch\/fr\/wp-json\/wp\/v2\/comments?post=313541"}],"version-history":[{"count":2,"href":"https:\/\/theuncommonshop.ch\/fr\/wp-json\/wp\/v2\/product\/313541\/revisions"}],"predecessor-version":[{"id":365316,"href":"https:\/\/theuncommonshop.ch\/fr\/wp-json\/wp\/v2\/product\/313541\/revisions\/365316"}],"wp:featuredmedia":[{"embeddable":true,"href":"https:\/\/theuncommonshop.ch\/fr\/wp-json\/wp\/v2\/media\/266316"}],"wp:attachment":[{"href":"https:\/\/theuncommonshop.ch\/fr\/wp-json\/wp\/v2\/media?parent=313541"}],"wp:term":[{"taxonomy":"product_brand","embeddable":true,"href":"https:\/\/theuncommonshop.ch\/fr\/wp-json\/wp\/v2\/product_brand?post=313541"},{"taxonomy":"product_cat","embeddable":true,"href":"https:\/\/theuncommonshop.ch\/fr\/wp-json\/wp\/v2\/product_cat?post=313541"},{"taxonomy":"product_tag","embeddable":true,"href":"https:\/\/theuncommonshop.ch\/fr\/wp-json\/wp\/v2\/product_tag?post=313541"}],"curies":[{"name":"wp","href":"https:\/\/api.w.org\/{rel}","templated":true}]}}