{"id":313533,"date":"2025-12-31T01:24:07","date_gmt":"2025-12-31T00:24:07","guid":{"rendered":"http:\/\/theuncommonshop.ch\/produkt\/313533\/"},"modified":"2026-03-31T15:14:03","modified_gmt":"2026-03-31T13:14:03","slug":"protecc-aurell-mini-snap-card-holder-10stk-2","status":"publish","type":"product","link":"https:\/\/theuncommonshop.ch\/fr\/product\/protecc-aurell-mini-snap-card-holder-10stk-2\/","title":{"rendered":"Protecc &#8211; Aurell &#8211; Mini Snap &#8211; Porte-cartes &#8211; 10pcs"},"content":{"rendered":"<p><strong>Protecc Aurell Mini Snap Card Holder &#8211; 10pcs.<\/strong>\n<\/p>\n<p><span class=\"s8\">Porte-cartes compact avec protection transparente, adapt\u00e9 \u00e0 tous les <span class=\"s8\">formats<\/span> courants <span class=\"s8\">de TCG<\/span> et m\u00eame utilisable avec les <span class=\"s8\">Sleeves<\/span> <span class=\"s8\">Perfect<\/span> Fit de Lamina<span class=\"s8\">.<\/span><\/span>\n<\/p>\n<p><span class=\"s8\"><span class=\"s8\">Le Mini Snap Card Holder d&#8217;<span class=\"s8\">Aurell<\/span> offre une protection s\u00fbre pour tous les <span class=\"s8\">formats<\/span> courants <span class=\"s8\">de TCG<\/span> tels que Pok\u00e9mon, Bandai ou <span class=\"s8\">Lorcana<\/span>.<span class=\"s8\">. Les cartes restent visibles avec une clart\u00e9 cristalline et sont solidement prot\u00e9g\u00e9es par la fermeture pr\u00e9cise. Il est m\u00eame compatible avec Lamina   <\/span><span class=\"s8\">Des Sleeves<\/span><span class=\"s8\">Perfect<\/span> Fit<span class=\"s8\"> pour que vos cartes soient doublement prot\u00e9g\u00e9es tout en \u00e9tant pr\u00e9sent\u00e9es avec \u00e9l\u00e9gance.<\/span><\/span><strong><\/strong><\/span>\n<\/p>\n<div>\n<\/div>\n<div>\n<div>\n\t<\/div>\n<\/div>\n<p><span class=\"s8\"><\/span><\/p>\n","protected":false},"excerpt":{"rendered":"<p>Protecc Aurell Mini Snap Card Holder &#8211; 10pcs. Porte-cartes compact avec protection transparente, adapt\u00e9 \u00e0 tous les formats courants de<\/p>\n","protected":false},"featured_media":266305,"comment_status":"open","ping_status":"closed","template":"","meta":{"_acf_changed":false},"product_brand":[5120],"product_cat":[9859,10267],"product_tag":[],"class_list":{"0":"post-313533","1":"product","2":"type-product","3":"status-publish","4":"has-post-thumbnail","6":"product_brand-protecc","7":"product_cat-accessoires-tcg","8":"product_cat-protection-des-cartes","10":"first","11":"outofstock","12":"taxable","13":"shipping-taxable","14":"purchasable","15":"product-type-simple"},"acf":[],"yoast_head":"<!-- This site is optimized with the Yoast SEO plugin v27.4 - https:\/\/yoast.com\/product\/yoast-seo-wordpress\/ -->\n<title>Ach\u00e8te Protecc - Aurell - Mini Snap - Porte-cartes - 10pcs<\/title>\n<meta name=\"description\" content=\"Ach\u00e8te Protecc - Aurell - Mini Snap - Porte-cartes - 10pcs en ligne maintenant \u00e0 petit prix! Ton #1 shop pour cartes TCG &amp; Pok\u00e9mon en Suisse \u2713 Livraison gratuite d\u00e8s CHF 29\" \/>\n<meta name=\"robots\" content=\"index, follow, max-snippet:-1, max-image-preview:large, max-video-preview:-1\" \/>\n<link rel=\"canonical\" href=\"https:\/\/theuncommonshop.ch\/fr\/product\/protecc-aurell-mini-snap-card-holder-10stk-2\/\" \/>\n<meta property=\"og:locale\" content=\"fr_FR\" \/>\n<meta property=\"og:type\" content=\"article\" \/>\n<meta property=\"og:title\" content=\"Ach\u00e8te Protecc - Aurell - Mini Snap - Porte-cartes - 10pcs\" \/>\n<meta property=\"og:description\" content=\"Ach\u00e8te Protecc - Aurell - Mini Snap - Porte-cartes - 10pcs en ligne maintenant \u00e0 petit prix! Ton #1 shop pour cartes TCG &amp; Pok\u00e9mon en Suisse \u2713 Livraison gratuite d\u00e8s CHF 29\" \/>\n<meta property=\"og:url\" content=\"https:\/\/theuncommonshop.ch\/fr\/product\/protecc-aurell-mini-snap-card-holder-10stk-2\/\" \/>\n<meta property=\"og:site_name\" content=\"The Uncommon Shop\" \/>\n<meta property=\"article:modified_time\" content=\"2026-03-31T13:14:03+00:00\" \/>\n<meta property=\"og:image\" content=\"https:\/\/theuncommonshop.ch\/wp-content\/uploads\/2025\/12\/5213277263.png\" \/>\n\t<meta property=\"og:image:width\" content=\"1500\" \/>\n\t<meta property=\"og:image:height\" content=\"1500\" \/>\n\t<meta property=\"og:image:type\" content=\"image\/png\" \/>\n<meta name=\"twitter:card\" content=\"summary_large_image\" \/>\n<meta name=\"twitter:label1\" content=\"Prix\" \/>\n\t<meta name=\"twitter:data1\" content=\"&#067;&#072;&#070;&nbsp;7.95\" \/>\n\t<meta name=\"twitter:label2\" content=\"Disponibilit\u00e9\" \/>\n\t<meta name=\"twitter:data2\" content=\"Rupture de stock\" \/>\n<script type=\"application\/ld+json\" class=\"yoast-schema-graph\">{\"@context\":\"https:\\\/\\\/schema.org\",\"@graph\":[{\"@type\":\"WebPage\",\"@id\":\"https:\\\/\\\/theuncommonshop.ch\\\/fr\\\/product\\\/protecc-aurell-mini-snap-card-holder-10stk-2\\\/\",\"url\":\"https:\\\/\\\/theuncommonshop.ch\\\/fr\\\/product\\\/protecc-aurell-mini-snap-card-holder-10stk-2\\\/\",\"name\":\"Ach\u00e8te Protecc - Aurell - Mini Snap - Porte-cartes - 10pcs\",\"isPartOf\":{\"@id\":\"https:\\\/\\\/theuncommonshop.ch\\\/fr\\\/#website\"},\"primaryImageOfPage\":{\"@id\":\"https:\\\/\\\/theuncommonshop.ch\\\/fr\\\/product\\\/protecc-aurell-mini-snap-card-holder-10stk-2\\\/#primaryimage\"},\"image\":{\"@id\":\"https:\\\/\\\/theuncommonshop.ch\\\/fr\\\/product\\\/protecc-aurell-mini-snap-card-holder-10stk-2\\\/#primaryimage\"},\"thumbnailUrl\":\"https:\\\/\\\/theuncommonshop.ch\\\/wp-content\\\/uploads\\\/2025\\\/12\\\/5213277263.png\",\"datePublished\":\"2025-12-31T00:24:07+00:00\",\"dateModified\":\"2026-03-31T13:14:03+00:00\",\"description\":\"Ach\u00e8te Protecc - Aurell - Mini Snap - Porte-cartes - 10pcs en ligne maintenant \u00e0 petit prix! Ton #1 shop pour cartes TCG & Pok\u00e9mon en Suisse \u2713 Livraison gratuite d\u00e8s CHF 29\",\"breadcrumb\":{\"@id\":\"https:\\\/\\\/theuncommonshop.ch\\\/fr\\\/product\\\/protecc-aurell-mini-snap-card-holder-10stk-2\\\/#breadcrumb\"},\"inLanguage\":\"fr-FR\",\"potentialAction\":[{\"@type\":\"ReadAction\",\"target\":[\"https:\\\/\\\/theuncommonshop.ch\\\/fr\\\/product\\\/protecc-aurell-mini-snap-card-holder-10stk-2\\\/\"]}]},{\"@type\":\"ImageObject\",\"inLanguage\":\"fr-FR\",\"@id\":\"https:\\\/\\\/theuncommonshop.ch\\\/fr\\\/product\\\/protecc-aurell-mini-snap-card-holder-10stk-2\\\/#primaryimage\",\"url\":\"https:\\\/\\\/theuncommonshop.ch\\\/wp-content\\\/uploads\\\/2025\\\/12\\\/5213277263.png\",\"contentUrl\":\"https:\\\/\\\/theuncommonshop.ch\\\/wp-content\\\/uploads\\\/2025\\\/12\\\/5213277263.png\",\"width\":1500,\"height\":1500},{\"@type\":\"BreadcrumbList\",\"@id\":\"https:\\\/\\\/theuncommonshop.ch\\\/fr\\\/product\\\/protecc-aurell-mini-snap-card-holder-10stk-2\\\/#breadcrumb\",\"itemListElement\":[{\"@type\":\"ListItem\",\"position\":1,\"name\":\"Accueil\",\"item\":\"https:\\\/\\\/theuncommonshop.ch\\\/fr\\\/accueil\\\/\"},{\"@type\":\"ListItem\",\"position\":2,\"name\":\"Boutique\",\"item\":\"https:\\\/\\\/theuncommonshop.ch\\\/fr\\\/boutique\\\/\"},{\"@type\":\"ListItem\",\"position\":3,\"name\":\"Accessoires TCG\",\"item\":\"https:\\\/\\\/theuncommonshop.ch\\\/fr\\\/categorie-produit\\\/accessoires-tcg\\\/\"},{\"@type\":\"ListItem\",\"position\":4,\"name\":\"Protection des cartes\",\"item\":\"https:\\\/\\\/theuncommonshop.ch\\\/fr\\\/categorie-produit\\\/accessoires-tcg\\\/protection-des-cartes\\\/\"},{\"@type\":\"ListItem\",\"position\":5,\"name\":\"Protecc &#8211; Aurell &#8211; Mini Snap &#8211; Porte-cartes &#8211; 10pcs\"}]},{\"@type\":\"WebSite\",\"@id\":\"https:\\\/\\\/theuncommonshop.ch\\\/fr\\\/#website\",\"url\":\"https:\\\/\\\/theuncommonshop.ch\\\/fr\\\/\",\"name\":\"The Uncommon Shop\",\"description\":\"Magic, Pok\u00e9mon and Yu-gi-oh - The Uncommon Shop\",\"potentialAction\":[{\"@type\":\"SearchAction\",\"target\":{\"@type\":\"EntryPoint\",\"urlTemplate\":\"https:\\\/\\\/theuncommonshop.ch\\\/fr\\\/?s={search_term_string}\"},\"query-input\":{\"@type\":\"PropertyValueSpecification\",\"valueRequired\":true,\"valueName\":\"search_term_string\"}}],\"inLanguage\":\"fr-FR\"}]}<\/script>\n<meta property=\"product:price:amount\" content=\"7.95\" \/>\n<meta property=\"product:price:currency\" content=\"CHF\" \/>\n<meta property=\"og:availability\" content=\"out of stock\" \/>\n<meta property=\"product:availability\" content=\"out of stock\" \/>\n<meta property=\"product:retailer_item_id\" content=\"ZU.X.E.ProtAurellMiniSnap10STK\" \/>\n<meta property=\"product:condition\" content=\"new\" \/>\n<!-- \/ Yoast SEO plugin. -->","yoast_head_json":{"title":"Ach\u00e8te Protecc - Aurell - Mini Snap - Porte-cartes - 10pcs","description":"Ach\u00e8te Protecc - Aurell - Mini Snap - Porte-cartes - 10pcs en ligne maintenant \u00e0 petit prix! Ton #1 shop pour cartes TCG & Pok\u00e9mon en Suisse \u2713 Livraison gratuite d\u00e8s CHF 29","robots":{"index":"index","follow":"follow","max-snippet":"max-snippet:-1","max-image-preview":"max-image-preview:large","max-video-preview":"max-video-preview:-1"},"canonical":"https:\/\/theuncommonshop.ch\/fr\/product\/protecc-aurell-mini-snap-card-holder-10stk-2\/","og_locale":"fr_FR","og_type":"article","og_title":"Ach\u00e8te Protecc - Aurell - Mini Snap - Porte-cartes - 10pcs","og_description":"Ach\u00e8te Protecc - Aurell - Mini Snap - Porte-cartes - 10pcs en ligne maintenant \u00e0 petit prix! Ton #1 shop pour cartes TCG & Pok\u00e9mon en Suisse \u2713 Livraison gratuite d\u00e8s CHF 29","og_url":"https:\/\/theuncommonshop.ch\/fr\/product\/protecc-aurell-mini-snap-card-holder-10stk-2\/","og_site_name":"The Uncommon Shop","article_modified_time":"2026-03-31T13:14:03+00:00","og_image":[{"width":1500,"height":1500,"url":"https:\/\/theuncommonshop.ch\/wp-content\/uploads\/2025\/12\/5213277263.png","type":"image\/png"}],"twitter_card":"summary_large_image","twitter_misc":{"Prix":"&#67;&#72;&#70;&nbsp;7.95","Disponibilit\u00e9":"Rupture de stock"},"schema":{"@context":"https:\/\/schema.org","@graph":[{"@type":"WebPage","@id":"https:\/\/theuncommonshop.ch\/fr\/product\/protecc-aurell-mini-snap-card-holder-10stk-2\/","url":"https:\/\/theuncommonshop.ch\/fr\/product\/protecc-aurell-mini-snap-card-holder-10stk-2\/","name":"Ach\u00e8te Protecc - Aurell - Mini Snap - Porte-cartes - 10pcs","isPartOf":{"@id":"https:\/\/theuncommonshop.ch\/fr\/#website"},"primaryImageOfPage":{"@id":"https:\/\/theuncommonshop.ch\/fr\/product\/protecc-aurell-mini-snap-card-holder-10stk-2\/#primaryimage"},"image":{"@id":"https:\/\/theuncommonshop.ch\/fr\/product\/protecc-aurell-mini-snap-card-holder-10stk-2\/#primaryimage"},"thumbnailUrl":"https:\/\/theuncommonshop.ch\/wp-content\/uploads\/2025\/12\/5213277263.png","datePublished":"2025-12-31T00:24:07+00:00","dateModified":"2026-03-31T13:14:03+00:00","description":"Ach\u00e8te Protecc - Aurell - Mini Snap - Porte-cartes - 10pcs en ligne maintenant \u00e0 petit prix! Ton #1 shop pour cartes TCG & Pok\u00e9mon en Suisse \u2713 Livraison gratuite d\u00e8s CHF 29","breadcrumb":{"@id":"https:\/\/theuncommonshop.ch\/fr\/product\/protecc-aurell-mini-snap-card-holder-10stk-2\/#breadcrumb"},"inLanguage":"fr-FR","potentialAction":[{"@type":"ReadAction","target":["https:\/\/theuncommonshop.ch\/fr\/product\/protecc-aurell-mini-snap-card-holder-10stk-2\/"]}]},{"@type":"ImageObject","inLanguage":"fr-FR","@id":"https:\/\/theuncommonshop.ch\/fr\/product\/protecc-aurell-mini-snap-card-holder-10stk-2\/#primaryimage","url":"https:\/\/theuncommonshop.ch\/wp-content\/uploads\/2025\/12\/5213277263.png","contentUrl":"https:\/\/theuncommonshop.ch\/wp-content\/uploads\/2025\/12\/5213277263.png","width":1500,"height":1500},{"@type":"BreadcrumbList","@id":"https:\/\/theuncommonshop.ch\/fr\/product\/protecc-aurell-mini-snap-card-holder-10stk-2\/#breadcrumb","itemListElement":[{"@type":"ListItem","position":1,"name":"Accueil","item":"https:\/\/theuncommonshop.ch\/fr\/accueil\/"},{"@type":"ListItem","position":2,"name":"Boutique","item":"https:\/\/theuncommonshop.ch\/fr\/boutique\/"},{"@type":"ListItem","position":3,"name":"Accessoires TCG","item":"https:\/\/theuncommonshop.ch\/fr\/categorie-produit\/accessoires-tcg\/"},{"@type":"ListItem","position":4,"name":"Protection des cartes","item":"https:\/\/theuncommonshop.ch\/fr\/categorie-produit\/accessoires-tcg\/protection-des-cartes\/"},{"@type":"ListItem","position":5,"name":"Protecc &#8211; Aurell &#8211; Mini Snap &#8211; Porte-cartes &#8211; 10pcs"}]},{"@type":"WebSite","@id":"https:\/\/theuncommonshop.ch\/fr\/#website","url":"https:\/\/theuncommonshop.ch\/fr\/","name":"The Uncommon Shop","description":"Magic, Pok\u00e9mon and Yu-gi-oh - The Uncommon Shop","potentialAction":[{"@type":"SearchAction","target":{"@type":"EntryPoint","urlTemplate":"https:\/\/theuncommonshop.ch\/fr\/?s={search_term_string}"},"query-input":{"@type":"PropertyValueSpecification","valueRequired":true,"valueName":"search_term_string"}}],"inLanguage":"fr-FR"}]},"product_price_amount":"7.95","product_price_currency":"CHF","og_availability":"out of stock","product_availability":"out of stock","product_retailer_item_id":"ZU.X.E.ProtAurellMiniSnap10STK","product_condition":"new"},"_links":{"self":[{"href":"https:\/\/theuncommonshop.ch\/fr\/wp-json\/wp\/v2\/product\/313533","targetHints":{"allow":["GET"]}}],"collection":[{"href":"https:\/\/theuncommonshop.ch\/fr\/wp-json\/wp\/v2\/product"}],"about":[{"href":"https:\/\/theuncommonshop.ch\/fr\/wp-json\/wp\/v2\/types\/product"}],"replies":[{"embeddable":true,"href":"https:\/\/theuncommonshop.ch\/fr\/wp-json\/wp\/v2\/comments?post=313533"}],"version-history":[{"count":0,"href":"https:\/\/theuncommonshop.ch\/fr\/wp-json\/wp\/v2\/product\/313533\/revisions"}],"wp:featuredmedia":[{"embeddable":true,"href":"https:\/\/theuncommonshop.ch\/fr\/wp-json\/wp\/v2\/media\/266305"}],"wp:attachment":[{"href":"https:\/\/theuncommonshop.ch\/fr\/wp-json\/wp\/v2\/media?parent=313533"}],"wp:term":[{"taxonomy":"product_brand","embeddable":true,"href":"https:\/\/theuncommonshop.ch\/fr\/wp-json\/wp\/v2\/product_brand?post=313533"},{"taxonomy":"product_cat","embeddable":true,"href":"https:\/\/theuncommonshop.ch\/fr\/wp-json\/wp\/v2\/product_cat?post=313533"},{"taxonomy":"product_tag","embeddable":true,"href":"https:\/\/theuncommonshop.ch\/fr\/wp-json\/wp\/v2\/product_tag?post=313533"}],"curies":[{"name":"wp","href":"https:\/\/api.w.org\/{rel}","templated":true}]}}