{"id":313528,"date":"2025-12-31T01:22:21","date_gmt":"2025-12-31T01:22:21","guid":{"rendered":"http:\/\/theuncommonshop.ch\/produkt\/313528\/"},"modified":"2026-04-01T15:09:22","modified_gmt":"2026-04-01T13:09:22","slug":"protecc-lamina-soft-sleeves-perfect-fit-100stk-2","status":"publish","type":"product","link":"https:\/\/theuncommonshop.ch\/fr\/product\/protecc-lamina-soft-sleeves-perfect-fit-100stk-2\/","title":{"rendered":"Protecc &#8211; Lamina &#8211; Soft Sleeves &#8211; Perfect Fit &#8211; 100pcs."},"content":{"rendered":"<p><strong>Protecc Lamina Soft Sleeves Perfect Fit &#8211; 100pcs.<\/strong><\/p>\n<p>&nbsp;<\/p>\n<p><span class=\"s8\">Les meilleurs <\/span><span class=\"s8\">Inner<\/span> <span class=\"s8\">Sleeves<\/span> <span class=\"s8\">au monde <\/span>, parfaitement adapt\u00e9s \u00e0 presque tous les TCG et id\u00e9alement combin\u00e9s avec les Lamina Standard <span class=\"s8\">Sleeves<\/span><span class=\"s8\">.<\/span><\/p>\n<p><span class=\"s8\">Les <span class=\"s8\">manchons<\/span> <span class=\"s8\">Lamina <\/span><span class=\"s8\">Perfect<\/span> Fit sont parmi les meilleurs <span class=\"s8\">Inner<\/span> <span class=\"s8\">Sleeves<\/span> au monde.<span class=\"s8\">. Ils s&#8217;adaptent au millim\u00e8tre pr\u00e8s \u00e0 presque tous les TCG et sont parfaitement ajust\u00e9s.  <\/span><span class=\"s8\">parfaitement<\/span> sans plier la carte. La poussi\u00e8re et les empreintes digitales n&#8217;ont aucune chance. En combinaison avec les <span class=\"s8\">manches<\/span> Lamina Standard <span class=\"s8\">, vous disposez<\/span><span class=\"s8\">d&#8217;une protection imbattable, qui convient aussi bien \u00e0 la vie quotidienne qu&#8217;au stockage \u00e0 long terme.<\/span>  <\/span><\/p>\n<p>&nbsp;<\/p>\n<p>&nbsp;<\/p>\n<div>\n<div><\/div>\n<\/div>\n<p>&nbsp;<\/p>\n","protected":false},"excerpt":{"rendered":"<p>Protecc Lamina Soft Sleeves Perfect Fit &#8211; 100pcs. &nbsp; Les meilleurs Inner Sleeves au monde , parfaitement adapt\u00e9s \u00e0 presque<\/p>\n","protected":false},"featured_media":266242,"comment_status":"open","ping_status":"closed","template":"","meta":{"_acf_changed":false},"product_brand":[5120],"product_cat":[9859,9861,10155],"product_tag":[],"class_list":{"0":"post-313528","1":"product","2":"type-product","3":"status-publish","4":"has-post-thumbnail","6":"product_brand-protecc","7":"product_cat-accessoires-tcg","8":"product_cat-sleeves-fr","9":"product_cat-taille-standard","11":"first","12":"instock","13":"taxable","14":"shipping-taxable","15":"purchasable","16":"product-type-simple"},"acf":[],"yoast_head":"<!-- This site is optimized with the Yoast SEO plugin v27.4 - https:\/\/yoast.com\/product\/yoast-seo-wordpress\/ -->\n<title>Ach\u00e8te Protecc - Lamina - Soft Sleeves - Perfect Fit - 100pcs.<\/title>\n<meta name=\"description\" content=\"Ach\u00e8te Protecc - Lamina - Soft Sleeves - Perfect Fit - 100pcs. en ligne maintenant \u00e0 petit prix! Ton #1 shop pour cartes TCG &amp; Pok\u00e9mon en Suisse \u2713 Livraison gratuite d\u00e8s CHF 29\" \/>\n<meta name=\"robots\" content=\"index, follow, max-snippet:-1, max-image-preview:large, max-video-preview:-1\" \/>\n<link rel=\"canonical\" href=\"https:\/\/theuncommonshop.ch\/fr\/product\/protecc-lamina-soft-sleeves-perfect-fit-100stk-2\/\" \/>\n<meta property=\"og:locale\" content=\"fr_FR\" \/>\n<meta property=\"og:type\" content=\"article\" \/>\n<meta property=\"og:title\" content=\"Ach\u00e8te Protecc - Lamina - Soft Sleeves - Perfect Fit - 100pcs.\" \/>\n<meta property=\"og:description\" content=\"Ach\u00e8te Protecc - Lamina - Soft Sleeves - Perfect Fit - 100pcs. en ligne maintenant \u00e0 petit prix! Ton #1 shop pour cartes TCG &amp; Pok\u00e9mon en Suisse \u2713 Livraison gratuite d\u00e8s CHF 29\" \/>\n<meta property=\"og:url\" content=\"https:\/\/theuncommonshop.ch\/fr\/product\/protecc-lamina-soft-sleeves-perfect-fit-100stk-2\/\" \/>\n<meta property=\"og:site_name\" content=\"Largest trading card shop in Switzerland\" \/>\n<meta property=\"article:modified_time\" content=\"2026-04-01T13:09:22+00:00\" \/>\n<meta property=\"og:image\" content=\"https:\/\/theuncommonshop.ch\/wp-content\/uploads\/2025\/12\/5213142598.png\" \/>\n\t<meta property=\"og:image:width\" content=\"1500\" \/>\n\t<meta property=\"og:image:height\" content=\"1500\" \/>\n\t<meta property=\"og:image:type\" content=\"image\/png\" \/>\n<meta name=\"twitter:card\" content=\"summary_large_image\" \/>\n<meta name=\"twitter:label1\" content=\"Prix\" \/>\n\t<meta name=\"twitter:data1\" content=\"&#067;&#072;&#070;&nbsp;2.95\" \/>\n\t<meta name=\"twitter:label2\" content=\"Disponibilit\u00e9\" \/>\n\t<meta name=\"twitter:data2\" content=\"En stock\" \/>\n<script type=\"application\/ld+json\" class=\"yoast-schema-graph\">{\"@context\":\"https:\\\/\\\/schema.org\",\"@graph\":[{\"@type\":\"WebPage\",\"@id\":\"https:\\\/\\\/theuncommonshop.ch\\\/fr\\\/product\\\/protecc-lamina-soft-sleeves-perfect-fit-100stk-2\\\/\",\"url\":\"https:\\\/\\\/theuncommonshop.ch\\\/fr\\\/product\\\/protecc-lamina-soft-sleeves-perfect-fit-100stk-2\\\/\",\"name\":\"Ach\u00e8te Protecc - Lamina - Soft Sleeves - Perfect Fit - 100pcs.\",\"isPartOf\":{\"@id\":\"https:\\\/\\\/theuncommonshop.ch\\\/#website\"},\"primaryImageOfPage\":{\"@id\":\"https:\\\/\\\/theuncommonshop.ch\\\/fr\\\/product\\\/protecc-lamina-soft-sleeves-perfect-fit-100stk-2\\\/#primaryimage\"},\"image\":{\"@id\":\"https:\\\/\\\/theuncommonshop.ch\\\/fr\\\/product\\\/protecc-lamina-soft-sleeves-perfect-fit-100stk-2\\\/#primaryimage\"},\"thumbnailUrl\":\"https:\\\/\\\/theuncommonshop.ch\\\/wp-content\\\/uploads\\\/2025\\\/12\\\/5213142598.png\",\"datePublished\":\"2025-12-31T01:22:21+00:00\",\"dateModified\":\"2026-04-01T13:09:22+00:00\",\"description\":\"Ach\u00e8te Protecc - Lamina - Soft Sleeves - Perfect Fit - 100pcs. en ligne maintenant \u00e0 petit prix! Ton #1 shop pour cartes TCG & Pok\u00e9mon en Suisse \u2713 Livraison gratuite d\u00e8s CHF 29\",\"breadcrumb\":{\"@id\":\"https:\\\/\\\/theuncommonshop.ch\\\/fr\\\/product\\\/protecc-lamina-soft-sleeves-perfect-fit-100stk-2\\\/#breadcrumb\"},\"inLanguage\":\"fr-FR\",\"potentialAction\":[{\"@type\":\"ReadAction\",\"target\":[\"https:\\\/\\\/theuncommonshop.ch\\\/fr\\\/product\\\/protecc-lamina-soft-sleeves-perfect-fit-100stk-2\\\/\"]}]},{\"@type\":\"ImageObject\",\"inLanguage\":\"fr-FR\",\"@id\":\"https:\\\/\\\/theuncommonshop.ch\\\/fr\\\/product\\\/protecc-lamina-soft-sleeves-perfect-fit-100stk-2\\\/#primaryimage\",\"url\":\"https:\\\/\\\/theuncommonshop.ch\\\/wp-content\\\/uploads\\\/2025\\\/12\\\/5213142598.png\",\"contentUrl\":\"https:\\\/\\\/theuncommonshop.ch\\\/wp-content\\\/uploads\\\/2025\\\/12\\\/5213142598.png\",\"width\":1500,\"height\":1500},{\"@type\":\"BreadcrumbList\",\"@id\":\"https:\\\/\\\/theuncommonshop.ch\\\/fr\\\/product\\\/protecc-lamina-soft-sleeves-perfect-fit-100stk-2\\\/#breadcrumb\",\"itemListElement\":[{\"@type\":\"ListItem\",\"position\":1,\"name\":\"Accueil\",\"item\":\"https:\\\/\\\/theuncommonshop.ch\\\/fr\\\/accueil\\\/\"},{\"@type\":\"ListItem\",\"position\":2,\"name\":\"Boutique\",\"item\":\"https:\\\/\\\/theuncommonshop.ch\\\/fr\\\/boutique\\\/\"},{\"@type\":\"ListItem\",\"position\":3,\"name\":\"TCG Zubeh\u00f6r\",\"item\":\"https:\\\/\\\/theuncommonshop.ch\\\/produktkategorie\\\/tcg-zubehoer\\\/\"},{\"@type\":\"ListItem\",\"position\":4,\"name\":\"Sleeves\",\"item\":\"https:\\\/\\\/theuncommonshop.ch\\\/produktkategorie\\\/tcg-zubehoer\\\/sleeves\\\/\"},{\"@type\":\"ListItem\",\"position\":5,\"name\":\"Standart-Gr\u00f6sse\",\"item\":\"https:\\\/\\\/theuncommonshop.ch\\\/produktkategorie\\\/tcg-zubehoer\\\/sleeves\\\/sleeves-standart-size\\\/\"},{\"@type\":\"ListItem\",\"position\":6,\"name\":\"Protecc &#8211; Lamina &#8211; Soft Sleeves &#8211; Perfect Fit &#8211; 100pcs.\"}]},{\"@type\":\"WebSite\",\"@id\":\"https:\\\/\\\/theuncommonshop.ch\\\/#website\",\"url\":\"https:\\\/\\\/theuncommonshop.ch\\\/\",\"name\":\"Largest trading card shop in Switzerland\",\"description\":\"Magic, Pok\u00e9mon and Yu-gi-oh - The Uncommon Shop\",\"potentialAction\":[{\"@type\":\"SearchAction\",\"target\":{\"@type\":\"EntryPoint\",\"urlTemplate\":\"https:\\\/\\\/theuncommonshop.ch\\\/?s={search_term_string}\"},\"query-input\":{\"@type\":\"PropertyValueSpecification\",\"valueRequired\":true,\"valueName\":\"search_term_string\"}}],\"inLanguage\":\"fr-FR\"}]}<\/script>\n<meta property=\"product:price:amount\" content=\"2.95\" \/>\n<meta property=\"product:price:currency\" content=\"CHF\" \/>\n<meta property=\"og:availability\" content=\"instock\" \/>\n<meta property=\"product:availability\" content=\"instock\" \/>\n<meta property=\"product:retailer_item_id\" content=\"ZU.II.B.ProteLamiPerfFitSlee100STK\" \/>\n<meta property=\"product:condition\" content=\"new\" \/>\n<!-- \/ Yoast SEO plugin. -->","yoast_head_json":{"title":"Ach\u00e8te Protecc - Lamina - Soft Sleeves - Perfect Fit - 100pcs.","description":"Ach\u00e8te Protecc - Lamina - Soft Sleeves - Perfect Fit - 100pcs. en ligne maintenant \u00e0 petit prix! Ton #1 shop pour cartes TCG & Pok\u00e9mon en Suisse \u2713 Livraison gratuite d\u00e8s CHF 29","robots":{"index":"index","follow":"follow","max-snippet":"max-snippet:-1","max-image-preview":"max-image-preview:large","max-video-preview":"max-video-preview:-1"},"canonical":"https:\/\/theuncommonshop.ch\/fr\/product\/protecc-lamina-soft-sleeves-perfect-fit-100stk-2\/","og_locale":"fr_FR","og_type":"article","og_title":"Ach\u00e8te Protecc - Lamina - Soft Sleeves - Perfect Fit - 100pcs.","og_description":"Ach\u00e8te Protecc - Lamina - Soft Sleeves - Perfect Fit - 100pcs. en ligne maintenant \u00e0 petit prix! Ton #1 shop pour cartes TCG & Pok\u00e9mon en Suisse \u2713 Livraison gratuite d\u00e8s CHF 29","og_url":"https:\/\/theuncommonshop.ch\/fr\/product\/protecc-lamina-soft-sleeves-perfect-fit-100stk-2\/","og_site_name":"Largest trading card shop in Switzerland","article_modified_time":"2026-04-01T13:09:22+00:00","og_image":[{"width":1500,"height":1500,"url":"https:\/\/theuncommonshop.ch\/wp-content\/uploads\/2025\/12\/5213142598.png","type":"image\/png"}],"twitter_card":"summary_large_image","twitter_misc":{"Prix":"&#67;&#72;&#70;&nbsp;2.95","Disponibilit\u00e9":"En stock"},"schema":{"@context":"https:\/\/schema.org","@graph":[{"@type":"WebPage","@id":"https:\/\/theuncommonshop.ch\/fr\/product\/protecc-lamina-soft-sleeves-perfect-fit-100stk-2\/","url":"https:\/\/theuncommonshop.ch\/fr\/product\/protecc-lamina-soft-sleeves-perfect-fit-100stk-2\/","name":"Ach\u00e8te Protecc - Lamina - Soft Sleeves - Perfect Fit - 100pcs.","isPartOf":{"@id":"https:\/\/theuncommonshop.ch\/#website"},"primaryImageOfPage":{"@id":"https:\/\/theuncommonshop.ch\/fr\/product\/protecc-lamina-soft-sleeves-perfect-fit-100stk-2\/#primaryimage"},"image":{"@id":"https:\/\/theuncommonshop.ch\/fr\/product\/protecc-lamina-soft-sleeves-perfect-fit-100stk-2\/#primaryimage"},"thumbnailUrl":"https:\/\/theuncommonshop.ch\/wp-content\/uploads\/2025\/12\/5213142598.png","datePublished":"2025-12-31T01:22:21+00:00","dateModified":"2026-04-01T13:09:22+00:00","description":"Ach\u00e8te Protecc - Lamina - Soft Sleeves - Perfect Fit - 100pcs. en ligne maintenant \u00e0 petit prix! Ton #1 shop pour cartes TCG & Pok\u00e9mon en Suisse \u2713 Livraison gratuite d\u00e8s CHF 29","breadcrumb":{"@id":"https:\/\/theuncommonshop.ch\/fr\/product\/protecc-lamina-soft-sleeves-perfect-fit-100stk-2\/#breadcrumb"},"inLanguage":"fr-FR","potentialAction":[{"@type":"ReadAction","target":["https:\/\/theuncommonshop.ch\/fr\/product\/protecc-lamina-soft-sleeves-perfect-fit-100stk-2\/"]}]},{"@type":"ImageObject","inLanguage":"fr-FR","@id":"https:\/\/theuncommonshop.ch\/fr\/product\/protecc-lamina-soft-sleeves-perfect-fit-100stk-2\/#primaryimage","url":"https:\/\/theuncommonshop.ch\/wp-content\/uploads\/2025\/12\/5213142598.png","contentUrl":"https:\/\/theuncommonshop.ch\/wp-content\/uploads\/2025\/12\/5213142598.png","width":1500,"height":1500},{"@type":"BreadcrumbList","@id":"https:\/\/theuncommonshop.ch\/fr\/product\/protecc-lamina-soft-sleeves-perfect-fit-100stk-2\/#breadcrumb","itemListElement":[{"@type":"ListItem","position":1,"name":"Accueil","item":"https:\/\/theuncommonshop.ch\/fr\/accueil\/"},{"@type":"ListItem","position":2,"name":"Boutique","item":"https:\/\/theuncommonshop.ch\/fr\/boutique\/"},{"@type":"ListItem","position":3,"name":"TCG Zubeh\u00f6r","item":"https:\/\/theuncommonshop.ch\/produktkategorie\/tcg-zubehoer\/"},{"@type":"ListItem","position":4,"name":"Sleeves","item":"https:\/\/theuncommonshop.ch\/produktkategorie\/tcg-zubehoer\/sleeves\/"},{"@type":"ListItem","position":5,"name":"Standart-Gr\u00f6sse","item":"https:\/\/theuncommonshop.ch\/produktkategorie\/tcg-zubehoer\/sleeves\/sleeves-standart-size\/"},{"@type":"ListItem","position":6,"name":"Protecc &#8211; Lamina &#8211; Soft Sleeves &#8211; Perfect Fit &#8211; 100pcs."}]},{"@type":"WebSite","@id":"https:\/\/theuncommonshop.ch\/#website","url":"https:\/\/theuncommonshop.ch\/","name":"Largest trading card shop in Switzerland","description":"Magic, Pok\u00e9mon and Yu-gi-oh - The Uncommon Shop","potentialAction":[{"@type":"SearchAction","target":{"@type":"EntryPoint","urlTemplate":"https:\/\/theuncommonshop.ch\/?s={search_term_string}"},"query-input":{"@type":"PropertyValueSpecification","valueRequired":true,"valueName":"search_term_string"}}],"inLanguage":"fr-FR"}]},"product_price_amount":"2.95","product_price_currency":"CHF","og_availability":"instock","product_availability":"instock","product_retailer_item_id":"ZU.II.B.ProteLamiPerfFitSlee100STK","product_condition":"new"},"_links":{"self":[{"href":"https:\/\/theuncommonshop.ch\/fr\/wp-json\/wp\/v2\/product\/313528","targetHints":{"allow":["GET"]}}],"collection":[{"href":"https:\/\/theuncommonshop.ch\/fr\/wp-json\/wp\/v2\/product"}],"about":[{"href":"https:\/\/theuncommonshop.ch\/fr\/wp-json\/wp\/v2\/types\/product"}],"replies":[{"embeddable":true,"href":"https:\/\/theuncommonshop.ch\/fr\/wp-json\/wp\/v2\/comments?post=313528"}],"version-history":[{"count":2,"href":"https:\/\/theuncommonshop.ch\/fr\/wp-json\/wp\/v2\/product\/313528\/revisions"}],"predecessor-version":[{"id":363940,"href":"https:\/\/theuncommonshop.ch\/fr\/wp-json\/wp\/v2\/product\/313528\/revisions\/363940"}],"wp:featuredmedia":[{"embeddable":true,"href":"https:\/\/theuncommonshop.ch\/fr\/wp-json\/wp\/v2\/media\/266242"}],"wp:attachment":[{"href":"https:\/\/theuncommonshop.ch\/fr\/wp-json\/wp\/v2\/media?parent=313528"}],"wp:term":[{"taxonomy":"product_brand","embeddable":true,"href":"https:\/\/theuncommonshop.ch\/fr\/wp-json\/wp\/v2\/product_brand?post=313528"},{"taxonomy":"product_cat","embeddable":true,"href":"https:\/\/theuncommonshop.ch\/fr\/wp-json\/wp\/v2\/product_cat?post=313528"},{"taxonomy":"product_tag","embeddable":true,"href":"https:\/\/theuncommonshop.ch\/fr\/wp-json\/wp\/v2\/product_tag?post=313528"}],"curies":[{"name":"wp","href":"https:\/\/api.w.org\/{rel}","templated":true}]}}