{"id":313489,"date":"2025-12-31T01:17:26","date_gmt":"2025-12-31T01:17:26","guid":{"rendered":"http:\/\/theuncommonshop.ch\/produkt\/313489\/"},"modified":"2026-03-08T21:37:01","modified_gmt":"2026-03-08T20:37:01","slug":"warhammer-40-000-the-horus-heresy-legiones-astartes-2","status":"publish","type":"product","link":"https:\/\/theuncommonshop.ch\/fr\/product\/warhammer-40-000-the-horus-heresy-legiones-astartes-2\/","title":{"rendered":"Warhammer 40.000 &#8211; The Horus Heresy: Legiones Astartes"},"content":{"rendered":"<p>Les forces des Legiones Astartes sont bas\u00e9es sur une infanterie d&#8217;\u00e9lite. \u00c9quip\u00e9es d&#8217;armures \u00e9nerg\u00e9tiques et d&#8217;armes capables de neutraliser n&#8217;importe quel adversaire, elles frappent fort et avec pr\u00e9cision. Soutenus par de puissants Dreadnoughts et autres machines de guerre, il n&#8217;y a pratiquement rien qu&#8217;ils ne puissent vaincre.  <\/p>\n<p>Si vous voulez conqu\u00e9rir la galaxie au nom de l&#8217;Empereur (ou la d\u00e9truire au nom d&#8217;Horus), cette bo\u00eete est le point de d\u00e9part id\u00e9al pour commencer une nouvelle collection de Legiones Astartes &#8211; ou pour agrandir une arm\u00e9e existante &#8211; tout en \u00e9conomisant de l&#8217;argent par rapport \u00e0 l&#8217;achat individuel des kits. Il y a deux escouades de l\u00e9gionnaires Space Marines en armure de puissance avanc\u00e9e MkVI &#8211; une Tactical Squad arm\u00e9e de bolters et une Heavy Support Squad \u00e9quip\u00e9e soit de lance-roquettes soit de bolters lourds. Ces deux unit\u00e9s peuvent \u00eatre embarqu\u00e9es \u00e0 bord du Rhino Deimos pour un d\u00e9ploiement rapide. La force est compl\u00e9t\u00e9e par un \u00e9norme Leviathan Dreadnought, \u00e9quip\u00e9 d&#8217;armes \u00e0 longue port\u00e9e d\u00e9vastatrices.   <\/p>\n<p>Ce Box Set contient 22 miniatures en plastique en plusieurs parties :<\/p>\n<p>&#8211; 1x Leviathan Dreadnought avec armes \u00e0 distance<\/p>\n<p>&#8211; 1x Rhino en design Deimos<\/p>\n<p>&#8211; 10x l\u00e9gionnaires de la Tactical Squad MkVI<\/p>\n<p>&#8211; 10x l\u00e9gionnaires de l&#8217;escouade de soutien lourde MkVI<\/p>\n<p>Les miniatures de ce kit sont facilement personnalisables. La Heavy Support Squad peut \u00eatre construite avec des lance-roquettes perforants ou des bolters lourds d\u00e9truisant l&#8217;infanterie, et il est \u00e9galement possible de construire des l\u00e9gionnaires optionnels avec Nuncio-Vox et Vexilla. <\/p>\n<p>La Tactical Squad contient des pi\u00e8ces pour construire un sergent et des l\u00e9gionnaires optionnels avec Nuncio-Vox et Vexilla.<\/p>\n<p>Le Rhino de type Deimos peut \u00eatre \u00e9quip\u00e9 d&#8217;un lanceur Havoc mont\u00e9 sur un support rotatif, d&#8217;un bolter lourd, d&#8217;un lance-flammes lourd, d&#8217;un multi-melter ou d&#8217;un bolter combin\u00e9, d&#8217;un lance-flammes combin\u00e9, d&#8217;un combi-melter, d&#8217;un combi-plasma ou d&#8217;un combi-volkite, ainsi que de projecteurs de recherche, d&#8217;une lame de nivellement et d&#8217;un missile Hunter Killer.<\/p>\n<p>Le Leviathan Dreadnought dispose de trois armes lourdes au choix &#8211; une lance Melta cyclonique, un lance-bombes Grav-Flux et un canon d&#8217;assaut Leviathan, qui peuvent \u00eatre mont\u00e9s de chaque c\u00f4t\u00e9 de la coque.<\/p>\n<p>Ces miniatures n&#8217;ont pas de marqueurs sp\u00e9cifiques \u00e0 la l\u00e9gion, vous pouvez donc les utiliser dans n&#8217;importe quelle arm\u00e9e Legiones Astartes, que vous soyez fid\u00e8le \u00e0 l&#8217;Empereur ou que vous ayez rejoint Horus dans sa r\u00e9bellion.<\/p>\n<p>Ce kit contient 656 pi\u00e8ces en plastique, 1x base ronde Citadel (80 mm), 20x bases rondes Citadel (32 mm), 1x feuille de transfert d&#8217;infanterie Legiones Astartes avec 293 transferts d&#8217;eau coulissants de haute qualit\u00e9 et 2x feuilles de transfert de v\u00e9hicules Legiones Astartes avec 44 transferts d&#8217;eau coulissants de haute qualit\u00e9 chacune, qui vous permettent de personnaliser vos miniatures.<\/p>\n<p>Ces miniatures doivent \u00eatre assembl\u00e9es et sont livr\u00e9es non peintes &#8211; nous vous recommandons d&#8217;utiliser de la colle \u00e0 plastique Citadel et de la peinture Citadel.<\/p>\n","protected":false},"excerpt":{"rendered":"<p>Les forces des Legiones Astartes sont bas\u00e9es sur une infanterie d&#8217;\u00e9lite. \u00c9quip\u00e9es d&#8217;armures \u00e9nerg\u00e9tiques et d&#8217;armes capables de neutraliser n&#8217;importe<\/p>\n","protected":false},"featured_media":266082,"comment_status":"open","ping_status":"closed","template":"","meta":{"_acf_changed":false},"product_brand":[5078,5154],"product_cat":[9925,9927],"product_tag":[],"class_list":{"0":"post-313489","1":"product","2":"type-product","3":"status-publish","4":"has-post-thumbnail","6":"product_brand-games-workshop","7":"product_brand-warhammer","8":"product_cat-tabletop-fr","9":"product_cat-warhammer-40k-fr","11":"first","12":"instock","13":"sale","14":"taxable","15":"shipping-taxable","16":"purchasable","17":"product-type-variable"},"acf":[],"yoast_head":"<!-- This site is optimized with the Yoast SEO plugin v27.4 - https:\/\/yoast.com\/product\/yoast-seo-wordpress\/ -->\n<title>Ach\u00e8te Warhammer 40.000 - The Horus Heresy: Legiones Astartes<\/title>\n<meta name=\"description\" content=\"Ach\u00e8te Warhammer 40.000 - The Horus Heresy: Legiones Astartes en ligne maintenant \u00e0 petit prix! Ton #1 shop pour cartes TCG &amp; Pok\u00e9mon en Suisse \u2713 Livraison gratuite d\u00e8s CHF 29\" \/>\n<meta name=\"robots\" content=\"index, follow, max-snippet:-1, max-image-preview:large, max-video-preview:-1\" \/>\n<link rel=\"canonical\" href=\"https:\/\/theuncommonshop.ch\/fr\/product\/warhammer-40-000-the-horus-heresy-legiones-astartes-2\/\" \/>\n<meta property=\"og:locale\" content=\"fr_FR\" \/>\n<meta property=\"og:type\" content=\"article\" \/>\n<meta property=\"og:title\" content=\"Ach\u00e8te Warhammer 40.000 - The Horus Heresy: Legiones Astartes\" \/>\n<meta property=\"og:description\" content=\"Ach\u00e8te Warhammer 40.000 - The Horus Heresy: Legiones Astartes en ligne maintenant \u00e0 petit prix! Ton #1 shop pour cartes TCG &amp; Pok\u00e9mon en Suisse \u2713 Livraison gratuite d\u00e8s CHF 29\" \/>\n<meta property=\"og:url\" content=\"https:\/\/theuncommonshop.ch\/fr\/product\/warhammer-40-000-the-horus-heresy-legiones-astartes-2\/\" \/>\n<meta property=\"og:site_name\" content=\"The Uncommon Shop\" \/>\n<meta property=\"article:modified_time\" content=\"2026-03-08T20:37:01+00:00\" \/>\n<meta property=\"og:image\" content=\"https:\/\/theuncommonshop.ch\/wp-content\/uploads\/2025\/12\/5199250687.jpg\" \/>\n\t<meta property=\"og:image:width\" content=\"918\" \/>\n\t<meta property=\"og:image:height\" content=\"948\" \/>\n\t<meta property=\"og:image:type\" content=\"image\/jpeg\" \/>\n<meta name=\"twitter:card\" content=\"summary_large_image\" \/>\n<meta name=\"twitter:label1\" content=\"Disponibilit\u00e9\" \/>\n\t<meta name=\"twitter:data1\" content=\"En stock\" \/>\n<script type=\"application\/ld+json\" class=\"yoast-schema-graph\">{\"@context\":\"https:\\\/\\\/schema.org\",\"@graph\":[{\"@type\":\"WebPage\",\"@id\":\"https:\\\/\\\/theuncommonshop.ch\\\/fr\\\/product\\\/warhammer-40-000-the-horus-heresy-legiones-astartes-2\\\/\",\"url\":\"https:\\\/\\\/theuncommonshop.ch\\\/fr\\\/product\\\/warhammer-40-000-the-horus-heresy-legiones-astartes-2\\\/\",\"name\":\"Ach\u00e8te Warhammer 40.000 - The Horus Heresy: Legiones Astartes\",\"isPartOf\":{\"@id\":\"https:\\\/\\\/theuncommonshop.ch\\\/fr\\\/#website\"},\"primaryImageOfPage\":{\"@id\":\"https:\\\/\\\/theuncommonshop.ch\\\/fr\\\/product\\\/warhammer-40-000-the-horus-heresy-legiones-astartes-2\\\/#primaryimage\"},\"image\":{\"@id\":\"https:\\\/\\\/theuncommonshop.ch\\\/fr\\\/product\\\/warhammer-40-000-the-horus-heresy-legiones-astartes-2\\\/#primaryimage\"},\"thumbnailUrl\":\"https:\\\/\\\/theuncommonshop.ch\\\/wp-content\\\/uploads\\\/2025\\\/12\\\/5199250687.jpg\",\"datePublished\":\"2025-12-31T01:17:26+00:00\",\"dateModified\":\"2026-03-08T20:37:01+00:00\",\"description\":\"Ach\u00e8te Warhammer 40.000 - The Horus Heresy: Legiones Astartes en ligne maintenant \u00e0 petit prix! Ton #1 shop pour cartes TCG & Pok\u00e9mon en Suisse \u2713 Livraison gratuite d\u00e8s CHF 29\",\"breadcrumb\":{\"@id\":\"https:\\\/\\\/theuncommonshop.ch\\\/fr\\\/product\\\/warhammer-40-000-the-horus-heresy-legiones-astartes-2\\\/#breadcrumb\"},\"inLanguage\":\"fr-FR\",\"potentialAction\":[{\"@type\":\"ReadAction\",\"target\":[\"https:\\\/\\\/theuncommonshop.ch\\\/fr\\\/product\\\/warhammer-40-000-the-horus-heresy-legiones-astartes-2\\\/\"]}]},{\"@type\":\"ImageObject\",\"inLanguage\":\"fr-FR\",\"@id\":\"https:\\\/\\\/theuncommonshop.ch\\\/fr\\\/product\\\/warhammer-40-000-the-horus-heresy-legiones-astartes-2\\\/#primaryimage\",\"url\":\"https:\\\/\\\/theuncommonshop.ch\\\/wp-content\\\/uploads\\\/2025\\\/12\\\/5199250687.jpg\",\"contentUrl\":\"https:\\\/\\\/theuncommonshop.ch\\\/wp-content\\\/uploads\\\/2025\\\/12\\\/5199250687.jpg\",\"width\":918,\"height\":948},{\"@type\":\"BreadcrumbList\",\"@id\":\"https:\\\/\\\/theuncommonshop.ch\\\/fr\\\/product\\\/warhammer-40-000-the-horus-heresy-legiones-astartes-2\\\/#breadcrumb\",\"itemListElement\":[{\"@type\":\"ListItem\",\"position\":1,\"name\":\"Accueil\",\"item\":\"https:\\\/\\\/theuncommonshop.ch\\\/fr\\\/accueil\\\/\"},{\"@type\":\"ListItem\",\"position\":2,\"name\":\"Boutique\",\"item\":\"https:\\\/\\\/theuncommonshop.ch\\\/fr\\\/boutique\\\/\"},{\"@type\":\"ListItem\",\"position\":3,\"name\":\"Tabletop\",\"item\":\"https:\\\/\\\/theuncommonshop.ch\\\/fr\\\/categorie-produit\\\/tabletop-fr\\\/\"},{\"@type\":\"ListItem\",\"position\":4,\"name\":\"Warhammer 40k\",\"item\":\"https:\\\/\\\/theuncommonshop.ch\\\/fr\\\/categorie-produit\\\/tabletop-fr\\\/warhammer-40k-fr\\\/\"},{\"@type\":\"ListItem\",\"position\":5,\"name\":\"Warhammer 40.000 &#8211; The Horus Heresy: Legiones Astartes\"}]},{\"@type\":\"WebSite\",\"@id\":\"https:\\\/\\\/theuncommonshop.ch\\\/fr\\\/#website\",\"url\":\"https:\\\/\\\/theuncommonshop.ch\\\/fr\\\/\",\"name\":\"The Uncommon Shop\",\"description\":\"Magic, Pok\u00e9mon and Yu-gi-oh - The Uncommon Shop\",\"potentialAction\":[{\"@type\":\"SearchAction\",\"target\":{\"@type\":\"EntryPoint\",\"urlTemplate\":\"https:\\\/\\\/theuncommonshop.ch\\\/fr\\\/?s={search_term_string}\"},\"query-input\":{\"@type\":\"PropertyValueSpecification\",\"valueRequired\":true,\"valueName\":\"search_term_string\"}}],\"inLanguage\":\"fr-FR\"}]}<\/script>\n<meta property=\"og:availability\" content=\"instock\" \/>\n<meta property=\"product:availability\" content=\"instock\" \/>\n<meta property=\"product:condition\" content=\"new\" \/>\n<!-- \/ Yoast SEO plugin. -->","yoast_head_json":{"title":"Ach\u00e8te Warhammer 40.000 - The Horus Heresy: Legiones Astartes","description":"Ach\u00e8te Warhammer 40.000 - The Horus Heresy: Legiones Astartes en ligne maintenant \u00e0 petit prix! Ton #1 shop pour cartes TCG & Pok\u00e9mon en Suisse \u2713 Livraison gratuite d\u00e8s CHF 29","robots":{"index":"index","follow":"follow","max-snippet":"max-snippet:-1","max-image-preview":"max-image-preview:large","max-video-preview":"max-video-preview:-1"},"canonical":"https:\/\/theuncommonshop.ch\/fr\/product\/warhammer-40-000-the-horus-heresy-legiones-astartes-2\/","og_locale":"fr_FR","og_type":"article","og_title":"Ach\u00e8te Warhammer 40.000 - The Horus Heresy: Legiones Astartes","og_description":"Ach\u00e8te Warhammer 40.000 - The Horus Heresy: Legiones Astartes en ligne maintenant \u00e0 petit prix! Ton #1 shop pour cartes TCG & Pok\u00e9mon en Suisse \u2713 Livraison gratuite d\u00e8s CHF 29","og_url":"https:\/\/theuncommonshop.ch\/fr\/product\/warhammer-40-000-the-horus-heresy-legiones-astartes-2\/","og_site_name":"The Uncommon Shop","article_modified_time":"2026-03-08T20:37:01+00:00","og_image":[{"width":918,"height":948,"url":"https:\/\/theuncommonshop.ch\/wp-content\/uploads\/2025\/12\/5199250687.jpg","type":"image\/jpeg"}],"twitter_card":"summary_large_image","twitter_misc":{"Disponibilit\u00e9":"En stock"},"schema":{"@context":"https:\/\/schema.org","@graph":[{"@type":"WebPage","@id":"https:\/\/theuncommonshop.ch\/fr\/product\/warhammer-40-000-the-horus-heresy-legiones-astartes-2\/","url":"https:\/\/theuncommonshop.ch\/fr\/product\/warhammer-40-000-the-horus-heresy-legiones-astartes-2\/","name":"Ach\u00e8te Warhammer 40.000 - The Horus Heresy: Legiones Astartes","isPartOf":{"@id":"https:\/\/theuncommonshop.ch\/fr\/#website"},"primaryImageOfPage":{"@id":"https:\/\/theuncommonshop.ch\/fr\/product\/warhammer-40-000-the-horus-heresy-legiones-astartes-2\/#primaryimage"},"image":{"@id":"https:\/\/theuncommonshop.ch\/fr\/product\/warhammer-40-000-the-horus-heresy-legiones-astartes-2\/#primaryimage"},"thumbnailUrl":"https:\/\/theuncommonshop.ch\/wp-content\/uploads\/2025\/12\/5199250687.jpg","datePublished":"2025-12-31T01:17:26+00:00","dateModified":"2026-03-08T20:37:01+00:00","description":"Ach\u00e8te Warhammer 40.000 - The Horus Heresy: Legiones Astartes en ligne maintenant \u00e0 petit prix! Ton #1 shop pour cartes TCG & Pok\u00e9mon en Suisse \u2713 Livraison gratuite d\u00e8s CHF 29","breadcrumb":{"@id":"https:\/\/theuncommonshop.ch\/fr\/product\/warhammer-40-000-the-horus-heresy-legiones-astartes-2\/#breadcrumb"},"inLanguage":"fr-FR","potentialAction":[{"@type":"ReadAction","target":["https:\/\/theuncommonshop.ch\/fr\/product\/warhammer-40-000-the-horus-heresy-legiones-astartes-2\/"]}]},{"@type":"ImageObject","inLanguage":"fr-FR","@id":"https:\/\/theuncommonshop.ch\/fr\/product\/warhammer-40-000-the-horus-heresy-legiones-astartes-2\/#primaryimage","url":"https:\/\/theuncommonshop.ch\/wp-content\/uploads\/2025\/12\/5199250687.jpg","contentUrl":"https:\/\/theuncommonshop.ch\/wp-content\/uploads\/2025\/12\/5199250687.jpg","width":918,"height":948},{"@type":"BreadcrumbList","@id":"https:\/\/theuncommonshop.ch\/fr\/product\/warhammer-40-000-the-horus-heresy-legiones-astartes-2\/#breadcrumb","itemListElement":[{"@type":"ListItem","position":1,"name":"Accueil","item":"https:\/\/theuncommonshop.ch\/fr\/accueil\/"},{"@type":"ListItem","position":2,"name":"Boutique","item":"https:\/\/theuncommonshop.ch\/fr\/boutique\/"},{"@type":"ListItem","position":3,"name":"Tabletop","item":"https:\/\/theuncommonshop.ch\/fr\/categorie-produit\/tabletop-fr\/"},{"@type":"ListItem","position":4,"name":"Warhammer 40k","item":"https:\/\/theuncommonshop.ch\/fr\/categorie-produit\/tabletop-fr\/warhammer-40k-fr\/"},{"@type":"ListItem","position":5,"name":"Warhammer 40.000 &#8211; The Horus Heresy: Legiones Astartes"}]},{"@type":"WebSite","@id":"https:\/\/theuncommonshop.ch\/fr\/#website","url":"https:\/\/theuncommonshop.ch\/fr\/","name":"The Uncommon Shop","description":"Magic, Pok\u00e9mon and Yu-gi-oh - The Uncommon Shop","potentialAction":[{"@type":"SearchAction","target":{"@type":"EntryPoint","urlTemplate":"https:\/\/theuncommonshop.ch\/fr\/?s={search_term_string}"},"query-input":{"@type":"PropertyValueSpecification","valueRequired":true,"valueName":"search_term_string"}}],"inLanguage":"fr-FR"}]},"og_availability":"instock","product_availability":"instock","product_condition":"new"},"_links":{"self":[{"href":"https:\/\/theuncommonshop.ch\/fr\/wp-json\/wp\/v2\/product\/313489","targetHints":{"allow":["GET"]}}],"collection":[{"href":"https:\/\/theuncommonshop.ch\/fr\/wp-json\/wp\/v2\/product"}],"about":[{"href":"https:\/\/theuncommonshop.ch\/fr\/wp-json\/wp\/v2\/types\/product"}],"replies":[{"embeddable":true,"href":"https:\/\/theuncommonshop.ch\/fr\/wp-json\/wp\/v2\/comments?post=313489"}],"version-history":[{"count":0,"href":"https:\/\/theuncommonshop.ch\/fr\/wp-json\/wp\/v2\/product\/313489\/revisions"}],"wp:featuredmedia":[{"embeddable":true,"href":"https:\/\/theuncommonshop.ch\/fr\/wp-json\/wp\/v2\/media\/266082"}],"wp:attachment":[{"href":"https:\/\/theuncommonshop.ch\/fr\/wp-json\/wp\/v2\/media?parent=313489"}],"wp:term":[{"taxonomy":"product_brand","embeddable":true,"href":"https:\/\/theuncommonshop.ch\/fr\/wp-json\/wp\/v2\/product_brand?post=313489"},{"taxonomy":"product_cat","embeddable":true,"href":"https:\/\/theuncommonshop.ch\/fr\/wp-json\/wp\/v2\/product_cat?post=313489"},{"taxonomy":"product_tag","embeddable":true,"href":"https:\/\/theuncommonshop.ch\/fr\/wp-json\/wp\/v2\/product_tag?post=313489"}],"curies":[{"name":"wp","href":"https:\/\/api.w.org\/{rel}","templated":true}]}}