{"id":313479,"date":"2025-12-31T01:14:30","date_gmt":"2025-12-31T01:14:30","guid":{"rendered":"http:\/\/theuncommonshop.ch\/produkt\/313479\/"},"modified":"2026-03-31T18:35:11","modified_gmt":"2026-03-31T16:35:11","slug":"topps-inception-bundesliga-24-25-box-en-3","status":"publish","type":"product","link":"https:\/\/theuncommonshop.ch\/fr\/product\/topps-inception-bundesliga-24-25-box-en-3\/","title":{"rendered":"Topps &#8211; Inception &#8211; Bundesliga 24\/25 Box"},"content":{"rendered":"<p>7 cartes par bo\u00eete<\/p>\n<p>2 cartes d&#8217;autographes par bo\u00eete<\/p>\n<p>2 cartes parall\u00e8les num\u00e9rot\u00e9es par bo\u00eete<\/p>\n<p>3 cartes de base par bo\u00eete<\/p>\n<p>Cartes reliques et cartes reliques d\u00e9dicac\u00e9es disponibles dans des bo\u00eetes chanceuses<\/p>\n<p>Pr\u00e9parez-vous \u00e0 recevoir la premi\u00e8re collection Inception de la Bundesliga de tous les temps ! Ce coffret exclusif en ligne contient tous les meilleurs talents de la saison 2024\/25 avec deux cartes d&#8217;autographes et deux cartes num\u00e9rot\u00e9es dans chaque bo\u00eete ! Le coffret est rempli d&#8217;une s\u00e9lection impressionnante des plus grandes stars de la Bundesliga, ainsi que d&#8217;ic\u00f4nes l\u00e9gendaires et d&#8217;incroyables cartes reliques dans des bo\u00eetes porte-bonheur.  <\/p>\n<p>D\u00e9couvrez des joueurs exceptionnels dans &#8220;Star Quality&#8221; et &#8220;First XI&#8221; ainsi que les meilleurs talents \u00e9mergents dans &#8220;Emerging Stars&#8221; et &#8220;Next Gen&#8221;. Topps c\u00e9l\u00e8bre \u00e9galement la riche histoire de la Bundesliga avec une s\u00e9lection &#8220;Legacy&#8221; de haut niveau, comprenant Franz Beckenbauer, Oliver Bierhoff, Andi Herzog et Sepp Maier. Des cartes &#8220;Inception Point&#8221; sont \u00e9galement incluses, montrant les d\u00e9buts de superstars telles qu&#8217;Erling Haaland et Robert Lewandowski. Pour encore plus d&#8217;excitation, vous trouverez des cartes \u00e0 double d\u00e9dicace avec des paires de joueurs passionnantes, des joueurs exclusifs \u00e0 impression courte en &#8220;immersion&#8221; et des cartes &#8220;Legend Book&#8221; d\u00e9lirantes.   <\/p>\n<p>Topps Inception Bundesliga propose \u00e9galement une vari\u00e9t\u00e9 de cartes reliques, avec des bo\u00eetes s\u00e9lectionn\u00e9es contenant quelques hits vraiment sp\u00e9ciaux. Des cartes patch d&#8217;autographes avec les maillots des joueurs, des cartes reliques jumbo, des cartes reliques &#8220;Laundry Tag&#8221; et de nouvelles cartes &#8220;Bundesliga Letter Patch&#8221; font partie de cette collection sp\u00e9ciale. Jetez un coup d&#8217;\u0153il \u00e0 la liste de contr\u00f4le pour voir la liste compl\u00e8te des hits l\u00e9gendaires qui attendent d&#8217;\u00eatre d\u00e9couverts !  <\/p>\n","protected":false},"excerpt":{"rendered":"<p>7 cartes par bo\u00eete 2 cartes d&#8217;autographes par bo\u00eete 2 cartes parall\u00e8les num\u00e9rot\u00e9es par bo\u00eete 3 cartes de base par<\/p>\n","protected":false},"featured_media":265980,"comment_status":"open","ping_status":"closed","template":"","meta":{"_acf_changed":false},"product_brand":[5130],"product_cat":[10323,9797,10327],"product_tag":[],"class_list":{"0":"post-313479","1":"product","2":"type-product","3":"status-publish","4":"has-post-thumbnail","6":"product_brand-topps","7":"product_cat-cartes-sportives-topps","8":"product_cat-cartes-topps","9":"product_cat-topps-football","11":"first","12":"outofstock","13":"taxable","14":"shipping-taxable","15":"purchasable","16":"product-type-variable"},"acf":[],"yoast_head":"<!-- This site is optimized with the Yoast SEO plugin v27.4 - https:\/\/yoast.com\/product\/yoast-seo-wordpress\/ -->\n<title>Ach\u00e8te Topps - Inception - Bundesliga 24\/25 Box<\/title>\n<meta name=\"description\" content=\"Ach\u00e8te Topps - Inception - Bundesliga 24\/25 Box en ligne maintenant \u00e0 petit prix! Ton #1 shop pour cartes TCG &amp; Pok\u00e9mon en Suisse \u2713 Livraison gratuite d\u00e8s CHF 29\" \/>\n<meta name=\"robots\" content=\"index, follow, max-snippet:-1, max-image-preview:large, max-video-preview:-1\" \/>\n<link rel=\"canonical\" href=\"https:\/\/theuncommonshop.ch\/fr\/product\/topps-inception-bundesliga-24-25-box-en-3\/\" \/>\n<meta property=\"og:locale\" content=\"fr_FR\" \/>\n<meta property=\"og:type\" content=\"article\" \/>\n<meta property=\"og:title\" content=\"Ach\u00e8te Topps - Inception - Bundesliga 24\/25 Box\" \/>\n<meta property=\"og:description\" content=\"Ach\u00e8te Topps - Inception - Bundesliga 24\/25 Box en ligne maintenant \u00e0 petit prix! Ton #1 shop pour cartes TCG &amp; Pok\u00e9mon en Suisse \u2713 Livraison gratuite d\u00e8s CHF 29\" \/>\n<meta property=\"og:url\" content=\"https:\/\/theuncommonshop.ch\/fr\/product\/topps-inception-bundesliga-24-25-box-en-3\/\" \/>\n<meta property=\"og:site_name\" content=\"Largest trading card shop in Switzerland\" \/>\n<meta property=\"article:modified_time\" content=\"2026-03-31T16:35:11+00:00\" \/>\n<meta property=\"og:image\" content=\"https:\/\/theuncommonshop.ch\/wp-content\/uploads\/2025\/12\/5194578274.webp\" \/>\n\t<meta property=\"og:image:width\" content=\"1500\" \/>\n\t<meta property=\"og:image:height\" content=\"1500\" \/>\n\t<meta property=\"og:image:type\" content=\"image\/webp\" \/>\n<meta name=\"twitter:card\" content=\"summary_large_image\" \/>\n<meta name=\"twitter:label1\" content=\"Disponibilit\u00e9\" \/>\n\t<meta name=\"twitter:data1\" content=\"Rupture de stock\" \/>\n<script type=\"application\/ld+json\" class=\"yoast-schema-graph\">{\"@context\":\"https:\\\/\\\/schema.org\",\"@graph\":[{\"@type\":\"WebPage\",\"@id\":\"https:\\\/\\\/theuncommonshop.ch\\\/fr\\\/product\\\/topps-inception-bundesliga-24-25-box-en-3\\\/\",\"url\":\"https:\\\/\\\/theuncommonshop.ch\\\/fr\\\/product\\\/topps-inception-bundesliga-24-25-box-en-3\\\/\",\"name\":\"Ach\u00e8te Topps - Inception - Bundesliga 24\\\/25 Box\",\"isPartOf\":{\"@id\":\"https:\\\/\\\/theuncommonshop.ch\\\/#website\"},\"primaryImageOfPage\":{\"@id\":\"https:\\\/\\\/theuncommonshop.ch\\\/fr\\\/product\\\/topps-inception-bundesliga-24-25-box-en-3\\\/#primaryimage\"},\"image\":{\"@id\":\"https:\\\/\\\/theuncommonshop.ch\\\/fr\\\/product\\\/topps-inception-bundesliga-24-25-box-en-3\\\/#primaryimage\"},\"thumbnailUrl\":\"https:\\\/\\\/theuncommonshop.ch\\\/wp-content\\\/uploads\\\/2025\\\/12\\\/5194578274.webp\",\"datePublished\":\"2025-12-31T01:14:30+00:00\",\"dateModified\":\"2026-03-31T16:35:11+00:00\",\"description\":\"Ach\u00e8te Topps - Inception - Bundesliga 24\\\/25 Box en ligne maintenant \u00e0 petit prix! Ton #1 shop pour cartes TCG & Pok\u00e9mon en Suisse \u2713 Livraison gratuite d\u00e8s CHF 29\",\"breadcrumb\":{\"@id\":\"https:\\\/\\\/theuncommonshop.ch\\\/fr\\\/product\\\/topps-inception-bundesliga-24-25-box-en-3\\\/#breadcrumb\"},\"inLanguage\":\"fr-FR\",\"potentialAction\":[{\"@type\":\"ReadAction\",\"target\":[\"https:\\\/\\\/theuncommonshop.ch\\\/fr\\\/product\\\/topps-inception-bundesliga-24-25-box-en-3\\\/\"]}]},{\"@type\":\"ImageObject\",\"inLanguage\":\"fr-FR\",\"@id\":\"https:\\\/\\\/theuncommonshop.ch\\\/fr\\\/product\\\/topps-inception-bundesliga-24-25-box-en-3\\\/#primaryimage\",\"url\":\"https:\\\/\\\/theuncommonshop.ch\\\/wp-content\\\/uploads\\\/2025\\\/12\\\/5194578274.webp\",\"contentUrl\":\"https:\\\/\\\/theuncommonshop.ch\\\/wp-content\\\/uploads\\\/2025\\\/12\\\/5194578274.webp\",\"width\":1500,\"height\":1500},{\"@type\":\"BreadcrumbList\",\"@id\":\"https:\\\/\\\/theuncommonshop.ch\\\/fr\\\/product\\\/topps-inception-bundesliga-24-25-box-en-3\\\/#breadcrumb\",\"itemListElement\":[{\"@type\":\"ListItem\",\"position\":1,\"name\":\"Accueil\",\"item\":\"https:\\\/\\\/theuncommonshop.ch\\\/fr\\\/accueil\\\/\"},{\"@type\":\"ListItem\",\"position\":2,\"name\":\"Boutique\",\"item\":\"https:\\\/\\\/theuncommonshop.ch\\\/fr\\\/boutique\\\/\"},{\"@type\":\"ListItem\",\"position\":3,\"name\":\"Weitere Sammelkarten\",\"item\":\"https:\\\/\\\/theuncommonshop.ch\\\/produktkategorie\\\/weitere-sammelkarten\\\/\"},{\"@type\":\"ListItem\",\"position\":4,\"name\":\"Topps Karten\",\"item\":\"https:\\\/\\\/theuncommonshop.ch\\\/produktkategorie\\\/weitere-sammelkarten\\\/topps-karten\\\/\"},{\"@type\":\"ListItem\",\"position\":5,\"name\":\"Topps Sportkarten\",\"item\":\"https:\\\/\\\/theuncommonshop.ch\\\/produktkategorie\\\/weitere-sammelkarten\\\/topps-karten\\\/topps-sportkarten\\\/\"},{\"@type\":\"ListItem\",\"position\":6,\"name\":\"Topps Fussball\",\"item\":\"https:\\\/\\\/theuncommonshop.ch\\\/produktkategorie\\\/weitere-sammelkarten\\\/topps-karten\\\/topps-sportkarten\\\/topps-fussball\\\/\"},{\"@type\":\"ListItem\",\"position\":7,\"name\":\"Topps &#8211; Inception &#8211; Bundesliga 24\\\/25 Box\"}]},{\"@type\":\"WebSite\",\"@id\":\"https:\\\/\\\/theuncommonshop.ch\\\/#website\",\"url\":\"https:\\\/\\\/theuncommonshop.ch\\\/\",\"name\":\"Largest trading card shop in Switzerland\",\"description\":\"Magic, Pok\u00e9mon and Yu-gi-oh - The Uncommon Shop\",\"potentialAction\":[{\"@type\":\"SearchAction\",\"target\":{\"@type\":\"EntryPoint\",\"urlTemplate\":\"https:\\\/\\\/theuncommonshop.ch\\\/?s={search_term_string}\"},\"query-input\":{\"@type\":\"PropertyValueSpecification\",\"valueRequired\":true,\"valueName\":\"search_term_string\"}}],\"inLanguage\":\"fr-FR\"}]}<\/script>\n<meta property=\"og:availability\" content=\"out of stock\" \/>\n<meta property=\"product:availability\" content=\"out of stock\" \/>\n<meta property=\"product:retailer_item_id\" content=\"AL.SHOP.ToppsIncepBundesliga24\/25\" \/>\n<meta property=\"product:condition\" content=\"new\" \/>\n<!-- \/ Yoast SEO plugin. -->","yoast_head_json":{"title":"Ach\u00e8te Topps - Inception - Bundesliga 24\/25 Box","description":"Ach\u00e8te Topps - Inception - Bundesliga 24\/25 Box en ligne maintenant \u00e0 petit prix! Ton #1 shop pour cartes TCG & Pok\u00e9mon en Suisse \u2713 Livraison gratuite d\u00e8s CHF 29","robots":{"index":"index","follow":"follow","max-snippet":"max-snippet:-1","max-image-preview":"max-image-preview:large","max-video-preview":"max-video-preview:-1"},"canonical":"https:\/\/theuncommonshop.ch\/fr\/product\/topps-inception-bundesliga-24-25-box-en-3\/","og_locale":"fr_FR","og_type":"article","og_title":"Ach\u00e8te Topps - Inception - Bundesliga 24\/25 Box","og_description":"Ach\u00e8te Topps - Inception - Bundesliga 24\/25 Box en ligne maintenant \u00e0 petit prix! Ton #1 shop pour cartes TCG & Pok\u00e9mon en Suisse \u2713 Livraison gratuite d\u00e8s CHF 29","og_url":"https:\/\/theuncommonshop.ch\/fr\/product\/topps-inception-bundesliga-24-25-box-en-3\/","og_site_name":"Largest trading card shop in Switzerland","article_modified_time":"2026-03-31T16:35:11+00:00","og_image":[{"width":1500,"height":1500,"url":"https:\/\/theuncommonshop.ch\/wp-content\/uploads\/2025\/12\/5194578274.webp","type":"image\/webp"}],"twitter_card":"summary_large_image","twitter_misc":{"Disponibilit\u00e9":"Rupture de stock"},"schema":{"@context":"https:\/\/schema.org","@graph":[{"@type":"WebPage","@id":"https:\/\/theuncommonshop.ch\/fr\/product\/topps-inception-bundesliga-24-25-box-en-3\/","url":"https:\/\/theuncommonshop.ch\/fr\/product\/topps-inception-bundesliga-24-25-box-en-3\/","name":"Ach\u00e8te Topps - Inception - Bundesliga 24\/25 Box","isPartOf":{"@id":"https:\/\/theuncommonshop.ch\/#website"},"primaryImageOfPage":{"@id":"https:\/\/theuncommonshop.ch\/fr\/product\/topps-inception-bundesliga-24-25-box-en-3\/#primaryimage"},"image":{"@id":"https:\/\/theuncommonshop.ch\/fr\/product\/topps-inception-bundesliga-24-25-box-en-3\/#primaryimage"},"thumbnailUrl":"https:\/\/theuncommonshop.ch\/wp-content\/uploads\/2025\/12\/5194578274.webp","datePublished":"2025-12-31T01:14:30+00:00","dateModified":"2026-03-31T16:35:11+00:00","description":"Ach\u00e8te Topps - Inception - Bundesliga 24\/25 Box en ligne maintenant \u00e0 petit prix! Ton #1 shop pour cartes TCG & Pok\u00e9mon en Suisse \u2713 Livraison gratuite d\u00e8s CHF 29","breadcrumb":{"@id":"https:\/\/theuncommonshop.ch\/fr\/product\/topps-inception-bundesliga-24-25-box-en-3\/#breadcrumb"},"inLanguage":"fr-FR","potentialAction":[{"@type":"ReadAction","target":["https:\/\/theuncommonshop.ch\/fr\/product\/topps-inception-bundesliga-24-25-box-en-3\/"]}]},{"@type":"ImageObject","inLanguage":"fr-FR","@id":"https:\/\/theuncommonshop.ch\/fr\/product\/topps-inception-bundesliga-24-25-box-en-3\/#primaryimage","url":"https:\/\/theuncommonshop.ch\/wp-content\/uploads\/2025\/12\/5194578274.webp","contentUrl":"https:\/\/theuncommonshop.ch\/wp-content\/uploads\/2025\/12\/5194578274.webp","width":1500,"height":1500},{"@type":"BreadcrumbList","@id":"https:\/\/theuncommonshop.ch\/fr\/product\/topps-inception-bundesliga-24-25-box-en-3\/#breadcrumb","itemListElement":[{"@type":"ListItem","position":1,"name":"Accueil","item":"https:\/\/theuncommonshop.ch\/fr\/accueil\/"},{"@type":"ListItem","position":2,"name":"Boutique","item":"https:\/\/theuncommonshop.ch\/fr\/boutique\/"},{"@type":"ListItem","position":3,"name":"Weitere Sammelkarten","item":"https:\/\/theuncommonshop.ch\/produktkategorie\/weitere-sammelkarten\/"},{"@type":"ListItem","position":4,"name":"Topps Karten","item":"https:\/\/theuncommonshop.ch\/produktkategorie\/weitere-sammelkarten\/topps-karten\/"},{"@type":"ListItem","position":5,"name":"Topps Sportkarten","item":"https:\/\/theuncommonshop.ch\/produktkategorie\/weitere-sammelkarten\/topps-karten\/topps-sportkarten\/"},{"@type":"ListItem","position":6,"name":"Topps Fussball","item":"https:\/\/theuncommonshop.ch\/produktkategorie\/weitere-sammelkarten\/topps-karten\/topps-sportkarten\/topps-fussball\/"},{"@type":"ListItem","position":7,"name":"Topps &#8211; Inception &#8211; Bundesliga 24\/25 Box"}]},{"@type":"WebSite","@id":"https:\/\/theuncommonshop.ch\/#website","url":"https:\/\/theuncommonshop.ch\/","name":"Largest trading card shop in Switzerland","description":"Magic, Pok\u00e9mon and Yu-gi-oh - The Uncommon Shop","potentialAction":[{"@type":"SearchAction","target":{"@type":"EntryPoint","urlTemplate":"https:\/\/theuncommonshop.ch\/?s={search_term_string}"},"query-input":{"@type":"PropertyValueSpecification","valueRequired":true,"valueName":"search_term_string"}}],"inLanguage":"fr-FR"}]},"og_availability":"out of stock","product_availability":"out of stock","product_retailer_item_id":"AL.SHOP.ToppsIncepBundesliga24\/25","product_condition":"new"},"_links":{"self":[{"href":"https:\/\/theuncommonshop.ch\/fr\/wp-json\/wp\/v2\/product\/313479","targetHints":{"allow":["GET"]}}],"collection":[{"href":"https:\/\/theuncommonshop.ch\/fr\/wp-json\/wp\/v2\/product"}],"about":[{"href":"https:\/\/theuncommonshop.ch\/fr\/wp-json\/wp\/v2\/types\/product"}],"replies":[{"embeddable":true,"href":"https:\/\/theuncommonshop.ch\/fr\/wp-json\/wp\/v2\/comments?post=313479"}],"version-history":[{"count":2,"href":"https:\/\/theuncommonshop.ch\/fr\/wp-json\/wp\/v2\/product\/313479\/revisions"}],"predecessor-version":[{"id":364968,"href":"https:\/\/theuncommonshop.ch\/fr\/wp-json\/wp\/v2\/product\/313479\/revisions\/364968"}],"wp:featuredmedia":[{"embeddable":true,"href":"https:\/\/theuncommonshop.ch\/fr\/wp-json\/wp\/v2\/media\/265980"}],"wp:attachment":[{"href":"https:\/\/theuncommonshop.ch\/fr\/wp-json\/wp\/v2\/media?parent=313479"}],"wp:term":[{"taxonomy":"product_brand","embeddable":true,"href":"https:\/\/theuncommonshop.ch\/fr\/wp-json\/wp\/v2\/product_brand?post=313479"},{"taxonomy":"product_cat","embeddable":true,"href":"https:\/\/theuncommonshop.ch\/fr\/wp-json\/wp\/v2\/product_cat?post=313479"},{"taxonomy":"product_tag","embeddable":true,"href":"https:\/\/theuncommonshop.ch\/fr\/wp-json\/wp\/v2\/product_tag?post=313479"}],"curies":[{"name":"wp","href":"https:\/\/api.w.org\/{rel}","templated":true}]}}