{"id":313429,"date":"2025-12-31T01:04:36","date_gmt":"2025-12-31T01:04:36","guid":{"rendered":"http:\/\/theuncommonshop.ch\/produkt\/313429\/"},"modified":"2026-03-31T20:05:27","modified_gmt":"2026-03-31T18:05:27","slug":"bandai-banpresto-dragon-ball-match-makers-majin-buu-vs-ultimate-gohan-18cm-2","status":"publish","type":"product","link":"https:\/\/theuncommonshop.ch\/fr\/product\/bandai-banpresto-dragon-ball-match-makers-majin-buu-vs-ultimate-gohan-18cm-2\/","title":{"rendered":"Bandai &#8211; Banpresto &#8211; Dragon Ball &#8211; Match Makers &#8211; Majin Buu (VS Ultimate Gohan) &#8211; 18cm"},"content":{"rendered":"<p>La figurine &#8220;Ultimate Son Gohan&#8221; est vendue s\u00e9par\u00e9ment.<\/p>\n<p>D&#8217;une hauteur de 18 cm, l&#8217;ensemble de figurines Dragon Ball Z Match Makers Majin Buu Vs Ultimate Gohan est un must pour tous les fans de la c\u00e9l\u00e8bre s\u00e9rie d&#8217;Anime. Ce duo dynamique est repr\u00e9sent\u00e9 dans une pose de combat \u00e9pique, pr\u00eat pour une \u00e9preuve de force acharn\u00e9e. Majin Buu, le puissant et sinistre m\u00e9chant, affronte Ultimate Gohan, le guerrier ultime \u00e0 la force et \u00e0 la dext\u00e9rit\u00e9 incomparables. L&#8217;attention port\u00e9e aux d\u00e9tails dans cet ensemble de figurines est vraiment remarquable et capture l&#8217;essence des caract\u00e9ristiques et des personnalit\u00e9s uniques de chaque personnage. De l&#8217;expression mena\u00e7ante de Majin Buu \u00e0 l&#8217;attitude d\u00e9termin\u00e9e d&#8217;Ultimate Gohan, chaque d\u00e9tail a \u00e9t\u00e9 soigneusement travaill\u00e9 pour donner vie \u00e0 ces personnages embl\u00e9matiques. Que vous soyez un collectionneur cherchant \u00e0 enrichir votre collection de produits d\u00e9riv\u00e9s Dragon Ball Z ou un fan souhaitant montrer son amour pour la s\u00e9rie, cet ensemble de figurines vous impressionnera. Retrouvez l&#8217;excitation de Dragon Ball Z chez vous avec l&#8217;ensemble de figurines Match Makers Majin Buu Vs Ultimate Gohan et revivez les combats \u00e9piques de vos personnages pr\u00e9f\u00e9r\u00e9s.      <\/p>\n","protected":false},"excerpt":{"rendered":"<p>La figurine &#8220;Ultimate Son Gohan&#8221; est vendue s\u00e9par\u00e9ment. D&#8217;une hauteur de 18 cm, l&#8217;ensemble de figurines Dragon Ball Z Match<\/p>\n","protected":false},"featured_media":265642,"comment_status":"open","ping_status":"closed","template":"","meta":{"_acf_changed":false},"product_brand":[5144],"product_cat":[9911,9913,9923],"product_tag":[],"class_list":{"0":"post-313429","1":"product","2":"type-product","3":"status-publish","4":"has-post-thumbnail","6":"product_brand-bandai","7":"product_cat-collectibles-fr","8":"product_cat-figurines-danime","9":"product_cat-figurines-dragon-ball","11":"first","12":"outofstock","13":"taxable","14":"shipping-taxable","15":"purchasable","16":"product-type-simple"},"acf":[],"yoast_head":"<!-- This site is optimized with the Yoast SEO plugin v27.4 - https:\/\/yoast.com\/product\/yoast-seo-wordpress\/ -->\n<title>Ach\u00e8te Bandai - Banpresto - Dragon Ball - Match Makers - Majin Buu (VS Ultimate Gohan) - 18cm<\/title>\n<meta name=\"description\" content=\"Ach\u00e8te Bandai - Banpresto - Dragon Ball - Match Makers - Majin Buu (VS Ultimate Gohan) - 18cm en ligne maintenant \u00e0 petit prix! Ton #1 shop pour cartes TCG &amp; Pok\u00e9mon en Suisse \u2713 Livraison gratuite d\u00e8s CHF 29\" \/>\n<meta name=\"robots\" content=\"index, follow, max-snippet:-1, max-image-preview:large, max-video-preview:-1\" \/>\n<link rel=\"canonical\" href=\"https:\/\/theuncommonshop.ch\/fr\/product\/bandai-banpresto-dragon-ball-match-makers-majin-buu-vs-ultimate-gohan-18cm-2\/\" \/>\n<meta property=\"og:locale\" content=\"fr_FR\" \/>\n<meta property=\"og:type\" content=\"article\" \/>\n<meta property=\"og:title\" content=\"Ach\u00e8te Bandai - Banpresto - Dragon Ball - Match Makers - Majin Buu (VS Ultimate Gohan) - 18cm\" \/>\n<meta property=\"og:description\" content=\"Ach\u00e8te Bandai - Banpresto - Dragon Ball - Match Makers - Majin Buu (VS Ultimate Gohan) - 18cm en ligne maintenant \u00e0 petit prix! Ton #1 shop pour cartes TCG &amp; Pok\u00e9mon en Suisse \u2713 Livraison gratuite d\u00e8s CHF 29\" \/>\n<meta property=\"og:url\" content=\"https:\/\/theuncommonshop.ch\/fr\/product\/bandai-banpresto-dragon-ball-match-makers-majin-buu-vs-ultimate-gohan-18cm-2\/\" \/>\n<meta property=\"og:site_name\" content=\"The Uncommon Shop\" \/>\n<meta property=\"article:modified_time\" content=\"2026-03-31T18:05:27+00:00\" \/>\n<meta property=\"og:image\" content=\"https:\/\/theuncommonshop.ch\/wp-content\/uploads\/2025\/12\/5183821293.jpg\" \/>\n\t<meta property=\"og:image:width\" content=\"1000\" \/>\n\t<meta property=\"og:image:height\" content=\"1000\" \/>\n\t<meta property=\"og:image:type\" content=\"image\/jpeg\" \/>\n<meta name=\"twitter:card\" content=\"summary_large_image\" \/>\n<meta name=\"twitter:label1\" content=\"Prix\" \/>\n\t<meta name=\"twitter:data1\" content=\"&#067;&#072;&#070;&nbsp;36.95\" \/>\n\t<meta name=\"twitter:label2\" content=\"Disponibilit\u00e9\" \/>\n\t<meta name=\"twitter:data2\" content=\"Rupture de stock\" \/>\n<script type=\"application\/ld+json\" class=\"yoast-schema-graph\">{\"@context\":\"https:\\\/\\\/schema.org\",\"@graph\":[{\"@type\":\"WebPage\",\"@id\":\"https:\\\/\\\/theuncommonshop.ch\\\/fr\\\/product\\\/bandai-banpresto-dragon-ball-match-makers-majin-buu-vs-ultimate-gohan-18cm-2\\\/\",\"url\":\"https:\\\/\\\/theuncommonshop.ch\\\/fr\\\/product\\\/bandai-banpresto-dragon-ball-match-makers-majin-buu-vs-ultimate-gohan-18cm-2\\\/\",\"name\":\"Ach\u00e8te Bandai - Banpresto - Dragon Ball - Match Makers - Majin Buu (VS Ultimate Gohan) - 18cm\",\"isPartOf\":{\"@id\":\"https:\\\/\\\/theuncommonshop.ch\\\/fr\\\/#website\"},\"primaryImageOfPage\":{\"@id\":\"https:\\\/\\\/theuncommonshop.ch\\\/fr\\\/product\\\/bandai-banpresto-dragon-ball-match-makers-majin-buu-vs-ultimate-gohan-18cm-2\\\/#primaryimage\"},\"image\":{\"@id\":\"https:\\\/\\\/theuncommonshop.ch\\\/fr\\\/product\\\/bandai-banpresto-dragon-ball-match-makers-majin-buu-vs-ultimate-gohan-18cm-2\\\/#primaryimage\"},\"thumbnailUrl\":\"https:\\\/\\\/theuncommonshop.ch\\\/wp-content\\\/uploads\\\/2025\\\/12\\\/5183821293.jpg\",\"datePublished\":\"2025-12-31T01:04:36+00:00\",\"dateModified\":\"2026-03-31T18:05:27+00:00\",\"description\":\"Ach\u00e8te Bandai - Banpresto - Dragon Ball - Match Makers - Majin Buu (VS Ultimate Gohan) - 18cm en ligne maintenant \u00e0 petit prix! Ton #1 shop pour cartes TCG & Pok\u00e9mon en Suisse \u2713 Livraison gratuite d\u00e8s CHF 29\",\"breadcrumb\":{\"@id\":\"https:\\\/\\\/theuncommonshop.ch\\\/fr\\\/product\\\/bandai-banpresto-dragon-ball-match-makers-majin-buu-vs-ultimate-gohan-18cm-2\\\/#breadcrumb\"},\"inLanguage\":\"fr-FR\",\"potentialAction\":[{\"@type\":\"ReadAction\",\"target\":[\"https:\\\/\\\/theuncommonshop.ch\\\/fr\\\/product\\\/bandai-banpresto-dragon-ball-match-makers-majin-buu-vs-ultimate-gohan-18cm-2\\\/\"]}]},{\"@type\":\"ImageObject\",\"inLanguage\":\"fr-FR\",\"@id\":\"https:\\\/\\\/theuncommonshop.ch\\\/fr\\\/product\\\/bandai-banpresto-dragon-ball-match-makers-majin-buu-vs-ultimate-gohan-18cm-2\\\/#primaryimage\",\"url\":\"https:\\\/\\\/theuncommonshop.ch\\\/wp-content\\\/uploads\\\/2025\\\/12\\\/5183821293.jpg\",\"contentUrl\":\"https:\\\/\\\/theuncommonshop.ch\\\/wp-content\\\/uploads\\\/2025\\\/12\\\/5183821293.jpg\",\"width\":1000,\"height\":1000},{\"@type\":\"BreadcrumbList\",\"@id\":\"https:\\\/\\\/theuncommonshop.ch\\\/fr\\\/product\\\/bandai-banpresto-dragon-ball-match-makers-majin-buu-vs-ultimate-gohan-18cm-2\\\/#breadcrumb\",\"itemListElement\":[{\"@type\":\"ListItem\",\"position\":1,\"name\":\"Accueil\",\"item\":\"https:\\\/\\\/theuncommonshop.ch\\\/fr\\\/accueil\\\/\"},{\"@type\":\"ListItem\",\"position\":2,\"name\":\"Boutique\",\"item\":\"https:\\\/\\\/theuncommonshop.ch\\\/fr\\\/boutique\\\/\"},{\"@type\":\"ListItem\",\"position\":3,\"name\":\"Collectibles\",\"item\":\"https:\\\/\\\/theuncommonshop.ch\\\/fr\\\/categorie-produit\\\/collectibles-fr\\\/\"},{\"@type\":\"ListItem\",\"position\":4,\"name\":\"Figurines d'anime\",\"item\":\"https:\\\/\\\/theuncommonshop.ch\\\/fr\\\/categorie-produit\\\/collectibles-fr\\\/figurines-danime\\\/\"},{\"@type\":\"ListItem\",\"position\":5,\"name\":\"Figurines Dragon Ball\",\"item\":\"https:\\\/\\\/theuncommonshop.ch\\\/fr\\\/categorie-produit\\\/collectibles-fr\\\/figurines-danime\\\/figurines-dragon-ball\\\/\"},{\"@type\":\"ListItem\",\"position\":6,\"name\":\"Bandai &#8211; Banpresto &#8211; Dragon Ball &#8211; Match Makers &#8211; Majin Buu (VS Ultimate Gohan) &#8211; 18cm\"}]},{\"@type\":\"WebSite\",\"@id\":\"https:\\\/\\\/theuncommonshop.ch\\\/fr\\\/#website\",\"url\":\"https:\\\/\\\/theuncommonshop.ch\\\/fr\\\/\",\"name\":\"The Uncommon Shop\",\"description\":\"Magic, Pok\u00e9mon and Yu-gi-oh - The Uncommon Shop\",\"potentialAction\":[{\"@type\":\"SearchAction\",\"target\":{\"@type\":\"EntryPoint\",\"urlTemplate\":\"https:\\\/\\\/theuncommonshop.ch\\\/fr\\\/?s={search_term_string}\"},\"query-input\":{\"@type\":\"PropertyValueSpecification\",\"valueRequired\":true,\"valueName\":\"search_term_string\"}}],\"inLanguage\":\"fr-FR\"}]}<\/script>\n<meta property=\"product:price:amount\" content=\"36.95\" \/>\n<meta property=\"product:price:currency\" content=\"CHF\" \/>\n<meta property=\"og:availability\" content=\"out of stock\" \/>\n<meta property=\"product:availability\" content=\"out of stock\" \/>\n<meta property=\"product:retailer_item_id\" content=\"WR.A.BandaiDragonBallMatchMakMajinBuu18cm\" \/>\n<meta property=\"product:condition\" content=\"new\" \/>\n<!-- \/ Yoast SEO plugin. -->","yoast_head_json":{"title":"Ach\u00e8te Bandai - Banpresto - Dragon Ball - Match Makers - Majin Buu (VS Ultimate Gohan) - 18cm","description":"Ach\u00e8te Bandai - Banpresto - Dragon Ball - Match Makers - Majin Buu (VS Ultimate Gohan) - 18cm en ligne maintenant \u00e0 petit prix! Ton #1 shop pour cartes TCG & Pok\u00e9mon en Suisse \u2713 Livraison gratuite d\u00e8s CHF 29","robots":{"index":"index","follow":"follow","max-snippet":"max-snippet:-1","max-image-preview":"max-image-preview:large","max-video-preview":"max-video-preview:-1"},"canonical":"https:\/\/theuncommonshop.ch\/fr\/product\/bandai-banpresto-dragon-ball-match-makers-majin-buu-vs-ultimate-gohan-18cm-2\/","og_locale":"fr_FR","og_type":"article","og_title":"Ach\u00e8te Bandai - Banpresto - Dragon Ball - Match Makers - Majin Buu (VS Ultimate Gohan) - 18cm","og_description":"Ach\u00e8te Bandai - Banpresto - Dragon Ball - Match Makers - Majin Buu (VS Ultimate Gohan) - 18cm en ligne maintenant \u00e0 petit prix! Ton #1 shop pour cartes TCG & Pok\u00e9mon en Suisse \u2713 Livraison gratuite d\u00e8s CHF 29","og_url":"https:\/\/theuncommonshop.ch\/fr\/product\/bandai-banpresto-dragon-ball-match-makers-majin-buu-vs-ultimate-gohan-18cm-2\/","og_site_name":"The Uncommon Shop","article_modified_time":"2026-03-31T18:05:27+00:00","og_image":[{"width":1000,"height":1000,"url":"https:\/\/theuncommonshop.ch\/wp-content\/uploads\/2025\/12\/5183821293.jpg","type":"image\/jpeg"}],"twitter_card":"summary_large_image","twitter_misc":{"Prix":"&#67;&#72;&#70;&nbsp;36.95","Disponibilit\u00e9":"Rupture de stock"},"schema":{"@context":"https:\/\/schema.org","@graph":[{"@type":"WebPage","@id":"https:\/\/theuncommonshop.ch\/fr\/product\/bandai-banpresto-dragon-ball-match-makers-majin-buu-vs-ultimate-gohan-18cm-2\/","url":"https:\/\/theuncommonshop.ch\/fr\/product\/bandai-banpresto-dragon-ball-match-makers-majin-buu-vs-ultimate-gohan-18cm-2\/","name":"Ach\u00e8te Bandai - Banpresto - Dragon Ball - Match Makers - Majin Buu (VS Ultimate Gohan) - 18cm","isPartOf":{"@id":"https:\/\/theuncommonshop.ch\/fr\/#website"},"primaryImageOfPage":{"@id":"https:\/\/theuncommonshop.ch\/fr\/product\/bandai-banpresto-dragon-ball-match-makers-majin-buu-vs-ultimate-gohan-18cm-2\/#primaryimage"},"image":{"@id":"https:\/\/theuncommonshop.ch\/fr\/product\/bandai-banpresto-dragon-ball-match-makers-majin-buu-vs-ultimate-gohan-18cm-2\/#primaryimage"},"thumbnailUrl":"https:\/\/theuncommonshop.ch\/wp-content\/uploads\/2025\/12\/5183821293.jpg","datePublished":"2025-12-31T01:04:36+00:00","dateModified":"2026-03-31T18:05:27+00:00","description":"Ach\u00e8te Bandai - Banpresto - Dragon Ball - Match Makers - Majin Buu (VS Ultimate Gohan) - 18cm en ligne maintenant \u00e0 petit prix! Ton #1 shop pour cartes TCG & Pok\u00e9mon en Suisse \u2713 Livraison gratuite d\u00e8s CHF 29","breadcrumb":{"@id":"https:\/\/theuncommonshop.ch\/fr\/product\/bandai-banpresto-dragon-ball-match-makers-majin-buu-vs-ultimate-gohan-18cm-2\/#breadcrumb"},"inLanguage":"fr-FR","potentialAction":[{"@type":"ReadAction","target":["https:\/\/theuncommonshop.ch\/fr\/product\/bandai-banpresto-dragon-ball-match-makers-majin-buu-vs-ultimate-gohan-18cm-2\/"]}]},{"@type":"ImageObject","inLanguage":"fr-FR","@id":"https:\/\/theuncommonshop.ch\/fr\/product\/bandai-banpresto-dragon-ball-match-makers-majin-buu-vs-ultimate-gohan-18cm-2\/#primaryimage","url":"https:\/\/theuncommonshop.ch\/wp-content\/uploads\/2025\/12\/5183821293.jpg","contentUrl":"https:\/\/theuncommonshop.ch\/wp-content\/uploads\/2025\/12\/5183821293.jpg","width":1000,"height":1000},{"@type":"BreadcrumbList","@id":"https:\/\/theuncommonshop.ch\/fr\/product\/bandai-banpresto-dragon-ball-match-makers-majin-buu-vs-ultimate-gohan-18cm-2\/#breadcrumb","itemListElement":[{"@type":"ListItem","position":1,"name":"Accueil","item":"https:\/\/theuncommonshop.ch\/fr\/accueil\/"},{"@type":"ListItem","position":2,"name":"Boutique","item":"https:\/\/theuncommonshop.ch\/fr\/boutique\/"},{"@type":"ListItem","position":3,"name":"Collectibles","item":"https:\/\/theuncommonshop.ch\/fr\/categorie-produit\/collectibles-fr\/"},{"@type":"ListItem","position":4,"name":"Figurines d'anime","item":"https:\/\/theuncommonshop.ch\/fr\/categorie-produit\/collectibles-fr\/figurines-danime\/"},{"@type":"ListItem","position":5,"name":"Figurines Dragon Ball","item":"https:\/\/theuncommonshop.ch\/fr\/categorie-produit\/collectibles-fr\/figurines-danime\/figurines-dragon-ball\/"},{"@type":"ListItem","position":6,"name":"Bandai &#8211; Banpresto &#8211; Dragon Ball &#8211; Match Makers &#8211; Majin Buu (VS Ultimate Gohan) &#8211; 18cm"}]},{"@type":"WebSite","@id":"https:\/\/theuncommonshop.ch\/fr\/#website","url":"https:\/\/theuncommonshop.ch\/fr\/","name":"The Uncommon Shop","description":"Magic, Pok\u00e9mon and Yu-gi-oh - The Uncommon Shop","potentialAction":[{"@type":"SearchAction","target":{"@type":"EntryPoint","urlTemplate":"https:\/\/theuncommonshop.ch\/fr\/?s={search_term_string}"},"query-input":{"@type":"PropertyValueSpecification","valueRequired":true,"valueName":"search_term_string"}}],"inLanguage":"fr-FR"}]},"product_price_amount":"36.95","product_price_currency":"CHF","og_availability":"out of stock","product_availability":"out of stock","product_retailer_item_id":"WR.A.BandaiDragonBallMatchMakMajinBuu18cm","product_condition":"new"},"_links":{"self":[{"href":"https:\/\/theuncommonshop.ch\/fr\/wp-json\/wp\/v2\/product\/313429","targetHints":{"allow":["GET"]}}],"collection":[{"href":"https:\/\/theuncommonshop.ch\/fr\/wp-json\/wp\/v2\/product"}],"about":[{"href":"https:\/\/theuncommonshop.ch\/fr\/wp-json\/wp\/v2\/types\/product"}],"replies":[{"embeddable":true,"href":"https:\/\/theuncommonshop.ch\/fr\/wp-json\/wp\/v2\/comments?post=313429"}],"version-history":[{"count":0,"href":"https:\/\/theuncommonshop.ch\/fr\/wp-json\/wp\/v2\/product\/313429\/revisions"}],"wp:featuredmedia":[{"embeddable":true,"href":"https:\/\/theuncommonshop.ch\/fr\/wp-json\/wp\/v2\/media\/265642"}],"wp:attachment":[{"href":"https:\/\/theuncommonshop.ch\/fr\/wp-json\/wp\/v2\/media?parent=313429"}],"wp:term":[{"taxonomy":"product_brand","embeddable":true,"href":"https:\/\/theuncommonshop.ch\/fr\/wp-json\/wp\/v2\/product_brand?post=313429"},{"taxonomy":"product_cat","embeddable":true,"href":"https:\/\/theuncommonshop.ch\/fr\/wp-json\/wp\/v2\/product_cat?post=313429"},{"taxonomy":"product_tag","embeddable":true,"href":"https:\/\/theuncommonshop.ch\/fr\/wp-json\/wp\/v2\/product_tag?post=313429"}],"curies":[{"name":"wp","href":"https:\/\/api.w.org\/{rel}","templated":true}]}}