{"id":313415,"date":"2025-12-31T01:03:35","date_gmt":"2025-12-31T01:03:35","guid":{"rendered":"http:\/\/theuncommonshop.ch\/produkt\/313415\/"},"modified":"2026-03-08T21:36:34","modified_gmt":"2026-03-08T20:36:34","slug":"bandai-banpresto-demon-slayer-demon-series-ex-akaza-17cm-3","status":"publish","type":"product","link":"https:\/\/theuncommonshop.ch\/fr\/product\/bandai-banpresto-demon-slayer-demon-series-ex-akaza-17cm-3\/","title":{"rendered":"Bandai &#8211; Banpresto &#8211; Demon Slayer &#8211; Demon Series-EX &#8211; Akaza &#8211; 17cm"},"content":{"rendered":"<p>D&#8217;une hauteur de 17 cm, cette figurine de la s\u00e9rie &#8220;Demon Slayer : Kimetsu no Yaiba &#8211; Demon Series-EX&#8221; mettant en sc\u00e8ne Enmu et Akaza est un must pour tout fan de la s\u00e9rie \u00e0 succ\u00e8s de l&#8217;Anime. Cette figurine au design \u00e9labor\u00e9 pr\u00e9sente les d\u00e9mons f\u00e9roces et puissants dans des d\u00e9tails exquis, capturant leur pr\u00e9sence mena\u00e7ante et leurs capacit\u00e9s mortelles. Enmu et Akaza sont deux des d\u00e9mons les plus redoutables de l&#8217;univers Demon Slayer, connus pour leur force incroyable et leurs pouvoirs uniques. Cette figurine capture parfaitement l&#8217;essence de ces personnages, de la stature imposante d&#8217;Akaza \u00e0 l&#8217;apparence inqui\u00e9tante et d&#8217;outre-tombe d&#8217;Enmu. Chaque figurine est fabriqu\u00e9e dans les r\u00e8gles de l&#8217;art \u00e0 partir de mat\u00e9riaux de qualit\u00e9 sup\u00e9rieure, ce qui lui conf\u00e8re une durabilit\u00e9 et un niveau de d\u00e9tail \u00e9poustouflant qui impressionnera m\u00eame les collectionneurs les plus exigeants. Que ce soit sur une \u00e9tag\u00e8re ou dans le cadre d&#8217;une plus grande collection, cette figurine est \u00e0 coup s\u00fbr une pi\u00e8ce exceptionnelle qui capture l&#8217;esprit de Demon Slayer : Kimetsu no Yaiba. Faites entrer le duo dynamique Enmu et Akaza chez vous avec cette figurine exceptionnelle et vivez l&#8217;excitation de l&#8217;univers de Demon Slayer dans votre propre maison.<\/p>\n","protected":false},"excerpt":{"rendered":"<p>D&#8217;une hauteur de 17 cm, cette figurine de la s\u00e9rie &#8220;Demon Slayer : Kimetsu no Yaiba &#8211; Demon Series-EX&#8221; mettant<\/p>\n","protected":false},"featured_media":265610,"comment_status":"open","ping_status":"closed","template":"","meta":{"_acf_changed":false},"product_brand":[5144],"product_cat":[9911,9913],"product_tag":[],"class_list":{"0":"post-313415","1":"product","2":"type-product","3":"status-publish","4":"has-post-thumbnail","6":"product_brand-bandai","7":"product_cat-collectibles-fr","8":"product_cat-figurines-danime","10":"first","11":"instock","12":"sale","13":"taxable","14":"shipping-taxable","15":"purchasable","16":"product-type-simple"},"acf":[],"yoast_head":"<!-- This site is optimized with the Yoast SEO plugin v27.4 - https:\/\/yoast.com\/product\/yoast-seo-wordpress\/ -->\n<title>Ach\u00e8te Bandai - Banpresto - Demon Slayer - Demon Series-EX - Akaza - 17cm<\/title>\n<meta name=\"description\" content=\"Ach\u00e8te Bandai - Banpresto - Demon Slayer - Demon Series-EX - Akaza - 17cm en ligne maintenant \u00e0 petit prix! Ton #1 shop pour cartes TCG &amp; Pok\u00e9mon en Suisse \u2713 Livraison gratuite d\u00e8s CHF 29\" \/>\n<meta name=\"robots\" content=\"index, follow, max-snippet:-1, max-image-preview:large, max-video-preview:-1\" \/>\n<link rel=\"canonical\" href=\"https:\/\/theuncommonshop.ch\/fr\/product\/bandai-banpresto-demon-slayer-demon-series-ex-akaza-17cm-3\/\" \/>\n<meta property=\"og:locale\" content=\"fr_FR\" \/>\n<meta property=\"og:type\" content=\"article\" \/>\n<meta property=\"og:title\" content=\"Ach\u00e8te Bandai - Banpresto - Demon Slayer - Demon Series-EX - Akaza - 17cm\" \/>\n<meta property=\"og:description\" content=\"Ach\u00e8te Bandai - Banpresto - Demon Slayer - Demon Series-EX - Akaza - 17cm en ligne maintenant \u00e0 petit prix! Ton #1 shop pour cartes TCG &amp; Pok\u00e9mon en Suisse \u2713 Livraison gratuite d\u00e8s CHF 29\" \/>\n<meta property=\"og:url\" content=\"https:\/\/theuncommonshop.ch\/fr\/product\/bandai-banpresto-demon-slayer-demon-series-ex-akaza-17cm-3\/\" \/>\n<meta property=\"og:site_name\" content=\"The Uncommon Shop\" \/>\n<meta property=\"article:modified_time\" content=\"2026-03-08T20:36:34+00:00\" \/>\n<meta property=\"og:image\" content=\"https:\/\/theuncommonshop.ch\/wp-content\/uploads\/2025\/12\/5183536082.jpg\" \/>\n\t<meta property=\"og:image:width\" content=\"1000\" \/>\n\t<meta property=\"og:image:height\" content=\"1000\" \/>\n\t<meta property=\"og:image:type\" content=\"image\/jpeg\" \/>\n<meta name=\"twitter:card\" content=\"summary_large_image\" \/>\n<meta name=\"twitter:label1\" content=\"Prix\" \/>\n\t<meta name=\"twitter:data1\" content=\"&#067;&#072;&#070;&nbsp;29.95\" \/>\n\t<meta name=\"twitter:label2\" content=\"Disponibilit\u00e9\" \/>\n\t<meta name=\"twitter:data2\" content=\"En stock\" \/>\n<script type=\"application\/ld+json\" class=\"yoast-schema-graph\">{\"@context\":\"https:\\\/\\\/schema.org\",\"@graph\":[{\"@type\":\"WebPage\",\"@id\":\"https:\\\/\\\/theuncommonshop.ch\\\/fr\\\/product\\\/bandai-banpresto-demon-slayer-demon-series-ex-akaza-17cm-3\\\/\",\"url\":\"https:\\\/\\\/theuncommonshop.ch\\\/fr\\\/product\\\/bandai-banpresto-demon-slayer-demon-series-ex-akaza-17cm-3\\\/\",\"name\":\"Ach\u00e8te Bandai - Banpresto - Demon Slayer - Demon Series-EX - Akaza - 17cm\",\"isPartOf\":{\"@id\":\"https:\\\/\\\/theuncommonshop.ch\\\/fr\\\/#website\"},\"primaryImageOfPage\":{\"@id\":\"https:\\\/\\\/theuncommonshop.ch\\\/fr\\\/product\\\/bandai-banpresto-demon-slayer-demon-series-ex-akaza-17cm-3\\\/#primaryimage\"},\"image\":{\"@id\":\"https:\\\/\\\/theuncommonshop.ch\\\/fr\\\/product\\\/bandai-banpresto-demon-slayer-demon-series-ex-akaza-17cm-3\\\/#primaryimage\"},\"thumbnailUrl\":\"https:\\\/\\\/theuncommonshop.ch\\\/wp-content\\\/uploads\\\/2025\\\/12\\\/5183536082.jpg\",\"datePublished\":\"2025-12-31T01:03:35+00:00\",\"dateModified\":\"2026-03-08T20:36:34+00:00\",\"description\":\"Ach\u00e8te Bandai - Banpresto - Demon Slayer - Demon Series-EX - Akaza - 17cm en ligne maintenant \u00e0 petit prix! Ton #1 shop pour cartes TCG & Pok\u00e9mon en Suisse \u2713 Livraison gratuite d\u00e8s CHF 29\",\"breadcrumb\":{\"@id\":\"https:\\\/\\\/theuncommonshop.ch\\\/fr\\\/product\\\/bandai-banpresto-demon-slayer-demon-series-ex-akaza-17cm-3\\\/#breadcrumb\"},\"inLanguage\":\"fr-FR\",\"potentialAction\":[{\"@type\":\"ReadAction\",\"target\":[\"https:\\\/\\\/theuncommonshop.ch\\\/fr\\\/product\\\/bandai-banpresto-demon-slayer-demon-series-ex-akaza-17cm-3\\\/\"]}]},{\"@type\":\"ImageObject\",\"inLanguage\":\"fr-FR\",\"@id\":\"https:\\\/\\\/theuncommonshop.ch\\\/fr\\\/product\\\/bandai-banpresto-demon-slayer-demon-series-ex-akaza-17cm-3\\\/#primaryimage\",\"url\":\"https:\\\/\\\/theuncommonshop.ch\\\/wp-content\\\/uploads\\\/2025\\\/12\\\/5183536082.jpg\",\"contentUrl\":\"https:\\\/\\\/theuncommonshop.ch\\\/wp-content\\\/uploads\\\/2025\\\/12\\\/5183536082.jpg\",\"width\":1000,\"height\":1000},{\"@type\":\"BreadcrumbList\",\"@id\":\"https:\\\/\\\/theuncommonshop.ch\\\/fr\\\/product\\\/bandai-banpresto-demon-slayer-demon-series-ex-akaza-17cm-3\\\/#breadcrumb\",\"itemListElement\":[{\"@type\":\"ListItem\",\"position\":1,\"name\":\"Accueil\",\"item\":\"https:\\\/\\\/theuncommonshop.ch\\\/fr\\\/accueil\\\/\"},{\"@type\":\"ListItem\",\"position\":2,\"name\":\"Boutique\",\"item\":\"https:\\\/\\\/theuncommonshop.ch\\\/fr\\\/boutique\\\/\"},{\"@type\":\"ListItem\",\"position\":3,\"name\":\"Collectibles\",\"item\":\"https:\\\/\\\/theuncommonshop.ch\\\/fr\\\/categorie-produit\\\/collectibles-fr\\\/\"},{\"@type\":\"ListItem\",\"position\":4,\"name\":\"Figurines d'anime\",\"item\":\"https:\\\/\\\/theuncommonshop.ch\\\/fr\\\/categorie-produit\\\/collectibles-fr\\\/figurines-danime\\\/\"},{\"@type\":\"ListItem\",\"position\":5,\"name\":\"Bandai &#8211; Banpresto &#8211; Demon Slayer &#8211; Demon Series-EX &#8211; Akaza &#8211; 17cm\"}]},{\"@type\":\"WebSite\",\"@id\":\"https:\\\/\\\/theuncommonshop.ch\\\/fr\\\/#website\",\"url\":\"https:\\\/\\\/theuncommonshop.ch\\\/fr\\\/\",\"name\":\"The Uncommon Shop\",\"description\":\"Magic, Pok\u00e9mon and Yu-gi-oh - The Uncommon Shop\",\"potentialAction\":[{\"@type\":\"SearchAction\",\"target\":{\"@type\":\"EntryPoint\",\"urlTemplate\":\"https:\\\/\\\/theuncommonshop.ch\\\/fr\\\/?s={search_term_string}\"},\"query-input\":{\"@type\":\"PropertyValueSpecification\",\"valueRequired\":true,\"valueName\":\"search_term_string\"}}],\"inLanguage\":\"fr-FR\"}]}<\/script>\n<meta property=\"product:price:amount\" content=\"29.95\" \/>\n<meta property=\"product:price:currency\" content=\"CHF\" \/>\n<meta property=\"og:availability\" content=\"instock\" \/>\n<meta property=\"product:availability\" content=\"instock\" \/>\n<meta property=\"product:retailer_item_id\" content=\"WR.B.BandaiDemonSlayerAkaza17cm\" \/>\n<meta property=\"product:condition\" content=\"new\" \/>\n<!-- \/ Yoast SEO plugin. -->","yoast_head_json":{"title":"Ach\u00e8te Bandai - Banpresto - Demon Slayer - Demon Series-EX - Akaza - 17cm","description":"Ach\u00e8te Bandai - Banpresto - Demon Slayer - Demon Series-EX - Akaza - 17cm en ligne maintenant \u00e0 petit prix! Ton #1 shop pour cartes TCG & Pok\u00e9mon en Suisse \u2713 Livraison gratuite d\u00e8s CHF 29","robots":{"index":"index","follow":"follow","max-snippet":"max-snippet:-1","max-image-preview":"max-image-preview:large","max-video-preview":"max-video-preview:-1"},"canonical":"https:\/\/theuncommonshop.ch\/fr\/product\/bandai-banpresto-demon-slayer-demon-series-ex-akaza-17cm-3\/","og_locale":"fr_FR","og_type":"article","og_title":"Ach\u00e8te Bandai - Banpresto - Demon Slayer - Demon Series-EX - Akaza - 17cm","og_description":"Ach\u00e8te Bandai - Banpresto - Demon Slayer - Demon Series-EX - Akaza - 17cm en ligne maintenant \u00e0 petit prix! Ton #1 shop pour cartes TCG & Pok\u00e9mon en Suisse \u2713 Livraison gratuite d\u00e8s CHF 29","og_url":"https:\/\/theuncommonshop.ch\/fr\/product\/bandai-banpresto-demon-slayer-demon-series-ex-akaza-17cm-3\/","og_site_name":"The Uncommon Shop","article_modified_time":"2026-03-08T20:36:34+00:00","og_image":[{"width":1000,"height":1000,"url":"https:\/\/theuncommonshop.ch\/wp-content\/uploads\/2025\/12\/5183536082.jpg","type":"image\/jpeg"}],"twitter_card":"summary_large_image","twitter_misc":{"Prix":"&#67;&#72;&#70;&nbsp;29.95","Disponibilit\u00e9":"En stock"},"schema":{"@context":"https:\/\/schema.org","@graph":[{"@type":"WebPage","@id":"https:\/\/theuncommonshop.ch\/fr\/product\/bandai-banpresto-demon-slayer-demon-series-ex-akaza-17cm-3\/","url":"https:\/\/theuncommonshop.ch\/fr\/product\/bandai-banpresto-demon-slayer-demon-series-ex-akaza-17cm-3\/","name":"Ach\u00e8te Bandai - Banpresto - Demon Slayer - Demon Series-EX - Akaza - 17cm","isPartOf":{"@id":"https:\/\/theuncommonshop.ch\/fr\/#website"},"primaryImageOfPage":{"@id":"https:\/\/theuncommonshop.ch\/fr\/product\/bandai-banpresto-demon-slayer-demon-series-ex-akaza-17cm-3\/#primaryimage"},"image":{"@id":"https:\/\/theuncommonshop.ch\/fr\/product\/bandai-banpresto-demon-slayer-demon-series-ex-akaza-17cm-3\/#primaryimage"},"thumbnailUrl":"https:\/\/theuncommonshop.ch\/wp-content\/uploads\/2025\/12\/5183536082.jpg","datePublished":"2025-12-31T01:03:35+00:00","dateModified":"2026-03-08T20:36:34+00:00","description":"Ach\u00e8te Bandai - Banpresto - Demon Slayer - Demon Series-EX - Akaza - 17cm en ligne maintenant \u00e0 petit prix! Ton #1 shop pour cartes TCG & Pok\u00e9mon en Suisse \u2713 Livraison gratuite d\u00e8s CHF 29","breadcrumb":{"@id":"https:\/\/theuncommonshop.ch\/fr\/product\/bandai-banpresto-demon-slayer-demon-series-ex-akaza-17cm-3\/#breadcrumb"},"inLanguage":"fr-FR","potentialAction":[{"@type":"ReadAction","target":["https:\/\/theuncommonshop.ch\/fr\/product\/bandai-banpresto-demon-slayer-demon-series-ex-akaza-17cm-3\/"]}]},{"@type":"ImageObject","inLanguage":"fr-FR","@id":"https:\/\/theuncommonshop.ch\/fr\/product\/bandai-banpresto-demon-slayer-demon-series-ex-akaza-17cm-3\/#primaryimage","url":"https:\/\/theuncommonshop.ch\/wp-content\/uploads\/2025\/12\/5183536082.jpg","contentUrl":"https:\/\/theuncommonshop.ch\/wp-content\/uploads\/2025\/12\/5183536082.jpg","width":1000,"height":1000},{"@type":"BreadcrumbList","@id":"https:\/\/theuncommonshop.ch\/fr\/product\/bandai-banpresto-demon-slayer-demon-series-ex-akaza-17cm-3\/#breadcrumb","itemListElement":[{"@type":"ListItem","position":1,"name":"Accueil","item":"https:\/\/theuncommonshop.ch\/fr\/accueil\/"},{"@type":"ListItem","position":2,"name":"Boutique","item":"https:\/\/theuncommonshop.ch\/fr\/boutique\/"},{"@type":"ListItem","position":3,"name":"Collectibles","item":"https:\/\/theuncommonshop.ch\/fr\/categorie-produit\/collectibles-fr\/"},{"@type":"ListItem","position":4,"name":"Figurines d'anime","item":"https:\/\/theuncommonshop.ch\/fr\/categorie-produit\/collectibles-fr\/figurines-danime\/"},{"@type":"ListItem","position":5,"name":"Bandai &#8211; Banpresto &#8211; Demon Slayer &#8211; Demon Series-EX &#8211; Akaza &#8211; 17cm"}]},{"@type":"WebSite","@id":"https:\/\/theuncommonshop.ch\/fr\/#website","url":"https:\/\/theuncommonshop.ch\/fr\/","name":"The Uncommon Shop","description":"Magic, Pok\u00e9mon and Yu-gi-oh - The Uncommon Shop","potentialAction":[{"@type":"SearchAction","target":{"@type":"EntryPoint","urlTemplate":"https:\/\/theuncommonshop.ch\/fr\/?s={search_term_string}"},"query-input":{"@type":"PropertyValueSpecification","valueRequired":true,"valueName":"search_term_string"}}],"inLanguage":"fr-FR"}]},"product_price_amount":"29.95","product_price_currency":"CHF","og_availability":"instock","product_availability":"instock","product_retailer_item_id":"WR.B.BandaiDemonSlayerAkaza17cm","product_condition":"new"},"_links":{"self":[{"href":"https:\/\/theuncommonshop.ch\/fr\/wp-json\/wp\/v2\/product\/313415","targetHints":{"allow":["GET"]}}],"collection":[{"href":"https:\/\/theuncommonshop.ch\/fr\/wp-json\/wp\/v2\/product"}],"about":[{"href":"https:\/\/theuncommonshop.ch\/fr\/wp-json\/wp\/v2\/types\/product"}],"replies":[{"embeddable":true,"href":"https:\/\/theuncommonshop.ch\/fr\/wp-json\/wp\/v2\/comments?post=313415"}],"version-history":[{"count":0,"href":"https:\/\/theuncommonshop.ch\/fr\/wp-json\/wp\/v2\/product\/313415\/revisions"}],"wp:featuredmedia":[{"embeddable":true,"href":"https:\/\/theuncommonshop.ch\/fr\/wp-json\/wp\/v2\/media\/265610"}],"wp:attachment":[{"href":"https:\/\/theuncommonshop.ch\/fr\/wp-json\/wp\/v2\/media?parent=313415"}],"wp:term":[{"taxonomy":"product_brand","embeddable":true,"href":"https:\/\/theuncommonshop.ch\/fr\/wp-json\/wp\/v2\/product_brand?post=313415"},{"taxonomy":"product_cat","embeddable":true,"href":"https:\/\/theuncommonshop.ch\/fr\/wp-json\/wp\/v2\/product_cat?post=313415"},{"taxonomy":"product_tag","embeddable":true,"href":"https:\/\/theuncommonshop.ch\/fr\/wp-json\/wp\/v2\/product_tag?post=313415"}],"curies":[{"name":"wp","href":"https:\/\/api.w.org\/{rel}","templated":true}]}}