{"id":313407,"date":"2025-12-31T01:03:14","date_gmt":"2025-12-31T01:03:14","guid":{"rendered":"http:\/\/theuncommonshop.ch\/produkt\/313407\/"},"modified":"2026-03-08T21:36:32","modified_gmt":"2026-03-08T20:36:32","slug":"bandai-banpresto-my-hero-academia-dioramatic-shota-aizawa-20cm-2","status":"publish","type":"product","link":"https:\/\/theuncommonshop.ch\/fr\/product\/bandai-banpresto-my-hero-academia-dioramatic-shota-aizawa-20cm-2\/","title":{"rendered":"Bandai &#8211; Banpresto &#8211; My Hero Academia &#8211; Dioramatic &#8211; Shota Aizawa &#8211; 20cm"},"content":{"rendered":"<p>Nous vous pr\u00e9sentons la figurine de Bandai Banpresto My Hero Academia &#8211; Dioramatic Shota Aizawa [The Brush] ! Cette fantastique figurine met en sc\u00e8ne Shota Aizawa, \u00e9galement connu sous le nom de Eraser Head, de la tr\u00e8s populaire s\u00e9rie d&#8217;Anime My Hero Academia. Recevez chez vous ce pro-h\u00e9ros et ma\u00eetre de classe de la classe 1-A des \u00c9tats-Unis et ajoutez une touche d&#8217;h\u00e9ro\u00efsme \u00e0 votre collection. Shota Aizawa poss\u00e8de un incroyable Quirk qui lui permet de neutraliser les pouvoirs de n&#8217;importe quel adversaire rien qu&#8217;en le regardant. Avec sa capacit\u00e9 unique \u00e0 annuler les Quirks, Eraser Head adopte une approche tactique lors des combats, utilisant son arme de capture et son impressionnante agilit\u00e9 pour vaincre ses ennemis sans effort. La particularit\u00e9 de cette figurine est qu&#8217;elle est disponible en quatre couleurs diff\u00e9rentes, ce qui permet aux fans de choisir leur look pr\u00e9f\u00e9r\u00e9 pour Eraser Head. Que vous pr\u00e9f\u00e9riez un look classique ou une variante qui capture la personnalit\u00e9 de son personnage d&#8217;une mani\u00e8re diff\u00e9rente, vous pouvez collectionner plusieurs versions et les exposer c\u00f4te \u00e0 c\u00f4te pour une pr\u00e9sentation \u00e9pique. Veuillez noter que ces figurines sont vendues s\u00e9par\u00e9ment. Ne manquez pas l&#8217;occasion de ramener chez vous la figurine Bandai Banpresto My Hero Academia &#8211; Dioramatic Shota Aizawa [The Brush] et de montrer votre amour pour cette incroyable s\u00e9rie d&#8217;Anime. Pr\u00e9parez-vous \u00e0 vivre les exploits et les combats intenses de Shota Aizawa, confortablement install\u00e9 chez vous !<\/p>\n","protected":false},"excerpt":{"rendered":"<p>Nous vous pr\u00e9sentons la figurine de Bandai Banpresto My Hero Academia &#8211; Dioramatic Shota Aizawa [The Brush] ! Cette fantastique<\/p>\n","protected":false},"featured_media":265599,"comment_status":"open","ping_status":"closed","template":"","meta":{"_acf_changed":false},"product_brand":[5144],"product_cat":[9911,9913],"product_tag":[],"class_list":{"0":"post-313407","1":"product","2":"type-product","3":"status-publish","4":"has-post-thumbnail","6":"product_brand-bandai","7":"product_cat-collectibles-fr","8":"product_cat-figurines-danime","10":"first","11":"instock","12":"sale","13":"taxable","14":"shipping-taxable","15":"purchasable","16":"product-type-simple"},"acf":[],"yoast_head":"<!-- This site is optimized with the Yoast SEO plugin v27.4 - https:\/\/yoast.com\/product\/yoast-seo-wordpress\/ -->\n<title>Ach\u00e8te Bandai - Banpresto - My Hero Academia - Dioramatic - Shota Aizawa - 20cm<\/title>\n<meta name=\"description\" content=\"Ach\u00e8te Bandai - Banpresto - My Hero Academia - Dioramatic - Shota Aizawa - 20cm en ligne maintenant \u00e0 petit prix! Ton #1 shop pour cartes TCG &amp; Pok\u00e9mon en Suisse \u2713 Livraison gratuite d\u00e8s CHF 29\" \/>\n<meta name=\"robots\" content=\"index, follow, max-snippet:-1, max-image-preview:large, max-video-preview:-1\" \/>\n<link rel=\"canonical\" href=\"https:\/\/theuncommonshop.ch\/fr\/product\/bandai-banpresto-my-hero-academia-dioramatic-shota-aizawa-20cm-2\/\" \/>\n<meta property=\"og:locale\" content=\"fr_FR\" \/>\n<meta property=\"og:type\" content=\"article\" \/>\n<meta property=\"og:title\" content=\"Ach\u00e8te Bandai - Banpresto - My Hero Academia - Dioramatic - Shota Aizawa - 20cm\" \/>\n<meta property=\"og:description\" content=\"Ach\u00e8te Bandai - Banpresto - My Hero Academia - Dioramatic - Shota Aizawa - 20cm en ligne maintenant \u00e0 petit prix! Ton #1 shop pour cartes TCG &amp; Pok\u00e9mon en Suisse \u2713 Livraison gratuite d\u00e8s CHF 29\" \/>\n<meta property=\"og:url\" content=\"https:\/\/theuncommonshop.ch\/fr\/product\/bandai-banpresto-my-hero-academia-dioramatic-shota-aizawa-20cm-2\/\" \/>\n<meta property=\"og:site_name\" content=\"The Uncommon Shop\" \/>\n<meta property=\"article:modified_time\" content=\"2026-03-08T20:36:32+00:00\" \/>\n<meta property=\"og:image\" content=\"https:\/\/theuncommonshop.ch\/wp-content\/uploads\/2025\/12\/5182413185.jpg\" \/>\n\t<meta property=\"og:image:width\" content=\"1000\" \/>\n\t<meta property=\"og:image:height\" content=\"1000\" \/>\n\t<meta property=\"og:image:type\" content=\"image\/jpeg\" \/>\n<meta name=\"twitter:card\" content=\"summary_large_image\" \/>\n<meta name=\"twitter:label1\" content=\"Prix\" \/>\n\t<meta name=\"twitter:data1\" content=\"&#067;&#072;&#070;&nbsp;79.95\" \/>\n\t<meta name=\"twitter:label2\" content=\"Disponibilit\u00e9\" \/>\n\t<meta name=\"twitter:data2\" content=\"En stock\" \/>\n<script type=\"application\/ld+json\" class=\"yoast-schema-graph\">{\"@context\":\"https:\\\/\\\/schema.org\",\"@graph\":[{\"@type\":\"WebPage\",\"@id\":\"https:\\\/\\\/theuncommonshop.ch\\\/fr\\\/product\\\/bandai-banpresto-my-hero-academia-dioramatic-shota-aizawa-20cm-2\\\/\",\"url\":\"https:\\\/\\\/theuncommonshop.ch\\\/fr\\\/product\\\/bandai-banpresto-my-hero-academia-dioramatic-shota-aizawa-20cm-2\\\/\",\"name\":\"Ach\u00e8te Bandai - Banpresto - My Hero Academia - Dioramatic - Shota Aizawa - 20cm\",\"isPartOf\":{\"@id\":\"https:\\\/\\\/theuncommonshop.ch\\\/fr\\\/#website\"},\"primaryImageOfPage\":{\"@id\":\"https:\\\/\\\/theuncommonshop.ch\\\/fr\\\/product\\\/bandai-banpresto-my-hero-academia-dioramatic-shota-aizawa-20cm-2\\\/#primaryimage\"},\"image\":{\"@id\":\"https:\\\/\\\/theuncommonshop.ch\\\/fr\\\/product\\\/bandai-banpresto-my-hero-academia-dioramatic-shota-aizawa-20cm-2\\\/#primaryimage\"},\"thumbnailUrl\":\"https:\\\/\\\/theuncommonshop.ch\\\/wp-content\\\/uploads\\\/2025\\\/12\\\/5182413185.jpg\",\"datePublished\":\"2025-12-31T01:03:14+00:00\",\"dateModified\":\"2026-03-08T20:36:32+00:00\",\"description\":\"Ach\u00e8te Bandai - Banpresto - My Hero Academia - Dioramatic - Shota Aizawa - 20cm en ligne maintenant \u00e0 petit prix! Ton #1 shop pour cartes TCG & Pok\u00e9mon en Suisse \u2713 Livraison gratuite d\u00e8s CHF 29\",\"breadcrumb\":{\"@id\":\"https:\\\/\\\/theuncommonshop.ch\\\/fr\\\/product\\\/bandai-banpresto-my-hero-academia-dioramatic-shota-aizawa-20cm-2\\\/#breadcrumb\"},\"inLanguage\":\"fr-FR\",\"potentialAction\":[{\"@type\":\"ReadAction\",\"target\":[\"https:\\\/\\\/theuncommonshop.ch\\\/fr\\\/product\\\/bandai-banpresto-my-hero-academia-dioramatic-shota-aizawa-20cm-2\\\/\"]}]},{\"@type\":\"ImageObject\",\"inLanguage\":\"fr-FR\",\"@id\":\"https:\\\/\\\/theuncommonshop.ch\\\/fr\\\/product\\\/bandai-banpresto-my-hero-academia-dioramatic-shota-aizawa-20cm-2\\\/#primaryimage\",\"url\":\"https:\\\/\\\/theuncommonshop.ch\\\/wp-content\\\/uploads\\\/2025\\\/12\\\/5182413185.jpg\",\"contentUrl\":\"https:\\\/\\\/theuncommonshop.ch\\\/wp-content\\\/uploads\\\/2025\\\/12\\\/5182413185.jpg\",\"width\":1000,\"height\":1000},{\"@type\":\"BreadcrumbList\",\"@id\":\"https:\\\/\\\/theuncommonshop.ch\\\/fr\\\/product\\\/bandai-banpresto-my-hero-academia-dioramatic-shota-aizawa-20cm-2\\\/#breadcrumb\",\"itemListElement\":[{\"@type\":\"ListItem\",\"position\":1,\"name\":\"Accueil\",\"item\":\"https:\\\/\\\/theuncommonshop.ch\\\/fr\\\/accueil\\\/\"},{\"@type\":\"ListItem\",\"position\":2,\"name\":\"Boutique\",\"item\":\"https:\\\/\\\/theuncommonshop.ch\\\/fr\\\/boutique\\\/\"},{\"@type\":\"ListItem\",\"position\":3,\"name\":\"Collectibles\",\"item\":\"https:\\\/\\\/theuncommonshop.ch\\\/fr\\\/categorie-produit\\\/collectibles-fr\\\/\"},{\"@type\":\"ListItem\",\"position\":4,\"name\":\"Figurines d'anime\",\"item\":\"https:\\\/\\\/theuncommonshop.ch\\\/fr\\\/categorie-produit\\\/collectibles-fr\\\/figurines-danime\\\/\"},{\"@type\":\"ListItem\",\"position\":5,\"name\":\"Bandai &#8211; Banpresto &#8211; My Hero Academia &#8211; Dioramatic &#8211; Shota Aizawa &#8211; 20cm\"}]},{\"@type\":\"WebSite\",\"@id\":\"https:\\\/\\\/theuncommonshop.ch\\\/fr\\\/#website\",\"url\":\"https:\\\/\\\/theuncommonshop.ch\\\/fr\\\/\",\"name\":\"The Uncommon Shop\",\"description\":\"Magic, Pok\u00e9mon and Yu-gi-oh - The Uncommon Shop\",\"potentialAction\":[{\"@type\":\"SearchAction\",\"target\":{\"@type\":\"EntryPoint\",\"urlTemplate\":\"https:\\\/\\\/theuncommonshop.ch\\\/fr\\\/?s={search_term_string}\"},\"query-input\":{\"@type\":\"PropertyValueSpecification\",\"valueRequired\":true,\"valueName\":\"search_term_string\"}}],\"inLanguage\":\"fr-FR\"}]}<\/script>\n<meta property=\"product:price:amount\" content=\"79.95\" \/>\n<meta property=\"product:price:currency\" content=\"CHF\" \/>\n<meta property=\"og:availability\" content=\"instock\" \/>\n<meta property=\"product:availability\" content=\"instock\" \/>\n<meta property=\"product:retailer_item_id\" content=\"WR.B.BandaiMyHeroAcDioraShotaAiz20cm\" \/>\n<meta property=\"product:condition\" content=\"new\" \/>\n<!-- \/ Yoast SEO plugin. -->","yoast_head_json":{"title":"Ach\u00e8te Bandai - Banpresto - My Hero Academia - Dioramatic - Shota Aizawa - 20cm","description":"Ach\u00e8te Bandai - Banpresto - My Hero Academia - Dioramatic - Shota Aizawa - 20cm en ligne maintenant \u00e0 petit prix! Ton #1 shop pour cartes TCG & Pok\u00e9mon en Suisse \u2713 Livraison gratuite d\u00e8s CHF 29","robots":{"index":"index","follow":"follow","max-snippet":"max-snippet:-1","max-image-preview":"max-image-preview:large","max-video-preview":"max-video-preview:-1"},"canonical":"https:\/\/theuncommonshop.ch\/fr\/product\/bandai-banpresto-my-hero-academia-dioramatic-shota-aizawa-20cm-2\/","og_locale":"fr_FR","og_type":"article","og_title":"Ach\u00e8te Bandai - Banpresto - My Hero Academia - Dioramatic - Shota Aizawa - 20cm","og_description":"Ach\u00e8te Bandai - Banpresto - My Hero Academia - Dioramatic - Shota Aizawa - 20cm en ligne maintenant \u00e0 petit prix! Ton #1 shop pour cartes TCG & Pok\u00e9mon en Suisse \u2713 Livraison gratuite d\u00e8s CHF 29","og_url":"https:\/\/theuncommonshop.ch\/fr\/product\/bandai-banpresto-my-hero-academia-dioramatic-shota-aizawa-20cm-2\/","og_site_name":"The Uncommon Shop","article_modified_time":"2026-03-08T20:36:32+00:00","og_image":[{"width":1000,"height":1000,"url":"https:\/\/theuncommonshop.ch\/wp-content\/uploads\/2025\/12\/5182413185.jpg","type":"image\/jpeg"}],"twitter_card":"summary_large_image","twitter_misc":{"Prix":"&#67;&#72;&#70;&nbsp;79.95","Disponibilit\u00e9":"En stock"},"schema":{"@context":"https:\/\/schema.org","@graph":[{"@type":"WebPage","@id":"https:\/\/theuncommonshop.ch\/fr\/product\/bandai-banpresto-my-hero-academia-dioramatic-shota-aizawa-20cm-2\/","url":"https:\/\/theuncommonshop.ch\/fr\/product\/bandai-banpresto-my-hero-academia-dioramatic-shota-aizawa-20cm-2\/","name":"Ach\u00e8te Bandai - Banpresto - My Hero Academia - Dioramatic - Shota Aizawa - 20cm","isPartOf":{"@id":"https:\/\/theuncommonshop.ch\/fr\/#website"},"primaryImageOfPage":{"@id":"https:\/\/theuncommonshop.ch\/fr\/product\/bandai-banpresto-my-hero-academia-dioramatic-shota-aizawa-20cm-2\/#primaryimage"},"image":{"@id":"https:\/\/theuncommonshop.ch\/fr\/product\/bandai-banpresto-my-hero-academia-dioramatic-shota-aizawa-20cm-2\/#primaryimage"},"thumbnailUrl":"https:\/\/theuncommonshop.ch\/wp-content\/uploads\/2025\/12\/5182413185.jpg","datePublished":"2025-12-31T01:03:14+00:00","dateModified":"2026-03-08T20:36:32+00:00","description":"Ach\u00e8te Bandai - Banpresto - My Hero Academia - Dioramatic - Shota Aizawa - 20cm en ligne maintenant \u00e0 petit prix! Ton #1 shop pour cartes TCG & Pok\u00e9mon en Suisse \u2713 Livraison gratuite d\u00e8s CHF 29","breadcrumb":{"@id":"https:\/\/theuncommonshop.ch\/fr\/product\/bandai-banpresto-my-hero-academia-dioramatic-shota-aizawa-20cm-2\/#breadcrumb"},"inLanguage":"fr-FR","potentialAction":[{"@type":"ReadAction","target":["https:\/\/theuncommonshop.ch\/fr\/product\/bandai-banpresto-my-hero-academia-dioramatic-shota-aizawa-20cm-2\/"]}]},{"@type":"ImageObject","inLanguage":"fr-FR","@id":"https:\/\/theuncommonshop.ch\/fr\/product\/bandai-banpresto-my-hero-academia-dioramatic-shota-aizawa-20cm-2\/#primaryimage","url":"https:\/\/theuncommonshop.ch\/wp-content\/uploads\/2025\/12\/5182413185.jpg","contentUrl":"https:\/\/theuncommonshop.ch\/wp-content\/uploads\/2025\/12\/5182413185.jpg","width":1000,"height":1000},{"@type":"BreadcrumbList","@id":"https:\/\/theuncommonshop.ch\/fr\/product\/bandai-banpresto-my-hero-academia-dioramatic-shota-aizawa-20cm-2\/#breadcrumb","itemListElement":[{"@type":"ListItem","position":1,"name":"Accueil","item":"https:\/\/theuncommonshop.ch\/fr\/accueil\/"},{"@type":"ListItem","position":2,"name":"Boutique","item":"https:\/\/theuncommonshop.ch\/fr\/boutique\/"},{"@type":"ListItem","position":3,"name":"Collectibles","item":"https:\/\/theuncommonshop.ch\/fr\/categorie-produit\/collectibles-fr\/"},{"@type":"ListItem","position":4,"name":"Figurines d'anime","item":"https:\/\/theuncommonshop.ch\/fr\/categorie-produit\/collectibles-fr\/figurines-danime\/"},{"@type":"ListItem","position":5,"name":"Bandai &#8211; Banpresto &#8211; My Hero Academia &#8211; Dioramatic &#8211; Shota Aizawa &#8211; 20cm"}]},{"@type":"WebSite","@id":"https:\/\/theuncommonshop.ch\/fr\/#website","url":"https:\/\/theuncommonshop.ch\/fr\/","name":"The Uncommon Shop","description":"Magic, Pok\u00e9mon and Yu-gi-oh - The Uncommon Shop","potentialAction":[{"@type":"SearchAction","target":{"@type":"EntryPoint","urlTemplate":"https:\/\/theuncommonshop.ch\/fr\/?s={search_term_string}"},"query-input":{"@type":"PropertyValueSpecification","valueRequired":true,"valueName":"search_term_string"}}],"inLanguage":"fr-FR"}]},"product_price_amount":"79.95","product_price_currency":"CHF","og_availability":"instock","product_availability":"instock","product_retailer_item_id":"WR.B.BandaiMyHeroAcDioraShotaAiz20cm","product_condition":"new"},"_links":{"self":[{"href":"https:\/\/theuncommonshop.ch\/fr\/wp-json\/wp\/v2\/product\/313407","targetHints":{"allow":["GET"]}}],"collection":[{"href":"https:\/\/theuncommonshop.ch\/fr\/wp-json\/wp\/v2\/product"}],"about":[{"href":"https:\/\/theuncommonshop.ch\/fr\/wp-json\/wp\/v2\/types\/product"}],"replies":[{"embeddable":true,"href":"https:\/\/theuncommonshop.ch\/fr\/wp-json\/wp\/v2\/comments?post=313407"}],"version-history":[{"count":0,"href":"https:\/\/theuncommonshop.ch\/fr\/wp-json\/wp\/v2\/product\/313407\/revisions"}],"wp:featuredmedia":[{"embeddable":true,"href":"https:\/\/theuncommonshop.ch\/fr\/wp-json\/wp\/v2\/media\/265599"}],"wp:attachment":[{"href":"https:\/\/theuncommonshop.ch\/fr\/wp-json\/wp\/v2\/media?parent=313407"}],"wp:term":[{"taxonomy":"product_brand","embeddable":true,"href":"https:\/\/theuncommonshop.ch\/fr\/wp-json\/wp\/v2\/product_brand?post=313407"},{"taxonomy":"product_cat","embeddable":true,"href":"https:\/\/theuncommonshop.ch\/fr\/wp-json\/wp\/v2\/product_cat?post=313407"},{"taxonomy":"product_tag","embeddable":true,"href":"https:\/\/theuncommonshop.ch\/fr\/wp-json\/wp\/v2\/product_tag?post=313407"}],"curies":[{"name":"wp","href":"https:\/\/api.w.org\/{rel}","templated":true}]}}