{"id":313399,"date":"2025-12-31T01:02:54","date_gmt":"2025-12-31T01:02:54","guid":{"rendered":"http:\/\/theuncommonshop.ch\/produkt\/313399\/"},"modified":"2026-03-08T21:36:30","modified_gmt":"2026-03-08T20:36:30","slug":"bandai-banpresto-my-hero-academia-the-amazing-heroes-vol-27-lemillion-18cm-2","status":"publish","type":"product","link":"https:\/\/theuncommonshop.ch\/fr\/product\/bandai-banpresto-my-hero-academia-the-amazing-heroes-vol-27-lemillion-18cm-2\/","title":{"rendered":"Bandai &#8211; Banpresto &#8211; My Hero Academia &#8211; The Amazing Heroes Vol.27 &#8211; Lemillion &#8211; 18cm"},"content":{"rendered":"<p>Nous vous pr\u00e9sentons Bandai My Hero Academia The Amazing Heroes Vol. 27 : Mirio Togata Edition ! Ce produit fantastique donne vie au personnage le plus populaire de la s\u00e9rie d&#8217;anime tr\u00e8s acclam\u00e9e My Hero Academia. Mirio Togata, \u00e9galement connu sous le nom de Lemillion, est au centre de cette impressionnante figurine \u00e0 collectionner. Mirio est repr\u00e9sent\u00e9 dans son personnage embl\u00e9matique, ridicule et plein d&#8217;\u00e9nergie, qui capture son caract\u00e8re divertissant et vif. Avec ses particularit\u00e9s distinctives et ses habitudes \u00e9tranges, il est vraiment un h\u00e9ros unique. Ce qui distingue Mirio, c&#8217;est son incroyable quirk, qui lui conf\u00e8re la capacit\u00e9 de se mettre dans un \u00e9tat immat\u00e9riel. Ce pouvoir extraordinaire lui permet de traverser sans effort les murs solides et m\u00eame le sol, rendant inefficaces toutes les attaques de ses ennemis contre lui. D&#8217;une hauteur impressionnante de 13 cm, cette figurine finement travaill\u00e9e capture parfaitement la pr\u00e9sence dynamique de Mirio. Des expressions d\u00e9taill\u00e9es de son visage \u00e0 son costume soigneusement con\u00e7u, chaque aspect du personnage de Mirio est fid\u00e8lement reproduit. Que vous soyez un fervent fan de My Hero Academia ou un collectionneur de figurines d&#8217;Anime \u00e0 couper le souffle, la Bandai My Hero Academia The Amazing Heroes Vol. 27 : Mirio Togata Edition est un must pour votre collection. Exposez-les fi\u00e8rement et plongez dans le monde passionnant des h\u00e9ros et des m\u00e9chants. Pr\u00e9parez-vous \u00e0 d\u00e9couvrir de pr\u00e8s la puissance et le charme de Lemillion !<\/p>\n","protected":false},"excerpt":{"rendered":"<p>Nous vous pr\u00e9sentons Bandai My Hero Academia The Amazing Heroes Vol. 27 : Mirio Togata Edition ! Ce produit fantastique<\/p>\n","protected":false},"featured_media":265588,"comment_status":"open","ping_status":"closed","template":"","meta":{"_acf_changed":false},"product_brand":[5144],"product_cat":[],"product_tag":[],"class_list":{"0":"post-313399","1":"product","2":"type-product","3":"status-publish","4":"has-post-thumbnail","6":"product_brand-bandai","8":"first","9":"instock","10":"sale","11":"taxable","12":"shipping-taxable","13":"purchasable","14":"product-type-simple"},"acf":[],"yoast_head":"<!-- This site is optimized with the Yoast SEO plugin v27.4 - https:\/\/yoast.com\/product\/yoast-seo-wordpress\/ -->\n<title>Ach\u00e8te Bandai - Banpresto - My Hero Academia - The Amazing Heroes Vol.27 - Lemillion - 18cm<\/title>\n<meta name=\"description\" content=\"Ach\u00e8te Bandai - Banpresto - My Hero Academia - The Amazing Heroes Vol.27 - Lemillion - 18cm en ligne maintenant \u00e0 petit prix! Ton #1 shop pour cartes TCG &amp; Pok\u00e9mon en Suisse \u2713 Livraison gratuite d\u00e8s CHF 29\" \/>\n<meta name=\"robots\" content=\"index, follow, max-snippet:-1, max-image-preview:large, max-video-preview:-1\" \/>\n<link rel=\"canonical\" href=\"https:\/\/theuncommonshop.ch\/fr\/product\/bandai-banpresto-my-hero-academia-the-amazing-heroes-vol-27-lemillion-18cm-2\/\" \/>\n<meta property=\"og:locale\" content=\"fr_FR\" \/>\n<meta property=\"og:type\" content=\"article\" \/>\n<meta property=\"og:title\" content=\"Ach\u00e8te Bandai - Banpresto - My Hero Academia - The Amazing Heroes Vol.27 - Lemillion - 18cm\" \/>\n<meta property=\"og:description\" content=\"Ach\u00e8te Bandai - Banpresto - My Hero Academia - The Amazing Heroes Vol.27 - Lemillion - 18cm en ligne maintenant \u00e0 petit prix! Ton #1 shop pour cartes TCG &amp; Pok\u00e9mon en Suisse \u2713 Livraison gratuite d\u00e8s CHF 29\" \/>\n<meta property=\"og:url\" content=\"https:\/\/theuncommonshop.ch\/fr\/product\/bandai-banpresto-my-hero-academia-the-amazing-heroes-vol-27-lemillion-18cm-2\/\" \/>\n<meta property=\"og:site_name\" content=\"The Uncommon Shop\" \/>\n<meta property=\"article:modified_time\" content=\"2026-03-08T20:36:30+00:00\" \/>\n<meta property=\"og:image\" content=\"https:\/\/theuncommonshop.ch\/wp-content\/uploads\/2025\/12\/5182390001.jpg\" \/>\n\t<meta property=\"og:image:width\" content=\"1000\" \/>\n\t<meta property=\"og:image:height\" content=\"1000\" \/>\n\t<meta property=\"og:image:type\" content=\"image\/jpeg\" \/>\n<meta name=\"twitter:card\" content=\"summary_large_image\" \/>\n<meta name=\"twitter:label1\" content=\"Prix\" \/>\n\t<meta name=\"twitter:data1\" content=\"&#067;&#072;&#070;&nbsp;24.95\" \/>\n\t<meta name=\"twitter:label2\" content=\"Disponibilit\u00e9\" \/>\n\t<meta name=\"twitter:data2\" content=\"En stock\" \/>\n<script type=\"application\/ld+json\" class=\"yoast-schema-graph\">{\"@context\":\"https:\\\/\\\/schema.org\",\"@graph\":[{\"@type\":\"WebPage\",\"@id\":\"https:\\\/\\\/theuncommonshop.ch\\\/fr\\\/product\\\/bandai-banpresto-my-hero-academia-the-amazing-heroes-vol-27-lemillion-18cm-2\\\/\",\"url\":\"https:\\\/\\\/theuncommonshop.ch\\\/fr\\\/product\\\/bandai-banpresto-my-hero-academia-the-amazing-heroes-vol-27-lemillion-18cm-2\\\/\",\"name\":\"Ach\u00e8te Bandai - Banpresto - My Hero Academia - The Amazing Heroes Vol.27 - Lemillion - 18cm\",\"isPartOf\":{\"@id\":\"https:\\\/\\\/theuncommonshop.ch\\\/fr\\\/#website\"},\"primaryImageOfPage\":{\"@id\":\"https:\\\/\\\/theuncommonshop.ch\\\/fr\\\/product\\\/bandai-banpresto-my-hero-academia-the-amazing-heroes-vol-27-lemillion-18cm-2\\\/#primaryimage\"},\"image\":{\"@id\":\"https:\\\/\\\/theuncommonshop.ch\\\/fr\\\/product\\\/bandai-banpresto-my-hero-academia-the-amazing-heroes-vol-27-lemillion-18cm-2\\\/#primaryimage\"},\"thumbnailUrl\":\"https:\\\/\\\/theuncommonshop.ch\\\/wp-content\\\/uploads\\\/2025\\\/12\\\/5182390001.jpg\",\"datePublished\":\"2025-12-31T01:02:54+00:00\",\"dateModified\":\"2026-03-08T20:36:30+00:00\",\"description\":\"Ach\u00e8te Bandai - Banpresto - My Hero Academia - The Amazing Heroes Vol.27 - Lemillion - 18cm en ligne maintenant \u00e0 petit prix! Ton #1 shop pour cartes TCG & Pok\u00e9mon en Suisse \u2713 Livraison gratuite d\u00e8s CHF 29\",\"breadcrumb\":{\"@id\":\"https:\\\/\\\/theuncommonshop.ch\\\/fr\\\/product\\\/bandai-banpresto-my-hero-academia-the-amazing-heroes-vol-27-lemillion-18cm-2\\\/#breadcrumb\"},\"inLanguage\":\"fr-FR\",\"potentialAction\":[{\"@type\":\"ReadAction\",\"target\":[\"https:\\\/\\\/theuncommonshop.ch\\\/fr\\\/product\\\/bandai-banpresto-my-hero-academia-the-amazing-heroes-vol-27-lemillion-18cm-2\\\/\"]}]},{\"@type\":\"ImageObject\",\"inLanguage\":\"fr-FR\",\"@id\":\"https:\\\/\\\/theuncommonshop.ch\\\/fr\\\/product\\\/bandai-banpresto-my-hero-academia-the-amazing-heroes-vol-27-lemillion-18cm-2\\\/#primaryimage\",\"url\":\"https:\\\/\\\/theuncommonshop.ch\\\/wp-content\\\/uploads\\\/2025\\\/12\\\/5182390001.jpg\",\"contentUrl\":\"https:\\\/\\\/theuncommonshop.ch\\\/wp-content\\\/uploads\\\/2025\\\/12\\\/5182390001.jpg\",\"width\":1000,\"height\":1000},{\"@type\":\"BreadcrumbList\",\"@id\":\"https:\\\/\\\/theuncommonshop.ch\\\/fr\\\/product\\\/bandai-banpresto-my-hero-academia-the-amazing-heroes-vol-27-lemillion-18cm-2\\\/#breadcrumb\",\"itemListElement\":[{\"@type\":\"ListItem\",\"position\":1,\"name\":\"Accueil\",\"item\":\"https:\\\/\\\/theuncommonshop.ch\\\/fr\\\/accueil\\\/\"},{\"@type\":\"ListItem\",\"position\":2,\"name\":\"Boutique\",\"item\":\"https:\\\/\\\/theuncommonshop.ch\\\/fr\\\/boutique\\\/\"},{\"@type\":\"ListItem\",\"position\":3,\"name\":\"Bandai &#8211; Banpresto &#8211; My Hero Academia &#8211; The Amazing Heroes Vol.27 &#8211; Lemillion &#8211; 18cm\"}]},{\"@type\":\"WebSite\",\"@id\":\"https:\\\/\\\/theuncommonshop.ch\\\/fr\\\/#website\",\"url\":\"https:\\\/\\\/theuncommonshop.ch\\\/fr\\\/\",\"name\":\"The Uncommon Shop\",\"description\":\"Magic, Pok\u00e9mon and Yu-gi-oh - The Uncommon Shop\",\"potentialAction\":[{\"@type\":\"SearchAction\",\"target\":{\"@type\":\"EntryPoint\",\"urlTemplate\":\"https:\\\/\\\/theuncommonshop.ch\\\/fr\\\/?s={search_term_string}\"},\"query-input\":{\"@type\":\"PropertyValueSpecification\",\"valueRequired\":true,\"valueName\":\"search_term_string\"}}],\"inLanguage\":\"fr-FR\"}]}<\/script>\n<meta property=\"product:price:amount\" content=\"24.95\" \/>\n<meta property=\"product:price:currency\" content=\"CHF\" \/>\n<meta property=\"og:availability\" content=\"instock\" \/>\n<meta property=\"product:availability\" content=\"instock\" \/>\n<meta property=\"product:retailer_item_id\" content=\"WR.E.BandaiMyHeroAcAmHeroes27Lemillion18cm\" \/>\n<meta property=\"product:condition\" content=\"new\" \/>\n<!-- \/ Yoast SEO plugin. -->","yoast_head_json":{"title":"Ach\u00e8te Bandai - Banpresto - My Hero Academia - The Amazing Heroes Vol.27 - Lemillion - 18cm","description":"Ach\u00e8te Bandai - Banpresto - My Hero Academia - The Amazing Heroes Vol.27 - Lemillion - 18cm en ligne maintenant \u00e0 petit prix! Ton #1 shop pour cartes TCG & Pok\u00e9mon en Suisse \u2713 Livraison gratuite d\u00e8s CHF 29","robots":{"index":"index","follow":"follow","max-snippet":"max-snippet:-1","max-image-preview":"max-image-preview:large","max-video-preview":"max-video-preview:-1"},"canonical":"https:\/\/theuncommonshop.ch\/fr\/product\/bandai-banpresto-my-hero-academia-the-amazing-heroes-vol-27-lemillion-18cm-2\/","og_locale":"fr_FR","og_type":"article","og_title":"Ach\u00e8te Bandai - Banpresto - My Hero Academia - The Amazing Heroes Vol.27 - Lemillion - 18cm","og_description":"Ach\u00e8te Bandai - Banpresto - My Hero Academia - The Amazing Heroes Vol.27 - Lemillion - 18cm en ligne maintenant \u00e0 petit prix! Ton #1 shop pour cartes TCG & Pok\u00e9mon en Suisse \u2713 Livraison gratuite d\u00e8s CHF 29","og_url":"https:\/\/theuncommonshop.ch\/fr\/product\/bandai-banpresto-my-hero-academia-the-amazing-heroes-vol-27-lemillion-18cm-2\/","og_site_name":"The Uncommon Shop","article_modified_time":"2026-03-08T20:36:30+00:00","og_image":[{"width":1000,"height":1000,"url":"https:\/\/theuncommonshop.ch\/wp-content\/uploads\/2025\/12\/5182390001.jpg","type":"image\/jpeg"}],"twitter_card":"summary_large_image","twitter_misc":{"Prix":"&#67;&#72;&#70;&nbsp;24.95","Disponibilit\u00e9":"En stock"},"schema":{"@context":"https:\/\/schema.org","@graph":[{"@type":"WebPage","@id":"https:\/\/theuncommonshop.ch\/fr\/product\/bandai-banpresto-my-hero-academia-the-amazing-heroes-vol-27-lemillion-18cm-2\/","url":"https:\/\/theuncommonshop.ch\/fr\/product\/bandai-banpresto-my-hero-academia-the-amazing-heroes-vol-27-lemillion-18cm-2\/","name":"Ach\u00e8te Bandai - Banpresto - My Hero Academia - The Amazing Heroes Vol.27 - Lemillion - 18cm","isPartOf":{"@id":"https:\/\/theuncommonshop.ch\/fr\/#website"},"primaryImageOfPage":{"@id":"https:\/\/theuncommonshop.ch\/fr\/product\/bandai-banpresto-my-hero-academia-the-amazing-heroes-vol-27-lemillion-18cm-2\/#primaryimage"},"image":{"@id":"https:\/\/theuncommonshop.ch\/fr\/product\/bandai-banpresto-my-hero-academia-the-amazing-heroes-vol-27-lemillion-18cm-2\/#primaryimage"},"thumbnailUrl":"https:\/\/theuncommonshop.ch\/wp-content\/uploads\/2025\/12\/5182390001.jpg","datePublished":"2025-12-31T01:02:54+00:00","dateModified":"2026-03-08T20:36:30+00:00","description":"Ach\u00e8te Bandai - Banpresto - My Hero Academia - The Amazing Heroes Vol.27 - Lemillion - 18cm en ligne maintenant \u00e0 petit prix! Ton #1 shop pour cartes TCG & Pok\u00e9mon en Suisse \u2713 Livraison gratuite d\u00e8s CHF 29","breadcrumb":{"@id":"https:\/\/theuncommonshop.ch\/fr\/product\/bandai-banpresto-my-hero-academia-the-amazing-heroes-vol-27-lemillion-18cm-2\/#breadcrumb"},"inLanguage":"fr-FR","potentialAction":[{"@type":"ReadAction","target":["https:\/\/theuncommonshop.ch\/fr\/product\/bandai-banpresto-my-hero-academia-the-amazing-heroes-vol-27-lemillion-18cm-2\/"]}]},{"@type":"ImageObject","inLanguage":"fr-FR","@id":"https:\/\/theuncommonshop.ch\/fr\/product\/bandai-banpresto-my-hero-academia-the-amazing-heroes-vol-27-lemillion-18cm-2\/#primaryimage","url":"https:\/\/theuncommonshop.ch\/wp-content\/uploads\/2025\/12\/5182390001.jpg","contentUrl":"https:\/\/theuncommonshop.ch\/wp-content\/uploads\/2025\/12\/5182390001.jpg","width":1000,"height":1000},{"@type":"BreadcrumbList","@id":"https:\/\/theuncommonshop.ch\/fr\/product\/bandai-banpresto-my-hero-academia-the-amazing-heroes-vol-27-lemillion-18cm-2\/#breadcrumb","itemListElement":[{"@type":"ListItem","position":1,"name":"Accueil","item":"https:\/\/theuncommonshop.ch\/fr\/accueil\/"},{"@type":"ListItem","position":2,"name":"Boutique","item":"https:\/\/theuncommonshop.ch\/fr\/boutique\/"},{"@type":"ListItem","position":3,"name":"Bandai &#8211; Banpresto &#8211; My Hero Academia &#8211; The Amazing Heroes Vol.27 &#8211; Lemillion &#8211; 18cm"}]},{"@type":"WebSite","@id":"https:\/\/theuncommonshop.ch\/fr\/#website","url":"https:\/\/theuncommonshop.ch\/fr\/","name":"The Uncommon Shop","description":"Magic, Pok\u00e9mon and Yu-gi-oh - The Uncommon Shop","potentialAction":[{"@type":"SearchAction","target":{"@type":"EntryPoint","urlTemplate":"https:\/\/theuncommonshop.ch\/fr\/?s={search_term_string}"},"query-input":{"@type":"PropertyValueSpecification","valueRequired":true,"valueName":"search_term_string"}}],"inLanguage":"fr-FR"}]},"product_price_amount":"24.95","product_price_currency":"CHF","og_availability":"instock","product_availability":"instock","product_retailer_item_id":"WR.E.BandaiMyHeroAcAmHeroes27Lemillion18cm","product_condition":"new"},"_links":{"self":[{"href":"https:\/\/theuncommonshop.ch\/fr\/wp-json\/wp\/v2\/product\/313399","targetHints":{"allow":["GET"]}}],"collection":[{"href":"https:\/\/theuncommonshop.ch\/fr\/wp-json\/wp\/v2\/product"}],"about":[{"href":"https:\/\/theuncommonshop.ch\/fr\/wp-json\/wp\/v2\/types\/product"}],"replies":[{"embeddable":true,"href":"https:\/\/theuncommonshop.ch\/fr\/wp-json\/wp\/v2\/comments?post=313399"}],"version-history":[{"count":0,"href":"https:\/\/theuncommonshop.ch\/fr\/wp-json\/wp\/v2\/product\/313399\/revisions"}],"wp:featuredmedia":[{"embeddable":true,"href":"https:\/\/theuncommonshop.ch\/fr\/wp-json\/wp\/v2\/media\/265588"}],"wp:attachment":[{"href":"https:\/\/theuncommonshop.ch\/fr\/wp-json\/wp\/v2\/media?parent=313399"}],"wp:term":[{"taxonomy":"product_brand","embeddable":true,"href":"https:\/\/theuncommonshop.ch\/fr\/wp-json\/wp\/v2\/product_brand?post=313399"},{"taxonomy":"product_cat","embeddable":true,"href":"https:\/\/theuncommonshop.ch\/fr\/wp-json\/wp\/v2\/product_cat?post=313399"},{"taxonomy":"product_tag","embeddable":true,"href":"https:\/\/theuncommonshop.ch\/fr\/wp-json\/wp\/v2\/product_tag?post=313399"}],"curies":[{"name":"wp","href":"https:\/\/api.w.org\/{rel}","templated":true}]}}