{"id":313354,"date":"2025-12-31T00:58:13","date_gmt":"2025-12-31T00:58:13","guid":{"rendered":"http:\/\/theuncommonshop.ch\/produkt\/313354\/"},"modified":"2026-03-08T21:36:17","modified_gmt":"2026-03-08T20:36:17","slug":"bandai-banpresto-jujutsu-kaisen-jukon-no-kata-yuji-itadori-16cm-3","status":"publish","type":"product","link":"https:\/\/theuncommonshop.ch\/fr\/product\/bandai-banpresto-jujutsu-kaisen-jukon-no-kata-yuji-itadori-16cm-3\/","title":{"rendered":"Bandai &#8211; Banpresto &#8211; Jujutsu Kaisen &#8211; Jukon No Kata &#8211; Yuji Itadori &#8211; 16cm"},"content":{"rendered":"<p>Nous vous pr\u00e9sentons la figurine Jujutsu Kaisen &#8211; Jukon No Kata-Yuji Itadori&amp;Mahito (A : Yuji Itadori) de Bandai Banpresto, un must pour les fans de la c\u00e9l\u00e8bre s\u00e9rie d&#8217;Anime. Cette figurine soigneusement fabriqu\u00e9e repr\u00e9sente Yuji Itadori, le protagoniste de Jujutsu Kaisen, dans toute sa splendeur. D&#8217;une hauteur impressionnante de 16 cm, cette figurine capture chaque d\u00e9tail de l&#8217;apparence de Yuji, aussi petit soit-il. Avec son extraordinaire souci du d\u00e9tail, cette figurine donne vie \u00e0 Yuji Itadori, pour une repr\u00e9sentation authentique et captivante. De sa coiffure et de ses v\u00eatements embl\u00e9matiques \u00e0 son attitude d\u00e9termin\u00e9e, chaque aspect a \u00e9t\u00e9 soigneusement reproduit pour offrir aux fans une v\u00e9ritable pi\u00e8ce de collection. Que vous soyez un fervent admirateur de Jujutsu Kaisen ou que vous appr\u00e9ciiez simplement le savoir-faire derri\u00e8re les personnages, ce produit est un must absolu. Non seulement il capture l&#8217;essence de la s\u00e9rie, mais il ajoute \u00e9galement une touche d&#8217;\u00e9l\u00e9gance \u00e0 toute exposition ou collection. Fabriqu\u00e9e par Bandai Banpresto, un fabricant renomm\u00e9 d&#8217;articles de merchandising Anime de qualit\u00e9, cette figurine garantit le plus haut niveau d&#8217;artisanat et de durabilit\u00e9. Faites entrer la figurine &#8220;Jukon No Kata-Yuji Itadori&amp;Mahito-(A : Yuji Itadori)&#8221; chez vous et plongez dans le monde passionnant de Jujutsu Kaisen. Placez-la fi\u00e8rement sur votre \u00e9tag\u00e8re, votre bureau ou \u00e0 l&#8217;endroit de votre choix et laissez-vous inspirer chaque jour par Yuji Itadori.<\/p>\n","protected":false},"excerpt":{"rendered":"<p>Nous vous pr\u00e9sentons la figurine Jujutsu Kaisen &#8211; Jukon No Kata-Yuji Itadori&amp;Mahito (A : Yuji Itadori) de Bandai Banpresto, un<\/p>\n","protected":false},"featured_media":265431,"comment_status":"open","ping_status":"closed","template":"","meta":{"_acf_changed":false},"product_brand":[5144],"product_cat":[9911,9913],"product_tag":[],"class_list":{"0":"post-313354","1":"product","2":"type-product","3":"status-publish","4":"has-post-thumbnail","6":"product_brand-bandai","7":"product_cat-collectibles-fr","8":"product_cat-figurines-danime","10":"first","11":"instock","12":"sale","13":"taxable","14":"shipping-taxable","15":"purchasable","16":"product-type-simple"},"acf":[],"yoast_head":"<!-- This site is optimized with the Yoast SEO plugin v27.4 - https:\/\/yoast.com\/product\/yoast-seo-wordpress\/ -->\n<title>Ach\u00e8te Bandai - Banpresto - Jujutsu Kaisen - Jukon No Kata - Yuji Itadori - 16cm<\/title>\n<meta name=\"description\" content=\"Ach\u00e8te Bandai - Banpresto - Jujutsu Kaisen - Jukon No Kata - Yuji Itadori - 16cm en ligne maintenant \u00e0 petit prix! Ton #1 shop pour cartes TCG &amp; Pok\u00e9mon en Suisse \u2713 Livraison gratuite d\u00e8s CHF 29\" \/>\n<meta name=\"robots\" content=\"index, follow, max-snippet:-1, max-image-preview:large, max-video-preview:-1\" \/>\n<link rel=\"canonical\" href=\"https:\/\/theuncommonshop.ch\/fr\/product\/bandai-banpresto-jujutsu-kaisen-jukon-no-kata-yuji-itadori-16cm-3\/\" \/>\n<meta property=\"og:locale\" content=\"fr_FR\" \/>\n<meta property=\"og:type\" content=\"article\" \/>\n<meta property=\"og:title\" content=\"Ach\u00e8te Bandai - Banpresto - Jujutsu Kaisen - Jukon No Kata - Yuji Itadori - 16cm\" \/>\n<meta property=\"og:description\" content=\"Ach\u00e8te Bandai - Banpresto - Jujutsu Kaisen - Jukon No Kata - Yuji Itadori - 16cm en ligne maintenant \u00e0 petit prix! Ton #1 shop pour cartes TCG &amp; Pok\u00e9mon en Suisse \u2713 Livraison gratuite d\u00e8s CHF 29\" \/>\n<meta property=\"og:url\" content=\"https:\/\/theuncommonshop.ch\/fr\/product\/bandai-banpresto-jujutsu-kaisen-jukon-no-kata-yuji-itadori-16cm-3\/\" \/>\n<meta property=\"og:site_name\" content=\"The Uncommon Shop\" \/>\n<meta property=\"article:modified_time\" content=\"2026-03-08T20:36:17+00:00\" \/>\n<meta property=\"og:image\" content=\"https:\/\/theuncommonshop.ch\/wp-content\/uploads\/2025\/12\/5182180621.jpg\" \/>\n\t<meta property=\"og:image:width\" content=\"1000\" \/>\n\t<meta property=\"og:image:height\" content=\"1000\" \/>\n\t<meta property=\"og:image:type\" content=\"image\/jpeg\" \/>\n<meta name=\"twitter:card\" content=\"summary_large_image\" \/>\n<meta name=\"twitter:label1\" content=\"Prix\" \/>\n\t<meta name=\"twitter:data1\" content=\"&#067;&#072;&#070;&nbsp;23.95\" \/>\n\t<meta name=\"twitter:label2\" content=\"Disponibilit\u00e9\" \/>\n\t<meta name=\"twitter:data2\" content=\"En stock\" \/>\n<script type=\"application\/ld+json\" class=\"yoast-schema-graph\">{\"@context\":\"https:\\\/\\\/schema.org\",\"@graph\":[{\"@type\":\"WebPage\",\"@id\":\"https:\\\/\\\/theuncommonshop.ch\\\/fr\\\/product\\\/bandai-banpresto-jujutsu-kaisen-jukon-no-kata-yuji-itadori-16cm-3\\\/\",\"url\":\"https:\\\/\\\/theuncommonshop.ch\\\/fr\\\/product\\\/bandai-banpresto-jujutsu-kaisen-jukon-no-kata-yuji-itadori-16cm-3\\\/\",\"name\":\"Ach\u00e8te Bandai - Banpresto - Jujutsu Kaisen - Jukon No Kata - Yuji Itadori - 16cm\",\"isPartOf\":{\"@id\":\"https:\\\/\\\/theuncommonshop.ch\\\/fr\\\/#website\"},\"primaryImageOfPage\":{\"@id\":\"https:\\\/\\\/theuncommonshop.ch\\\/fr\\\/product\\\/bandai-banpresto-jujutsu-kaisen-jukon-no-kata-yuji-itadori-16cm-3\\\/#primaryimage\"},\"image\":{\"@id\":\"https:\\\/\\\/theuncommonshop.ch\\\/fr\\\/product\\\/bandai-banpresto-jujutsu-kaisen-jukon-no-kata-yuji-itadori-16cm-3\\\/#primaryimage\"},\"thumbnailUrl\":\"https:\\\/\\\/theuncommonshop.ch\\\/wp-content\\\/uploads\\\/2025\\\/12\\\/5182180621.jpg\",\"datePublished\":\"2025-12-31T00:58:13+00:00\",\"dateModified\":\"2026-03-08T20:36:17+00:00\",\"description\":\"Ach\u00e8te Bandai - Banpresto - Jujutsu Kaisen - Jukon No Kata - Yuji Itadori - 16cm en ligne maintenant \u00e0 petit prix! Ton #1 shop pour cartes TCG & Pok\u00e9mon en Suisse \u2713 Livraison gratuite d\u00e8s CHF 29\",\"breadcrumb\":{\"@id\":\"https:\\\/\\\/theuncommonshop.ch\\\/fr\\\/product\\\/bandai-banpresto-jujutsu-kaisen-jukon-no-kata-yuji-itadori-16cm-3\\\/#breadcrumb\"},\"inLanguage\":\"fr-FR\",\"potentialAction\":[{\"@type\":\"ReadAction\",\"target\":[\"https:\\\/\\\/theuncommonshop.ch\\\/fr\\\/product\\\/bandai-banpresto-jujutsu-kaisen-jukon-no-kata-yuji-itadori-16cm-3\\\/\"]}]},{\"@type\":\"ImageObject\",\"inLanguage\":\"fr-FR\",\"@id\":\"https:\\\/\\\/theuncommonshop.ch\\\/fr\\\/product\\\/bandai-banpresto-jujutsu-kaisen-jukon-no-kata-yuji-itadori-16cm-3\\\/#primaryimage\",\"url\":\"https:\\\/\\\/theuncommonshop.ch\\\/wp-content\\\/uploads\\\/2025\\\/12\\\/5182180621.jpg\",\"contentUrl\":\"https:\\\/\\\/theuncommonshop.ch\\\/wp-content\\\/uploads\\\/2025\\\/12\\\/5182180621.jpg\",\"width\":1000,\"height\":1000},{\"@type\":\"BreadcrumbList\",\"@id\":\"https:\\\/\\\/theuncommonshop.ch\\\/fr\\\/product\\\/bandai-banpresto-jujutsu-kaisen-jukon-no-kata-yuji-itadori-16cm-3\\\/#breadcrumb\",\"itemListElement\":[{\"@type\":\"ListItem\",\"position\":1,\"name\":\"Accueil\",\"item\":\"https:\\\/\\\/theuncommonshop.ch\\\/fr\\\/accueil\\\/\"},{\"@type\":\"ListItem\",\"position\":2,\"name\":\"Boutique\",\"item\":\"https:\\\/\\\/theuncommonshop.ch\\\/fr\\\/boutique\\\/\"},{\"@type\":\"ListItem\",\"position\":3,\"name\":\"Collectibles\",\"item\":\"https:\\\/\\\/theuncommonshop.ch\\\/fr\\\/categorie-produit\\\/collectibles-fr\\\/\"},{\"@type\":\"ListItem\",\"position\":4,\"name\":\"Figurines d'anime\",\"item\":\"https:\\\/\\\/theuncommonshop.ch\\\/fr\\\/categorie-produit\\\/collectibles-fr\\\/figurines-danime\\\/\"},{\"@type\":\"ListItem\",\"position\":5,\"name\":\"Bandai &#8211; Banpresto &#8211; Jujutsu Kaisen &#8211; Jukon No Kata &#8211; Yuji Itadori &#8211; 16cm\"}]},{\"@type\":\"WebSite\",\"@id\":\"https:\\\/\\\/theuncommonshop.ch\\\/fr\\\/#website\",\"url\":\"https:\\\/\\\/theuncommonshop.ch\\\/fr\\\/\",\"name\":\"The Uncommon Shop\",\"description\":\"Magic, Pok\u00e9mon and Yu-gi-oh - The Uncommon Shop\",\"potentialAction\":[{\"@type\":\"SearchAction\",\"target\":{\"@type\":\"EntryPoint\",\"urlTemplate\":\"https:\\\/\\\/theuncommonshop.ch\\\/fr\\\/?s={search_term_string}\"},\"query-input\":{\"@type\":\"PropertyValueSpecification\",\"valueRequired\":true,\"valueName\":\"search_term_string\"}}],\"inLanguage\":\"fr-FR\"}]}<\/script>\n<meta property=\"product:price:amount\" content=\"23.95\" \/>\n<meta property=\"product:price:currency\" content=\"CHF\" \/>\n<meta property=\"og:availability\" content=\"instock\" \/>\n<meta property=\"product:availability\" content=\"instock\" \/>\n<meta property=\"product:retailer_item_id\" content=\"WR.C.BandaiJujutsuYujiItadori16cm\" \/>\n<meta property=\"product:condition\" content=\"new\" \/>\n<!-- \/ Yoast SEO plugin. -->","yoast_head_json":{"title":"Ach\u00e8te Bandai - Banpresto - Jujutsu Kaisen - Jukon No Kata - Yuji Itadori - 16cm","description":"Ach\u00e8te Bandai - Banpresto - Jujutsu Kaisen - Jukon No Kata - Yuji Itadori - 16cm en ligne maintenant \u00e0 petit prix! Ton #1 shop pour cartes TCG & Pok\u00e9mon en Suisse \u2713 Livraison gratuite d\u00e8s CHF 29","robots":{"index":"index","follow":"follow","max-snippet":"max-snippet:-1","max-image-preview":"max-image-preview:large","max-video-preview":"max-video-preview:-1"},"canonical":"https:\/\/theuncommonshop.ch\/fr\/product\/bandai-banpresto-jujutsu-kaisen-jukon-no-kata-yuji-itadori-16cm-3\/","og_locale":"fr_FR","og_type":"article","og_title":"Ach\u00e8te Bandai - Banpresto - Jujutsu Kaisen - Jukon No Kata - Yuji Itadori - 16cm","og_description":"Ach\u00e8te Bandai - Banpresto - Jujutsu Kaisen - Jukon No Kata - Yuji Itadori - 16cm en ligne maintenant \u00e0 petit prix! Ton #1 shop pour cartes TCG & Pok\u00e9mon en Suisse \u2713 Livraison gratuite d\u00e8s CHF 29","og_url":"https:\/\/theuncommonshop.ch\/fr\/product\/bandai-banpresto-jujutsu-kaisen-jukon-no-kata-yuji-itadori-16cm-3\/","og_site_name":"The Uncommon Shop","article_modified_time":"2026-03-08T20:36:17+00:00","og_image":[{"width":1000,"height":1000,"url":"https:\/\/theuncommonshop.ch\/wp-content\/uploads\/2025\/12\/5182180621.jpg","type":"image\/jpeg"}],"twitter_card":"summary_large_image","twitter_misc":{"Prix":"&#67;&#72;&#70;&nbsp;23.95","Disponibilit\u00e9":"En stock"},"schema":{"@context":"https:\/\/schema.org","@graph":[{"@type":"WebPage","@id":"https:\/\/theuncommonshop.ch\/fr\/product\/bandai-banpresto-jujutsu-kaisen-jukon-no-kata-yuji-itadori-16cm-3\/","url":"https:\/\/theuncommonshop.ch\/fr\/product\/bandai-banpresto-jujutsu-kaisen-jukon-no-kata-yuji-itadori-16cm-3\/","name":"Ach\u00e8te Bandai - Banpresto - Jujutsu Kaisen - Jukon No Kata - Yuji Itadori - 16cm","isPartOf":{"@id":"https:\/\/theuncommonshop.ch\/fr\/#website"},"primaryImageOfPage":{"@id":"https:\/\/theuncommonshop.ch\/fr\/product\/bandai-banpresto-jujutsu-kaisen-jukon-no-kata-yuji-itadori-16cm-3\/#primaryimage"},"image":{"@id":"https:\/\/theuncommonshop.ch\/fr\/product\/bandai-banpresto-jujutsu-kaisen-jukon-no-kata-yuji-itadori-16cm-3\/#primaryimage"},"thumbnailUrl":"https:\/\/theuncommonshop.ch\/wp-content\/uploads\/2025\/12\/5182180621.jpg","datePublished":"2025-12-31T00:58:13+00:00","dateModified":"2026-03-08T20:36:17+00:00","description":"Ach\u00e8te Bandai - Banpresto - Jujutsu Kaisen - Jukon No Kata - Yuji Itadori - 16cm en ligne maintenant \u00e0 petit prix! Ton #1 shop pour cartes TCG & Pok\u00e9mon en Suisse \u2713 Livraison gratuite d\u00e8s CHF 29","breadcrumb":{"@id":"https:\/\/theuncommonshop.ch\/fr\/product\/bandai-banpresto-jujutsu-kaisen-jukon-no-kata-yuji-itadori-16cm-3\/#breadcrumb"},"inLanguage":"fr-FR","potentialAction":[{"@type":"ReadAction","target":["https:\/\/theuncommonshop.ch\/fr\/product\/bandai-banpresto-jujutsu-kaisen-jukon-no-kata-yuji-itadori-16cm-3\/"]}]},{"@type":"ImageObject","inLanguage":"fr-FR","@id":"https:\/\/theuncommonshop.ch\/fr\/product\/bandai-banpresto-jujutsu-kaisen-jukon-no-kata-yuji-itadori-16cm-3\/#primaryimage","url":"https:\/\/theuncommonshop.ch\/wp-content\/uploads\/2025\/12\/5182180621.jpg","contentUrl":"https:\/\/theuncommonshop.ch\/wp-content\/uploads\/2025\/12\/5182180621.jpg","width":1000,"height":1000},{"@type":"BreadcrumbList","@id":"https:\/\/theuncommonshop.ch\/fr\/product\/bandai-banpresto-jujutsu-kaisen-jukon-no-kata-yuji-itadori-16cm-3\/#breadcrumb","itemListElement":[{"@type":"ListItem","position":1,"name":"Accueil","item":"https:\/\/theuncommonshop.ch\/fr\/accueil\/"},{"@type":"ListItem","position":2,"name":"Boutique","item":"https:\/\/theuncommonshop.ch\/fr\/boutique\/"},{"@type":"ListItem","position":3,"name":"Collectibles","item":"https:\/\/theuncommonshop.ch\/fr\/categorie-produit\/collectibles-fr\/"},{"@type":"ListItem","position":4,"name":"Figurines d'anime","item":"https:\/\/theuncommonshop.ch\/fr\/categorie-produit\/collectibles-fr\/figurines-danime\/"},{"@type":"ListItem","position":5,"name":"Bandai &#8211; Banpresto &#8211; Jujutsu Kaisen &#8211; Jukon No Kata &#8211; Yuji Itadori &#8211; 16cm"}]},{"@type":"WebSite","@id":"https:\/\/theuncommonshop.ch\/fr\/#website","url":"https:\/\/theuncommonshop.ch\/fr\/","name":"The Uncommon Shop","description":"Magic, Pok\u00e9mon and Yu-gi-oh - The Uncommon Shop","potentialAction":[{"@type":"SearchAction","target":{"@type":"EntryPoint","urlTemplate":"https:\/\/theuncommonshop.ch\/fr\/?s={search_term_string}"},"query-input":{"@type":"PropertyValueSpecification","valueRequired":true,"valueName":"search_term_string"}}],"inLanguage":"fr-FR"}]},"product_price_amount":"23.95","product_price_currency":"CHF","og_availability":"instock","product_availability":"instock","product_retailer_item_id":"WR.C.BandaiJujutsuYujiItadori16cm","product_condition":"new"},"_links":{"self":[{"href":"https:\/\/theuncommonshop.ch\/fr\/wp-json\/wp\/v2\/product\/313354","targetHints":{"allow":["GET"]}}],"collection":[{"href":"https:\/\/theuncommonshop.ch\/fr\/wp-json\/wp\/v2\/product"}],"about":[{"href":"https:\/\/theuncommonshop.ch\/fr\/wp-json\/wp\/v2\/types\/product"}],"replies":[{"embeddable":true,"href":"https:\/\/theuncommonshop.ch\/fr\/wp-json\/wp\/v2\/comments?post=313354"}],"version-history":[{"count":0,"href":"https:\/\/theuncommonshop.ch\/fr\/wp-json\/wp\/v2\/product\/313354\/revisions"}],"wp:featuredmedia":[{"embeddable":true,"href":"https:\/\/theuncommonshop.ch\/fr\/wp-json\/wp\/v2\/media\/265431"}],"wp:attachment":[{"href":"https:\/\/theuncommonshop.ch\/fr\/wp-json\/wp\/v2\/media?parent=313354"}],"wp:term":[{"taxonomy":"product_brand","embeddable":true,"href":"https:\/\/theuncommonshop.ch\/fr\/wp-json\/wp\/v2\/product_brand?post=313354"},{"taxonomy":"product_cat","embeddable":true,"href":"https:\/\/theuncommonshop.ch\/fr\/wp-json\/wp\/v2\/product_cat?post=313354"},{"taxonomy":"product_tag","embeddable":true,"href":"https:\/\/theuncommonshop.ch\/fr\/wp-json\/wp\/v2\/product_tag?post=313354"}],"curies":[{"name":"wp","href":"https:\/\/api.w.org\/{rel}","templated":true}]}}