{"id":313291,"date":"2025-12-31T00:50:48","date_gmt":"2025-12-31T00:50:48","guid":{"rendered":"http:\/\/theuncommonshop.ch\/produkt\/313291\/"},"modified":"2026-03-31T18:38:15","modified_gmt":"2026-03-31T16:38:15","slug":"topps-paris-saint-germain-champions-deurope-2025-fr-2","status":"publish","type":"product","link":"https:\/\/theuncommonshop.ch\/fr\/product\/topps-paris-saint-germain-champions-deurope-2025-fr-2\/","title":{"rendered":"Topps &#8211; Paris Saint-Germain : Champions d&#8217;Europe 2025"},"content":{"rendered":"<p>25 cartes par bo\u00eete<\/p>\n<p>Une carte d&#8217;autographe par bo\u00eete<\/p>\n<p>Deux parall\u00e8les num\u00e9rot\u00e9es par bo\u00eete<\/p>\n<p>Reliques de match-worn dans des bo\u00eetes de chance<\/p>\n<p>Paris Saint-Germain : Champions d&#8217;Europe 2025<\/p>\n<p>Nous vous pr\u00e9sentons PSG : Champions d&#8217;Europe &#8211; une collection exclusive de cartes \u00e0 collectionner sp\u00e9ciales c\u00e9l\u00e9brant la victoire du club fran\u00e7ais en UEFA Champions League 2024-25. Ce coffret sp\u00e9cial rend hommage \u00e0 l&#8217;incroyable saison europ\u00e9enne du PSG, qui a culmin\u00e9 avec la premi\u00e8re victoire en UEFA Champions League de l&#8217;histoire du club. <\/p>\n<p>Le coffret gagnant contient tous les joueurs de l&#8217;\u00e9quipe du PSG en UEFA Champions League et le grand patron lui-m\u00eame : Luis Enrique. Cette \u00e9dition illustre \u00e9galement les moments sp\u00e9ciaux et les victoires de la saison avec les cartes &#8220;Le Chemin Vers La Victoire&#8221; et contient des images de la parade du bus dans &#8220;La C\u00e9l\u00e9brations&#8221; et des festivit\u00e9s d&#8217;apr\u00e8s-match dans &#8220;Une Nuit \u00c1 Munich&#8221;. Notez le sous-ensemble &#8220;Le Magnifique&#8221;, qui met en avant les joueurs stars, et &#8220;Prochaine G\u00e9n\u00e9rations&#8221;, qui met en avant les meilleurs jeunes joueurs de l&#8217;effectif. <\/p>\n<p>Cherchez les autographes des joueurs stars du Paris Saint-Germain comme Ousmane Demb\u00e9l\u00e9, Jo\u00e3o Neves, D\u00e9sir\u00e9 Dou\u00e9, Nuno Mendes et bien d&#8217;autres. Il y a \u00e9galement une s\u00e9rie double avec les meilleurs partenariats sur le terrain et une s\u00e9rie fantastique &#8220;Ici C&#8217;est Paris&#8221; avec Demb\u00e9l\u00e9, Kvaratskhelia et Dou\u00e9. Pour rendre cet ensemble encore plus sp\u00e9cial, nous avons ajout\u00e9 des reliques des maillots de 14 joueurs de l&#8217;\u00e9quipe, dont Bradley Barcola, Vitinha, Senny Mayulu et Achraf Hakimi &#8211; tous \u00e0 trouver dans les bo\u00eetes chanceuses.  <\/p>\n","protected":false},"excerpt":{"rendered":"<p>25 cartes par bo\u00eete Une carte d&#8217;autographe par bo\u00eete Deux parall\u00e8les num\u00e9rot\u00e9es par bo\u00eete Reliques de match-worn dans des bo\u00eetes<\/p>\n","protected":false},"featured_media":265194,"comment_status":"open","ping_status":"closed","template":"","meta":{"_acf_changed":false},"product_brand":[5130],"product_cat":[10323,9797,10327],"product_tag":[],"class_list":{"0":"post-313291","1":"product","2":"type-product","3":"status-publish","4":"has-post-thumbnail","6":"product_brand-topps","7":"product_cat-cartes-sportives-topps","8":"product_cat-cartes-topps","9":"product_cat-topps-football","11":"first","12":"outofstock","13":"taxable","14":"shipping-taxable","15":"purchasable","16":"product-type-variable"},"acf":[],"yoast_head":"<!-- This site is optimized with the Yoast SEO plugin v27.4 - https:\/\/yoast.com\/product\/yoast-seo-wordpress\/ -->\n<title>Ach\u00e8te Topps - Paris Saint-Germain : Champions d&#039;Europe 2025<\/title>\n<meta name=\"description\" content=\"Ach\u00e8te Topps - Paris Saint-Germain : Champions d&#039;Europe 2025 en ligne maintenant \u00e0 petit prix! Ton #1 shop pour cartes TCG &amp; Pok\u00e9mon en Suisse \u2713 Livraison gratuite d\u00e8s CHF 29\" \/>\n<meta name=\"robots\" content=\"index, follow, max-snippet:-1, max-image-preview:large, max-video-preview:-1\" \/>\n<link rel=\"canonical\" href=\"https:\/\/theuncommonshop.ch\/fr\/product\/topps-paris-saint-germain-champions-deurope-2025-fr-2\/\" \/>\n<meta property=\"og:locale\" content=\"fr_FR\" \/>\n<meta property=\"og:type\" content=\"article\" \/>\n<meta property=\"og:title\" content=\"Ach\u00e8te Topps - Paris Saint-Germain : Champions d&#039;Europe 2025\" \/>\n<meta property=\"og:description\" content=\"Ach\u00e8te Topps - Paris Saint-Germain : Champions d&#039;Europe 2025 en ligne maintenant \u00e0 petit prix! Ton #1 shop pour cartes TCG &amp; Pok\u00e9mon en Suisse \u2713 Livraison gratuite d\u00e8s CHF 29\" \/>\n<meta property=\"og:url\" content=\"https:\/\/theuncommonshop.ch\/fr\/product\/topps-paris-saint-germain-champions-deurope-2025-fr-2\/\" \/>\n<meta property=\"og:site_name\" content=\"Largest trading card shop in Switzerland\" \/>\n<meta property=\"article:modified_time\" content=\"2026-03-31T16:38:15+00:00\" \/>\n<meta property=\"og:image\" content=\"https:\/\/theuncommonshop.ch\/wp-content\/uploads\/2025\/12\/5174373533.webp\" \/>\n\t<meta property=\"og:image:width\" content=\"750\" \/>\n\t<meta property=\"og:image:height\" content=\"750\" \/>\n\t<meta property=\"og:image:type\" content=\"image\/webp\" \/>\n<meta name=\"twitter:card\" content=\"summary_large_image\" \/>\n<meta name=\"twitter:label1\" content=\"Disponibilit\u00e9\" \/>\n\t<meta name=\"twitter:data1\" content=\"Rupture de stock\" \/>\n<script type=\"application\/ld+json\" class=\"yoast-schema-graph\">{\"@context\":\"https:\\\/\\\/schema.org\",\"@graph\":[{\"@type\":\"WebPage\",\"@id\":\"https:\\\/\\\/theuncommonshop.ch\\\/fr\\\/product\\\/topps-paris-saint-germain-champions-deurope-2025-fr-2\\\/\",\"url\":\"https:\\\/\\\/theuncommonshop.ch\\\/fr\\\/product\\\/topps-paris-saint-germain-champions-deurope-2025-fr-2\\\/\",\"name\":\"Ach\u00e8te Topps - Paris Saint-Germain : Champions d'Europe 2025\",\"isPartOf\":{\"@id\":\"https:\\\/\\\/theuncommonshop.ch\\\/#website\"},\"primaryImageOfPage\":{\"@id\":\"https:\\\/\\\/theuncommonshop.ch\\\/fr\\\/product\\\/topps-paris-saint-germain-champions-deurope-2025-fr-2\\\/#primaryimage\"},\"image\":{\"@id\":\"https:\\\/\\\/theuncommonshop.ch\\\/fr\\\/product\\\/topps-paris-saint-germain-champions-deurope-2025-fr-2\\\/#primaryimage\"},\"thumbnailUrl\":\"https:\\\/\\\/theuncommonshop.ch\\\/wp-content\\\/uploads\\\/2025\\\/12\\\/5174373533.webp\",\"datePublished\":\"2025-12-31T00:50:48+00:00\",\"dateModified\":\"2026-03-31T16:38:15+00:00\",\"description\":\"Ach\u00e8te Topps - Paris Saint-Germain : Champions d'Europe 2025 en ligne maintenant \u00e0 petit prix! Ton #1 shop pour cartes TCG & Pok\u00e9mon en Suisse \u2713 Livraison gratuite d\u00e8s CHF 29\",\"breadcrumb\":{\"@id\":\"https:\\\/\\\/theuncommonshop.ch\\\/fr\\\/product\\\/topps-paris-saint-germain-champions-deurope-2025-fr-2\\\/#breadcrumb\"},\"inLanguage\":\"fr-FR\",\"potentialAction\":[{\"@type\":\"ReadAction\",\"target\":[\"https:\\\/\\\/theuncommonshop.ch\\\/fr\\\/product\\\/topps-paris-saint-germain-champions-deurope-2025-fr-2\\\/\"]}]},{\"@type\":\"ImageObject\",\"inLanguage\":\"fr-FR\",\"@id\":\"https:\\\/\\\/theuncommonshop.ch\\\/fr\\\/product\\\/topps-paris-saint-germain-champions-deurope-2025-fr-2\\\/#primaryimage\",\"url\":\"https:\\\/\\\/theuncommonshop.ch\\\/wp-content\\\/uploads\\\/2025\\\/12\\\/5174373533.webp\",\"contentUrl\":\"https:\\\/\\\/theuncommonshop.ch\\\/wp-content\\\/uploads\\\/2025\\\/12\\\/5174373533.webp\",\"width\":750,\"height\":750},{\"@type\":\"BreadcrumbList\",\"@id\":\"https:\\\/\\\/theuncommonshop.ch\\\/fr\\\/product\\\/topps-paris-saint-germain-champions-deurope-2025-fr-2\\\/#breadcrumb\",\"itemListElement\":[{\"@type\":\"ListItem\",\"position\":1,\"name\":\"Accueil\",\"item\":\"https:\\\/\\\/theuncommonshop.ch\\\/fr\\\/accueil\\\/\"},{\"@type\":\"ListItem\",\"position\":2,\"name\":\"Boutique\",\"item\":\"https:\\\/\\\/theuncommonshop.ch\\\/fr\\\/boutique\\\/\"},{\"@type\":\"ListItem\",\"position\":3,\"name\":\"Weitere Sammelkarten\",\"item\":\"https:\\\/\\\/theuncommonshop.ch\\\/produktkategorie\\\/weitere-sammelkarten\\\/\"},{\"@type\":\"ListItem\",\"position\":4,\"name\":\"Topps Karten\",\"item\":\"https:\\\/\\\/theuncommonshop.ch\\\/produktkategorie\\\/weitere-sammelkarten\\\/topps-karten\\\/\"},{\"@type\":\"ListItem\",\"position\":5,\"name\":\"Topps Sportkarten\",\"item\":\"https:\\\/\\\/theuncommonshop.ch\\\/produktkategorie\\\/weitere-sammelkarten\\\/topps-karten\\\/topps-sportkarten\\\/\"},{\"@type\":\"ListItem\",\"position\":6,\"name\":\"Topps Fussball\",\"item\":\"https:\\\/\\\/theuncommonshop.ch\\\/produktkategorie\\\/weitere-sammelkarten\\\/topps-karten\\\/topps-sportkarten\\\/topps-fussball\\\/\"},{\"@type\":\"ListItem\",\"position\":7,\"name\":\"Topps &#8211; Paris Saint-Germain : Champions d&#8217;Europe 2025\"}]},{\"@type\":\"WebSite\",\"@id\":\"https:\\\/\\\/theuncommonshop.ch\\\/#website\",\"url\":\"https:\\\/\\\/theuncommonshop.ch\\\/\",\"name\":\"Largest trading card shop in Switzerland\",\"description\":\"Magic, Pok\u00e9mon and Yu-gi-oh - The Uncommon Shop\",\"potentialAction\":[{\"@type\":\"SearchAction\",\"target\":{\"@type\":\"EntryPoint\",\"urlTemplate\":\"https:\\\/\\\/theuncommonshop.ch\\\/?s={search_term_string}\"},\"query-input\":{\"@type\":\"PropertyValueSpecification\",\"valueRequired\":true,\"valueName\":\"search_term_string\"}}],\"inLanguage\":\"fr-FR\"}]}<\/script>\n<meta property=\"og:availability\" content=\"out of stock\" \/>\n<meta property=\"product:availability\" content=\"out of stock\" \/>\n<meta property=\"product:retailer_item_id\" content=\"AL.SHOP.ToppsPSGchampions2025.FR\" \/>\n<meta property=\"product:condition\" content=\"new\" \/>\n<!-- \/ Yoast SEO plugin. -->","yoast_head_json":{"title":"Ach\u00e8te Topps - Paris Saint-Germain : Champions d'Europe 2025","description":"Ach\u00e8te Topps - Paris Saint-Germain : Champions d'Europe 2025 en ligne maintenant \u00e0 petit prix! Ton #1 shop pour cartes TCG & Pok\u00e9mon en Suisse \u2713 Livraison gratuite d\u00e8s CHF 29","robots":{"index":"index","follow":"follow","max-snippet":"max-snippet:-1","max-image-preview":"max-image-preview:large","max-video-preview":"max-video-preview:-1"},"canonical":"https:\/\/theuncommonshop.ch\/fr\/product\/topps-paris-saint-germain-champions-deurope-2025-fr-2\/","og_locale":"fr_FR","og_type":"article","og_title":"Ach\u00e8te Topps - Paris Saint-Germain : Champions d'Europe 2025","og_description":"Ach\u00e8te Topps - Paris Saint-Germain : Champions d'Europe 2025 en ligne maintenant \u00e0 petit prix! Ton #1 shop pour cartes TCG & Pok\u00e9mon en Suisse \u2713 Livraison gratuite d\u00e8s CHF 29","og_url":"https:\/\/theuncommonshop.ch\/fr\/product\/topps-paris-saint-germain-champions-deurope-2025-fr-2\/","og_site_name":"Largest trading card shop in Switzerland","article_modified_time":"2026-03-31T16:38:15+00:00","og_image":[{"width":750,"height":750,"url":"https:\/\/theuncommonshop.ch\/wp-content\/uploads\/2025\/12\/5174373533.webp","type":"image\/webp"}],"twitter_card":"summary_large_image","twitter_misc":{"Disponibilit\u00e9":"Rupture de stock"},"schema":{"@context":"https:\/\/schema.org","@graph":[{"@type":"WebPage","@id":"https:\/\/theuncommonshop.ch\/fr\/product\/topps-paris-saint-germain-champions-deurope-2025-fr-2\/","url":"https:\/\/theuncommonshop.ch\/fr\/product\/topps-paris-saint-germain-champions-deurope-2025-fr-2\/","name":"Ach\u00e8te Topps - Paris Saint-Germain : Champions d'Europe 2025","isPartOf":{"@id":"https:\/\/theuncommonshop.ch\/#website"},"primaryImageOfPage":{"@id":"https:\/\/theuncommonshop.ch\/fr\/product\/topps-paris-saint-germain-champions-deurope-2025-fr-2\/#primaryimage"},"image":{"@id":"https:\/\/theuncommonshop.ch\/fr\/product\/topps-paris-saint-germain-champions-deurope-2025-fr-2\/#primaryimage"},"thumbnailUrl":"https:\/\/theuncommonshop.ch\/wp-content\/uploads\/2025\/12\/5174373533.webp","datePublished":"2025-12-31T00:50:48+00:00","dateModified":"2026-03-31T16:38:15+00:00","description":"Ach\u00e8te Topps - Paris Saint-Germain : Champions d'Europe 2025 en ligne maintenant \u00e0 petit prix! Ton #1 shop pour cartes TCG & Pok\u00e9mon en Suisse \u2713 Livraison gratuite d\u00e8s CHF 29","breadcrumb":{"@id":"https:\/\/theuncommonshop.ch\/fr\/product\/topps-paris-saint-germain-champions-deurope-2025-fr-2\/#breadcrumb"},"inLanguage":"fr-FR","potentialAction":[{"@type":"ReadAction","target":["https:\/\/theuncommonshop.ch\/fr\/product\/topps-paris-saint-germain-champions-deurope-2025-fr-2\/"]}]},{"@type":"ImageObject","inLanguage":"fr-FR","@id":"https:\/\/theuncommonshop.ch\/fr\/product\/topps-paris-saint-germain-champions-deurope-2025-fr-2\/#primaryimage","url":"https:\/\/theuncommonshop.ch\/wp-content\/uploads\/2025\/12\/5174373533.webp","contentUrl":"https:\/\/theuncommonshop.ch\/wp-content\/uploads\/2025\/12\/5174373533.webp","width":750,"height":750},{"@type":"BreadcrumbList","@id":"https:\/\/theuncommonshop.ch\/fr\/product\/topps-paris-saint-germain-champions-deurope-2025-fr-2\/#breadcrumb","itemListElement":[{"@type":"ListItem","position":1,"name":"Accueil","item":"https:\/\/theuncommonshop.ch\/fr\/accueil\/"},{"@type":"ListItem","position":2,"name":"Boutique","item":"https:\/\/theuncommonshop.ch\/fr\/boutique\/"},{"@type":"ListItem","position":3,"name":"Weitere Sammelkarten","item":"https:\/\/theuncommonshop.ch\/produktkategorie\/weitere-sammelkarten\/"},{"@type":"ListItem","position":4,"name":"Topps Karten","item":"https:\/\/theuncommonshop.ch\/produktkategorie\/weitere-sammelkarten\/topps-karten\/"},{"@type":"ListItem","position":5,"name":"Topps Sportkarten","item":"https:\/\/theuncommonshop.ch\/produktkategorie\/weitere-sammelkarten\/topps-karten\/topps-sportkarten\/"},{"@type":"ListItem","position":6,"name":"Topps Fussball","item":"https:\/\/theuncommonshop.ch\/produktkategorie\/weitere-sammelkarten\/topps-karten\/topps-sportkarten\/topps-fussball\/"},{"@type":"ListItem","position":7,"name":"Topps &#8211; Paris Saint-Germain : Champions d&#8217;Europe 2025"}]},{"@type":"WebSite","@id":"https:\/\/theuncommonshop.ch\/#website","url":"https:\/\/theuncommonshop.ch\/","name":"Largest trading card shop in Switzerland","description":"Magic, Pok\u00e9mon and Yu-gi-oh - The Uncommon Shop","potentialAction":[{"@type":"SearchAction","target":{"@type":"EntryPoint","urlTemplate":"https:\/\/theuncommonshop.ch\/?s={search_term_string}"},"query-input":{"@type":"PropertyValueSpecification","valueRequired":true,"valueName":"search_term_string"}}],"inLanguage":"fr-FR"}]},"og_availability":"out of stock","product_availability":"out of stock","product_retailer_item_id":"AL.SHOP.ToppsPSGchampions2025.FR","product_condition":"new"},"_links":{"self":[{"href":"https:\/\/theuncommonshop.ch\/fr\/wp-json\/wp\/v2\/product\/313291","targetHints":{"allow":["GET"]}}],"collection":[{"href":"https:\/\/theuncommonshop.ch\/fr\/wp-json\/wp\/v2\/product"}],"about":[{"href":"https:\/\/theuncommonshop.ch\/fr\/wp-json\/wp\/v2\/types\/product"}],"replies":[{"embeddable":true,"href":"https:\/\/theuncommonshop.ch\/fr\/wp-json\/wp\/v2\/comments?post=313291"}],"version-history":[{"count":2,"href":"https:\/\/theuncommonshop.ch\/fr\/wp-json\/wp\/v2\/product\/313291\/revisions"}],"predecessor-version":[{"id":365074,"href":"https:\/\/theuncommonshop.ch\/fr\/wp-json\/wp\/v2\/product\/313291\/revisions\/365074"}],"wp:featuredmedia":[{"embeddable":true,"href":"https:\/\/theuncommonshop.ch\/fr\/wp-json\/wp\/v2\/media\/265194"}],"wp:attachment":[{"href":"https:\/\/theuncommonshop.ch\/fr\/wp-json\/wp\/v2\/media?parent=313291"}],"wp:term":[{"taxonomy":"product_brand","embeddable":true,"href":"https:\/\/theuncommonshop.ch\/fr\/wp-json\/wp\/v2\/product_brand?post=313291"},{"taxonomy":"product_cat","embeddable":true,"href":"https:\/\/theuncommonshop.ch\/fr\/wp-json\/wp\/v2\/product_cat?post=313291"},{"taxonomy":"product_tag","embeddable":true,"href":"https:\/\/theuncommonshop.ch\/fr\/wp-json\/wp\/v2\/product_tag?post=313291"}],"curies":[{"name":"wp","href":"https:\/\/api.w.org\/{rel}","templated":true}]}}