{"id":313275,"date":"2025-12-31T00:49:39","date_gmt":"2025-12-31T00:49:39","guid":{"rendered":"http:\/\/theuncommonshop.ch\/produkt\/313275\/"},"modified":"2026-04-07T12:23:11","modified_gmt":"2026-04-07T10:23:11","slug":"pokemon-schwert-und-schild-celebrations-pikachu-vmax-premium-figuren-kollektion-2","status":"publish","type":"product","link":"https:\/\/theuncommonshop.ch\/fr\/product\/pokemon-schwert-und-schild-celebrations-pikachu-vmax-premium-figuren-kollektion-2\/","title":{"rendered":"Pok\u00e9mon &#8211; Ep\u00e9e et Bouclier &#8211; Celebrations &#8211; Pikachu VMAX Premium Figuren Kollektion"},"content":{"rendered":"<div>C\u00e9l\u00e9brez Pok\u00e9mon avec Pikachu V et Pikachu VMAX, deux versions de l&#8217;un des habitants les plus populaires du monde Pok\u00e9mon ! Cette collection Premium comprend un ensemble complet de boosters Pok\u00e9mon TCG : Celebrations ainsi que des Booster Packs suppl\u00e9mentaires. Combinez tout cela avec une figurine souvenir g\u00e9ante et au design impressionnant de Gigantamax Pikachu, et vous aurez la collection ultime de Pikachu, enti\u00e8rement charg\u00e9e et pr\u00eate \u00e0 conqu\u00e9rir le monde !  <\/div>\n<div><strong>La Pok\u00e9mon TCG : Celebrations Premium Figure Collection &#8211; Pikachu VMAX comprend :<\/strong><\/div>\n<ul>\n<li>1 carte promotionnelle en film brillant avec Pikachu VMAX<\/li>\n<li>1 carte promotionnelle \u00e0 transparents avec Pikachu V<\/li>\n<li>Une figurine surdimensionn\u00e9e de Gigantamax Pikachu qui fait forte impression !<\/li>\n<li>8 Boosters Packs de 4 cartes Pok\u00e9mon TCG : Celebrations<\/li>\n<li>3 boosters packs Pok\u00e9mon TCG suppl\u00e9mentaires<\/li>\n<li>Une carte de code pour le Pok\u00e9mon Trading Cards Game Online<\/li>\n<\/ul>\n","protected":false},"excerpt":{"rendered":"<p>C\u00e9l\u00e9brez Pok\u00e9mon avec Pikachu V et Pikachu VMAX, deux versions de l&#8217;un des habitants les plus populaires du monde Pok\u00e9mon<\/p>\n","protected":false},"featured_media":265150,"comment_status":"open","ping_status":"closed","template":"","meta":{"_acf_changed":false},"product_brand":[5114,5072],"product_cat":[9811,9777],"product_tag":[],"class_list":{"0":"post-313275","1":"product","2":"type-product","3":"status-publish","4":"has-post-thumbnail","6":"product_brand-pokemon","7":"product_brand-the-pokemon-company","8":"product_cat-coffrets-et-collections-pokemon","9":"product_cat-pokemon-fr","11":"first","12":"instock","13":"taxable","14":"shipping-taxable","15":"purchasable","16":"product-type-variable"},"acf":[],"yoast_head":"<!-- This site is optimized with the Yoast SEO plugin v27.4 - https:\/\/yoast.com\/product\/yoast-seo-wordpress\/ -->\n<title>Ach\u00e8te Pok\u00e9mon - Ep\u00e9e et Bouclier - Celebrations - Pikachu VMAX Premium Figuren Kollektion<\/title>\n<meta name=\"description\" content=\"Ach\u00e8te Pok\u00e9mon - Ep\u00e9e et Bouclier - Celebrations - Pikachu VMAX Premium Figuren Kollektion en ligne maintenant \u00e0 petit prix! Ton #1 shop pour cartes TCG &amp; Pok\u00e9mon en Suisse \u2713 Livraison gratuite d\u00e8s CHF 29\" \/>\n<meta name=\"robots\" content=\"index, follow, max-snippet:-1, max-image-preview:large, max-video-preview:-1\" \/>\n<link rel=\"canonical\" href=\"https:\/\/theuncommonshop.ch\/fr\/product\/pokemon-schwert-und-schild-celebrations-pikachu-vmax-premium-figuren-kollektion-2\/\" \/>\n<meta property=\"og:locale\" content=\"fr_FR\" \/>\n<meta property=\"og:type\" content=\"article\" \/>\n<meta property=\"og:title\" content=\"Ach\u00e8te Pok\u00e9mon - Ep\u00e9e et Bouclier - Celebrations - Pikachu VMAX Premium Figuren Kollektion\" \/>\n<meta property=\"og:description\" content=\"Ach\u00e8te Pok\u00e9mon - Ep\u00e9e et Bouclier - Celebrations - Pikachu VMAX Premium Figuren Kollektion en ligne maintenant \u00e0 petit prix! Ton #1 shop pour cartes TCG &amp; Pok\u00e9mon en Suisse \u2713 Livraison gratuite d\u00e8s CHF 29\" \/>\n<meta property=\"og:url\" content=\"https:\/\/theuncommonshop.ch\/fr\/product\/pokemon-schwert-und-schild-celebrations-pikachu-vmax-premium-figuren-kollektion-2\/\" \/>\n<meta property=\"og:site_name\" content=\"Largest trading card shop in Switzerland\" \/>\n<meta property=\"article:modified_time\" content=\"2026-04-07T10:23:11+00:00\" \/>\n<meta property=\"og:image\" content=\"https:\/\/theuncommonshop.ch\/wp-content\/uploads\/2025\/05\/2404692349.jpg\" \/>\n\t<meta property=\"og:image:width\" content=\"1919\" \/>\n\t<meta property=\"og:image:height\" content=\"1260\" \/>\n\t<meta property=\"og:image:type\" content=\"image\/jpeg\" \/>\n<meta name=\"twitter:card\" content=\"summary_large_image\" \/>\n<meta name=\"twitter:label1\" content=\"Disponibilit\u00e9\" \/>\n\t<meta name=\"twitter:data1\" content=\"En stock\" \/>\n<script type=\"application\/ld+json\" class=\"yoast-schema-graph\">{\"@context\":\"https:\\\/\\\/schema.org\",\"@graph\":[{\"@type\":\"WebPage\",\"@id\":\"https:\\\/\\\/theuncommonshop.ch\\\/fr\\\/product\\\/pokemon-schwert-und-schild-celebrations-pikachu-vmax-premium-figuren-kollektion-2\\\/\",\"url\":\"https:\\\/\\\/theuncommonshop.ch\\\/fr\\\/product\\\/pokemon-schwert-und-schild-celebrations-pikachu-vmax-premium-figuren-kollektion-2\\\/\",\"name\":\"Ach\u00e8te Pok\u00e9mon - Ep\u00e9e et Bouclier - Celebrations - Pikachu VMAX Premium Figuren Kollektion\",\"isPartOf\":{\"@id\":\"https:\\\/\\\/theuncommonshop.ch\\\/#website\"},\"primaryImageOfPage\":{\"@id\":\"https:\\\/\\\/theuncommonshop.ch\\\/fr\\\/product\\\/pokemon-schwert-und-schild-celebrations-pikachu-vmax-premium-figuren-kollektion-2\\\/#primaryimage\"},\"image\":{\"@id\":\"https:\\\/\\\/theuncommonshop.ch\\\/fr\\\/product\\\/pokemon-schwert-und-schild-celebrations-pikachu-vmax-premium-figuren-kollektion-2\\\/#primaryimage\"},\"thumbnailUrl\":\"https:\\\/\\\/theuncommonshop.ch\\\/wp-content\\\/uploads\\\/2025\\\/05\\\/2404692349.jpg\",\"datePublished\":\"2025-12-31T00:49:39+00:00\",\"dateModified\":\"2026-04-07T10:23:11+00:00\",\"description\":\"Ach\u00e8te Pok\u00e9mon - Ep\u00e9e et Bouclier - Celebrations - Pikachu VMAX Premium Figuren Kollektion en ligne maintenant \u00e0 petit prix! Ton #1 shop pour cartes TCG & Pok\u00e9mon en Suisse \u2713 Livraison gratuite d\u00e8s CHF 29\",\"breadcrumb\":{\"@id\":\"https:\\\/\\\/theuncommonshop.ch\\\/fr\\\/product\\\/pokemon-schwert-und-schild-celebrations-pikachu-vmax-premium-figuren-kollektion-2\\\/#breadcrumb\"},\"inLanguage\":\"fr-FR\",\"potentialAction\":[{\"@type\":\"ReadAction\",\"target\":[\"https:\\\/\\\/theuncommonshop.ch\\\/fr\\\/product\\\/pokemon-schwert-und-schild-celebrations-pikachu-vmax-premium-figuren-kollektion-2\\\/\"]}]},{\"@type\":\"ImageObject\",\"inLanguage\":\"fr-FR\",\"@id\":\"https:\\\/\\\/theuncommonshop.ch\\\/fr\\\/product\\\/pokemon-schwert-und-schild-celebrations-pikachu-vmax-premium-figuren-kollektion-2\\\/#primaryimage\",\"url\":\"https:\\\/\\\/theuncommonshop.ch\\\/wp-content\\\/uploads\\\/2025\\\/05\\\/2404692349.jpg\",\"contentUrl\":\"https:\\\/\\\/theuncommonshop.ch\\\/wp-content\\\/uploads\\\/2025\\\/05\\\/2404692349.jpg\",\"width\":1919,\"height\":1260},{\"@type\":\"BreadcrumbList\",\"@id\":\"https:\\\/\\\/theuncommonshop.ch\\\/fr\\\/product\\\/pokemon-schwert-und-schild-celebrations-pikachu-vmax-premium-figuren-kollektion-2\\\/#breadcrumb\",\"itemListElement\":[{\"@type\":\"ListItem\",\"position\":1,\"name\":\"Accueil\",\"item\":\"https:\\\/\\\/theuncommonshop.ch\\\/fr\\\/accueil\\\/\"},{\"@type\":\"ListItem\",\"position\":2,\"name\":\"Boutique\",\"item\":\"https:\\\/\\\/theuncommonshop.ch\\\/fr\\\/boutique\\\/\"},{\"@type\":\"ListItem\",\"position\":3,\"name\":\"Pok\u00e9mon\",\"item\":\"https:\\\/\\\/theuncommonshop.ch\\\/produktkategorie\\\/pokemon\\\/\"},{\"@type\":\"ListItem\",\"position\":4,\"name\":\"Boxen &amp; Kollektionen\",\"item\":\"https:\\\/\\\/theuncommonshop.ch\\\/produktkategorie\\\/pokemon\\\/boxen-kollektionen-pokemon\\\/\"},{\"@type\":\"ListItem\",\"position\":5,\"name\":\"Pok\u00e9mon &#8211; Ep\u00e9e et Bouclier &#8211; Celebrations &#8211; Pikachu VMAX Premium Figuren Kollektion\"}]},{\"@type\":\"WebSite\",\"@id\":\"https:\\\/\\\/theuncommonshop.ch\\\/#website\",\"url\":\"https:\\\/\\\/theuncommonshop.ch\\\/\",\"name\":\"Largest trading card shop in Switzerland\",\"description\":\"Magic, Pok\u00e9mon and Yu-gi-oh - The Uncommon Shop\",\"potentialAction\":[{\"@type\":\"SearchAction\",\"target\":{\"@type\":\"EntryPoint\",\"urlTemplate\":\"https:\\\/\\\/theuncommonshop.ch\\\/?s={search_term_string}\"},\"query-input\":{\"@type\":\"PropertyValueSpecification\",\"valueRequired\":true,\"valueName\":\"search_term_string\"}}],\"inLanguage\":\"fr-FR\"}]}<\/script>\n<meta property=\"og:availability\" content=\"instock\" \/>\n<meta property=\"product:availability\" content=\"instock\" \/>\n<meta property=\"product:condition\" content=\"new\" \/>\n<!-- \/ Yoast SEO plugin. -->","yoast_head_json":{"title":"Ach\u00e8te Pok\u00e9mon - Ep\u00e9e et Bouclier - Celebrations - Pikachu VMAX Premium Figuren Kollektion","description":"Ach\u00e8te Pok\u00e9mon - Ep\u00e9e et Bouclier - Celebrations - Pikachu VMAX Premium Figuren Kollektion en ligne maintenant \u00e0 petit prix! Ton #1 shop pour cartes TCG & Pok\u00e9mon en Suisse \u2713 Livraison gratuite d\u00e8s CHF 29","robots":{"index":"index","follow":"follow","max-snippet":"max-snippet:-1","max-image-preview":"max-image-preview:large","max-video-preview":"max-video-preview:-1"},"canonical":"https:\/\/theuncommonshop.ch\/fr\/product\/pokemon-schwert-und-schild-celebrations-pikachu-vmax-premium-figuren-kollektion-2\/","og_locale":"fr_FR","og_type":"article","og_title":"Ach\u00e8te Pok\u00e9mon - Ep\u00e9e et Bouclier - Celebrations - Pikachu VMAX Premium Figuren Kollektion","og_description":"Ach\u00e8te Pok\u00e9mon - Ep\u00e9e et Bouclier - Celebrations - Pikachu VMAX Premium Figuren Kollektion en ligne maintenant \u00e0 petit prix! Ton #1 shop pour cartes TCG & Pok\u00e9mon en Suisse \u2713 Livraison gratuite d\u00e8s CHF 29","og_url":"https:\/\/theuncommonshop.ch\/fr\/product\/pokemon-schwert-und-schild-celebrations-pikachu-vmax-premium-figuren-kollektion-2\/","og_site_name":"Largest trading card shop in Switzerland","article_modified_time":"2026-04-07T10:23:11+00:00","og_image":[{"width":1919,"height":1260,"url":"https:\/\/theuncommonshop.ch\/wp-content\/uploads\/2025\/05\/2404692349.jpg","type":"image\/jpeg"}],"twitter_card":"summary_large_image","twitter_misc":{"Disponibilit\u00e9":"En stock"},"schema":{"@context":"https:\/\/schema.org","@graph":[{"@type":"WebPage","@id":"https:\/\/theuncommonshop.ch\/fr\/product\/pokemon-schwert-und-schild-celebrations-pikachu-vmax-premium-figuren-kollektion-2\/","url":"https:\/\/theuncommonshop.ch\/fr\/product\/pokemon-schwert-und-schild-celebrations-pikachu-vmax-premium-figuren-kollektion-2\/","name":"Ach\u00e8te Pok\u00e9mon - Ep\u00e9e et Bouclier - Celebrations - Pikachu VMAX Premium Figuren Kollektion","isPartOf":{"@id":"https:\/\/theuncommonshop.ch\/#website"},"primaryImageOfPage":{"@id":"https:\/\/theuncommonshop.ch\/fr\/product\/pokemon-schwert-und-schild-celebrations-pikachu-vmax-premium-figuren-kollektion-2\/#primaryimage"},"image":{"@id":"https:\/\/theuncommonshop.ch\/fr\/product\/pokemon-schwert-und-schild-celebrations-pikachu-vmax-premium-figuren-kollektion-2\/#primaryimage"},"thumbnailUrl":"https:\/\/theuncommonshop.ch\/wp-content\/uploads\/2025\/05\/2404692349.jpg","datePublished":"2025-12-31T00:49:39+00:00","dateModified":"2026-04-07T10:23:11+00:00","description":"Ach\u00e8te Pok\u00e9mon - Ep\u00e9e et Bouclier - Celebrations - Pikachu VMAX Premium Figuren Kollektion en ligne maintenant \u00e0 petit prix! Ton #1 shop pour cartes TCG & Pok\u00e9mon en Suisse \u2713 Livraison gratuite d\u00e8s CHF 29","breadcrumb":{"@id":"https:\/\/theuncommonshop.ch\/fr\/product\/pokemon-schwert-und-schild-celebrations-pikachu-vmax-premium-figuren-kollektion-2\/#breadcrumb"},"inLanguage":"fr-FR","potentialAction":[{"@type":"ReadAction","target":["https:\/\/theuncommonshop.ch\/fr\/product\/pokemon-schwert-und-schild-celebrations-pikachu-vmax-premium-figuren-kollektion-2\/"]}]},{"@type":"ImageObject","inLanguage":"fr-FR","@id":"https:\/\/theuncommonshop.ch\/fr\/product\/pokemon-schwert-und-schild-celebrations-pikachu-vmax-premium-figuren-kollektion-2\/#primaryimage","url":"https:\/\/theuncommonshop.ch\/wp-content\/uploads\/2025\/05\/2404692349.jpg","contentUrl":"https:\/\/theuncommonshop.ch\/wp-content\/uploads\/2025\/05\/2404692349.jpg","width":1919,"height":1260},{"@type":"BreadcrumbList","@id":"https:\/\/theuncommonshop.ch\/fr\/product\/pokemon-schwert-und-schild-celebrations-pikachu-vmax-premium-figuren-kollektion-2\/#breadcrumb","itemListElement":[{"@type":"ListItem","position":1,"name":"Accueil","item":"https:\/\/theuncommonshop.ch\/fr\/accueil\/"},{"@type":"ListItem","position":2,"name":"Boutique","item":"https:\/\/theuncommonshop.ch\/fr\/boutique\/"},{"@type":"ListItem","position":3,"name":"Pok\u00e9mon","item":"https:\/\/theuncommonshop.ch\/produktkategorie\/pokemon\/"},{"@type":"ListItem","position":4,"name":"Boxen &amp; Kollektionen","item":"https:\/\/theuncommonshop.ch\/produktkategorie\/pokemon\/boxen-kollektionen-pokemon\/"},{"@type":"ListItem","position":5,"name":"Pok\u00e9mon &#8211; Ep\u00e9e et Bouclier &#8211; Celebrations &#8211; Pikachu VMAX Premium Figuren Kollektion"}]},{"@type":"WebSite","@id":"https:\/\/theuncommonshop.ch\/#website","url":"https:\/\/theuncommonshop.ch\/","name":"Largest trading card shop in Switzerland","description":"Magic, Pok\u00e9mon and Yu-gi-oh - The Uncommon Shop","potentialAction":[{"@type":"SearchAction","target":{"@type":"EntryPoint","urlTemplate":"https:\/\/theuncommonshop.ch\/?s={search_term_string}"},"query-input":{"@type":"PropertyValueSpecification","valueRequired":true,"valueName":"search_term_string"}}],"inLanguage":"fr-FR"}]},"og_availability":"instock","product_availability":"instock","product_condition":"new"},"_links":{"self":[{"href":"https:\/\/theuncommonshop.ch\/fr\/wp-json\/wp\/v2\/product\/313275","targetHints":{"allow":["GET"]}}],"collection":[{"href":"https:\/\/theuncommonshop.ch\/fr\/wp-json\/wp\/v2\/product"}],"about":[{"href":"https:\/\/theuncommonshop.ch\/fr\/wp-json\/wp\/v2\/types\/product"}],"replies":[{"embeddable":true,"href":"https:\/\/theuncommonshop.ch\/fr\/wp-json\/wp\/v2\/comments?post=313275"}],"version-history":[{"count":2,"href":"https:\/\/theuncommonshop.ch\/fr\/wp-json\/wp\/v2\/product\/313275\/revisions"}],"predecessor-version":[{"id":358606,"href":"https:\/\/theuncommonshop.ch\/fr\/wp-json\/wp\/v2\/product\/313275\/revisions\/358606"}],"wp:featuredmedia":[{"embeddable":true,"href":"https:\/\/theuncommonshop.ch\/fr\/wp-json\/wp\/v2\/media\/265150"}],"wp:attachment":[{"href":"https:\/\/theuncommonshop.ch\/fr\/wp-json\/wp\/v2\/media?parent=313275"}],"wp:term":[{"taxonomy":"product_brand","embeddable":true,"href":"https:\/\/theuncommonshop.ch\/fr\/wp-json\/wp\/v2\/product_brand?post=313275"},{"taxonomy":"product_cat","embeddable":true,"href":"https:\/\/theuncommonshop.ch\/fr\/wp-json\/wp\/v2\/product_cat?post=313275"},{"taxonomy":"product_tag","embeddable":true,"href":"https:\/\/theuncommonshop.ch\/fr\/wp-json\/wp\/v2\/product_tag?post=313275"}],"curies":[{"name":"wp","href":"https:\/\/api.w.org\/{rel}","templated":true}]}}