{"id":313228,"date":"2025-12-30T22:58:16","date_gmt":"2025-12-30T22:58:16","guid":{"rendered":"http:\/\/theuncommonshop.ch\/produkt\/313228\/"},"modified":"2026-03-08T21:29:35","modified_gmt":"2026-03-08T20:29:35","slug":"warhammer-40-000-codex-supplement-black-templars-2","status":"publish","type":"product","link":"https:\/\/theuncommonshop.ch\/fr\/product\/warhammer-40-000-codex-supplement-black-templars-2\/","title":{"rendered":"Warhammer 40.000 &#8211; Codex Supplement: Black Templars"},"content":{"rendered":"<p>Les Black Templars sont un ordre de Space Marines crois\u00e9s qui, pouss\u00e9s par leur foi, m\u00e8nent des campagnes d&#8217;extermination enflamm\u00e9es contre les nombreux ennemis de l&#8217;humanit\u00e9. Ils v\u00e9n\u00e8rent l&#8217;Empereur non seulement en tant que dirigeant de l&#8217;humanit\u00e9, mais aussi en tant que divinit\u00e9 litt\u00e9rale, et lui pr\u00eatent des serments contraignants pour exterminer ses ennemis les plus d\u00e9test\u00e9s. Leur croisade est sans fin. Elle est men\u00e9e \u00e0 l&#8217;aide de lames et de bolters sacr\u00e9s, d&#8217;infernos purificateurs, de chars et de vaisseaux d&#8217;assaut sur lesquels sont inscrits des mots sacr\u00e9s, et de la rage vertueuse de leur foi fanatique.   <\/p>\n<p>Le <i>Codex Supplement : Black Templars<\/i> est le guide ultime pour les collectionneurs passionn\u00e9s qui souhaitent lancer une croisade pour conqu\u00e9rir la galaxie au nom de l&#8217;Empereur Got. Il regorge d&#8217;illustrations \u00e9piques, d&#8217;un contexte approfondi, de photographies inspirantes et des r\u00e8gles dont vous aurez besoin pour sacrifier vos ennemis dans les jeux Warhammer 40 000. Vous y trouverez des fiches techniques, des contingents, des r\u00e8gles de croisade narratives et une section sp\u00e9ciale pour les patrouilles de combat, qui vous aidera \u00e0 mener de petites batailles tactiques avec votre collection. Ce livre vous aidera \u00e0 r\u00e9pandre la foi en l&#8217;Empereur-Got, quelle que soit la mani\u00e8re dont vous souhaitez collectionner, peindre et jouer vos Black Templars.   <\/p>\n<p><strong>Dans ce livre \u00e0 couverture rigide de 96 pages, vous trouverez :<\/strong><\/p>\n<p>&#8211; Informations de base d\u00e9taill\u00e9es sur la longue histoire et l&#8217;organisation inhabituelle du plus fanatique des ordres religieux<\/p>\n<p>&#8211; Des \u0153uvres d&#8217;art \u00e9piques et des photographies d&#8217;ambiance qui vous inspireront pour votre collection et stimuleront votre cr\u00e9ativit\u00e9.<\/p>\n<p>&#8211; R\u00e8gles des Black Templars pour Warhammer 40.000 avec 18 fiches techniques, trois contingents et deux r\u00e8gles d&#8217;arm\u00e9e.<\/p>\n<p>&#8211; Un ensemble de r\u00e8gles pour lancer vos propres croisades narratives, pour r\u00e9cup\u00e9rer des reliques sacr\u00e9es ou pour choisir un nouveau champion de l&#8217;Empereur.<\/p>\n<p>&#8211; Un guide de peinture pour votre patrouille de combat et des r\u00e8gles pour utiliser les jur\u00e9s de Vedrenn dans les escarmouches.<\/p>\n<p>Ce livre contient \u00e9galement un code \u00e0 usage unique permettant d&#8217;utiliser le contenu du <i>Codex Supplement : Black Templars<\/i> dans Warhammer 40.000 : The App.<\/p>\n<p>Vous aurez besoin d&#8217;un exemplaire du <i>Codex : Space Marines<\/i>, vendu s\u00e9par\u00e9ment, pour profiter pleinement du contenu de ce livre.<\/p>\n","protected":false},"excerpt":{"rendered":"<p>Les Black Templars sont un ordre de Space Marines crois\u00e9s qui, pouss\u00e9s par leur foi, m\u00e8nent des campagnes d&#8217;extermination enflamm\u00e9es<\/p>\n","protected":false},"featured_media":261650,"comment_status":"open","ping_status":"closed","template":"","meta":{"_acf_changed":false},"product_brand":[5078,5154],"product_cat":[9925,9927],"product_tag":[],"class_list":{"0":"post-313228","1":"product","2":"type-product","3":"status-publish","4":"has-post-thumbnail","6":"product_brand-games-workshop","7":"product_brand-warhammer","8":"product_cat-tabletop-fr","9":"product_cat-warhammer-40k-fr","11":"first","12":"instock","13":"sale","14":"taxable","15":"shipping-taxable","16":"purchasable","17":"product-type-variable"},"acf":[],"yoast_head":"<!-- This site is optimized with the Yoast SEO plugin v27.4 - https:\/\/yoast.com\/product\/yoast-seo-wordpress\/ -->\n<title>Ach\u00e8te Warhammer 40.000 - Codex Supplement: Black Templars<\/title>\n<meta name=\"description\" content=\"Ach\u00e8te Warhammer 40.000 - Codex Supplement: Black Templars en ligne maintenant \u00e0 petit prix! Ton #1 shop pour cartes TCG &amp; Pok\u00e9mon en Suisse \u2713 Livraison gratuite d\u00e8s CHF 29\" \/>\n<meta name=\"robots\" content=\"index, follow, max-snippet:-1, max-image-preview:large, max-video-preview:-1\" \/>\n<link rel=\"canonical\" href=\"https:\/\/theuncommonshop.ch\/fr\/product\/warhammer-40-000-codex-supplement-black-templars-2\/\" \/>\n<meta property=\"og:locale\" content=\"fr_FR\" \/>\n<meta property=\"og:type\" content=\"article\" \/>\n<meta property=\"og:title\" content=\"Ach\u00e8te Warhammer 40.000 - Codex Supplement: Black Templars\" \/>\n<meta property=\"og:description\" content=\"Ach\u00e8te Warhammer 40.000 - Codex Supplement: Black Templars en ligne maintenant \u00e0 petit prix! Ton #1 shop pour cartes TCG &amp; Pok\u00e9mon en Suisse \u2713 Livraison gratuite d\u00e8s CHF 29\" \/>\n<meta property=\"og:url\" content=\"https:\/\/theuncommonshop.ch\/fr\/product\/warhammer-40-000-codex-supplement-black-templars-2\/\" \/>\n<meta property=\"og:site_name\" content=\"Largest trading card shop in Switzerland\" \/>\n<meta property=\"article:modified_time\" content=\"2026-03-08T20:29:35+00:00\" \/>\n<meta property=\"og:image\" content=\"https:\/\/theuncommonshop.ch\/wp-content\/uploads\/2025\/12\/5076350741.jpg\" \/>\n\t<meta property=\"og:image:width\" content=\"918\" \/>\n\t<meta property=\"og:image:height\" content=\"948\" \/>\n\t<meta property=\"og:image:type\" content=\"image\/jpeg\" \/>\n<meta name=\"twitter:card\" content=\"summary_large_image\" \/>\n<meta name=\"twitter:label1\" content=\"Disponibilit\u00e9\" \/>\n\t<meta name=\"twitter:data1\" content=\"En stock\" \/>\n<script type=\"application\/ld+json\" class=\"yoast-schema-graph\">{\"@context\":\"https:\\\/\\\/schema.org\",\"@graph\":[{\"@type\":\"WebPage\",\"@id\":\"https:\\\/\\\/theuncommonshop.ch\\\/fr\\\/product\\\/warhammer-40-000-codex-supplement-black-templars-2\\\/\",\"url\":\"https:\\\/\\\/theuncommonshop.ch\\\/fr\\\/product\\\/warhammer-40-000-codex-supplement-black-templars-2\\\/\",\"name\":\"Ach\u00e8te Warhammer 40.000 - Codex Supplement: Black Templars\",\"isPartOf\":{\"@id\":\"https:\\\/\\\/theuncommonshop.ch\\\/#website\"},\"primaryImageOfPage\":{\"@id\":\"https:\\\/\\\/theuncommonshop.ch\\\/fr\\\/product\\\/warhammer-40-000-codex-supplement-black-templars-2\\\/#primaryimage\"},\"image\":{\"@id\":\"https:\\\/\\\/theuncommonshop.ch\\\/fr\\\/product\\\/warhammer-40-000-codex-supplement-black-templars-2\\\/#primaryimage\"},\"thumbnailUrl\":\"https:\\\/\\\/theuncommonshop.ch\\\/wp-content\\\/uploads\\\/2025\\\/12\\\/5076350741.jpg\",\"datePublished\":\"2025-12-30T22:58:16+00:00\",\"dateModified\":\"2026-03-08T20:29:35+00:00\",\"description\":\"Ach\u00e8te Warhammer 40.000 - Codex Supplement: Black Templars en ligne maintenant \u00e0 petit prix! Ton #1 shop pour cartes TCG & Pok\u00e9mon en Suisse \u2713 Livraison gratuite d\u00e8s CHF 29\",\"breadcrumb\":{\"@id\":\"https:\\\/\\\/theuncommonshop.ch\\\/fr\\\/product\\\/warhammer-40-000-codex-supplement-black-templars-2\\\/#breadcrumb\"},\"inLanguage\":\"fr-FR\",\"potentialAction\":[{\"@type\":\"ReadAction\",\"target\":[\"https:\\\/\\\/theuncommonshop.ch\\\/fr\\\/product\\\/warhammer-40-000-codex-supplement-black-templars-2\\\/\"]}]},{\"@type\":\"ImageObject\",\"inLanguage\":\"fr-FR\",\"@id\":\"https:\\\/\\\/theuncommonshop.ch\\\/fr\\\/product\\\/warhammer-40-000-codex-supplement-black-templars-2\\\/#primaryimage\",\"url\":\"https:\\\/\\\/theuncommonshop.ch\\\/wp-content\\\/uploads\\\/2025\\\/12\\\/5076350741.jpg\",\"contentUrl\":\"https:\\\/\\\/theuncommonshop.ch\\\/wp-content\\\/uploads\\\/2025\\\/12\\\/5076350741.jpg\",\"width\":918,\"height\":948},{\"@type\":\"BreadcrumbList\",\"@id\":\"https:\\\/\\\/theuncommonshop.ch\\\/fr\\\/product\\\/warhammer-40-000-codex-supplement-black-templars-2\\\/#breadcrumb\",\"itemListElement\":[{\"@type\":\"ListItem\",\"position\":1,\"name\":\"Accueil\",\"item\":\"https:\\\/\\\/theuncommonshop.ch\\\/fr\\\/accueil\\\/\"},{\"@type\":\"ListItem\",\"position\":2,\"name\":\"Boutique\",\"item\":\"https:\\\/\\\/theuncommonshop.ch\\\/fr\\\/boutique\\\/\"},{\"@type\":\"ListItem\",\"position\":3,\"name\":\"Tabletop\",\"item\":\"https:\\\/\\\/theuncommonshop.ch\\\/fr\\\/categorie-produit\\\/tabletop-fr\\\/\"},{\"@type\":\"ListItem\",\"position\":4,\"name\":\"Warhammer 40k\",\"item\":\"https:\\\/\\\/theuncommonshop.ch\\\/fr\\\/categorie-produit\\\/tabletop-fr\\\/warhammer-40k-fr\\\/\"},{\"@type\":\"ListItem\",\"position\":5,\"name\":\"Warhammer 40.000 &#8211; Codex Supplement: Black Templars\"}]},{\"@type\":\"WebSite\",\"@id\":\"https:\\\/\\\/theuncommonshop.ch\\\/#website\",\"url\":\"https:\\\/\\\/theuncommonshop.ch\\\/\",\"name\":\"Largest trading card shop in Switzerland\",\"description\":\"Magic, Pok\u00e9mon and Yu-gi-oh - The Uncommon Shop\",\"potentialAction\":[{\"@type\":\"SearchAction\",\"target\":{\"@type\":\"EntryPoint\",\"urlTemplate\":\"https:\\\/\\\/theuncommonshop.ch\\\/?s={search_term_string}\"},\"query-input\":{\"@type\":\"PropertyValueSpecification\",\"valueRequired\":true,\"valueName\":\"search_term_string\"}}],\"inLanguage\":\"fr-FR\"}]}<\/script>\n<meta property=\"og:availability\" content=\"instock\" \/>\n<meta property=\"product:availability\" content=\"instock\" \/>\n<meta property=\"product:condition\" content=\"new\" \/>\n<!-- \/ Yoast SEO plugin. -->","yoast_head_json":{"title":"Ach\u00e8te Warhammer 40.000 - Codex Supplement: Black Templars","description":"Ach\u00e8te Warhammer 40.000 - Codex Supplement: Black Templars en ligne maintenant \u00e0 petit prix! Ton #1 shop pour cartes TCG & Pok\u00e9mon en Suisse \u2713 Livraison gratuite d\u00e8s CHF 29","robots":{"index":"index","follow":"follow","max-snippet":"max-snippet:-1","max-image-preview":"max-image-preview:large","max-video-preview":"max-video-preview:-1"},"canonical":"https:\/\/theuncommonshop.ch\/fr\/product\/warhammer-40-000-codex-supplement-black-templars-2\/","og_locale":"fr_FR","og_type":"article","og_title":"Ach\u00e8te Warhammer 40.000 - Codex Supplement: Black Templars","og_description":"Ach\u00e8te Warhammer 40.000 - Codex Supplement: Black Templars en ligne maintenant \u00e0 petit prix! Ton #1 shop pour cartes TCG & Pok\u00e9mon en Suisse \u2713 Livraison gratuite d\u00e8s CHF 29","og_url":"https:\/\/theuncommonshop.ch\/fr\/product\/warhammer-40-000-codex-supplement-black-templars-2\/","og_site_name":"Largest trading card shop in Switzerland","article_modified_time":"2026-03-08T20:29:35+00:00","og_image":[{"width":918,"height":948,"url":"https:\/\/theuncommonshop.ch\/wp-content\/uploads\/2025\/12\/5076350741.jpg","type":"image\/jpeg"}],"twitter_card":"summary_large_image","twitter_misc":{"Disponibilit\u00e9":"En stock"},"schema":{"@context":"https:\/\/schema.org","@graph":[{"@type":"WebPage","@id":"https:\/\/theuncommonshop.ch\/fr\/product\/warhammer-40-000-codex-supplement-black-templars-2\/","url":"https:\/\/theuncommonshop.ch\/fr\/product\/warhammer-40-000-codex-supplement-black-templars-2\/","name":"Ach\u00e8te Warhammer 40.000 - Codex Supplement: Black Templars","isPartOf":{"@id":"https:\/\/theuncommonshop.ch\/#website"},"primaryImageOfPage":{"@id":"https:\/\/theuncommonshop.ch\/fr\/product\/warhammer-40-000-codex-supplement-black-templars-2\/#primaryimage"},"image":{"@id":"https:\/\/theuncommonshop.ch\/fr\/product\/warhammer-40-000-codex-supplement-black-templars-2\/#primaryimage"},"thumbnailUrl":"https:\/\/theuncommonshop.ch\/wp-content\/uploads\/2025\/12\/5076350741.jpg","datePublished":"2025-12-30T22:58:16+00:00","dateModified":"2026-03-08T20:29:35+00:00","description":"Ach\u00e8te Warhammer 40.000 - Codex Supplement: Black Templars en ligne maintenant \u00e0 petit prix! Ton #1 shop pour cartes TCG & Pok\u00e9mon en Suisse \u2713 Livraison gratuite d\u00e8s CHF 29","breadcrumb":{"@id":"https:\/\/theuncommonshop.ch\/fr\/product\/warhammer-40-000-codex-supplement-black-templars-2\/#breadcrumb"},"inLanguage":"fr-FR","potentialAction":[{"@type":"ReadAction","target":["https:\/\/theuncommonshop.ch\/fr\/product\/warhammer-40-000-codex-supplement-black-templars-2\/"]}]},{"@type":"ImageObject","inLanguage":"fr-FR","@id":"https:\/\/theuncommonshop.ch\/fr\/product\/warhammer-40-000-codex-supplement-black-templars-2\/#primaryimage","url":"https:\/\/theuncommonshop.ch\/wp-content\/uploads\/2025\/12\/5076350741.jpg","contentUrl":"https:\/\/theuncommonshop.ch\/wp-content\/uploads\/2025\/12\/5076350741.jpg","width":918,"height":948},{"@type":"BreadcrumbList","@id":"https:\/\/theuncommonshop.ch\/fr\/product\/warhammer-40-000-codex-supplement-black-templars-2\/#breadcrumb","itemListElement":[{"@type":"ListItem","position":1,"name":"Accueil","item":"https:\/\/theuncommonshop.ch\/fr\/accueil\/"},{"@type":"ListItem","position":2,"name":"Boutique","item":"https:\/\/theuncommonshop.ch\/fr\/boutique\/"},{"@type":"ListItem","position":3,"name":"Tabletop","item":"https:\/\/theuncommonshop.ch\/fr\/categorie-produit\/tabletop-fr\/"},{"@type":"ListItem","position":4,"name":"Warhammer 40k","item":"https:\/\/theuncommonshop.ch\/fr\/categorie-produit\/tabletop-fr\/warhammer-40k-fr\/"},{"@type":"ListItem","position":5,"name":"Warhammer 40.000 &#8211; Codex Supplement: Black Templars"}]},{"@type":"WebSite","@id":"https:\/\/theuncommonshop.ch\/#website","url":"https:\/\/theuncommonshop.ch\/","name":"Largest trading card shop in Switzerland","description":"Magic, Pok\u00e9mon and Yu-gi-oh - The Uncommon Shop","potentialAction":[{"@type":"SearchAction","target":{"@type":"EntryPoint","urlTemplate":"https:\/\/theuncommonshop.ch\/?s={search_term_string}"},"query-input":{"@type":"PropertyValueSpecification","valueRequired":true,"valueName":"search_term_string"}}],"inLanguage":"fr-FR"}]},"og_availability":"instock","product_availability":"instock","product_condition":"new"},"_links":{"self":[{"href":"https:\/\/theuncommonshop.ch\/fr\/wp-json\/wp\/v2\/product\/313228","targetHints":{"allow":["GET"]}}],"collection":[{"href":"https:\/\/theuncommonshop.ch\/fr\/wp-json\/wp\/v2\/product"}],"about":[{"href":"https:\/\/theuncommonshop.ch\/fr\/wp-json\/wp\/v2\/types\/product"}],"replies":[{"embeddable":true,"href":"https:\/\/theuncommonshop.ch\/fr\/wp-json\/wp\/v2\/comments?post=313228"}],"version-history":[{"count":1,"href":"https:\/\/theuncommonshop.ch\/fr\/wp-json\/wp\/v2\/product\/313228\/revisions"}],"predecessor-version":[{"id":313233,"href":"https:\/\/theuncommonshop.ch\/fr\/wp-json\/wp\/v2\/product\/313228\/revisions\/313233"}],"wp:featuredmedia":[{"embeddable":true,"href":"https:\/\/theuncommonshop.ch\/fr\/wp-json\/wp\/v2\/media\/261650"}],"wp:attachment":[{"href":"https:\/\/theuncommonshop.ch\/fr\/wp-json\/wp\/v2\/media?parent=313228"}],"wp:term":[{"taxonomy":"product_brand","embeddable":true,"href":"https:\/\/theuncommonshop.ch\/fr\/wp-json\/wp\/v2\/product_brand?post=313228"},{"taxonomy":"product_cat","embeddable":true,"href":"https:\/\/theuncommonshop.ch\/fr\/wp-json\/wp\/v2\/product_cat?post=313228"},{"taxonomy":"product_tag","embeddable":true,"href":"https:\/\/theuncommonshop.ch\/fr\/wp-json\/wp\/v2\/product_tag?post=313228"}],"curies":[{"name":"wp","href":"https:\/\/api.w.org\/{rel}","templated":true}]}}