{"id":313179,"date":"2025-12-31T03:15:10","date_gmt":"2025-12-31T02:15:10","guid":{"rendered":"http:\/\/theuncommonshop.ch\/produkt\/313179\/"},"modified":"2026-03-31T19:09:24","modified_gmt":"2026-03-31T17:09:24","slug":"topps-disney-wonder-2025-hobby-box-en-2","status":"publish","type":"product","link":"https:\/\/theuncommonshop.ch\/fr\/product\/topps-disney-wonder-2025-hobby-box-en-2\/","title":{"rendered":"Topps &#8211; Disney Wonder 2025 &#8211; Hobby Box"},"content":{"rendered":"<p>Plongez dans les merveilles et la magie de Disney avec la premi\u00e8re publication de 2025 Topps Disney Wonder.<\/p>\n<p>Cette collection enchanteresse comprend un set de base de 190 cartes, divis\u00e9 en niveaux 1, niveau 2, m\u00e9chants et princesses sp\u00e9cialement con\u00e7us. Des h\u00e9ros et princesses populaires aux royaumes et m\u00e9chants notoires, Disney Wonder donne vie \u00e0 l&#8217;ensemble de l&#8217;univers Disney dans de nouveaux designs \u00e9poustouflants. <\/p>\n<p>Les collectionneurs peuvent \u00e9galement collectionner des autographes enchant\u00e9s en \u00e9dition limit\u00e9e et des cartes \u00e0 sketches magnifiquement illustr\u00e9es, ainsi qu&#8217;une s\u00e9rie de suppl\u00e9ments fascinants. Furry Friends (1:4 Packs) c\u00e9l\u00e8bre les adorables compagnons et Sidekicks de toutes les franchises Disney. Castles, Cottages, and Casas (1:9 Packs) pr\u00e9sente les maisons et les habitations embl\u00e9matiques des personnages Disney les plus m\u00e9morables. Tapestries (paquets Hobby Box 1:9) pr\u00e9sente de magnifiques \u0153uvres d&#8217;art originales mettant en sc\u00e8ne les personnages pr\u00e9f\u00e9r\u00e9s des fans dans des dessins de style tapisserie \u00e0 collectionner. Greeting&#8217;s From&#8230; (paquet 1:9) emm\u00e8ne les fans dans un voyage de style carte postale vers les lieux l\u00e9gendaires de Disney. La collection est compl\u00e9t\u00e9e par le suppl\u00e9ment du 75e anniversaire de Cendrillon (paquets 1:9), un ensemble sp\u00e9cial de storytelling qui raconte l&#8217;histoire intemporelle de l&#8217;une des princesses les plus c\u00e9l\u00e8bres de Disney.     <\/p>\n<p>Avec de la magie dans chaque paquet, 2025 Topps Disney Wonder est le moyen ultime de collectionner les personnages, les histoires et les \u0153uvres d&#8217;art qui font Disney.<\/p>\n<p>1 carte num\u00e9rot\u00e9e par bo\u00eete<\/p>\n<p>6 cartes par paquet, 20 paquets par bo\u00eete<\/p>\n","protected":false},"excerpt":{"rendered":"<p>Plongez dans les merveilles et la magie de Disney avec la premi\u00e8re publication de 2025 Topps Disney Wonder. Cette collection<\/p>\n","protected":false},"featured_media":269888,"comment_status":"open","ping_status":"closed","template":"","meta":{"_acf_changed":false},"product_brand":[5130],"product_cat":[9785,9797,10325],"product_tag":[],"class_list":{"0":"post-313179","1":"product","2":"type-product","3":"status-publish","4":"has-post-thumbnail","6":"product_brand-topps","7":"product_cat-autres-cartes-a-collectionner","8":"product_cat-cartes-topps","9":"product_cat-cartes-topps-fantasy","11":"first","12":"outofstock","13":"taxable","14":"shipping-taxable","15":"purchasable","16":"product-type-variable"},"acf":[],"yoast_head":"<!-- This site is optimized with the Yoast SEO plugin v27.5 - https:\/\/yoast.com\/product\/yoast-seo-wordpress\/ -->\n<title>Ach\u00e8te Topps - Disney Wonder 2025 - Hobby Box<\/title>\n<meta name=\"description\" content=\"Ach\u00e8te Topps - Disney Wonder 2025 - Hobby Box en ligne maintenant \u00e0 petit prix! Ton #1 shop pour cartes TCG &amp; Pok\u00e9mon en Suisse \u2713 Livraison gratuite d\u00e8s CHF 29\" \/>\n<meta name=\"robots\" content=\"index, follow, max-snippet:-1, max-image-preview:large, max-video-preview:-1\" \/>\n<link rel=\"canonical\" href=\"https:\/\/theuncommonshop.ch\/fr\/product\/topps-disney-wonder-2025-hobby-box-en-2\/\" \/>\n<meta property=\"og:locale\" content=\"fr_FR\" \/>\n<meta property=\"og:type\" content=\"article\" \/>\n<meta property=\"og:title\" content=\"Ach\u00e8te Topps - Disney Wonder 2025 - Hobby Box\" \/>\n<meta property=\"og:description\" content=\"Ach\u00e8te Topps - Disney Wonder 2025 - Hobby Box en ligne maintenant \u00e0 petit prix! Ton #1 shop pour cartes TCG &amp; Pok\u00e9mon en Suisse \u2713 Livraison gratuite d\u00e8s CHF 29\" \/>\n<meta property=\"og:url\" content=\"https:\/\/theuncommonshop.ch\/fr\/product\/topps-disney-wonder-2025-hobby-box-en-2\/\" \/>\n<meta property=\"og:site_name\" content=\"The Uncommon Shop\" \/>\n<meta property=\"article:modified_time\" content=\"2026-03-31T17:09:24+00:00\" \/>\n<meta property=\"og:image\" content=\"https:\/\/theuncommonshop.ch\/wp-content\/uploads\/2025\/12\/5308898773.webp\" \/>\n\t<meta property=\"og:image:width\" content=\"1800\" \/>\n\t<meta property=\"og:image:height\" content=\"1800\" \/>\n\t<meta property=\"og:image:type\" content=\"image\/webp\" \/>\n<meta name=\"twitter:card\" content=\"summary_large_image\" \/>\n<meta name=\"twitter:label1\" content=\"Disponibilit\u00e9\" \/>\n\t<meta name=\"twitter:data1\" content=\"Rupture de stock\" \/>\n<script type=\"application\/ld+json\" class=\"yoast-schema-graph\">{\"@context\":\"https:\\\/\\\/schema.org\",\"@graph\":[{\"@type\":\"WebPage\",\"@id\":\"https:\\\/\\\/theuncommonshop.ch\\\/fr\\\/product\\\/topps-disney-wonder-2025-hobby-box-en-2\\\/\",\"url\":\"https:\\\/\\\/theuncommonshop.ch\\\/fr\\\/product\\\/topps-disney-wonder-2025-hobby-box-en-2\\\/\",\"name\":\"Ach\u00e8te Topps - Disney Wonder 2025 - Hobby Box\",\"isPartOf\":{\"@id\":\"https:\\\/\\\/theuncommonshop.ch\\\/fr\\\/#website\"},\"primaryImageOfPage\":{\"@id\":\"https:\\\/\\\/theuncommonshop.ch\\\/fr\\\/product\\\/topps-disney-wonder-2025-hobby-box-en-2\\\/#primaryimage\"},\"image\":{\"@id\":\"https:\\\/\\\/theuncommonshop.ch\\\/fr\\\/product\\\/topps-disney-wonder-2025-hobby-box-en-2\\\/#primaryimage\"},\"thumbnailUrl\":\"https:\\\/\\\/theuncommonshop.ch\\\/wp-content\\\/uploads\\\/2025\\\/12\\\/5308898773.webp\",\"datePublished\":\"2025-12-31T02:15:10+00:00\",\"dateModified\":\"2026-03-31T17:09:24+00:00\",\"description\":\"Ach\u00e8te Topps - Disney Wonder 2025 - Hobby Box en ligne maintenant \u00e0 petit prix! Ton #1 shop pour cartes TCG & Pok\u00e9mon en Suisse \u2713 Livraison gratuite d\u00e8s CHF 29\",\"breadcrumb\":{\"@id\":\"https:\\\/\\\/theuncommonshop.ch\\\/fr\\\/product\\\/topps-disney-wonder-2025-hobby-box-en-2\\\/#breadcrumb\"},\"inLanguage\":\"fr-FR\",\"potentialAction\":[{\"@type\":\"ReadAction\",\"target\":[\"https:\\\/\\\/theuncommonshop.ch\\\/fr\\\/product\\\/topps-disney-wonder-2025-hobby-box-en-2\\\/\"]}]},{\"@type\":\"ImageObject\",\"inLanguage\":\"fr-FR\",\"@id\":\"https:\\\/\\\/theuncommonshop.ch\\\/fr\\\/product\\\/topps-disney-wonder-2025-hobby-box-en-2\\\/#primaryimage\",\"url\":\"https:\\\/\\\/theuncommonshop.ch\\\/wp-content\\\/uploads\\\/2025\\\/12\\\/5308898773.webp\",\"contentUrl\":\"https:\\\/\\\/theuncommonshop.ch\\\/wp-content\\\/uploads\\\/2025\\\/12\\\/5308898773.webp\",\"width\":1800,\"height\":1800},{\"@type\":\"BreadcrumbList\",\"@id\":\"https:\\\/\\\/theuncommonshop.ch\\\/fr\\\/product\\\/topps-disney-wonder-2025-hobby-box-en-2\\\/#breadcrumb\",\"itemListElement\":[{\"@type\":\"ListItem\",\"position\":1,\"name\":\"Accueil\",\"item\":\"https:\\\/\\\/theuncommonshop.ch\\\/fr\\\/accueil\\\/\"},{\"@type\":\"ListItem\",\"position\":2,\"name\":\"Boutique\",\"item\":\"https:\\\/\\\/theuncommonshop.ch\\\/fr\\\/boutique\\\/\"},{\"@type\":\"ListItem\",\"position\":3,\"name\":\"Autres cartes \u00e0 collectionner\",\"item\":\"https:\\\/\\\/theuncommonshop.ch\\\/fr\\\/categorie-produit\\\/autres-cartes-a-collectionner\\\/\"},{\"@type\":\"ListItem\",\"position\":4,\"name\":\"Cartes Topps\",\"item\":\"https:\\\/\\\/theuncommonshop.ch\\\/fr\\\/categorie-produit\\\/autres-cartes-a-collectionner\\\/cartes-topps\\\/\"},{\"@type\":\"ListItem\",\"position\":5,\"name\":\"Cartes Topps Fantasy\",\"item\":\"https:\\\/\\\/theuncommonshop.ch\\\/fr\\\/categorie-produit\\\/autres-cartes-a-collectionner\\\/cartes-topps\\\/cartes-topps-fantasy\\\/\"},{\"@type\":\"ListItem\",\"position\":6,\"name\":\"Topps &#8211; Disney Wonder 2025 &#8211; Hobby Box\"}]},{\"@type\":\"WebSite\",\"@id\":\"https:\\\/\\\/theuncommonshop.ch\\\/fr\\\/#website\",\"url\":\"https:\\\/\\\/theuncommonshop.ch\\\/fr\\\/\",\"name\":\"The Uncommon Shop\",\"description\":\"Magic, Pok\u00e9mon and Yu-gi-oh - The Uncommon Shop\",\"potentialAction\":[{\"@type\":\"SearchAction\",\"target\":{\"@type\":\"EntryPoint\",\"urlTemplate\":\"https:\\\/\\\/theuncommonshop.ch\\\/fr\\\/?s={search_term_string}\"},\"query-input\":{\"@type\":\"PropertyValueSpecification\",\"valueRequired\":true,\"valueName\":\"search_term_string\"}}],\"inLanguage\":\"fr-FR\"}]}<\/script>\n<meta property=\"og:availability\" content=\"out of stock\" \/>\n<meta property=\"product:availability\" content=\"out of stock\" \/>\n<meta property=\"product:retailer_item_id\" content=\"ZU.XIX.D.ToppsDisneyWonder25HobbyBox\" \/>\n<meta property=\"product:condition\" content=\"new\" \/>\n<!-- \/ Yoast SEO plugin. -->","yoast_head_json":{"title":"Ach\u00e8te Topps - Disney Wonder 2025 - Hobby Box","description":"Ach\u00e8te Topps - Disney Wonder 2025 - Hobby Box en ligne maintenant \u00e0 petit prix! Ton #1 shop pour cartes TCG & Pok\u00e9mon en Suisse \u2713 Livraison gratuite d\u00e8s CHF 29","robots":{"index":"index","follow":"follow","max-snippet":"max-snippet:-1","max-image-preview":"max-image-preview:large","max-video-preview":"max-video-preview:-1"},"canonical":"https:\/\/theuncommonshop.ch\/fr\/product\/topps-disney-wonder-2025-hobby-box-en-2\/","og_locale":"fr_FR","og_type":"article","og_title":"Ach\u00e8te Topps - Disney Wonder 2025 - Hobby Box","og_description":"Ach\u00e8te Topps - Disney Wonder 2025 - Hobby Box en ligne maintenant \u00e0 petit prix! Ton #1 shop pour cartes TCG & Pok\u00e9mon en Suisse \u2713 Livraison gratuite d\u00e8s CHF 29","og_url":"https:\/\/theuncommonshop.ch\/fr\/product\/topps-disney-wonder-2025-hobby-box-en-2\/","og_site_name":"The Uncommon Shop","article_modified_time":"2026-03-31T17:09:24+00:00","og_image":[{"width":1800,"height":1800,"url":"https:\/\/theuncommonshop.ch\/wp-content\/uploads\/2025\/12\/5308898773.webp","type":"image\/webp"}],"twitter_card":"summary_large_image","twitter_misc":{"Disponibilit\u00e9":"Rupture de stock"},"schema":{"@context":"https:\/\/schema.org","@graph":[{"@type":"WebPage","@id":"https:\/\/theuncommonshop.ch\/fr\/product\/topps-disney-wonder-2025-hobby-box-en-2\/","url":"https:\/\/theuncommonshop.ch\/fr\/product\/topps-disney-wonder-2025-hobby-box-en-2\/","name":"Ach\u00e8te Topps - Disney Wonder 2025 - Hobby Box","isPartOf":{"@id":"https:\/\/theuncommonshop.ch\/fr\/#website"},"primaryImageOfPage":{"@id":"https:\/\/theuncommonshop.ch\/fr\/product\/topps-disney-wonder-2025-hobby-box-en-2\/#primaryimage"},"image":{"@id":"https:\/\/theuncommonshop.ch\/fr\/product\/topps-disney-wonder-2025-hobby-box-en-2\/#primaryimage"},"thumbnailUrl":"https:\/\/theuncommonshop.ch\/wp-content\/uploads\/2025\/12\/5308898773.webp","datePublished":"2025-12-31T02:15:10+00:00","dateModified":"2026-03-31T17:09:24+00:00","description":"Ach\u00e8te Topps - Disney Wonder 2025 - Hobby Box en ligne maintenant \u00e0 petit prix! Ton #1 shop pour cartes TCG & Pok\u00e9mon en Suisse \u2713 Livraison gratuite d\u00e8s CHF 29","breadcrumb":{"@id":"https:\/\/theuncommonshop.ch\/fr\/product\/topps-disney-wonder-2025-hobby-box-en-2\/#breadcrumb"},"inLanguage":"fr-FR","potentialAction":[{"@type":"ReadAction","target":["https:\/\/theuncommonshop.ch\/fr\/product\/topps-disney-wonder-2025-hobby-box-en-2\/"]}]},{"@type":"ImageObject","inLanguage":"fr-FR","@id":"https:\/\/theuncommonshop.ch\/fr\/product\/topps-disney-wonder-2025-hobby-box-en-2\/#primaryimage","url":"https:\/\/theuncommonshop.ch\/wp-content\/uploads\/2025\/12\/5308898773.webp","contentUrl":"https:\/\/theuncommonshop.ch\/wp-content\/uploads\/2025\/12\/5308898773.webp","width":1800,"height":1800},{"@type":"BreadcrumbList","@id":"https:\/\/theuncommonshop.ch\/fr\/product\/topps-disney-wonder-2025-hobby-box-en-2\/#breadcrumb","itemListElement":[{"@type":"ListItem","position":1,"name":"Accueil","item":"https:\/\/theuncommonshop.ch\/fr\/accueil\/"},{"@type":"ListItem","position":2,"name":"Boutique","item":"https:\/\/theuncommonshop.ch\/fr\/boutique\/"},{"@type":"ListItem","position":3,"name":"Autres cartes \u00e0 collectionner","item":"https:\/\/theuncommonshop.ch\/fr\/categorie-produit\/autres-cartes-a-collectionner\/"},{"@type":"ListItem","position":4,"name":"Cartes Topps","item":"https:\/\/theuncommonshop.ch\/fr\/categorie-produit\/autres-cartes-a-collectionner\/cartes-topps\/"},{"@type":"ListItem","position":5,"name":"Cartes Topps Fantasy","item":"https:\/\/theuncommonshop.ch\/fr\/categorie-produit\/autres-cartes-a-collectionner\/cartes-topps\/cartes-topps-fantasy\/"},{"@type":"ListItem","position":6,"name":"Topps &#8211; Disney Wonder 2025 &#8211; Hobby Box"}]},{"@type":"WebSite","@id":"https:\/\/theuncommonshop.ch\/fr\/#website","url":"https:\/\/theuncommonshop.ch\/fr\/","name":"The Uncommon Shop","description":"Magic, Pok\u00e9mon and Yu-gi-oh - The Uncommon Shop","potentialAction":[{"@type":"SearchAction","target":{"@type":"EntryPoint","urlTemplate":"https:\/\/theuncommonshop.ch\/fr\/?s={search_term_string}"},"query-input":{"@type":"PropertyValueSpecification","valueRequired":true,"valueName":"search_term_string"}}],"inLanguage":"fr-FR"}]},"og_availability":"out of stock","product_availability":"out of stock","product_retailer_item_id":"ZU.XIX.D.ToppsDisneyWonder25HobbyBox","product_condition":"new"},"_links":{"self":[{"href":"https:\/\/theuncommonshop.ch\/fr\/wp-json\/wp\/v2\/product\/313179","targetHints":{"allow":["GET"]}}],"collection":[{"href":"https:\/\/theuncommonshop.ch\/fr\/wp-json\/wp\/v2\/product"}],"about":[{"href":"https:\/\/theuncommonshop.ch\/fr\/wp-json\/wp\/v2\/types\/product"}],"replies":[{"embeddable":true,"href":"https:\/\/theuncommonshop.ch\/fr\/wp-json\/wp\/v2\/comments?post=313179"}],"version-history":[{"count":0,"href":"https:\/\/theuncommonshop.ch\/fr\/wp-json\/wp\/v2\/product\/313179\/revisions"}],"wp:featuredmedia":[{"embeddable":true,"href":"https:\/\/theuncommonshop.ch\/fr\/wp-json\/wp\/v2\/media\/269888"}],"wp:attachment":[{"href":"https:\/\/theuncommonshop.ch\/fr\/wp-json\/wp\/v2\/media?parent=313179"}],"wp:term":[{"taxonomy":"product_brand","embeddable":true,"href":"https:\/\/theuncommonshop.ch\/fr\/wp-json\/wp\/v2\/product_brand?post=313179"},{"taxonomy":"product_cat","embeddable":true,"href":"https:\/\/theuncommonshop.ch\/fr\/wp-json\/wp\/v2\/product_cat?post=313179"},{"taxonomy":"product_tag","embeddable":true,"href":"https:\/\/theuncommonshop.ch\/fr\/wp-json\/wp\/v2\/product_tag?post=313179"}],"curies":[{"name":"wp","href":"https:\/\/api.w.org\/{rel}","templated":true}]}}