{"id":313174,"date":"2025-12-31T03:09:50","date_gmt":"2025-12-31T03:09:50","guid":{"rendered":"http:\/\/theuncommonshop.ch\/produkt\/313174\/"},"modified":"2026-03-08T20:15:35","modified_gmt":"2026-03-08T19:15:35","slug":"re-ment-pokemon-gemstone-collection-vol-2-blind-box-2","status":"publish","type":"product","link":"https:\/\/theuncommonshop.ch\/fr\/product\/re-ment-pokemon-gemstone-collection-vol-2-blind-box-2\/","title":{"rendered":"Re-ment &#8211; Pok\u00e9mon Gemstone Collection Vol.2 &#8211; Blind Box"},"content":{"rendered":"<p><strong>Vendu en Blind Box, le contenu est al\u00e9atoire.<\/strong><\/p>\n<p><strong><\/strong><strong><\/strong><\/p>\n<p><strong>1 des 6 variantes possibles par Blindbox.<\/strong><\/p>\n<p>Il s&#8217;agit d&#8217;une s\u00e9rie de gashapon (jouets en capsule) ou de figurines \u00e0 collectionner repr\u00e9sentant des personnages ou des personnes.<\/p>\n<p>D\u00e9couvrez la fascination magique des Pok\u00e9mon avec la Gemstone Collection 2 de Re-Ment !<\/p>\n","protected":false},"excerpt":{"rendered":"<p>Vendu en Blind Box, le contenu est al\u00e9atoire. 1 des 6 variantes possibles par Blindbox. Il s&#8217;agit d&#8217;une s\u00e9rie de<\/p>\n","protected":false},"featured_media":269741,"comment_status":"open","ping_status":"closed","template":"","meta":{"_acf_changed":false},"product_brand":[5188],"product_cat":[9911,9913,9917],"product_tag":[],"class_list":{"0":"post-313174","1":"product","2":"type-product","3":"status-publish","4":"has-post-thumbnail","6":"product_brand-re-ment","7":"product_cat-collectibles-fr","8":"product_cat-figurines-danime","9":"product_cat-figurines-pokemon","11":"first","12":"outofstock","13":"taxable","14":"shipping-taxable","15":"purchasable","16":"product-type-simple"},"acf":[],"yoast_head":"<!-- This site is optimized with the Yoast SEO plugin v27.4 - https:\/\/yoast.com\/product\/yoast-seo-wordpress\/ -->\n<title>Ach\u00e8te Re-ment - Pok\u00e9mon Gemstone Collection Vol.2 - Blind Box<\/title>\n<meta name=\"description\" content=\"Ach\u00e8te Re-ment - Pok\u00e9mon Gemstone Collection Vol.2 - Blind Box en ligne maintenant \u00e0 petit prix! Ton #1 shop pour cartes TCG &amp; Pok\u00e9mon en Suisse \u2713 Livraison gratuite d\u00e8s CHF 29\" \/>\n<meta name=\"robots\" content=\"index, follow, max-snippet:-1, max-image-preview:large, max-video-preview:-1\" \/>\n<link rel=\"canonical\" href=\"https:\/\/theuncommonshop.ch\/fr\/product\/re-ment-pokemon-gemstone-collection-vol-2-blind-box-2\/\" \/>\n<meta property=\"og:locale\" content=\"fr_FR\" \/>\n<meta property=\"og:type\" content=\"article\" \/>\n<meta property=\"og:title\" content=\"Ach\u00e8te Re-ment - Pok\u00e9mon Gemstone Collection Vol.2 - Blind Box\" \/>\n<meta property=\"og:description\" content=\"Ach\u00e8te Re-ment - Pok\u00e9mon Gemstone Collection Vol.2 - Blind Box en ligne maintenant \u00e0 petit prix! Ton #1 shop pour cartes TCG &amp; Pok\u00e9mon en Suisse \u2713 Livraison gratuite d\u00e8s CHF 29\" \/>\n<meta property=\"og:url\" content=\"https:\/\/theuncommonshop.ch\/fr\/product\/re-ment-pokemon-gemstone-collection-vol-2-blind-box-2\/\" \/>\n<meta property=\"og:site_name\" content=\"Largest trading card shop in Switzerland\" \/>\n<meta property=\"article:modified_time\" content=\"2026-03-08T19:15:35+00:00\" \/>\n<meta property=\"og:image\" content=\"https:\/\/theuncommonshop.ch\/wp-content\/uploads\/2025\/12\/5304151514.jpg\" \/>\n\t<meta property=\"og:image:width\" content=\"824\" \/>\n\t<meta property=\"og:image:height\" content=\"1000\" \/>\n\t<meta property=\"og:image:type\" content=\"image\/jpeg\" \/>\n<meta name=\"twitter:card\" content=\"summary_large_image\" \/>\n<meta name=\"twitter:label1\" content=\"Prix\" \/>\n\t<meta name=\"twitter:data1\" content=\"&#067;&#072;&#070;&nbsp;13.95\" \/>\n\t<meta name=\"twitter:label2\" content=\"Disponibilit\u00e9\" \/>\n\t<meta name=\"twitter:data2\" content=\"Rupture de stock\" \/>\n<script type=\"application\/ld+json\" class=\"yoast-schema-graph\">{\"@context\":\"https:\\\/\\\/schema.org\",\"@graph\":[{\"@type\":\"WebPage\",\"@id\":\"https:\\\/\\\/theuncommonshop.ch\\\/fr\\\/product\\\/re-ment-pokemon-gemstone-collection-vol-2-blind-box-2\\\/\",\"url\":\"https:\\\/\\\/theuncommonshop.ch\\\/fr\\\/product\\\/re-ment-pokemon-gemstone-collection-vol-2-blind-box-2\\\/\",\"name\":\"Ach\u00e8te Re-ment - Pok\u00e9mon Gemstone Collection Vol.2 - Blind Box\",\"isPartOf\":{\"@id\":\"https:\\\/\\\/theuncommonshop.ch\\\/#website\"},\"primaryImageOfPage\":{\"@id\":\"https:\\\/\\\/theuncommonshop.ch\\\/fr\\\/product\\\/re-ment-pokemon-gemstone-collection-vol-2-blind-box-2\\\/#primaryimage\"},\"image\":{\"@id\":\"https:\\\/\\\/theuncommonshop.ch\\\/fr\\\/product\\\/re-ment-pokemon-gemstone-collection-vol-2-blind-box-2\\\/#primaryimage\"},\"thumbnailUrl\":\"https:\\\/\\\/theuncommonshop.ch\\\/wp-content\\\/uploads\\\/2025\\\/12\\\/5304151514.jpg\",\"datePublished\":\"2025-12-31T03:09:50+00:00\",\"dateModified\":\"2026-03-08T19:15:35+00:00\",\"description\":\"Ach\u00e8te Re-ment - Pok\u00e9mon Gemstone Collection Vol.2 - Blind Box en ligne maintenant \u00e0 petit prix! Ton #1 shop pour cartes TCG & Pok\u00e9mon en Suisse \u2713 Livraison gratuite d\u00e8s CHF 29\",\"breadcrumb\":{\"@id\":\"https:\\\/\\\/theuncommonshop.ch\\\/fr\\\/product\\\/re-ment-pokemon-gemstone-collection-vol-2-blind-box-2\\\/#breadcrumb\"},\"inLanguage\":\"fr-FR\",\"potentialAction\":[{\"@type\":\"ReadAction\",\"target\":[\"https:\\\/\\\/theuncommonshop.ch\\\/fr\\\/product\\\/re-ment-pokemon-gemstone-collection-vol-2-blind-box-2\\\/\"]}]},{\"@type\":\"ImageObject\",\"inLanguage\":\"fr-FR\",\"@id\":\"https:\\\/\\\/theuncommonshop.ch\\\/fr\\\/product\\\/re-ment-pokemon-gemstone-collection-vol-2-blind-box-2\\\/#primaryimage\",\"url\":\"https:\\\/\\\/theuncommonshop.ch\\\/wp-content\\\/uploads\\\/2025\\\/12\\\/5304151514.jpg\",\"contentUrl\":\"https:\\\/\\\/theuncommonshop.ch\\\/wp-content\\\/uploads\\\/2025\\\/12\\\/5304151514.jpg\",\"width\":824,\"height\":1000},{\"@type\":\"BreadcrumbList\",\"@id\":\"https:\\\/\\\/theuncommonshop.ch\\\/fr\\\/product\\\/re-ment-pokemon-gemstone-collection-vol-2-blind-box-2\\\/#breadcrumb\",\"itemListElement\":[{\"@type\":\"ListItem\",\"position\":1,\"name\":\"Accueil\",\"item\":\"https:\\\/\\\/theuncommonshop.ch\\\/fr\\\/accueil\\\/\"},{\"@type\":\"ListItem\",\"position\":2,\"name\":\"Boutique\",\"item\":\"https:\\\/\\\/theuncommonshop.ch\\\/fr\\\/boutique\\\/\"},{\"@type\":\"ListItem\",\"position\":3,\"name\":\"Collectibles\",\"item\":\"https:\\\/\\\/theuncommonshop.ch\\\/produktkategorie\\\/collectibles\\\/\"},{\"@type\":\"ListItem\",\"position\":4,\"name\":\"Anime Figuren\",\"item\":\"https:\\\/\\\/theuncommonshop.ch\\\/produktkategorie\\\/collectibles\\\/anime-figures\\\/\"},{\"@type\":\"ListItem\",\"position\":5,\"name\":\"Pok\u00e9mon Figuren\",\"item\":\"https:\\\/\\\/theuncommonshop.ch\\\/produktkategorie\\\/collectibles\\\/anime-figures\\\/pokemon-figures\\\/\"},{\"@type\":\"ListItem\",\"position\":6,\"name\":\"Re-ment &#8211; Pok\u00e9mon Gemstone Collection Vol.2 &#8211; Blind Box\"}]},{\"@type\":\"WebSite\",\"@id\":\"https:\\\/\\\/theuncommonshop.ch\\\/#website\",\"url\":\"https:\\\/\\\/theuncommonshop.ch\\\/\",\"name\":\"Largest trading card shop in Switzerland\",\"description\":\"Magic, Pok\u00e9mon and Yu-gi-oh - The Uncommon Shop\",\"potentialAction\":[{\"@type\":\"SearchAction\",\"target\":{\"@type\":\"EntryPoint\",\"urlTemplate\":\"https:\\\/\\\/theuncommonshop.ch\\\/?s={search_term_string}\"},\"query-input\":{\"@type\":\"PropertyValueSpecification\",\"valueRequired\":true,\"valueName\":\"search_term_string\"}}],\"inLanguage\":\"fr-FR\"}]}<\/script>\n<meta property=\"product:price:amount\" content=\"13.95\" \/>\n<meta property=\"product:price:currency\" content=\"CHF\" \/>\n<meta property=\"og:availability\" content=\"out of stock\" \/>\n<meta property=\"product:availability\" content=\"out of stock\" \/>\n<meta property=\"product:retailer_item_id\" content=\"FI.I.D.PokeGemstoneCollVol2\" \/>\n<meta property=\"product:condition\" content=\"new\" \/>\n<!-- \/ Yoast SEO plugin. -->","yoast_head_json":{"title":"Ach\u00e8te Re-ment - Pok\u00e9mon Gemstone Collection Vol.2 - Blind Box","description":"Ach\u00e8te Re-ment - Pok\u00e9mon Gemstone Collection Vol.2 - Blind Box en ligne maintenant \u00e0 petit prix! Ton #1 shop pour cartes TCG & Pok\u00e9mon en Suisse \u2713 Livraison gratuite d\u00e8s CHF 29","robots":{"index":"index","follow":"follow","max-snippet":"max-snippet:-1","max-image-preview":"max-image-preview:large","max-video-preview":"max-video-preview:-1"},"canonical":"https:\/\/theuncommonshop.ch\/fr\/product\/re-ment-pokemon-gemstone-collection-vol-2-blind-box-2\/","og_locale":"fr_FR","og_type":"article","og_title":"Ach\u00e8te Re-ment - Pok\u00e9mon Gemstone Collection Vol.2 - Blind Box","og_description":"Ach\u00e8te Re-ment - Pok\u00e9mon Gemstone Collection Vol.2 - Blind Box en ligne maintenant \u00e0 petit prix! Ton #1 shop pour cartes TCG & Pok\u00e9mon en Suisse \u2713 Livraison gratuite d\u00e8s CHF 29","og_url":"https:\/\/theuncommonshop.ch\/fr\/product\/re-ment-pokemon-gemstone-collection-vol-2-blind-box-2\/","og_site_name":"Largest trading card shop in Switzerland","article_modified_time":"2026-03-08T19:15:35+00:00","og_image":[{"width":824,"height":1000,"url":"https:\/\/theuncommonshop.ch\/wp-content\/uploads\/2025\/12\/5304151514.jpg","type":"image\/jpeg"}],"twitter_card":"summary_large_image","twitter_misc":{"Prix":"&#67;&#72;&#70;&nbsp;13.95","Disponibilit\u00e9":"Rupture de stock"},"schema":{"@context":"https:\/\/schema.org","@graph":[{"@type":"WebPage","@id":"https:\/\/theuncommonshop.ch\/fr\/product\/re-ment-pokemon-gemstone-collection-vol-2-blind-box-2\/","url":"https:\/\/theuncommonshop.ch\/fr\/product\/re-ment-pokemon-gemstone-collection-vol-2-blind-box-2\/","name":"Ach\u00e8te Re-ment - Pok\u00e9mon Gemstone Collection Vol.2 - Blind Box","isPartOf":{"@id":"https:\/\/theuncommonshop.ch\/#website"},"primaryImageOfPage":{"@id":"https:\/\/theuncommonshop.ch\/fr\/product\/re-ment-pokemon-gemstone-collection-vol-2-blind-box-2\/#primaryimage"},"image":{"@id":"https:\/\/theuncommonshop.ch\/fr\/product\/re-ment-pokemon-gemstone-collection-vol-2-blind-box-2\/#primaryimage"},"thumbnailUrl":"https:\/\/theuncommonshop.ch\/wp-content\/uploads\/2025\/12\/5304151514.jpg","datePublished":"2025-12-31T03:09:50+00:00","dateModified":"2026-03-08T19:15:35+00:00","description":"Ach\u00e8te Re-ment - Pok\u00e9mon Gemstone Collection Vol.2 - Blind Box en ligne maintenant \u00e0 petit prix! Ton #1 shop pour cartes TCG & Pok\u00e9mon en Suisse \u2713 Livraison gratuite d\u00e8s CHF 29","breadcrumb":{"@id":"https:\/\/theuncommonshop.ch\/fr\/product\/re-ment-pokemon-gemstone-collection-vol-2-blind-box-2\/#breadcrumb"},"inLanguage":"fr-FR","potentialAction":[{"@type":"ReadAction","target":["https:\/\/theuncommonshop.ch\/fr\/product\/re-ment-pokemon-gemstone-collection-vol-2-blind-box-2\/"]}]},{"@type":"ImageObject","inLanguage":"fr-FR","@id":"https:\/\/theuncommonshop.ch\/fr\/product\/re-ment-pokemon-gemstone-collection-vol-2-blind-box-2\/#primaryimage","url":"https:\/\/theuncommonshop.ch\/wp-content\/uploads\/2025\/12\/5304151514.jpg","contentUrl":"https:\/\/theuncommonshop.ch\/wp-content\/uploads\/2025\/12\/5304151514.jpg","width":824,"height":1000},{"@type":"BreadcrumbList","@id":"https:\/\/theuncommonshop.ch\/fr\/product\/re-ment-pokemon-gemstone-collection-vol-2-blind-box-2\/#breadcrumb","itemListElement":[{"@type":"ListItem","position":1,"name":"Accueil","item":"https:\/\/theuncommonshop.ch\/fr\/accueil\/"},{"@type":"ListItem","position":2,"name":"Boutique","item":"https:\/\/theuncommonshop.ch\/fr\/boutique\/"},{"@type":"ListItem","position":3,"name":"Collectibles","item":"https:\/\/theuncommonshop.ch\/produktkategorie\/collectibles\/"},{"@type":"ListItem","position":4,"name":"Anime Figuren","item":"https:\/\/theuncommonshop.ch\/produktkategorie\/collectibles\/anime-figures\/"},{"@type":"ListItem","position":5,"name":"Pok\u00e9mon Figuren","item":"https:\/\/theuncommonshop.ch\/produktkategorie\/collectibles\/anime-figures\/pokemon-figures\/"},{"@type":"ListItem","position":6,"name":"Re-ment &#8211; Pok\u00e9mon Gemstone Collection Vol.2 &#8211; Blind Box"}]},{"@type":"WebSite","@id":"https:\/\/theuncommonshop.ch\/#website","url":"https:\/\/theuncommonshop.ch\/","name":"Largest trading card shop in Switzerland","description":"Magic, Pok\u00e9mon and Yu-gi-oh - The Uncommon Shop","potentialAction":[{"@type":"SearchAction","target":{"@type":"EntryPoint","urlTemplate":"https:\/\/theuncommonshop.ch\/?s={search_term_string}"},"query-input":{"@type":"PropertyValueSpecification","valueRequired":true,"valueName":"search_term_string"}}],"inLanguage":"fr-FR"}]},"product_price_amount":"13.95","product_price_currency":"CHF","og_availability":"out of stock","product_availability":"out of stock","product_retailer_item_id":"FI.I.D.PokeGemstoneCollVol2","product_condition":"new"},"_links":{"self":[{"href":"https:\/\/theuncommonshop.ch\/fr\/wp-json\/wp\/v2\/product\/313174","targetHints":{"allow":["GET"]}}],"collection":[{"href":"https:\/\/theuncommonshop.ch\/fr\/wp-json\/wp\/v2\/product"}],"about":[{"href":"https:\/\/theuncommonshop.ch\/fr\/wp-json\/wp\/v2\/types\/product"}],"replies":[{"embeddable":true,"href":"https:\/\/theuncommonshop.ch\/fr\/wp-json\/wp\/v2\/comments?post=313174"}],"version-history":[{"count":1,"href":"https:\/\/theuncommonshop.ch\/fr\/wp-json\/wp\/v2\/product\/313174\/revisions"}],"predecessor-version":[{"id":313176,"href":"https:\/\/theuncommonshop.ch\/fr\/wp-json\/wp\/v2\/product\/313174\/revisions\/313176"}],"wp:featuredmedia":[{"embeddable":true,"href":"https:\/\/theuncommonshop.ch\/fr\/wp-json\/wp\/v2\/media\/269741"}],"wp:attachment":[{"href":"https:\/\/theuncommonshop.ch\/fr\/wp-json\/wp\/v2\/media?parent=313174"}],"wp:term":[{"taxonomy":"product_brand","embeddable":true,"href":"https:\/\/theuncommonshop.ch\/fr\/wp-json\/wp\/v2\/product_brand?post=313174"},{"taxonomy":"product_cat","embeddable":true,"href":"https:\/\/theuncommonshop.ch\/fr\/wp-json\/wp\/v2\/product_cat?post=313174"},{"taxonomy":"product_tag","embeddable":true,"href":"https:\/\/theuncommonshop.ch\/fr\/wp-json\/wp\/v2\/product_tag?post=313174"}],"curies":[{"name":"wp","href":"https:\/\/api.w.org\/{rel}","templated":true}]}}