{"id":313093,"date":"2025-12-31T02:52:34","date_gmt":"2025-12-31T02:52:34","guid":{"rendered":"http:\/\/theuncommonshop.ch\/produkt\/313093\/"},"modified":"2026-03-26T13:21:53","modified_gmt":"2026-03-26T12:21:53","slug":"warhammer-40-000-kill-team-starterset-3","status":"publish","type":"product","link":"https:\/\/theuncommonshop.ch\/fr\/product\/warhammer-40-000-kill-team-starterset-3\/","title":{"rendered":"Warhammer 40.000: Kill Team &#8211; Starterset"},"content":{"rendered":"<p>Dans les sombres t\u00e9n\u00e8bres d&#8217;un futur lointain, des projectiles explosifs sifflent dans l&#8217;air, des \u00e9p\u00e9es \u00e0 cha\u00eenes vrombissent affam\u00e9es et des pieds en armure mart\u00e8lent le sol fissur\u00e9. Ici, en ce moment m\u00eame, l&#8217;issue de la bataille d\u00e9pend des actions courageuses d&#8217;une poign\u00e9e de guerriers. Avez-vous ce qu&#8217;il faut pour les commander et gagner ? Kill Team est un jeu Tabletop plein d&#8217;action et d&#8217;escarmouches intenses qui se d\u00e9roule au 41\u00e8me mill\u00e9naire &#8211; le lieu de Warhammer 40.000.   <\/p>\n<p>Ce Starter Set contient tout ce dont deux joueurs ont besoin pour faire leurs premiers pas dans Kill Team. Il contient deux Kill Teams compl\u00e8tes &#8211; les Space Marines surhumains des Angels of Death et leurs adversaires corrompus, les r\u00e9pugnants Plague Marines de la Death Guard. De plus, il contient tous les autres outils et accessoires n\u00e9cessaires, ainsi qu&#8217;une s\u00e9rie de sc\u00e9narios d&#8217;introduction qui vous permettront de vous familiariser avec les bases des batailles tactiques \u00e0 la vitesse de l&#8217;\u00e9clair.  <\/p>\n<p>Vous recevrez \u00e9galement trois feuilles de terrain en bois MDF avec des images imprim\u00e9es &#8211; elles s&#8217;assemblent facilement sans colle ni peinture et se d\u00e9montent facilement pour \u00eatre rang\u00e9es.<\/p>\n<p>L&#8217;ensemble de la bo\u00eete est con\u00e7u pour \u00eatre mont\u00e9 et pr\u00eat \u00e0 jouer en seulement 30 minutes.<\/p>\n<p>A l&#8217;int\u00e9rieur de la bo\u00eete, vous trouverez<\/p>\n<p>&#8211; 14 miniatures Citadel<\/p>\n<p>&#8211; 7 agents Kill Team des Angels of Death, moul\u00e9s en plastique bleu<\/p>\n<p>&#8211; 7 agents Kill Team des Marines de la Plague, moul\u00e9s en plastique vert<\/p>\n<p>&#8211; 1 guide de d\u00e9marrage Kill Team de 64 pages<\/p>\n<p>&#8211; 1 feuille de marqueurs Kill Team avec 92 marqueurs<\/p>\n<p>&#8211; 2 fiches de r\u00e9f\u00e9rence<\/p>\n<p>&#8211; 10 cubes D6<\/p>\n<p>&#8211; 1 plateau de jeu double face<\/p>\n<p>&#8211; 3 arcs avec des \u00e9l\u00e9ments de terrain en MDF \u00e0 assembler<\/p>\n<p>Chacune des miniatures de ce kit est livr\u00e9e avec un socle model\u00e9. Ces miniatures enfichables peuvent \u00eatre extraites de leur cadre sans pince, peuvent \u00eatre assembl\u00e9es sans colle et sont livr\u00e9es non peintes &#8211; nous vous recommandons d&#8217;utiliser des peintures Citadel Colour. <\/p>\n","protected":false},"excerpt":{"rendered":"<p>Dans les sombres t\u00e9n\u00e8bres d&#8217;un futur lointain, des projectiles explosifs sifflent dans l&#8217;air, des \u00e9p\u00e9es \u00e0 cha\u00eenes vrombissent affam\u00e9es et<\/p>\n","protected":false},"featured_media":269118,"comment_status":"open","ping_status":"closed","template":"","meta":{"_acf_changed":false},"product_brand":[5078,5154],"product_cat":[9925,9927],"product_tag":[],"class_list":{"0":"post-313093","1":"product","2":"type-product","3":"status-publish","4":"has-post-thumbnail","6":"product_brand-games-workshop","7":"product_brand-warhammer","8":"product_cat-tabletop-fr","9":"product_cat-warhammer-40k-fr","11":"first","12":"instock","13":"sale","14":"taxable","15":"shipping-taxable","16":"purchasable","17":"product-type-variable"},"acf":[],"yoast_head":"<!-- This site is optimized with the Yoast SEO plugin v27.4 - https:\/\/yoast.com\/product\/yoast-seo-wordpress\/ -->\n<title>Ach\u00e8te Warhammer 40.000: Kill Team - Starterset<\/title>\n<meta name=\"description\" content=\"Ach\u00e8te Warhammer 40.000: Kill Team - Starterset en ligne maintenant \u00e0 petit prix! Ton #1 shop pour cartes TCG &amp; Pok\u00e9mon en Suisse \u2713 Livraison gratuite d\u00e8s CHF 29\" \/>\n<meta name=\"robots\" content=\"index, follow, max-snippet:-1, max-image-preview:large, max-video-preview:-1\" \/>\n<link rel=\"canonical\" href=\"https:\/\/theuncommonshop.ch\/fr\/product\/warhammer-40-000-kill-team-starterset-3\/\" \/>\n<meta property=\"og:locale\" content=\"fr_FR\" \/>\n<meta property=\"og:type\" content=\"article\" \/>\n<meta property=\"og:title\" content=\"Ach\u00e8te Warhammer 40.000: Kill Team - Starterset\" \/>\n<meta property=\"og:description\" content=\"Ach\u00e8te Warhammer 40.000: Kill Team - Starterset en ligne maintenant \u00e0 petit prix! Ton #1 shop pour cartes TCG &amp; Pok\u00e9mon en Suisse \u2713 Livraison gratuite d\u00e8s CHF 29\" \/>\n<meta property=\"og:url\" content=\"https:\/\/theuncommonshop.ch\/fr\/product\/warhammer-40-000-kill-team-starterset-3\/\" \/>\n<meta property=\"og:site_name\" content=\"The Uncommon Shop\" \/>\n<meta property=\"article:modified_time\" content=\"2026-03-26T12:21:53+00:00\" \/>\n<meta property=\"og:image\" content=\"https:\/\/theuncommonshop.ch\/wp-content\/uploads\/2025\/12\/5301832439.jpg\" \/>\n\t<meta property=\"og:image:width\" content=\"918\" \/>\n\t<meta property=\"og:image:height\" content=\"948\" \/>\n\t<meta property=\"og:image:type\" content=\"image\/jpeg\" \/>\n<meta name=\"twitter:card\" content=\"summary_large_image\" \/>\n<meta name=\"twitter:label1\" content=\"Disponibilit\u00e9\" \/>\n\t<meta name=\"twitter:data1\" content=\"En stock\" \/>\n<script type=\"application\/ld+json\" class=\"yoast-schema-graph\">{\"@context\":\"https:\\\/\\\/schema.org\",\"@graph\":[{\"@type\":\"WebPage\",\"@id\":\"https:\\\/\\\/theuncommonshop.ch\\\/fr\\\/product\\\/warhammer-40-000-kill-team-starterset-3\\\/\",\"url\":\"https:\\\/\\\/theuncommonshop.ch\\\/fr\\\/product\\\/warhammer-40-000-kill-team-starterset-3\\\/\",\"name\":\"Ach\u00e8te Warhammer 40.000: Kill Team - Starterset\",\"isPartOf\":{\"@id\":\"https:\\\/\\\/theuncommonshop.ch\\\/fr\\\/#website\"},\"primaryImageOfPage\":{\"@id\":\"https:\\\/\\\/theuncommonshop.ch\\\/fr\\\/product\\\/warhammer-40-000-kill-team-starterset-3\\\/#primaryimage\"},\"image\":{\"@id\":\"https:\\\/\\\/theuncommonshop.ch\\\/fr\\\/product\\\/warhammer-40-000-kill-team-starterset-3\\\/#primaryimage\"},\"thumbnailUrl\":\"https:\\\/\\\/theuncommonshop.ch\\\/wp-content\\\/uploads\\\/2025\\\/12\\\/5301832439.jpg\",\"datePublished\":\"2025-12-31T02:52:34+00:00\",\"dateModified\":\"2026-03-26T12:21:53+00:00\",\"description\":\"Ach\u00e8te Warhammer 40.000: Kill Team - Starterset en ligne maintenant \u00e0 petit prix! Ton #1 shop pour cartes TCG & Pok\u00e9mon en Suisse \u2713 Livraison gratuite d\u00e8s CHF 29\",\"breadcrumb\":{\"@id\":\"https:\\\/\\\/theuncommonshop.ch\\\/fr\\\/product\\\/warhammer-40-000-kill-team-starterset-3\\\/#breadcrumb\"},\"inLanguage\":\"fr-FR\",\"potentialAction\":[{\"@type\":\"ReadAction\",\"target\":[\"https:\\\/\\\/theuncommonshop.ch\\\/fr\\\/product\\\/warhammer-40-000-kill-team-starterset-3\\\/\"]}]},{\"@type\":\"ImageObject\",\"inLanguage\":\"fr-FR\",\"@id\":\"https:\\\/\\\/theuncommonshop.ch\\\/fr\\\/product\\\/warhammer-40-000-kill-team-starterset-3\\\/#primaryimage\",\"url\":\"https:\\\/\\\/theuncommonshop.ch\\\/wp-content\\\/uploads\\\/2025\\\/12\\\/5301832439.jpg\",\"contentUrl\":\"https:\\\/\\\/theuncommonshop.ch\\\/wp-content\\\/uploads\\\/2025\\\/12\\\/5301832439.jpg\",\"width\":918,\"height\":948},{\"@type\":\"BreadcrumbList\",\"@id\":\"https:\\\/\\\/theuncommonshop.ch\\\/fr\\\/product\\\/warhammer-40-000-kill-team-starterset-3\\\/#breadcrumb\",\"itemListElement\":[{\"@type\":\"ListItem\",\"position\":1,\"name\":\"Accueil\",\"item\":\"https:\\\/\\\/theuncommonshop.ch\\\/fr\\\/accueil\\\/\"},{\"@type\":\"ListItem\",\"position\":2,\"name\":\"Boutique\",\"item\":\"https:\\\/\\\/theuncommonshop.ch\\\/fr\\\/boutique\\\/\"},{\"@type\":\"ListItem\",\"position\":3,\"name\":\"Tabletop\",\"item\":\"https:\\\/\\\/theuncommonshop.ch\\\/fr\\\/categorie-produit\\\/tabletop-fr\\\/\"},{\"@type\":\"ListItem\",\"position\":4,\"name\":\"Warhammer 40k\",\"item\":\"https:\\\/\\\/theuncommonshop.ch\\\/fr\\\/categorie-produit\\\/tabletop-fr\\\/warhammer-40k-fr\\\/\"},{\"@type\":\"ListItem\",\"position\":5,\"name\":\"Warhammer 40.000: Kill Team &#8211; Starterset\"}]},{\"@type\":\"WebSite\",\"@id\":\"https:\\\/\\\/theuncommonshop.ch\\\/fr\\\/#website\",\"url\":\"https:\\\/\\\/theuncommonshop.ch\\\/fr\\\/\",\"name\":\"The Uncommon Shop\",\"description\":\"Magic, Pok\u00e9mon and Yu-gi-oh - The Uncommon Shop\",\"potentialAction\":[{\"@type\":\"SearchAction\",\"target\":{\"@type\":\"EntryPoint\",\"urlTemplate\":\"https:\\\/\\\/theuncommonshop.ch\\\/fr\\\/?s={search_term_string}\"},\"query-input\":{\"@type\":\"PropertyValueSpecification\",\"valueRequired\":true,\"valueName\":\"search_term_string\"}}],\"inLanguage\":\"fr-FR\"}]}<\/script>\n<meta property=\"og:availability\" content=\"instock\" \/>\n<meta property=\"product:availability\" content=\"instock\" \/>\n<meta property=\"product:condition\" content=\"new\" \/>\n<!-- \/ Yoast SEO plugin. -->","yoast_head_json":{"title":"Ach\u00e8te Warhammer 40.000: Kill Team - Starterset","description":"Ach\u00e8te Warhammer 40.000: Kill Team - Starterset en ligne maintenant \u00e0 petit prix! Ton #1 shop pour cartes TCG & Pok\u00e9mon en Suisse \u2713 Livraison gratuite d\u00e8s CHF 29","robots":{"index":"index","follow":"follow","max-snippet":"max-snippet:-1","max-image-preview":"max-image-preview:large","max-video-preview":"max-video-preview:-1"},"canonical":"https:\/\/theuncommonshop.ch\/fr\/product\/warhammer-40-000-kill-team-starterset-3\/","og_locale":"fr_FR","og_type":"article","og_title":"Ach\u00e8te Warhammer 40.000: Kill Team - Starterset","og_description":"Ach\u00e8te Warhammer 40.000: Kill Team - Starterset en ligne maintenant \u00e0 petit prix! Ton #1 shop pour cartes TCG & Pok\u00e9mon en Suisse \u2713 Livraison gratuite d\u00e8s CHF 29","og_url":"https:\/\/theuncommonshop.ch\/fr\/product\/warhammer-40-000-kill-team-starterset-3\/","og_site_name":"The Uncommon Shop","article_modified_time":"2026-03-26T12:21:53+00:00","og_image":[{"width":918,"height":948,"url":"https:\/\/theuncommonshop.ch\/wp-content\/uploads\/2025\/12\/5301832439.jpg","type":"image\/jpeg"}],"twitter_card":"summary_large_image","twitter_misc":{"Disponibilit\u00e9":"En stock"},"schema":{"@context":"https:\/\/schema.org","@graph":[{"@type":"WebPage","@id":"https:\/\/theuncommonshop.ch\/fr\/product\/warhammer-40-000-kill-team-starterset-3\/","url":"https:\/\/theuncommonshop.ch\/fr\/product\/warhammer-40-000-kill-team-starterset-3\/","name":"Ach\u00e8te Warhammer 40.000: Kill Team - Starterset","isPartOf":{"@id":"https:\/\/theuncommonshop.ch\/fr\/#website"},"primaryImageOfPage":{"@id":"https:\/\/theuncommonshop.ch\/fr\/product\/warhammer-40-000-kill-team-starterset-3\/#primaryimage"},"image":{"@id":"https:\/\/theuncommonshop.ch\/fr\/product\/warhammer-40-000-kill-team-starterset-3\/#primaryimage"},"thumbnailUrl":"https:\/\/theuncommonshop.ch\/wp-content\/uploads\/2025\/12\/5301832439.jpg","datePublished":"2025-12-31T02:52:34+00:00","dateModified":"2026-03-26T12:21:53+00:00","description":"Ach\u00e8te Warhammer 40.000: Kill Team - Starterset en ligne maintenant \u00e0 petit prix! Ton #1 shop pour cartes TCG & Pok\u00e9mon en Suisse \u2713 Livraison gratuite d\u00e8s CHF 29","breadcrumb":{"@id":"https:\/\/theuncommonshop.ch\/fr\/product\/warhammer-40-000-kill-team-starterset-3\/#breadcrumb"},"inLanguage":"fr-FR","potentialAction":[{"@type":"ReadAction","target":["https:\/\/theuncommonshop.ch\/fr\/product\/warhammer-40-000-kill-team-starterset-3\/"]}]},{"@type":"ImageObject","inLanguage":"fr-FR","@id":"https:\/\/theuncommonshop.ch\/fr\/product\/warhammer-40-000-kill-team-starterset-3\/#primaryimage","url":"https:\/\/theuncommonshop.ch\/wp-content\/uploads\/2025\/12\/5301832439.jpg","contentUrl":"https:\/\/theuncommonshop.ch\/wp-content\/uploads\/2025\/12\/5301832439.jpg","width":918,"height":948},{"@type":"BreadcrumbList","@id":"https:\/\/theuncommonshop.ch\/fr\/product\/warhammer-40-000-kill-team-starterset-3\/#breadcrumb","itemListElement":[{"@type":"ListItem","position":1,"name":"Accueil","item":"https:\/\/theuncommonshop.ch\/fr\/accueil\/"},{"@type":"ListItem","position":2,"name":"Boutique","item":"https:\/\/theuncommonshop.ch\/fr\/boutique\/"},{"@type":"ListItem","position":3,"name":"Tabletop","item":"https:\/\/theuncommonshop.ch\/fr\/categorie-produit\/tabletop-fr\/"},{"@type":"ListItem","position":4,"name":"Warhammer 40k","item":"https:\/\/theuncommonshop.ch\/fr\/categorie-produit\/tabletop-fr\/warhammer-40k-fr\/"},{"@type":"ListItem","position":5,"name":"Warhammer 40.000: Kill Team &#8211; Starterset"}]},{"@type":"WebSite","@id":"https:\/\/theuncommonshop.ch\/fr\/#website","url":"https:\/\/theuncommonshop.ch\/fr\/","name":"The Uncommon Shop","description":"Magic, Pok\u00e9mon and Yu-gi-oh - The Uncommon Shop","potentialAction":[{"@type":"SearchAction","target":{"@type":"EntryPoint","urlTemplate":"https:\/\/theuncommonshop.ch\/fr\/?s={search_term_string}"},"query-input":{"@type":"PropertyValueSpecification","valueRequired":true,"valueName":"search_term_string"}}],"inLanguage":"fr-FR"}]},"og_availability":"instock","product_availability":"instock","product_condition":"new"},"_links":{"self":[{"href":"https:\/\/theuncommonshop.ch\/fr\/wp-json\/wp\/v2\/product\/313093","targetHints":{"allow":["GET"]}}],"collection":[{"href":"https:\/\/theuncommonshop.ch\/fr\/wp-json\/wp\/v2\/product"}],"about":[{"href":"https:\/\/theuncommonshop.ch\/fr\/wp-json\/wp\/v2\/types\/product"}],"replies":[{"embeddable":true,"href":"https:\/\/theuncommonshop.ch\/fr\/wp-json\/wp\/v2\/comments?post=313093"}],"version-history":[{"count":0,"href":"https:\/\/theuncommonshop.ch\/fr\/wp-json\/wp\/v2\/product\/313093\/revisions"}],"wp:featuredmedia":[{"embeddable":true,"href":"https:\/\/theuncommonshop.ch\/fr\/wp-json\/wp\/v2\/media\/269118"}],"wp:attachment":[{"href":"https:\/\/theuncommonshop.ch\/fr\/wp-json\/wp\/v2\/media?parent=313093"}],"wp:term":[{"taxonomy":"product_brand","embeddable":true,"href":"https:\/\/theuncommonshop.ch\/fr\/wp-json\/wp\/v2\/product_brand?post=313093"},{"taxonomy":"product_cat","embeddable":true,"href":"https:\/\/theuncommonshop.ch\/fr\/wp-json\/wp\/v2\/product_cat?post=313093"},{"taxonomy":"product_tag","embeddable":true,"href":"https:\/\/theuncommonshop.ch\/fr\/wp-json\/wp\/v2\/product_tag?post=313093"}],"curies":[{"name":"wp","href":"https:\/\/api.w.org\/{rel}","templated":true}]}}