{"id":313037,"date":"2025-12-31T02:42:03","date_gmt":"2025-12-31T02:42:03","guid":{"rendered":"http:\/\/theuncommonshop.ch\/produkt\/313037\/"},"modified":"2026-03-08T20:14:58","modified_gmt":"2026-03-08T19:14:58","slug":"bluthelden-black-sovereign-barabas-ulfaran-starter-deck-en-2","status":"publish","type":"product","link":"https:\/\/theuncommonshop.ch\/fr\/product\/bluthelden-black-sovereign-barabas-ulfaran-starter-deck-en-2\/","title":{"rendered":"Bluthelden &#8211; Black Sovereign &#8211; Barabas Ulfaran &#8211; Starter Deck &#8211; EN"},"content":{"rendered":"<h2>Deck de d\u00e9marrage Bluthelden Origin Barabas Ulfaran Black EN<\/h2>\n<p>Manipulez le <strong>jeu<\/strong> avec le <strong>Starter Deck Barabas Ulfaran<\/strong>. En tant que chef de la faction noire, Barabas a recours \u00e0 la magie noire pour affaiblir les cr\u00e9atures de votre adversaire et ramener les siennes du cimeti\u00e8re. Ce deck est parfait pour les joueurs qui veulent \u00e9craser leurs adversaires avec des strat\u00e9gies inattendues et un cycle constant de destruction et de renaissance.  <\/p>\n<h3><strong>Contenu :<\/strong><\/h3>\n<ul>\n<li><strong>1 deck de 60 cartes pr\u00eat \u00e0 jouer :<\/strong> un deck parfaitement \u00e9quilibr\u00e9 pour commencer directement.<\/li>\n<li><strong>5 cartes exclusives :<\/strong> d\u00e9couvrez les tr\u00e9sors obscurs qui ne se trouvent que dans ce deck.<\/li>\n<li><strong>1 souverain exclusif :<\/strong> Barabas Ulfaran en tant que carte Foil \u00e9blouissante.<\/li>\n<li><strong>Pions et marqueurs :<\/strong> les accessoires n\u00e9cessaires au bon d\u00e9marrage du jeu sont d\u00e9j\u00e0 inclus.<\/li>\n<\/ul>\n<p>Choisissez le c\u00f4t\u00e9 obscur et dominez vos adversaires par la ruse et la trahison.<\/p>\n","protected":false},"excerpt":{"rendered":"<p>Deck de d\u00e9marrage Bluthelden Origin Barabas Ulfaran Black EN Manipulez le jeu avec le Starter Deck Barabas Ulfaran. En tant<\/p>\n","protected":false},"featured_media":268804,"comment_status":"open","ping_status":"closed","template":"","meta":{"_acf_changed":false},"product_brand":[5186],"product_cat":[9785,10289],"product_tag":[],"class_list":{"0":"post-313037","1":"product","2":"type-product","3":"status-publish","4":"has-post-thumbnail","6":"product_brand-bluthelden","7":"product_cat-autres-cartes-a-collectionner","8":"product_cat-bluthelden","10":"first","11":"outofstock","12":"taxable","13":"shipping-taxable","14":"purchasable","15":"product-type-variable"},"acf":[],"yoast_head":"<!-- This site is optimized with the Yoast SEO plugin v27.4 - https:\/\/yoast.com\/product\/yoast-seo-wordpress\/ -->\n<title>Ach\u00e8te Bluthelden - Black Sovereign - Barabas Ulfaran - Starter Deck - EN<\/title>\n<meta name=\"description\" content=\"Ach\u00e8te Bluthelden - Black Sovereign - Barabas Ulfaran - Starter Deck - EN en ligne maintenant \u00e0 petit prix! Ton #1 shop pour cartes TCG &amp; Pok\u00e9mon en Suisse \u2713 Livraison gratuite d\u00e8s CHF 29\" \/>\n<meta name=\"robots\" content=\"index, follow, max-snippet:-1, max-image-preview:large, max-video-preview:-1\" \/>\n<link rel=\"canonical\" href=\"https:\/\/theuncommonshop.ch\/fr\/product\/bluthelden-black-sovereign-barabas-ulfaran-starter-deck-en-2\/\" \/>\n<meta property=\"og:locale\" content=\"fr_FR\" \/>\n<meta property=\"og:type\" content=\"article\" \/>\n<meta property=\"og:title\" content=\"Ach\u00e8te Bluthelden - Black Sovereign - Barabas Ulfaran - Starter Deck - EN\" \/>\n<meta property=\"og:description\" content=\"Ach\u00e8te Bluthelden - Black Sovereign - Barabas Ulfaran - Starter Deck - EN en ligne maintenant \u00e0 petit prix! Ton #1 shop pour cartes TCG &amp; Pok\u00e9mon en Suisse \u2713 Livraison gratuite d\u00e8s CHF 29\" \/>\n<meta property=\"og:url\" content=\"https:\/\/theuncommonshop.ch\/fr\/product\/bluthelden-black-sovereign-barabas-ulfaran-starter-deck-en-2\/\" \/>\n<meta property=\"og:site_name\" content=\"The Uncommon Shop\" \/>\n<meta property=\"article:modified_time\" content=\"2026-03-08T19:14:58+00:00\" \/>\n<meta property=\"og:image\" content=\"https:\/\/theuncommonshop.ch\/wp-content\/uploads\/2025\/12\/5294813978.webp\" \/>\n\t<meta property=\"og:image:width\" content=\"713\" \/>\n\t<meta property=\"og:image:height\" content=\"713\" \/>\n\t<meta property=\"og:image:type\" content=\"image\/webp\" \/>\n<meta name=\"twitter:card\" content=\"summary_large_image\" \/>\n<meta name=\"twitter:label1\" content=\"Disponibilit\u00e9\" \/>\n\t<meta name=\"twitter:data1\" content=\"Rupture de stock\" \/>\n<script type=\"application\/ld+json\" class=\"yoast-schema-graph\">{\"@context\":\"https:\\\/\\\/schema.org\",\"@graph\":[{\"@type\":\"WebPage\",\"@id\":\"https:\\\/\\\/theuncommonshop.ch\\\/fr\\\/product\\\/bluthelden-black-sovereign-barabas-ulfaran-starter-deck-en-2\\\/\",\"url\":\"https:\\\/\\\/theuncommonshop.ch\\\/fr\\\/product\\\/bluthelden-black-sovereign-barabas-ulfaran-starter-deck-en-2\\\/\",\"name\":\"Ach\u00e8te Bluthelden - Black Sovereign - Barabas Ulfaran - Starter Deck - EN\",\"isPartOf\":{\"@id\":\"https:\\\/\\\/theuncommonshop.ch\\\/fr\\\/#website\"},\"primaryImageOfPage\":{\"@id\":\"https:\\\/\\\/theuncommonshop.ch\\\/fr\\\/product\\\/bluthelden-black-sovereign-barabas-ulfaran-starter-deck-en-2\\\/#primaryimage\"},\"image\":{\"@id\":\"https:\\\/\\\/theuncommonshop.ch\\\/fr\\\/product\\\/bluthelden-black-sovereign-barabas-ulfaran-starter-deck-en-2\\\/#primaryimage\"},\"thumbnailUrl\":\"https:\\\/\\\/theuncommonshop.ch\\\/wp-content\\\/uploads\\\/2025\\\/12\\\/5294813978.webp\",\"datePublished\":\"2025-12-31T02:42:03+00:00\",\"dateModified\":\"2026-03-08T19:14:58+00:00\",\"description\":\"Ach\u00e8te Bluthelden - Black Sovereign - Barabas Ulfaran - Starter Deck - EN en ligne maintenant \u00e0 petit prix! Ton #1 shop pour cartes TCG & Pok\u00e9mon en Suisse \u2713 Livraison gratuite d\u00e8s CHF 29\",\"breadcrumb\":{\"@id\":\"https:\\\/\\\/theuncommonshop.ch\\\/fr\\\/product\\\/bluthelden-black-sovereign-barabas-ulfaran-starter-deck-en-2\\\/#breadcrumb\"},\"inLanguage\":\"fr-FR\",\"potentialAction\":[{\"@type\":\"ReadAction\",\"target\":[\"https:\\\/\\\/theuncommonshop.ch\\\/fr\\\/product\\\/bluthelden-black-sovereign-barabas-ulfaran-starter-deck-en-2\\\/\"]}]},{\"@type\":\"ImageObject\",\"inLanguage\":\"fr-FR\",\"@id\":\"https:\\\/\\\/theuncommonshop.ch\\\/fr\\\/product\\\/bluthelden-black-sovereign-barabas-ulfaran-starter-deck-en-2\\\/#primaryimage\",\"url\":\"https:\\\/\\\/theuncommonshop.ch\\\/wp-content\\\/uploads\\\/2025\\\/12\\\/5294813978.webp\",\"contentUrl\":\"https:\\\/\\\/theuncommonshop.ch\\\/wp-content\\\/uploads\\\/2025\\\/12\\\/5294813978.webp\",\"width\":713,\"height\":713},{\"@type\":\"BreadcrumbList\",\"@id\":\"https:\\\/\\\/theuncommonshop.ch\\\/fr\\\/product\\\/bluthelden-black-sovereign-barabas-ulfaran-starter-deck-en-2\\\/#breadcrumb\",\"itemListElement\":[{\"@type\":\"ListItem\",\"position\":1,\"name\":\"Accueil\",\"item\":\"https:\\\/\\\/theuncommonshop.ch\\\/fr\\\/accueil\\\/\"},{\"@type\":\"ListItem\",\"position\":2,\"name\":\"Boutique\",\"item\":\"https:\\\/\\\/theuncommonshop.ch\\\/fr\\\/boutique\\\/\"},{\"@type\":\"ListItem\",\"position\":3,\"name\":\"Autres cartes \u00e0 collectionner\",\"item\":\"https:\\\/\\\/theuncommonshop.ch\\\/fr\\\/categorie-produit\\\/autres-cartes-a-collectionner\\\/\"},{\"@type\":\"ListItem\",\"position\":4,\"name\":\"Bluthelden\",\"item\":\"https:\\\/\\\/theuncommonshop.ch\\\/fr\\\/categorie-produit\\\/autres-cartes-a-collectionner\\\/bluthelden\\\/\"},{\"@type\":\"ListItem\",\"position\":5,\"name\":\"Bluthelden &#8211; Black Sovereign &#8211; Barabas Ulfaran &#8211; Starter Deck &#8211; EN\"}]},{\"@type\":\"WebSite\",\"@id\":\"https:\\\/\\\/theuncommonshop.ch\\\/fr\\\/#website\",\"url\":\"https:\\\/\\\/theuncommonshop.ch\\\/fr\\\/\",\"name\":\"The Uncommon Shop\",\"description\":\"Magic, Pok\u00e9mon and Yu-gi-oh - The Uncommon Shop\",\"potentialAction\":[{\"@type\":\"SearchAction\",\"target\":{\"@type\":\"EntryPoint\",\"urlTemplate\":\"https:\\\/\\\/theuncommonshop.ch\\\/fr\\\/?s={search_term_string}\"},\"query-input\":{\"@type\":\"PropertyValueSpecification\",\"valueRequired\":true,\"valueName\":\"search_term_string\"}}],\"inLanguage\":\"fr-FR\"}]}<\/script>\n<meta property=\"og:availability\" content=\"out of stock\" \/>\n<meta property=\"product:availability\" content=\"out of stock\" \/>\n<meta property=\"product:retailer_item_id\" content=\"ZU.XIX.E.BlutheldenStarterSchwarzUlfaranEN\" \/>\n<meta property=\"product:condition\" content=\"new\" \/>\n<!-- \/ Yoast SEO plugin. -->","yoast_head_json":{"title":"Ach\u00e8te Bluthelden - Black Sovereign - Barabas Ulfaran - Starter Deck - EN","description":"Ach\u00e8te Bluthelden - Black Sovereign - Barabas Ulfaran - Starter Deck - EN en ligne maintenant \u00e0 petit prix! Ton #1 shop pour cartes TCG & Pok\u00e9mon en Suisse \u2713 Livraison gratuite d\u00e8s CHF 29","robots":{"index":"index","follow":"follow","max-snippet":"max-snippet:-1","max-image-preview":"max-image-preview:large","max-video-preview":"max-video-preview:-1"},"canonical":"https:\/\/theuncommonshop.ch\/fr\/product\/bluthelden-black-sovereign-barabas-ulfaran-starter-deck-en-2\/","og_locale":"fr_FR","og_type":"article","og_title":"Ach\u00e8te Bluthelden - Black Sovereign - Barabas Ulfaran - Starter Deck - EN","og_description":"Ach\u00e8te Bluthelden - Black Sovereign - Barabas Ulfaran - Starter Deck - EN en ligne maintenant \u00e0 petit prix! Ton #1 shop pour cartes TCG & Pok\u00e9mon en Suisse \u2713 Livraison gratuite d\u00e8s CHF 29","og_url":"https:\/\/theuncommonshop.ch\/fr\/product\/bluthelden-black-sovereign-barabas-ulfaran-starter-deck-en-2\/","og_site_name":"The Uncommon Shop","article_modified_time":"2026-03-08T19:14:58+00:00","og_image":[{"width":713,"height":713,"url":"https:\/\/theuncommonshop.ch\/wp-content\/uploads\/2025\/12\/5294813978.webp","type":"image\/webp"}],"twitter_card":"summary_large_image","twitter_misc":{"Disponibilit\u00e9":"Rupture de stock"},"schema":{"@context":"https:\/\/schema.org","@graph":[{"@type":"WebPage","@id":"https:\/\/theuncommonshop.ch\/fr\/product\/bluthelden-black-sovereign-barabas-ulfaran-starter-deck-en-2\/","url":"https:\/\/theuncommonshop.ch\/fr\/product\/bluthelden-black-sovereign-barabas-ulfaran-starter-deck-en-2\/","name":"Ach\u00e8te Bluthelden - Black Sovereign - Barabas Ulfaran - Starter Deck - EN","isPartOf":{"@id":"https:\/\/theuncommonshop.ch\/fr\/#website"},"primaryImageOfPage":{"@id":"https:\/\/theuncommonshop.ch\/fr\/product\/bluthelden-black-sovereign-barabas-ulfaran-starter-deck-en-2\/#primaryimage"},"image":{"@id":"https:\/\/theuncommonshop.ch\/fr\/product\/bluthelden-black-sovereign-barabas-ulfaran-starter-deck-en-2\/#primaryimage"},"thumbnailUrl":"https:\/\/theuncommonshop.ch\/wp-content\/uploads\/2025\/12\/5294813978.webp","datePublished":"2025-12-31T02:42:03+00:00","dateModified":"2026-03-08T19:14:58+00:00","description":"Ach\u00e8te Bluthelden - Black Sovereign - Barabas Ulfaran - Starter Deck - EN en ligne maintenant \u00e0 petit prix! Ton #1 shop pour cartes TCG & Pok\u00e9mon en Suisse \u2713 Livraison gratuite d\u00e8s CHF 29","breadcrumb":{"@id":"https:\/\/theuncommonshop.ch\/fr\/product\/bluthelden-black-sovereign-barabas-ulfaran-starter-deck-en-2\/#breadcrumb"},"inLanguage":"fr-FR","potentialAction":[{"@type":"ReadAction","target":["https:\/\/theuncommonshop.ch\/fr\/product\/bluthelden-black-sovereign-barabas-ulfaran-starter-deck-en-2\/"]}]},{"@type":"ImageObject","inLanguage":"fr-FR","@id":"https:\/\/theuncommonshop.ch\/fr\/product\/bluthelden-black-sovereign-barabas-ulfaran-starter-deck-en-2\/#primaryimage","url":"https:\/\/theuncommonshop.ch\/wp-content\/uploads\/2025\/12\/5294813978.webp","contentUrl":"https:\/\/theuncommonshop.ch\/wp-content\/uploads\/2025\/12\/5294813978.webp","width":713,"height":713},{"@type":"BreadcrumbList","@id":"https:\/\/theuncommonshop.ch\/fr\/product\/bluthelden-black-sovereign-barabas-ulfaran-starter-deck-en-2\/#breadcrumb","itemListElement":[{"@type":"ListItem","position":1,"name":"Accueil","item":"https:\/\/theuncommonshop.ch\/fr\/accueil\/"},{"@type":"ListItem","position":2,"name":"Boutique","item":"https:\/\/theuncommonshop.ch\/fr\/boutique\/"},{"@type":"ListItem","position":3,"name":"Autres cartes \u00e0 collectionner","item":"https:\/\/theuncommonshop.ch\/fr\/categorie-produit\/autres-cartes-a-collectionner\/"},{"@type":"ListItem","position":4,"name":"Bluthelden","item":"https:\/\/theuncommonshop.ch\/fr\/categorie-produit\/autres-cartes-a-collectionner\/bluthelden\/"},{"@type":"ListItem","position":5,"name":"Bluthelden &#8211; Black Sovereign &#8211; Barabas Ulfaran &#8211; Starter Deck &#8211; EN"}]},{"@type":"WebSite","@id":"https:\/\/theuncommonshop.ch\/fr\/#website","url":"https:\/\/theuncommonshop.ch\/fr\/","name":"The Uncommon Shop","description":"Magic, Pok\u00e9mon and Yu-gi-oh - The Uncommon Shop","potentialAction":[{"@type":"SearchAction","target":{"@type":"EntryPoint","urlTemplate":"https:\/\/theuncommonshop.ch\/fr\/?s={search_term_string}"},"query-input":{"@type":"PropertyValueSpecification","valueRequired":true,"valueName":"search_term_string"}}],"inLanguage":"fr-FR"}]},"og_availability":"out of stock","product_availability":"out of stock","product_retailer_item_id":"ZU.XIX.E.BlutheldenStarterSchwarzUlfaranEN","product_condition":"new"},"_links":{"self":[{"href":"https:\/\/theuncommonshop.ch\/fr\/wp-json\/wp\/v2\/product\/313037","targetHints":{"allow":["GET"]}}],"collection":[{"href":"https:\/\/theuncommonshop.ch\/fr\/wp-json\/wp\/v2\/product"}],"about":[{"href":"https:\/\/theuncommonshop.ch\/fr\/wp-json\/wp\/v2\/types\/product"}],"replies":[{"embeddable":true,"href":"https:\/\/theuncommonshop.ch\/fr\/wp-json\/wp\/v2\/comments?post=313037"}],"version-history":[{"count":0,"href":"https:\/\/theuncommonshop.ch\/fr\/wp-json\/wp\/v2\/product\/313037\/revisions"}],"wp:featuredmedia":[{"embeddable":true,"href":"https:\/\/theuncommonshop.ch\/fr\/wp-json\/wp\/v2\/media\/268804"}],"wp:attachment":[{"href":"https:\/\/theuncommonshop.ch\/fr\/wp-json\/wp\/v2\/media?parent=313037"}],"wp:term":[{"taxonomy":"product_brand","embeddable":true,"href":"https:\/\/theuncommonshop.ch\/fr\/wp-json\/wp\/v2\/product_brand?post=313037"},{"taxonomy":"product_cat","embeddable":true,"href":"https:\/\/theuncommonshop.ch\/fr\/wp-json\/wp\/v2\/product_cat?post=313037"},{"taxonomy":"product_tag","embeddable":true,"href":"https:\/\/theuncommonshop.ch\/fr\/wp-json\/wp\/v2\/product_tag?post=313037"}],"curies":[{"name":"wp","href":"https:\/\/api.w.org\/{rel}","templated":true}]}}