{"id":313025,"date":"2025-12-31T02:41:48","date_gmt":"2025-12-31T02:41:48","guid":{"rendered":"http:\/\/theuncommonshop.ch\/produkt\/313025\/"},"modified":"2026-03-31T20:19:13","modified_gmt":"2026-03-31T18:19:13","slug":"bluthelden-origin-1st-edition-booster-display-en-2","status":"publish","type":"product","link":"https:\/\/theuncommonshop.ch\/fr\/product\/bluthelden-origin-1st-edition-booster-display-en-2\/","title":{"rendered":"Bluthelden &#8211; Origin 1st. Edition &#8211; Booster Display"},"content":{"rendered":"<h2>Bluthelden Origin Booster Display EN<\/h2>\n<p>Le pack <strong>Bluthelden : Origin Booster Display<\/strong> est le pack d&#8217;introduction parfait pour tous ceux qui souhaitent s&#8217;immerger dans le monde mythique de Leros. Ce pr\u00e9sentoir n&#8217;est pas seulement une vaste source de nouvelles cartes, c&#8217;est aussi une chance d&#8217;obtenir des objets rares \u00e0 collectionner qui laisseront vos adversaires bouche b\u00e9e. <\/p>\n<h3><strong>Contenu du pr\u00e9sentoir :<\/strong><\/h3>\n<ul>\n<li><strong>33 Booster Packs par pr\u00e9sentoir :<\/strong> vivez l&#8217;excitation de l&#8217;ouverture de 30 Booster Packs standard et de 3 Play-Booster Packs suppl\u00e9mentaires.<\/li>\n<li><strong>15 cartes par Booster Pack standard :<\/strong> chaque Pack est soigneusement compos\u00e9 pour vous offrir un m\u00e9lange \u00e9quilibr\u00e9 de raret\u00e9s :<\/li>\n<li>1 x Fabulous (plus rare que rare !)<\/li>\n<li>3 x L\u00e9gendaire\/Mythique<\/li>\n<li>4 x Famous<\/li>\n<li>6 x Well-Known<\/li>\n<li>1 x r\u00e8gle\/jeton<\/li>\n<li><strong>18 cartes par Booster de jeu :<\/strong> Les 3 Boosters de jeu sont parfaits pour commencer \u00e0 jouer directement ou pour \u00e9largir votre collection de mani\u00e8re cibl\u00e9e.<\/li>\n<\/ul>\n<h3><strong>Des points forts particuliers pour les collectionneurs :<\/strong><\/h3>\n<p>Dans l&#8217;\u00e9dition &#8220;Origins&#8221;, outre les quatre principaux niveaux de raret\u00e9 &#8220;Known&#8221;, &#8220;Noted&#8221;, &#8220;Legendary&#8221; et &#8220;Fabulous&#8221;, vous trouverez des cartes extr\u00eamement rares et uniques qui feront le bonheur des collectionneurs :<\/p>\n<ul>\n<li><strong>Les cartes Mythic Foil :<\/strong> Cherchez ces cartes particuli\u00e8rement brillantes, que vous trouverez dans environ un Booster Pack sur dix.<\/li>\n<li><strong>Cartes 1\/1 num\u00e9rot\u00e9es en s\u00e9rie :<\/strong> Dans un cas (4 pr\u00e9sentoirs), il y a une tr\u00e8s forte probabilit\u00e9 de tirer une de ces cartes num\u00e9rot\u00e9es uniques au monde.<\/li>\n<\/ul>\n<p>Avec un total de 270 cartes diff\u00e9rentes dans l&#8217;\u00e9dition &#8220;Origin&#8221;, y compris des artworks et des designs uniques, chaque \u00e9cran est une aventure. Procurez-vous d\u00e8s maintenant le <strong>Bluthelden : Origin Booster Display<\/strong> et pr\u00e9parez-vous \u00e0 des duels \u00e9piques ! <\/p>\n","protected":false},"excerpt":{"rendered":"<p>Bluthelden Origin Booster Display EN Le pack Bluthelden : Origin Booster Display est le pack d&#8217;introduction parfait pour tous ceux<\/p>\n","protected":false},"featured_media":268797,"comment_status":"open","ping_status":"closed","template":"","meta":{"_acf_changed":false},"product_brand":[5186],"product_cat":[9785,10289],"product_tag":[],"class_list":{"0":"post-313025","1":"product","2":"type-product","3":"status-publish","4":"has-post-thumbnail","6":"product_brand-bluthelden","7":"product_cat-autres-cartes-a-collectionner","8":"product_cat-bluthelden","10":"first","11":"instock","12":"taxable","13":"shipping-taxable","14":"purchasable","15":"product-type-variable"},"acf":[],"yoast_head":"<!-- This site is optimized with the Yoast SEO plugin v27.5 - https:\/\/yoast.com\/product\/yoast-seo-wordpress\/ -->\n<title>Ach\u00e8te Bluthelden - Origin 1st. Edition - Booster Display<\/title>\n<meta name=\"description\" content=\"Ach\u00e8te Bluthelden - Origin 1st. Edition - Booster Display en ligne maintenant \u00e0 petit prix! Ton #1 shop pour cartes TCG &amp; Pok\u00e9mon en Suisse \u2713 Livraison gratuite d\u00e8s CHF 29\" \/>\n<meta name=\"robots\" content=\"index, follow, max-snippet:-1, max-image-preview:large, max-video-preview:-1\" \/>\n<link rel=\"canonical\" href=\"https:\/\/theuncommonshop.ch\/fr\/product\/bluthelden-origin-1st-edition-booster-display-en-2\/\" \/>\n<meta property=\"og:locale\" content=\"fr_FR\" \/>\n<meta property=\"og:type\" content=\"article\" \/>\n<meta property=\"og:title\" content=\"Ach\u00e8te Bluthelden - Origin 1st. Edition - Booster Display\" \/>\n<meta property=\"og:description\" content=\"Ach\u00e8te Bluthelden - Origin 1st. Edition - Booster Display en ligne maintenant \u00e0 petit prix! Ton #1 shop pour cartes TCG &amp; Pok\u00e9mon en Suisse \u2713 Livraison gratuite d\u00e8s CHF 29\" \/>\n<meta property=\"og:url\" content=\"https:\/\/theuncommonshop.ch\/fr\/product\/bluthelden-origin-1st-edition-booster-display-en-2\/\" \/>\n<meta property=\"og:site_name\" content=\"The Uncommon Shop\" \/>\n<meta property=\"article:modified_time\" content=\"2026-03-31T18:19:13+00:00\" \/>\n<meta property=\"og:image\" content=\"https:\/\/theuncommonshop.ch\/wp-content\/uploads\/2025\/12\/5294921706.webp\" \/>\n\t<meta property=\"og:image:width\" content=\"713\" \/>\n\t<meta property=\"og:image:height\" content=\"713\" \/>\n\t<meta property=\"og:image:type\" content=\"image\/webp\" \/>\n<meta name=\"twitter:card\" content=\"summary_large_image\" \/>\n<meta name=\"twitter:label1\" content=\"Disponibilit\u00e9\" \/>\n\t<meta name=\"twitter:data1\" content=\"En stock\" \/>\n<script type=\"application\/ld+json\" class=\"yoast-schema-graph\">{\"@context\":\"https:\\\/\\\/schema.org\",\"@graph\":[{\"@type\":\"WebPage\",\"@id\":\"https:\\\/\\\/theuncommonshop.ch\\\/fr\\\/product\\\/bluthelden-origin-1st-edition-booster-display-en-2\\\/\",\"url\":\"https:\\\/\\\/theuncommonshop.ch\\\/fr\\\/product\\\/bluthelden-origin-1st-edition-booster-display-en-2\\\/\",\"name\":\"Ach\u00e8te Bluthelden - Origin 1st. Edition - Booster Display\",\"isPartOf\":{\"@id\":\"https:\\\/\\\/theuncommonshop.ch\\\/fr\\\/#website\"},\"primaryImageOfPage\":{\"@id\":\"https:\\\/\\\/theuncommonshop.ch\\\/fr\\\/product\\\/bluthelden-origin-1st-edition-booster-display-en-2\\\/#primaryimage\"},\"image\":{\"@id\":\"https:\\\/\\\/theuncommonshop.ch\\\/fr\\\/product\\\/bluthelden-origin-1st-edition-booster-display-en-2\\\/#primaryimage\"},\"thumbnailUrl\":\"https:\\\/\\\/theuncommonshop.ch\\\/wp-content\\\/uploads\\\/2025\\\/12\\\/5294921706.webp\",\"datePublished\":\"2025-12-31T02:41:48+00:00\",\"dateModified\":\"2026-03-31T18:19:13+00:00\",\"description\":\"Ach\u00e8te Bluthelden - Origin 1st. Edition - Booster Display en ligne maintenant \u00e0 petit prix! Ton #1 shop pour cartes TCG & Pok\u00e9mon en Suisse \u2713 Livraison gratuite d\u00e8s CHF 29\",\"breadcrumb\":{\"@id\":\"https:\\\/\\\/theuncommonshop.ch\\\/fr\\\/product\\\/bluthelden-origin-1st-edition-booster-display-en-2\\\/#breadcrumb\"},\"inLanguage\":\"fr-FR\",\"potentialAction\":[{\"@type\":\"ReadAction\",\"target\":[\"https:\\\/\\\/theuncommonshop.ch\\\/fr\\\/product\\\/bluthelden-origin-1st-edition-booster-display-en-2\\\/\"]}]},{\"@type\":\"ImageObject\",\"inLanguage\":\"fr-FR\",\"@id\":\"https:\\\/\\\/theuncommonshop.ch\\\/fr\\\/product\\\/bluthelden-origin-1st-edition-booster-display-en-2\\\/#primaryimage\",\"url\":\"https:\\\/\\\/theuncommonshop.ch\\\/wp-content\\\/uploads\\\/2025\\\/12\\\/5294921706.webp\",\"contentUrl\":\"https:\\\/\\\/theuncommonshop.ch\\\/wp-content\\\/uploads\\\/2025\\\/12\\\/5294921706.webp\",\"width\":713,\"height\":713},{\"@type\":\"BreadcrumbList\",\"@id\":\"https:\\\/\\\/theuncommonshop.ch\\\/fr\\\/product\\\/bluthelden-origin-1st-edition-booster-display-en-2\\\/#breadcrumb\",\"itemListElement\":[{\"@type\":\"ListItem\",\"position\":1,\"name\":\"Accueil\",\"item\":\"https:\\\/\\\/theuncommonshop.ch\\\/fr\\\/accueil\\\/\"},{\"@type\":\"ListItem\",\"position\":2,\"name\":\"Boutique\",\"item\":\"https:\\\/\\\/theuncommonshop.ch\\\/fr\\\/boutique\\\/\"},{\"@type\":\"ListItem\",\"position\":3,\"name\":\"Autres cartes \u00e0 collectionner\",\"item\":\"https:\\\/\\\/theuncommonshop.ch\\\/fr\\\/categorie-produit\\\/autres-cartes-a-collectionner\\\/\"},{\"@type\":\"ListItem\",\"position\":4,\"name\":\"Bluthelden\",\"item\":\"https:\\\/\\\/theuncommonshop.ch\\\/fr\\\/categorie-produit\\\/autres-cartes-a-collectionner\\\/bluthelden\\\/\"},{\"@type\":\"ListItem\",\"position\":5,\"name\":\"Bluthelden &#8211; Origin 1st. Edition &#8211; Booster Display\"}]},{\"@type\":\"WebSite\",\"@id\":\"https:\\\/\\\/theuncommonshop.ch\\\/fr\\\/#website\",\"url\":\"https:\\\/\\\/theuncommonshop.ch\\\/fr\\\/\",\"name\":\"The Uncommon Shop\",\"description\":\"Magic, Pok\u00e9mon and Yu-gi-oh - The Uncommon Shop\",\"potentialAction\":[{\"@type\":\"SearchAction\",\"target\":{\"@type\":\"EntryPoint\",\"urlTemplate\":\"https:\\\/\\\/theuncommonshop.ch\\\/fr\\\/?s={search_term_string}\"},\"query-input\":{\"@type\":\"PropertyValueSpecification\",\"valueRequired\":true,\"valueName\":\"search_term_string\"}}],\"inLanguage\":\"fr-FR\"}]}<\/script>\n<meta property=\"og:availability\" content=\"instock\" \/>\n<meta property=\"product:availability\" content=\"instock\" \/>\n<meta property=\"product:retailer_item_id\" content=\"ZU.XIX.E.BlutheldenOrigins1stEdDisplayEN\" \/>\n<meta property=\"product:condition\" content=\"new\" \/>\n<!-- \/ Yoast SEO plugin. -->","yoast_head_json":{"title":"Ach\u00e8te Bluthelden - Origin 1st. Edition - Booster Display","description":"Ach\u00e8te Bluthelden - Origin 1st. Edition - Booster Display en ligne maintenant \u00e0 petit prix! Ton #1 shop pour cartes TCG & Pok\u00e9mon en Suisse \u2713 Livraison gratuite d\u00e8s CHF 29","robots":{"index":"index","follow":"follow","max-snippet":"max-snippet:-1","max-image-preview":"max-image-preview:large","max-video-preview":"max-video-preview:-1"},"canonical":"https:\/\/theuncommonshop.ch\/fr\/product\/bluthelden-origin-1st-edition-booster-display-en-2\/","og_locale":"fr_FR","og_type":"article","og_title":"Ach\u00e8te Bluthelden - Origin 1st. Edition - Booster Display","og_description":"Ach\u00e8te Bluthelden - Origin 1st. Edition - Booster Display en ligne maintenant \u00e0 petit prix! Ton #1 shop pour cartes TCG & Pok\u00e9mon en Suisse \u2713 Livraison gratuite d\u00e8s CHF 29","og_url":"https:\/\/theuncommonshop.ch\/fr\/product\/bluthelden-origin-1st-edition-booster-display-en-2\/","og_site_name":"The Uncommon Shop","article_modified_time":"2026-03-31T18:19:13+00:00","og_image":[{"width":713,"height":713,"url":"https:\/\/theuncommonshop.ch\/wp-content\/uploads\/2025\/12\/5294921706.webp","type":"image\/webp"}],"twitter_card":"summary_large_image","twitter_misc":{"Disponibilit\u00e9":"En stock"},"schema":{"@context":"https:\/\/schema.org","@graph":[{"@type":"WebPage","@id":"https:\/\/theuncommonshop.ch\/fr\/product\/bluthelden-origin-1st-edition-booster-display-en-2\/","url":"https:\/\/theuncommonshop.ch\/fr\/product\/bluthelden-origin-1st-edition-booster-display-en-2\/","name":"Ach\u00e8te Bluthelden - Origin 1st. Edition - Booster Display","isPartOf":{"@id":"https:\/\/theuncommonshop.ch\/fr\/#website"},"primaryImageOfPage":{"@id":"https:\/\/theuncommonshop.ch\/fr\/product\/bluthelden-origin-1st-edition-booster-display-en-2\/#primaryimage"},"image":{"@id":"https:\/\/theuncommonshop.ch\/fr\/product\/bluthelden-origin-1st-edition-booster-display-en-2\/#primaryimage"},"thumbnailUrl":"https:\/\/theuncommonshop.ch\/wp-content\/uploads\/2025\/12\/5294921706.webp","datePublished":"2025-12-31T02:41:48+00:00","dateModified":"2026-03-31T18:19:13+00:00","description":"Ach\u00e8te Bluthelden - Origin 1st. Edition - Booster Display en ligne maintenant \u00e0 petit prix! Ton #1 shop pour cartes TCG & Pok\u00e9mon en Suisse \u2713 Livraison gratuite d\u00e8s CHF 29","breadcrumb":{"@id":"https:\/\/theuncommonshop.ch\/fr\/product\/bluthelden-origin-1st-edition-booster-display-en-2\/#breadcrumb"},"inLanguage":"fr-FR","potentialAction":[{"@type":"ReadAction","target":["https:\/\/theuncommonshop.ch\/fr\/product\/bluthelden-origin-1st-edition-booster-display-en-2\/"]}]},{"@type":"ImageObject","inLanguage":"fr-FR","@id":"https:\/\/theuncommonshop.ch\/fr\/product\/bluthelden-origin-1st-edition-booster-display-en-2\/#primaryimage","url":"https:\/\/theuncommonshop.ch\/wp-content\/uploads\/2025\/12\/5294921706.webp","contentUrl":"https:\/\/theuncommonshop.ch\/wp-content\/uploads\/2025\/12\/5294921706.webp","width":713,"height":713},{"@type":"BreadcrumbList","@id":"https:\/\/theuncommonshop.ch\/fr\/product\/bluthelden-origin-1st-edition-booster-display-en-2\/#breadcrumb","itemListElement":[{"@type":"ListItem","position":1,"name":"Accueil","item":"https:\/\/theuncommonshop.ch\/fr\/accueil\/"},{"@type":"ListItem","position":2,"name":"Boutique","item":"https:\/\/theuncommonshop.ch\/fr\/boutique\/"},{"@type":"ListItem","position":3,"name":"Autres cartes \u00e0 collectionner","item":"https:\/\/theuncommonshop.ch\/fr\/categorie-produit\/autres-cartes-a-collectionner\/"},{"@type":"ListItem","position":4,"name":"Bluthelden","item":"https:\/\/theuncommonshop.ch\/fr\/categorie-produit\/autres-cartes-a-collectionner\/bluthelden\/"},{"@type":"ListItem","position":5,"name":"Bluthelden &#8211; Origin 1st. Edition &#8211; Booster Display"}]},{"@type":"WebSite","@id":"https:\/\/theuncommonshop.ch\/fr\/#website","url":"https:\/\/theuncommonshop.ch\/fr\/","name":"The Uncommon Shop","description":"Magic, Pok\u00e9mon and Yu-gi-oh - The Uncommon Shop","potentialAction":[{"@type":"SearchAction","target":{"@type":"EntryPoint","urlTemplate":"https:\/\/theuncommonshop.ch\/fr\/?s={search_term_string}"},"query-input":{"@type":"PropertyValueSpecification","valueRequired":true,"valueName":"search_term_string"}}],"inLanguage":"fr-FR"}]},"og_availability":"instock","product_availability":"instock","product_retailer_item_id":"ZU.XIX.E.BlutheldenOrigins1stEdDisplayEN","product_condition":"new"},"_links":{"self":[{"href":"https:\/\/theuncommonshop.ch\/fr\/wp-json\/wp\/v2\/product\/313025","targetHints":{"allow":["GET"]}}],"collection":[{"href":"https:\/\/theuncommonshop.ch\/fr\/wp-json\/wp\/v2\/product"}],"about":[{"href":"https:\/\/theuncommonshop.ch\/fr\/wp-json\/wp\/v2\/types\/product"}],"replies":[{"embeddable":true,"href":"https:\/\/theuncommonshop.ch\/fr\/wp-json\/wp\/v2\/comments?post=313025"}],"version-history":[{"count":0,"href":"https:\/\/theuncommonshop.ch\/fr\/wp-json\/wp\/v2\/product\/313025\/revisions"}],"wp:featuredmedia":[{"embeddable":true,"href":"https:\/\/theuncommonshop.ch\/fr\/wp-json\/wp\/v2\/media\/268797"}],"wp:attachment":[{"href":"https:\/\/theuncommonshop.ch\/fr\/wp-json\/wp\/v2\/media?parent=313025"}],"wp:term":[{"taxonomy":"product_brand","embeddable":true,"href":"https:\/\/theuncommonshop.ch\/fr\/wp-json\/wp\/v2\/product_brand?post=313025"},{"taxonomy":"product_cat","embeddable":true,"href":"https:\/\/theuncommonshop.ch\/fr\/wp-json\/wp\/v2\/product_cat?post=313025"},{"taxonomy":"product_tag","embeddable":true,"href":"https:\/\/theuncommonshop.ch\/fr\/wp-json\/wp\/v2\/product_tag?post=313025"}],"curies":[{"name":"wp","href":"https:\/\/api.w.org\/{rel}","templated":true}]}}