{"id":313021,"date":"2025-12-31T02:41:04","date_gmt":"2025-12-31T02:41:04","guid":{"rendered":"http:\/\/theuncommonshop.ch\/produkt\/313021\/"},"modified":"2026-03-08T20:14:52","modified_gmt":"2026-03-08T19:14:52","slug":"bluthelden-green-sovereign-king-loemeling-starter-deck-en-3","status":"publish","type":"product","link":"https:\/\/theuncommonshop.ch\/fr\/product\/bluthelden-green-sovereign-king-loemeling-starter-deck-en-3\/","title":{"rendered":"Bluthelden &#8211; Green Sovereign &#8211; King Loemeling &#8211; Starter Deck &#8211; EN"},"content":{"rendered":"<p>Lib\u00e9rez la puissance indomptable de la nature avec le <strong>Starter Deck King Lomeling<\/strong>. Prenez la t\u00eate de la faction verte et submergez vos adversaires avec d&#8217;\u00e9normes cr\u00e9atures et une production rapide de mana. King Lomeling est le bon choix pour les joueurs qui misent sur la puissance pure et les attaques explosives pour remporter la victoire.  <\/p>\n<h3><strong>Contenu :<\/strong><\/h3>\n<ul>\n<li><strong>1 deck de 60 cartes pr\u00eat \u00e0 jouer :<\/strong> jouable imm\u00e9diatement et pr\u00eat pour votre premi\u00e8re bataille.<\/li>\n<li><strong>5 cartes exclusives :<\/strong> continuez \u00e0 enrichir votre collection avec les cartes uniques de ce deck.<\/li>\n<li><strong>1 souverain exclusif :<\/strong> King Lomeling en tant que carte Foil \u00e9blouissante.<\/li>\n<li><strong>Pions et marqueurs :<\/strong> tous les ustensiles n\u00e9cessaires pour commencer \u00e0 jouer imm\u00e9diatement sont inclus.<\/li>\n<\/ul>\n<p>Si vous voulez \u00e9craser vos adversaires avec la force brute, ce deck est le choix id\u00e9al pour vous.<\/p>\n","protected":false},"excerpt":{"rendered":"<p>Lib\u00e9rez la puissance indomptable de la nature avec le Starter Deck King Lomeling. Prenez la t\u00eate de la faction verte<\/p>\n","protected":false},"featured_media":268776,"comment_status":"open","ping_status":"closed","template":"","meta":{"_acf_changed":false},"product_brand":[5186],"product_cat":[9785,10289],"product_tag":[],"class_list":{"0":"post-313021","1":"product","2":"type-product","3":"status-publish","4":"has-post-thumbnail","6":"product_brand-bluthelden","7":"product_cat-autres-cartes-a-collectionner","8":"product_cat-bluthelden","10":"first","11":"outofstock","12":"taxable","13":"shipping-taxable","14":"purchasable","15":"product-type-variable"},"acf":[],"yoast_head":"<!-- This site is optimized with the Yoast SEO plugin v27.4 - https:\/\/yoast.com\/product\/yoast-seo-wordpress\/ -->\n<title>Ach\u00e8te Bluthelden - Green Sovereign - King Loemeling - Starter Deck - EN<\/title>\n<meta name=\"description\" content=\"Ach\u00e8te Bluthelden - Green Sovereign - King Loemeling - Starter Deck - EN en ligne maintenant \u00e0 petit prix! Ton #1 shop pour cartes TCG &amp; Pok\u00e9mon en Suisse \u2713 Livraison gratuite d\u00e8s CHF 29\" \/>\n<meta name=\"robots\" content=\"index, follow, max-snippet:-1, max-image-preview:large, max-video-preview:-1\" \/>\n<link rel=\"canonical\" href=\"https:\/\/theuncommonshop.ch\/fr\/product\/bluthelden-green-sovereign-king-loemeling-starter-deck-en-3\/\" \/>\n<meta property=\"og:locale\" content=\"fr_FR\" \/>\n<meta property=\"og:type\" content=\"article\" \/>\n<meta property=\"og:title\" content=\"Ach\u00e8te Bluthelden - Green Sovereign - King Loemeling - Starter Deck - EN\" \/>\n<meta property=\"og:description\" content=\"Ach\u00e8te Bluthelden - Green Sovereign - King Loemeling - Starter Deck - EN en ligne maintenant \u00e0 petit prix! Ton #1 shop pour cartes TCG &amp; Pok\u00e9mon en Suisse \u2713 Livraison gratuite d\u00e8s CHF 29\" \/>\n<meta property=\"og:url\" content=\"https:\/\/theuncommonshop.ch\/fr\/product\/bluthelden-green-sovereign-king-loemeling-starter-deck-en-3\/\" \/>\n<meta property=\"og:site_name\" content=\"The Uncommon Shop\" \/>\n<meta property=\"article:modified_time\" content=\"2026-03-08T19:14:52+00:00\" \/>\n<meta property=\"og:image\" content=\"https:\/\/theuncommonshop.ch\/wp-content\/uploads\/2025\/12\/5294656218.webp\" \/>\n\t<meta property=\"og:image:width\" content=\"713\" \/>\n\t<meta property=\"og:image:height\" content=\"713\" \/>\n\t<meta property=\"og:image:type\" content=\"image\/webp\" \/>\n<meta name=\"twitter:card\" content=\"summary_large_image\" \/>\n<meta name=\"twitter:label1\" content=\"Disponibilit\u00e9\" \/>\n\t<meta name=\"twitter:data1\" content=\"Rupture de stock\" \/>\n<script type=\"application\/ld+json\" class=\"yoast-schema-graph\">{\"@context\":\"https:\\\/\\\/schema.org\",\"@graph\":[{\"@type\":\"WebPage\",\"@id\":\"https:\\\/\\\/theuncommonshop.ch\\\/fr\\\/product\\\/bluthelden-green-sovereign-king-loemeling-starter-deck-en-3\\\/\",\"url\":\"https:\\\/\\\/theuncommonshop.ch\\\/fr\\\/product\\\/bluthelden-green-sovereign-king-loemeling-starter-deck-en-3\\\/\",\"name\":\"Ach\u00e8te Bluthelden - Green Sovereign - King Loemeling - Starter Deck - EN\",\"isPartOf\":{\"@id\":\"https:\\\/\\\/theuncommonshop.ch\\\/fr\\\/#website\"},\"primaryImageOfPage\":{\"@id\":\"https:\\\/\\\/theuncommonshop.ch\\\/fr\\\/product\\\/bluthelden-green-sovereign-king-loemeling-starter-deck-en-3\\\/#primaryimage\"},\"image\":{\"@id\":\"https:\\\/\\\/theuncommonshop.ch\\\/fr\\\/product\\\/bluthelden-green-sovereign-king-loemeling-starter-deck-en-3\\\/#primaryimage\"},\"thumbnailUrl\":\"https:\\\/\\\/theuncommonshop.ch\\\/wp-content\\\/uploads\\\/2025\\\/12\\\/5294656218.webp\",\"datePublished\":\"2025-12-31T02:41:04+00:00\",\"dateModified\":\"2026-03-08T19:14:52+00:00\",\"description\":\"Ach\u00e8te Bluthelden - Green Sovereign - King Loemeling - Starter Deck - EN en ligne maintenant \u00e0 petit prix! Ton #1 shop pour cartes TCG & Pok\u00e9mon en Suisse \u2713 Livraison gratuite d\u00e8s CHF 29\",\"breadcrumb\":{\"@id\":\"https:\\\/\\\/theuncommonshop.ch\\\/fr\\\/product\\\/bluthelden-green-sovereign-king-loemeling-starter-deck-en-3\\\/#breadcrumb\"},\"inLanguage\":\"fr-FR\",\"potentialAction\":[{\"@type\":\"ReadAction\",\"target\":[\"https:\\\/\\\/theuncommonshop.ch\\\/fr\\\/product\\\/bluthelden-green-sovereign-king-loemeling-starter-deck-en-3\\\/\"]}]},{\"@type\":\"ImageObject\",\"inLanguage\":\"fr-FR\",\"@id\":\"https:\\\/\\\/theuncommonshop.ch\\\/fr\\\/product\\\/bluthelden-green-sovereign-king-loemeling-starter-deck-en-3\\\/#primaryimage\",\"url\":\"https:\\\/\\\/theuncommonshop.ch\\\/wp-content\\\/uploads\\\/2025\\\/12\\\/5294656218.webp\",\"contentUrl\":\"https:\\\/\\\/theuncommonshop.ch\\\/wp-content\\\/uploads\\\/2025\\\/12\\\/5294656218.webp\",\"width\":713,\"height\":713},{\"@type\":\"BreadcrumbList\",\"@id\":\"https:\\\/\\\/theuncommonshop.ch\\\/fr\\\/product\\\/bluthelden-green-sovereign-king-loemeling-starter-deck-en-3\\\/#breadcrumb\",\"itemListElement\":[{\"@type\":\"ListItem\",\"position\":1,\"name\":\"Accueil\",\"item\":\"https:\\\/\\\/theuncommonshop.ch\\\/fr\\\/accueil\\\/\"},{\"@type\":\"ListItem\",\"position\":2,\"name\":\"Boutique\",\"item\":\"https:\\\/\\\/theuncommonshop.ch\\\/fr\\\/boutique\\\/\"},{\"@type\":\"ListItem\",\"position\":3,\"name\":\"Autres cartes \u00e0 collectionner\",\"item\":\"https:\\\/\\\/theuncommonshop.ch\\\/fr\\\/categorie-produit\\\/autres-cartes-a-collectionner\\\/\"},{\"@type\":\"ListItem\",\"position\":4,\"name\":\"Bluthelden\",\"item\":\"https:\\\/\\\/theuncommonshop.ch\\\/fr\\\/categorie-produit\\\/autres-cartes-a-collectionner\\\/bluthelden\\\/\"},{\"@type\":\"ListItem\",\"position\":5,\"name\":\"Bluthelden &#8211; Green Sovereign &#8211; King Loemeling &#8211; Starter Deck &#8211; EN\"}]},{\"@type\":\"WebSite\",\"@id\":\"https:\\\/\\\/theuncommonshop.ch\\\/fr\\\/#website\",\"url\":\"https:\\\/\\\/theuncommonshop.ch\\\/fr\\\/\",\"name\":\"The Uncommon Shop\",\"description\":\"Magic, Pok\u00e9mon and Yu-gi-oh - The Uncommon Shop\",\"potentialAction\":[{\"@type\":\"SearchAction\",\"target\":{\"@type\":\"EntryPoint\",\"urlTemplate\":\"https:\\\/\\\/theuncommonshop.ch\\\/fr\\\/?s={search_term_string}\"},\"query-input\":{\"@type\":\"PropertyValueSpecification\",\"valueRequired\":true,\"valueName\":\"search_term_string\"}}],\"inLanguage\":\"fr-FR\"}]}<\/script>\n<meta property=\"og:availability\" content=\"out of stock\" \/>\n<meta property=\"product:availability\" content=\"out of stock\" \/>\n<meta property=\"product:retailer_item_id\" content=\"ZU.XIX.E.BlutheldenStarterGr\u00fcnLoemelingEN\" \/>\n<meta property=\"product:condition\" content=\"new\" \/>\n<!-- \/ Yoast SEO plugin. -->","yoast_head_json":{"title":"Ach\u00e8te Bluthelden - Green Sovereign - King Loemeling - Starter Deck - EN","description":"Ach\u00e8te Bluthelden - Green Sovereign - King Loemeling - Starter Deck - EN en ligne maintenant \u00e0 petit prix! Ton #1 shop pour cartes TCG & Pok\u00e9mon en Suisse \u2713 Livraison gratuite d\u00e8s CHF 29","robots":{"index":"index","follow":"follow","max-snippet":"max-snippet:-1","max-image-preview":"max-image-preview:large","max-video-preview":"max-video-preview:-1"},"canonical":"https:\/\/theuncommonshop.ch\/fr\/product\/bluthelden-green-sovereign-king-loemeling-starter-deck-en-3\/","og_locale":"fr_FR","og_type":"article","og_title":"Ach\u00e8te Bluthelden - Green Sovereign - King Loemeling - Starter Deck - EN","og_description":"Ach\u00e8te Bluthelden - Green Sovereign - King Loemeling - Starter Deck - EN en ligne maintenant \u00e0 petit prix! Ton #1 shop pour cartes TCG & Pok\u00e9mon en Suisse \u2713 Livraison gratuite d\u00e8s CHF 29","og_url":"https:\/\/theuncommonshop.ch\/fr\/product\/bluthelden-green-sovereign-king-loemeling-starter-deck-en-3\/","og_site_name":"The Uncommon Shop","article_modified_time":"2026-03-08T19:14:52+00:00","og_image":[{"width":713,"height":713,"url":"https:\/\/theuncommonshop.ch\/wp-content\/uploads\/2025\/12\/5294656218.webp","type":"image\/webp"}],"twitter_card":"summary_large_image","twitter_misc":{"Disponibilit\u00e9":"Rupture de stock"},"schema":{"@context":"https:\/\/schema.org","@graph":[{"@type":"WebPage","@id":"https:\/\/theuncommonshop.ch\/fr\/product\/bluthelden-green-sovereign-king-loemeling-starter-deck-en-3\/","url":"https:\/\/theuncommonshop.ch\/fr\/product\/bluthelden-green-sovereign-king-loemeling-starter-deck-en-3\/","name":"Ach\u00e8te Bluthelden - Green Sovereign - King Loemeling - Starter Deck - EN","isPartOf":{"@id":"https:\/\/theuncommonshop.ch\/fr\/#website"},"primaryImageOfPage":{"@id":"https:\/\/theuncommonshop.ch\/fr\/product\/bluthelden-green-sovereign-king-loemeling-starter-deck-en-3\/#primaryimage"},"image":{"@id":"https:\/\/theuncommonshop.ch\/fr\/product\/bluthelden-green-sovereign-king-loemeling-starter-deck-en-3\/#primaryimage"},"thumbnailUrl":"https:\/\/theuncommonshop.ch\/wp-content\/uploads\/2025\/12\/5294656218.webp","datePublished":"2025-12-31T02:41:04+00:00","dateModified":"2026-03-08T19:14:52+00:00","description":"Ach\u00e8te Bluthelden - Green Sovereign - King Loemeling - Starter Deck - EN en ligne maintenant \u00e0 petit prix! Ton #1 shop pour cartes TCG & Pok\u00e9mon en Suisse \u2713 Livraison gratuite d\u00e8s CHF 29","breadcrumb":{"@id":"https:\/\/theuncommonshop.ch\/fr\/product\/bluthelden-green-sovereign-king-loemeling-starter-deck-en-3\/#breadcrumb"},"inLanguage":"fr-FR","potentialAction":[{"@type":"ReadAction","target":["https:\/\/theuncommonshop.ch\/fr\/product\/bluthelden-green-sovereign-king-loemeling-starter-deck-en-3\/"]}]},{"@type":"ImageObject","inLanguage":"fr-FR","@id":"https:\/\/theuncommonshop.ch\/fr\/product\/bluthelden-green-sovereign-king-loemeling-starter-deck-en-3\/#primaryimage","url":"https:\/\/theuncommonshop.ch\/wp-content\/uploads\/2025\/12\/5294656218.webp","contentUrl":"https:\/\/theuncommonshop.ch\/wp-content\/uploads\/2025\/12\/5294656218.webp","width":713,"height":713},{"@type":"BreadcrumbList","@id":"https:\/\/theuncommonshop.ch\/fr\/product\/bluthelden-green-sovereign-king-loemeling-starter-deck-en-3\/#breadcrumb","itemListElement":[{"@type":"ListItem","position":1,"name":"Accueil","item":"https:\/\/theuncommonshop.ch\/fr\/accueil\/"},{"@type":"ListItem","position":2,"name":"Boutique","item":"https:\/\/theuncommonshop.ch\/fr\/boutique\/"},{"@type":"ListItem","position":3,"name":"Autres cartes \u00e0 collectionner","item":"https:\/\/theuncommonshop.ch\/fr\/categorie-produit\/autres-cartes-a-collectionner\/"},{"@type":"ListItem","position":4,"name":"Bluthelden","item":"https:\/\/theuncommonshop.ch\/fr\/categorie-produit\/autres-cartes-a-collectionner\/bluthelden\/"},{"@type":"ListItem","position":5,"name":"Bluthelden &#8211; Green Sovereign &#8211; King Loemeling &#8211; Starter Deck &#8211; EN"}]},{"@type":"WebSite","@id":"https:\/\/theuncommonshop.ch\/fr\/#website","url":"https:\/\/theuncommonshop.ch\/fr\/","name":"The Uncommon Shop","description":"Magic, Pok\u00e9mon and Yu-gi-oh - The Uncommon Shop","potentialAction":[{"@type":"SearchAction","target":{"@type":"EntryPoint","urlTemplate":"https:\/\/theuncommonshop.ch\/fr\/?s={search_term_string}"},"query-input":{"@type":"PropertyValueSpecification","valueRequired":true,"valueName":"search_term_string"}}],"inLanguage":"fr-FR"}]},"og_availability":"out of stock","product_availability":"out of stock","product_retailer_item_id":"ZU.XIX.E.BlutheldenStarterGr\u00fcnLoemelingEN","product_condition":"new"},"_links":{"self":[{"href":"https:\/\/theuncommonshop.ch\/fr\/wp-json\/wp\/v2\/product\/313021","targetHints":{"allow":["GET"]}}],"collection":[{"href":"https:\/\/theuncommonshop.ch\/fr\/wp-json\/wp\/v2\/product"}],"about":[{"href":"https:\/\/theuncommonshop.ch\/fr\/wp-json\/wp\/v2\/types\/product"}],"replies":[{"embeddable":true,"href":"https:\/\/theuncommonshop.ch\/fr\/wp-json\/wp\/v2\/comments?post=313021"}],"version-history":[{"count":0,"href":"https:\/\/theuncommonshop.ch\/fr\/wp-json\/wp\/v2\/product\/313021\/revisions"}],"wp:featuredmedia":[{"embeddable":true,"href":"https:\/\/theuncommonshop.ch\/fr\/wp-json\/wp\/v2\/media\/268776"}],"wp:attachment":[{"href":"https:\/\/theuncommonshop.ch\/fr\/wp-json\/wp\/v2\/media?parent=313021"}],"wp:term":[{"taxonomy":"product_brand","embeddable":true,"href":"https:\/\/theuncommonshop.ch\/fr\/wp-json\/wp\/v2\/product_brand?post=313021"},{"taxonomy":"product_cat","embeddable":true,"href":"https:\/\/theuncommonshop.ch\/fr\/wp-json\/wp\/v2\/product_cat?post=313021"},{"taxonomy":"product_tag","embeddable":true,"href":"https:\/\/theuncommonshop.ch\/fr\/wp-json\/wp\/v2\/product_tag?post=313021"}],"curies":[{"name":"wp","href":"https:\/\/api.w.org\/{rel}","templated":true}]}}