{"id":313009,"date":"2025-12-31T02:41:34","date_gmt":"2025-12-31T02:41:34","guid":{"rendered":"http:\/\/theuncommonshop.ch\/produkt\/313009\/"},"modified":"2026-03-31T20:20:01","modified_gmt":"2026-03-31T18:20:01","slug":"bluthelden-orange-sovereign-kaela-al-shamal-starter-deck-en-2","status":"publish","type":"product","link":"https:\/\/theuncommonshop.ch\/fr\/product\/bluthelden-orange-sovereign-kaela-al-shamal-starter-deck-en-2\/","title":{"rendered":"Bluthelden &#8211; Orange Sovereign &#8211; Kaela Al Shamal &#8211; Starter Deck"},"content":{"rendered":"<h2>Deck de d\u00e9marrage Bluthelden Origin Kalea al Shamal Orange EN<\/h2>\n<p>Utilisez la puissance du feu et du sang avec le <strong>Starter Deck Kaela al Shamal<\/strong>. En tant que souveraine de la faction Orange, Kaela utilise des sorts agressifs et des attaques rapides pour submerger ses adversaires. Ce deck est id\u00e9al pour les joueurs qui veulent mettre la pression sur l&#8217;adversaire d\u00e8s le d\u00e9but de la partie et la faire basculer rapidement en leur faveur.  <\/p>\n<h3><strong>Contenu :<\/strong><\/h3>\n<ul>\n<li><strong>1 deck de 60 cartes pr\u00eat \u00e0 jouer :<\/strong> imm\u00e9diatement jouable et parfait pour un style de jeu agressif.<\/li>\n<li><strong>5 cartes exclusives :<\/strong> enrichissez votre collection avec les cartes uniques de ce deck.<\/li>\n<li><strong>1 souverain exclusif :<\/strong> Kaela al Shamal en tant que carte Foil \u00e9blouissante.<\/li>\n<li><strong>Pions et marqueurs :<\/strong> les accessoires n\u00e9cessaires pour commencer \u00e0 jouer imm\u00e9diatement sont inclus.<\/li>\n<\/ul>\n<p>Menez votre deck \u00e0 la victoire en surprenant vos adversaires avec la puissance concentr\u00e9e de vos attaques.<\/p>\n","protected":false},"excerpt":{"rendered":"<p>Deck de d\u00e9marrage Bluthelden Origin Kalea al Shamal Orange EN Utilisez la puissance du feu et du sang avec le<\/p>\n","protected":false},"featured_media":268790,"comment_status":"open","ping_status":"closed","template":"","meta":{"_acf_changed":false},"product_brand":[5186],"product_cat":[9785,10289],"product_tag":[],"class_list":{"0":"post-313009","1":"product","2":"type-product","3":"status-publish","4":"has-post-thumbnail","6":"product_brand-bluthelden","7":"product_cat-autres-cartes-a-collectionner","8":"product_cat-bluthelden","10":"first","11":"instock","12":"taxable","13":"shipping-taxable","14":"purchasable","15":"product-type-variable"},"acf":[],"yoast_head":"<!-- This site is optimized with the Yoast SEO plugin v27.4 - https:\/\/yoast.com\/product\/yoast-seo-wordpress\/ -->\n<title>Ach\u00e8te Bluthelden - Orange Sovereign - Kaela Al Shamal - Starter Deck<\/title>\n<meta name=\"description\" content=\"Ach\u00e8te Bluthelden - Orange Sovereign - Kaela Al Shamal - Starter Deck en ligne maintenant \u00e0 petit prix! Ton #1 shop pour cartes TCG &amp; Pok\u00e9mon en Suisse \u2713 Livraison gratuite d\u00e8s CHF 29\" \/>\n<meta name=\"robots\" content=\"index, follow, max-snippet:-1, max-image-preview:large, max-video-preview:-1\" \/>\n<link rel=\"canonical\" href=\"https:\/\/theuncommonshop.ch\/fr\/product\/bluthelden-orange-sovereign-kaela-al-shamal-starter-deck-en-2\/\" \/>\n<meta property=\"og:locale\" content=\"fr_FR\" \/>\n<meta property=\"og:type\" content=\"article\" \/>\n<meta property=\"og:title\" content=\"Ach\u00e8te Bluthelden - Orange Sovereign - Kaela Al Shamal - Starter Deck\" \/>\n<meta property=\"og:description\" content=\"Ach\u00e8te Bluthelden - Orange Sovereign - Kaela Al Shamal - Starter Deck en ligne maintenant \u00e0 petit prix! Ton #1 shop pour cartes TCG &amp; Pok\u00e9mon en Suisse \u2713 Livraison gratuite d\u00e8s CHF 29\" \/>\n<meta property=\"og:url\" content=\"https:\/\/theuncommonshop.ch\/fr\/product\/bluthelden-orange-sovereign-kaela-al-shamal-starter-deck-en-2\/\" \/>\n<meta property=\"og:site_name\" content=\"The Uncommon Shop\" \/>\n<meta property=\"article:modified_time\" content=\"2026-03-31T18:20:01+00:00\" \/>\n<meta property=\"og:image\" content=\"https:\/\/theuncommonshop.ch\/wp-content\/uploads\/2025\/12\/5294883404.webp\" \/>\n\t<meta property=\"og:image:width\" content=\"713\" \/>\n\t<meta property=\"og:image:height\" content=\"713\" \/>\n\t<meta property=\"og:image:type\" content=\"image\/webp\" \/>\n<meta name=\"twitter:card\" content=\"summary_large_image\" \/>\n<meta name=\"twitter:label1\" content=\"Disponibilit\u00e9\" \/>\n\t<meta name=\"twitter:data1\" content=\"En stock\" \/>\n<script type=\"application\/ld+json\" class=\"yoast-schema-graph\">{\"@context\":\"https:\\\/\\\/schema.org\",\"@graph\":[{\"@type\":\"WebPage\",\"@id\":\"https:\\\/\\\/theuncommonshop.ch\\\/fr\\\/product\\\/bluthelden-orange-sovereign-kaela-al-shamal-starter-deck-en-2\\\/\",\"url\":\"https:\\\/\\\/theuncommonshop.ch\\\/fr\\\/product\\\/bluthelden-orange-sovereign-kaela-al-shamal-starter-deck-en-2\\\/\",\"name\":\"Ach\u00e8te Bluthelden - Orange Sovereign - Kaela Al Shamal - Starter Deck\",\"isPartOf\":{\"@id\":\"https:\\\/\\\/theuncommonshop.ch\\\/fr\\\/#website\"},\"primaryImageOfPage\":{\"@id\":\"https:\\\/\\\/theuncommonshop.ch\\\/fr\\\/product\\\/bluthelden-orange-sovereign-kaela-al-shamal-starter-deck-en-2\\\/#primaryimage\"},\"image\":{\"@id\":\"https:\\\/\\\/theuncommonshop.ch\\\/fr\\\/product\\\/bluthelden-orange-sovereign-kaela-al-shamal-starter-deck-en-2\\\/#primaryimage\"},\"thumbnailUrl\":\"https:\\\/\\\/theuncommonshop.ch\\\/wp-content\\\/uploads\\\/2025\\\/12\\\/5294883404.webp\",\"datePublished\":\"2025-12-31T02:41:34+00:00\",\"dateModified\":\"2026-03-31T18:20:01+00:00\",\"description\":\"Ach\u00e8te Bluthelden - Orange Sovereign - Kaela Al Shamal - Starter Deck en ligne maintenant \u00e0 petit prix! Ton #1 shop pour cartes TCG & Pok\u00e9mon en Suisse \u2713 Livraison gratuite d\u00e8s CHF 29\",\"breadcrumb\":{\"@id\":\"https:\\\/\\\/theuncommonshop.ch\\\/fr\\\/product\\\/bluthelden-orange-sovereign-kaela-al-shamal-starter-deck-en-2\\\/#breadcrumb\"},\"inLanguage\":\"fr-FR\",\"potentialAction\":[{\"@type\":\"ReadAction\",\"target\":[\"https:\\\/\\\/theuncommonshop.ch\\\/fr\\\/product\\\/bluthelden-orange-sovereign-kaela-al-shamal-starter-deck-en-2\\\/\"]}]},{\"@type\":\"ImageObject\",\"inLanguage\":\"fr-FR\",\"@id\":\"https:\\\/\\\/theuncommonshop.ch\\\/fr\\\/product\\\/bluthelden-orange-sovereign-kaela-al-shamal-starter-deck-en-2\\\/#primaryimage\",\"url\":\"https:\\\/\\\/theuncommonshop.ch\\\/wp-content\\\/uploads\\\/2025\\\/12\\\/5294883404.webp\",\"contentUrl\":\"https:\\\/\\\/theuncommonshop.ch\\\/wp-content\\\/uploads\\\/2025\\\/12\\\/5294883404.webp\",\"width\":713,\"height\":713},{\"@type\":\"BreadcrumbList\",\"@id\":\"https:\\\/\\\/theuncommonshop.ch\\\/fr\\\/product\\\/bluthelden-orange-sovereign-kaela-al-shamal-starter-deck-en-2\\\/#breadcrumb\",\"itemListElement\":[{\"@type\":\"ListItem\",\"position\":1,\"name\":\"Accueil\",\"item\":\"https:\\\/\\\/theuncommonshop.ch\\\/fr\\\/accueil\\\/\"},{\"@type\":\"ListItem\",\"position\":2,\"name\":\"Boutique\",\"item\":\"https:\\\/\\\/theuncommonshop.ch\\\/fr\\\/boutique\\\/\"},{\"@type\":\"ListItem\",\"position\":3,\"name\":\"Autres cartes \u00e0 collectionner\",\"item\":\"https:\\\/\\\/theuncommonshop.ch\\\/fr\\\/categorie-produit\\\/autres-cartes-a-collectionner\\\/\"},{\"@type\":\"ListItem\",\"position\":4,\"name\":\"Bluthelden\",\"item\":\"https:\\\/\\\/theuncommonshop.ch\\\/fr\\\/categorie-produit\\\/autres-cartes-a-collectionner\\\/bluthelden\\\/\"},{\"@type\":\"ListItem\",\"position\":5,\"name\":\"Bluthelden &#8211; Orange Sovereign &#8211; Kaela Al Shamal &#8211; Starter Deck\"}]},{\"@type\":\"WebSite\",\"@id\":\"https:\\\/\\\/theuncommonshop.ch\\\/fr\\\/#website\",\"url\":\"https:\\\/\\\/theuncommonshop.ch\\\/fr\\\/\",\"name\":\"The Uncommon Shop\",\"description\":\"Magic, Pok\u00e9mon and Yu-gi-oh - The Uncommon Shop\",\"potentialAction\":[{\"@type\":\"SearchAction\",\"target\":{\"@type\":\"EntryPoint\",\"urlTemplate\":\"https:\\\/\\\/theuncommonshop.ch\\\/fr\\\/?s={search_term_string}\"},\"query-input\":{\"@type\":\"PropertyValueSpecification\",\"valueRequired\":true,\"valueName\":\"search_term_string\"}}],\"inLanguage\":\"fr-FR\"}]}<\/script>\n<meta property=\"og:availability\" content=\"instock\" \/>\n<meta property=\"product:availability\" content=\"instock\" \/>\n<meta property=\"product:retailer_item_id\" content=\"ZU.XIX.E.BlutheldenStarterOrangeKaelaEN\" \/>\n<meta property=\"product:condition\" content=\"new\" \/>\n<!-- \/ Yoast SEO plugin. -->","yoast_head_json":{"title":"Ach\u00e8te Bluthelden - Orange Sovereign - Kaela Al Shamal - Starter Deck","description":"Ach\u00e8te Bluthelden - Orange Sovereign - Kaela Al Shamal - Starter Deck en ligne maintenant \u00e0 petit prix! Ton #1 shop pour cartes TCG & Pok\u00e9mon en Suisse \u2713 Livraison gratuite d\u00e8s CHF 29","robots":{"index":"index","follow":"follow","max-snippet":"max-snippet:-1","max-image-preview":"max-image-preview:large","max-video-preview":"max-video-preview:-1"},"canonical":"https:\/\/theuncommonshop.ch\/fr\/product\/bluthelden-orange-sovereign-kaela-al-shamal-starter-deck-en-2\/","og_locale":"fr_FR","og_type":"article","og_title":"Ach\u00e8te Bluthelden - Orange Sovereign - Kaela Al Shamal - Starter Deck","og_description":"Ach\u00e8te Bluthelden - Orange Sovereign - Kaela Al Shamal - Starter Deck en ligne maintenant \u00e0 petit prix! Ton #1 shop pour cartes TCG & Pok\u00e9mon en Suisse \u2713 Livraison gratuite d\u00e8s CHF 29","og_url":"https:\/\/theuncommonshop.ch\/fr\/product\/bluthelden-orange-sovereign-kaela-al-shamal-starter-deck-en-2\/","og_site_name":"The Uncommon Shop","article_modified_time":"2026-03-31T18:20:01+00:00","og_image":[{"width":713,"height":713,"url":"https:\/\/theuncommonshop.ch\/wp-content\/uploads\/2025\/12\/5294883404.webp","type":"image\/webp"}],"twitter_card":"summary_large_image","twitter_misc":{"Disponibilit\u00e9":"En stock"},"schema":{"@context":"https:\/\/schema.org","@graph":[{"@type":"WebPage","@id":"https:\/\/theuncommonshop.ch\/fr\/product\/bluthelden-orange-sovereign-kaela-al-shamal-starter-deck-en-2\/","url":"https:\/\/theuncommonshop.ch\/fr\/product\/bluthelden-orange-sovereign-kaela-al-shamal-starter-deck-en-2\/","name":"Ach\u00e8te Bluthelden - Orange Sovereign - Kaela Al Shamal - Starter Deck","isPartOf":{"@id":"https:\/\/theuncommonshop.ch\/fr\/#website"},"primaryImageOfPage":{"@id":"https:\/\/theuncommonshop.ch\/fr\/product\/bluthelden-orange-sovereign-kaela-al-shamal-starter-deck-en-2\/#primaryimage"},"image":{"@id":"https:\/\/theuncommonshop.ch\/fr\/product\/bluthelden-orange-sovereign-kaela-al-shamal-starter-deck-en-2\/#primaryimage"},"thumbnailUrl":"https:\/\/theuncommonshop.ch\/wp-content\/uploads\/2025\/12\/5294883404.webp","datePublished":"2025-12-31T02:41:34+00:00","dateModified":"2026-03-31T18:20:01+00:00","description":"Ach\u00e8te Bluthelden - Orange Sovereign - Kaela Al Shamal - Starter Deck en ligne maintenant \u00e0 petit prix! Ton #1 shop pour cartes TCG & Pok\u00e9mon en Suisse \u2713 Livraison gratuite d\u00e8s CHF 29","breadcrumb":{"@id":"https:\/\/theuncommonshop.ch\/fr\/product\/bluthelden-orange-sovereign-kaela-al-shamal-starter-deck-en-2\/#breadcrumb"},"inLanguage":"fr-FR","potentialAction":[{"@type":"ReadAction","target":["https:\/\/theuncommonshop.ch\/fr\/product\/bluthelden-orange-sovereign-kaela-al-shamal-starter-deck-en-2\/"]}]},{"@type":"ImageObject","inLanguage":"fr-FR","@id":"https:\/\/theuncommonshop.ch\/fr\/product\/bluthelden-orange-sovereign-kaela-al-shamal-starter-deck-en-2\/#primaryimage","url":"https:\/\/theuncommonshop.ch\/wp-content\/uploads\/2025\/12\/5294883404.webp","contentUrl":"https:\/\/theuncommonshop.ch\/wp-content\/uploads\/2025\/12\/5294883404.webp","width":713,"height":713},{"@type":"BreadcrumbList","@id":"https:\/\/theuncommonshop.ch\/fr\/product\/bluthelden-orange-sovereign-kaela-al-shamal-starter-deck-en-2\/#breadcrumb","itemListElement":[{"@type":"ListItem","position":1,"name":"Accueil","item":"https:\/\/theuncommonshop.ch\/fr\/accueil\/"},{"@type":"ListItem","position":2,"name":"Boutique","item":"https:\/\/theuncommonshop.ch\/fr\/boutique\/"},{"@type":"ListItem","position":3,"name":"Autres cartes \u00e0 collectionner","item":"https:\/\/theuncommonshop.ch\/fr\/categorie-produit\/autres-cartes-a-collectionner\/"},{"@type":"ListItem","position":4,"name":"Bluthelden","item":"https:\/\/theuncommonshop.ch\/fr\/categorie-produit\/autres-cartes-a-collectionner\/bluthelden\/"},{"@type":"ListItem","position":5,"name":"Bluthelden &#8211; Orange Sovereign &#8211; Kaela Al Shamal &#8211; Starter Deck"}]},{"@type":"WebSite","@id":"https:\/\/theuncommonshop.ch\/fr\/#website","url":"https:\/\/theuncommonshop.ch\/fr\/","name":"The Uncommon Shop","description":"Magic, Pok\u00e9mon and Yu-gi-oh - The Uncommon Shop","potentialAction":[{"@type":"SearchAction","target":{"@type":"EntryPoint","urlTemplate":"https:\/\/theuncommonshop.ch\/fr\/?s={search_term_string}"},"query-input":{"@type":"PropertyValueSpecification","valueRequired":true,"valueName":"search_term_string"}}],"inLanguage":"fr-FR"}]},"og_availability":"instock","product_availability":"instock","product_retailer_item_id":"ZU.XIX.E.BlutheldenStarterOrangeKaelaEN","product_condition":"new"},"_links":{"self":[{"href":"https:\/\/theuncommonshop.ch\/fr\/wp-json\/wp\/v2\/product\/313009","targetHints":{"allow":["GET"]}}],"collection":[{"href":"https:\/\/theuncommonshop.ch\/fr\/wp-json\/wp\/v2\/product"}],"about":[{"href":"https:\/\/theuncommonshop.ch\/fr\/wp-json\/wp\/v2\/types\/product"}],"replies":[{"embeddable":true,"href":"https:\/\/theuncommonshop.ch\/fr\/wp-json\/wp\/v2\/comments?post=313009"}],"version-history":[{"count":0,"href":"https:\/\/theuncommonshop.ch\/fr\/wp-json\/wp\/v2\/product\/313009\/revisions"}],"wp:featuredmedia":[{"embeddable":true,"href":"https:\/\/theuncommonshop.ch\/fr\/wp-json\/wp\/v2\/media\/268790"}],"wp:attachment":[{"href":"https:\/\/theuncommonshop.ch\/fr\/wp-json\/wp\/v2\/media?parent=313009"}],"wp:term":[{"taxonomy":"product_brand","embeddable":true,"href":"https:\/\/theuncommonshop.ch\/fr\/wp-json\/wp\/v2\/product_brand?post=313009"},{"taxonomy":"product_cat","embeddable":true,"href":"https:\/\/theuncommonshop.ch\/fr\/wp-json\/wp\/v2\/product_cat?post=313009"},{"taxonomy":"product_tag","embeddable":true,"href":"https:\/\/theuncommonshop.ch\/fr\/wp-json\/wp\/v2\/product_tag?post=313009"}],"curies":[{"name":"wp","href":"https:\/\/api.w.org\/{rel}","templated":true}]}}