{"id":312992,"date":"2025-12-31T02:36:24","date_gmt":"2025-12-31T02:36:24","guid":{"rendered":"http:\/\/theuncommonshop.ch\/produkt\/312992\/"},"modified":"2026-04-08T10:31:20","modified_gmt":"2026-04-08T08:31:20","slug":"magic-the-gathering-marvels-spiderman-pre-release-kit-2","status":"publish","type":"product","link":"https:\/\/theuncommonshop.ch\/fr\/product\/magic-the-gathering-marvels-spiderman-pre-release-kit-2\/","title":{"rendered":"Magic the Gathering &#8211; Marvel&#8217;s Spiderman &#8211; Pre-Release Kit"},"content":{"rendered":"<h2>Pack de pr\u00e9-lancement de Marvel&#8217;s Spider-Man<\/h2>\n<div>Date de publication : 19 sept. 2025<\/div>\n<div><\/div>\n<div>\n<p>Le gentil Spider-man du quartier se balance dans <em>Magic : The Gathering<\/em>, et pas un instant de trop ! Rassemblez des lanceurs de toile de tout le Spiderverse et alliez-vous avec eux pour vaincre les sombres m\u00e9chants qui menacent la ville. Faites confiance \u00e0 votre sens d&#8217;araign\u00e9e pour d\u00e9couvrir des cartes imprim\u00e9es qui sortent litt\u00e9ralement de la page !  <\/p>\n<p>La pr\u00e9-lancement est la premi\u00e8re occasion pour vos joueurs de mettre la main sur la derni\u00e8re version de <em>Magic : The Gathering<\/em> et d&#8217;explorer ce que le coffret a \u00e0 offrir. Les Packs Prerelease contiennent tout ce dont vous avez besoin pour naviguer dans la construction de decks et affronter les autres dans des parties \u00e9piques en un contre un. <\/p>\n<\/div>\n<div>\n<div>Contenu :<\/div>\n<div>\n<ul>\n<li>6 Boosters de jeu <em>Marvel&#8217;s Spider-man <\/em><\/li>\n<li>1 carte traditionnelle Foil rare\/l\u00e9gendaire avec cachet annuel<\/li>\n<li>Compteur de points de vie Spindown<\/li>\n<\/ul>\n<\/div>\n<\/div>\n","protected":false},"excerpt":{"rendered":"<p>Pack de pr\u00e9-lancement de Marvel&#8217;s Spider-Man Date de publication : 19 sept. 2025 Le gentil Spider-man du quartier se balance<\/p>\n","protected":false},"featured_media":268637,"comment_status":"open","ping_status":"closed","template":"","meta":{"_acf_changed":false},"product_brand":[5168,5158,5070],"product_cat":[9973,10161,9967,10167,9991,9989],"product_tag":[],"class_list":{"0":"post-312992","1":"product","2":"type-product","3":"status-publish","4":"has-post-thumbnail","6":"product_brand-magic-the-gathering","8":"product_brand-wizards-of-the-coast","9":"product_cat-autres","10":"product_cat-kits-de-pre-lancement","11":"product_cat-magic-the-gathering-fr","12":"product_cat-marvels-spider-man","13":"product_cat-produits-par-lots-mtg","14":"product_cat-super-sale-mtg-fr","16":"first","17":"instock","18":"sale","19":"taxable","20":"shipping-taxable","21":"purchasable","22":"product-type-variable"},"acf":[],"yoast_head":"<!-- This site is optimized with the Yoast SEO plugin v27.5 - https:\/\/yoast.com\/product\/yoast-seo-wordpress\/ -->\n<title>Ach\u00e8te Magic the Gathering - Marvel&#039;s Spiderman - Pre-Release Kit<\/title>\n<meta name=\"description\" content=\"Ach\u00e8te Magic the Gathering - Marvel&#039;s Spiderman - Pre-Release Kit en ligne maintenant \u00e0 petit prix! Ton #1 shop pour cartes TCG &amp; Pok\u00e9mon en Suisse \u2713 Livraison gratuite d\u00e8s CHF 29\" \/>\n<meta name=\"robots\" content=\"index, follow, max-snippet:-1, max-image-preview:large, max-video-preview:-1\" \/>\n<link rel=\"canonical\" href=\"https:\/\/theuncommonshop.ch\/fr\/product\/magic-the-gathering-marvels-spiderman-pre-release-kit-2\/\" \/>\n<meta property=\"og:locale\" content=\"fr_FR\" \/>\n<meta property=\"og:type\" content=\"article\" \/>\n<meta property=\"og:title\" content=\"Ach\u00e8te Magic the Gathering - Marvel&#039;s Spiderman - Pre-Release Kit\" \/>\n<meta property=\"og:description\" content=\"Ach\u00e8te Magic the Gathering - Marvel&#039;s Spiderman - Pre-Release Kit en ligne maintenant \u00e0 petit prix! Ton #1 shop pour cartes TCG &amp; Pok\u00e9mon en Suisse \u2713 Livraison gratuite d\u00e8s CHF 29\" \/>\n<meta property=\"og:url\" content=\"https:\/\/theuncommonshop.ch\/fr\/product\/magic-the-gathering-marvels-spiderman-pre-release-kit-2\/\" \/>\n<meta property=\"og:site_name\" content=\"The Uncommon Shop\" \/>\n<meta property=\"article:modified_time\" content=\"2026-04-08T08:31:20+00:00\" \/>\n<meta property=\"og:image\" content=\"https:\/\/theuncommonshop.ch\/wp-content\/uploads\/2025\/05\/4824231707.jpg\" \/>\n\t<meta property=\"og:image:width\" content=\"900\" \/>\n\t<meta property=\"og:image:height\" content=\"886\" \/>\n\t<meta property=\"og:image:type\" content=\"image\/jpeg\" \/>\n<meta name=\"twitter:card\" content=\"summary_large_image\" \/>\n<meta name=\"twitter:label1\" content=\"Disponibilit\u00e9\" \/>\n\t<meta name=\"twitter:data1\" content=\"En stock\" \/>\n<script type=\"application\/ld+json\" class=\"yoast-schema-graph\">{\"@context\":\"https:\\\/\\\/schema.org\",\"@graph\":[{\"@type\":\"WebPage\",\"@id\":\"https:\\\/\\\/theuncommonshop.ch\\\/fr\\\/product\\\/magic-the-gathering-marvels-spiderman-pre-release-kit-2\\\/\",\"url\":\"https:\\\/\\\/theuncommonshop.ch\\\/fr\\\/product\\\/magic-the-gathering-marvels-spiderman-pre-release-kit-2\\\/\",\"name\":\"Ach\u00e8te Magic the Gathering - Marvel's Spiderman - Pre-Release Kit\",\"isPartOf\":{\"@id\":\"https:\\\/\\\/theuncommonshop.ch\\\/fr\\\/#website\"},\"primaryImageOfPage\":{\"@id\":\"https:\\\/\\\/theuncommonshop.ch\\\/fr\\\/product\\\/magic-the-gathering-marvels-spiderman-pre-release-kit-2\\\/#primaryimage\"},\"image\":{\"@id\":\"https:\\\/\\\/theuncommonshop.ch\\\/fr\\\/product\\\/magic-the-gathering-marvels-spiderman-pre-release-kit-2\\\/#primaryimage\"},\"thumbnailUrl\":\"https:\\\/\\\/theuncommonshop.ch\\\/wp-content\\\/uploads\\\/2025\\\/05\\\/4824231707.jpg\",\"datePublished\":\"2025-12-31T02:36:24+00:00\",\"dateModified\":\"2026-04-08T08:31:20+00:00\",\"description\":\"Ach\u00e8te Magic the Gathering - Marvel's Spiderman - Pre-Release Kit en ligne maintenant \u00e0 petit prix! Ton #1 shop pour cartes TCG & Pok\u00e9mon en Suisse \u2713 Livraison gratuite d\u00e8s CHF 29\",\"breadcrumb\":{\"@id\":\"https:\\\/\\\/theuncommonshop.ch\\\/fr\\\/product\\\/magic-the-gathering-marvels-spiderman-pre-release-kit-2\\\/#breadcrumb\"},\"inLanguage\":\"fr-FR\",\"potentialAction\":[{\"@type\":\"ReadAction\",\"target\":[\"https:\\\/\\\/theuncommonshop.ch\\\/fr\\\/product\\\/magic-the-gathering-marvels-spiderman-pre-release-kit-2\\\/\"]}]},{\"@type\":\"ImageObject\",\"inLanguage\":\"fr-FR\",\"@id\":\"https:\\\/\\\/theuncommonshop.ch\\\/fr\\\/product\\\/magic-the-gathering-marvels-spiderman-pre-release-kit-2\\\/#primaryimage\",\"url\":\"https:\\\/\\\/theuncommonshop.ch\\\/wp-content\\\/uploads\\\/2025\\\/05\\\/4824231707.jpg\",\"contentUrl\":\"https:\\\/\\\/theuncommonshop.ch\\\/wp-content\\\/uploads\\\/2025\\\/05\\\/4824231707.jpg\",\"width\":900,\"height\":886},{\"@type\":\"BreadcrumbList\",\"@id\":\"https:\\\/\\\/theuncommonshop.ch\\\/fr\\\/product\\\/magic-the-gathering-marvels-spiderman-pre-release-kit-2\\\/#breadcrumb\",\"itemListElement\":[{\"@type\":\"ListItem\",\"position\":1,\"name\":\"Accueil\",\"item\":\"https:\\\/\\\/theuncommonshop.ch\\\/fr\\\/accueil\\\/\"},{\"@type\":\"ListItem\",\"position\":2,\"name\":\"Boutique\",\"item\":\"https:\\\/\\\/theuncommonshop.ch\\\/fr\\\/boutique\\\/\"},{\"@type\":\"ListItem\",\"position\":3,\"name\":\"Magic the Gathering\",\"item\":\"https:\\\/\\\/theuncommonshop.ch\\\/fr\\\/categorie-produit\\\/magic-the-gathering-fr\\\/\"},{\"@type\":\"ListItem\",\"position\":4,\"name\":\"Autres\",\"item\":\"https:\\\/\\\/theuncommonshop.ch\\\/fr\\\/categorie-produit\\\/magic-the-gathering-fr\\\/autres\\\/\"},{\"@type\":\"ListItem\",\"position\":5,\"name\":\"Kits de pr\u00e9-lancement\",\"item\":\"https:\\\/\\\/theuncommonshop.ch\\\/fr\\\/categorie-produit\\\/magic-the-gathering-fr\\\/autres\\\/kits-de-pre-lancement\\\/\"},{\"@type\":\"ListItem\",\"position\":6,\"name\":\"Magic the Gathering &#8211; Marvel&#8217;s Spiderman &#8211; Pre-Release Kit\"}]},{\"@type\":\"WebSite\",\"@id\":\"https:\\\/\\\/theuncommonshop.ch\\\/fr\\\/#website\",\"url\":\"https:\\\/\\\/theuncommonshop.ch\\\/fr\\\/\",\"name\":\"The Uncommon Shop\",\"description\":\"Magic, Pok\u00e9mon and Yu-gi-oh - The Uncommon Shop\",\"potentialAction\":[{\"@type\":\"SearchAction\",\"target\":{\"@type\":\"EntryPoint\",\"urlTemplate\":\"https:\\\/\\\/theuncommonshop.ch\\\/fr\\\/?s={search_term_string}\"},\"query-input\":{\"@type\":\"PropertyValueSpecification\",\"valueRequired\":true,\"valueName\":\"search_term_string\"}}],\"inLanguage\":\"fr-FR\"}]}<\/script>\n<meta property=\"og:availability\" content=\"instock\" \/>\n<meta property=\"product:availability\" content=\"instock\" \/>\n<meta property=\"product:condition\" content=\"new\" \/>\n<!-- \/ Yoast SEO plugin. -->","yoast_head_json":{"title":"Ach\u00e8te Magic the Gathering - Marvel's Spiderman - Pre-Release Kit","description":"Ach\u00e8te Magic the Gathering - Marvel's Spiderman - Pre-Release Kit en ligne maintenant \u00e0 petit prix! Ton #1 shop pour cartes TCG & Pok\u00e9mon en Suisse \u2713 Livraison gratuite d\u00e8s CHF 29","robots":{"index":"index","follow":"follow","max-snippet":"max-snippet:-1","max-image-preview":"max-image-preview:large","max-video-preview":"max-video-preview:-1"},"canonical":"https:\/\/theuncommonshop.ch\/fr\/product\/magic-the-gathering-marvels-spiderman-pre-release-kit-2\/","og_locale":"fr_FR","og_type":"article","og_title":"Ach\u00e8te Magic the Gathering - Marvel's Spiderman - Pre-Release Kit","og_description":"Ach\u00e8te Magic the Gathering - Marvel's Spiderman - Pre-Release Kit en ligne maintenant \u00e0 petit prix! Ton #1 shop pour cartes TCG & Pok\u00e9mon en Suisse \u2713 Livraison gratuite d\u00e8s CHF 29","og_url":"https:\/\/theuncommonshop.ch\/fr\/product\/magic-the-gathering-marvels-spiderman-pre-release-kit-2\/","og_site_name":"The Uncommon Shop","article_modified_time":"2026-04-08T08:31:20+00:00","og_image":[{"width":900,"height":886,"url":"https:\/\/theuncommonshop.ch\/wp-content\/uploads\/2025\/05\/4824231707.jpg","type":"image\/jpeg"}],"twitter_card":"summary_large_image","twitter_misc":{"Disponibilit\u00e9":"En stock"},"schema":{"@context":"https:\/\/schema.org","@graph":[{"@type":"WebPage","@id":"https:\/\/theuncommonshop.ch\/fr\/product\/magic-the-gathering-marvels-spiderman-pre-release-kit-2\/","url":"https:\/\/theuncommonshop.ch\/fr\/product\/magic-the-gathering-marvels-spiderman-pre-release-kit-2\/","name":"Ach\u00e8te Magic the Gathering - Marvel's Spiderman - Pre-Release Kit","isPartOf":{"@id":"https:\/\/theuncommonshop.ch\/fr\/#website"},"primaryImageOfPage":{"@id":"https:\/\/theuncommonshop.ch\/fr\/product\/magic-the-gathering-marvels-spiderman-pre-release-kit-2\/#primaryimage"},"image":{"@id":"https:\/\/theuncommonshop.ch\/fr\/product\/magic-the-gathering-marvels-spiderman-pre-release-kit-2\/#primaryimage"},"thumbnailUrl":"https:\/\/theuncommonshop.ch\/wp-content\/uploads\/2025\/05\/4824231707.jpg","datePublished":"2025-12-31T02:36:24+00:00","dateModified":"2026-04-08T08:31:20+00:00","description":"Ach\u00e8te Magic the Gathering - Marvel's Spiderman - Pre-Release Kit en ligne maintenant \u00e0 petit prix! Ton #1 shop pour cartes TCG & Pok\u00e9mon en Suisse \u2713 Livraison gratuite d\u00e8s CHF 29","breadcrumb":{"@id":"https:\/\/theuncommonshop.ch\/fr\/product\/magic-the-gathering-marvels-spiderman-pre-release-kit-2\/#breadcrumb"},"inLanguage":"fr-FR","potentialAction":[{"@type":"ReadAction","target":["https:\/\/theuncommonshop.ch\/fr\/product\/magic-the-gathering-marvels-spiderman-pre-release-kit-2\/"]}]},{"@type":"ImageObject","inLanguage":"fr-FR","@id":"https:\/\/theuncommonshop.ch\/fr\/product\/magic-the-gathering-marvels-spiderman-pre-release-kit-2\/#primaryimage","url":"https:\/\/theuncommonshop.ch\/wp-content\/uploads\/2025\/05\/4824231707.jpg","contentUrl":"https:\/\/theuncommonshop.ch\/wp-content\/uploads\/2025\/05\/4824231707.jpg","width":900,"height":886},{"@type":"BreadcrumbList","@id":"https:\/\/theuncommonshop.ch\/fr\/product\/magic-the-gathering-marvels-spiderman-pre-release-kit-2\/#breadcrumb","itemListElement":[{"@type":"ListItem","position":1,"name":"Accueil","item":"https:\/\/theuncommonshop.ch\/fr\/accueil\/"},{"@type":"ListItem","position":2,"name":"Boutique","item":"https:\/\/theuncommonshop.ch\/fr\/boutique\/"},{"@type":"ListItem","position":3,"name":"Magic the Gathering","item":"https:\/\/theuncommonshop.ch\/fr\/categorie-produit\/magic-the-gathering-fr\/"},{"@type":"ListItem","position":4,"name":"Autres","item":"https:\/\/theuncommonshop.ch\/fr\/categorie-produit\/magic-the-gathering-fr\/autres\/"},{"@type":"ListItem","position":5,"name":"Kits de pr\u00e9-lancement","item":"https:\/\/theuncommonshop.ch\/fr\/categorie-produit\/magic-the-gathering-fr\/autres\/kits-de-pre-lancement\/"},{"@type":"ListItem","position":6,"name":"Magic the Gathering &#8211; Marvel&#8217;s Spiderman &#8211; Pre-Release Kit"}]},{"@type":"WebSite","@id":"https:\/\/theuncommonshop.ch\/fr\/#website","url":"https:\/\/theuncommonshop.ch\/fr\/","name":"The Uncommon Shop","description":"Magic, Pok\u00e9mon and Yu-gi-oh - The Uncommon Shop","potentialAction":[{"@type":"SearchAction","target":{"@type":"EntryPoint","urlTemplate":"https:\/\/theuncommonshop.ch\/fr\/?s={search_term_string}"},"query-input":{"@type":"PropertyValueSpecification","valueRequired":true,"valueName":"search_term_string"}}],"inLanguage":"fr-FR"}]},"og_availability":"instock","product_availability":"instock","product_condition":"new"},"_links":{"self":[{"href":"https:\/\/theuncommonshop.ch\/fr\/wp-json\/wp\/v2\/product\/312992","targetHints":{"allow":["GET"]}}],"collection":[{"href":"https:\/\/theuncommonshop.ch\/fr\/wp-json\/wp\/v2\/product"}],"about":[{"href":"https:\/\/theuncommonshop.ch\/fr\/wp-json\/wp\/v2\/types\/product"}],"replies":[{"embeddable":true,"href":"https:\/\/theuncommonshop.ch\/fr\/wp-json\/wp\/v2\/comments?post=312992"}],"version-history":[{"count":0,"href":"https:\/\/theuncommonshop.ch\/fr\/wp-json\/wp\/v2\/product\/312992\/revisions"}],"wp:featuredmedia":[{"embeddable":true,"href":"https:\/\/theuncommonshop.ch\/fr\/wp-json\/wp\/v2\/media\/268637"}],"wp:attachment":[{"href":"https:\/\/theuncommonshop.ch\/fr\/wp-json\/wp\/v2\/media?parent=312992"}],"wp:term":[{"taxonomy":"product_brand","embeddable":true,"href":"https:\/\/theuncommonshop.ch\/fr\/wp-json\/wp\/v2\/product_brand?post=312992"},{"taxonomy":"product_cat","embeddable":true,"href":"https:\/\/theuncommonshop.ch\/fr\/wp-json\/wp\/v2\/product_cat?post=312992"},{"taxonomy":"product_tag","embeddable":true,"href":"https:\/\/theuncommonshop.ch\/fr\/wp-json\/wp\/v2\/product_tag?post=312992"}],"curies":[{"name":"wp","href":"https:\/\/api.w.org\/{rel}","templated":true}]}}