{"id":312975,"date":"2025-12-31T02:36:00","date_gmt":"2025-12-31T01:36:00","guid":{"rendered":"http:\/\/theuncommonshop.ch\/produkt\/312975\/"},"modified":"2026-03-31T17:37:44","modified_gmt":"2026-03-31T15:37:44","slug":"gundam-card-game-iron-blooded-orphans-pc01a-premium-collection-assemble-set-en-2","status":"publish","type":"product","link":"https:\/\/theuncommonshop.ch\/fr\/product\/gundam-card-game-iron-blooded-orphans-pc01a-premium-collection-assemble-set-en-2\/","title":{"rendered":"Gundam Card Game &#8211; Iron-Blooded Orphans (PC01A) &#8211; Premium Card Collection Assemble Set"},"content":{"rendered":"<p><strong>Nouveau type de produit<\/strong>: chaque set contient 3 miniatures diff\u00e9rentes de GUNDAM ASSEMBLE avec des personnages de Iron-Blooded Orphans et GQuuuuuX.<\/p>\n<p><strong>S\u00e9rie Alt-Art<\/strong>: Chaque set contient 14 cartes Alt-Art (2 exemplaires de chacun des 7 types), toutes dot\u00e9es d&#8217;un film holographique et textur\u00e9.<\/p>\n<p><strong>Pack de bonus exclusif<\/strong>: chaque set contient 1 pack de bonus avec 1 des 5 nouvelles cartes de ressources EX. (Collectez les 10 des deux produits !) <\/p>\n<p><strong>Un fort attrait pour le crossover<\/strong>: parfait pour les joueurs qui souhaitent am\u00e9liorer leurs decks, ainsi que pour les collectionneurs et les fans de Gundam qui appr\u00e9cient les articles miniatures de qualit\u00e9.<\/p>\n<p><strong>Contenu<\/strong><\/p>\n<ul>\n<li>3 diff\u00e9rents GUNDAM ASSEMBLE (GunplaMiniatures)<\/li>\n<li>14 cartes Alt-Art (2 de chaque type sur 7)<\/li>\n<li>1 pack bonus (1 carte de ressources EX de 5 types)<\/li>\n<li>1 notice de montage\/fiche de r\u00e9glementation<\/li>\n<\/ul>\n","protected":false},"excerpt":{"rendered":"<p>Nouveau type de produit: chaque set contient 3 miniatures diff\u00e9rentes de GUNDAM ASSEMBLE avec des personnages de Iron-Blooded Orphans et<\/p>\n","protected":false},"featured_media":364484,"comment_status":"open","ping_status":"closed","template":"","meta":{"_acf_changed":false},"product_brand":[5100],"product_cat":[10287],"product_tag":[],"class_list":{"0":"post-312975","1":"product","2":"type-product","3":"status-publish","4":"has-post-thumbnail","6":"product_brand-bandai-tcg","7":"product_cat-gundam","9":"first","10":"instock","11":"sale","12":"taxable","13":"shipping-taxable","14":"purchasable","15":"product-type-variable"},"acf":[],"yoast_head":"<!-- This site is optimized with the Yoast SEO plugin v27.4 - https:\/\/yoast.com\/product\/yoast-seo-wordpress\/ -->\n<title>Ach\u00e8te Gundam Card Game - Iron-Blooded Orphans (PC01A) - Premium Card Collection Assemble Set<\/title>\n<meta name=\"description\" content=\"Ach\u00e8te Gundam Card Game - Iron-Blooded Orphans (PC01A) - Premium Card Collection Assemble Set en ligne maintenant \u00e0 petit prix! Ton #1 shop pour cartes TCG &amp; Pok\u00e9mon en Suisse \u2713 Livraison gratuite d\u00e8s CHF 29\" \/>\n<meta name=\"robots\" content=\"index, follow, max-snippet:-1, max-image-preview:large, max-video-preview:-1\" \/>\n<link rel=\"canonical\" href=\"https:\/\/theuncommonshop.ch\/fr\/product\/gundam-card-game-iron-blooded-orphans-pc01a-premium-collection-assemble-set-en-2\/\" \/>\n<meta property=\"og:locale\" content=\"fr_FR\" \/>\n<meta property=\"og:type\" content=\"article\" \/>\n<meta property=\"og:title\" content=\"Ach\u00e8te Gundam Card Game - Iron-Blooded Orphans (PC01A) - Premium Card Collection Assemble Set\" \/>\n<meta property=\"og:description\" content=\"Ach\u00e8te Gundam Card Game - Iron-Blooded Orphans (PC01A) - Premium Card Collection Assemble Set en ligne maintenant \u00e0 petit prix! Ton #1 shop pour cartes TCG &amp; Pok\u00e9mon en Suisse \u2713 Livraison gratuite d\u00e8s CHF 29\" \/>\n<meta property=\"og:url\" content=\"https:\/\/theuncommonshop.ch\/fr\/product\/gundam-card-game-iron-blooded-orphans-pc01a-premium-collection-assemble-set-en-2\/\" \/>\n<meta property=\"og:site_name\" content=\"The Uncommon Shop\" \/>\n<meta property=\"article:modified_time\" content=\"2026-03-31T15:37:44+00:00\" \/>\n<meta property=\"og:image\" content=\"https:\/\/theuncommonshop.ch\/wp-content\/uploads\/2025\/12\/PC01A.webp\" \/>\n\t<meta property=\"og:image:width\" content=\"645\" \/>\n\t<meta property=\"og:image:height\" content=\"465\" \/>\n\t<meta property=\"og:image:type\" content=\"image\/webp\" \/>\n<meta name=\"twitter:card\" content=\"summary_large_image\" \/>\n<meta name=\"twitter:label1\" content=\"Disponibilit\u00e9\" \/>\n\t<meta name=\"twitter:data1\" content=\"En stock\" \/>\n<script type=\"application\/ld+json\" class=\"yoast-schema-graph\">{\"@context\":\"https:\\\/\\\/schema.org\",\"@graph\":[{\"@type\":\"WebPage\",\"@id\":\"https:\\\/\\\/theuncommonshop.ch\\\/fr\\\/product\\\/gundam-card-game-iron-blooded-orphans-pc01a-premium-collection-assemble-set-en-2\\\/\",\"url\":\"https:\\\/\\\/theuncommonshop.ch\\\/fr\\\/product\\\/gundam-card-game-iron-blooded-orphans-pc01a-premium-collection-assemble-set-en-2\\\/\",\"name\":\"Ach\u00e8te Gundam Card Game - Iron-Blooded Orphans (PC01A) - Premium Card Collection Assemble Set\",\"isPartOf\":{\"@id\":\"https:\\\/\\\/theuncommonshop.ch\\\/fr\\\/#website\"},\"primaryImageOfPage\":{\"@id\":\"https:\\\/\\\/theuncommonshop.ch\\\/fr\\\/product\\\/gundam-card-game-iron-blooded-orphans-pc01a-premium-collection-assemble-set-en-2\\\/#primaryimage\"},\"image\":{\"@id\":\"https:\\\/\\\/theuncommonshop.ch\\\/fr\\\/product\\\/gundam-card-game-iron-blooded-orphans-pc01a-premium-collection-assemble-set-en-2\\\/#primaryimage\"},\"thumbnailUrl\":\"https:\\\/\\\/theuncommonshop.ch\\\/wp-content\\\/uploads\\\/2025\\\/12\\\/PC01A.webp\",\"datePublished\":\"2025-12-31T01:36:00+00:00\",\"dateModified\":\"2026-03-31T15:37:44+00:00\",\"description\":\"Ach\u00e8te Gundam Card Game - Iron-Blooded Orphans (PC01A) - Premium Card Collection Assemble Set en ligne maintenant \u00e0 petit prix! Ton #1 shop pour cartes TCG & Pok\u00e9mon en Suisse \u2713 Livraison gratuite d\u00e8s CHF 29\",\"breadcrumb\":{\"@id\":\"https:\\\/\\\/theuncommonshop.ch\\\/fr\\\/product\\\/gundam-card-game-iron-blooded-orphans-pc01a-premium-collection-assemble-set-en-2\\\/#breadcrumb\"},\"inLanguage\":\"fr-FR\",\"potentialAction\":[{\"@type\":\"ReadAction\",\"target\":[\"https:\\\/\\\/theuncommonshop.ch\\\/fr\\\/product\\\/gundam-card-game-iron-blooded-orphans-pc01a-premium-collection-assemble-set-en-2\\\/\"]}]},{\"@type\":\"ImageObject\",\"inLanguage\":\"fr-FR\",\"@id\":\"https:\\\/\\\/theuncommonshop.ch\\\/fr\\\/product\\\/gundam-card-game-iron-blooded-orphans-pc01a-premium-collection-assemble-set-en-2\\\/#primaryimage\",\"url\":\"https:\\\/\\\/theuncommonshop.ch\\\/wp-content\\\/uploads\\\/2025\\\/12\\\/PC01A.webp\",\"contentUrl\":\"https:\\\/\\\/theuncommonshop.ch\\\/wp-content\\\/uploads\\\/2025\\\/12\\\/PC01A.webp\",\"width\":645,\"height\":465,\"caption\":\"PC01A\"},{\"@type\":\"BreadcrumbList\",\"@id\":\"https:\\\/\\\/theuncommonshop.ch\\\/fr\\\/product\\\/gundam-card-game-iron-blooded-orphans-pc01a-premium-collection-assemble-set-en-2\\\/#breadcrumb\",\"itemListElement\":[{\"@type\":\"ListItem\",\"position\":1,\"name\":\"Accueil\",\"item\":\"https:\\\/\\\/theuncommonshop.ch\\\/fr\\\/accueil\\\/\"},{\"@type\":\"ListItem\",\"position\":2,\"name\":\"Boutique\",\"item\":\"https:\\\/\\\/theuncommonshop.ch\\\/fr\\\/boutique\\\/\"},{\"@type\":\"ListItem\",\"position\":3,\"name\":\"Autres cartes \u00e0 collectionner\",\"item\":\"https:\\\/\\\/theuncommonshop.ch\\\/fr\\\/categorie-produit\\\/autres-cartes-a-collectionner\\\/\"},{\"@type\":\"ListItem\",\"position\":4,\"name\":\"Gundam\",\"item\":\"https:\\\/\\\/theuncommonshop.ch\\\/fr\\\/categorie-produit\\\/autres-cartes-a-collectionner\\\/gundam\\\/\"},{\"@type\":\"ListItem\",\"position\":5,\"name\":\"Gundam Card Game &#8211; Iron-Blooded Orphans (PC01A) &#8211; Premium Card Collection Assemble Set\"}]},{\"@type\":\"WebSite\",\"@id\":\"https:\\\/\\\/theuncommonshop.ch\\\/fr\\\/#website\",\"url\":\"https:\\\/\\\/theuncommonshop.ch\\\/fr\\\/\",\"name\":\"The Uncommon Shop\",\"description\":\"Magic, Pok\u00e9mon and Yu-gi-oh - The Uncommon Shop\",\"potentialAction\":[{\"@type\":\"SearchAction\",\"target\":{\"@type\":\"EntryPoint\",\"urlTemplate\":\"https:\\\/\\\/theuncommonshop.ch\\\/fr\\\/?s={search_term_string}\"},\"query-input\":{\"@type\":\"PropertyValueSpecification\",\"valueRequired\":true,\"valueName\":\"search_term_string\"}}],\"inLanguage\":\"fr-FR\"}]}<\/script>\n<meta property=\"og:availability\" content=\"instock\" \/>\n<meta property=\"product:availability\" content=\"instock\" \/>\n<meta property=\"product:retailer_item_id\" content=\"PRE.GundamPC01AEN\" \/>\n<meta property=\"product:condition\" content=\"new\" \/>\n<!-- \/ Yoast SEO plugin. -->","yoast_head_json":{"title":"Ach\u00e8te Gundam Card Game - Iron-Blooded Orphans (PC01A) - Premium Card Collection Assemble Set","description":"Ach\u00e8te Gundam Card Game - Iron-Blooded Orphans (PC01A) - Premium Card Collection Assemble Set en ligne maintenant \u00e0 petit prix! Ton #1 shop pour cartes TCG & Pok\u00e9mon en Suisse \u2713 Livraison gratuite d\u00e8s CHF 29","robots":{"index":"index","follow":"follow","max-snippet":"max-snippet:-1","max-image-preview":"max-image-preview:large","max-video-preview":"max-video-preview:-1"},"canonical":"https:\/\/theuncommonshop.ch\/fr\/product\/gundam-card-game-iron-blooded-orphans-pc01a-premium-collection-assemble-set-en-2\/","og_locale":"fr_FR","og_type":"article","og_title":"Ach\u00e8te Gundam Card Game - Iron-Blooded Orphans (PC01A) - Premium Card Collection Assemble Set","og_description":"Ach\u00e8te Gundam Card Game - Iron-Blooded Orphans (PC01A) - Premium Card Collection Assemble Set en ligne maintenant \u00e0 petit prix! Ton #1 shop pour cartes TCG & Pok\u00e9mon en Suisse \u2713 Livraison gratuite d\u00e8s CHF 29","og_url":"https:\/\/theuncommonshop.ch\/fr\/product\/gundam-card-game-iron-blooded-orphans-pc01a-premium-collection-assemble-set-en-2\/","og_site_name":"The Uncommon Shop","article_modified_time":"2026-03-31T15:37:44+00:00","og_image":[{"width":645,"height":465,"url":"https:\/\/theuncommonshop.ch\/wp-content\/uploads\/2025\/12\/PC01A.webp","type":"image\/webp"}],"twitter_card":"summary_large_image","twitter_misc":{"Disponibilit\u00e9":"En stock"},"schema":{"@context":"https:\/\/schema.org","@graph":[{"@type":"WebPage","@id":"https:\/\/theuncommonshop.ch\/fr\/product\/gundam-card-game-iron-blooded-orphans-pc01a-premium-collection-assemble-set-en-2\/","url":"https:\/\/theuncommonshop.ch\/fr\/product\/gundam-card-game-iron-blooded-orphans-pc01a-premium-collection-assemble-set-en-2\/","name":"Ach\u00e8te Gundam Card Game - Iron-Blooded Orphans (PC01A) - Premium Card Collection Assemble Set","isPartOf":{"@id":"https:\/\/theuncommonshop.ch\/fr\/#website"},"primaryImageOfPage":{"@id":"https:\/\/theuncommonshop.ch\/fr\/product\/gundam-card-game-iron-blooded-orphans-pc01a-premium-collection-assemble-set-en-2\/#primaryimage"},"image":{"@id":"https:\/\/theuncommonshop.ch\/fr\/product\/gundam-card-game-iron-blooded-orphans-pc01a-premium-collection-assemble-set-en-2\/#primaryimage"},"thumbnailUrl":"https:\/\/theuncommonshop.ch\/wp-content\/uploads\/2025\/12\/PC01A.webp","datePublished":"2025-12-31T01:36:00+00:00","dateModified":"2026-03-31T15:37:44+00:00","description":"Ach\u00e8te Gundam Card Game - Iron-Blooded Orphans (PC01A) - Premium Card Collection Assemble Set en ligne maintenant \u00e0 petit prix! Ton #1 shop pour cartes TCG & Pok\u00e9mon en Suisse \u2713 Livraison gratuite d\u00e8s CHF 29","breadcrumb":{"@id":"https:\/\/theuncommonshop.ch\/fr\/product\/gundam-card-game-iron-blooded-orphans-pc01a-premium-collection-assemble-set-en-2\/#breadcrumb"},"inLanguage":"fr-FR","potentialAction":[{"@type":"ReadAction","target":["https:\/\/theuncommonshop.ch\/fr\/product\/gundam-card-game-iron-blooded-orphans-pc01a-premium-collection-assemble-set-en-2\/"]}]},{"@type":"ImageObject","inLanguage":"fr-FR","@id":"https:\/\/theuncommonshop.ch\/fr\/product\/gundam-card-game-iron-blooded-orphans-pc01a-premium-collection-assemble-set-en-2\/#primaryimage","url":"https:\/\/theuncommonshop.ch\/wp-content\/uploads\/2025\/12\/PC01A.webp","contentUrl":"https:\/\/theuncommonshop.ch\/wp-content\/uploads\/2025\/12\/PC01A.webp","width":645,"height":465,"caption":"PC01A"},{"@type":"BreadcrumbList","@id":"https:\/\/theuncommonshop.ch\/fr\/product\/gundam-card-game-iron-blooded-orphans-pc01a-premium-collection-assemble-set-en-2\/#breadcrumb","itemListElement":[{"@type":"ListItem","position":1,"name":"Accueil","item":"https:\/\/theuncommonshop.ch\/fr\/accueil\/"},{"@type":"ListItem","position":2,"name":"Boutique","item":"https:\/\/theuncommonshop.ch\/fr\/boutique\/"},{"@type":"ListItem","position":3,"name":"Autres cartes \u00e0 collectionner","item":"https:\/\/theuncommonshop.ch\/fr\/categorie-produit\/autres-cartes-a-collectionner\/"},{"@type":"ListItem","position":4,"name":"Gundam","item":"https:\/\/theuncommonshop.ch\/fr\/categorie-produit\/autres-cartes-a-collectionner\/gundam\/"},{"@type":"ListItem","position":5,"name":"Gundam Card Game &#8211; Iron-Blooded Orphans (PC01A) &#8211; Premium Card Collection Assemble Set"}]},{"@type":"WebSite","@id":"https:\/\/theuncommonshop.ch\/fr\/#website","url":"https:\/\/theuncommonshop.ch\/fr\/","name":"The Uncommon Shop","description":"Magic, Pok\u00e9mon and Yu-gi-oh - The Uncommon Shop","potentialAction":[{"@type":"SearchAction","target":{"@type":"EntryPoint","urlTemplate":"https:\/\/theuncommonshop.ch\/fr\/?s={search_term_string}"},"query-input":{"@type":"PropertyValueSpecification","valueRequired":true,"valueName":"search_term_string"}}],"inLanguage":"fr-FR"}]},"og_availability":"instock","product_availability":"instock","product_retailer_item_id":"PRE.GundamPC01AEN","product_condition":"new"},"_links":{"self":[{"href":"https:\/\/theuncommonshop.ch\/fr\/wp-json\/wp\/v2\/product\/312975","targetHints":{"allow":["GET"]}}],"collection":[{"href":"https:\/\/theuncommonshop.ch\/fr\/wp-json\/wp\/v2\/product"}],"about":[{"href":"https:\/\/theuncommonshop.ch\/fr\/wp-json\/wp\/v2\/types\/product"}],"replies":[{"embeddable":true,"href":"https:\/\/theuncommonshop.ch\/fr\/wp-json\/wp\/v2\/comments?post=312975"}],"version-history":[{"count":0,"href":"https:\/\/theuncommonshop.ch\/fr\/wp-json\/wp\/v2\/product\/312975\/revisions"}],"wp:featuredmedia":[{"embeddable":true,"href":"https:\/\/theuncommonshop.ch\/fr\/wp-json\/wp\/v2\/media\/364484"}],"wp:attachment":[{"href":"https:\/\/theuncommonshop.ch\/fr\/wp-json\/wp\/v2\/media?parent=312975"}],"wp:term":[{"taxonomy":"product_brand","embeddable":true,"href":"https:\/\/theuncommonshop.ch\/fr\/wp-json\/wp\/v2\/product_brand?post=312975"},{"taxonomy":"product_cat","embeddable":true,"href":"https:\/\/theuncommonshop.ch\/fr\/wp-json\/wp\/v2\/product_cat?post=312975"},{"taxonomy":"product_tag","embeddable":true,"href":"https:\/\/theuncommonshop.ch\/fr\/wp-json\/wp\/v2\/product_tag?post=312975"}],"curies":[{"name":"wp","href":"https:\/\/api.w.org\/{rel}","templated":true}]}}