{"id":312769,"date":"2025-12-31T02:15:00","date_gmt":"2025-12-31T01:15:00","guid":{"rendered":"http:\/\/theuncommonshop.ch\/produkt\/312769\/"},"modified":"2026-04-01T15:00:36","modified_gmt":"2026-04-01T13:00:36","slug":"pokemon-sv8-5-prismatic-evolution-premium-figuren-kollektion-2","status":"publish","type":"product","link":"https:\/\/theuncommonshop.ch\/fr\/product\/pokemon-sv8-5-prismatic-evolution-premium-figuren-kollektion-2\/","title":{"rendered":"Pok\u00e9mon &#8211; SV8.5 Prismatic Evolutions &#8211; Premium Figuren Kollektion"},"content":{"rendered":"<div>\n<p><strong>Espeon &amp; Umbreon brillent en tant que Pok\u00e9mon Stellar-Tera-ex !<\/strong><br \/>  Les Pok\u00e9mon Soleil et les Pok\u00e9mon Clair de Lune unissent leurs forces pour apporter des tr\u00e9sors \u00e9tincelants \u00e0 votre collection !<br \/>  En tant que Pok\u00e9mon Stellar-Tera-ex, Psiana et Nachtara apparaissent avec des attaques qui perturbent la strat\u00e9gie de votre adversaire &#8211; et brillent vraiment. Ces cartes promotionnelles holographiques en relief sont accompagn\u00e9es d&#8217;une figurine \u00e0 collectionner tr\u00e8s d\u00e9taill\u00e9e montrant les deux \u00e9volutions d&#8217;Evoli de mani\u00e8re focalis\u00e9e et d\u00e9termin\u00e9e, d&#8217;un pin&#8217;s \u00e0 collectionner de haute qualit\u00e9 et d&#8217;un Deck Set complet de pochettes de cartes pour votre prochain deck. Et puis d&#8217;autres surprises vous attendent dans les boosterpacks de l&#8217;extension sp\u00e9ciale <em>Karmesin &amp; Purpur &#8211; Prismatische Entwicklungen !<\/em> <\/p>\n<p><strong>Le jeu de cartes \u00e0 collectionner Pok\u00e9mon : Karmesin &amp; Purpur &#8211; Prismatische Entwicklungen Premium Collection de figurines comprend :<\/strong><\/p>\n<ul>\n<li>  1 carte promotionnelle holographique en relief avec Psiana-ex<\/li>\n<li>  1 carte promotionnelle holographique en relief avec Nachtara-ex<\/li>\n<li>  1 figurine avec Psiana et Nachtara<\/li>\n<li>  1 pin&#8217;s avec Psiana et Nachtara<\/li>\n<li>  65 pochettes de cartes avec Psiana et Nachtara<\/li>\n<li>  11 Boosterpacks de <em>Karmesin &amp; Purpur &#8211; Prismatische Entwicklungen<\/em><\/li>\n<li><em>1 carte de code pour Pok\u00e9mon TCG Live<\/em><\/li>\n<\/ul>\n<\/div>\n","protected":false},"excerpt":{"rendered":"<p>Espeon &amp; Umbreon brillent en tant que Pok\u00e9mon Stellar-Tera-ex ! Les Pok\u00e9mon Soleil et les Pok\u00e9mon Clair de Lune unissent<\/p>\n","protected":false},"featured_media":266032,"comment_status":"open","ping_status":"closed","template":"","meta":{"_acf_changed":false},"product_brand":[5114,5072],"product_cat":[9811,9777,9829,10103],"product_tag":[],"class_list":{"0":"post-312769","1":"product","2":"type-product","3":"status-publish","4":"has-post-thumbnail","6":"product_brand-pokemon","7":"product_brand-the-pokemon-company","8":"product_cat-coffrets-et-collections-pokemon","9":"product_cat-pokemon-fr","10":"product_cat-super-sale-pokemon-fr","11":"product_cat-sv85-evolutions-prismatiques","13":"first","14":"instock","15":"taxable","16":"shipping-taxable","17":"purchasable","18":"product-type-variable"},"acf":[],"yoast_head":"<!-- This site is optimized with the Yoast SEO plugin v27.4 - https:\/\/yoast.com\/product\/yoast-seo-wordpress\/ -->\n<title>Ach\u00e8te Pok\u00e9mon - SV8.5 Prismatic Evolutions - Premium Figuren Kollektion<\/title>\n<meta name=\"description\" content=\"Ach\u00e8te Pok\u00e9mon - SV8.5 Prismatic Evolutions - Premium Figuren Kollektion en ligne maintenant \u00e0 petit prix! Ton #1 shop pour cartes TCG &amp; Pok\u00e9mon en Suisse \u2713 Livraison gratuite d\u00e8s CHF 29\" \/>\n<meta name=\"robots\" content=\"index, follow, max-snippet:-1, max-image-preview:large, max-video-preview:-1\" \/>\n<link rel=\"canonical\" href=\"https:\/\/theuncommonshop.ch\/fr\/product\/pokemon-sv8-5-prismatic-evolution-premium-figuren-kollektion-2\/\" \/>\n<meta property=\"og:locale\" content=\"fr_FR\" \/>\n<meta property=\"og:type\" content=\"article\" \/>\n<meta property=\"og:title\" content=\"Ach\u00e8te Pok\u00e9mon - SV8.5 Prismatic Evolutions - Premium Figuren Kollektion\" \/>\n<meta property=\"og:description\" content=\"Ach\u00e8te Pok\u00e9mon - SV8.5 Prismatic Evolutions - Premium Figuren Kollektion en ligne maintenant \u00e0 petit prix! Ton #1 shop pour cartes TCG &amp; Pok\u00e9mon en Suisse \u2713 Livraison gratuite d\u00e8s CHF 29\" \/>\n<meta property=\"og:url\" content=\"https:\/\/theuncommonshop.ch\/fr\/product\/pokemon-sv8-5-prismatic-evolution-premium-figuren-kollektion-2\/\" \/>\n<meta property=\"og:site_name\" content=\"Largest trading card shop in Switzerland\" \/>\n<meta property=\"article:modified_time\" content=\"2026-04-01T13:00:36+00:00\" \/>\n<meta property=\"og:image\" content=\"https:\/\/theuncommonshop.ch\/wp-content\/uploads\/2025\/12\/5041893069.jpg\" \/>\n\t<meta property=\"og:image:width\" content=\"2560\" \/>\n\t<meta property=\"og:image:height\" content=\"1816\" \/>\n\t<meta property=\"og:image:type\" content=\"image\/jpeg\" \/>\n<meta name=\"twitter:card\" content=\"summary_large_image\" \/>\n<meta name=\"twitter:label1\" content=\"Disponibilit\u00e9\" \/>\n\t<meta name=\"twitter:data1\" content=\"En stock\" \/>\n<script type=\"application\/ld+json\" class=\"yoast-schema-graph\">{\"@context\":\"https:\\\/\\\/schema.org\",\"@graph\":[{\"@type\":\"WebPage\",\"@id\":\"https:\\\/\\\/theuncommonshop.ch\\\/fr\\\/product\\\/pokemon-sv8-5-prismatic-evolution-premium-figuren-kollektion-2\\\/\",\"url\":\"https:\\\/\\\/theuncommonshop.ch\\\/fr\\\/product\\\/pokemon-sv8-5-prismatic-evolution-premium-figuren-kollektion-2\\\/\",\"name\":\"Ach\u00e8te Pok\u00e9mon - SV8.5 Prismatic Evolutions - Premium Figuren Kollektion\",\"isPartOf\":{\"@id\":\"https:\\\/\\\/theuncommonshop.ch\\\/#website\"},\"primaryImageOfPage\":{\"@id\":\"https:\\\/\\\/theuncommonshop.ch\\\/fr\\\/product\\\/pokemon-sv8-5-prismatic-evolution-premium-figuren-kollektion-2\\\/#primaryimage\"},\"image\":{\"@id\":\"https:\\\/\\\/theuncommonshop.ch\\\/fr\\\/product\\\/pokemon-sv8-5-prismatic-evolution-premium-figuren-kollektion-2\\\/#primaryimage\"},\"thumbnailUrl\":\"https:\\\/\\\/theuncommonshop.ch\\\/wp-content\\\/uploads\\\/2025\\\/12\\\/5041893069.jpg\",\"datePublished\":\"2025-12-31T01:15:00+00:00\",\"dateModified\":\"2026-04-01T13:00:36+00:00\",\"description\":\"Ach\u00e8te Pok\u00e9mon - SV8.5 Prismatic Evolutions - Premium Figuren Kollektion en ligne maintenant \u00e0 petit prix! Ton #1 shop pour cartes TCG & Pok\u00e9mon en Suisse \u2713 Livraison gratuite d\u00e8s CHF 29\",\"breadcrumb\":{\"@id\":\"https:\\\/\\\/theuncommonshop.ch\\\/fr\\\/product\\\/pokemon-sv8-5-prismatic-evolution-premium-figuren-kollektion-2\\\/#breadcrumb\"},\"inLanguage\":\"fr-FR\",\"potentialAction\":[{\"@type\":\"ReadAction\",\"target\":[\"https:\\\/\\\/theuncommonshop.ch\\\/fr\\\/product\\\/pokemon-sv8-5-prismatic-evolution-premium-figuren-kollektion-2\\\/\"]}]},{\"@type\":\"ImageObject\",\"inLanguage\":\"fr-FR\",\"@id\":\"https:\\\/\\\/theuncommonshop.ch\\\/fr\\\/product\\\/pokemon-sv8-5-prismatic-evolution-premium-figuren-kollektion-2\\\/#primaryimage\",\"url\":\"https:\\\/\\\/theuncommonshop.ch\\\/wp-content\\\/uploads\\\/2025\\\/12\\\/5041893069.jpg\",\"contentUrl\":\"https:\\\/\\\/theuncommonshop.ch\\\/wp-content\\\/uploads\\\/2025\\\/12\\\/5041893069.jpg\",\"width\":2560,\"height\":1816},{\"@type\":\"BreadcrumbList\",\"@id\":\"https:\\\/\\\/theuncommonshop.ch\\\/fr\\\/product\\\/pokemon-sv8-5-prismatic-evolution-premium-figuren-kollektion-2\\\/#breadcrumb\",\"itemListElement\":[{\"@type\":\"ListItem\",\"position\":1,\"name\":\"Accueil\",\"item\":\"https:\\\/\\\/theuncommonshop.ch\\\/fr\\\/accueil\\\/\"},{\"@type\":\"ListItem\",\"position\":2,\"name\":\"Boutique\",\"item\":\"https:\\\/\\\/theuncommonshop.ch\\\/fr\\\/boutique\\\/\"},{\"@type\":\"ListItem\",\"position\":3,\"name\":\"Pok\u00e9mon\",\"item\":\"https:\\\/\\\/theuncommonshop.ch\\\/produktkategorie\\\/pokemon\\\/\"},{\"@type\":\"ListItem\",\"position\":4,\"name\":\"Produkte nach Sets\",\"item\":\"https:\\\/\\\/theuncommonshop.ch\\\/produktkategorie\\\/pokemon\\\/produkte-nach-sets\\\/\"},{\"@type\":\"ListItem\",\"position\":5,\"name\":\"Karmesin & Purpur\",\"item\":\"https:\\\/\\\/theuncommonshop.ch\\\/produktkategorie\\\/pokemon\\\/produkte-nach-sets\\\/karmesin-und-purpur-aera\\\/\"},{\"@type\":\"ListItem\",\"position\":6,\"name\":\"SV8.5 Prismatische Entwicklungen\",\"item\":\"https:\\\/\\\/theuncommonshop.ch\\\/produktkategorie\\\/pokemon\\\/produkte-nach-sets\\\/karmesin-und-purpur-aera\\\/sv8-5-prismatic-evolution\\\/\"},{\"@type\":\"ListItem\",\"position\":7,\"name\":\"Pok\u00e9mon &#8211; SV8.5 Prismatic Evolutions &#8211; Premium Figuren Kollektion\"}]},{\"@type\":\"WebSite\",\"@id\":\"https:\\\/\\\/theuncommonshop.ch\\\/#website\",\"url\":\"https:\\\/\\\/theuncommonshop.ch\\\/\",\"name\":\"Largest trading card shop in Switzerland\",\"description\":\"Magic, Pok\u00e9mon and Yu-gi-oh - The Uncommon Shop\",\"potentialAction\":[{\"@type\":\"SearchAction\",\"target\":{\"@type\":\"EntryPoint\",\"urlTemplate\":\"https:\\\/\\\/theuncommonshop.ch\\\/?s={search_term_string}\"},\"query-input\":{\"@type\":\"PropertyValueSpecification\",\"valueRequired\":true,\"valueName\":\"search_term_string\"}}],\"inLanguage\":\"fr-FR\"}]}<\/script>\n<meta property=\"og:availability\" content=\"instock\" \/>\n<meta property=\"product:availability\" content=\"instock\" \/>\n<meta property=\"product:condition\" content=\"new\" \/>\n<!-- \/ Yoast SEO plugin. -->","yoast_head_json":{"title":"Ach\u00e8te Pok\u00e9mon - SV8.5 Prismatic Evolutions - Premium Figuren Kollektion","description":"Ach\u00e8te Pok\u00e9mon - SV8.5 Prismatic Evolutions - Premium Figuren Kollektion en ligne maintenant \u00e0 petit prix! Ton #1 shop pour cartes TCG & Pok\u00e9mon en Suisse \u2713 Livraison gratuite d\u00e8s CHF 29","robots":{"index":"index","follow":"follow","max-snippet":"max-snippet:-1","max-image-preview":"max-image-preview:large","max-video-preview":"max-video-preview:-1"},"canonical":"https:\/\/theuncommonshop.ch\/fr\/product\/pokemon-sv8-5-prismatic-evolution-premium-figuren-kollektion-2\/","og_locale":"fr_FR","og_type":"article","og_title":"Ach\u00e8te Pok\u00e9mon - SV8.5 Prismatic Evolutions - Premium Figuren Kollektion","og_description":"Ach\u00e8te Pok\u00e9mon - SV8.5 Prismatic Evolutions - Premium Figuren Kollektion en ligne maintenant \u00e0 petit prix! Ton #1 shop pour cartes TCG & Pok\u00e9mon en Suisse \u2713 Livraison gratuite d\u00e8s CHF 29","og_url":"https:\/\/theuncommonshop.ch\/fr\/product\/pokemon-sv8-5-prismatic-evolution-premium-figuren-kollektion-2\/","og_site_name":"Largest trading card shop in Switzerland","article_modified_time":"2026-04-01T13:00:36+00:00","og_image":[{"width":2560,"height":1816,"url":"https:\/\/theuncommonshop.ch\/wp-content\/uploads\/2025\/12\/5041893069.jpg","type":"image\/jpeg"}],"twitter_card":"summary_large_image","twitter_misc":{"Disponibilit\u00e9":"En stock"},"schema":{"@context":"https:\/\/schema.org","@graph":[{"@type":"WebPage","@id":"https:\/\/theuncommonshop.ch\/fr\/product\/pokemon-sv8-5-prismatic-evolution-premium-figuren-kollektion-2\/","url":"https:\/\/theuncommonshop.ch\/fr\/product\/pokemon-sv8-5-prismatic-evolution-premium-figuren-kollektion-2\/","name":"Ach\u00e8te Pok\u00e9mon - SV8.5 Prismatic Evolutions - Premium Figuren Kollektion","isPartOf":{"@id":"https:\/\/theuncommonshop.ch\/#website"},"primaryImageOfPage":{"@id":"https:\/\/theuncommonshop.ch\/fr\/product\/pokemon-sv8-5-prismatic-evolution-premium-figuren-kollektion-2\/#primaryimage"},"image":{"@id":"https:\/\/theuncommonshop.ch\/fr\/product\/pokemon-sv8-5-prismatic-evolution-premium-figuren-kollektion-2\/#primaryimage"},"thumbnailUrl":"https:\/\/theuncommonshop.ch\/wp-content\/uploads\/2025\/12\/5041893069.jpg","datePublished":"2025-12-31T01:15:00+00:00","dateModified":"2026-04-01T13:00:36+00:00","description":"Ach\u00e8te Pok\u00e9mon - SV8.5 Prismatic Evolutions - Premium Figuren Kollektion en ligne maintenant \u00e0 petit prix! Ton #1 shop pour cartes TCG & Pok\u00e9mon en Suisse \u2713 Livraison gratuite d\u00e8s CHF 29","breadcrumb":{"@id":"https:\/\/theuncommonshop.ch\/fr\/product\/pokemon-sv8-5-prismatic-evolution-premium-figuren-kollektion-2\/#breadcrumb"},"inLanguage":"fr-FR","potentialAction":[{"@type":"ReadAction","target":["https:\/\/theuncommonshop.ch\/fr\/product\/pokemon-sv8-5-prismatic-evolution-premium-figuren-kollektion-2\/"]}]},{"@type":"ImageObject","inLanguage":"fr-FR","@id":"https:\/\/theuncommonshop.ch\/fr\/product\/pokemon-sv8-5-prismatic-evolution-premium-figuren-kollektion-2\/#primaryimage","url":"https:\/\/theuncommonshop.ch\/wp-content\/uploads\/2025\/12\/5041893069.jpg","contentUrl":"https:\/\/theuncommonshop.ch\/wp-content\/uploads\/2025\/12\/5041893069.jpg","width":2560,"height":1816},{"@type":"BreadcrumbList","@id":"https:\/\/theuncommonshop.ch\/fr\/product\/pokemon-sv8-5-prismatic-evolution-premium-figuren-kollektion-2\/#breadcrumb","itemListElement":[{"@type":"ListItem","position":1,"name":"Accueil","item":"https:\/\/theuncommonshop.ch\/fr\/accueil\/"},{"@type":"ListItem","position":2,"name":"Boutique","item":"https:\/\/theuncommonshop.ch\/fr\/boutique\/"},{"@type":"ListItem","position":3,"name":"Pok\u00e9mon","item":"https:\/\/theuncommonshop.ch\/produktkategorie\/pokemon\/"},{"@type":"ListItem","position":4,"name":"Produkte nach Sets","item":"https:\/\/theuncommonshop.ch\/produktkategorie\/pokemon\/produkte-nach-sets\/"},{"@type":"ListItem","position":5,"name":"Karmesin & Purpur","item":"https:\/\/theuncommonshop.ch\/produktkategorie\/pokemon\/produkte-nach-sets\/karmesin-und-purpur-aera\/"},{"@type":"ListItem","position":6,"name":"SV8.5 Prismatische Entwicklungen","item":"https:\/\/theuncommonshop.ch\/produktkategorie\/pokemon\/produkte-nach-sets\/karmesin-und-purpur-aera\/sv8-5-prismatic-evolution\/"},{"@type":"ListItem","position":7,"name":"Pok\u00e9mon &#8211; SV8.5 Prismatic Evolutions &#8211; Premium Figuren Kollektion"}]},{"@type":"WebSite","@id":"https:\/\/theuncommonshop.ch\/#website","url":"https:\/\/theuncommonshop.ch\/","name":"Largest trading card shop in Switzerland","description":"Magic, Pok\u00e9mon and Yu-gi-oh - The Uncommon Shop","potentialAction":[{"@type":"SearchAction","target":{"@type":"EntryPoint","urlTemplate":"https:\/\/theuncommonshop.ch\/?s={search_term_string}"},"query-input":{"@type":"PropertyValueSpecification","valueRequired":true,"valueName":"search_term_string"}}],"inLanguage":"fr-FR"}]},"og_availability":"instock","product_availability":"instock","product_condition":"new"},"_links":{"self":[{"href":"https:\/\/theuncommonshop.ch\/fr\/wp-json\/wp\/v2\/product\/312769","targetHints":{"allow":["GET"]}}],"collection":[{"href":"https:\/\/theuncommonshop.ch\/fr\/wp-json\/wp\/v2\/product"}],"about":[{"href":"https:\/\/theuncommonshop.ch\/fr\/wp-json\/wp\/v2\/types\/product"}],"replies":[{"embeddable":true,"href":"https:\/\/theuncommonshop.ch\/fr\/wp-json\/wp\/v2\/comments?post=312769"}],"version-history":[{"count":3,"href":"https:\/\/theuncommonshop.ch\/fr\/wp-json\/wp\/v2\/product\/312769\/revisions"}],"predecessor-version":[{"id":366156,"href":"https:\/\/theuncommonshop.ch\/fr\/wp-json\/wp\/v2\/product\/312769\/revisions\/366156"}],"wp:featuredmedia":[{"embeddable":true,"href":"https:\/\/theuncommonshop.ch\/fr\/wp-json\/wp\/v2\/media\/266032"}],"wp:attachment":[{"href":"https:\/\/theuncommonshop.ch\/fr\/wp-json\/wp\/v2\/media?parent=312769"}],"wp:term":[{"taxonomy":"product_brand","embeddable":true,"href":"https:\/\/theuncommonshop.ch\/fr\/wp-json\/wp\/v2\/product_brand?post=312769"},{"taxonomy":"product_cat","embeddable":true,"href":"https:\/\/theuncommonshop.ch\/fr\/wp-json\/wp\/v2\/product_cat?post=312769"},{"taxonomy":"product_tag","embeddable":true,"href":"https:\/\/theuncommonshop.ch\/fr\/wp-json\/wp\/v2\/product_tag?post=312769"}],"curies":[{"name":"wp","href":"https:\/\/api.w.org\/{rel}","templated":true}]}}