{"id":312553,"date":"2025-12-31T12:08:11","date_gmt":"2025-12-31T12:08:11","guid":{"rendered":"http:\/\/theuncommonshop.ch\/produkt\/312553\/"},"modified":"2026-03-26T13:23:59","modified_gmt":"2026-03-26T12:23:59","slug":"magic-avatar-the-last-airbender-pre-release-kit-2","status":"publish","type":"product","link":"https:\/\/theuncommonshop.ch\/fr\/product\/magic-avatar-the-last-airbender-pre-release-kit-2\/","title":{"rendered":"Magic &#8211; Avatar: The Last Airbender &#8211; Pre Release Kit"},"content":{"rendered":"<p>Contenu de la livraison :<\/p>\n<ul>\n<li>5 Avatar : Le Seigneur des \u00e9l\u00e9ments &#8211; Play Boosters<\/li>\n<li>1 Booster de 13 cartes pour un personnage (Aang, Katara, Azula, Zuko ou Toph)<\/li>\n<li>1 carte Foil traditionnelle de niveau de raret\u00e9 &#8220;Rare&#8221; ou &#8220;Mythic Rare&#8221; avec cachet annuel<\/li>\n<li>2 pions double face<\/li>\n<li>1 bo\u00eete de pont<\/li>\n<li>1 compteur de points de vie Spindown de la couleur du Pack Prerelease<\/li>\n<\/ul>\n","protected":false},"excerpt":{"rendered":"<p>Contenu de la livraison : 5 Avatar : Le Seigneur des \u00e9l\u00e9ments &#8211; Play Boosters 1 Booster de 13 cartes<\/p>\n","protected":false},"featured_media":276280,"comment_status":"open","ping_status":"closed","template":"","meta":{"_acf_changed":false},"product_brand":[5168,5158,5070],"product_cat":[9973,10165,10161,9967,9991],"product_tag":[],"class_list":{"0":"post-312553","1":"product","2":"type-product","3":"status-publish","4":"has-post-thumbnail","6":"product_brand-magic-the-gathering","8":"product_brand-wizards-of-the-coast","9":"product_cat-autres","10":"product_cat-avatar-le-dernier-maitre-de-lair","11":"product_cat-kits-de-pre-lancement","12":"product_cat-magic-the-gathering-fr","13":"product_cat-produits-par-lots-mtg","15":"first","16":"outofstock","17":"taxable","18":"shipping-taxable","19":"purchasable","20":"product-type-variable"},"acf":[],"yoast_head":"<!-- This site is optimized with the Yoast SEO plugin v27.4 - https:\/\/yoast.com\/product\/yoast-seo-wordpress\/ -->\n<title>Ach\u00e8te Magic - Avatar: The Last Airbender - Pre Release Kit<\/title>\n<meta name=\"description\" content=\"Ach\u00e8te Magic - Avatar: The Last Airbender - Pre Release Kit en ligne maintenant \u00e0 petit prix! Ton #1 shop pour cartes TCG &amp; Pok\u00e9mon en Suisse \u2713 Livraison gratuite d\u00e8s CHF 29\" \/>\n<meta name=\"robots\" content=\"index, follow, max-snippet:-1, max-image-preview:large, max-video-preview:-1\" \/>\n<link rel=\"canonical\" href=\"https:\/\/theuncommonshop.ch\/fr\/product\/magic-avatar-the-last-airbender-pre-release-kit-2\/\" \/>\n<meta property=\"og:locale\" content=\"fr_FR\" \/>\n<meta property=\"og:type\" content=\"article\" \/>\n<meta property=\"og:title\" content=\"Ach\u00e8te Magic - Avatar: The Last Airbender - Pre Release Kit\" \/>\n<meta property=\"og:description\" content=\"Ach\u00e8te Magic - Avatar: The Last Airbender - Pre Release Kit en ligne maintenant \u00e0 petit prix! Ton #1 shop pour cartes TCG &amp; Pok\u00e9mon en Suisse \u2713 Livraison gratuite d\u00e8s CHF 29\" \/>\n<meta property=\"og:url\" content=\"https:\/\/theuncommonshop.ch\/fr\/product\/magic-avatar-the-last-airbender-pre-release-kit-2\/\" \/>\n<meta property=\"og:site_name\" content=\"Largest trading card shop in Switzerland\" \/>\n<meta property=\"article:modified_time\" content=\"2026-03-26T12:23:59+00:00\" \/>\n<meta property=\"og:image\" content=\"https:\/\/theuncommonshop.ch\/wp-content\/uploads\/2025\/12\/5394940298.webp\" \/>\n\t<meta property=\"og:image:width\" content=\"920\" \/>\n\t<meta property=\"og:image:height\" content=\"696\" \/>\n\t<meta property=\"og:image:type\" content=\"image\/webp\" \/>\n<meta name=\"twitter:card\" content=\"summary_large_image\" \/>\n<meta name=\"twitter:label1\" content=\"Disponibilit\u00e9\" \/>\n\t<meta name=\"twitter:data1\" content=\"Rupture de stock\" \/>\n<script type=\"application\/ld+json\" class=\"yoast-schema-graph\">{\"@context\":\"https:\\\/\\\/schema.org\",\"@graph\":[{\"@type\":\"WebPage\",\"@id\":\"https:\\\/\\\/theuncommonshop.ch\\\/fr\\\/product\\\/magic-avatar-the-last-airbender-pre-release-kit-2\\\/\",\"url\":\"https:\\\/\\\/theuncommonshop.ch\\\/fr\\\/product\\\/magic-avatar-the-last-airbender-pre-release-kit-2\\\/\",\"name\":\"Ach\u00e8te Magic - Avatar: The Last Airbender - Pre Release Kit\",\"isPartOf\":{\"@id\":\"https:\\\/\\\/theuncommonshop.ch\\\/#website\"},\"primaryImageOfPage\":{\"@id\":\"https:\\\/\\\/theuncommonshop.ch\\\/fr\\\/product\\\/magic-avatar-the-last-airbender-pre-release-kit-2\\\/#primaryimage\"},\"image\":{\"@id\":\"https:\\\/\\\/theuncommonshop.ch\\\/fr\\\/product\\\/magic-avatar-the-last-airbender-pre-release-kit-2\\\/#primaryimage\"},\"thumbnailUrl\":\"https:\\\/\\\/theuncommonshop.ch\\\/wp-content\\\/uploads\\\/2025\\\/12\\\/5394940298.webp\",\"datePublished\":\"2025-12-31T12:08:11+00:00\",\"dateModified\":\"2026-03-26T12:23:59+00:00\",\"description\":\"Ach\u00e8te Magic - Avatar: The Last Airbender - Pre Release Kit en ligne maintenant \u00e0 petit prix! Ton #1 shop pour cartes TCG & Pok\u00e9mon en Suisse \u2713 Livraison gratuite d\u00e8s CHF 29\",\"breadcrumb\":{\"@id\":\"https:\\\/\\\/theuncommonshop.ch\\\/fr\\\/product\\\/magic-avatar-the-last-airbender-pre-release-kit-2\\\/#breadcrumb\"},\"inLanguage\":\"fr-FR\",\"potentialAction\":[{\"@type\":\"ReadAction\",\"target\":[\"https:\\\/\\\/theuncommonshop.ch\\\/fr\\\/product\\\/magic-avatar-the-last-airbender-pre-release-kit-2\\\/\"]}]},{\"@type\":\"ImageObject\",\"inLanguage\":\"fr-FR\",\"@id\":\"https:\\\/\\\/theuncommonshop.ch\\\/fr\\\/product\\\/magic-avatar-the-last-airbender-pre-release-kit-2\\\/#primaryimage\",\"url\":\"https:\\\/\\\/theuncommonshop.ch\\\/wp-content\\\/uploads\\\/2025\\\/12\\\/5394940298.webp\",\"contentUrl\":\"https:\\\/\\\/theuncommonshop.ch\\\/wp-content\\\/uploads\\\/2025\\\/12\\\/5394940298.webp\",\"width\":920,\"height\":696},{\"@type\":\"BreadcrumbList\",\"@id\":\"https:\\\/\\\/theuncommonshop.ch\\\/fr\\\/product\\\/magic-avatar-the-last-airbender-pre-release-kit-2\\\/#breadcrumb\",\"itemListElement\":[{\"@type\":\"ListItem\",\"position\":1,\"name\":\"Accueil\",\"item\":\"https:\\\/\\\/theuncommonshop.ch\\\/fr\\\/accueil\\\/\"},{\"@type\":\"ListItem\",\"position\":2,\"name\":\"Boutique\",\"item\":\"https:\\\/\\\/theuncommonshop.ch\\\/fr\\\/boutique\\\/\"},{\"@type\":\"ListItem\",\"position\":3,\"name\":\"Magic the Gathering\",\"item\":\"https:\\\/\\\/theuncommonshop.ch\\\/fr\\\/categorie-produit\\\/magic-the-gathering-fr\\\/\"},{\"@type\":\"ListItem\",\"position\":4,\"name\":\"Autres\",\"item\":\"https:\\\/\\\/theuncommonshop.ch\\\/fr\\\/categorie-produit\\\/magic-the-gathering-fr\\\/autres\\\/\"},{\"@type\":\"ListItem\",\"position\":5,\"name\":\"Kits de pr\u00e9-lancement\",\"item\":\"https:\\\/\\\/theuncommonshop.ch\\\/fr\\\/categorie-produit\\\/magic-the-gathering-fr\\\/autres\\\/kits-de-pre-lancement\\\/\"},{\"@type\":\"ListItem\",\"position\":6,\"name\":\"Magic &#8211; Avatar: The Last Airbender &#8211; Pre Release Kit\"}]},{\"@type\":\"WebSite\",\"@id\":\"https:\\\/\\\/theuncommonshop.ch\\\/#website\",\"url\":\"https:\\\/\\\/theuncommonshop.ch\\\/\",\"name\":\"Largest trading card shop in Switzerland\",\"description\":\"Magic, Pok\u00e9mon and Yu-gi-oh - The Uncommon Shop\",\"potentialAction\":[{\"@type\":\"SearchAction\",\"target\":{\"@type\":\"EntryPoint\",\"urlTemplate\":\"https:\\\/\\\/theuncommonshop.ch\\\/?s={search_term_string}\"},\"query-input\":{\"@type\":\"PropertyValueSpecification\",\"valueRequired\":true,\"valueName\":\"search_term_string\"}}],\"inLanguage\":\"fr-FR\"}]}<\/script>\n<meta property=\"og:availability\" content=\"out of stock\" \/>\n<meta property=\"product:availability\" content=\"out of stock\" \/>\n<meta property=\"product:retailer_item_id\" content=\"MTG.XIV.E.AvatarPreReleaseKit.DE\" \/>\n<meta property=\"product:condition\" content=\"new\" \/>\n<!-- \/ Yoast SEO plugin. -->","yoast_head_json":{"title":"Ach\u00e8te Magic - Avatar: The Last Airbender - Pre Release Kit","description":"Ach\u00e8te Magic - Avatar: The Last Airbender - Pre Release Kit en ligne maintenant \u00e0 petit prix! Ton #1 shop pour cartes TCG & Pok\u00e9mon en Suisse \u2713 Livraison gratuite d\u00e8s CHF 29","robots":{"index":"index","follow":"follow","max-snippet":"max-snippet:-1","max-image-preview":"max-image-preview:large","max-video-preview":"max-video-preview:-1"},"canonical":"https:\/\/theuncommonshop.ch\/fr\/product\/magic-avatar-the-last-airbender-pre-release-kit-2\/","og_locale":"fr_FR","og_type":"article","og_title":"Ach\u00e8te Magic - Avatar: The Last Airbender - Pre Release Kit","og_description":"Ach\u00e8te Magic - Avatar: The Last Airbender - Pre Release Kit en ligne maintenant \u00e0 petit prix! Ton #1 shop pour cartes TCG & Pok\u00e9mon en Suisse \u2713 Livraison gratuite d\u00e8s CHF 29","og_url":"https:\/\/theuncommonshop.ch\/fr\/product\/magic-avatar-the-last-airbender-pre-release-kit-2\/","og_site_name":"Largest trading card shop in Switzerland","article_modified_time":"2026-03-26T12:23:59+00:00","og_image":[{"width":920,"height":696,"url":"https:\/\/theuncommonshop.ch\/wp-content\/uploads\/2025\/12\/5394940298.webp","type":"image\/webp"}],"twitter_card":"summary_large_image","twitter_misc":{"Disponibilit\u00e9":"Rupture de stock"},"schema":{"@context":"https:\/\/schema.org","@graph":[{"@type":"WebPage","@id":"https:\/\/theuncommonshop.ch\/fr\/product\/magic-avatar-the-last-airbender-pre-release-kit-2\/","url":"https:\/\/theuncommonshop.ch\/fr\/product\/magic-avatar-the-last-airbender-pre-release-kit-2\/","name":"Ach\u00e8te Magic - Avatar: The Last Airbender - Pre Release Kit","isPartOf":{"@id":"https:\/\/theuncommonshop.ch\/#website"},"primaryImageOfPage":{"@id":"https:\/\/theuncommonshop.ch\/fr\/product\/magic-avatar-the-last-airbender-pre-release-kit-2\/#primaryimage"},"image":{"@id":"https:\/\/theuncommonshop.ch\/fr\/product\/magic-avatar-the-last-airbender-pre-release-kit-2\/#primaryimage"},"thumbnailUrl":"https:\/\/theuncommonshop.ch\/wp-content\/uploads\/2025\/12\/5394940298.webp","datePublished":"2025-12-31T12:08:11+00:00","dateModified":"2026-03-26T12:23:59+00:00","description":"Ach\u00e8te Magic - Avatar: The Last Airbender - Pre Release Kit en ligne maintenant \u00e0 petit prix! Ton #1 shop pour cartes TCG & Pok\u00e9mon en Suisse \u2713 Livraison gratuite d\u00e8s CHF 29","breadcrumb":{"@id":"https:\/\/theuncommonshop.ch\/fr\/product\/magic-avatar-the-last-airbender-pre-release-kit-2\/#breadcrumb"},"inLanguage":"fr-FR","potentialAction":[{"@type":"ReadAction","target":["https:\/\/theuncommonshop.ch\/fr\/product\/magic-avatar-the-last-airbender-pre-release-kit-2\/"]}]},{"@type":"ImageObject","inLanguage":"fr-FR","@id":"https:\/\/theuncommonshop.ch\/fr\/product\/magic-avatar-the-last-airbender-pre-release-kit-2\/#primaryimage","url":"https:\/\/theuncommonshop.ch\/wp-content\/uploads\/2025\/12\/5394940298.webp","contentUrl":"https:\/\/theuncommonshop.ch\/wp-content\/uploads\/2025\/12\/5394940298.webp","width":920,"height":696},{"@type":"BreadcrumbList","@id":"https:\/\/theuncommonshop.ch\/fr\/product\/magic-avatar-the-last-airbender-pre-release-kit-2\/#breadcrumb","itemListElement":[{"@type":"ListItem","position":1,"name":"Accueil","item":"https:\/\/theuncommonshop.ch\/fr\/accueil\/"},{"@type":"ListItem","position":2,"name":"Boutique","item":"https:\/\/theuncommonshop.ch\/fr\/boutique\/"},{"@type":"ListItem","position":3,"name":"Magic the Gathering","item":"https:\/\/theuncommonshop.ch\/fr\/categorie-produit\/magic-the-gathering-fr\/"},{"@type":"ListItem","position":4,"name":"Autres","item":"https:\/\/theuncommonshop.ch\/fr\/categorie-produit\/magic-the-gathering-fr\/autres\/"},{"@type":"ListItem","position":5,"name":"Kits de pr\u00e9-lancement","item":"https:\/\/theuncommonshop.ch\/fr\/categorie-produit\/magic-the-gathering-fr\/autres\/kits-de-pre-lancement\/"},{"@type":"ListItem","position":6,"name":"Magic &#8211; Avatar: The Last Airbender &#8211; Pre Release Kit"}]},{"@type":"WebSite","@id":"https:\/\/theuncommonshop.ch\/#website","url":"https:\/\/theuncommonshop.ch\/","name":"Largest trading card shop in Switzerland","description":"Magic, Pok\u00e9mon and Yu-gi-oh - The Uncommon Shop","potentialAction":[{"@type":"SearchAction","target":{"@type":"EntryPoint","urlTemplate":"https:\/\/theuncommonshop.ch\/?s={search_term_string}"},"query-input":{"@type":"PropertyValueSpecification","valueRequired":true,"valueName":"search_term_string"}}],"inLanguage":"fr-FR"}]},"og_availability":"out of stock","product_availability":"out of stock","product_retailer_item_id":"MTG.XIV.E.AvatarPreReleaseKit.DE","product_condition":"new"},"_links":{"self":[{"href":"https:\/\/theuncommonshop.ch\/fr\/wp-json\/wp\/v2\/product\/312553","targetHints":{"allow":["GET"]}}],"collection":[{"href":"https:\/\/theuncommonshop.ch\/fr\/wp-json\/wp\/v2\/product"}],"about":[{"href":"https:\/\/theuncommonshop.ch\/fr\/wp-json\/wp\/v2\/types\/product"}],"replies":[{"embeddable":true,"href":"https:\/\/theuncommonshop.ch\/fr\/wp-json\/wp\/v2\/comments?post=312553"}],"version-history":[{"count":1,"href":"https:\/\/theuncommonshop.ch\/fr\/wp-json\/wp\/v2\/product\/312553\/revisions"}],"predecessor-version":[{"id":312572,"href":"https:\/\/theuncommonshop.ch\/fr\/wp-json\/wp\/v2\/product\/312553\/revisions\/312572"}],"wp:featuredmedia":[{"embeddable":true,"href":"https:\/\/theuncommonshop.ch\/fr\/wp-json\/wp\/v2\/media\/276280"}],"wp:attachment":[{"href":"https:\/\/theuncommonshop.ch\/fr\/wp-json\/wp\/v2\/media?parent=312553"}],"wp:term":[{"taxonomy":"product_brand","embeddable":true,"href":"https:\/\/theuncommonshop.ch\/fr\/wp-json\/wp\/v2\/product_brand?post=312553"},{"taxonomy":"product_cat","embeddable":true,"href":"https:\/\/theuncommonshop.ch\/fr\/wp-json\/wp\/v2\/product_cat?post=312553"},{"taxonomy":"product_tag","embeddable":true,"href":"https:\/\/theuncommonshop.ch\/fr\/wp-json\/wp\/v2\/product_tag?post=312553"}],"curies":[{"name":"wp","href":"https:\/\/api.w.org\/{rel}","templated":true}]}}