{"id":312537,"date":"2025-12-31T11:57:42","date_gmt":"2025-12-31T11:57:42","guid":{"rendered":"http:\/\/theuncommonshop.ch\/produkt\/312537\/"},"modified":"2026-03-30T14:45:00","modified_gmt":"2026-03-30T12:45:00","slug":"magic-teenage-mutant-ninja-turtles-tmt-collector-booster-pack-3","status":"publish","type":"product","link":"https:\/\/theuncommonshop.ch\/fr\/product\/magic-teenage-mutant-ninja-turtles-tmt-collector-booster-pack-3\/","title":{"rendered":"Magic &#8211; Teenage Mutant Ninja Turtles (TMT) &#8211; Collector Booster Pack"},"content":{"rendered":"<p>UTILISEZ LE POUVOIR DES TORTUES &#8211; Magic re\u00e7oit une quadruple dose de chaos mutag\u00e8ne alors que les Teenage Mutant Ninja Turtles font leurs d\u00e9buts sur le champ de bataille !<\/p>\n<p>RESTEZ EN AVANCE DU SHREDDER &#8211; Gardez vos armes de ninja suffisamment aff\u00fbt\u00e9es pour vaincre le Foot Clan avec ces Packs Premium de cartes Magic renforc\u00e9es par mutag\u00e8ne !<\/p>\n<p>QU&#8217;EST-CE QU&#8217;UN COLLECTOR BOOSTER ? &#8211; Les Collector Boosters sont le moyen ultime d&#8217;enrichir votre collection de cartes uniques et exclusives. Dans chaque Packs, vous trouverez des Foils en quantit\u00e9, des am\u00e9liorations de cartes sp\u00e9ciales et bien plus encore.  <\/p>\n<p>LES MEILLEURES CARTES \u00c0 JOUER ET \u00c0 EXPOSER &#8211; Dans chaque Pack, vous recevrez des cartes rares et\/ou mythiques avec le Power de la Tortue, des Foils traditionnels et un Pays Full Art. Vous pourriez m\u00eame trouver des cartes borderless aussi nostalgiques que le fromage sur une part de pizza. <\/p>\n<p>BIENVENUE DANS THE GATHERING &#8211; Magic : The Gathering est un jeu de cartes \u00e0 collectionner qui combine des strat\u00e9gies profondes, des \u0153uvres d&#8217;art magnifiques, des histoires fantastiques et une communaut\u00e9 de fans florissante pour cr\u00e9er une exp\u00e9rience de jeu de cartes in\u00e9gal\u00e9e.<\/p>\n<p>&nbsp;<\/p>\n","protected":false},"excerpt":{"rendered":"<p>UTILISEZ LE POUVOIR DES TORTUES &#8211; Magic re\u00e7oit une quadruple dose de chaos mutag\u00e8ne alors que les Teenage Mutant Ninja<\/p>\n","protected":false},"featured_media":275959,"comment_status":"open","ping_status":"closed","template":"","meta":{"_acf_changed":false},"product_brand":[5168,5158,5070],"product_cat":[9985,9967,9991,10283],"product_tag":[],"class_list":{"0":"post-312537","1":"product","2":"type-product","3":"status-publish","4":"has-post-thumbnail","6":"product_brand-magic-the-gathering","8":"product_brand-wizards-of-the-coast","9":"product_cat-booster-packs-fr","10":"product_cat-magic-the-gathering-fr","11":"product_cat-produits-par-lots-mtg","12":"product_cat-teenage-mutant-ninja-turtles-fr","14":"first","15":"instock","16":"taxable","17":"shipping-taxable","18":"purchasable","19":"product-type-variable"},"acf":[],"yoast_head":"<!-- This site is optimized with the Yoast SEO plugin v27.4 - https:\/\/yoast.com\/product\/yoast-seo-wordpress\/ -->\n<title>Ach\u00e8te Magic - Teenage Mutant Ninja Turtles (TMT) - Collector Booster Pack<\/title>\n<meta name=\"description\" content=\"Ach\u00e8te Magic - Teenage Mutant Ninja Turtles (TMT) - Collector Booster Pack en ligne maintenant \u00e0 petit prix! Ton #1 shop pour cartes TCG &amp; Pok\u00e9mon en Suisse \u2713 Livraison gratuite d\u00e8s CHF 29\" \/>\n<meta name=\"robots\" content=\"index, follow, max-snippet:-1, max-image-preview:large, max-video-preview:-1\" \/>\n<link rel=\"canonical\" href=\"https:\/\/theuncommonshop.ch\/fr\/product\/magic-teenage-mutant-ninja-turtles-tmt-collector-booster-pack-3\/\" \/>\n<meta property=\"og:locale\" content=\"fr_FR\" \/>\n<meta property=\"og:type\" content=\"article\" \/>\n<meta property=\"og:title\" content=\"Ach\u00e8te Magic - Teenage Mutant Ninja Turtles (TMT) - Collector Booster Pack\" \/>\n<meta property=\"og:description\" content=\"Ach\u00e8te Magic - Teenage Mutant Ninja Turtles (TMT) - Collector Booster Pack en ligne maintenant \u00e0 petit prix! Ton #1 shop pour cartes TCG &amp; Pok\u00e9mon en Suisse \u2713 Livraison gratuite d\u00e8s CHF 29\" \/>\n<meta property=\"og:url\" content=\"https:\/\/theuncommonshop.ch\/fr\/product\/magic-teenage-mutant-ninja-turtles-tmt-collector-booster-pack-3\/\" \/>\n<meta property=\"og:site_name\" content=\"Largest trading card shop in Switzerland\" \/>\n<meta property=\"article:modified_time\" content=\"2026-03-30T12:45:00+00:00\" \/>\n<meta property=\"og:image\" content=\"https:\/\/theuncommonshop.ch\/wp-content\/uploads\/2025\/12\/5272308966.png\" \/>\n\t<meta property=\"og:image:width\" content=\"432\" \/>\n\t<meta property=\"og:image:height\" content=\"800\" \/>\n\t<meta property=\"og:image:type\" content=\"image\/png\" \/>\n<meta name=\"twitter:card\" content=\"summary_large_image\" \/>\n<meta name=\"twitter:label1\" content=\"Disponibilit\u00e9\" \/>\n\t<meta name=\"twitter:data1\" content=\"En stock\" \/>\n<script type=\"application\/ld+json\" class=\"yoast-schema-graph\">{\"@context\":\"https:\\\/\\\/schema.org\",\"@graph\":[{\"@type\":\"WebPage\",\"@id\":\"https:\\\/\\\/theuncommonshop.ch\\\/fr\\\/product\\\/magic-teenage-mutant-ninja-turtles-tmt-collector-booster-pack-3\\\/\",\"url\":\"https:\\\/\\\/theuncommonshop.ch\\\/fr\\\/product\\\/magic-teenage-mutant-ninja-turtles-tmt-collector-booster-pack-3\\\/\",\"name\":\"Ach\u00e8te Magic - Teenage Mutant Ninja Turtles (TMT) - Collector Booster Pack\",\"isPartOf\":{\"@id\":\"https:\\\/\\\/theuncommonshop.ch\\\/#website\"},\"primaryImageOfPage\":{\"@id\":\"https:\\\/\\\/theuncommonshop.ch\\\/fr\\\/product\\\/magic-teenage-mutant-ninja-turtles-tmt-collector-booster-pack-3\\\/#primaryimage\"},\"image\":{\"@id\":\"https:\\\/\\\/theuncommonshop.ch\\\/fr\\\/product\\\/magic-teenage-mutant-ninja-turtles-tmt-collector-booster-pack-3\\\/#primaryimage\"},\"thumbnailUrl\":\"https:\\\/\\\/theuncommonshop.ch\\\/wp-content\\\/uploads\\\/2025\\\/12\\\/5272308966.png\",\"datePublished\":\"2025-12-31T11:57:42+00:00\",\"dateModified\":\"2026-03-30T12:45:00+00:00\",\"description\":\"Ach\u00e8te Magic - Teenage Mutant Ninja Turtles (TMT) - Collector Booster Pack en ligne maintenant \u00e0 petit prix! Ton #1 shop pour cartes TCG & Pok\u00e9mon en Suisse \u2713 Livraison gratuite d\u00e8s CHF 29\",\"breadcrumb\":{\"@id\":\"https:\\\/\\\/theuncommonshop.ch\\\/fr\\\/product\\\/magic-teenage-mutant-ninja-turtles-tmt-collector-booster-pack-3\\\/#breadcrumb\"},\"inLanguage\":\"fr-FR\",\"potentialAction\":[{\"@type\":\"ReadAction\",\"target\":[\"https:\\\/\\\/theuncommonshop.ch\\\/fr\\\/product\\\/magic-teenage-mutant-ninja-turtles-tmt-collector-booster-pack-3\\\/\"]}]},{\"@type\":\"ImageObject\",\"inLanguage\":\"fr-FR\",\"@id\":\"https:\\\/\\\/theuncommonshop.ch\\\/fr\\\/product\\\/magic-teenage-mutant-ninja-turtles-tmt-collector-booster-pack-3\\\/#primaryimage\",\"url\":\"https:\\\/\\\/theuncommonshop.ch\\\/wp-content\\\/uploads\\\/2025\\\/12\\\/5272308966.png\",\"contentUrl\":\"https:\\\/\\\/theuncommonshop.ch\\\/wp-content\\\/uploads\\\/2025\\\/12\\\/5272308966.png\",\"width\":900,\"height\":1667},{\"@type\":\"BreadcrumbList\",\"@id\":\"https:\\\/\\\/theuncommonshop.ch\\\/fr\\\/product\\\/magic-teenage-mutant-ninja-turtles-tmt-collector-booster-pack-3\\\/#breadcrumb\",\"itemListElement\":[{\"@type\":\"ListItem\",\"position\":1,\"name\":\"Accueil\",\"item\":\"https:\\\/\\\/theuncommonshop.ch\\\/fr\\\/accueil\\\/\"},{\"@type\":\"ListItem\",\"position\":2,\"name\":\"Boutique\",\"item\":\"https:\\\/\\\/theuncommonshop.ch\\\/fr\\\/boutique\\\/\"},{\"@type\":\"ListItem\",\"position\":3,\"name\":\"Magic the Gathering\",\"item\":\"https:\\\/\\\/theuncommonshop.ch\\\/fr\\\/categorie-produit\\\/magic-the-gathering-fr\\\/\"},{\"@type\":\"ListItem\",\"position\":4,\"name\":\"Produits par lots\",\"item\":\"https:\\\/\\\/theuncommonshop.ch\\\/fr\\\/categorie-produit\\\/magic-the-gathering-fr\\\/produits-par-lots-mtg\\\/\"},{\"@type\":\"ListItem\",\"position\":5,\"name\":\"Teenage Mutant Ninja Turtles\",\"item\":\"https:\\\/\\\/theuncommonshop.ch\\\/fr\\\/categorie-produit\\\/magic-the-gathering-fr\\\/produits-par-lots-mtg\\\/teenage-mutant-ninja-turtles-fr\\\/\"},{\"@type\":\"ListItem\",\"position\":6,\"name\":\"Magic &#8211; Teenage Mutant Ninja Turtles (TMT) &#8211; Collector Booster Pack\"}]},{\"@type\":\"WebSite\",\"@id\":\"https:\\\/\\\/theuncommonshop.ch\\\/#website\",\"url\":\"https:\\\/\\\/theuncommonshop.ch\\\/\",\"name\":\"Largest trading card shop in Switzerland\",\"description\":\"Magic, Pok\u00e9mon and Yu-gi-oh - The Uncommon Shop\",\"potentialAction\":[{\"@type\":\"SearchAction\",\"target\":{\"@type\":\"EntryPoint\",\"urlTemplate\":\"https:\\\/\\\/theuncommonshop.ch\\\/?s={search_term_string}\"},\"query-input\":{\"@type\":\"PropertyValueSpecification\",\"valueRequired\":true,\"valueName\":\"search_term_string\"}}],\"inLanguage\":\"fr-FR\"}]}<\/script>\n<meta property=\"og:availability\" content=\"instock\" \/>\n<meta property=\"product:availability\" content=\"instock\" \/>\n<meta property=\"product:condition\" content=\"new\" \/>\n<!-- \/ Yoast SEO plugin. -->","yoast_head_json":{"title":"Ach\u00e8te Magic - Teenage Mutant Ninja Turtles (TMT) - Collector Booster Pack","description":"Ach\u00e8te Magic - Teenage Mutant Ninja Turtles (TMT) - Collector Booster Pack en ligne maintenant \u00e0 petit prix! Ton #1 shop pour cartes TCG & Pok\u00e9mon en Suisse \u2713 Livraison gratuite d\u00e8s CHF 29","robots":{"index":"index","follow":"follow","max-snippet":"max-snippet:-1","max-image-preview":"max-image-preview:large","max-video-preview":"max-video-preview:-1"},"canonical":"https:\/\/theuncommonshop.ch\/fr\/product\/magic-teenage-mutant-ninja-turtles-tmt-collector-booster-pack-3\/","og_locale":"fr_FR","og_type":"article","og_title":"Ach\u00e8te Magic - Teenage Mutant Ninja Turtles (TMT) - Collector Booster Pack","og_description":"Ach\u00e8te Magic - Teenage Mutant Ninja Turtles (TMT) - Collector Booster Pack en ligne maintenant \u00e0 petit prix! Ton #1 shop pour cartes TCG & Pok\u00e9mon en Suisse \u2713 Livraison gratuite d\u00e8s CHF 29","og_url":"https:\/\/theuncommonshop.ch\/fr\/product\/magic-teenage-mutant-ninja-turtles-tmt-collector-booster-pack-3\/","og_site_name":"Largest trading card shop in Switzerland","article_modified_time":"2026-03-30T12:45:00+00:00","og_image":[{"url":"https:\/\/theuncommonshop.ch\/wp-content\/uploads\/2025\/12\/5272308966.png","width":432,"height":800,"type":"image\/png"}],"twitter_card":"summary_large_image","twitter_misc":{"Disponibilit\u00e9":"En stock"},"schema":{"@context":"https:\/\/schema.org","@graph":[{"@type":"WebPage","@id":"https:\/\/theuncommonshop.ch\/fr\/product\/magic-teenage-mutant-ninja-turtles-tmt-collector-booster-pack-3\/","url":"https:\/\/theuncommonshop.ch\/fr\/product\/magic-teenage-mutant-ninja-turtles-tmt-collector-booster-pack-3\/","name":"Ach\u00e8te Magic - Teenage Mutant Ninja Turtles (TMT) - Collector Booster Pack","isPartOf":{"@id":"https:\/\/theuncommonshop.ch\/#website"},"primaryImageOfPage":{"@id":"https:\/\/theuncommonshop.ch\/fr\/product\/magic-teenage-mutant-ninja-turtles-tmt-collector-booster-pack-3\/#primaryimage"},"image":{"@id":"https:\/\/theuncommonshop.ch\/fr\/product\/magic-teenage-mutant-ninja-turtles-tmt-collector-booster-pack-3\/#primaryimage"},"thumbnailUrl":"https:\/\/theuncommonshop.ch\/wp-content\/uploads\/2025\/12\/5272308966.png","datePublished":"2025-12-31T11:57:42+00:00","dateModified":"2026-03-30T12:45:00+00:00","description":"Ach\u00e8te Magic - Teenage Mutant Ninja Turtles (TMT) - Collector Booster Pack en ligne maintenant \u00e0 petit prix! Ton #1 shop pour cartes TCG & Pok\u00e9mon en Suisse \u2713 Livraison gratuite d\u00e8s CHF 29","breadcrumb":{"@id":"https:\/\/theuncommonshop.ch\/fr\/product\/magic-teenage-mutant-ninja-turtles-tmt-collector-booster-pack-3\/#breadcrumb"},"inLanguage":"fr-FR","potentialAction":[{"@type":"ReadAction","target":["https:\/\/theuncommonshop.ch\/fr\/product\/magic-teenage-mutant-ninja-turtles-tmt-collector-booster-pack-3\/"]}]},{"@type":"ImageObject","inLanguage":"fr-FR","@id":"https:\/\/theuncommonshop.ch\/fr\/product\/magic-teenage-mutant-ninja-turtles-tmt-collector-booster-pack-3\/#primaryimage","url":"https:\/\/theuncommonshop.ch\/wp-content\/uploads\/2025\/12\/5272308966.png","contentUrl":"https:\/\/theuncommonshop.ch\/wp-content\/uploads\/2025\/12\/5272308966.png","width":900,"height":1667},{"@type":"BreadcrumbList","@id":"https:\/\/theuncommonshop.ch\/fr\/product\/magic-teenage-mutant-ninja-turtles-tmt-collector-booster-pack-3\/#breadcrumb","itemListElement":[{"@type":"ListItem","position":1,"name":"Accueil","item":"https:\/\/theuncommonshop.ch\/fr\/accueil\/"},{"@type":"ListItem","position":2,"name":"Boutique","item":"https:\/\/theuncommonshop.ch\/fr\/boutique\/"},{"@type":"ListItem","position":3,"name":"Magic the Gathering","item":"https:\/\/theuncommonshop.ch\/fr\/categorie-produit\/magic-the-gathering-fr\/"},{"@type":"ListItem","position":4,"name":"Produits par lots","item":"https:\/\/theuncommonshop.ch\/fr\/categorie-produit\/magic-the-gathering-fr\/produits-par-lots-mtg\/"},{"@type":"ListItem","position":5,"name":"Teenage Mutant Ninja Turtles","item":"https:\/\/theuncommonshop.ch\/fr\/categorie-produit\/magic-the-gathering-fr\/produits-par-lots-mtg\/teenage-mutant-ninja-turtles-fr\/"},{"@type":"ListItem","position":6,"name":"Magic &#8211; Teenage Mutant Ninja Turtles (TMT) &#8211; Collector Booster Pack"}]},{"@type":"WebSite","@id":"https:\/\/theuncommonshop.ch\/#website","url":"https:\/\/theuncommonshop.ch\/","name":"Largest trading card shop in Switzerland","description":"Magic, Pok\u00e9mon and Yu-gi-oh - The Uncommon Shop","potentialAction":[{"@type":"SearchAction","target":{"@type":"EntryPoint","urlTemplate":"https:\/\/theuncommonshop.ch\/?s={search_term_string}"},"query-input":{"@type":"PropertyValueSpecification","valueRequired":true,"valueName":"search_term_string"}}],"inLanguage":"fr-FR"}]},"og_availability":"instock","product_availability":"instock","product_condition":"new"},"_links":{"self":[{"href":"https:\/\/theuncommonshop.ch\/fr\/wp-json\/wp\/v2\/product\/312537","targetHints":{"allow":["GET"]}}],"collection":[{"href":"https:\/\/theuncommonshop.ch\/fr\/wp-json\/wp\/v2\/product"}],"about":[{"href":"https:\/\/theuncommonshop.ch\/fr\/wp-json\/wp\/v2\/types\/product"}],"replies":[{"embeddable":true,"href":"https:\/\/theuncommonshop.ch\/fr\/wp-json\/wp\/v2\/comments?post=312537"}],"version-history":[{"count":2,"href":"https:\/\/theuncommonshop.ch\/fr\/wp-json\/wp\/v2\/product\/312537\/revisions"}],"predecessor-version":[{"id":362328,"href":"https:\/\/theuncommonshop.ch\/fr\/wp-json\/wp\/v2\/product\/312537\/revisions\/362328"}],"wp:featuredmedia":[{"embeddable":true,"href":"https:\/\/theuncommonshop.ch\/fr\/wp-json\/wp\/v2\/media\/275959"}],"wp:attachment":[{"href":"https:\/\/theuncommonshop.ch\/fr\/wp-json\/wp\/v2\/media?parent=312537"}],"wp:term":[{"taxonomy":"product_brand","embeddable":true,"href":"https:\/\/theuncommonshop.ch\/fr\/wp-json\/wp\/v2\/product_brand?post=312537"},{"taxonomy":"product_cat","embeddable":true,"href":"https:\/\/theuncommonshop.ch\/fr\/wp-json\/wp\/v2\/product_cat?post=312537"},{"taxonomy":"product_tag","embeddable":true,"href":"https:\/\/theuncommonshop.ch\/fr\/wp-json\/wp\/v2\/product_tag?post=312537"}],"curies":[{"name":"wp","href":"https:\/\/api.w.org\/{rel}","templated":true}]}}