{"id":312527,"date":"2025-12-31T12:00:46","date_gmt":"2025-12-31T11:00:46","guid":{"rendered":"http:\/\/theuncommonshop.ch\/produkt\/312527\/"},"modified":"2026-03-29T21:49:54","modified_gmt":"2026-03-29T19:49:54","slug":"flesh-and-blood-silver-age-chapter-2-deck-set-2","status":"publish","type":"product","link":"https:\/\/theuncommonshop.ch\/fr\/product\/flesh-and-blood-silver-age-chapter-2-deck-set-2\/","title":{"rendered":"Flesh and Blood &#8211; Silver Age : Chapter 2 &#8211; Deck Set"},"content":{"rendered":"<p><strong>Ensemble des 5 variantes de deck<\/strong><\/p>\n<p>Silver Age ouvre un nouveau chapitre de Flesh and Blood, une toute nouvelle fa\u00e7on de jouer qui n&#8217;utilise que des cartes ordinaires, rares et simples. Avec les jeunes h\u00e9ros l\u00e9gendaires, les parties sont rapides, amusantes et m\u00e9nagent le porte-monnaie ! <\/p>\n<p>Silver Age est pris en charge \u00e0 tous les niveaux de jeu, depuis les duels occasionnels dans votre magasin de jeux local jusqu&#8217;aux comp\u00e9titions de haut niveau du World Tour.<\/p>\n<p>Chaque unit\u00e9 contient un deck \u00c2ge d&#8217;argent comp\u00e9titif de 55 cartes, des cartes H\u00e9ros, des cartes de base et 1 pack de boosters du set 18.<\/p>\n<p>Deck Silver Age pr\u00e9-construit, con\u00e7u pour les parties de tournoi directement \u00e0 partir de la bo\u00eete. Chaque deck est compos\u00e9 de 55 cartes plus les cartes H\u00e9ros et les cartes de base (60 au total). <\/p>\n<p>Chaque deck du chapitre 2 contient \u00e9galement 1 booster pack du set 18*.<\/p>\n","protected":false},"excerpt":{"rendered":"<p>Ensemble des 5 variantes de deck Silver Age ouvre un nouveau chapitre de Flesh and Blood, une toute nouvelle fa\u00e7on<\/p>\n","protected":false},"featured_media":276062,"comment_status":"open","ping_status":"closed","template":"","meta":{"_acf_changed":false},"product_brand":[5170,5076],"product_cat":[9997,9787],"product_tag":[],"class_list":{"0":"post-312527","1":"product","2":"type-product","3":"status-publish","4":"has-post-thumbnail","6":"product_brand-flesh-and-blood","7":"product_brand-legend-story-studios","8":"product_cat-decks-fab","9":"product_cat-flesh-et-blood","11":"first","12":"instock","13":"taxable","14":"shipping-taxable","15":"purchasable","16":"product-type-variable"},"acf":[],"yoast_head":"<!-- This site is optimized with the Yoast SEO plugin v27.5 - https:\/\/yoast.com\/product\/yoast-seo-wordpress\/ -->\n<title>Ach\u00e8te Flesh and Blood - Silver Age : Chapter 2 - Deck Set<\/title>\n<meta name=\"description\" content=\"Ach\u00e8te Flesh and Blood - Silver Age : Chapter 2 - Deck Set en ligne maintenant \u00e0 petit prix! Ton #1 shop pour cartes TCG &amp; Pok\u00e9mon en Suisse \u2713 Livraison gratuite d\u00e8s CHF 29\" \/>\n<meta name=\"robots\" content=\"index, follow, max-snippet:-1, max-image-preview:large, max-video-preview:-1\" \/>\n<link rel=\"canonical\" href=\"https:\/\/theuncommonshop.ch\/fr\/product\/flesh-and-blood-silver-age-chapter-2-deck-set-2\/\" \/>\n<meta property=\"og:locale\" content=\"fr_FR\" \/>\n<meta property=\"og:type\" content=\"article\" \/>\n<meta property=\"og:title\" content=\"Ach\u00e8te Flesh and Blood - Silver Age : Chapter 2 - Deck Set\" \/>\n<meta property=\"og:description\" content=\"Ach\u00e8te Flesh and Blood - Silver Age : Chapter 2 - Deck Set en ligne maintenant \u00e0 petit prix! Ton #1 shop pour cartes TCG &amp; Pok\u00e9mon en Suisse \u2713 Livraison gratuite d\u00e8s CHF 29\" \/>\n<meta property=\"og:url\" content=\"https:\/\/theuncommonshop.ch\/fr\/product\/flesh-and-blood-silver-age-chapter-2-deck-set-2\/\" \/>\n<meta property=\"og:site_name\" content=\"The Uncommon Shop\" \/>\n<meta property=\"article:modified_time\" content=\"2026-03-29T19:49:54+00:00\" \/>\n<meta property=\"og:image\" content=\"https:\/\/theuncommonshop.ch\/wp-content\/uploads\/2025\/12\/5347328661.png\" \/>\n\t<meta property=\"og:image:width\" content=\"1024\" \/>\n\t<meta property=\"og:image:height\" content=\"576\" \/>\n\t<meta property=\"og:image:type\" content=\"image\/png\" \/>\n<meta name=\"twitter:card\" content=\"summary_large_image\" \/>\n<meta name=\"twitter:label1\" content=\"Disponibilit\u00e9\" \/>\n\t<meta name=\"twitter:data1\" content=\"En stock\" \/>\n<script type=\"application\/ld+json\" class=\"yoast-schema-graph\">{\"@context\":\"https:\\\/\\\/schema.org\",\"@graph\":[{\"@type\":\"WebPage\",\"@id\":\"https:\\\/\\\/theuncommonshop.ch\\\/fr\\\/product\\\/flesh-and-blood-silver-age-chapter-2-deck-set-2\\\/\",\"url\":\"https:\\\/\\\/theuncommonshop.ch\\\/fr\\\/product\\\/flesh-and-blood-silver-age-chapter-2-deck-set-2\\\/\",\"name\":\"Ach\u00e8te Flesh and Blood - Silver Age : Chapter 2 - Deck Set\",\"isPartOf\":{\"@id\":\"https:\\\/\\\/theuncommonshop.ch\\\/fr\\\/#website\"},\"primaryImageOfPage\":{\"@id\":\"https:\\\/\\\/theuncommonshop.ch\\\/fr\\\/product\\\/flesh-and-blood-silver-age-chapter-2-deck-set-2\\\/#primaryimage\"},\"image\":{\"@id\":\"https:\\\/\\\/theuncommonshop.ch\\\/fr\\\/product\\\/flesh-and-blood-silver-age-chapter-2-deck-set-2\\\/#primaryimage\"},\"thumbnailUrl\":\"https:\\\/\\\/theuncommonshop.ch\\\/wp-content\\\/uploads\\\/2025\\\/12\\\/5347328661.png\",\"datePublished\":\"2025-12-31T11:00:46+00:00\",\"dateModified\":\"2026-03-29T19:49:54+00:00\",\"description\":\"Ach\u00e8te Flesh and Blood - Silver Age : Chapter 2 - Deck Set en ligne maintenant \u00e0 petit prix! Ton #1 shop pour cartes TCG & Pok\u00e9mon en Suisse \u2713 Livraison gratuite d\u00e8s CHF 29\",\"breadcrumb\":{\"@id\":\"https:\\\/\\\/theuncommonshop.ch\\\/fr\\\/product\\\/flesh-and-blood-silver-age-chapter-2-deck-set-2\\\/#breadcrumb\"},\"inLanguage\":\"fr-FR\",\"potentialAction\":[{\"@type\":\"ReadAction\",\"target\":[\"https:\\\/\\\/theuncommonshop.ch\\\/fr\\\/product\\\/flesh-and-blood-silver-age-chapter-2-deck-set-2\\\/\"]}]},{\"@type\":\"ImageObject\",\"inLanguage\":\"fr-FR\",\"@id\":\"https:\\\/\\\/theuncommonshop.ch\\\/fr\\\/product\\\/flesh-and-blood-silver-age-chapter-2-deck-set-2\\\/#primaryimage\",\"url\":\"https:\\\/\\\/theuncommonshop.ch\\\/wp-content\\\/uploads\\\/2025\\\/12\\\/5347328661.png\",\"contentUrl\":\"https:\\\/\\\/theuncommonshop.ch\\\/wp-content\\\/uploads\\\/2025\\\/12\\\/5347328661.png\",\"width\":1024,\"height\":576},{\"@type\":\"BreadcrumbList\",\"@id\":\"https:\\\/\\\/theuncommonshop.ch\\\/fr\\\/product\\\/flesh-and-blood-silver-age-chapter-2-deck-set-2\\\/#breadcrumb\",\"itemListElement\":[{\"@type\":\"ListItem\",\"position\":1,\"name\":\"Accueil\",\"item\":\"https:\\\/\\\/theuncommonshop.ch\\\/fr\\\/accueil\\\/\"},{\"@type\":\"ListItem\",\"position\":2,\"name\":\"Boutique\",\"item\":\"https:\\\/\\\/theuncommonshop.ch\\\/fr\\\/boutique\\\/\"},{\"@type\":\"ListItem\",\"position\":3,\"name\":\"Autres cartes \u00e0 collectionner\",\"item\":\"https:\\\/\\\/theuncommonshop.ch\\\/fr\\\/categorie-produit\\\/autres-cartes-a-collectionner\\\/\"},{\"@type\":\"ListItem\",\"position\":4,\"name\":\"Flesh & Blood\",\"item\":\"https:\\\/\\\/theuncommonshop.ch\\\/fr\\\/categorie-produit\\\/autres-cartes-a-collectionner\\\/flesh-et-blood\\\/\"},{\"@type\":\"ListItem\",\"position\":5,\"name\":\"Decks\",\"item\":\"https:\\\/\\\/theuncommonshop.ch\\\/fr\\\/categorie-produit\\\/autres-cartes-a-collectionner\\\/flesh-et-blood\\\/decks-fab\\\/\"},{\"@type\":\"ListItem\",\"position\":6,\"name\":\"Flesh and Blood &#8211; Silver Age : Chapter 2 &#8211; Deck Set\"}]},{\"@type\":\"WebSite\",\"@id\":\"https:\\\/\\\/theuncommonshop.ch\\\/fr\\\/#website\",\"url\":\"https:\\\/\\\/theuncommonshop.ch\\\/fr\\\/\",\"name\":\"The Uncommon Shop\",\"description\":\"Magic, Pok\u00e9mon and Yu-gi-oh - The Uncommon Shop\",\"potentialAction\":[{\"@type\":\"SearchAction\",\"target\":{\"@type\":\"EntryPoint\",\"urlTemplate\":\"https:\\\/\\\/theuncommonshop.ch\\\/fr\\\/?s={search_term_string}\"},\"query-input\":{\"@type\":\"PropertyValueSpecification\",\"valueRequired\":true,\"valueName\":\"search_term_string\"}}],\"inLanguage\":\"fr-FR\"}]}<\/script>\n<meta property=\"og:availability\" content=\"instock\" \/>\n<meta property=\"product:availability\" content=\"instock\" \/>\n<meta property=\"product:condition\" content=\"new\" \/>\n<!-- \/ Yoast SEO plugin. -->","yoast_head_json":{"title":"Ach\u00e8te Flesh and Blood - Silver Age : Chapter 2 - Deck Set","description":"Ach\u00e8te Flesh and Blood - Silver Age : Chapter 2 - Deck Set en ligne maintenant \u00e0 petit prix! Ton #1 shop pour cartes TCG & Pok\u00e9mon en Suisse \u2713 Livraison gratuite d\u00e8s CHF 29","robots":{"index":"index","follow":"follow","max-snippet":"max-snippet:-1","max-image-preview":"max-image-preview:large","max-video-preview":"max-video-preview:-1"},"canonical":"https:\/\/theuncommonshop.ch\/fr\/product\/flesh-and-blood-silver-age-chapter-2-deck-set-2\/","og_locale":"fr_FR","og_type":"article","og_title":"Ach\u00e8te Flesh and Blood - Silver Age : Chapter 2 - Deck Set","og_description":"Ach\u00e8te Flesh and Blood - Silver Age : Chapter 2 - Deck Set en ligne maintenant \u00e0 petit prix! Ton #1 shop pour cartes TCG & Pok\u00e9mon en Suisse \u2713 Livraison gratuite d\u00e8s CHF 29","og_url":"https:\/\/theuncommonshop.ch\/fr\/product\/flesh-and-blood-silver-age-chapter-2-deck-set-2\/","og_site_name":"The Uncommon Shop","article_modified_time":"2026-03-29T19:49:54+00:00","og_image":[{"width":1024,"height":576,"url":"https:\/\/theuncommonshop.ch\/wp-content\/uploads\/2025\/12\/5347328661.png","type":"image\/png"}],"twitter_card":"summary_large_image","twitter_misc":{"Disponibilit\u00e9":"En stock"},"schema":{"@context":"https:\/\/schema.org","@graph":[{"@type":"WebPage","@id":"https:\/\/theuncommonshop.ch\/fr\/product\/flesh-and-blood-silver-age-chapter-2-deck-set-2\/","url":"https:\/\/theuncommonshop.ch\/fr\/product\/flesh-and-blood-silver-age-chapter-2-deck-set-2\/","name":"Ach\u00e8te Flesh and Blood - Silver Age : Chapter 2 - Deck Set","isPartOf":{"@id":"https:\/\/theuncommonshop.ch\/fr\/#website"},"primaryImageOfPage":{"@id":"https:\/\/theuncommonshop.ch\/fr\/product\/flesh-and-blood-silver-age-chapter-2-deck-set-2\/#primaryimage"},"image":{"@id":"https:\/\/theuncommonshop.ch\/fr\/product\/flesh-and-blood-silver-age-chapter-2-deck-set-2\/#primaryimage"},"thumbnailUrl":"https:\/\/theuncommonshop.ch\/wp-content\/uploads\/2025\/12\/5347328661.png","datePublished":"2025-12-31T11:00:46+00:00","dateModified":"2026-03-29T19:49:54+00:00","description":"Ach\u00e8te Flesh and Blood - Silver Age : Chapter 2 - Deck Set en ligne maintenant \u00e0 petit prix! Ton #1 shop pour cartes TCG & Pok\u00e9mon en Suisse \u2713 Livraison gratuite d\u00e8s CHF 29","breadcrumb":{"@id":"https:\/\/theuncommonshop.ch\/fr\/product\/flesh-and-blood-silver-age-chapter-2-deck-set-2\/#breadcrumb"},"inLanguage":"fr-FR","potentialAction":[{"@type":"ReadAction","target":["https:\/\/theuncommonshop.ch\/fr\/product\/flesh-and-blood-silver-age-chapter-2-deck-set-2\/"]}]},{"@type":"ImageObject","inLanguage":"fr-FR","@id":"https:\/\/theuncommonshop.ch\/fr\/product\/flesh-and-blood-silver-age-chapter-2-deck-set-2\/#primaryimage","url":"https:\/\/theuncommonshop.ch\/wp-content\/uploads\/2025\/12\/5347328661.png","contentUrl":"https:\/\/theuncommonshop.ch\/wp-content\/uploads\/2025\/12\/5347328661.png","width":1024,"height":576},{"@type":"BreadcrumbList","@id":"https:\/\/theuncommonshop.ch\/fr\/product\/flesh-and-blood-silver-age-chapter-2-deck-set-2\/#breadcrumb","itemListElement":[{"@type":"ListItem","position":1,"name":"Accueil","item":"https:\/\/theuncommonshop.ch\/fr\/accueil\/"},{"@type":"ListItem","position":2,"name":"Boutique","item":"https:\/\/theuncommonshop.ch\/fr\/boutique\/"},{"@type":"ListItem","position":3,"name":"Autres cartes \u00e0 collectionner","item":"https:\/\/theuncommonshop.ch\/fr\/categorie-produit\/autres-cartes-a-collectionner\/"},{"@type":"ListItem","position":4,"name":"Flesh & Blood","item":"https:\/\/theuncommonshop.ch\/fr\/categorie-produit\/autres-cartes-a-collectionner\/flesh-et-blood\/"},{"@type":"ListItem","position":5,"name":"Decks","item":"https:\/\/theuncommonshop.ch\/fr\/categorie-produit\/autres-cartes-a-collectionner\/flesh-et-blood\/decks-fab\/"},{"@type":"ListItem","position":6,"name":"Flesh and Blood &#8211; Silver Age : Chapter 2 &#8211; Deck Set"}]},{"@type":"WebSite","@id":"https:\/\/theuncommonshop.ch\/fr\/#website","url":"https:\/\/theuncommonshop.ch\/fr\/","name":"The Uncommon Shop","description":"Magic, Pok\u00e9mon and Yu-gi-oh - The Uncommon Shop","potentialAction":[{"@type":"SearchAction","target":{"@type":"EntryPoint","urlTemplate":"https:\/\/theuncommonshop.ch\/fr\/?s={search_term_string}"},"query-input":{"@type":"PropertyValueSpecification","valueRequired":true,"valueName":"search_term_string"}}],"inLanguage":"fr-FR"}]},"og_availability":"instock","product_availability":"instock","product_condition":"new"},"_links":{"self":[{"href":"https:\/\/theuncommonshop.ch\/fr\/wp-json\/wp\/v2\/product\/312527","targetHints":{"allow":["GET"]}}],"collection":[{"href":"https:\/\/theuncommonshop.ch\/fr\/wp-json\/wp\/v2\/product"}],"about":[{"href":"https:\/\/theuncommonshop.ch\/fr\/wp-json\/wp\/v2\/types\/product"}],"replies":[{"embeddable":true,"href":"https:\/\/theuncommonshop.ch\/fr\/wp-json\/wp\/v2\/comments?post=312527"}],"version-history":[{"count":0,"href":"https:\/\/theuncommonshop.ch\/fr\/wp-json\/wp\/v2\/product\/312527\/revisions"}],"wp:featuredmedia":[{"embeddable":true,"href":"https:\/\/theuncommonshop.ch\/fr\/wp-json\/wp\/v2\/media\/276062"}],"wp:attachment":[{"href":"https:\/\/theuncommonshop.ch\/fr\/wp-json\/wp\/v2\/media?parent=312527"}],"wp:term":[{"taxonomy":"product_brand","embeddable":true,"href":"https:\/\/theuncommonshop.ch\/fr\/wp-json\/wp\/v2\/product_brand?post=312527"},{"taxonomy":"product_cat","embeddable":true,"href":"https:\/\/theuncommonshop.ch\/fr\/wp-json\/wp\/v2\/product_cat?post=312527"},{"taxonomy":"product_tag","embeddable":true,"href":"https:\/\/theuncommonshop.ch\/fr\/wp-json\/wp\/v2\/product_tag?post=312527"}],"curies":[{"name":"wp","href":"https:\/\/api.w.org\/{rel}","templated":true}]}}