{"id":312505,"date":"2025-12-31T11:56:07","date_gmt":"2025-12-31T10:56:07","guid":{"rendered":"http:\/\/theuncommonshop.ch\/produkt\/312505\/"},"modified":"2026-03-29T18:06:51","modified_gmt":"2026-03-29T16:06:51","slug":"magic-teenage-mutant-ninja-turtles-tmt-bundle-2","status":"publish","type":"product","link":"https:\/\/theuncommonshop.ch\/fr\/product\/magic-teenage-mutant-ninja-turtles-tmt-bundle-2\/","title":{"rendered":"Magic &#8211; Teenage Mutant Ninja Turtles (TMT) &#8211; Bundle"},"content":{"rendered":"<p>UTILISEZ LE POUVOIR DES TORTUES &#8211; Magic re\u00e7oit une quadruple dose de chaos mutag\u00e8ne alors que les Teenage Mutant Ninja Turtles font leurs d\u00e9buts sur le champ de bataille !<\/p>\n<p>9 BOOSTERS POUR JOUER AVEC DES AMIS &#8211; Les Boosters de jeu sont le meilleur moyen de d\u00e9couvrir ce que Magic a \u00e0 offrir. Ils sont parfaits pour construire des decks, jouer des parties limit\u00e9es avec des amis et s&#8217;amuser \u00e0 les ouvrir. <\/p>\n<p>UN CR\u00c9DIT DANS CHAQUE PAQUET &#8211; Rassemblez, construisez et combattez avec une s\u00e9lection embl\u00e9matique d&#8217;alli\u00e9s et d&#8217;ennemis issus de quatre d\u00e9cennies de Turtle-Mania \u00e9prouv\u00e9e.<\/p>\n<p>BUNDLE COWA ! &#8211; Ce Bundle contient une carte sp\u00e9ciale avec un artwork alternatif et des accessoires que vous ne trouverez nulle part ailleurs, notamment un d\u00e9 sp\u00e9cial pour suivre vos points de vie et une solide bo\u00eete de rangement de cartes. <\/p>\n<p>BIENVENUE DANS THE GATHERING &#8211; Magic : The Gathering est un jeu de cartes \u00e0 collectionner qui combine des strat\u00e9gies profondes, des \u0153uvres d&#8217;art magnifiques, des histoires fantastiques et une communaut\u00e9 de fans florissante pour cr\u00e9er une exp\u00e9rience de jeu de cartes in\u00e9gal\u00e9e.<\/p>\n<p>CONTENU &#8211; 9 Boosters de jeu, 1 carte de Foil traditionnel Alt-Art, 5 terrains de base traditionnels Foil et 5 terrains de base r\u00e9guliers Full-Art, 10 terrains de base traditionnels Foil et 10 terrains de base r\u00e9guliers, 1 bo\u00eete de rangement de cartes, compteur de points de vie Spindown surdimensionn\u00e9, 2 cartes de r\u00e9f\u00e9rence.<\/p>\n","protected":false},"excerpt":{"rendered":"<p>UTILISEZ LE POUVOIR DES TORTUES &#8211; Magic re\u00e7oit une quadruple dose de chaos mutag\u00e8ne alors que les Teenage Mutant Ninja<\/p>\n","protected":false},"featured_media":275908,"comment_status":"open","ping_status":"closed","template":"","meta":{"_acf_changed":false},"product_brand":[5168,5158,5070],"product_cat":[9971,9967,9991,10283],"product_tag":[],"class_list":{"0":"post-312505","1":"product","2":"type-product","3":"status-publish","4":"has-post-thumbnail","6":"product_brand-magic-the-gathering","8":"product_brand-wizards-of-the-coast","9":"product_cat-bundles-fr","10":"product_cat-magic-the-gathering-fr","11":"product_cat-produits-par-lots-mtg","12":"product_cat-teenage-mutant-ninja-turtles-fr","14":"first","15":"instock","16":"sale","17":"taxable","18":"shipping-taxable","19":"purchasable","20":"product-type-variable"},"acf":[],"yoast_head":"<!-- This site is optimized with the Yoast SEO plugin v27.5 - https:\/\/yoast.com\/product\/yoast-seo-wordpress\/ -->\n<title>Ach\u00e8te Magic - Teenage Mutant Ninja Turtles (TMT) - Bundle<\/title>\n<meta name=\"description\" content=\"Ach\u00e8te Magic - Teenage Mutant Ninja Turtles (TMT) - Bundle en ligne maintenant \u00e0 petit prix! Ton #1 shop pour cartes TCG &amp; Pok\u00e9mon en Suisse \u2713 Livraison gratuite d\u00e8s CHF 29\" \/>\n<meta name=\"robots\" content=\"index, follow, max-snippet:-1, max-image-preview:large, max-video-preview:-1\" \/>\n<link rel=\"canonical\" href=\"https:\/\/theuncommonshop.ch\/fr\/product\/magic-teenage-mutant-ninja-turtles-tmt-bundle-2\/\" \/>\n<meta property=\"og:locale\" content=\"fr_FR\" \/>\n<meta property=\"og:type\" content=\"article\" \/>\n<meta property=\"og:title\" content=\"Ach\u00e8te Magic - Teenage Mutant Ninja Turtles (TMT) - Bundle\" \/>\n<meta property=\"og:description\" content=\"Ach\u00e8te Magic - Teenage Mutant Ninja Turtles (TMT) - Bundle en ligne maintenant \u00e0 petit prix! Ton #1 shop pour cartes TCG &amp; Pok\u00e9mon en Suisse \u2713 Livraison gratuite d\u00e8s CHF 29\" \/>\n<meta property=\"og:url\" content=\"https:\/\/theuncommonshop.ch\/fr\/product\/magic-teenage-mutant-ninja-turtles-tmt-bundle-2\/\" \/>\n<meta property=\"og:site_name\" content=\"The Uncommon Shop\" \/>\n<meta property=\"article:modified_time\" content=\"2026-03-29T16:06:51+00:00\" \/>\n<meta property=\"og:image\" content=\"https:\/\/theuncommonshop.ch\/wp-content\/uploads\/2025\/12\/5272292941.png\" \/>\n\t<meta property=\"og:image:width\" content=\"900\" \/>\n\t<meta property=\"og:image:height\" content=\"632\" \/>\n\t<meta property=\"og:image:type\" content=\"image\/png\" \/>\n<meta name=\"twitter:card\" content=\"summary_large_image\" \/>\n<meta name=\"twitter:label1\" content=\"Disponibilit\u00e9\" \/>\n\t<meta name=\"twitter:data1\" content=\"En stock\" \/>\n<script type=\"application\/ld+json\" class=\"yoast-schema-graph\">{\"@context\":\"https:\\\/\\\/schema.org\",\"@graph\":[{\"@type\":\"WebPage\",\"@id\":\"https:\\\/\\\/theuncommonshop.ch\\\/fr\\\/product\\\/magic-teenage-mutant-ninja-turtles-tmt-bundle-2\\\/\",\"url\":\"https:\\\/\\\/theuncommonshop.ch\\\/fr\\\/product\\\/magic-teenage-mutant-ninja-turtles-tmt-bundle-2\\\/\",\"name\":\"Ach\u00e8te Magic - Teenage Mutant Ninja Turtles (TMT) - Bundle\",\"isPartOf\":{\"@id\":\"https:\\\/\\\/theuncommonshop.ch\\\/fr\\\/#website\"},\"primaryImageOfPage\":{\"@id\":\"https:\\\/\\\/theuncommonshop.ch\\\/fr\\\/product\\\/magic-teenage-mutant-ninja-turtles-tmt-bundle-2\\\/#primaryimage\"},\"image\":{\"@id\":\"https:\\\/\\\/theuncommonshop.ch\\\/fr\\\/product\\\/magic-teenage-mutant-ninja-turtles-tmt-bundle-2\\\/#primaryimage\"},\"thumbnailUrl\":\"https:\\\/\\\/theuncommonshop.ch\\\/wp-content\\\/uploads\\\/2025\\\/12\\\/5272292941.png\",\"datePublished\":\"2025-12-31T10:56:07+00:00\",\"dateModified\":\"2026-03-29T16:06:51+00:00\",\"description\":\"Ach\u00e8te Magic - Teenage Mutant Ninja Turtles (TMT) - Bundle en ligne maintenant \u00e0 petit prix! Ton #1 shop pour cartes TCG & Pok\u00e9mon en Suisse \u2713 Livraison gratuite d\u00e8s CHF 29\",\"breadcrumb\":{\"@id\":\"https:\\\/\\\/theuncommonshop.ch\\\/fr\\\/product\\\/magic-teenage-mutant-ninja-turtles-tmt-bundle-2\\\/#breadcrumb\"},\"inLanguage\":\"fr-FR\",\"potentialAction\":[{\"@type\":\"ReadAction\",\"target\":[\"https:\\\/\\\/theuncommonshop.ch\\\/fr\\\/product\\\/magic-teenage-mutant-ninja-turtles-tmt-bundle-2\\\/\"]}]},{\"@type\":\"ImageObject\",\"inLanguage\":\"fr-FR\",\"@id\":\"https:\\\/\\\/theuncommonshop.ch\\\/fr\\\/product\\\/magic-teenage-mutant-ninja-turtles-tmt-bundle-2\\\/#primaryimage\",\"url\":\"https:\\\/\\\/theuncommonshop.ch\\\/wp-content\\\/uploads\\\/2025\\\/12\\\/5272292941.png\",\"contentUrl\":\"https:\\\/\\\/theuncommonshop.ch\\\/wp-content\\\/uploads\\\/2025\\\/12\\\/5272292941.png\",\"width\":900,\"height\":632},{\"@type\":\"BreadcrumbList\",\"@id\":\"https:\\\/\\\/theuncommonshop.ch\\\/fr\\\/product\\\/magic-teenage-mutant-ninja-turtles-tmt-bundle-2\\\/#breadcrumb\",\"itemListElement\":[{\"@type\":\"ListItem\",\"position\":1,\"name\":\"Accueil\",\"item\":\"https:\\\/\\\/theuncommonshop.ch\\\/fr\\\/accueil\\\/\"},{\"@type\":\"ListItem\",\"position\":2,\"name\":\"Boutique\",\"item\":\"https:\\\/\\\/theuncommonshop.ch\\\/fr\\\/boutique\\\/\"},{\"@type\":\"ListItem\",\"position\":3,\"name\":\"Magic the Gathering\",\"item\":\"https:\\\/\\\/theuncommonshop.ch\\\/fr\\\/categorie-produit\\\/magic-the-gathering-fr\\\/\"},{\"@type\":\"ListItem\",\"position\":4,\"name\":\"Produits par lots\",\"item\":\"https:\\\/\\\/theuncommonshop.ch\\\/fr\\\/categorie-produit\\\/magic-the-gathering-fr\\\/produits-par-lots-mtg\\\/\"},{\"@type\":\"ListItem\",\"position\":5,\"name\":\"Teenage Mutant Ninja Turtles\",\"item\":\"https:\\\/\\\/theuncommonshop.ch\\\/fr\\\/categorie-produit\\\/magic-the-gathering-fr\\\/produits-par-lots-mtg\\\/teenage-mutant-ninja-turtles-fr\\\/\"},{\"@type\":\"ListItem\",\"position\":6,\"name\":\"Magic &#8211; Teenage Mutant Ninja Turtles (TMT) &#8211; Bundle\"}]},{\"@type\":\"WebSite\",\"@id\":\"https:\\\/\\\/theuncommonshop.ch\\\/fr\\\/#website\",\"url\":\"https:\\\/\\\/theuncommonshop.ch\\\/fr\\\/\",\"name\":\"The Uncommon Shop\",\"description\":\"Magic, Pok\u00e9mon and Yu-gi-oh - The Uncommon Shop\",\"potentialAction\":[{\"@type\":\"SearchAction\",\"target\":{\"@type\":\"EntryPoint\",\"urlTemplate\":\"https:\\\/\\\/theuncommonshop.ch\\\/fr\\\/?s={search_term_string}\"},\"query-input\":{\"@type\":\"PropertyValueSpecification\",\"valueRequired\":true,\"valueName\":\"search_term_string\"}}],\"inLanguage\":\"fr-FR\"}]}<\/script>\n<meta property=\"og:availability\" content=\"instock\" \/>\n<meta property=\"product:availability\" content=\"instock\" \/>\n<meta property=\"product:condition\" content=\"new\" \/>\n<!-- \/ Yoast SEO plugin. -->","yoast_head_json":{"title":"Ach\u00e8te Magic - Teenage Mutant Ninja Turtles (TMT) - Bundle","description":"Ach\u00e8te Magic - Teenage Mutant Ninja Turtles (TMT) - Bundle en ligne maintenant \u00e0 petit prix! Ton #1 shop pour cartes TCG & Pok\u00e9mon en Suisse \u2713 Livraison gratuite d\u00e8s CHF 29","robots":{"index":"index","follow":"follow","max-snippet":"max-snippet:-1","max-image-preview":"max-image-preview:large","max-video-preview":"max-video-preview:-1"},"canonical":"https:\/\/theuncommonshop.ch\/fr\/product\/magic-teenage-mutant-ninja-turtles-tmt-bundle-2\/","og_locale":"fr_FR","og_type":"article","og_title":"Ach\u00e8te Magic - Teenage Mutant Ninja Turtles (TMT) - Bundle","og_description":"Ach\u00e8te Magic - Teenage Mutant Ninja Turtles (TMT) - Bundle en ligne maintenant \u00e0 petit prix! Ton #1 shop pour cartes TCG & Pok\u00e9mon en Suisse \u2713 Livraison gratuite d\u00e8s CHF 29","og_url":"https:\/\/theuncommonshop.ch\/fr\/product\/magic-teenage-mutant-ninja-turtles-tmt-bundle-2\/","og_site_name":"The Uncommon Shop","article_modified_time":"2026-03-29T16:06:51+00:00","og_image":[{"width":900,"height":632,"url":"https:\/\/theuncommonshop.ch\/wp-content\/uploads\/2025\/12\/5272292941.png","type":"image\/png"}],"twitter_card":"summary_large_image","twitter_misc":{"Disponibilit\u00e9":"En stock"},"schema":{"@context":"https:\/\/schema.org","@graph":[{"@type":"WebPage","@id":"https:\/\/theuncommonshop.ch\/fr\/product\/magic-teenage-mutant-ninja-turtles-tmt-bundle-2\/","url":"https:\/\/theuncommonshop.ch\/fr\/product\/magic-teenage-mutant-ninja-turtles-tmt-bundle-2\/","name":"Ach\u00e8te Magic - Teenage Mutant Ninja Turtles (TMT) - Bundle","isPartOf":{"@id":"https:\/\/theuncommonshop.ch\/fr\/#website"},"primaryImageOfPage":{"@id":"https:\/\/theuncommonshop.ch\/fr\/product\/magic-teenage-mutant-ninja-turtles-tmt-bundle-2\/#primaryimage"},"image":{"@id":"https:\/\/theuncommonshop.ch\/fr\/product\/magic-teenage-mutant-ninja-turtles-tmt-bundle-2\/#primaryimage"},"thumbnailUrl":"https:\/\/theuncommonshop.ch\/wp-content\/uploads\/2025\/12\/5272292941.png","datePublished":"2025-12-31T10:56:07+00:00","dateModified":"2026-03-29T16:06:51+00:00","description":"Ach\u00e8te Magic - Teenage Mutant Ninja Turtles (TMT) - Bundle en ligne maintenant \u00e0 petit prix! Ton #1 shop pour cartes TCG & Pok\u00e9mon en Suisse \u2713 Livraison gratuite d\u00e8s CHF 29","breadcrumb":{"@id":"https:\/\/theuncommonshop.ch\/fr\/product\/magic-teenage-mutant-ninja-turtles-tmt-bundle-2\/#breadcrumb"},"inLanguage":"fr-FR","potentialAction":[{"@type":"ReadAction","target":["https:\/\/theuncommonshop.ch\/fr\/product\/magic-teenage-mutant-ninja-turtles-tmt-bundle-2\/"]}]},{"@type":"ImageObject","inLanguage":"fr-FR","@id":"https:\/\/theuncommonshop.ch\/fr\/product\/magic-teenage-mutant-ninja-turtles-tmt-bundle-2\/#primaryimage","url":"https:\/\/theuncommonshop.ch\/wp-content\/uploads\/2025\/12\/5272292941.png","contentUrl":"https:\/\/theuncommonshop.ch\/wp-content\/uploads\/2025\/12\/5272292941.png","width":900,"height":632},{"@type":"BreadcrumbList","@id":"https:\/\/theuncommonshop.ch\/fr\/product\/magic-teenage-mutant-ninja-turtles-tmt-bundle-2\/#breadcrumb","itemListElement":[{"@type":"ListItem","position":1,"name":"Accueil","item":"https:\/\/theuncommonshop.ch\/fr\/accueil\/"},{"@type":"ListItem","position":2,"name":"Boutique","item":"https:\/\/theuncommonshop.ch\/fr\/boutique\/"},{"@type":"ListItem","position":3,"name":"Magic the Gathering","item":"https:\/\/theuncommonshop.ch\/fr\/categorie-produit\/magic-the-gathering-fr\/"},{"@type":"ListItem","position":4,"name":"Produits par lots","item":"https:\/\/theuncommonshop.ch\/fr\/categorie-produit\/magic-the-gathering-fr\/produits-par-lots-mtg\/"},{"@type":"ListItem","position":5,"name":"Teenage Mutant Ninja Turtles","item":"https:\/\/theuncommonshop.ch\/fr\/categorie-produit\/magic-the-gathering-fr\/produits-par-lots-mtg\/teenage-mutant-ninja-turtles-fr\/"},{"@type":"ListItem","position":6,"name":"Magic &#8211; Teenage Mutant Ninja Turtles (TMT) &#8211; Bundle"}]},{"@type":"WebSite","@id":"https:\/\/theuncommonshop.ch\/fr\/#website","url":"https:\/\/theuncommonshop.ch\/fr\/","name":"The Uncommon Shop","description":"Magic, Pok\u00e9mon and Yu-gi-oh - The Uncommon Shop","potentialAction":[{"@type":"SearchAction","target":{"@type":"EntryPoint","urlTemplate":"https:\/\/theuncommonshop.ch\/fr\/?s={search_term_string}"},"query-input":{"@type":"PropertyValueSpecification","valueRequired":true,"valueName":"search_term_string"}}],"inLanguage":"fr-FR"}]},"og_availability":"instock","product_availability":"instock","product_condition":"new"},"_links":{"self":[{"href":"https:\/\/theuncommonshop.ch\/fr\/wp-json\/wp\/v2\/product\/312505","targetHints":{"allow":["GET"]}}],"collection":[{"href":"https:\/\/theuncommonshop.ch\/fr\/wp-json\/wp\/v2\/product"}],"about":[{"href":"https:\/\/theuncommonshop.ch\/fr\/wp-json\/wp\/v2\/types\/product"}],"replies":[{"embeddable":true,"href":"https:\/\/theuncommonshop.ch\/fr\/wp-json\/wp\/v2\/comments?post=312505"}],"version-history":[{"count":0,"href":"https:\/\/theuncommonshop.ch\/fr\/wp-json\/wp\/v2\/product\/312505\/revisions"}],"wp:featuredmedia":[{"embeddable":true,"href":"https:\/\/theuncommonshop.ch\/fr\/wp-json\/wp\/v2\/media\/275908"}],"wp:attachment":[{"href":"https:\/\/theuncommonshop.ch\/fr\/wp-json\/wp\/v2\/media?parent=312505"}],"wp:term":[{"taxonomy":"product_brand","embeddable":true,"href":"https:\/\/theuncommonshop.ch\/fr\/wp-json\/wp\/v2\/product_brand?post=312505"},{"taxonomy":"product_cat","embeddable":true,"href":"https:\/\/theuncommonshop.ch\/fr\/wp-json\/wp\/v2\/product_cat?post=312505"},{"taxonomy":"product_tag","embeddable":true,"href":"https:\/\/theuncommonshop.ch\/fr\/wp-json\/wp\/v2\/product_tag?post=312505"}],"curies":[{"name":"wp","href":"https:\/\/api.w.org\/{rel}","templated":true}]}}