{"id":312441,"date":"2025-12-31T11:49:43","date_gmt":"2025-12-31T11:49:43","guid":{"rendered":"http:\/\/theuncommonshop.ch\/produkt\/312441\/"},"modified":"2026-03-31T19:54:21","modified_gmt":"2026-03-31T17:54:21","slug":"ffg-star-wars-unlimited-secrets-of-power-spotlight-deck-2","status":"publish","type":"product","link":"https:\/\/theuncommonshop.ch\/fr\/product\/ffg-star-wars-unlimited-secrets-of-power-spotlight-deck-2\/","title":{"rendered":"FFG &#8211; Star Wars : Unlimited &#8211; Secrets of Power &#8211; Spotlight Deck"},"content":{"rendered":"<p>Plongez au c\u0153ur de l&#8217;action de Star Wars\u2122 : Unlimited avec le Spotlight Deck Secret of Power, un deck de 50 cartes pr\u00e9-construit et pr\u00eat \u00e0 jouer qui vous permet de vous lancer directement dans les combats en t\u00eate-\u00e0-t\u00eate passionnants du jeu. Id\u00e9al pour les d\u00e9butants comme pour les joueurs exp\u00e9riment\u00e9s, ce deck a \u00e9t\u00e9 con\u00e7u pour un gameplay rapide et strat\u00e9gique. Il contient des personnages embl\u00e9matiques de toute la galaxie Star Wars\u2122.  <\/p>\n<p>Ce Spotlight Deck fait partie du cinqui\u00e8me set, Secrets of Power, qui contient des personnages et du contenu de diff\u00e9rentes \u00e9poques de la galaxie Star Wars, avec un accent particulier sur les agents, les fonctionnaires, les saboteurs et les intrigants.<\/p>\n<p>Inclus dans la livraison :<\/p>\n<p>1 jeu de cartes enti\u00e8rement jouable de 50 cartes<\/p>\n<p>Personnages et \u00e9v\u00e9nements de Secrets of Power<\/p>\n<p>1 pack de boosters bonus &#8220;Secrets of Power&#8221; pour enrichir votre collection<\/p>\n<p>Ce jeu de cartes est parfait pour les fans qui souhaitent explorer la Force et enrichir leur collection de Star Wars : Unlimited. Il est id\u00e9al pour d\u00e9buter dans le jeu ou comme compl\u00e9ment cibl\u00e9 pour les collectionneurs. <\/p>\n","protected":false},"excerpt":{"rendered":"<p>Plongez au c\u0153ur de l&#8217;action de Star Wars\u2122 : Unlimited avec le Spotlight Deck Secret of Power, un deck de<\/p>\n","protected":false},"featured_media":275720,"comment_status":"open","ping_status":"closed","template":"","meta":{"_acf_changed":false},"product_brand":[5086],"product_cat":[9785,9949],"product_tag":[],"class_list":{"0":"post-312441","1":"product","2":"type-product","3":"status-publish","4":"has-post-thumbnail","6":"product_brand-star-wars-unlimited","7":"product_cat-autres-cartes-a-collectionner","8":"product_cat-star-wars","10":"first","11":"instock","12":"taxable","13":"shipping-taxable","14":"purchasable","15":"product-type-variable"},"acf":[],"yoast_head":"<!-- This site is optimized with the Yoast SEO plugin v27.4 - https:\/\/yoast.com\/product\/yoast-seo-wordpress\/ -->\n<title>Ach\u00e8te FFG - Star Wars : Unlimited - Secrets of Power - Spotlight Deck<\/title>\n<meta name=\"description\" content=\"Ach\u00e8te FFG - Star Wars : Unlimited - Secrets of Power - Spotlight Deck en ligne maintenant \u00e0 petit prix! Ton #1 shop pour cartes TCG &amp; Pok\u00e9mon en Suisse \u2713 Livraison gratuite d\u00e8s CHF 29\" \/>\n<meta name=\"robots\" content=\"index, follow, max-snippet:-1, max-image-preview:large, max-video-preview:-1\" \/>\n<link rel=\"canonical\" href=\"https:\/\/theuncommonshop.ch\/fr\/product\/ffg-star-wars-unlimited-secrets-of-power-spotlight-deck-2\/\" \/>\n<meta property=\"og:locale\" content=\"fr_FR\" \/>\n<meta property=\"og:type\" content=\"article\" \/>\n<meta property=\"og:title\" content=\"Ach\u00e8te FFG - Star Wars : Unlimited - Secrets of Power - Spotlight Deck\" \/>\n<meta property=\"og:description\" content=\"Ach\u00e8te FFG - Star Wars : Unlimited - Secrets of Power - Spotlight Deck en ligne maintenant \u00e0 petit prix! Ton #1 shop pour cartes TCG &amp; Pok\u00e9mon en Suisse \u2713 Livraison gratuite d\u00e8s CHF 29\" \/>\n<meta property=\"og:url\" content=\"https:\/\/theuncommonshop.ch\/fr\/product\/ffg-star-wars-unlimited-secrets-of-power-spotlight-deck-2\/\" \/>\n<meta property=\"og:site_name\" content=\"The Uncommon Shop\" \/>\n<meta property=\"article:modified_time\" content=\"2026-03-31T17:54:21+00:00\" \/>\n<meta property=\"og:image\" content=\"https:\/\/theuncommonshop.ch\/wp-content\/uploads\/2025\/12\/5162165656.webp\" \/>\n\t<meta property=\"og:image:width\" content=\"1517\" \/>\n\t<meta property=\"og:image:height\" content=\"1517\" \/>\n\t<meta property=\"og:image:type\" content=\"image\/webp\" \/>\n<meta name=\"twitter:card\" content=\"summary_large_image\" \/>\n<meta name=\"twitter:label1\" content=\"Disponibilit\u00e9\" \/>\n\t<meta name=\"twitter:data1\" content=\"En stock\" \/>\n<script type=\"application\/ld+json\" class=\"yoast-schema-graph\">{\"@context\":\"https:\\\/\\\/schema.org\",\"@graph\":[{\"@type\":\"WebPage\",\"@id\":\"https:\\\/\\\/theuncommonshop.ch\\\/fr\\\/product\\\/ffg-star-wars-unlimited-secrets-of-power-spotlight-deck-2\\\/\",\"url\":\"https:\\\/\\\/theuncommonshop.ch\\\/fr\\\/product\\\/ffg-star-wars-unlimited-secrets-of-power-spotlight-deck-2\\\/\",\"name\":\"Ach\u00e8te FFG - Star Wars : Unlimited - Secrets of Power - Spotlight Deck\",\"isPartOf\":{\"@id\":\"https:\\\/\\\/theuncommonshop.ch\\\/fr\\\/#website\"},\"primaryImageOfPage\":{\"@id\":\"https:\\\/\\\/theuncommonshop.ch\\\/fr\\\/product\\\/ffg-star-wars-unlimited-secrets-of-power-spotlight-deck-2\\\/#primaryimage\"},\"image\":{\"@id\":\"https:\\\/\\\/theuncommonshop.ch\\\/fr\\\/product\\\/ffg-star-wars-unlimited-secrets-of-power-spotlight-deck-2\\\/#primaryimage\"},\"thumbnailUrl\":\"https:\\\/\\\/theuncommonshop.ch\\\/wp-content\\\/uploads\\\/2025\\\/12\\\/5162165656.webp\",\"datePublished\":\"2025-12-31T11:49:43+00:00\",\"dateModified\":\"2026-03-31T17:54:21+00:00\",\"description\":\"Ach\u00e8te FFG - Star Wars : Unlimited - Secrets of Power - Spotlight Deck en ligne maintenant \u00e0 petit prix! Ton #1 shop pour cartes TCG & Pok\u00e9mon en Suisse \u2713 Livraison gratuite d\u00e8s CHF 29\",\"breadcrumb\":{\"@id\":\"https:\\\/\\\/theuncommonshop.ch\\\/fr\\\/product\\\/ffg-star-wars-unlimited-secrets-of-power-spotlight-deck-2\\\/#breadcrumb\"},\"inLanguage\":\"fr-FR\",\"potentialAction\":[{\"@type\":\"ReadAction\",\"target\":[\"https:\\\/\\\/theuncommonshop.ch\\\/fr\\\/product\\\/ffg-star-wars-unlimited-secrets-of-power-spotlight-deck-2\\\/\"]}]},{\"@type\":\"ImageObject\",\"inLanguage\":\"fr-FR\",\"@id\":\"https:\\\/\\\/theuncommonshop.ch\\\/fr\\\/product\\\/ffg-star-wars-unlimited-secrets-of-power-spotlight-deck-2\\\/#primaryimage\",\"url\":\"https:\\\/\\\/theuncommonshop.ch\\\/wp-content\\\/uploads\\\/2025\\\/12\\\/5162165656.webp\",\"contentUrl\":\"https:\\\/\\\/theuncommonshop.ch\\\/wp-content\\\/uploads\\\/2025\\\/12\\\/5162165656.webp\",\"width\":1517,\"height\":1517},{\"@type\":\"BreadcrumbList\",\"@id\":\"https:\\\/\\\/theuncommonshop.ch\\\/fr\\\/product\\\/ffg-star-wars-unlimited-secrets-of-power-spotlight-deck-2\\\/#breadcrumb\",\"itemListElement\":[{\"@type\":\"ListItem\",\"position\":1,\"name\":\"Accueil\",\"item\":\"https:\\\/\\\/theuncommonshop.ch\\\/fr\\\/accueil\\\/\"},{\"@type\":\"ListItem\",\"position\":2,\"name\":\"Boutique\",\"item\":\"https:\\\/\\\/theuncommonshop.ch\\\/fr\\\/boutique\\\/\"},{\"@type\":\"ListItem\",\"position\":3,\"name\":\"Autres cartes \u00e0 collectionner\",\"item\":\"https:\\\/\\\/theuncommonshop.ch\\\/fr\\\/categorie-produit\\\/autres-cartes-a-collectionner\\\/\"},{\"@type\":\"ListItem\",\"position\":4,\"name\":\"Star Wars\",\"item\":\"https:\\\/\\\/theuncommonshop.ch\\\/fr\\\/categorie-produit\\\/autres-cartes-a-collectionner\\\/star-wars\\\/\"},{\"@type\":\"ListItem\",\"position\":5,\"name\":\"FFG &#8211; Star Wars : Unlimited &#8211; Secrets of Power &#8211; Spotlight Deck\"}]},{\"@type\":\"WebSite\",\"@id\":\"https:\\\/\\\/theuncommonshop.ch\\\/fr\\\/#website\",\"url\":\"https:\\\/\\\/theuncommonshop.ch\\\/fr\\\/\",\"name\":\"The Uncommon Shop\",\"description\":\"Magic, Pok\u00e9mon and Yu-gi-oh - The Uncommon Shop\",\"potentialAction\":[{\"@type\":\"SearchAction\",\"target\":{\"@type\":\"EntryPoint\",\"urlTemplate\":\"https:\\\/\\\/theuncommonshop.ch\\\/fr\\\/?s={search_term_string}\"},\"query-input\":{\"@type\":\"PropertyValueSpecification\",\"valueRequired\":true,\"valueName\":\"search_term_string\"}}],\"inLanguage\":\"fr-FR\"}]}<\/script>\n<meta property=\"og:availability\" content=\"instock\" \/>\n<meta property=\"product:availability\" content=\"instock\" \/>\n<meta property=\"product:retailer_item_id\" content=\"AL.SHOP.SecOfPowerDeck.DE\" \/>\n<meta property=\"product:condition\" content=\"new\" \/>\n<!-- \/ Yoast SEO plugin. -->","yoast_head_json":{"title":"Ach\u00e8te FFG - Star Wars : Unlimited - Secrets of Power - Spotlight Deck","description":"Ach\u00e8te FFG - Star Wars : Unlimited - Secrets of Power - Spotlight Deck en ligne maintenant \u00e0 petit prix! Ton #1 shop pour cartes TCG & Pok\u00e9mon en Suisse \u2713 Livraison gratuite d\u00e8s CHF 29","robots":{"index":"index","follow":"follow","max-snippet":"max-snippet:-1","max-image-preview":"max-image-preview:large","max-video-preview":"max-video-preview:-1"},"canonical":"https:\/\/theuncommonshop.ch\/fr\/product\/ffg-star-wars-unlimited-secrets-of-power-spotlight-deck-2\/","og_locale":"fr_FR","og_type":"article","og_title":"Ach\u00e8te FFG - Star Wars : Unlimited - Secrets of Power - Spotlight Deck","og_description":"Ach\u00e8te FFG - Star Wars : Unlimited - Secrets of Power - Spotlight Deck en ligne maintenant \u00e0 petit prix! Ton #1 shop pour cartes TCG & Pok\u00e9mon en Suisse \u2713 Livraison gratuite d\u00e8s CHF 29","og_url":"https:\/\/theuncommonshop.ch\/fr\/product\/ffg-star-wars-unlimited-secrets-of-power-spotlight-deck-2\/","og_site_name":"The Uncommon Shop","article_modified_time":"2026-03-31T17:54:21+00:00","og_image":[{"width":1517,"height":1517,"url":"https:\/\/theuncommonshop.ch\/wp-content\/uploads\/2025\/12\/5162165656.webp","type":"image\/webp"}],"twitter_card":"summary_large_image","twitter_misc":{"Disponibilit\u00e9":"En stock"},"schema":{"@context":"https:\/\/schema.org","@graph":[{"@type":"WebPage","@id":"https:\/\/theuncommonshop.ch\/fr\/product\/ffg-star-wars-unlimited-secrets-of-power-spotlight-deck-2\/","url":"https:\/\/theuncommonshop.ch\/fr\/product\/ffg-star-wars-unlimited-secrets-of-power-spotlight-deck-2\/","name":"Ach\u00e8te FFG - Star Wars : Unlimited - Secrets of Power - Spotlight Deck","isPartOf":{"@id":"https:\/\/theuncommonshop.ch\/fr\/#website"},"primaryImageOfPage":{"@id":"https:\/\/theuncommonshop.ch\/fr\/product\/ffg-star-wars-unlimited-secrets-of-power-spotlight-deck-2\/#primaryimage"},"image":{"@id":"https:\/\/theuncommonshop.ch\/fr\/product\/ffg-star-wars-unlimited-secrets-of-power-spotlight-deck-2\/#primaryimage"},"thumbnailUrl":"https:\/\/theuncommonshop.ch\/wp-content\/uploads\/2025\/12\/5162165656.webp","datePublished":"2025-12-31T11:49:43+00:00","dateModified":"2026-03-31T17:54:21+00:00","description":"Ach\u00e8te FFG - Star Wars : Unlimited - Secrets of Power - Spotlight Deck en ligne maintenant \u00e0 petit prix! Ton #1 shop pour cartes TCG & Pok\u00e9mon en Suisse \u2713 Livraison gratuite d\u00e8s CHF 29","breadcrumb":{"@id":"https:\/\/theuncommonshop.ch\/fr\/product\/ffg-star-wars-unlimited-secrets-of-power-spotlight-deck-2\/#breadcrumb"},"inLanguage":"fr-FR","potentialAction":[{"@type":"ReadAction","target":["https:\/\/theuncommonshop.ch\/fr\/product\/ffg-star-wars-unlimited-secrets-of-power-spotlight-deck-2\/"]}]},{"@type":"ImageObject","inLanguage":"fr-FR","@id":"https:\/\/theuncommonshop.ch\/fr\/product\/ffg-star-wars-unlimited-secrets-of-power-spotlight-deck-2\/#primaryimage","url":"https:\/\/theuncommonshop.ch\/wp-content\/uploads\/2025\/12\/5162165656.webp","contentUrl":"https:\/\/theuncommonshop.ch\/wp-content\/uploads\/2025\/12\/5162165656.webp","width":1517,"height":1517},{"@type":"BreadcrumbList","@id":"https:\/\/theuncommonshop.ch\/fr\/product\/ffg-star-wars-unlimited-secrets-of-power-spotlight-deck-2\/#breadcrumb","itemListElement":[{"@type":"ListItem","position":1,"name":"Accueil","item":"https:\/\/theuncommonshop.ch\/fr\/accueil\/"},{"@type":"ListItem","position":2,"name":"Boutique","item":"https:\/\/theuncommonshop.ch\/fr\/boutique\/"},{"@type":"ListItem","position":3,"name":"Autres cartes \u00e0 collectionner","item":"https:\/\/theuncommonshop.ch\/fr\/categorie-produit\/autres-cartes-a-collectionner\/"},{"@type":"ListItem","position":4,"name":"Star Wars","item":"https:\/\/theuncommonshop.ch\/fr\/categorie-produit\/autres-cartes-a-collectionner\/star-wars\/"},{"@type":"ListItem","position":5,"name":"FFG &#8211; Star Wars : Unlimited &#8211; Secrets of Power &#8211; Spotlight Deck"}]},{"@type":"WebSite","@id":"https:\/\/theuncommonshop.ch\/fr\/#website","url":"https:\/\/theuncommonshop.ch\/fr\/","name":"The Uncommon Shop","description":"Magic, Pok\u00e9mon and Yu-gi-oh - The Uncommon Shop","potentialAction":[{"@type":"SearchAction","target":{"@type":"EntryPoint","urlTemplate":"https:\/\/theuncommonshop.ch\/fr\/?s={search_term_string}"},"query-input":{"@type":"PropertyValueSpecification","valueRequired":true,"valueName":"search_term_string"}}],"inLanguage":"fr-FR"}]},"og_availability":"instock","product_availability":"instock","product_retailer_item_id":"AL.SHOP.SecOfPowerDeck.DE","product_condition":"new"},"_links":{"self":[{"href":"https:\/\/theuncommonshop.ch\/fr\/wp-json\/wp\/v2\/product\/312441","targetHints":{"allow":["GET"]}}],"collection":[{"href":"https:\/\/theuncommonshop.ch\/fr\/wp-json\/wp\/v2\/product"}],"about":[{"href":"https:\/\/theuncommonshop.ch\/fr\/wp-json\/wp\/v2\/types\/product"}],"replies":[{"embeddable":true,"href":"https:\/\/theuncommonshop.ch\/fr\/wp-json\/wp\/v2\/comments?post=312441"}],"version-history":[{"count":0,"href":"https:\/\/theuncommonshop.ch\/fr\/wp-json\/wp\/v2\/product\/312441\/revisions"}],"wp:featuredmedia":[{"embeddable":true,"href":"https:\/\/theuncommonshop.ch\/fr\/wp-json\/wp\/v2\/media\/275720"}],"wp:attachment":[{"href":"https:\/\/theuncommonshop.ch\/fr\/wp-json\/wp\/v2\/media?parent=312441"}],"wp:term":[{"taxonomy":"product_brand","embeddable":true,"href":"https:\/\/theuncommonshop.ch\/fr\/wp-json\/wp\/v2\/product_brand?post=312441"},{"taxonomy":"product_cat","embeddable":true,"href":"https:\/\/theuncommonshop.ch\/fr\/wp-json\/wp\/v2\/product_cat?post=312441"},{"taxonomy":"product_tag","embeddable":true,"href":"https:\/\/theuncommonshop.ch\/fr\/wp-json\/wp\/v2\/product_tag?post=312441"}],"curies":[{"name":"wp","href":"https:\/\/api.w.org\/{rel}","templated":true}]}}