{"id":312432,"date":"2025-12-31T11:44:26","date_gmt":"2025-12-31T11:44:26","guid":{"rendered":"http:\/\/theuncommonshop.ch\/produkt\/312432\/"},"modified":"2026-03-29T09:33:11","modified_gmt":"2026-03-29T07:33:11","slug":"yu-gi-oh-battle-of-legends-monster-mayhem-booster-pack-2","status":"publish","type":"product","link":"https:\/\/theuncommonshop.ch\/fr\/product\/yu-gi-oh-battle-of-legends-monster-mayhem-booster-pack-2\/","title":{"rendered":"Yu-Gi-Oh ! &#8211; Battle of Legends : Monster Mayhem &#8211; Booster Pack"},"content":{"rendered":"<div>\n<div>\n<div>Le set de Battles of Legend de cette ann\u00e9e, Battles of Legend : Monster Mayhem, est livr\u00e9 avec trois nouvelles surprises !<\/div>\n<div><strong>Surprise #1 : C&#8217;est l&#8217;heure de Chibi !<\/strong><\/div>\n<div>Obtenez 10 adorables variantes &#8220;chibi&#8221; de monstres populaires. Nous avons d\u00e9j\u00e0 utilis\u00e9 le style Chibi-Art pour des accessoires, mais c&#8217;est la premi\u00e8re fois qu&#8217;il est utilis\u00e9 sur de vraies cartes. Et soyons clairs : Il ne s&#8217;agit pas de pions, mais de cartes enti\u00e8rement jouables avec le texte du jeu !  <\/div>\n<div>(Attendez-vous \u00e0 plus de variantes de chibis \u00e0 l&#8217;avenir !)<\/div>\n<div><strong>Surprise #2 : Bling Out avec style !<\/strong><\/div>\n<div>\u00c9galement nouveau dans ce set &#8211; des Ultra Rares imprim\u00e9s ! Chaque paquet de Battles of Legends : Monster Mayhem contient une carte Ultra Rares sur le th\u00e8me de la fille-dragon, du P.U.N.K. ou de l&#8217;Orcus, avec un embl\u00e8me personnalis\u00e9 pour ce th\u00e8me, directement imprim\u00e9 sur la zone de texte de la carte. <\/div>\n<div>C&#8217;est l&#8217;occasion de pimenter ces decks avec un style encore jamais vu ! Il y a un total de 51 cartes avec des embl\u00e8mes, dont 6 cartes in\u00e9dites (2 pour chaque th\u00e8me). <\/div>\n<div><strong>Surprise #3 : les lumi\u00e8res des \u00e9toiles sont de retour !<\/strong><\/div>\n<div>Ok, certains l&#8217;ont vu venir ! Mais la surprise n&#8217;est pas que les Starlight Rares soient de retour &#8211; ce qu&#8217;elles sont &#8211; mais qu&#8217;elles soient beaucoup plus faciles \u00e0 obtenir ! Les Starlight Rares, qui sont apparues pour la derni\u00e8re fois en 2023 comme des cartes extr\u00eamement difficiles \u00e0 trouver, seront \u00e0 peu pr\u00e8s aussi nombreuses dans Battles of Legends : Monster Mayhem que dans Quarter-Century Secret Rares ces derni\u00e8res ann\u00e9es.  <\/div>\n<\/div>\n<div><strong>Pas de surprise : beaucoup de nouvelles cartes !<\/strong><\/div>\n<div>Une chose que vous pouvez toujours attendre d&#8217;un Deck Set Battles of Legends, ce sont de nouvelles cartes pour vos decks, et toujours toutes en Folie. Battles of Legend : Monster Mayhem contient de nouvelles cartes pour les decks N\u00e9croz, Chevalier des gemmes, Jurrac, Fabled, D\/D, Magistus et bien plus encore. <\/div>\n<div>Il n&#8217;est pas non plus surprenant que ce vaste ensemble de 177 cartes contienne de nombreuses anciennes &#8211; et nouvelles ! &#8211; favoris que vous recherchez peut-\u00eatre encore (Primite Lordly Lode, quelqu&#8217;un ?), ou que vous souhaitez acheter en tant qu&#8217;am\u00e9lioration Foil (King of the Feral Imps \u00e9tait tr\u00e8s m\u00e9content de son manque \u00e9vident de scintillement). <\/div>\n<div>Chaque pack de 5 cartes de Battles of Legend : Monster Mayhem contient :<\/div>\n<ul>\n<li>1 raret\u00e9 secr\u00e8te<\/li>\n<li>1 Ultra Rares avec impression (toujours une carte sur le th\u00e8me de Dragonmaid, P.U.N.K. ou Orcust)<\/li>\n<li>3 autres Ultra Rares<\/li>\n<\/ul>\n<\/div>\n<div><\/div>\n","protected":false},"excerpt":{"rendered":"<p>Le set de Battles of Legend de cette ann\u00e9e, Battles of Legend : Monster Mayhem, est livr\u00e9 avec trois nouvelles<\/p>\n","protected":false},"featured_media":297643,"comment_status":"open","ping_status":"closed","template":"","meta":{"_acf_changed":false},"product_brand":[5074,5112],"product_cat":[9983,9779],"product_tag":[],"class_list":{"0":"post-312432","1":"product","2":"type-product","3":"status-publish","4":"has-post-thumbnail","6":"product_brand-konami","7":"product_brand-yu-gi-oh","8":"product_cat-booster-packs-fr-2","9":"product_cat-yu-gi-oh-fr","11":"first","12":"outofstock","13":"taxable","14":"shipping-taxable","15":"purchasable","16":"product-type-variable"},"acf":[],"yoast_head":"<!-- This site is optimized with the Yoast SEO plugin v27.4 - https:\/\/yoast.com\/product\/yoast-seo-wordpress\/ -->\n<title>Ach\u00e8te Yu-Gi-Oh ! - Battle of Legends : Monster Mayhem - Booster Pack<\/title>\n<meta name=\"description\" content=\"Ach\u00e8te Yu-Gi-Oh ! - Battle of Legends : Monster Mayhem - Booster Pack en ligne maintenant \u00e0 petit prix! Ton #1 shop pour cartes TCG &amp; Pok\u00e9mon en Suisse \u2713 Livraison gratuite d\u00e8s CHF 29\" \/>\n<meta name=\"robots\" content=\"index, follow, max-snippet:-1, max-image-preview:large, max-video-preview:-1\" \/>\n<link rel=\"canonical\" href=\"https:\/\/theuncommonshop.ch\/fr\/product\/yu-gi-oh-battle-of-legends-monster-mayhem-booster-pack-2\/\" \/>\n<meta property=\"og:locale\" content=\"fr_FR\" \/>\n<meta property=\"og:type\" content=\"article\" \/>\n<meta property=\"og:title\" content=\"Ach\u00e8te Yu-Gi-Oh ! - Battle of Legends : Monster Mayhem - Booster Pack\" \/>\n<meta property=\"og:description\" content=\"Ach\u00e8te Yu-Gi-Oh ! - Battle of Legends : Monster Mayhem - Booster Pack en ligne maintenant \u00e0 petit prix! Ton #1 shop pour cartes TCG &amp; Pok\u00e9mon en Suisse \u2713 Livraison gratuite d\u00e8s CHF 29\" \/>\n<meta property=\"og:url\" content=\"https:\/\/theuncommonshop.ch\/fr\/product\/yu-gi-oh-battle-of-legends-monster-mayhem-booster-pack-2\/\" \/>\n<meta property=\"og:site_name\" content=\"Largest trading card shop in Switzerland\" \/>\n<meta property=\"article:modified_time\" content=\"2026-03-29T07:33:11+00:00\" \/>\n<meta property=\"og:image\" content=\"https:\/\/theuncommonshop.ch\/wp-content\/uploads\/2025\/12\/251706.webp\" \/>\n\t<meta property=\"og:image:width\" content=\"600\" \/>\n\t<meta property=\"og:image:height\" content=\"600\" \/>\n\t<meta property=\"og:image:type\" content=\"image\/webp\" \/>\n<meta name=\"twitter:card\" content=\"summary_large_image\" \/>\n<meta name=\"twitter:label1\" content=\"Disponibilit\u00e9\" \/>\n\t<meta name=\"twitter:data1\" content=\"Rupture de stock\" \/>\n<script type=\"application\/ld+json\" class=\"yoast-schema-graph\">{\"@context\":\"https:\\\/\\\/schema.org\",\"@graph\":[{\"@type\":\"WebPage\",\"@id\":\"https:\\\/\\\/theuncommonshop.ch\\\/fr\\\/product\\\/yu-gi-oh-battle-of-legends-monster-mayhem-booster-pack-2\\\/\",\"url\":\"https:\\\/\\\/theuncommonshop.ch\\\/fr\\\/product\\\/yu-gi-oh-battle-of-legends-monster-mayhem-booster-pack-2\\\/\",\"name\":\"Ach\u00e8te Yu-Gi-Oh ! - Battle of Legends : Monster Mayhem - Booster Pack\",\"isPartOf\":{\"@id\":\"https:\\\/\\\/theuncommonshop.ch\\\/#website\"},\"primaryImageOfPage\":{\"@id\":\"https:\\\/\\\/theuncommonshop.ch\\\/fr\\\/product\\\/yu-gi-oh-battle-of-legends-monster-mayhem-booster-pack-2\\\/#primaryimage\"},\"image\":{\"@id\":\"https:\\\/\\\/theuncommonshop.ch\\\/fr\\\/product\\\/yu-gi-oh-battle-of-legends-monster-mayhem-booster-pack-2\\\/#primaryimage\"},\"thumbnailUrl\":\"https:\\\/\\\/theuncommonshop.ch\\\/wp-content\\\/uploads\\\/2025\\\/12\\\/251706.webp\",\"datePublished\":\"2025-12-31T11:44:26+00:00\",\"dateModified\":\"2026-03-29T07:33:11+00:00\",\"description\":\"Ach\u00e8te Yu-Gi-Oh ! - Battle of Legends : Monster Mayhem - Booster Pack en ligne maintenant \u00e0 petit prix! Ton #1 shop pour cartes TCG & Pok\u00e9mon en Suisse \u2713 Livraison gratuite d\u00e8s CHF 29\",\"breadcrumb\":{\"@id\":\"https:\\\/\\\/theuncommonshop.ch\\\/fr\\\/product\\\/yu-gi-oh-battle-of-legends-monster-mayhem-booster-pack-2\\\/#breadcrumb\"},\"inLanguage\":\"fr-FR\",\"potentialAction\":[{\"@type\":\"ReadAction\",\"target\":[\"https:\\\/\\\/theuncommonshop.ch\\\/fr\\\/product\\\/yu-gi-oh-battle-of-legends-monster-mayhem-booster-pack-2\\\/\"]}]},{\"@type\":\"ImageObject\",\"inLanguage\":\"fr-FR\",\"@id\":\"https:\\\/\\\/theuncommonshop.ch\\\/fr\\\/product\\\/yu-gi-oh-battle-of-legends-monster-mayhem-booster-pack-2\\\/#primaryimage\",\"url\":\"https:\\\/\\\/theuncommonshop.ch\\\/wp-content\\\/uploads\\\/2025\\\/12\\\/251706.webp\",\"contentUrl\":\"https:\\\/\\\/theuncommonshop.ch\\\/wp-content\\\/uploads\\\/2025\\\/12\\\/251706.webp\",\"width\":600,\"height\":600},{\"@type\":\"BreadcrumbList\",\"@id\":\"https:\\\/\\\/theuncommonshop.ch\\\/fr\\\/product\\\/yu-gi-oh-battle-of-legends-monster-mayhem-booster-pack-2\\\/#breadcrumb\",\"itemListElement\":[{\"@type\":\"ListItem\",\"position\":1,\"name\":\"Accueil\",\"item\":\"https:\\\/\\\/theuncommonshop.ch\\\/fr\\\/accueil\\\/\"},{\"@type\":\"ListItem\",\"position\":2,\"name\":\"Boutique\",\"item\":\"https:\\\/\\\/theuncommonshop.ch\\\/fr\\\/boutique\\\/\"},{\"@type\":\"ListItem\",\"position\":3,\"name\":\"Yu-Gi-Oh!\",\"item\":\"https:\\\/\\\/theuncommonshop.ch\\\/fr\\\/categorie-produit\\\/yu-gi-oh-fr\\\/\"},{\"@type\":\"ListItem\",\"position\":4,\"name\":\"Booster Packs\",\"item\":\"https:\\\/\\\/theuncommonshop.ch\\\/fr\\\/categorie-produit\\\/yu-gi-oh-fr\\\/booster-packs-fr-2\\\/\"},{\"@type\":\"ListItem\",\"position\":5,\"name\":\"Yu-Gi-Oh ! &#8211; Battle of Legends : Monster Mayhem &#8211; Booster Pack\"}]},{\"@type\":\"WebSite\",\"@id\":\"https:\\\/\\\/theuncommonshop.ch\\\/#website\",\"url\":\"https:\\\/\\\/theuncommonshop.ch\\\/\",\"name\":\"Largest trading card shop in Switzerland\",\"description\":\"Magic, Pok\u00e9mon and Yu-gi-oh - The Uncommon Shop\",\"potentialAction\":[{\"@type\":\"SearchAction\",\"target\":{\"@type\":\"EntryPoint\",\"urlTemplate\":\"https:\\\/\\\/theuncommonshop.ch\\\/?s={search_term_string}\"},\"query-input\":{\"@type\":\"PropertyValueSpecification\",\"valueRequired\":true,\"valueName\":\"search_term_string\"}}],\"inLanguage\":\"fr-FR\"}]}<\/script>\n<meta property=\"og:availability\" content=\"out of stock\" \/>\n<meta property=\"product:availability\" content=\"out of stock\" \/>\n<meta property=\"product:condition\" content=\"new\" \/>\n<!-- \/ Yoast SEO plugin. -->","yoast_head_json":{"title":"Ach\u00e8te Yu-Gi-Oh ! - Battle of Legends : Monster Mayhem - Booster Pack","description":"Ach\u00e8te Yu-Gi-Oh ! - Battle of Legends : Monster Mayhem - Booster Pack en ligne maintenant \u00e0 petit prix! Ton #1 shop pour cartes TCG & Pok\u00e9mon en Suisse \u2713 Livraison gratuite d\u00e8s CHF 29","robots":{"index":"index","follow":"follow","max-snippet":"max-snippet:-1","max-image-preview":"max-image-preview:large","max-video-preview":"max-video-preview:-1"},"canonical":"https:\/\/theuncommonshop.ch\/fr\/product\/yu-gi-oh-battle-of-legends-monster-mayhem-booster-pack-2\/","og_locale":"fr_FR","og_type":"article","og_title":"Ach\u00e8te Yu-Gi-Oh ! - Battle of Legends : Monster Mayhem - Booster Pack","og_description":"Ach\u00e8te Yu-Gi-Oh ! - Battle of Legends : Monster Mayhem - Booster Pack en ligne maintenant \u00e0 petit prix! Ton #1 shop pour cartes TCG & Pok\u00e9mon en Suisse \u2713 Livraison gratuite d\u00e8s CHF 29","og_url":"https:\/\/theuncommonshop.ch\/fr\/product\/yu-gi-oh-battle-of-legends-monster-mayhem-booster-pack-2\/","og_site_name":"Largest trading card shop in Switzerland","article_modified_time":"2026-03-29T07:33:11+00:00","og_image":[{"width":600,"height":600,"url":"https:\/\/theuncommonshop.ch\/wp-content\/uploads\/2025\/12\/251706.webp","type":"image\/webp"}],"twitter_card":"summary_large_image","twitter_misc":{"Disponibilit\u00e9":"Rupture de stock"},"schema":{"@context":"https:\/\/schema.org","@graph":[{"@type":"WebPage","@id":"https:\/\/theuncommonshop.ch\/fr\/product\/yu-gi-oh-battle-of-legends-monster-mayhem-booster-pack-2\/","url":"https:\/\/theuncommonshop.ch\/fr\/product\/yu-gi-oh-battle-of-legends-monster-mayhem-booster-pack-2\/","name":"Ach\u00e8te Yu-Gi-Oh ! - Battle of Legends : Monster Mayhem - Booster Pack","isPartOf":{"@id":"https:\/\/theuncommonshop.ch\/#website"},"primaryImageOfPage":{"@id":"https:\/\/theuncommonshop.ch\/fr\/product\/yu-gi-oh-battle-of-legends-monster-mayhem-booster-pack-2\/#primaryimage"},"image":{"@id":"https:\/\/theuncommonshop.ch\/fr\/product\/yu-gi-oh-battle-of-legends-monster-mayhem-booster-pack-2\/#primaryimage"},"thumbnailUrl":"https:\/\/theuncommonshop.ch\/wp-content\/uploads\/2025\/12\/251706.webp","datePublished":"2025-12-31T11:44:26+00:00","dateModified":"2026-03-29T07:33:11+00:00","description":"Ach\u00e8te Yu-Gi-Oh ! - Battle of Legends : Monster Mayhem - Booster Pack en ligne maintenant \u00e0 petit prix! Ton #1 shop pour cartes TCG & Pok\u00e9mon en Suisse \u2713 Livraison gratuite d\u00e8s CHF 29","breadcrumb":{"@id":"https:\/\/theuncommonshop.ch\/fr\/product\/yu-gi-oh-battle-of-legends-monster-mayhem-booster-pack-2\/#breadcrumb"},"inLanguage":"fr-FR","potentialAction":[{"@type":"ReadAction","target":["https:\/\/theuncommonshop.ch\/fr\/product\/yu-gi-oh-battle-of-legends-monster-mayhem-booster-pack-2\/"]}]},{"@type":"ImageObject","inLanguage":"fr-FR","@id":"https:\/\/theuncommonshop.ch\/fr\/product\/yu-gi-oh-battle-of-legends-monster-mayhem-booster-pack-2\/#primaryimage","url":"https:\/\/theuncommonshop.ch\/wp-content\/uploads\/2025\/12\/251706.webp","contentUrl":"https:\/\/theuncommonshop.ch\/wp-content\/uploads\/2025\/12\/251706.webp","width":600,"height":600},{"@type":"BreadcrumbList","@id":"https:\/\/theuncommonshop.ch\/fr\/product\/yu-gi-oh-battle-of-legends-monster-mayhem-booster-pack-2\/#breadcrumb","itemListElement":[{"@type":"ListItem","position":1,"name":"Accueil","item":"https:\/\/theuncommonshop.ch\/fr\/accueil\/"},{"@type":"ListItem","position":2,"name":"Boutique","item":"https:\/\/theuncommonshop.ch\/fr\/boutique\/"},{"@type":"ListItem","position":3,"name":"Yu-Gi-Oh!","item":"https:\/\/theuncommonshop.ch\/fr\/categorie-produit\/yu-gi-oh-fr\/"},{"@type":"ListItem","position":4,"name":"Booster Packs","item":"https:\/\/theuncommonshop.ch\/fr\/categorie-produit\/yu-gi-oh-fr\/booster-packs-fr-2\/"},{"@type":"ListItem","position":5,"name":"Yu-Gi-Oh ! &#8211; Battle of Legends : Monster Mayhem &#8211; Booster Pack"}]},{"@type":"WebSite","@id":"https:\/\/theuncommonshop.ch\/#website","url":"https:\/\/theuncommonshop.ch\/","name":"Largest trading card shop in Switzerland","description":"Magic, Pok\u00e9mon and Yu-gi-oh - The Uncommon Shop","potentialAction":[{"@type":"SearchAction","target":{"@type":"EntryPoint","urlTemplate":"https:\/\/theuncommonshop.ch\/?s={search_term_string}"},"query-input":{"@type":"PropertyValueSpecification","valueRequired":true,"valueName":"search_term_string"}}],"inLanguage":"fr-FR"}]},"og_availability":"out of stock","product_availability":"out of stock","product_condition":"new"},"_links":{"self":[{"href":"https:\/\/theuncommonshop.ch\/fr\/wp-json\/wp\/v2\/product\/312432","targetHints":{"allow":["GET"]}}],"collection":[{"href":"https:\/\/theuncommonshop.ch\/fr\/wp-json\/wp\/v2\/product"}],"about":[{"href":"https:\/\/theuncommonshop.ch\/fr\/wp-json\/wp\/v2\/types\/product"}],"replies":[{"embeddable":true,"href":"https:\/\/theuncommonshop.ch\/fr\/wp-json\/wp\/v2\/comments?post=312432"}],"version-history":[{"count":2,"href":"https:\/\/theuncommonshop.ch\/fr\/wp-json\/wp\/v2\/product\/312432\/revisions"}],"predecessor-version":[{"id":357751,"href":"https:\/\/theuncommonshop.ch\/fr\/wp-json\/wp\/v2\/product\/312432\/revisions\/357751"}],"wp:featuredmedia":[{"embeddable":true,"href":"https:\/\/theuncommonshop.ch\/fr\/wp-json\/wp\/v2\/media\/297643"}],"wp:attachment":[{"href":"https:\/\/theuncommonshop.ch\/fr\/wp-json\/wp\/v2\/media?parent=312432"}],"wp:term":[{"taxonomy":"product_brand","embeddable":true,"href":"https:\/\/theuncommonshop.ch\/fr\/wp-json\/wp\/v2\/product_brand?post=312432"},{"taxonomy":"product_cat","embeddable":true,"href":"https:\/\/theuncommonshop.ch\/fr\/wp-json\/wp\/v2\/product_cat?post=312432"},{"taxonomy":"product_tag","embeddable":true,"href":"https:\/\/theuncommonshop.ch\/fr\/wp-json\/wp\/v2\/product_tag?post=312432"}],"curies":[{"name":"wp","href":"https:\/\/api.w.org\/{rel}","templated":true}]}}