{"id":312404,"date":"2025-12-31T11:41:26","date_gmt":"2025-12-31T11:41:26","guid":{"rendered":"http:\/\/theuncommonshop.ch\/produkt\/312404\/"},"modified":"2026-03-29T09:23:47","modified_gmt":"2026-03-29T07:23:47","slug":"yu-gi-oh-phantom-revenge-booster-pack-3","status":"publish","type":"product","link":"https:\/\/theuncommonshop.ch\/fr\/product\/yu-gi-oh-phantom-revenge-booster-pack-3\/","title":{"rendered":"Yu-Gi-Oh ! &#8211; Phantom Revenge &#8211; Booster Packs"},"content":{"rendered":"<p>Phantom Revenge apporte trois th\u00e8mes in\u00e9dits pour prendre votre revanche sur vos adversaires ! Les duellistes engag\u00e9s et les collectionneurs peuvent obtenir des am\u00e9liorations Collector&#8217;s Rares et Starlight Rares dans Phantom Revenge ! <\/p>\n<p>Hecahands&#8221; consiste \u00e0 s&#8217;emparer des cartes de votre adversaire et \u00e0 les faire v\u00f4tres ! Ce th\u00e8me de haut niveau, inspir\u00e9 des g\u00e9ants aux cent bras de la l\u00e9gende, est une strat\u00e9gie bas\u00e9e sur l&#8217;Illusion Fusion qui accueille les monstres de votre adversaire \u00e0 bras (et \u00e0 mains) ouverts ! <\/p>\n<p>Tous ceux qui ont autant de mains seront assez gourmands, et les Hecahands ne peuvent tout simplement pas s&#8217;emp\u00eacher d&#8217;attraper les monstres de votre adversaire ! Que le monstre de votre adversaire soit dans sa main, son deck, son deck suppl\u00e9mentaire ou son cimeti\u00e8re, les Hecahands ont quelque chose \u00e0 faire pour attraper le monstre de votre adversaire et l&#8217;invoquer sur VOTRE terrain &#8211; de fa\u00e7on permanente ! <\/p>\n<p>Les Hecahands ont aussi beaucoup d&#8217;autres outils pour s&#8217;\u00e9changer les uns les autres dans votre deck, se convoquer eux-m\u00eames en tant qu&#8217;invocation sp\u00e9ciale ou m\u00eame nier les sorts et les pi\u00e8ges de votre adversaire &#8211; et les utiliser pour votre propre usage !<\/p>\n<p>Mais les Hecahands ne sont que le d\u00e9but ! Deux autres th\u00e8mes seront ajout\u00e9s dans Phantom Revenge &#8211; mais nous y reviendrons plus tard ! <\/p>\n<p>Ce th\u00e8me de flip punit votre adversaire pour chaque action qu&#8217;il entreprend !<\/p>\n<p>Ces monstres synchro-accordeurs jouent une m\u00e9lodie qui est tout simplement \u00e9poustouflante !<\/p>\n<p>Phantom Revenge contient 60 cartes :<\/p>\n<p>\u30fb10 Ultra Rares<\/p>\n<p>\u30fb10 Super Rares<\/p>\n<p>\u30fb40 Rares (certains sont \u00e9galement disponibles en tant qu&#8217;am\u00e9liorations Super Rares)<\/p>\n<p>15 cartes sont \u00e9galement disponibles en tant que Collector&#8217;s Rares.<\/p>\n<p>10 cartes sont \u00e9galement disponibles en tant que Starlight Rares.<\/p>\n<p>Chaque paquet contient 7 cartes :<\/p>\n<p>1 carte Foil par paquet<\/p>\n<p>6 cartes Rares par paquet<\/p>\n<p>&nbsp;<\/p>\n","protected":false},"excerpt":{"rendered":"<p>Phantom Revenge apporte trois th\u00e8mes in\u00e9dits pour prendre votre revanche sur vos adversaires ! Les duellistes engag\u00e9s et les collectionneurs<\/p>\n","protected":false},"featured_media":297639,"comment_status":"open","ping_status":"closed","template":"","meta":{"_acf_changed":false},"product_brand":[5074,5112],"product_cat":[9983,9779],"product_tag":[],"class_list":{"0":"post-312404","1":"product","2":"type-product","3":"status-publish","4":"has-post-thumbnail","6":"product_brand-konami","7":"product_brand-yu-gi-oh","8":"product_cat-booster-packs-fr-2","9":"product_cat-yu-gi-oh-fr","11":"first","12":"outofstock","13":"taxable","14":"shipping-taxable","15":"purchasable","16":"product-type-variable"},"acf":[],"yoast_head":"<!-- This site is optimized with the Yoast SEO plugin v27.5 - https:\/\/yoast.com\/product\/yoast-seo-wordpress\/ -->\n<title>Ach\u00e8te Yu-Gi-Oh ! - Phantom Revenge - Booster Packs<\/title>\n<meta name=\"description\" content=\"Ach\u00e8te Yu-Gi-Oh ! - Phantom Revenge - Booster Packs en ligne maintenant \u00e0 petit prix! Ton #1 shop pour cartes TCG &amp; Pok\u00e9mon en Suisse \u2713 Livraison gratuite d\u00e8s CHF 29\" \/>\n<meta name=\"robots\" content=\"index, follow, max-snippet:-1, max-image-preview:large, max-video-preview:-1\" \/>\n<link rel=\"canonical\" href=\"https:\/\/theuncommonshop.ch\/fr\/product\/yu-gi-oh-phantom-revenge-booster-pack-3\/\" \/>\n<meta property=\"og:locale\" content=\"fr_FR\" \/>\n<meta property=\"og:type\" content=\"article\" \/>\n<meta property=\"og:title\" content=\"Ach\u00e8te Yu-Gi-Oh ! - Phantom Revenge - Booster Packs\" \/>\n<meta property=\"og:description\" content=\"Ach\u00e8te Yu-Gi-Oh ! - Phantom Revenge - Booster Packs en ligne maintenant \u00e0 petit prix! Ton #1 shop pour cartes TCG &amp; Pok\u00e9mon en Suisse \u2713 Livraison gratuite d\u00e8s CHF 29\" \/>\n<meta property=\"og:url\" content=\"https:\/\/theuncommonshop.ch\/fr\/product\/yu-gi-oh-phantom-revenge-booster-pack-3\/\" \/>\n<meta property=\"og:site_name\" content=\"The Uncommon Shop\" \/>\n<meta property=\"article:modified_time\" content=\"2026-03-29T07:23:47+00:00\" \/>\n<meta property=\"og:image\" content=\"https:\/\/theuncommonshop.ch\/wp-content\/uploads\/2025\/12\/PHRE-Foil-550x550-1.jpg\" \/>\n\t<meta property=\"og:image:width\" content=\"545\" \/>\n\t<meta property=\"og:image:height\" content=\"545\" \/>\n\t<meta property=\"og:image:type\" content=\"image\/jpeg\" \/>\n<meta name=\"twitter:card\" content=\"summary_large_image\" \/>\n<meta name=\"twitter:label1\" content=\"Disponibilit\u00e9\" \/>\n\t<meta name=\"twitter:data1\" content=\"Rupture de stock\" \/>\n<script type=\"application\/ld+json\" class=\"yoast-schema-graph\">{\"@context\":\"https:\\\/\\\/schema.org\",\"@graph\":[{\"@type\":\"WebPage\",\"@id\":\"https:\\\/\\\/theuncommonshop.ch\\\/fr\\\/product\\\/yu-gi-oh-phantom-revenge-booster-pack-3\\\/\",\"url\":\"https:\\\/\\\/theuncommonshop.ch\\\/fr\\\/product\\\/yu-gi-oh-phantom-revenge-booster-pack-3\\\/\",\"name\":\"Ach\u00e8te Yu-Gi-Oh ! - Phantom Revenge - Booster Packs\",\"isPartOf\":{\"@id\":\"https:\\\/\\\/theuncommonshop.ch\\\/fr\\\/#website\"},\"primaryImageOfPage\":{\"@id\":\"https:\\\/\\\/theuncommonshop.ch\\\/fr\\\/product\\\/yu-gi-oh-phantom-revenge-booster-pack-3\\\/#primaryimage\"},\"image\":{\"@id\":\"https:\\\/\\\/theuncommonshop.ch\\\/fr\\\/product\\\/yu-gi-oh-phantom-revenge-booster-pack-3\\\/#primaryimage\"},\"thumbnailUrl\":\"https:\\\/\\\/theuncommonshop.ch\\\/wp-content\\\/uploads\\\/2025\\\/12\\\/PHRE-Foil-550x550-1.jpg\",\"datePublished\":\"2025-12-31T11:41:26+00:00\",\"dateModified\":\"2026-03-29T07:23:47+00:00\",\"description\":\"Ach\u00e8te Yu-Gi-Oh ! - Phantom Revenge - Booster Packs en ligne maintenant \u00e0 petit prix! Ton #1 shop pour cartes TCG & Pok\u00e9mon en Suisse \u2713 Livraison gratuite d\u00e8s CHF 29\",\"breadcrumb\":{\"@id\":\"https:\\\/\\\/theuncommonshop.ch\\\/fr\\\/product\\\/yu-gi-oh-phantom-revenge-booster-pack-3\\\/#breadcrumb\"},\"inLanguage\":\"fr-FR\",\"potentialAction\":[{\"@type\":\"ReadAction\",\"target\":[\"https:\\\/\\\/theuncommonshop.ch\\\/fr\\\/product\\\/yu-gi-oh-phantom-revenge-booster-pack-3\\\/\"]}]},{\"@type\":\"ImageObject\",\"inLanguage\":\"fr-FR\",\"@id\":\"https:\\\/\\\/theuncommonshop.ch\\\/fr\\\/product\\\/yu-gi-oh-phantom-revenge-booster-pack-3\\\/#primaryimage\",\"url\":\"https:\\\/\\\/theuncommonshop.ch\\\/wp-content\\\/uploads\\\/2025\\\/12\\\/PHRE-Foil-550x550-1.jpg\",\"contentUrl\":\"https:\\\/\\\/theuncommonshop.ch\\\/wp-content\\\/uploads\\\/2025\\\/12\\\/PHRE-Foil-550x550-1.jpg\",\"width\":545,\"height\":545},{\"@type\":\"BreadcrumbList\",\"@id\":\"https:\\\/\\\/theuncommonshop.ch\\\/fr\\\/product\\\/yu-gi-oh-phantom-revenge-booster-pack-3\\\/#breadcrumb\",\"itemListElement\":[{\"@type\":\"ListItem\",\"position\":1,\"name\":\"Accueil\",\"item\":\"https:\\\/\\\/theuncommonshop.ch\\\/fr\\\/accueil\\\/\"},{\"@type\":\"ListItem\",\"position\":2,\"name\":\"Boutique\",\"item\":\"https:\\\/\\\/theuncommonshop.ch\\\/fr\\\/boutique\\\/\"},{\"@type\":\"ListItem\",\"position\":3,\"name\":\"Yu-Gi-Oh!\",\"item\":\"https:\\\/\\\/theuncommonshop.ch\\\/fr\\\/categorie-produit\\\/yu-gi-oh-fr\\\/\"},{\"@type\":\"ListItem\",\"position\":4,\"name\":\"Booster Packs\",\"item\":\"https:\\\/\\\/theuncommonshop.ch\\\/fr\\\/categorie-produit\\\/yu-gi-oh-fr\\\/booster-packs-fr-2\\\/\"},{\"@type\":\"ListItem\",\"position\":5,\"name\":\"Yu-Gi-Oh ! &#8211; Phantom Revenge &#8211; Booster Packs\"}]},{\"@type\":\"WebSite\",\"@id\":\"https:\\\/\\\/theuncommonshop.ch\\\/fr\\\/#website\",\"url\":\"https:\\\/\\\/theuncommonshop.ch\\\/fr\\\/\",\"name\":\"The Uncommon Shop\",\"description\":\"Magic, Pok\u00e9mon and Yu-gi-oh - The Uncommon Shop\",\"potentialAction\":[{\"@type\":\"SearchAction\",\"target\":{\"@type\":\"EntryPoint\",\"urlTemplate\":\"https:\\\/\\\/theuncommonshop.ch\\\/fr\\\/?s={search_term_string}\"},\"query-input\":{\"@type\":\"PropertyValueSpecification\",\"valueRequired\":true,\"valueName\":\"search_term_string\"}}],\"inLanguage\":\"fr-FR\"}]}<\/script>\n<meta property=\"og:availability\" content=\"out of stock\" \/>\n<meta property=\"product:availability\" content=\"out of stock\" \/>\n<meta property=\"product:condition\" content=\"new\" \/>\n<!-- \/ Yoast SEO plugin. -->","yoast_head_json":{"title":"Ach\u00e8te Yu-Gi-Oh ! - Phantom Revenge - Booster Packs","description":"Ach\u00e8te Yu-Gi-Oh ! - Phantom Revenge - Booster Packs en ligne maintenant \u00e0 petit prix! Ton #1 shop pour cartes TCG & Pok\u00e9mon en Suisse \u2713 Livraison gratuite d\u00e8s CHF 29","robots":{"index":"index","follow":"follow","max-snippet":"max-snippet:-1","max-image-preview":"max-image-preview:large","max-video-preview":"max-video-preview:-1"},"canonical":"https:\/\/theuncommonshop.ch\/fr\/product\/yu-gi-oh-phantom-revenge-booster-pack-3\/","og_locale":"fr_FR","og_type":"article","og_title":"Ach\u00e8te Yu-Gi-Oh ! - Phantom Revenge - Booster Packs","og_description":"Ach\u00e8te Yu-Gi-Oh ! - Phantom Revenge - Booster Packs en ligne maintenant \u00e0 petit prix! Ton #1 shop pour cartes TCG & Pok\u00e9mon en Suisse \u2713 Livraison gratuite d\u00e8s CHF 29","og_url":"https:\/\/theuncommonshop.ch\/fr\/product\/yu-gi-oh-phantom-revenge-booster-pack-3\/","og_site_name":"The Uncommon Shop","article_modified_time":"2026-03-29T07:23:47+00:00","og_image":[{"width":545,"height":545,"url":"https:\/\/theuncommonshop.ch\/wp-content\/uploads\/2025\/12\/PHRE-Foil-550x550-1.jpg","type":"image\/jpeg"}],"twitter_card":"summary_large_image","twitter_misc":{"Disponibilit\u00e9":"Rupture de stock"},"schema":{"@context":"https:\/\/schema.org","@graph":[{"@type":"WebPage","@id":"https:\/\/theuncommonshop.ch\/fr\/product\/yu-gi-oh-phantom-revenge-booster-pack-3\/","url":"https:\/\/theuncommonshop.ch\/fr\/product\/yu-gi-oh-phantom-revenge-booster-pack-3\/","name":"Ach\u00e8te Yu-Gi-Oh ! - Phantom Revenge - Booster Packs","isPartOf":{"@id":"https:\/\/theuncommonshop.ch\/fr\/#website"},"primaryImageOfPage":{"@id":"https:\/\/theuncommonshop.ch\/fr\/product\/yu-gi-oh-phantom-revenge-booster-pack-3\/#primaryimage"},"image":{"@id":"https:\/\/theuncommonshop.ch\/fr\/product\/yu-gi-oh-phantom-revenge-booster-pack-3\/#primaryimage"},"thumbnailUrl":"https:\/\/theuncommonshop.ch\/wp-content\/uploads\/2025\/12\/PHRE-Foil-550x550-1.jpg","datePublished":"2025-12-31T11:41:26+00:00","dateModified":"2026-03-29T07:23:47+00:00","description":"Ach\u00e8te Yu-Gi-Oh ! - Phantom Revenge - Booster Packs en ligne maintenant \u00e0 petit prix! Ton #1 shop pour cartes TCG & Pok\u00e9mon en Suisse \u2713 Livraison gratuite d\u00e8s CHF 29","breadcrumb":{"@id":"https:\/\/theuncommonshop.ch\/fr\/product\/yu-gi-oh-phantom-revenge-booster-pack-3\/#breadcrumb"},"inLanguage":"fr-FR","potentialAction":[{"@type":"ReadAction","target":["https:\/\/theuncommonshop.ch\/fr\/product\/yu-gi-oh-phantom-revenge-booster-pack-3\/"]}]},{"@type":"ImageObject","inLanguage":"fr-FR","@id":"https:\/\/theuncommonshop.ch\/fr\/product\/yu-gi-oh-phantom-revenge-booster-pack-3\/#primaryimage","url":"https:\/\/theuncommonshop.ch\/wp-content\/uploads\/2025\/12\/PHRE-Foil-550x550-1.jpg","contentUrl":"https:\/\/theuncommonshop.ch\/wp-content\/uploads\/2025\/12\/PHRE-Foil-550x550-1.jpg","width":545,"height":545},{"@type":"BreadcrumbList","@id":"https:\/\/theuncommonshop.ch\/fr\/product\/yu-gi-oh-phantom-revenge-booster-pack-3\/#breadcrumb","itemListElement":[{"@type":"ListItem","position":1,"name":"Accueil","item":"https:\/\/theuncommonshop.ch\/fr\/accueil\/"},{"@type":"ListItem","position":2,"name":"Boutique","item":"https:\/\/theuncommonshop.ch\/fr\/boutique\/"},{"@type":"ListItem","position":3,"name":"Yu-Gi-Oh!","item":"https:\/\/theuncommonshop.ch\/fr\/categorie-produit\/yu-gi-oh-fr\/"},{"@type":"ListItem","position":4,"name":"Booster Packs","item":"https:\/\/theuncommonshop.ch\/fr\/categorie-produit\/yu-gi-oh-fr\/booster-packs-fr-2\/"},{"@type":"ListItem","position":5,"name":"Yu-Gi-Oh ! &#8211; Phantom Revenge &#8211; Booster Packs"}]},{"@type":"WebSite","@id":"https:\/\/theuncommonshop.ch\/fr\/#website","url":"https:\/\/theuncommonshop.ch\/fr\/","name":"The Uncommon Shop","description":"Magic, Pok\u00e9mon and Yu-gi-oh - The Uncommon Shop","potentialAction":[{"@type":"SearchAction","target":{"@type":"EntryPoint","urlTemplate":"https:\/\/theuncommonshop.ch\/fr\/?s={search_term_string}"},"query-input":{"@type":"PropertyValueSpecification","valueRequired":true,"valueName":"search_term_string"}}],"inLanguage":"fr-FR"}]},"og_availability":"out of stock","product_availability":"out of stock","product_condition":"new"},"_links":{"self":[{"href":"https:\/\/theuncommonshop.ch\/fr\/wp-json\/wp\/v2\/product\/312404","targetHints":{"allow":["GET"]}}],"collection":[{"href":"https:\/\/theuncommonshop.ch\/fr\/wp-json\/wp\/v2\/product"}],"about":[{"href":"https:\/\/theuncommonshop.ch\/fr\/wp-json\/wp\/v2\/types\/product"}],"replies":[{"embeddable":true,"href":"https:\/\/theuncommonshop.ch\/fr\/wp-json\/wp\/v2\/comments?post=312404"}],"version-history":[{"count":0,"href":"https:\/\/theuncommonshop.ch\/fr\/wp-json\/wp\/v2\/product\/312404\/revisions"}],"wp:featuredmedia":[{"embeddable":true,"href":"https:\/\/theuncommonshop.ch\/fr\/wp-json\/wp\/v2\/media\/297639"}],"wp:attachment":[{"href":"https:\/\/theuncommonshop.ch\/fr\/wp-json\/wp\/v2\/media?parent=312404"}],"wp:term":[{"taxonomy":"product_brand","embeddable":true,"href":"https:\/\/theuncommonshop.ch\/fr\/wp-json\/wp\/v2\/product_brand?post=312404"},{"taxonomy":"product_cat","embeddable":true,"href":"https:\/\/theuncommonshop.ch\/fr\/wp-json\/wp\/v2\/product_cat?post=312404"},{"taxonomy":"product_tag","embeddable":true,"href":"https:\/\/theuncommonshop.ch\/fr\/wp-json\/wp\/v2\/product_tag?post=312404"}],"curies":[{"name":"wp","href":"https:\/\/api.w.org\/{rel}","templated":true}]}}