{"id":312284,"date":"2025-12-31T11:33:28","date_gmt":"2025-12-31T10:33:28","guid":{"rendered":"http:\/\/theuncommonshop.ch\/produkt\/312284\/"},"modified":"2026-03-31T16:47:20","modified_gmt":"2026-03-31T14:47:20","slug":"yu-gi-oh-legendary-5ds-deck-2","status":"publish","type":"product","link":"https:\/\/theuncommonshop.ch\/fr\/product\/yu-gi-oh-legendary-5ds-deck-2\/","title":{"rendered":"Yu-Gi-Oh ! &#8211; Legendary 5D&#8217;s &#8211; Deck"},"content":{"rendered":"<p>C&#8217;est le 5\u00e8me Deck Set des Decks L\u00e9gendaires &#8211; donc \u00e7a doit \u00eatre Yu-Gi-Oh ! 5D&#8217;s ! <\/p>\n<p>Legendary 5D&#8217;s Decks contient TROIS decks complets, pr\u00eats \u00e0 jouer, contenant chacun 50 cartes (5 Ultra Rares, 45 Commons par deck) :<\/p>\n<p>&#8211; Un deck Yusei avec 8 toutes nouvelles cartes, jamais publi\u00e9es auparavant.<\/p>\n<p>&#8211; Un deck Akiza con\u00e7u pour les nouvelles cartes \u00e0 th\u00e8me Akiza dans Doom of Dimension.<\/p>\n<p>&#8211; Et un deck Crow avec les derniers Blackwings de Darkwing Blast de 2022 et plus encore !<\/p>\n<p>Chaque deck se compose d&#8217;un deck principal de 40 cartes et d&#8217;un deck extra de 10 cartes (plus un bonus &#8211; voir ci-dessous) !<\/p>\n<p>Ne vous trompez pas : ces decks contiennent certaines des technologies de cartes les plus populaires, de Mulcharmy Meowls \u00e0 l&#8217;Inconstance infinie, qui peuvent \u00eatre utilis\u00e9es dans n&#8217;importe quel deck que vous jouerez ensuite. Et les cartes 5D&#8217;s dans chaque deck ne sont pas des samplers \u00e0 1, mais des cartes \u00e0 2 et 3, dont vous avez besoin pour que ces decks fonctionnent vraiment. Il est temps de REV IT UP !  <\/p>\n<p>BONUS SP\u00c9CIAL : La 51e carte de chaque deck est une version artistique Chibi enti\u00e8rement jouable du monstre principal de chaque signataire (Dragon Poussi\u00e8re d&#8217;\u00c9toile Chibi pour Yusei, Dragon Rose Noire Chibi pour Akiza et Dragon Aile Noire Chibi pour Crow) ! Vous obtenez donc un total de 3 cartes Monstre Chibi jouables. Vous recevrez \u00e9galement 3 cartes jetons diff\u00e9rentes repr\u00e9sentant des \u0153uvres d&#8217;art Chibi de Yusei, Akiza et Crow. Si vous roulez vite, vous vous sentirez vivant, mais si vous avez l&#8217;air mignon, vous pouvez aussi rouler plus vite !   <\/p>\n<p>Legendary 5D&#8217;s Decks contient :<\/p>\n<p>3 Secret Rare chibi variant art cartes de monstres<\/p>\n<p>3 Secret Rare chibi Token Cards<\/p>\n<p>15 Ultra Rares<\/p>\n<p>135 Commons<\/p>\n","protected":false},"excerpt":{"rendered":"<p>C&#8217;est le 5\u00e8me Deck Set des Decks L\u00e9gendaires &#8211; donc \u00e7a doit \u00eatre Yu-Gi-Oh ! 5D&#8217;s ! Legendary 5D&#8217;s Decks<\/p>\n","protected":false},"featured_media":275210,"comment_status":"open","ping_status":"closed","template":"","meta":{"_acf_changed":false},"product_brand":[5074,5112],"product_cat":[9839,9837,9779],"product_tag":[],"class_list":{"0":"post-312284","1":"product","2":"type-product","3":"status-publish","4":"has-post-thumbnail","6":"product_brand-konami","7":"product_brand-yu-gi-oh","8":"product_cat-coffrets-et-collections-yugioh","9":"product_cat-decks-yugioh","10":"product_cat-yu-gi-oh-fr","12":"first","13":"instock","14":"sale","15":"taxable","16":"shipping-taxable","17":"purchasable","18":"product-type-variable"},"acf":[],"yoast_head":"<!-- This site is optimized with the Yoast SEO plugin v27.4 - https:\/\/yoast.com\/product\/yoast-seo-wordpress\/ -->\n<title>Ach\u00e8te Yu-Gi-Oh ! - Legendary 5D&#039;s - Deck<\/title>\n<meta name=\"description\" content=\"Ach\u00e8te Yu-Gi-Oh ! - Legendary 5D&#039;s - Deck en ligne maintenant \u00e0 petit prix! Ton #1 shop pour cartes TCG &amp; Pok\u00e9mon en Suisse \u2713 Livraison gratuite d\u00e8s CHF 29\" \/>\n<meta name=\"robots\" content=\"index, follow, max-snippet:-1, max-image-preview:large, max-video-preview:-1\" \/>\n<link rel=\"canonical\" href=\"https:\/\/theuncommonshop.ch\/fr\/product\/yu-gi-oh-legendary-5ds-deck-2\/\" \/>\n<meta property=\"og:locale\" content=\"fr_FR\" \/>\n<meta property=\"og:type\" content=\"article\" \/>\n<meta property=\"og:title\" content=\"Ach\u00e8te Yu-Gi-Oh ! - Legendary 5D&#039;s - Deck\" \/>\n<meta property=\"og:description\" content=\"Ach\u00e8te Yu-Gi-Oh ! - Legendary 5D&#039;s - Deck en ligne maintenant \u00e0 petit prix! Ton #1 shop pour cartes TCG &amp; Pok\u00e9mon en Suisse \u2713 Livraison gratuite d\u00e8s CHF 29\" \/>\n<meta property=\"og:url\" content=\"https:\/\/theuncommonshop.ch\/fr\/product\/yu-gi-oh-legendary-5ds-deck-2\/\" \/>\n<meta property=\"og:site_name\" content=\"Largest trading card shop in Switzerland\" \/>\n<meta property=\"article:modified_time\" content=\"2026-03-31T14:47:20+00:00\" \/>\n<meta property=\"og:image\" content=\"https:\/\/theuncommonshop.ch\/wp-content\/uploads\/2025\/12\/5137977004.png\" \/>\n\t<meta property=\"og:image:width\" content=\"400\" \/>\n\t<meta property=\"og:image:height\" content=\"292\" \/>\n\t<meta property=\"og:image:type\" content=\"image\/png\" \/>\n<meta name=\"twitter:card\" content=\"summary_large_image\" \/>\n<meta name=\"twitter:label1\" content=\"Disponibilit\u00e9\" \/>\n\t<meta name=\"twitter:data1\" content=\"En stock\" \/>\n<script type=\"application\/ld+json\" class=\"yoast-schema-graph\">{\"@context\":\"https:\\\/\\\/schema.org\",\"@graph\":[{\"@type\":\"WebPage\",\"@id\":\"https:\\\/\\\/theuncommonshop.ch\\\/fr\\\/product\\\/yu-gi-oh-legendary-5ds-deck-2\\\/\",\"url\":\"https:\\\/\\\/theuncommonshop.ch\\\/fr\\\/product\\\/yu-gi-oh-legendary-5ds-deck-2\\\/\",\"name\":\"Ach\u00e8te Yu-Gi-Oh ! - Legendary 5D's - Deck\",\"isPartOf\":{\"@id\":\"https:\\\/\\\/theuncommonshop.ch\\\/#website\"},\"primaryImageOfPage\":{\"@id\":\"https:\\\/\\\/theuncommonshop.ch\\\/fr\\\/product\\\/yu-gi-oh-legendary-5ds-deck-2\\\/#primaryimage\"},\"image\":{\"@id\":\"https:\\\/\\\/theuncommonshop.ch\\\/fr\\\/product\\\/yu-gi-oh-legendary-5ds-deck-2\\\/#primaryimage\"},\"thumbnailUrl\":\"https:\\\/\\\/theuncommonshop.ch\\\/wp-content\\\/uploads\\\/2025\\\/12\\\/5137977004.png\",\"datePublished\":\"2025-12-31T10:33:28+00:00\",\"dateModified\":\"2026-03-31T14:47:20+00:00\",\"description\":\"Ach\u00e8te Yu-Gi-Oh ! - Legendary 5D's - Deck en ligne maintenant \u00e0 petit prix! Ton #1 shop pour cartes TCG & Pok\u00e9mon en Suisse \u2713 Livraison gratuite d\u00e8s CHF 29\",\"breadcrumb\":{\"@id\":\"https:\\\/\\\/theuncommonshop.ch\\\/fr\\\/product\\\/yu-gi-oh-legendary-5ds-deck-2\\\/#breadcrumb\"},\"inLanguage\":\"fr-FR\",\"potentialAction\":[{\"@type\":\"ReadAction\",\"target\":[\"https:\\\/\\\/theuncommonshop.ch\\\/fr\\\/product\\\/yu-gi-oh-legendary-5ds-deck-2\\\/\"]}]},{\"@type\":\"ImageObject\",\"inLanguage\":\"fr-FR\",\"@id\":\"https:\\\/\\\/theuncommonshop.ch\\\/fr\\\/product\\\/yu-gi-oh-legendary-5ds-deck-2\\\/#primaryimage\",\"url\":\"https:\\\/\\\/theuncommonshop.ch\\\/wp-content\\\/uploads\\\/2025\\\/12\\\/5137977004.png\",\"contentUrl\":\"https:\\\/\\\/theuncommonshop.ch\\\/wp-content\\\/uploads\\\/2025\\\/12\\\/5137977004.png\",\"width\":400,\"height\":292},{\"@type\":\"BreadcrumbList\",\"@id\":\"https:\\\/\\\/theuncommonshop.ch\\\/fr\\\/product\\\/yu-gi-oh-legendary-5ds-deck-2\\\/#breadcrumb\",\"itemListElement\":[{\"@type\":\"ListItem\",\"position\":1,\"name\":\"Accueil\",\"item\":\"https:\\\/\\\/theuncommonshop.ch\\\/fr\\\/accueil\\\/\"},{\"@type\":\"ListItem\",\"position\":2,\"name\":\"Boutique\",\"item\":\"https:\\\/\\\/theuncommonshop.ch\\\/fr\\\/boutique\\\/\"},{\"@type\":\"ListItem\",\"position\":3,\"name\":\"Yu-Gi-Oh!\",\"item\":\"https:\\\/\\\/theuncommonshop.ch\\\/produktkategorie\\\/yu-gi-oh\\\/\"},{\"@type\":\"ListItem\",\"position\":4,\"name\":\"Decks\",\"item\":\"https:\\\/\\\/theuncommonshop.ch\\\/produktkategorie\\\/yu-gi-oh\\\/decks-yu-gi-oh\\\/\"},{\"@type\":\"ListItem\",\"position\":5,\"name\":\"Yu-Gi-Oh ! &#8211; Legendary 5D&#8217;s &#8211; Deck\"}]},{\"@type\":\"WebSite\",\"@id\":\"https:\\\/\\\/theuncommonshop.ch\\\/#website\",\"url\":\"https:\\\/\\\/theuncommonshop.ch\\\/\",\"name\":\"Largest trading card shop in Switzerland\",\"description\":\"Magic, Pok\u00e9mon and Yu-gi-oh - The Uncommon Shop\",\"potentialAction\":[{\"@type\":\"SearchAction\",\"target\":{\"@type\":\"EntryPoint\",\"urlTemplate\":\"https:\\\/\\\/theuncommonshop.ch\\\/?s={search_term_string}\"},\"query-input\":{\"@type\":\"PropertyValueSpecification\",\"valueRequired\":true,\"valueName\":\"search_term_string\"}}],\"inLanguage\":\"fr-FR\"}]}<\/script>\n<meta property=\"og:availability\" content=\"instock\" \/>\n<meta property=\"product:availability\" content=\"instock\" \/>\n<meta property=\"product:condition\" content=\"new\" \/>\n<!-- \/ Yoast SEO plugin. -->","yoast_head_json":{"title":"Ach\u00e8te Yu-Gi-Oh ! - Legendary 5D's - Deck","description":"Ach\u00e8te Yu-Gi-Oh ! - Legendary 5D's - Deck en ligne maintenant \u00e0 petit prix! Ton #1 shop pour cartes TCG & Pok\u00e9mon en Suisse \u2713 Livraison gratuite d\u00e8s CHF 29","robots":{"index":"index","follow":"follow","max-snippet":"max-snippet:-1","max-image-preview":"max-image-preview:large","max-video-preview":"max-video-preview:-1"},"canonical":"https:\/\/theuncommonshop.ch\/fr\/product\/yu-gi-oh-legendary-5ds-deck-2\/","og_locale":"fr_FR","og_type":"article","og_title":"Ach\u00e8te Yu-Gi-Oh ! - Legendary 5D's - Deck","og_description":"Ach\u00e8te Yu-Gi-Oh ! - Legendary 5D's - Deck en ligne maintenant \u00e0 petit prix! Ton #1 shop pour cartes TCG & Pok\u00e9mon en Suisse \u2713 Livraison gratuite d\u00e8s CHF 29","og_url":"https:\/\/theuncommonshop.ch\/fr\/product\/yu-gi-oh-legendary-5ds-deck-2\/","og_site_name":"Largest trading card shop in Switzerland","article_modified_time":"2026-03-31T14:47:20+00:00","og_image":[{"width":400,"height":292,"url":"https:\/\/theuncommonshop.ch\/wp-content\/uploads\/2025\/12\/5137977004.png","type":"image\/png"}],"twitter_card":"summary_large_image","twitter_misc":{"Disponibilit\u00e9":"En stock"},"schema":{"@context":"https:\/\/schema.org","@graph":[{"@type":"WebPage","@id":"https:\/\/theuncommonshop.ch\/fr\/product\/yu-gi-oh-legendary-5ds-deck-2\/","url":"https:\/\/theuncommonshop.ch\/fr\/product\/yu-gi-oh-legendary-5ds-deck-2\/","name":"Ach\u00e8te Yu-Gi-Oh ! - Legendary 5D's - Deck","isPartOf":{"@id":"https:\/\/theuncommonshop.ch\/#website"},"primaryImageOfPage":{"@id":"https:\/\/theuncommonshop.ch\/fr\/product\/yu-gi-oh-legendary-5ds-deck-2\/#primaryimage"},"image":{"@id":"https:\/\/theuncommonshop.ch\/fr\/product\/yu-gi-oh-legendary-5ds-deck-2\/#primaryimage"},"thumbnailUrl":"https:\/\/theuncommonshop.ch\/wp-content\/uploads\/2025\/12\/5137977004.png","datePublished":"2025-12-31T10:33:28+00:00","dateModified":"2026-03-31T14:47:20+00:00","description":"Ach\u00e8te Yu-Gi-Oh ! - Legendary 5D's - Deck en ligne maintenant \u00e0 petit prix! Ton #1 shop pour cartes TCG & Pok\u00e9mon en Suisse \u2713 Livraison gratuite d\u00e8s CHF 29","breadcrumb":{"@id":"https:\/\/theuncommonshop.ch\/fr\/product\/yu-gi-oh-legendary-5ds-deck-2\/#breadcrumb"},"inLanguage":"fr-FR","potentialAction":[{"@type":"ReadAction","target":["https:\/\/theuncommonshop.ch\/fr\/product\/yu-gi-oh-legendary-5ds-deck-2\/"]}]},{"@type":"ImageObject","inLanguage":"fr-FR","@id":"https:\/\/theuncommonshop.ch\/fr\/product\/yu-gi-oh-legendary-5ds-deck-2\/#primaryimage","url":"https:\/\/theuncommonshop.ch\/wp-content\/uploads\/2025\/12\/5137977004.png","contentUrl":"https:\/\/theuncommonshop.ch\/wp-content\/uploads\/2025\/12\/5137977004.png","width":400,"height":292},{"@type":"BreadcrumbList","@id":"https:\/\/theuncommonshop.ch\/fr\/product\/yu-gi-oh-legendary-5ds-deck-2\/#breadcrumb","itemListElement":[{"@type":"ListItem","position":1,"name":"Accueil","item":"https:\/\/theuncommonshop.ch\/fr\/accueil\/"},{"@type":"ListItem","position":2,"name":"Boutique","item":"https:\/\/theuncommonshop.ch\/fr\/boutique\/"},{"@type":"ListItem","position":3,"name":"Yu-Gi-Oh!","item":"https:\/\/theuncommonshop.ch\/produktkategorie\/yu-gi-oh\/"},{"@type":"ListItem","position":4,"name":"Decks","item":"https:\/\/theuncommonshop.ch\/produktkategorie\/yu-gi-oh\/decks-yu-gi-oh\/"},{"@type":"ListItem","position":5,"name":"Yu-Gi-Oh ! &#8211; Legendary 5D&#8217;s &#8211; Deck"}]},{"@type":"WebSite","@id":"https:\/\/theuncommonshop.ch\/#website","url":"https:\/\/theuncommonshop.ch\/","name":"Largest trading card shop in Switzerland","description":"Magic, Pok\u00e9mon and Yu-gi-oh - The Uncommon Shop","potentialAction":[{"@type":"SearchAction","target":{"@type":"EntryPoint","urlTemplate":"https:\/\/theuncommonshop.ch\/?s={search_term_string}"},"query-input":{"@type":"PropertyValueSpecification","valueRequired":true,"valueName":"search_term_string"}}],"inLanguage":"fr-FR"}]},"og_availability":"instock","product_availability":"instock","product_condition":"new"},"_links":{"self":[{"href":"https:\/\/theuncommonshop.ch\/fr\/wp-json\/wp\/v2\/product\/312284","targetHints":{"allow":["GET"]}}],"collection":[{"href":"https:\/\/theuncommonshop.ch\/fr\/wp-json\/wp\/v2\/product"}],"about":[{"href":"https:\/\/theuncommonshop.ch\/fr\/wp-json\/wp\/v2\/types\/product"}],"replies":[{"embeddable":true,"href":"https:\/\/theuncommonshop.ch\/fr\/wp-json\/wp\/v2\/comments?post=312284"}],"version-history":[{"count":2,"href":"https:\/\/theuncommonshop.ch\/fr\/wp-json\/wp\/v2\/product\/312284\/revisions"}],"predecessor-version":[{"id":360167,"href":"https:\/\/theuncommonshop.ch\/fr\/wp-json\/wp\/v2\/product\/312284\/revisions\/360167"}],"wp:featuredmedia":[{"embeddable":true,"href":"https:\/\/theuncommonshop.ch\/fr\/wp-json\/wp\/v2\/media\/275210"}],"wp:attachment":[{"href":"https:\/\/theuncommonshop.ch\/fr\/wp-json\/wp\/v2\/media?parent=312284"}],"wp:term":[{"taxonomy":"product_brand","embeddable":true,"href":"https:\/\/theuncommonshop.ch\/fr\/wp-json\/wp\/v2\/product_brand?post=312284"},{"taxonomy":"product_cat","embeddable":true,"href":"https:\/\/theuncommonshop.ch\/fr\/wp-json\/wp\/v2\/product_cat?post=312284"},{"taxonomy":"product_tag","embeddable":true,"href":"https:\/\/theuncommonshop.ch\/fr\/wp-json\/wp\/v2\/product_tag?post=312284"}],"curies":[{"name":"wp","href":"https:\/\/api.w.org\/{rel}","templated":true}]}}