{"id":312245,"date":"2025-12-31T11:24:52","date_gmt":"2025-12-31T11:24:52","guid":{"rendered":"http:\/\/theuncommonshop.ch\/produkt\/312245\/"},"modified":"2026-03-31T19:49:57","modified_gmt":"2026-03-31T17:49:57","slug":"ffg-star-wars-unlimited-legends-of-the-force-prerelease-box-2","status":"publish","type":"product","link":"https:\/\/theuncommonshop.ch\/fr\/product\/ffg-star-wars-unlimited-legends-of-the-force-prerelease-box-2\/","title":{"rendered":"FFG &#8211; Star Wars : Unlimited &#8211; Legends of the Force &#8211; Prerelease Box"},"content":{"rendered":"<p>Passez \u00e0 la phase suivante de votre exp\u00e9rience de jeu organis\u00e9 Star Wars\u2122 : Unlimited avec cette Prerelease Box Legends of the Force ! Dans cette bo\u00eete, vous trouverez 6 Booster Packs ainsi que suffisamment de jetons et de mat\u00e9riel pour vous permettre de commencer votre voyage dans le cinqui\u00e8me set de Star Wars : Unlimited. La bo\u00eete est livr\u00e9e avec tout ce dont un joueur aurait besoin pour participer au tournoi de pr\u00e9-lancement en magasin, et inclut m\u00eame des versions promotionnelles exclusives des cartes leader Dark Maul et Qui-Gon Jinn !  <\/p>\n<p>Star Wars : Unlimited est un jeu de cartes \u00e0 \u00e9changer rapide, facile \u00e0 apprendre et aux possibilit\u00e9s illimit\u00e9es. L&#8217;ensemble Legends of the Force pr\u00e9sente des personnages et du contenu de plusieurs \u00e9poques de la galaxie Star Wars, avec un accent particulier sur les utilisateurs de la Force, tels que les Jedi, les Sith et plus encore. Chaque Booster Pack inclus dans ce produit peut \u00eatre utilis\u00e9 pour construire et am\u00e9liorer des decks en t\u00eate-\u00e0-t\u00eate, en multijoueur, en draft, ou en sealed.  <\/p>\n","protected":false},"excerpt":{"rendered":"<p>Passez \u00e0 la phase suivante de votre exp\u00e9rience de jeu organis\u00e9 Star Wars\u2122 : Unlimited avec cette Prerelease Box Legends<\/p>\n","protected":false},"featured_media":274933,"comment_status":"open","ping_status":"closed","template":"","meta":{"_acf_changed":false},"product_brand":[5086],"product_cat":[9785,9949],"product_tag":[],"class_list":{"0":"post-312245","1":"product","2":"type-product","3":"status-publish","4":"has-post-thumbnail","6":"product_brand-star-wars-unlimited","7":"product_cat-autres-cartes-a-collectionner","8":"product_cat-star-wars","10":"first","11":"instock","12":"taxable","13":"shipping-taxable","14":"purchasable","15":"product-type-variable"},"acf":[],"yoast_head":"<!-- This site is optimized with the Yoast SEO plugin v27.4 - https:\/\/yoast.com\/product\/yoast-seo-wordpress\/ -->\n<title>Ach\u00e8te FFG - Star Wars : Unlimited - Legends of the Force - Prerelease Box<\/title>\n<meta name=\"description\" content=\"Ach\u00e8te FFG - Star Wars : Unlimited - Legends of the Force - Prerelease Box en ligne maintenant \u00e0 petit prix! Ton #1 shop pour cartes TCG &amp; Pok\u00e9mon en Suisse \u2713 Livraison gratuite d\u00e8s CHF 29\" \/>\n<meta name=\"robots\" content=\"index, follow, max-snippet:-1, max-image-preview:large, max-video-preview:-1\" \/>\n<link rel=\"canonical\" href=\"https:\/\/theuncommonshop.ch\/fr\/product\/ffg-star-wars-unlimited-legends-of-the-force-prerelease-box-2\/\" \/>\n<meta property=\"og:locale\" content=\"fr_FR\" \/>\n<meta property=\"og:type\" content=\"article\" \/>\n<meta property=\"og:title\" content=\"Ach\u00e8te FFG - Star Wars : Unlimited - Legends of the Force - Prerelease Box\" \/>\n<meta property=\"og:description\" content=\"Ach\u00e8te FFG - Star Wars : Unlimited - Legends of the Force - Prerelease Box en ligne maintenant \u00e0 petit prix! Ton #1 shop pour cartes TCG &amp; Pok\u00e9mon en Suisse \u2713 Livraison gratuite d\u00e8s CHF 29\" \/>\n<meta property=\"og:url\" content=\"https:\/\/theuncommonshop.ch\/fr\/product\/ffg-star-wars-unlimited-legends-of-the-force-prerelease-box-2\/\" \/>\n<meta property=\"og:site_name\" content=\"The Uncommon Shop\" \/>\n<meta property=\"article:modified_time\" content=\"2026-03-31T17:49:57+00:00\" \/>\n<meta property=\"og:image\" content=\"https:\/\/theuncommonshop.ch\/wp-content\/uploads\/2025\/12\/5020204967.jpg\" \/>\n\t<meta property=\"og:image:width\" content=\"1181\" \/>\n\t<meta property=\"og:image:height\" content=\"1181\" \/>\n\t<meta property=\"og:image:type\" content=\"image\/jpeg\" \/>\n<meta name=\"twitter:card\" content=\"summary_large_image\" \/>\n<meta name=\"twitter:label1\" content=\"Disponibilit\u00e9\" \/>\n\t<meta name=\"twitter:data1\" content=\"En stock\" \/>\n<script type=\"application\/ld+json\" class=\"yoast-schema-graph\">{\"@context\":\"https:\\\/\\\/schema.org\",\"@graph\":[{\"@type\":\"WebPage\",\"@id\":\"https:\\\/\\\/theuncommonshop.ch\\\/fr\\\/product\\\/ffg-star-wars-unlimited-legends-of-the-force-prerelease-box-2\\\/\",\"url\":\"https:\\\/\\\/theuncommonshop.ch\\\/fr\\\/product\\\/ffg-star-wars-unlimited-legends-of-the-force-prerelease-box-2\\\/\",\"name\":\"Ach\u00e8te FFG - Star Wars : Unlimited - Legends of the Force - Prerelease Box\",\"isPartOf\":{\"@id\":\"https:\\\/\\\/theuncommonshop.ch\\\/fr\\\/#website\"},\"primaryImageOfPage\":{\"@id\":\"https:\\\/\\\/theuncommonshop.ch\\\/fr\\\/product\\\/ffg-star-wars-unlimited-legends-of-the-force-prerelease-box-2\\\/#primaryimage\"},\"image\":{\"@id\":\"https:\\\/\\\/theuncommonshop.ch\\\/fr\\\/product\\\/ffg-star-wars-unlimited-legends-of-the-force-prerelease-box-2\\\/#primaryimage\"},\"thumbnailUrl\":\"https:\\\/\\\/theuncommonshop.ch\\\/wp-content\\\/uploads\\\/2025\\\/12\\\/5020204967.jpg\",\"datePublished\":\"2025-12-31T11:24:52+00:00\",\"dateModified\":\"2026-03-31T17:49:57+00:00\",\"description\":\"Ach\u00e8te FFG - Star Wars : Unlimited - Legends of the Force - Prerelease Box en ligne maintenant \u00e0 petit prix! Ton #1 shop pour cartes TCG & Pok\u00e9mon en Suisse \u2713 Livraison gratuite d\u00e8s CHF 29\",\"breadcrumb\":{\"@id\":\"https:\\\/\\\/theuncommonshop.ch\\\/fr\\\/product\\\/ffg-star-wars-unlimited-legends-of-the-force-prerelease-box-2\\\/#breadcrumb\"},\"inLanguage\":\"fr-FR\",\"potentialAction\":[{\"@type\":\"ReadAction\",\"target\":[\"https:\\\/\\\/theuncommonshop.ch\\\/fr\\\/product\\\/ffg-star-wars-unlimited-legends-of-the-force-prerelease-box-2\\\/\"]}]},{\"@type\":\"ImageObject\",\"inLanguage\":\"fr-FR\",\"@id\":\"https:\\\/\\\/theuncommonshop.ch\\\/fr\\\/product\\\/ffg-star-wars-unlimited-legends-of-the-force-prerelease-box-2\\\/#primaryimage\",\"url\":\"https:\\\/\\\/theuncommonshop.ch\\\/wp-content\\\/uploads\\\/2025\\\/12\\\/5020204967.jpg\",\"contentUrl\":\"https:\\\/\\\/theuncommonshop.ch\\\/wp-content\\\/uploads\\\/2025\\\/12\\\/5020204967.jpg\",\"width\":1181,\"height\":1181},{\"@type\":\"BreadcrumbList\",\"@id\":\"https:\\\/\\\/theuncommonshop.ch\\\/fr\\\/product\\\/ffg-star-wars-unlimited-legends-of-the-force-prerelease-box-2\\\/#breadcrumb\",\"itemListElement\":[{\"@type\":\"ListItem\",\"position\":1,\"name\":\"Accueil\",\"item\":\"https:\\\/\\\/theuncommonshop.ch\\\/fr\\\/accueil\\\/\"},{\"@type\":\"ListItem\",\"position\":2,\"name\":\"Boutique\",\"item\":\"https:\\\/\\\/theuncommonshop.ch\\\/fr\\\/boutique\\\/\"},{\"@type\":\"ListItem\",\"position\":3,\"name\":\"Autres cartes \u00e0 collectionner\",\"item\":\"https:\\\/\\\/theuncommonshop.ch\\\/fr\\\/categorie-produit\\\/autres-cartes-a-collectionner\\\/\"},{\"@type\":\"ListItem\",\"position\":4,\"name\":\"Star Wars\",\"item\":\"https:\\\/\\\/theuncommonshop.ch\\\/fr\\\/categorie-produit\\\/autres-cartes-a-collectionner\\\/star-wars\\\/\"},{\"@type\":\"ListItem\",\"position\":5,\"name\":\"FFG &#8211; Star Wars : Unlimited &#8211; Legends of the Force &#8211; Prerelease Box\"}]},{\"@type\":\"WebSite\",\"@id\":\"https:\\\/\\\/theuncommonshop.ch\\\/fr\\\/#website\",\"url\":\"https:\\\/\\\/theuncommonshop.ch\\\/fr\\\/\",\"name\":\"The Uncommon Shop\",\"description\":\"Magic, Pok\u00e9mon and Yu-gi-oh - The Uncommon Shop\",\"potentialAction\":[{\"@type\":\"SearchAction\",\"target\":{\"@type\":\"EntryPoint\",\"urlTemplate\":\"https:\\\/\\\/theuncommonshop.ch\\\/fr\\\/?s={search_term_string}\"},\"query-input\":{\"@type\":\"PropertyValueSpecification\",\"valueRequired\":true,\"valueName\":\"search_term_string\"}}],\"inLanguage\":\"fr-FR\"}]}<\/script>\n<meta property=\"og:availability\" content=\"instock\" \/>\n<meta property=\"product:availability\" content=\"instock\" \/>\n<meta property=\"product:condition\" content=\"new\" \/>\n<!-- \/ Yoast SEO plugin. -->","yoast_head_json":{"title":"Ach\u00e8te FFG - Star Wars : Unlimited - Legends of the Force - Prerelease Box","description":"Ach\u00e8te FFG - Star Wars : Unlimited - Legends of the Force - Prerelease Box en ligne maintenant \u00e0 petit prix! Ton #1 shop pour cartes TCG & Pok\u00e9mon en Suisse \u2713 Livraison gratuite d\u00e8s CHF 29","robots":{"index":"index","follow":"follow","max-snippet":"max-snippet:-1","max-image-preview":"max-image-preview:large","max-video-preview":"max-video-preview:-1"},"canonical":"https:\/\/theuncommonshop.ch\/fr\/product\/ffg-star-wars-unlimited-legends-of-the-force-prerelease-box-2\/","og_locale":"fr_FR","og_type":"article","og_title":"Ach\u00e8te FFG - Star Wars : Unlimited - Legends of the Force - Prerelease Box","og_description":"Ach\u00e8te FFG - Star Wars : Unlimited - Legends of the Force - Prerelease Box en ligne maintenant \u00e0 petit prix! Ton #1 shop pour cartes TCG & Pok\u00e9mon en Suisse \u2713 Livraison gratuite d\u00e8s CHF 29","og_url":"https:\/\/theuncommonshop.ch\/fr\/product\/ffg-star-wars-unlimited-legends-of-the-force-prerelease-box-2\/","og_site_name":"The Uncommon Shop","article_modified_time":"2026-03-31T17:49:57+00:00","og_image":[{"width":1181,"height":1181,"url":"https:\/\/theuncommonshop.ch\/wp-content\/uploads\/2025\/12\/5020204967.jpg","type":"image\/jpeg"}],"twitter_card":"summary_large_image","twitter_misc":{"Disponibilit\u00e9":"En stock"},"schema":{"@context":"https:\/\/schema.org","@graph":[{"@type":"WebPage","@id":"https:\/\/theuncommonshop.ch\/fr\/product\/ffg-star-wars-unlimited-legends-of-the-force-prerelease-box-2\/","url":"https:\/\/theuncommonshop.ch\/fr\/product\/ffg-star-wars-unlimited-legends-of-the-force-prerelease-box-2\/","name":"Ach\u00e8te FFG - Star Wars : Unlimited - Legends of the Force - Prerelease Box","isPartOf":{"@id":"https:\/\/theuncommonshop.ch\/fr\/#website"},"primaryImageOfPage":{"@id":"https:\/\/theuncommonshop.ch\/fr\/product\/ffg-star-wars-unlimited-legends-of-the-force-prerelease-box-2\/#primaryimage"},"image":{"@id":"https:\/\/theuncommonshop.ch\/fr\/product\/ffg-star-wars-unlimited-legends-of-the-force-prerelease-box-2\/#primaryimage"},"thumbnailUrl":"https:\/\/theuncommonshop.ch\/wp-content\/uploads\/2025\/12\/5020204967.jpg","datePublished":"2025-12-31T11:24:52+00:00","dateModified":"2026-03-31T17:49:57+00:00","description":"Ach\u00e8te FFG - Star Wars : Unlimited - Legends of the Force - Prerelease Box en ligne maintenant \u00e0 petit prix! Ton #1 shop pour cartes TCG & Pok\u00e9mon en Suisse \u2713 Livraison gratuite d\u00e8s CHF 29","breadcrumb":{"@id":"https:\/\/theuncommonshop.ch\/fr\/product\/ffg-star-wars-unlimited-legends-of-the-force-prerelease-box-2\/#breadcrumb"},"inLanguage":"fr-FR","potentialAction":[{"@type":"ReadAction","target":["https:\/\/theuncommonshop.ch\/fr\/product\/ffg-star-wars-unlimited-legends-of-the-force-prerelease-box-2\/"]}]},{"@type":"ImageObject","inLanguage":"fr-FR","@id":"https:\/\/theuncommonshop.ch\/fr\/product\/ffg-star-wars-unlimited-legends-of-the-force-prerelease-box-2\/#primaryimage","url":"https:\/\/theuncommonshop.ch\/wp-content\/uploads\/2025\/12\/5020204967.jpg","contentUrl":"https:\/\/theuncommonshop.ch\/wp-content\/uploads\/2025\/12\/5020204967.jpg","width":1181,"height":1181},{"@type":"BreadcrumbList","@id":"https:\/\/theuncommonshop.ch\/fr\/product\/ffg-star-wars-unlimited-legends-of-the-force-prerelease-box-2\/#breadcrumb","itemListElement":[{"@type":"ListItem","position":1,"name":"Accueil","item":"https:\/\/theuncommonshop.ch\/fr\/accueil\/"},{"@type":"ListItem","position":2,"name":"Boutique","item":"https:\/\/theuncommonshop.ch\/fr\/boutique\/"},{"@type":"ListItem","position":3,"name":"Autres cartes \u00e0 collectionner","item":"https:\/\/theuncommonshop.ch\/fr\/categorie-produit\/autres-cartes-a-collectionner\/"},{"@type":"ListItem","position":4,"name":"Star Wars","item":"https:\/\/theuncommonshop.ch\/fr\/categorie-produit\/autres-cartes-a-collectionner\/star-wars\/"},{"@type":"ListItem","position":5,"name":"FFG &#8211; Star Wars : Unlimited &#8211; Legends of the Force &#8211; Prerelease Box"}]},{"@type":"WebSite","@id":"https:\/\/theuncommonshop.ch\/fr\/#website","url":"https:\/\/theuncommonshop.ch\/fr\/","name":"The Uncommon Shop","description":"Magic, Pok\u00e9mon and Yu-gi-oh - The Uncommon Shop","potentialAction":[{"@type":"SearchAction","target":{"@type":"EntryPoint","urlTemplate":"https:\/\/theuncommonshop.ch\/fr\/?s={search_term_string}"},"query-input":{"@type":"PropertyValueSpecification","valueRequired":true,"valueName":"search_term_string"}}],"inLanguage":"fr-FR"}]},"og_availability":"instock","product_availability":"instock","product_condition":"new"},"_links":{"self":[{"href":"https:\/\/theuncommonshop.ch\/fr\/wp-json\/wp\/v2\/product\/312245","targetHints":{"allow":["GET"]}}],"collection":[{"href":"https:\/\/theuncommonshop.ch\/fr\/wp-json\/wp\/v2\/product"}],"about":[{"href":"https:\/\/theuncommonshop.ch\/fr\/wp-json\/wp\/v2\/types\/product"}],"replies":[{"embeddable":true,"href":"https:\/\/theuncommonshop.ch\/fr\/wp-json\/wp\/v2\/comments?post=312245"}],"version-history":[{"count":0,"href":"https:\/\/theuncommonshop.ch\/fr\/wp-json\/wp\/v2\/product\/312245\/revisions"}],"wp:featuredmedia":[{"embeddable":true,"href":"https:\/\/theuncommonshop.ch\/fr\/wp-json\/wp\/v2\/media\/274933"}],"wp:attachment":[{"href":"https:\/\/theuncommonshop.ch\/fr\/wp-json\/wp\/v2\/media?parent=312245"}],"wp:term":[{"taxonomy":"product_brand","embeddable":true,"href":"https:\/\/theuncommonshop.ch\/fr\/wp-json\/wp\/v2\/product_brand?post=312245"},{"taxonomy":"product_cat","embeddable":true,"href":"https:\/\/theuncommonshop.ch\/fr\/wp-json\/wp\/v2\/product_cat?post=312245"},{"taxonomy":"product_tag","embeddable":true,"href":"https:\/\/theuncommonshop.ch\/fr\/wp-json\/wp\/v2\/product_tag?post=312245"}],"curies":[{"name":"wp","href":"https:\/\/api.w.org\/{rel}","templated":true}]}}