{"id":312243,"date":"2025-12-31T11:30:46","date_gmt":"2025-12-31T11:30:46","guid":{"rendered":"http:\/\/theuncommonshop.ch\/produkt\/312243\/"},"modified":"2026-03-29T16:10:46","modified_gmt":"2026-03-29T14:10:46","slug":"yu-gi-oh-the-chronicles-the-fallen-the-virtuous-deck-2","status":"publish","type":"product","link":"https:\/\/theuncommonshop.ch\/fr\/product\/yu-gi-oh-the-chronicles-the-fallen-the-virtuous-deck-2\/","title":{"rendered":"Yu-Gi-Oh ! &#8211; The Chronicles &#8211; The Fallen &amp; The Virtuous &#8211; Deck"},"content":{"rendered":"<p>Avez-vous d\u00e9j\u00e0 vu Yu-Gi-Oh ! CARD GAME : THE CHRONICLES ? Chaque mois, un nouvel \u00e9pisode de ces courts m\u00e9trages d&#8217;animation raconte les histoires des monstres derri\u00e8re les cartes, qui \u00e9voluent dans leurs propres mondes !  <\/p>\n<p>L&#8217;histoire, qui se d\u00e9roule de juin \u00e0 novembre, s&#8217;appelle &#8220;The Fallen &amp; The Virtuous&#8221; et raconte l&#8217;histoire de monstres tels que Fallen of Albaz et Dogmatika Ecclesia, the Virtuous.<\/p>\n<p>Vous pouvez d\u00e9sormais profiter encore plus de cette s\u00e9rie d&#8217;animation continue avec THE CHRONICLES DECK : The Fallen &amp; The Virtuous (All-Foil Edition).<\/p>\n<p>Ce deck de 51 cartes est compos\u00e9 exclusivement de cartes Foil et contient les personnages, lieux et situations les plus importants des courts m\u00e9trages d&#8217;animation sous leur forme originale de monstres, de sorts et de pi\u00e8ges. Il contient 2 toutes nouvelles cartes in\u00e9dites, 4 nouvelles variantes de certains de vos anciens favoris et des versions Foil des cartes les plus populaires autour de Fallen of Albaz que les duellistes ont ajout\u00e9es \u00e0 leurs decks au cours des cinq derni\u00e8res ann\u00e9es ! <\/p>\n<p>Le deck principal et le deck suppl\u00e9mentaire contiennent ensemble 50 cartes Ultra Rares. La 51e carte de chaque deck est une r\u00e9p\u00e9tition Secret Rare de l&#8217;une des cartes Ultra Rares du deck, mais avec une chance suppl\u00e9mentaire d&#8217;\u00eatre am\u00e9lior\u00e9e en Starlight Rares \u00e0 la place ! (Tout comme les mises \u00e0 niveau Foil dans le Structure Deck de cette ann\u00e9e : Blue-Eyes White Destiny).  <\/p>\n<p>THE CHRONICLES DECK : The Fallen &amp; The Virtuous (All-Foil Edition) contient 51 cartes :<\/p>\n<p>50 cartes Ultra Rares<\/p>\n<p>1 carte Secret Rare (une seconde copie de 1 des 6 cartes Ultra Rares), avec une faible chance d&#8217;obtenir une carte Starlight Rares au lieu d&#8217;une carte Secret Rare.<\/p>\n<p>(Et n&#8217;oubliez pas les pochettes de cartes THE CHRONICLES : The Fallen &amp; The Virtuous qui vous permettront de conserver vos cartes en toute s\u00e9curit\u00e9).<\/p>\n","protected":false},"excerpt":{"rendered":"<p>Avez-vous d\u00e9j\u00e0 vu Yu-Gi-Oh ! CARD GAME : THE CHRONICLES ? Chaque mois, un nouvel \u00e9pisode de ces courts m\u00e9trages<\/p>\n","protected":false},"featured_media":275125,"comment_status":"open","ping_status":"closed","template":"","meta":{"_acf_changed":false},"product_brand":[5074,5112],"product_cat":[9837,9779],"product_tag":[],"class_list":{"0":"post-312243","1":"product","2":"type-product","3":"status-publish","4":"has-post-thumbnail","6":"product_brand-konami","7":"product_brand-yu-gi-oh","8":"product_cat-decks-yugioh","9":"product_cat-yu-gi-oh-fr","11":"first","12":"instock","13":"taxable","14":"shipping-taxable","15":"purchasable","16":"product-type-variable"},"acf":[],"yoast_head":"<!-- This site is optimized with the Yoast SEO plugin v27.5 - https:\/\/yoast.com\/product\/yoast-seo-wordpress\/ -->\n<title>Ach\u00e8te Yu-Gi-Oh ! - The Chronicles - The Fallen &amp; The Virtuous - Deck<\/title>\n<meta name=\"description\" content=\"Ach\u00e8te Yu-Gi-Oh ! - The Chronicles - The Fallen &amp; The Virtuous - Deck en ligne maintenant \u00e0 petit prix! Ton #1 shop pour cartes TCG &amp; Pok\u00e9mon en Suisse \u2713 Livraison gratuite d\u00e8s CHF 29\" \/>\n<meta name=\"robots\" content=\"index, follow, max-snippet:-1, max-image-preview:large, max-video-preview:-1\" \/>\n<link rel=\"canonical\" href=\"https:\/\/theuncommonshop.ch\/fr\/product\/yu-gi-oh-the-chronicles-the-fallen-the-virtuous-deck-2\/\" \/>\n<meta property=\"og:locale\" content=\"fr_FR\" \/>\n<meta property=\"og:type\" content=\"article\" \/>\n<meta property=\"og:title\" content=\"Ach\u00e8te Yu-Gi-Oh ! - The Chronicles - The Fallen &amp; The Virtuous - Deck\" \/>\n<meta property=\"og:description\" content=\"Ach\u00e8te Yu-Gi-Oh ! - The Chronicles - The Fallen &amp; The Virtuous - Deck en ligne maintenant \u00e0 petit prix! Ton #1 shop pour cartes TCG &amp; Pok\u00e9mon en Suisse \u2713 Livraison gratuite d\u00e8s CHF 29\" \/>\n<meta property=\"og:url\" content=\"https:\/\/theuncommonshop.ch\/fr\/product\/yu-gi-oh-the-chronicles-the-fallen-the-virtuous-deck-2\/\" \/>\n<meta property=\"og:site_name\" content=\"The Uncommon Shop\" \/>\n<meta property=\"article:modified_time\" content=\"2026-03-29T14:10:46+00:00\" \/>\n<meta property=\"og:image\" content=\"https:\/\/theuncommonshop.ch\/wp-content\/uploads\/2025\/12\/5137974801.jpg\" \/>\n\t<meta property=\"og:image:width\" content=\"360\" \/>\n\t<meta property=\"og:image:height\" content=\"540\" \/>\n\t<meta property=\"og:image:type\" content=\"image\/jpeg\" \/>\n<meta name=\"twitter:card\" content=\"summary_large_image\" \/>\n<meta name=\"twitter:label1\" content=\"Disponibilit\u00e9\" \/>\n\t<meta name=\"twitter:data1\" content=\"En stock\" \/>\n<script type=\"application\/ld+json\" class=\"yoast-schema-graph\">{\"@context\":\"https:\\\/\\\/schema.org\",\"@graph\":[{\"@type\":\"WebPage\",\"@id\":\"https:\\\/\\\/theuncommonshop.ch\\\/fr\\\/product\\\/yu-gi-oh-the-chronicles-the-fallen-the-virtuous-deck-2\\\/\",\"url\":\"https:\\\/\\\/theuncommonshop.ch\\\/fr\\\/product\\\/yu-gi-oh-the-chronicles-the-fallen-the-virtuous-deck-2\\\/\",\"name\":\"Ach\u00e8te Yu-Gi-Oh ! - The Chronicles - The Fallen &amp; The Virtuous - Deck\",\"isPartOf\":{\"@id\":\"https:\\\/\\\/theuncommonshop.ch\\\/fr\\\/#website\"},\"primaryImageOfPage\":{\"@id\":\"https:\\\/\\\/theuncommonshop.ch\\\/fr\\\/product\\\/yu-gi-oh-the-chronicles-the-fallen-the-virtuous-deck-2\\\/#primaryimage\"},\"image\":{\"@id\":\"https:\\\/\\\/theuncommonshop.ch\\\/fr\\\/product\\\/yu-gi-oh-the-chronicles-the-fallen-the-virtuous-deck-2\\\/#primaryimage\"},\"thumbnailUrl\":\"https:\\\/\\\/theuncommonshop.ch\\\/wp-content\\\/uploads\\\/2025\\\/12\\\/5137974801.jpg\",\"datePublished\":\"2025-12-31T11:30:46+00:00\",\"dateModified\":\"2026-03-29T14:10:46+00:00\",\"description\":\"Ach\u00e8te Yu-Gi-Oh ! - The Chronicles - The Fallen &amp; The Virtuous - Deck en ligne maintenant \u00e0 petit prix! Ton #1 shop pour cartes TCG & Pok\u00e9mon en Suisse \u2713 Livraison gratuite d\u00e8s CHF 29\",\"breadcrumb\":{\"@id\":\"https:\\\/\\\/theuncommonshop.ch\\\/fr\\\/product\\\/yu-gi-oh-the-chronicles-the-fallen-the-virtuous-deck-2\\\/#breadcrumb\"},\"inLanguage\":\"fr-FR\",\"potentialAction\":[{\"@type\":\"ReadAction\",\"target\":[\"https:\\\/\\\/theuncommonshop.ch\\\/fr\\\/product\\\/yu-gi-oh-the-chronicles-the-fallen-the-virtuous-deck-2\\\/\"]}]},{\"@type\":\"ImageObject\",\"inLanguage\":\"fr-FR\",\"@id\":\"https:\\\/\\\/theuncommonshop.ch\\\/fr\\\/product\\\/yu-gi-oh-the-chronicles-the-fallen-the-virtuous-deck-2\\\/#primaryimage\",\"url\":\"https:\\\/\\\/theuncommonshop.ch\\\/wp-content\\\/uploads\\\/2025\\\/12\\\/5137974801.jpg\",\"contentUrl\":\"https:\\\/\\\/theuncommonshop.ch\\\/wp-content\\\/uploads\\\/2025\\\/12\\\/5137974801.jpg\",\"width\":360,\"height\":540},{\"@type\":\"BreadcrumbList\",\"@id\":\"https:\\\/\\\/theuncommonshop.ch\\\/fr\\\/product\\\/yu-gi-oh-the-chronicles-the-fallen-the-virtuous-deck-2\\\/#breadcrumb\",\"itemListElement\":[{\"@type\":\"ListItem\",\"position\":1,\"name\":\"Accueil\",\"item\":\"https:\\\/\\\/theuncommonshop.ch\\\/fr\\\/accueil\\\/\"},{\"@type\":\"ListItem\",\"position\":2,\"name\":\"Boutique\",\"item\":\"https:\\\/\\\/theuncommonshop.ch\\\/fr\\\/boutique\\\/\"},{\"@type\":\"ListItem\",\"position\":3,\"name\":\"Yu-Gi-Oh!\",\"item\":\"https:\\\/\\\/theuncommonshop.ch\\\/fr\\\/categorie-produit\\\/yu-gi-oh-fr\\\/\"},{\"@type\":\"ListItem\",\"position\":4,\"name\":\"Decks\",\"item\":\"https:\\\/\\\/theuncommonshop.ch\\\/fr\\\/categorie-produit\\\/yu-gi-oh-fr\\\/decks-yugioh\\\/\"},{\"@type\":\"ListItem\",\"position\":5,\"name\":\"Yu-Gi-Oh ! &#8211; The Chronicles &#8211; The Fallen &amp; The Virtuous &#8211; Deck\"}]},{\"@type\":\"WebSite\",\"@id\":\"https:\\\/\\\/theuncommonshop.ch\\\/fr\\\/#website\",\"url\":\"https:\\\/\\\/theuncommonshop.ch\\\/fr\\\/\",\"name\":\"The Uncommon Shop\",\"description\":\"Magic, Pok\u00e9mon and Yu-gi-oh - The Uncommon Shop\",\"potentialAction\":[{\"@type\":\"SearchAction\",\"target\":{\"@type\":\"EntryPoint\",\"urlTemplate\":\"https:\\\/\\\/theuncommonshop.ch\\\/fr\\\/?s={search_term_string}\"},\"query-input\":{\"@type\":\"PropertyValueSpecification\",\"valueRequired\":true,\"valueName\":\"search_term_string\"}}],\"inLanguage\":\"fr-FR\"}]}<\/script>\n<meta property=\"og:availability\" content=\"instock\" \/>\n<meta property=\"product:availability\" content=\"instock\" \/>\n<meta property=\"product:condition\" content=\"new\" \/>\n<!-- \/ Yoast SEO plugin. -->","yoast_head_json":{"title":"Ach\u00e8te Yu-Gi-Oh ! - The Chronicles - The Fallen &amp; The Virtuous - Deck","description":"Ach\u00e8te Yu-Gi-Oh ! - The Chronicles - The Fallen &amp; The Virtuous - Deck en ligne maintenant \u00e0 petit prix! Ton #1 shop pour cartes TCG & Pok\u00e9mon en Suisse \u2713 Livraison gratuite d\u00e8s CHF 29","robots":{"index":"index","follow":"follow","max-snippet":"max-snippet:-1","max-image-preview":"max-image-preview:large","max-video-preview":"max-video-preview:-1"},"canonical":"https:\/\/theuncommonshop.ch\/fr\/product\/yu-gi-oh-the-chronicles-the-fallen-the-virtuous-deck-2\/","og_locale":"fr_FR","og_type":"article","og_title":"Ach\u00e8te Yu-Gi-Oh ! - The Chronicles - The Fallen &amp; The Virtuous - Deck","og_description":"Ach\u00e8te Yu-Gi-Oh ! - The Chronicles - The Fallen &amp; The Virtuous - Deck en ligne maintenant \u00e0 petit prix! Ton #1 shop pour cartes TCG & Pok\u00e9mon en Suisse \u2713 Livraison gratuite d\u00e8s CHF 29","og_url":"https:\/\/theuncommonshop.ch\/fr\/product\/yu-gi-oh-the-chronicles-the-fallen-the-virtuous-deck-2\/","og_site_name":"The Uncommon Shop","article_modified_time":"2026-03-29T14:10:46+00:00","og_image":[{"width":360,"height":540,"url":"https:\/\/theuncommonshop.ch\/wp-content\/uploads\/2025\/12\/5137974801.jpg","type":"image\/jpeg"}],"twitter_card":"summary_large_image","twitter_misc":{"Disponibilit\u00e9":"En stock"},"schema":{"@context":"https:\/\/schema.org","@graph":[{"@type":"WebPage","@id":"https:\/\/theuncommonshop.ch\/fr\/product\/yu-gi-oh-the-chronicles-the-fallen-the-virtuous-deck-2\/","url":"https:\/\/theuncommonshop.ch\/fr\/product\/yu-gi-oh-the-chronicles-the-fallen-the-virtuous-deck-2\/","name":"Ach\u00e8te Yu-Gi-Oh ! - The Chronicles - The Fallen &amp; The Virtuous - Deck","isPartOf":{"@id":"https:\/\/theuncommonshop.ch\/fr\/#website"},"primaryImageOfPage":{"@id":"https:\/\/theuncommonshop.ch\/fr\/product\/yu-gi-oh-the-chronicles-the-fallen-the-virtuous-deck-2\/#primaryimage"},"image":{"@id":"https:\/\/theuncommonshop.ch\/fr\/product\/yu-gi-oh-the-chronicles-the-fallen-the-virtuous-deck-2\/#primaryimage"},"thumbnailUrl":"https:\/\/theuncommonshop.ch\/wp-content\/uploads\/2025\/12\/5137974801.jpg","datePublished":"2025-12-31T11:30:46+00:00","dateModified":"2026-03-29T14:10:46+00:00","description":"Ach\u00e8te Yu-Gi-Oh ! - The Chronicles - The Fallen &amp; The Virtuous - Deck en ligne maintenant \u00e0 petit prix! Ton #1 shop pour cartes TCG & Pok\u00e9mon en Suisse \u2713 Livraison gratuite d\u00e8s CHF 29","breadcrumb":{"@id":"https:\/\/theuncommonshop.ch\/fr\/product\/yu-gi-oh-the-chronicles-the-fallen-the-virtuous-deck-2\/#breadcrumb"},"inLanguage":"fr-FR","potentialAction":[{"@type":"ReadAction","target":["https:\/\/theuncommonshop.ch\/fr\/product\/yu-gi-oh-the-chronicles-the-fallen-the-virtuous-deck-2\/"]}]},{"@type":"ImageObject","inLanguage":"fr-FR","@id":"https:\/\/theuncommonshop.ch\/fr\/product\/yu-gi-oh-the-chronicles-the-fallen-the-virtuous-deck-2\/#primaryimage","url":"https:\/\/theuncommonshop.ch\/wp-content\/uploads\/2025\/12\/5137974801.jpg","contentUrl":"https:\/\/theuncommonshop.ch\/wp-content\/uploads\/2025\/12\/5137974801.jpg","width":360,"height":540},{"@type":"BreadcrumbList","@id":"https:\/\/theuncommonshop.ch\/fr\/product\/yu-gi-oh-the-chronicles-the-fallen-the-virtuous-deck-2\/#breadcrumb","itemListElement":[{"@type":"ListItem","position":1,"name":"Accueil","item":"https:\/\/theuncommonshop.ch\/fr\/accueil\/"},{"@type":"ListItem","position":2,"name":"Boutique","item":"https:\/\/theuncommonshop.ch\/fr\/boutique\/"},{"@type":"ListItem","position":3,"name":"Yu-Gi-Oh!","item":"https:\/\/theuncommonshop.ch\/fr\/categorie-produit\/yu-gi-oh-fr\/"},{"@type":"ListItem","position":4,"name":"Decks","item":"https:\/\/theuncommonshop.ch\/fr\/categorie-produit\/yu-gi-oh-fr\/decks-yugioh\/"},{"@type":"ListItem","position":5,"name":"Yu-Gi-Oh ! &#8211; The Chronicles &#8211; The Fallen &amp; The Virtuous &#8211; Deck"}]},{"@type":"WebSite","@id":"https:\/\/theuncommonshop.ch\/fr\/#website","url":"https:\/\/theuncommonshop.ch\/fr\/","name":"The Uncommon Shop","description":"Magic, Pok\u00e9mon and Yu-gi-oh - The Uncommon Shop","potentialAction":[{"@type":"SearchAction","target":{"@type":"EntryPoint","urlTemplate":"https:\/\/theuncommonshop.ch\/fr\/?s={search_term_string}"},"query-input":{"@type":"PropertyValueSpecification","valueRequired":true,"valueName":"search_term_string"}}],"inLanguage":"fr-FR"}]},"og_availability":"instock","product_availability":"instock","product_condition":"new"},"_links":{"self":[{"href":"https:\/\/theuncommonshop.ch\/fr\/wp-json\/wp\/v2\/product\/312243","targetHints":{"allow":["GET"]}}],"collection":[{"href":"https:\/\/theuncommonshop.ch\/fr\/wp-json\/wp\/v2\/product"}],"about":[{"href":"https:\/\/theuncommonshop.ch\/fr\/wp-json\/wp\/v2\/types\/product"}],"replies":[{"embeddable":true,"href":"https:\/\/theuncommonshop.ch\/fr\/wp-json\/wp\/v2\/comments?post=312243"}],"version-history":[{"count":0,"href":"https:\/\/theuncommonshop.ch\/fr\/wp-json\/wp\/v2\/product\/312243\/revisions"}],"wp:featuredmedia":[{"embeddable":true,"href":"https:\/\/theuncommonshop.ch\/fr\/wp-json\/wp\/v2\/media\/275125"}],"wp:attachment":[{"href":"https:\/\/theuncommonshop.ch\/fr\/wp-json\/wp\/v2\/media?parent=312243"}],"wp:term":[{"taxonomy":"product_brand","embeddable":true,"href":"https:\/\/theuncommonshop.ch\/fr\/wp-json\/wp\/v2\/product_brand?post=312243"},{"taxonomy":"product_cat","embeddable":true,"href":"https:\/\/theuncommonshop.ch\/fr\/wp-json\/wp\/v2\/product_cat?post=312243"},{"taxonomy":"product_tag","embeddable":true,"href":"https:\/\/theuncommonshop.ch\/fr\/wp-json\/wp\/v2\/product_tag?post=312243"}],"curies":[{"name":"wp","href":"https:\/\/api.w.org\/{rel}","templated":true}]}}