{"id":312215,"date":"2025-12-31T11:21:49","date_gmt":"2025-12-31T11:21:49","guid":{"rendered":"http:\/\/theuncommonshop.ch\/produkt\/312215\/"},"modified":"2026-03-29T09:57:35","modified_gmt":"2026-03-29T07:57:35","slug":"pokemon-scarlet-violet-cynthias-garchomp-ex-premium-collection-3","status":"publish","type":"product","link":"https:\/\/theuncommonshop.ch\/fr\/product\/pokemon-scarlet-violet-cynthias-garchomp-ex-premium-collection-3\/","title":{"rendered":"Pok\u00e9mon &#8211; Scarlet &amp; Violet &#8211; Le Garchomp ex de Cynthia &#8211; Premium Collection"},"content":{"rendered":"<p>Cynthia &amp; Knakrack apportent la force d&#8217;un champion !<\/p>\n<p>En tant que championne de la r\u00e9gion de Sinnoh, Cynthia est l&#8217;une des dresseuses de Pokemon les plus puissantes au monde, et son Knakrack est \u00e0 ses c\u00f4t\u00e9s depuis le d\u00e9but ! D\u00e9couvrez la force de leur amiti\u00e9 dans cette collection avec une carte Foil Promo montrant le Knakrack ex de Cynthia, qui a des attaques qui infligent de gros d\u00e9g\u00e2ts et vous aide \u00e0 piocher des cartes. Vous recevrez \u00e9galement des cartes Foil du Kaumalat de Cynthia et du Knarksel de Cynthia, un autocollant et un support sympas \u00e0 exposer, ainsi que d&#8217;autres Pokemon dans des Booster Packs.  <\/p>\n<p>La Premium Collection Pokemon TCG : Knakrack ex de Cynthia comprend :<\/p>\n<p>1 carte promotionnelle Full Art Foil avec Cynthias Knakrack ex<\/p>\n<p>2 cartes transparentes avec Cynthia&#8217;s Kaumalat et Cynthia&#8217;s Knarksel<\/p>\n<p>1 feuille d&#8217;images fixes en acrylique de Cynthia, Knakrack et autres<\/p>\n<p>1 \u00e9cran double face avec fonds d&#8217;\u00e9cran<\/p>\n<p>1 autocollant photo avec Cynthia et Knakrack<\/p>\n<p>6 Booster Packs Pokemon TCG<\/p>\n<p>Une carte de code pour Pokemon TCG Live<\/p>\n","protected":false},"excerpt":{"rendered":"<p>Cynthia &amp; Knakrack apportent la force d&#8217;un champion ! En tant que championne de la r\u00e9gion de Sinnoh, Cynthia est<\/p>\n","protected":false},"featured_media":274843,"comment_status":"open","ping_status":"closed","template":"","meta":{"_acf_changed":false},"product_brand":[5114,5072],"product_cat":[9811,9777],"product_tag":[],"class_list":{"0":"post-312215","1":"product","2":"type-product","3":"status-publish","4":"has-post-thumbnail","6":"product_brand-pokemon","7":"product_brand-the-pokemon-company","8":"product_cat-coffrets-et-collections-pokemon","9":"product_cat-pokemon-fr","11":"first","12":"instock","13":"taxable","14":"shipping-taxable","15":"purchasable","16":"product-type-variable"},"acf":[],"yoast_head":"<!-- This site is optimized with the Yoast SEO plugin v27.4 - https:\/\/yoast.com\/product\/yoast-seo-wordpress\/ -->\n<title>Ach\u00e8te Pok\u00e9mon - Scarlet &amp; Violet - Le Garchomp ex de Cynthia - Premium Collection<\/title>\n<meta name=\"description\" content=\"Ach\u00e8te Pok\u00e9mon - Scarlet &amp; Violet - Le Garchomp ex de Cynthia - Premium Collection en ligne maintenant \u00e0 petit prix! Ton #1 shop pour cartes TCG &amp; Pok\u00e9mon en Suisse \u2713 Livraison gratuite d\u00e8s CHF 29\" \/>\n<meta name=\"robots\" content=\"index, follow, max-snippet:-1, max-image-preview:large, max-video-preview:-1\" \/>\n<link rel=\"canonical\" href=\"https:\/\/theuncommonshop.ch\/fr\/product\/pokemon-scarlet-violet-cynthias-garchomp-ex-premium-collection-3\/\" \/>\n<meta property=\"og:locale\" content=\"fr_FR\" \/>\n<meta property=\"og:type\" content=\"article\" \/>\n<meta property=\"og:title\" content=\"Ach\u00e8te Pok\u00e9mon - Scarlet &amp; Violet - Le Garchomp ex de Cynthia - Premium Collection\" \/>\n<meta property=\"og:description\" content=\"Ach\u00e8te Pok\u00e9mon - Scarlet &amp; Violet - Le Garchomp ex de Cynthia - Premium Collection en ligne maintenant \u00e0 petit prix! Ton #1 shop pour cartes TCG &amp; Pok\u00e9mon en Suisse \u2713 Livraison gratuite d\u00e8s CHF 29\" \/>\n<meta property=\"og:url\" content=\"https:\/\/theuncommonshop.ch\/fr\/product\/pokemon-scarlet-violet-cynthias-garchomp-ex-premium-collection-3\/\" \/>\n<meta property=\"og:site_name\" content=\"Largest trading card shop in Switzerland\" \/>\n<meta property=\"article:modified_time\" content=\"2026-03-29T07:57:35+00:00\" \/>\n<meta property=\"og:image\" content=\"https:\/\/theuncommonshop.ch\/wp-content\/uploads\/2025\/12\/5004542683.webp\" \/>\n\t<meta property=\"og:image:width\" content=\"1919\" \/>\n\t<meta property=\"og:image:height\" content=\"1390\" \/>\n\t<meta property=\"og:image:type\" content=\"image\/webp\" \/>\n<meta name=\"twitter:card\" content=\"summary_large_image\" \/>\n<meta name=\"twitter:label1\" content=\"Disponibilit\u00e9\" \/>\n\t<meta name=\"twitter:data1\" content=\"En stock\" \/>\n<script type=\"application\/ld+json\" class=\"yoast-schema-graph\">{\"@context\":\"https:\\\/\\\/schema.org\",\"@graph\":[{\"@type\":\"WebPage\",\"@id\":\"https:\\\/\\\/theuncommonshop.ch\\\/fr\\\/product\\\/pokemon-scarlet-violet-cynthias-garchomp-ex-premium-collection-3\\\/\",\"url\":\"https:\\\/\\\/theuncommonshop.ch\\\/fr\\\/product\\\/pokemon-scarlet-violet-cynthias-garchomp-ex-premium-collection-3\\\/\",\"name\":\"Ach\u00e8te Pok\u00e9mon - Scarlet &amp; Violet - Le Garchomp ex de Cynthia - Premium Collection\",\"isPartOf\":{\"@id\":\"https:\\\/\\\/theuncommonshop.ch\\\/#website\"},\"primaryImageOfPage\":{\"@id\":\"https:\\\/\\\/theuncommonshop.ch\\\/fr\\\/product\\\/pokemon-scarlet-violet-cynthias-garchomp-ex-premium-collection-3\\\/#primaryimage\"},\"image\":{\"@id\":\"https:\\\/\\\/theuncommonshop.ch\\\/fr\\\/product\\\/pokemon-scarlet-violet-cynthias-garchomp-ex-premium-collection-3\\\/#primaryimage\"},\"thumbnailUrl\":\"https:\\\/\\\/theuncommonshop.ch\\\/wp-content\\\/uploads\\\/2025\\\/12\\\/5004542683.webp\",\"datePublished\":\"2025-12-31T11:21:49+00:00\",\"dateModified\":\"2026-03-29T07:57:35+00:00\",\"description\":\"Ach\u00e8te Pok\u00e9mon - Scarlet &amp; Violet - Le Garchomp ex de Cynthia - Premium Collection en ligne maintenant \u00e0 petit prix! Ton #1 shop pour cartes TCG & Pok\u00e9mon en Suisse \u2713 Livraison gratuite d\u00e8s CHF 29\",\"breadcrumb\":{\"@id\":\"https:\\\/\\\/theuncommonshop.ch\\\/fr\\\/product\\\/pokemon-scarlet-violet-cynthias-garchomp-ex-premium-collection-3\\\/#breadcrumb\"},\"inLanguage\":\"fr-FR\",\"potentialAction\":[{\"@type\":\"ReadAction\",\"target\":[\"https:\\\/\\\/theuncommonshop.ch\\\/fr\\\/product\\\/pokemon-scarlet-violet-cynthias-garchomp-ex-premium-collection-3\\\/\"]}]},{\"@type\":\"ImageObject\",\"inLanguage\":\"fr-FR\",\"@id\":\"https:\\\/\\\/theuncommonshop.ch\\\/fr\\\/product\\\/pokemon-scarlet-violet-cynthias-garchomp-ex-premium-collection-3\\\/#primaryimage\",\"url\":\"https:\\\/\\\/theuncommonshop.ch\\\/wp-content\\\/uploads\\\/2025\\\/12\\\/5004542683.webp\",\"contentUrl\":\"https:\\\/\\\/theuncommonshop.ch\\\/wp-content\\\/uploads\\\/2025\\\/12\\\/5004542683.webp\",\"width\":1919,\"height\":1390},{\"@type\":\"BreadcrumbList\",\"@id\":\"https:\\\/\\\/theuncommonshop.ch\\\/fr\\\/product\\\/pokemon-scarlet-violet-cynthias-garchomp-ex-premium-collection-3\\\/#breadcrumb\",\"itemListElement\":[{\"@type\":\"ListItem\",\"position\":1,\"name\":\"Accueil\",\"item\":\"https:\\\/\\\/theuncommonshop.ch\\\/fr\\\/accueil\\\/\"},{\"@type\":\"ListItem\",\"position\":2,\"name\":\"Boutique\",\"item\":\"https:\\\/\\\/theuncommonshop.ch\\\/fr\\\/boutique\\\/\"},{\"@type\":\"ListItem\",\"position\":3,\"name\":\"Pok\u00e9mon\",\"item\":\"https:\\\/\\\/theuncommonshop.ch\\\/fr\\\/categorie-produit\\\/pokemon-fr\\\/\"},{\"@type\":\"ListItem\",\"position\":4,\"name\":\"Coffrets & collections\",\"item\":\"https:\\\/\\\/theuncommonshop.ch\\\/fr\\\/categorie-produit\\\/pokemon-fr\\\/coffrets-et-collections-pokemon\\\/\"},{\"@type\":\"ListItem\",\"position\":5,\"name\":\"Pok\u00e9mon &#8211; Scarlet &amp; Violet &#8211; Le Garchomp ex de Cynthia &#8211; Premium Collection\"}]},{\"@type\":\"WebSite\",\"@id\":\"https:\\\/\\\/theuncommonshop.ch\\\/#website\",\"url\":\"https:\\\/\\\/theuncommonshop.ch\\\/\",\"name\":\"Largest trading card shop in Switzerland\",\"description\":\"Magic, Pok\u00e9mon and Yu-gi-oh - The Uncommon Shop\",\"potentialAction\":[{\"@type\":\"SearchAction\",\"target\":{\"@type\":\"EntryPoint\",\"urlTemplate\":\"https:\\\/\\\/theuncommonshop.ch\\\/?s={search_term_string}\"},\"query-input\":{\"@type\":\"PropertyValueSpecification\",\"valueRequired\":true,\"valueName\":\"search_term_string\"}}],\"inLanguage\":\"fr-FR\"}]}<\/script>\n<meta property=\"og:availability\" content=\"instock\" \/>\n<meta property=\"product:availability\" content=\"instock\" \/>\n<meta property=\"product:condition\" content=\"new\" \/>\n<!-- \/ Yoast SEO plugin. -->","yoast_head_json":{"title":"Ach\u00e8te Pok\u00e9mon - Scarlet &amp; Violet - Le Garchomp ex de Cynthia - Premium Collection","description":"Ach\u00e8te Pok\u00e9mon - Scarlet &amp; Violet - Le Garchomp ex de Cynthia - Premium Collection en ligne maintenant \u00e0 petit prix! Ton #1 shop pour cartes TCG & Pok\u00e9mon en Suisse \u2713 Livraison gratuite d\u00e8s CHF 29","robots":{"index":"index","follow":"follow","max-snippet":"max-snippet:-1","max-image-preview":"max-image-preview:large","max-video-preview":"max-video-preview:-1"},"canonical":"https:\/\/theuncommonshop.ch\/fr\/product\/pokemon-scarlet-violet-cynthias-garchomp-ex-premium-collection-3\/","og_locale":"fr_FR","og_type":"article","og_title":"Ach\u00e8te Pok\u00e9mon - Scarlet &amp; Violet - Le Garchomp ex de Cynthia - Premium Collection","og_description":"Ach\u00e8te Pok\u00e9mon - Scarlet &amp; Violet - Le Garchomp ex de Cynthia - Premium Collection en ligne maintenant \u00e0 petit prix! Ton #1 shop pour cartes TCG & Pok\u00e9mon en Suisse \u2713 Livraison gratuite d\u00e8s CHF 29","og_url":"https:\/\/theuncommonshop.ch\/fr\/product\/pokemon-scarlet-violet-cynthias-garchomp-ex-premium-collection-3\/","og_site_name":"Largest trading card shop in Switzerland","article_modified_time":"2026-03-29T07:57:35+00:00","og_image":[{"width":1919,"height":1390,"url":"https:\/\/theuncommonshop.ch\/wp-content\/uploads\/2025\/12\/5004542683.webp","type":"image\/webp"}],"twitter_card":"summary_large_image","twitter_misc":{"Disponibilit\u00e9":"En stock"},"schema":{"@context":"https:\/\/schema.org","@graph":[{"@type":"WebPage","@id":"https:\/\/theuncommonshop.ch\/fr\/product\/pokemon-scarlet-violet-cynthias-garchomp-ex-premium-collection-3\/","url":"https:\/\/theuncommonshop.ch\/fr\/product\/pokemon-scarlet-violet-cynthias-garchomp-ex-premium-collection-3\/","name":"Ach\u00e8te Pok\u00e9mon - Scarlet &amp; Violet - Le Garchomp ex de Cynthia - Premium Collection","isPartOf":{"@id":"https:\/\/theuncommonshop.ch\/#website"},"primaryImageOfPage":{"@id":"https:\/\/theuncommonshop.ch\/fr\/product\/pokemon-scarlet-violet-cynthias-garchomp-ex-premium-collection-3\/#primaryimage"},"image":{"@id":"https:\/\/theuncommonshop.ch\/fr\/product\/pokemon-scarlet-violet-cynthias-garchomp-ex-premium-collection-3\/#primaryimage"},"thumbnailUrl":"https:\/\/theuncommonshop.ch\/wp-content\/uploads\/2025\/12\/5004542683.webp","datePublished":"2025-12-31T11:21:49+00:00","dateModified":"2026-03-29T07:57:35+00:00","description":"Ach\u00e8te Pok\u00e9mon - Scarlet &amp; Violet - Le Garchomp ex de Cynthia - Premium Collection en ligne maintenant \u00e0 petit prix! Ton #1 shop pour cartes TCG & Pok\u00e9mon en Suisse \u2713 Livraison gratuite d\u00e8s CHF 29","breadcrumb":{"@id":"https:\/\/theuncommonshop.ch\/fr\/product\/pokemon-scarlet-violet-cynthias-garchomp-ex-premium-collection-3\/#breadcrumb"},"inLanguage":"fr-FR","potentialAction":[{"@type":"ReadAction","target":["https:\/\/theuncommonshop.ch\/fr\/product\/pokemon-scarlet-violet-cynthias-garchomp-ex-premium-collection-3\/"]}]},{"@type":"ImageObject","inLanguage":"fr-FR","@id":"https:\/\/theuncommonshop.ch\/fr\/product\/pokemon-scarlet-violet-cynthias-garchomp-ex-premium-collection-3\/#primaryimage","url":"https:\/\/theuncommonshop.ch\/wp-content\/uploads\/2025\/12\/5004542683.webp","contentUrl":"https:\/\/theuncommonshop.ch\/wp-content\/uploads\/2025\/12\/5004542683.webp","width":1919,"height":1390},{"@type":"BreadcrumbList","@id":"https:\/\/theuncommonshop.ch\/fr\/product\/pokemon-scarlet-violet-cynthias-garchomp-ex-premium-collection-3\/#breadcrumb","itemListElement":[{"@type":"ListItem","position":1,"name":"Accueil","item":"https:\/\/theuncommonshop.ch\/fr\/accueil\/"},{"@type":"ListItem","position":2,"name":"Boutique","item":"https:\/\/theuncommonshop.ch\/fr\/boutique\/"},{"@type":"ListItem","position":3,"name":"Pok\u00e9mon","item":"https:\/\/theuncommonshop.ch\/fr\/categorie-produit\/pokemon-fr\/"},{"@type":"ListItem","position":4,"name":"Coffrets & collections","item":"https:\/\/theuncommonshop.ch\/fr\/categorie-produit\/pokemon-fr\/coffrets-et-collections-pokemon\/"},{"@type":"ListItem","position":5,"name":"Pok\u00e9mon &#8211; Scarlet &amp; Violet &#8211; Le Garchomp ex de Cynthia &#8211; Premium Collection"}]},{"@type":"WebSite","@id":"https:\/\/theuncommonshop.ch\/#website","url":"https:\/\/theuncommonshop.ch\/","name":"Largest trading card shop in Switzerland","description":"Magic, Pok\u00e9mon and Yu-gi-oh - The Uncommon Shop","potentialAction":[{"@type":"SearchAction","target":{"@type":"EntryPoint","urlTemplate":"https:\/\/theuncommonshop.ch\/?s={search_term_string}"},"query-input":{"@type":"PropertyValueSpecification","valueRequired":true,"valueName":"search_term_string"}}],"inLanguage":"fr-FR"}]},"og_availability":"instock","product_availability":"instock","product_condition":"new"},"_links":{"self":[{"href":"https:\/\/theuncommonshop.ch\/fr\/wp-json\/wp\/v2\/product\/312215","targetHints":{"allow":["GET"]}}],"collection":[{"href":"https:\/\/theuncommonshop.ch\/fr\/wp-json\/wp\/v2\/product"}],"about":[{"href":"https:\/\/theuncommonshop.ch\/fr\/wp-json\/wp\/v2\/types\/product"}],"replies":[{"embeddable":true,"href":"https:\/\/theuncommonshop.ch\/fr\/wp-json\/wp\/v2\/comments?post=312215"}],"version-history":[{"count":2,"href":"https:\/\/theuncommonshop.ch\/fr\/wp-json\/wp\/v2\/product\/312215\/revisions"}],"predecessor-version":[{"id":357908,"href":"https:\/\/theuncommonshop.ch\/fr\/wp-json\/wp\/v2\/product\/312215\/revisions\/357908"}],"wp:featuredmedia":[{"embeddable":true,"href":"https:\/\/theuncommonshop.ch\/fr\/wp-json\/wp\/v2\/media\/274843"}],"wp:attachment":[{"href":"https:\/\/theuncommonshop.ch\/fr\/wp-json\/wp\/v2\/media?parent=312215"}],"wp:term":[{"taxonomy":"product_brand","embeddable":true,"href":"https:\/\/theuncommonshop.ch\/fr\/wp-json\/wp\/v2\/product_brand?post=312215"},{"taxonomy":"product_cat","embeddable":true,"href":"https:\/\/theuncommonshop.ch\/fr\/wp-json\/wp\/v2\/product_cat?post=312215"},{"taxonomy":"product_tag","embeddable":true,"href":"https:\/\/theuncommonshop.ch\/fr\/wp-json\/wp\/v2\/product_tag?post=312215"}],"curies":[{"name":"wp","href":"https:\/\/api.w.org\/{rel}","templated":true}]}}