{"id":312134,"date":"2025-12-31T06:20:00","date_gmt":"2025-12-31T05:20:00","guid":{"rendered":"http:\/\/theuncommonshop.ch\/produkt\/312134\/"},"modified":"2026-04-01T14:54:52","modified_gmt":"2026-04-01T12:54:52","slug":"pokemon-karmesin-und-purpur-paldeas-schicksal-sv4-5-great-tusk-ex-iron-treads-ex-premium-kollektion-3","status":"publish","type":"product","link":"https:\/\/theuncommonshop.ch\/fr\/product\/pokemon-karmesin-und-purpur-paldeas-schicksal-sv4-5-great-tusk-ex-iron-treads-ex-premium-kollektion-3\/","title":{"rendered":"Pok\u00e9mon &#8211; Cramoisi et Pourpre &#8211; Paldeas Schicksale (SV4.5) &#8211; Great Tusk ex &amp; Iron Treads ex &#8211; Premium Kollektion"},"content":{"rendered":"<p>Le pass\u00e9 et le futur s&#8217;entrechoquent avec Great Tusk ex &amp; Iron Treads ex ! Embarquez pour un voyage dans le Grand Crat\u00e8re de Paldea et d\u00e9couvrez des Pok\u00e9mon Paradox qui d\u00e9fient le flux du temps ! Am\u00e9liorez votre deck avec la puissance brutale de Great Tusk et Iron Treads de cette collection, qui les inclut tous deux en tant que Pok\u00e9mon Shiny ex. Vous recevrez \u00e9galement deux cartes suppl\u00e9mentaires avec Great Tusk et Iron Treads, ainsi qu&#8217;une carte Foil surdimensionn\u00e9e avec Great Tusk ex et 11 booster packs de l&#8217;extension sp\u00e9ciale Scarlet &amp; Violet &#8211; Paldean Fates.   <\/p>\n<p>2 cartes holographiques avec Shiny Great Tusk ex et Shiny Iron Treads ex<\/p>\n<p>2 cartes avec Great Tusk et Iron Treads<\/p>\n<p>1 carte hologramme surdimensionn\u00e9e avec Shiny Great Tusk ex<\/p>\n<p>11 Pok\u00e9mon TCG : Scarlet &amp; Violet &#8211; Booster Packs Paldean Fates<\/p>\n<p>Une carte de code pour Pok\u00e9mon TCG Live<\/p>\n","protected":false},"excerpt":{"rendered":"<p>Le pass\u00e9 et le futur s&#8217;entrechoquent avec Great Tusk ex &amp; Iron Treads ex ! Embarquez pour un voyage dans<\/p>\n","protected":false},"featured_media":273786,"comment_status":"open","ping_status":"closed","template":"","meta":{"_acf_changed":false},"product_brand":[5114,5072],"product_cat":[9811,9777,9829,10091],"product_tag":[],"class_list":{"0":"post-312134","1":"product","2":"type-product","3":"status-publish","4":"has-post-thumbnail","6":"product_brand-pokemon","7":"product_brand-the-pokemon-company","8":"product_cat-coffrets-et-collections-pokemon","9":"product_cat-pokemon-fr","10":"product_cat-super-sale-pokemon-fr","11":"product_cat-sv45-destinees-de-paldea","13":"first","14":"instock","15":"taxable","16":"shipping-taxable","17":"purchasable","18":"product-type-variable"},"acf":[],"yoast_head":"<!-- This site is optimized with the Yoast SEO plugin v27.5 - https:\/\/yoast.com\/product\/yoast-seo-wordpress\/ -->\n<title>Ach\u00e8te Pok\u00e9mon - Cramoisi et Pourpre - Paldeas Schicksale (SV4.5) - Great Tusk ex &amp; Iron Treads ex - Premium Kollektion<\/title>\n<meta name=\"description\" content=\"Ach\u00e8te Pok\u00e9mon - Cramoisi et Pourpre - Paldeas Schicksale (SV4.5) - Great Tusk ex &amp; Iron Treads ex - Premium Kollektion en ligne maintenant \u00e0 petit prix! Ton #1 shop pour cartes TCG &amp; Pok\u00e9mon en Suisse \u2713 Livraison gratuite d\u00e8s CHF 29\" \/>\n<meta name=\"robots\" content=\"index, follow, max-snippet:-1, max-image-preview:large, max-video-preview:-1\" \/>\n<link rel=\"canonical\" href=\"https:\/\/theuncommonshop.ch\/fr\/product\/pokemon-karmesin-und-purpur-paldeas-schicksal-sv4-5-great-tusk-ex-iron-treads-ex-premium-kollektion-3\/\" \/>\n<meta property=\"og:locale\" content=\"fr_FR\" \/>\n<meta property=\"og:type\" content=\"article\" \/>\n<meta property=\"og:title\" content=\"Ach\u00e8te Pok\u00e9mon - Cramoisi et Pourpre - Paldeas Schicksale (SV4.5) - Great Tusk ex &amp; Iron Treads ex - Premium Kollektion\" \/>\n<meta property=\"og:description\" content=\"Ach\u00e8te Pok\u00e9mon - Cramoisi et Pourpre - Paldeas Schicksale (SV4.5) - Great Tusk ex &amp; Iron Treads ex - Premium Kollektion en ligne maintenant \u00e0 petit prix! Ton #1 shop pour cartes TCG &amp; Pok\u00e9mon en Suisse \u2713 Livraison gratuite d\u00e8s CHF 29\" \/>\n<meta property=\"og:url\" content=\"https:\/\/theuncommonshop.ch\/fr\/product\/pokemon-karmesin-und-purpur-paldeas-schicksal-sv4-5-great-tusk-ex-iron-treads-ex-premium-kollektion-3\/\" \/>\n<meta property=\"og:site_name\" content=\"The Uncommon Shop\" \/>\n<meta property=\"article:modified_time\" content=\"2026-04-01T12:54:52+00:00\" \/>\n<meta property=\"og:image\" content=\"https:\/\/theuncommonshop.ch\/wp-content\/uploads\/2025\/12\/5450860427.webp\" \/>\n\t<meta property=\"og:image:width\" content=\"800\" \/>\n\t<meta property=\"og:image:height\" content=\"800\" \/>\n\t<meta property=\"og:image:type\" content=\"image\/webp\" \/>\n<meta name=\"twitter:card\" content=\"summary_large_image\" \/>\n<meta name=\"twitter:label1\" content=\"Disponibilit\u00e9\" \/>\n\t<meta name=\"twitter:data1\" content=\"En stock\" \/>\n<script type=\"application\/ld+json\" class=\"yoast-schema-graph\">{\"@context\":\"https:\\\/\\\/schema.org\",\"@graph\":[{\"@type\":\"WebPage\",\"@id\":\"https:\\\/\\\/theuncommonshop.ch\\\/fr\\\/product\\\/pokemon-karmesin-und-purpur-paldeas-schicksal-sv4-5-great-tusk-ex-iron-treads-ex-premium-kollektion-3\\\/\",\"url\":\"https:\\\/\\\/theuncommonshop.ch\\\/fr\\\/product\\\/pokemon-karmesin-und-purpur-paldeas-schicksal-sv4-5-great-tusk-ex-iron-treads-ex-premium-kollektion-3\\\/\",\"name\":\"Ach\u00e8te Pok\u00e9mon - Cramoisi et Pourpre - Paldeas Schicksale (SV4.5) - Great Tusk ex &amp; Iron Treads ex - Premium Kollektion\",\"isPartOf\":{\"@id\":\"https:\\\/\\\/theuncommonshop.ch\\\/fr\\\/#website\"},\"primaryImageOfPage\":{\"@id\":\"https:\\\/\\\/theuncommonshop.ch\\\/fr\\\/product\\\/pokemon-karmesin-und-purpur-paldeas-schicksal-sv4-5-great-tusk-ex-iron-treads-ex-premium-kollektion-3\\\/#primaryimage\"},\"image\":{\"@id\":\"https:\\\/\\\/theuncommonshop.ch\\\/fr\\\/product\\\/pokemon-karmesin-und-purpur-paldeas-schicksal-sv4-5-great-tusk-ex-iron-treads-ex-premium-kollektion-3\\\/#primaryimage\"},\"thumbnailUrl\":\"https:\\\/\\\/theuncommonshop.ch\\\/wp-content\\\/uploads\\\/2025\\\/12\\\/5450860427.webp\",\"datePublished\":\"2025-12-31T05:20:00+00:00\",\"dateModified\":\"2026-04-01T12:54:52+00:00\",\"description\":\"Ach\u00e8te Pok\u00e9mon - Cramoisi et Pourpre - Paldeas Schicksale (SV4.5) - Great Tusk ex &amp; Iron Treads ex - Premium Kollektion en ligne maintenant \u00e0 petit prix! Ton #1 shop pour cartes TCG & Pok\u00e9mon en Suisse \u2713 Livraison gratuite d\u00e8s CHF 29\",\"breadcrumb\":{\"@id\":\"https:\\\/\\\/theuncommonshop.ch\\\/fr\\\/product\\\/pokemon-karmesin-und-purpur-paldeas-schicksal-sv4-5-great-tusk-ex-iron-treads-ex-premium-kollektion-3\\\/#breadcrumb\"},\"inLanguage\":\"fr-FR\",\"potentialAction\":[{\"@type\":\"ReadAction\",\"target\":[\"https:\\\/\\\/theuncommonshop.ch\\\/fr\\\/product\\\/pokemon-karmesin-und-purpur-paldeas-schicksal-sv4-5-great-tusk-ex-iron-treads-ex-premium-kollektion-3\\\/\"]}]},{\"@type\":\"ImageObject\",\"inLanguage\":\"fr-FR\",\"@id\":\"https:\\\/\\\/theuncommonshop.ch\\\/fr\\\/product\\\/pokemon-karmesin-und-purpur-paldeas-schicksal-sv4-5-great-tusk-ex-iron-treads-ex-premium-kollektion-3\\\/#primaryimage\",\"url\":\"https:\\\/\\\/theuncommonshop.ch\\\/wp-content\\\/uploads\\\/2025\\\/12\\\/5450860427.webp\",\"contentUrl\":\"https:\\\/\\\/theuncommonshop.ch\\\/wp-content\\\/uploads\\\/2025\\\/12\\\/5450860427.webp\",\"width\":800,\"height\":800},{\"@type\":\"BreadcrumbList\",\"@id\":\"https:\\\/\\\/theuncommonshop.ch\\\/fr\\\/product\\\/pokemon-karmesin-und-purpur-paldeas-schicksal-sv4-5-great-tusk-ex-iron-treads-ex-premium-kollektion-3\\\/#breadcrumb\",\"itemListElement\":[{\"@type\":\"ListItem\",\"position\":1,\"name\":\"Accueil\",\"item\":\"https:\\\/\\\/theuncommonshop.ch\\\/fr\\\/accueil\\\/\"},{\"@type\":\"ListItem\",\"position\":2,\"name\":\"Boutique\",\"item\":\"https:\\\/\\\/theuncommonshop.ch\\\/fr\\\/boutique\\\/\"},{\"@type\":\"ListItem\",\"position\":3,\"name\":\"Pok\u00e9mon\",\"item\":\"https:\\\/\\\/theuncommonshop.ch\\\/fr\\\/categorie-produit\\\/pokemon-fr\\\/\"},{\"@type\":\"ListItem\",\"position\":4,\"name\":\"Produits par lots\",\"item\":\"https:\\\/\\\/theuncommonshop.ch\\\/fr\\\/categorie-produit\\\/pokemon-fr\\\/produits-par-lots\\\/\"},{\"@type\":\"ListItem\",\"position\":5,\"name\":\"\u00c9carlate & Violet\",\"item\":\"https:\\\/\\\/theuncommonshop.ch\\\/fr\\\/categorie-produit\\\/pokemon-fr\\\/produits-par-lots\\\/ecarlate-et-violet\\\/\"},{\"@type\":\"ListItem\",\"position\":6,\"name\":\"SV4.5 Destin\u00e9es de Paldea\",\"item\":\"https:\\\/\\\/theuncommonshop.ch\\\/fr\\\/categorie-produit\\\/pokemon-fr\\\/produits-par-lots\\\/ecarlate-et-violet\\\/sv45-destinees-de-paldea\\\/\"},{\"@type\":\"ListItem\",\"position\":7,\"name\":\"Pok\u00e9mon &#8211; Cramoisi et Pourpre &#8211; Paldeas Schicksale (SV4.5) &#8211; Great Tusk ex &amp; Iron Treads ex &#8211; Premium Kollektion\"}]},{\"@type\":\"WebSite\",\"@id\":\"https:\\\/\\\/theuncommonshop.ch\\\/fr\\\/#website\",\"url\":\"https:\\\/\\\/theuncommonshop.ch\\\/fr\\\/\",\"name\":\"The Uncommon Shop\",\"description\":\"Magic, Pok\u00e9mon and Yu-gi-oh - The Uncommon Shop\",\"potentialAction\":[{\"@type\":\"SearchAction\",\"target\":{\"@type\":\"EntryPoint\",\"urlTemplate\":\"https:\\\/\\\/theuncommonshop.ch\\\/fr\\\/?s={search_term_string}\"},\"query-input\":{\"@type\":\"PropertyValueSpecification\",\"valueRequired\":true,\"valueName\":\"search_term_string\"}}],\"inLanguage\":\"fr-FR\"}]}<\/script>\n<meta property=\"og:availability\" content=\"instock\" \/>\n<meta property=\"product:availability\" content=\"instock\" \/>\n<meta property=\"product:retailer_item_id\" content=\"PO.IV.G.PalFateTuskIronTreaPremColl.EN\" \/>\n<meta property=\"product:condition\" content=\"new\" \/>\n<!-- \/ Yoast SEO plugin. -->","yoast_head_json":{"title":"Ach\u00e8te Pok\u00e9mon - Cramoisi et Pourpre - Paldeas Schicksale (SV4.5) - Great Tusk ex &amp; Iron Treads ex - Premium Kollektion","description":"Ach\u00e8te Pok\u00e9mon - Cramoisi et Pourpre - Paldeas Schicksale (SV4.5) - Great Tusk ex &amp; Iron Treads ex - Premium Kollektion en ligne maintenant \u00e0 petit prix! Ton #1 shop pour cartes TCG & Pok\u00e9mon en Suisse \u2713 Livraison gratuite d\u00e8s CHF 29","robots":{"index":"index","follow":"follow","max-snippet":"max-snippet:-1","max-image-preview":"max-image-preview:large","max-video-preview":"max-video-preview:-1"},"canonical":"https:\/\/theuncommonshop.ch\/fr\/product\/pokemon-karmesin-und-purpur-paldeas-schicksal-sv4-5-great-tusk-ex-iron-treads-ex-premium-kollektion-3\/","og_locale":"fr_FR","og_type":"article","og_title":"Ach\u00e8te Pok\u00e9mon - Cramoisi et Pourpre - Paldeas Schicksale (SV4.5) - Great Tusk ex &amp; Iron Treads ex - Premium Kollektion","og_description":"Ach\u00e8te Pok\u00e9mon - Cramoisi et Pourpre - Paldeas Schicksale (SV4.5) - Great Tusk ex &amp; Iron Treads ex - Premium Kollektion en ligne maintenant \u00e0 petit prix! Ton #1 shop pour cartes TCG & Pok\u00e9mon en Suisse \u2713 Livraison gratuite d\u00e8s CHF 29","og_url":"https:\/\/theuncommonshop.ch\/fr\/product\/pokemon-karmesin-und-purpur-paldeas-schicksal-sv4-5-great-tusk-ex-iron-treads-ex-premium-kollektion-3\/","og_site_name":"The Uncommon Shop","article_modified_time":"2026-04-01T12:54:52+00:00","og_image":[{"width":800,"height":800,"url":"https:\/\/theuncommonshop.ch\/wp-content\/uploads\/2025\/12\/5450860427.webp","type":"image\/webp"}],"twitter_card":"summary_large_image","twitter_misc":{"Disponibilit\u00e9":"En stock"},"schema":{"@context":"https:\/\/schema.org","@graph":[{"@type":"WebPage","@id":"https:\/\/theuncommonshop.ch\/fr\/product\/pokemon-karmesin-und-purpur-paldeas-schicksal-sv4-5-great-tusk-ex-iron-treads-ex-premium-kollektion-3\/","url":"https:\/\/theuncommonshop.ch\/fr\/product\/pokemon-karmesin-und-purpur-paldeas-schicksal-sv4-5-great-tusk-ex-iron-treads-ex-premium-kollektion-3\/","name":"Ach\u00e8te Pok\u00e9mon - Cramoisi et Pourpre - Paldeas Schicksale (SV4.5) - Great Tusk ex &amp; Iron Treads ex - Premium Kollektion","isPartOf":{"@id":"https:\/\/theuncommonshop.ch\/fr\/#website"},"primaryImageOfPage":{"@id":"https:\/\/theuncommonshop.ch\/fr\/product\/pokemon-karmesin-und-purpur-paldeas-schicksal-sv4-5-great-tusk-ex-iron-treads-ex-premium-kollektion-3\/#primaryimage"},"image":{"@id":"https:\/\/theuncommonshop.ch\/fr\/product\/pokemon-karmesin-und-purpur-paldeas-schicksal-sv4-5-great-tusk-ex-iron-treads-ex-premium-kollektion-3\/#primaryimage"},"thumbnailUrl":"https:\/\/theuncommonshop.ch\/wp-content\/uploads\/2025\/12\/5450860427.webp","datePublished":"2025-12-31T05:20:00+00:00","dateModified":"2026-04-01T12:54:52+00:00","description":"Ach\u00e8te Pok\u00e9mon - Cramoisi et Pourpre - Paldeas Schicksale (SV4.5) - Great Tusk ex &amp; Iron Treads ex - Premium Kollektion en ligne maintenant \u00e0 petit prix! Ton #1 shop pour cartes TCG & Pok\u00e9mon en Suisse \u2713 Livraison gratuite d\u00e8s CHF 29","breadcrumb":{"@id":"https:\/\/theuncommonshop.ch\/fr\/product\/pokemon-karmesin-und-purpur-paldeas-schicksal-sv4-5-great-tusk-ex-iron-treads-ex-premium-kollektion-3\/#breadcrumb"},"inLanguage":"fr-FR","potentialAction":[{"@type":"ReadAction","target":["https:\/\/theuncommonshop.ch\/fr\/product\/pokemon-karmesin-und-purpur-paldeas-schicksal-sv4-5-great-tusk-ex-iron-treads-ex-premium-kollektion-3\/"]}]},{"@type":"ImageObject","inLanguage":"fr-FR","@id":"https:\/\/theuncommonshop.ch\/fr\/product\/pokemon-karmesin-und-purpur-paldeas-schicksal-sv4-5-great-tusk-ex-iron-treads-ex-premium-kollektion-3\/#primaryimage","url":"https:\/\/theuncommonshop.ch\/wp-content\/uploads\/2025\/12\/5450860427.webp","contentUrl":"https:\/\/theuncommonshop.ch\/wp-content\/uploads\/2025\/12\/5450860427.webp","width":800,"height":800},{"@type":"BreadcrumbList","@id":"https:\/\/theuncommonshop.ch\/fr\/product\/pokemon-karmesin-und-purpur-paldeas-schicksal-sv4-5-great-tusk-ex-iron-treads-ex-premium-kollektion-3\/#breadcrumb","itemListElement":[{"@type":"ListItem","position":1,"name":"Accueil","item":"https:\/\/theuncommonshop.ch\/fr\/accueil\/"},{"@type":"ListItem","position":2,"name":"Boutique","item":"https:\/\/theuncommonshop.ch\/fr\/boutique\/"},{"@type":"ListItem","position":3,"name":"Pok\u00e9mon","item":"https:\/\/theuncommonshop.ch\/fr\/categorie-produit\/pokemon-fr\/"},{"@type":"ListItem","position":4,"name":"Produits par lots","item":"https:\/\/theuncommonshop.ch\/fr\/categorie-produit\/pokemon-fr\/produits-par-lots\/"},{"@type":"ListItem","position":5,"name":"\u00c9carlate & Violet","item":"https:\/\/theuncommonshop.ch\/fr\/categorie-produit\/pokemon-fr\/produits-par-lots\/ecarlate-et-violet\/"},{"@type":"ListItem","position":6,"name":"SV4.5 Destin\u00e9es de Paldea","item":"https:\/\/theuncommonshop.ch\/fr\/categorie-produit\/pokemon-fr\/produits-par-lots\/ecarlate-et-violet\/sv45-destinees-de-paldea\/"},{"@type":"ListItem","position":7,"name":"Pok\u00e9mon &#8211; Cramoisi et Pourpre &#8211; Paldeas Schicksale (SV4.5) &#8211; Great Tusk ex &amp; Iron Treads ex &#8211; Premium Kollektion"}]},{"@type":"WebSite","@id":"https:\/\/theuncommonshop.ch\/fr\/#website","url":"https:\/\/theuncommonshop.ch\/fr\/","name":"The Uncommon Shop","description":"Magic, Pok\u00e9mon and Yu-gi-oh - The Uncommon Shop","potentialAction":[{"@type":"SearchAction","target":{"@type":"EntryPoint","urlTemplate":"https:\/\/theuncommonshop.ch\/fr\/?s={search_term_string}"},"query-input":{"@type":"PropertyValueSpecification","valueRequired":true,"valueName":"search_term_string"}}],"inLanguage":"fr-FR"}]},"og_availability":"instock","product_availability":"instock","product_retailer_item_id":"PO.IV.G.PalFateTuskIronTreaPremColl.EN","product_condition":"new"},"_links":{"self":[{"href":"https:\/\/theuncommonshop.ch\/fr\/wp-json\/wp\/v2\/product\/312134","targetHints":{"allow":["GET"]}}],"collection":[{"href":"https:\/\/theuncommonshop.ch\/fr\/wp-json\/wp\/v2\/product"}],"about":[{"href":"https:\/\/theuncommonshop.ch\/fr\/wp-json\/wp\/v2\/types\/product"}],"replies":[{"embeddable":true,"href":"https:\/\/theuncommonshop.ch\/fr\/wp-json\/wp\/v2\/comments?post=312134"}],"version-history":[{"count":0,"href":"https:\/\/theuncommonshop.ch\/fr\/wp-json\/wp\/v2\/product\/312134\/revisions"}],"wp:featuredmedia":[{"embeddable":true,"href":"https:\/\/theuncommonshop.ch\/fr\/wp-json\/wp\/v2\/media\/273786"}],"wp:attachment":[{"href":"https:\/\/theuncommonshop.ch\/fr\/wp-json\/wp\/v2\/media?parent=312134"}],"wp:term":[{"taxonomy":"product_brand","embeddable":true,"href":"https:\/\/theuncommonshop.ch\/fr\/wp-json\/wp\/v2\/product_brand?post=312134"},{"taxonomy":"product_cat","embeddable":true,"href":"https:\/\/theuncommonshop.ch\/fr\/wp-json\/wp\/v2\/product_cat?post=312134"},{"taxonomy":"product_tag","embeddable":true,"href":"https:\/\/theuncommonshop.ch\/fr\/wp-json\/wp\/v2\/product_tag?post=312134"}],"curies":[{"name":"wp","href":"https:\/\/api.w.org\/{rel}","templated":true}]}}