{"id":312110,"date":"2025-12-31T06:17:00","date_gmt":"2025-12-31T05:17:00","guid":{"rendered":"http:\/\/theuncommonshop.ch\/produkt\/312110\/"},"modified":"2026-03-30T11:40:10","modified_gmt":"2026-03-30T09:40:10","slug":"pokemon-100-battle-collection-battle-deck-2","status":"publish","type":"product","link":"https:\/\/theuncommonshop.ch\/fr\/product\/pokemon-100-battle-collection-battle-deck-2\/","title":{"rendered":"Pok\u00e9mon &#8211; 100 Battle Collection &#8211; Battle Deck"},"content":{"rendered":"<p><strong>Pok\u00e9mon &#8211; 100 Battle Collection &#8211; Battle Deck<\/strong><\/p>\n<p>Le Pok\u00e9mon japonais &#8220;Start Deck 100 Battle Collection&#8221; sera disponible en d\u00e9cembre 2025 en 100 versions diff\u00e9rentes.<\/p>\n<p>Un nouveau set de decks th\u00e9matiques pr\u00eats \u00e0 jouer, appel\u00e9 &#8220;Start Deck Battle Collection 100&#8221;, sera disponible au Japon le 19 d\u00e9cembre 2025. Il contient 100 decks de diff\u00e9rentes variantes, men\u00e9s par de puissants M\u00e9ga-Pok\u00e9mon ex et Pok\u00e9mon ex, dont M\u00e9ga-Charizard Y ex, Reshiram ex et Pikachu ex. Les decks contiennent \u00e0 la fois des r\u00e9impressions d&#8217;extensions r\u00e9centes et de toutes nouvelles cartes.  <\/p>\n<p>100 decks de 60 cartes uniques et pr\u00e9-construits dans un seul produit<\/p>\n<p>Cartes confirm\u00e9es de l&#8217;\u00e8re Mega, dont Mega-Charizard Y ex<\/p>\n<p>Un m\u00e9lange de r\u00e9impressions, de nouvelles cartes et d&#8217;illustrations exclusives<\/p>\n<p>Con\u00e7u comme un pont entre les publications japonaises et Ascended Heroes<\/p>\n<p>Contrairement aux Starter Decks traditionnels, qui sont disponibles en sets fixes de 2 \u00e0 3 variantes, la Starter Deck 100 Battle Collection propose des jeux de r\u00f4le :<\/p>\n<p>100 compositions de deck diff\u00e9rentes &#8211; Chaque bo\u00eete scell\u00e9e contient l&#8217;une des 100 configurations de deck uniques.<\/p>\n<p>Grand pool de cartes &#8211; Des centaines de cartes diff\u00e9rentes peuvent \u00eatre pr\u00e9sentes dans les diff\u00e9rents decks.<\/p>\n<p>Cartes de l&#8217;\u00e8re Mega &#8211; Cartes d&#8217;\u00e9volution Mega confirm\u00e9es qui n&#8217;ont pas encore \u00e9t\u00e9 publi\u00e9es dans les sets anglais.<\/p>\n<p>M\u00e9lange de diff\u00e9rents niveaux de raret\u00e9 &#8211; Des cartes ordinaires aux cartes Chase ultra-rare, tout y est.<\/p>\n<p>Valeur de collection &#8211; L&#8217;incertitude quant au deck que vous recevrez cr\u00e9e un suspense.<\/p>\n","protected":false},"excerpt":{"rendered":"<p>Pok\u00e9mon &#8211; 100 Battle Collection &#8211; Battle Deck Le Pok\u00e9mon japonais &#8220;Start Deck 100 Battle Collection&#8221; sera disponible en d\u00e9cembre<\/p>\n","protected":false},"featured_media":273674,"comment_status":"open","ping_status":"closed","template":"","meta":{"_acf_changed":false},"product_brand":[5114,5072],"product_cat":[9817,9777],"product_tag":[],"class_list":{"0":"post-312110","1":"product","2":"type-product","3":"status-publish","4":"has-post-thumbnail","6":"product_brand-pokemon","7":"product_brand-the-pokemon-company","8":"product_cat-decks-fr","9":"product_cat-pokemon-fr","11":"first","12":"instock","13":"taxable","14":"shipping-taxable","15":"purchasable","16":"product-type-variable"},"acf":[],"yoast_head":"<!-- This site is optimized with the Yoast SEO plugin v27.4 - https:\/\/yoast.com\/product\/yoast-seo-wordpress\/ -->\n<title>Ach\u00e8te Pok\u00e9mon - 100 Battle Collection - Battle Deck<\/title>\n<meta name=\"description\" content=\"Ach\u00e8te Pok\u00e9mon - 100 Battle Collection - Battle Deck en ligne maintenant \u00e0 petit prix! Ton #1 shop pour cartes TCG &amp; Pok\u00e9mon en Suisse \u2713 Livraison gratuite d\u00e8s CHF 29\" \/>\n<meta name=\"robots\" content=\"index, follow, max-snippet:-1, max-image-preview:large, max-video-preview:-1\" \/>\n<link rel=\"canonical\" href=\"https:\/\/theuncommonshop.ch\/fr\/product\/pokemon-100-battle-collection-battle-deck-2\/\" \/>\n<meta property=\"og:locale\" content=\"fr_FR\" \/>\n<meta property=\"og:type\" content=\"article\" \/>\n<meta property=\"og:title\" content=\"Ach\u00e8te Pok\u00e9mon - 100 Battle Collection - Battle Deck\" \/>\n<meta property=\"og:description\" content=\"Ach\u00e8te Pok\u00e9mon - 100 Battle Collection - Battle Deck en ligne maintenant \u00e0 petit prix! Ton #1 shop pour cartes TCG &amp; Pok\u00e9mon en Suisse \u2713 Livraison gratuite d\u00e8s CHF 29\" \/>\n<meta property=\"og:url\" content=\"https:\/\/theuncommonshop.ch\/fr\/product\/pokemon-100-battle-collection-battle-deck-2\/\" \/>\n<meta property=\"og:site_name\" content=\"The Uncommon Shop\" \/>\n<meta property=\"article:modified_time\" content=\"2026-03-30T09:40:10+00:00\" \/>\n<meta property=\"og:image\" content=\"https:\/\/theuncommonshop.ch\/wp-content\/uploads\/2025\/12\/5442125624.jpg\" \/>\n\t<meta property=\"og:image:width\" content=\"800\" \/>\n\t<meta property=\"og:image:height\" content=\"800\" \/>\n\t<meta property=\"og:image:type\" content=\"image\/jpeg\" \/>\n<meta name=\"twitter:card\" content=\"summary_large_image\" \/>\n<meta name=\"twitter:label1\" content=\"Disponibilit\u00e9\" \/>\n\t<meta name=\"twitter:data1\" content=\"En stock\" \/>\n<script type=\"application\/ld+json\" class=\"yoast-schema-graph\">{\"@context\":\"https:\\\/\\\/schema.org\",\"@graph\":[{\"@type\":\"WebPage\",\"@id\":\"https:\\\/\\\/theuncommonshop.ch\\\/fr\\\/product\\\/pokemon-100-battle-collection-battle-deck-2\\\/\",\"url\":\"https:\\\/\\\/theuncommonshop.ch\\\/fr\\\/product\\\/pokemon-100-battle-collection-battle-deck-2\\\/\",\"name\":\"Ach\u00e8te Pok\u00e9mon - 100 Battle Collection - Battle Deck\",\"isPartOf\":{\"@id\":\"https:\\\/\\\/theuncommonshop.ch\\\/fr\\\/#website\"},\"primaryImageOfPage\":{\"@id\":\"https:\\\/\\\/theuncommonshop.ch\\\/fr\\\/product\\\/pokemon-100-battle-collection-battle-deck-2\\\/#primaryimage\"},\"image\":{\"@id\":\"https:\\\/\\\/theuncommonshop.ch\\\/fr\\\/product\\\/pokemon-100-battle-collection-battle-deck-2\\\/#primaryimage\"},\"thumbnailUrl\":\"https:\\\/\\\/theuncommonshop.ch\\\/wp-content\\\/uploads\\\/2025\\\/12\\\/5442125624.jpg\",\"datePublished\":\"2025-12-31T05:17:00+00:00\",\"dateModified\":\"2026-03-30T09:40:10+00:00\",\"description\":\"Ach\u00e8te Pok\u00e9mon - 100 Battle Collection - Battle Deck en ligne maintenant \u00e0 petit prix! Ton #1 shop pour cartes TCG & Pok\u00e9mon en Suisse \u2713 Livraison gratuite d\u00e8s CHF 29\",\"breadcrumb\":{\"@id\":\"https:\\\/\\\/theuncommonshop.ch\\\/fr\\\/product\\\/pokemon-100-battle-collection-battle-deck-2\\\/#breadcrumb\"},\"inLanguage\":\"fr-FR\",\"potentialAction\":[{\"@type\":\"ReadAction\",\"target\":[\"https:\\\/\\\/theuncommonshop.ch\\\/fr\\\/product\\\/pokemon-100-battle-collection-battle-deck-2\\\/\"]}]},{\"@type\":\"ImageObject\",\"inLanguage\":\"fr-FR\",\"@id\":\"https:\\\/\\\/theuncommonshop.ch\\\/fr\\\/product\\\/pokemon-100-battle-collection-battle-deck-2\\\/#primaryimage\",\"url\":\"https:\\\/\\\/theuncommonshop.ch\\\/wp-content\\\/uploads\\\/2025\\\/12\\\/5442125624.jpg\",\"contentUrl\":\"https:\\\/\\\/theuncommonshop.ch\\\/wp-content\\\/uploads\\\/2025\\\/12\\\/5442125624.jpg\",\"width\":800,\"height\":800},{\"@type\":\"BreadcrumbList\",\"@id\":\"https:\\\/\\\/theuncommonshop.ch\\\/fr\\\/product\\\/pokemon-100-battle-collection-battle-deck-2\\\/#breadcrumb\",\"itemListElement\":[{\"@type\":\"ListItem\",\"position\":1,\"name\":\"Accueil\",\"item\":\"https:\\\/\\\/theuncommonshop.ch\\\/fr\\\/accueil\\\/\"},{\"@type\":\"ListItem\",\"position\":2,\"name\":\"Boutique\",\"item\":\"https:\\\/\\\/theuncommonshop.ch\\\/fr\\\/boutique\\\/\"},{\"@type\":\"ListItem\",\"position\":3,\"name\":\"Pok\u00e9mon\",\"item\":\"https:\\\/\\\/theuncommonshop.ch\\\/fr\\\/categorie-produit\\\/pokemon-fr\\\/\"},{\"@type\":\"ListItem\",\"position\":4,\"name\":\"Decks\",\"item\":\"https:\\\/\\\/theuncommonshop.ch\\\/fr\\\/categorie-produit\\\/pokemon-fr\\\/decks-fr\\\/\"},{\"@type\":\"ListItem\",\"position\":5,\"name\":\"Pok\u00e9mon &#8211; 100 Battle Collection &#8211; Battle Deck\"}]},{\"@type\":\"WebSite\",\"@id\":\"https:\\\/\\\/theuncommonshop.ch\\\/fr\\\/#website\",\"url\":\"https:\\\/\\\/theuncommonshop.ch\\\/fr\\\/\",\"name\":\"The Uncommon Shop\",\"description\":\"Magic, Pok\u00e9mon and Yu-gi-oh - The Uncommon Shop\",\"potentialAction\":[{\"@type\":\"SearchAction\",\"target\":{\"@type\":\"EntryPoint\",\"urlTemplate\":\"https:\\\/\\\/theuncommonshop.ch\\\/fr\\\/?s={search_term_string}\"},\"query-input\":{\"@type\":\"PropertyValueSpecification\",\"valueRequired\":true,\"valueName\":\"search_term_string\"}}],\"inLanguage\":\"fr-FR\"}]}<\/script>\n<meta property=\"og:availability\" content=\"instock\" \/>\n<meta property=\"product:availability\" content=\"instock\" \/>\n<meta property=\"product:condition\" content=\"new\" \/>\n<!-- \/ Yoast SEO plugin. -->","yoast_head_json":{"title":"Ach\u00e8te Pok\u00e9mon - 100 Battle Collection - Battle Deck","description":"Ach\u00e8te Pok\u00e9mon - 100 Battle Collection - Battle Deck en ligne maintenant \u00e0 petit prix! Ton #1 shop pour cartes TCG & Pok\u00e9mon en Suisse \u2713 Livraison gratuite d\u00e8s CHF 29","robots":{"index":"index","follow":"follow","max-snippet":"max-snippet:-1","max-image-preview":"max-image-preview:large","max-video-preview":"max-video-preview:-1"},"canonical":"https:\/\/theuncommonshop.ch\/fr\/product\/pokemon-100-battle-collection-battle-deck-2\/","og_locale":"fr_FR","og_type":"article","og_title":"Ach\u00e8te Pok\u00e9mon - 100 Battle Collection - Battle Deck","og_description":"Ach\u00e8te Pok\u00e9mon - 100 Battle Collection - Battle Deck en ligne maintenant \u00e0 petit prix! Ton #1 shop pour cartes TCG & Pok\u00e9mon en Suisse \u2713 Livraison gratuite d\u00e8s CHF 29","og_url":"https:\/\/theuncommonshop.ch\/fr\/product\/pokemon-100-battle-collection-battle-deck-2\/","og_site_name":"The Uncommon Shop","article_modified_time":"2026-03-30T09:40:10+00:00","og_image":[{"width":800,"height":800,"url":"https:\/\/theuncommonshop.ch\/wp-content\/uploads\/2025\/12\/5442125624.jpg","type":"image\/jpeg"}],"twitter_card":"summary_large_image","twitter_misc":{"Disponibilit\u00e9":"En stock"},"schema":{"@context":"https:\/\/schema.org","@graph":[{"@type":"WebPage","@id":"https:\/\/theuncommonshop.ch\/fr\/product\/pokemon-100-battle-collection-battle-deck-2\/","url":"https:\/\/theuncommonshop.ch\/fr\/product\/pokemon-100-battle-collection-battle-deck-2\/","name":"Ach\u00e8te Pok\u00e9mon - 100 Battle Collection - Battle Deck","isPartOf":{"@id":"https:\/\/theuncommonshop.ch\/fr\/#website"},"primaryImageOfPage":{"@id":"https:\/\/theuncommonshop.ch\/fr\/product\/pokemon-100-battle-collection-battle-deck-2\/#primaryimage"},"image":{"@id":"https:\/\/theuncommonshop.ch\/fr\/product\/pokemon-100-battle-collection-battle-deck-2\/#primaryimage"},"thumbnailUrl":"https:\/\/theuncommonshop.ch\/wp-content\/uploads\/2025\/12\/5442125624.jpg","datePublished":"2025-12-31T05:17:00+00:00","dateModified":"2026-03-30T09:40:10+00:00","description":"Ach\u00e8te Pok\u00e9mon - 100 Battle Collection - Battle Deck en ligne maintenant \u00e0 petit prix! Ton #1 shop pour cartes TCG & Pok\u00e9mon en Suisse \u2713 Livraison gratuite d\u00e8s CHF 29","breadcrumb":{"@id":"https:\/\/theuncommonshop.ch\/fr\/product\/pokemon-100-battle-collection-battle-deck-2\/#breadcrumb"},"inLanguage":"fr-FR","potentialAction":[{"@type":"ReadAction","target":["https:\/\/theuncommonshop.ch\/fr\/product\/pokemon-100-battle-collection-battle-deck-2\/"]}]},{"@type":"ImageObject","inLanguage":"fr-FR","@id":"https:\/\/theuncommonshop.ch\/fr\/product\/pokemon-100-battle-collection-battle-deck-2\/#primaryimage","url":"https:\/\/theuncommonshop.ch\/wp-content\/uploads\/2025\/12\/5442125624.jpg","contentUrl":"https:\/\/theuncommonshop.ch\/wp-content\/uploads\/2025\/12\/5442125624.jpg","width":800,"height":800},{"@type":"BreadcrumbList","@id":"https:\/\/theuncommonshop.ch\/fr\/product\/pokemon-100-battle-collection-battle-deck-2\/#breadcrumb","itemListElement":[{"@type":"ListItem","position":1,"name":"Accueil","item":"https:\/\/theuncommonshop.ch\/fr\/accueil\/"},{"@type":"ListItem","position":2,"name":"Boutique","item":"https:\/\/theuncommonshop.ch\/fr\/boutique\/"},{"@type":"ListItem","position":3,"name":"Pok\u00e9mon","item":"https:\/\/theuncommonshop.ch\/fr\/categorie-produit\/pokemon-fr\/"},{"@type":"ListItem","position":4,"name":"Decks","item":"https:\/\/theuncommonshop.ch\/fr\/categorie-produit\/pokemon-fr\/decks-fr\/"},{"@type":"ListItem","position":5,"name":"Pok\u00e9mon &#8211; 100 Battle Collection &#8211; Battle Deck"}]},{"@type":"WebSite","@id":"https:\/\/theuncommonshop.ch\/fr\/#website","url":"https:\/\/theuncommonshop.ch\/fr\/","name":"The Uncommon Shop","description":"Magic, Pok\u00e9mon and Yu-gi-oh - The Uncommon Shop","potentialAction":[{"@type":"SearchAction","target":{"@type":"EntryPoint","urlTemplate":"https:\/\/theuncommonshop.ch\/fr\/?s={search_term_string}"},"query-input":{"@type":"PropertyValueSpecification","valueRequired":true,"valueName":"search_term_string"}}],"inLanguage":"fr-FR"}]},"og_availability":"instock","product_availability":"instock","product_condition":"new"},"_links":{"self":[{"href":"https:\/\/theuncommonshop.ch\/fr\/wp-json\/wp\/v2\/product\/312110","targetHints":{"allow":["GET"]}}],"collection":[{"href":"https:\/\/theuncommonshop.ch\/fr\/wp-json\/wp\/v2\/product"}],"about":[{"href":"https:\/\/theuncommonshop.ch\/fr\/wp-json\/wp\/v2\/types\/product"}],"replies":[{"embeddable":true,"href":"https:\/\/theuncommonshop.ch\/fr\/wp-json\/wp\/v2\/comments?post=312110"}],"version-history":[{"count":0,"href":"https:\/\/theuncommonshop.ch\/fr\/wp-json\/wp\/v2\/product\/312110\/revisions"}],"wp:featuredmedia":[{"embeddable":true,"href":"https:\/\/theuncommonshop.ch\/fr\/wp-json\/wp\/v2\/media\/273674"}],"wp:attachment":[{"href":"https:\/\/theuncommonshop.ch\/fr\/wp-json\/wp\/v2\/media?parent=312110"}],"wp:term":[{"taxonomy":"product_brand","embeddable":true,"href":"https:\/\/theuncommonshop.ch\/fr\/wp-json\/wp\/v2\/product_brand?post=312110"},{"taxonomy":"product_cat","embeddable":true,"href":"https:\/\/theuncommonshop.ch\/fr\/wp-json\/wp\/v2\/product_cat?post=312110"},{"taxonomy":"product_tag","embeddable":true,"href":"https:\/\/theuncommonshop.ch\/fr\/wp-json\/wp\/v2\/product_tag?post=312110"}],"curies":[{"name":"wp","href":"https:\/\/api.w.org\/{rel}","templated":true}]}}