{"id":312084,"date":"2025-12-31T06:14:00","date_gmt":"2025-12-31T05:14:00","guid":{"rendered":"http:\/\/theuncommonshop.ch\/produkt\/312084\/"},"modified":"2026-05-15T16:42:58","modified_gmt":"2026-05-15T14:42:58","slug":"magic-secret-lair-play-doh-squishful-thinking-extra-life-2025-2","status":"publish","type":"product","link":"https:\/\/theuncommonshop.ch\/fr\/product\/magic-secret-lair-play-doh-squishful-thinking-extra-life-2025-2\/","title":{"rendered":"Magic &#8211; Secret Lair &#8211; Play-Doh : Squishful Thinking &#8211; Extra Life 2025"},"content":{"rendered":"<p data-start=\"73\" data-end=\"464\">Le Drop <strong data-start=\"82\" data-end=\"154\">Magic &#8211; Secret Lair &#8211; Play-Doh : Squishful Thinking &#8211; Extra Life 2025<\/strong> fait partie de l&#8217;\u00e9dition limit\u00e9e de la collection de <strong data-start=\"82\" data-end=\"154\">jouets Play-Doh.<\/strong> <strong data-start=\"180\" data-end=\"221\"><span class=\"hover:entity-accent entity-underline inline cursor-pointer align-baseline\"><span class=\"whitespace-normal\">Secret Lair<\/span><\/span><\/strong> et a \u00e9t\u00e9 cr\u00e9\u00e9e dans le cadre de l&#8217;action caritative <strong data-start=\"267\" data-end=\"308\"><span class=\"hover:entity-accent entity-underline inline cursor-pointer align-baseline\"><span class=\"whitespace-normal\">Extra Life<\/span><\/span><\/strong> a \u00e9t\u00e9 publi\u00e9e. Cette \u00e9dition sp\u00e9ciale combine l&#8217;univers de <em data-start=\"372\" data-end=\"394\">Magic : The Gathering<\/em> avec le style cr\u00e9atif de <strong data-start=\"422\" data-end=\"463\"><span class=\"hover:entity-accent entity-underline inline cursor-pointer align-baseline\"><span class=\"whitespace-normal\">Play-Doh<\/span><\/span><\/strong>. <\/p>\n<p data-start=\"466\" data-end=\"796\">Les cartes de cette \u00e9dition apparaissent avec des illustrations qui donnent l&#8217;impression que les personnages et les sc\u00e8nes ont \u00e9t\u00e9 enti\u00e8rement model\u00e9s en Play-Doh. Les couleurs vives, les formes douces et les textures plastiques donnent aux cartes un aspect humoristique et inhabituel, tr\u00e8s diff\u00e9rent des artworks classiques de Magic. <\/p>\n<p data-start=\"798\" data-end=\"961\">Gr\u00e2ce \u00e0 son design particulier et \u00e0 son arri\u00e8re-plan caritatif, ce Secret Lair Drop int\u00e9ressera aussi bien les collectionneurs que les fans d&#8217;illustrations de cartes cr\u00e9atives.<\/p>\n<h3 data-section-id=\"nbhvm8\" data-start=\"963\" data-end=\"973\">Contenu<\/h3>\n<p data-start=\"975\" data-end=\"1059\">&#8211; <strong data-start=\"977\" data-end=\"990\">Cultivez<\/strong><br data-start=\"990\" data-end=\"993\">&#8211; <strong data-start=\"995\" data-end=\"1008\">Harmonisez<\/strong><br data-start=\"1008\" data-end=\"1011\">&#8211; <strong data-start=\"1013\" data-end=\"1031\">Kodama&#8217;s Reach<\/strong><br data-start=\"1031\" data-end=\"1034\">&#8211; <strong data-start=\"1036\" data-end=\"1059\">Rishkar&#8217;s Expertise<\/strong><\/p>\n<p data-start=\"1061\" data-end=\"1163\">&#8211; toutes les cartes avec <strong data-start=\"1079\" data-end=\"1112\">un artwork inspir\u00e9 de Play-Doh<\/strong><br data-start=\"1112\" data-end=\"1115\">&#8211; <strong data-start=\"1128\" data-end=\"1163\">design<\/strong> sp\u00e9cial <strong data-start=\"1128\" data-end=\"1163\">mod\u00e9lis\u00e9 Secret Lair<\/strong><\/p>\n<h3 data-section-id=\"13mqotj\" data-start=\"1165\" data-end=\"1183\">D\u00e9tails du produit<\/h3>\n<p data-start=\"1185\" data-end=\"1461\">&#8211; <strong data-start=\"1187\" data-end=\"1199\">Produit :<\/strong> Magic &#8211; Secret Lair &#8211; Play-Doh : Squishful Thinking &#8211; Extra Life 2025<br data-start=\"1268\" data-end=\"1271\">&#8211; <strong data-start=\"1273\" data-end=\"1290\">Gamme de produits :<\/strong> Secret Lair<br data-start=\"1302\" data-end=\"1305\">&#8211; <strong data-start=\"1307\" data-end=\"1319\">Edition :<\/strong> Extra Life Charity Drop<br data-start=\"1343\" data-end=\"1346\">&#8211; Type de carte : alternative type cartes<br data-start=\"1381\" data-end=\"1384\">&#8211; Secret Lair Drop<br data-start=\"1414\" data-end=\"1417\">en \u00e9dition limit\u00e9e &#8211; convient aux <strong data-start=\"1432\" data-end=\"1461\">collectionneurs et aux joueurs de Magic<\/strong>.<\/p>\n","protected":false},"excerpt":{"rendered":"<p>Le Drop Magic &#8211; Secret Lair &#8211; Play-Doh : Squishful Thinking &#8211; Extra Life 2025 fait partie de l&#8217;\u00e9dition limit\u00e9e<\/p>\n","protected":false},"featured_media":273582,"comment_status":"open","ping_status":"closed","template":"","meta":{"_acf_changed":false},"product_brand":[5168,5158,5070],"product_cat":[9973,9967,10159],"product_tag":[],"class_list":{"0":"post-312084","1":"product","2":"type-product","3":"status-publish","4":"has-post-thumbnail","6":"product_brand-magic-the-gathering","8":"product_brand-wizards-of-the-coast","9":"product_cat-autres","10":"product_cat-magic-the-gathering-fr","11":"product_cat-secret-lair","13":"first","14":"instock","15":"taxable","16":"shipping-taxable","17":"purchasable","18":"product-type-variable"},"acf":[],"yoast_head":"<!-- This site is optimized with the Yoast SEO plugin v27.6 - https:\/\/yoast.com\/product\/yoast-seo-wordpress\/ -->\n<title>Ach\u00e8te Magic - Secret Lair - Play-Doh : Squishful Thinking - Extra Life 2025<\/title>\n<meta name=\"description\" content=\"Ach\u00e8te Magic - Secret Lair - Play-Doh : Squishful Thinking - Extra Life 2025 en ligne maintenant \u00e0 petit prix! Ton #1 shop pour cartes TCG &amp; Pok\u00e9mon en Suisse \u2713 Livraison gratuite d\u00e8s CHF 29\" \/>\n<meta name=\"robots\" content=\"index, follow, max-snippet:-1, max-image-preview:large, max-video-preview:-1\" \/>\n<link rel=\"canonical\" href=\"https:\/\/theuncommonshop.ch\/fr\/product\/magic-secret-lair-play-doh-squishful-thinking-extra-life-2025-2\/\" \/>\n<meta property=\"og:locale\" content=\"fr_FR\" \/>\n<meta property=\"og:type\" content=\"article\" \/>\n<meta property=\"og:title\" content=\"Ach\u00e8te Magic - Secret Lair - Play-Doh : Squishful Thinking - Extra Life 2025\" \/>\n<meta property=\"og:description\" content=\"Ach\u00e8te Magic - Secret Lair - Play-Doh : Squishful Thinking - Extra Life 2025 en ligne maintenant \u00e0 petit prix! Ton #1 shop pour cartes TCG &amp; Pok\u00e9mon en Suisse \u2713 Livraison gratuite d\u00e8s CHF 29\" \/>\n<meta property=\"og:url\" content=\"https:\/\/theuncommonshop.ch\/fr\/product\/magic-secret-lair-play-doh-squishful-thinking-extra-life-2025-2\/\" \/>\n<meta property=\"og:site_name\" content=\"The Uncommon Shop\" \/>\n<meta property=\"article:modified_time\" content=\"2026-05-15T14:42:58+00:00\" \/>\n<meta property=\"og:image\" content=\"https:\/\/theuncommonshop.ch\/wp-content\/uploads\/2025\/12\/5441759811.webp\" \/>\n\t<meta property=\"og:image:width\" content=\"636\" \/>\n\t<meta property=\"og:image:height\" content=\"636\" \/>\n\t<meta property=\"og:image:type\" content=\"image\/webp\" \/>\n<meta name=\"twitter:card\" content=\"summary_large_image\" \/>\n<meta name=\"twitter:label1\" content=\"Disponibilit\u00e9\" \/>\n\t<meta name=\"twitter:data1\" content=\"En stock\" \/>\n<script type=\"application\/ld+json\" class=\"yoast-schema-graph\">{\"@context\":\"https:\\\/\\\/schema.org\",\"@graph\":[{\"@type\":\"WebPage\",\"@id\":\"https:\\\/\\\/theuncommonshop.ch\\\/fr\\\/product\\\/magic-secret-lair-play-doh-squishful-thinking-extra-life-2025-2\\\/\",\"url\":\"https:\\\/\\\/theuncommonshop.ch\\\/fr\\\/product\\\/magic-secret-lair-play-doh-squishful-thinking-extra-life-2025-2\\\/\",\"name\":\"Ach\u00e8te Magic - Secret Lair - Play-Doh : Squishful Thinking - Extra Life 2025\",\"isPartOf\":{\"@id\":\"https:\\\/\\\/theuncommonshop.ch\\\/fr\\\/#website\"},\"primaryImageOfPage\":{\"@id\":\"https:\\\/\\\/theuncommonshop.ch\\\/fr\\\/product\\\/magic-secret-lair-play-doh-squishful-thinking-extra-life-2025-2\\\/#primaryimage\"},\"image\":{\"@id\":\"https:\\\/\\\/theuncommonshop.ch\\\/fr\\\/product\\\/magic-secret-lair-play-doh-squishful-thinking-extra-life-2025-2\\\/#primaryimage\"},\"thumbnailUrl\":\"https:\\\/\\\/theuncommonshop.ch\\\/wp-content\\\/uploads\\\/2025\\\/12\\\/5441759811.webp\",\"datePublished\":\"2025-12-31T05:14:00+00:00\",\"dateModified\":\"2026-05-15T14:42:58+00:00\",\"description\":\"Ach\u00e8te Magic - Secret Lair - Play-Doh : Squishful Thinking - Extra Life 2025 en ligne maintenant \u00e0 petit prix! Ton #1 shop pour cartes TCG & Pok\u00e9mon en Suisse \u2713 Livraison gratuite d\u00e8s CHF 29\",\"breadcrumb\":{\"@id\":\"https:\\\/\\\/theuncommonshop.ch\\\/fr\\\/product\\\/magic-secret-lair-play-doh-squishful-thinking-extra-life-2025-2\\\/#breadcrumb\"},\"inLanguage\":\"fr-FR\",\"potentialAction\":[{\"@type\":\"ReadAction\",\"target\":[\"https:\\\/\\\/theuncommonshop.ch\\\/fr\\\/product\\\/magic-secret-lair-play-doh-squishful-thinking-extra-life-2025-2\\\/\"]}]},{\"@type\":\"ImageObject\",\"inLanguage\":\"fr-FR\",\"@id\":\"https:\\\/\\\/theuncommonshop.ch\\\/fr\\\/product\\\/magic-secret-lair-play-doh-squishful-thinking-extra-life-2025-2\\\/#primaryimage\",\"url\":\"https:\\\/\\\/theuncommonshop.ch\\\/wp-content\\\/uploads\\\/2025\\\/12\\\/5441759811.webp\",\"contentUrl\":\"https:\\\/\\\/theuncommonshop.ch\\\/wp-content\\\/uploads\\\/2025\\\/12\\\/5441759811.webp\",\"width\":636,\"height\":636},{\"@type\":\"BreadcrumbList\",\"@id\":\"https:\\\/\\\/theuncommonshop.ch\\\/fr\\\/product\\\/magic-secret-lair-play-doh-squishful-thinking-extra-life-2025-2\\\/#breadcrumb\",\"itemListElement\":[{\"@type\":\"ListItem\",\"position\":1,\"name\":\"Accueil\",\"item\":\"https:\\\/\\\/theuncommonshop.ch\\\/fr\\\/accueil\\\/\"},{\"@type\":\"ListItem\",\"position\":2,\"name\":\"Boutique\",\"item\":\"https:\\\/\\\/theuncommonshop.ch\\\/fr\\\/boutique\\\/\"},{\"@type\":\"ListItem\",\"position\":3,\"name\":\"Magic the Gathering\",\"item\":\"https:\\\/\\\/theuncommonshop.ch\\\/fr\\\/categorie-produit\\\/magic-the-gathering-fr\\\/\"},{\"@type\":\"ListItem\",\"position\":4,\"name\":\"Autres\",\"item\":\"https:\\\/\\\/theuncommonshop.ch\\\/fr\\\/categorie-produit\\\/magic-the-gathering-fr\\\/autres\\\/\"},{\"@type\":\"ListItem\",\"position\":5,\"name\":\"Secret Lair\",\"item\":\"https:\\\/\\\/theuncommonshop.ch\\\/fr\\\/categorie-produit\\\/magic-the-gathering-fr\\\/autres\\\/secret-lair\\\/\"},{\"@type\":\"ListItem\",\"position\":6,\"name\":\"Magic &#8211; Secret Lair &#8211; Play-Doh : Squishful Thinking &#8211; Extra Life 2025\"}]},{\"@type\":\"WebSite\",\"@id\":\"https:\\\/\\\/theuncommonshop.ch\\\/fr\\\/#website\",\"url\":\"https:\\\/\\\/theuncommonshop.ch\\\/fr\\\/\",\"name\":\"The Uncommon Shop\",\"description\":\"Magic, Pok\u00e9mon and Yu-gi-oh - The Uncommon Shop\",\"potentialAction\":[{\"@type\":\"SearchAction\",\"target\":{\"@type\":\"EntryPoint\",\"urlTemplate\":\"https:\\\/\\\/theuncommonshop.ch\\\/fr\\\/?s={search_term_string}\"},\"query-input\":{\"@type\":\"PropertyValueSpecification\",\"valueRequired\":true,\"valueName\":\"search_term_string\"}}],\"inLanguage\":\"fr-FR\"}]}<\/script>\n<meta property=\"og:availability\" content=\"instock\" \/>\n<meta property=\"product:availability\" content=\"instock\" \/>\n<meta property=\"product:condition\" content=\"new\" \/>\n<!-- \/ Yoast SEO plugin. -->","yoast_head_json":{"title":"Ach\u00e8te Magic - Secret Lair - Play-Doh : Squishful Thinking - Extra Life 2025","description":"Ach\u00e8te Magic - Secret Lair - Play-Doh : Squishful Thinking - Extra Life 2025 en ligne maintenant \u00e0 petit prix! Ton #1 shop pour cartes TCG & Pok\u00e9mon en Suisse \u2713 Livraison gratuite d\u00e8s CHF 29","robots":{"index":"index","follow":"follow","max-snippet":"max-snippet:-1","max-image-preview":"max-image-preview:large","max-video-preview":"max-video-preview:-1"},"canonical":"https:\/\/theuncommonshop.ch\/fr\/product\/magic-secret-lair-play-doh-squishful-thinking-extra-life-2025-2\/","og_locale":"fr_FR","og_type":"article","og_title":"Ach\u00e8te Magic - Secret Lair - Play-Doh : Squishful Thinking - Extra Life 2025","og_description":"Ach\u00e8te Magic - Secret Lair - Play-Doh : Squishful Thinking - Extra Life 2025 en ligne maintenant \u00e0 petit prix! Ton #1 shop pour cartes TCG & Pok\u00e9mon en Suisse \u2713 Livraison gratuite d\u00e8s CHF 29","og_url":"https:\/\/theuncommonshop.ch\/fr\/product\/magic-secret-lair-play-doh-squishful-thinking-extra-life-2025-2\/","og_site_name":"The Uncommon Shop","article_modified_time":"2026-05-15T14:42:58+00:00","og_image":[{"width":636,"height":636,"url":"https:\/\/theuncommonshop.ch\/wp-content\/uploads\/2025\/12\/5441759811.webp","type":"image\/webp"}],"twitter_card":"summary_large_image","twitter_misc":{"Disponibilit\u00e9":"En stock"},"schema":{"@context":"https:\/\/schema.org","@graph":[{"@type":"WebPage","@id":"https:\/\/theuncommonshop.ch\/fr\/product\/magic-secret-lair-play-doh-squishful-thinking-extra-life-2025-2\/","url":"https:\/\/theuncommonshop.ch\/fr\/product\/magic-secret-lair-play-doh-squishful-thinking-extra-life-2025-2\/","name":"Ach\u00e8te Magic - Secret Lair - Play-Doh : Squishful Thinking - Extra Life 2025","isPartOf":{"@id":"https:\/\/theuncommonshop.ch\/fr\/#website"},"primaryImageOfPage":{"@id":"https:\/\/theuncommonshop.ch\/fr\/product\/magic-secret-lair-play-doh-squishful-thinking-extra-life-2025-2\/#primaryimage"},"image":{"@id":"https:\/\/theuncommonshop.ch\/fr\/product\/magic-secret-lair-play-doh-squishful-thinking-extra-life-2025-2\/#primaryimage"},"thumbnailUrl":"https:\/\/theuncommonshop.ch\/wp-content\/uploads\/2025\/12\/5441759811.webp","datePublished":"2025-12-31T05:14:00+00:00","dateModified":"2026-05-15T14:42:58+00:00","description":"Ach\u00e8te Magic - Secret Lair - Play-Doh : Squishful Thinking - Extra Life 2025 en ligne maintenant \u00e0 petit prix! Ton #1 shop pour cartes TCG & Pok\u00e9mon en Suisse \u2713 Livraison gratuite d\u00e8s CHF 29","breadcrumb":{"@id":"https:\/\/theuncommonshop.ch\/fr\/product\/magic-secret-lair-play-doh-squishful-thinking-extra-life-2025-2\/#breadcrumb"},"inLanguage":"fr-FR","potentialAction":[{"@type":"ReadAction","target":["https:\/\/theuncommonshop.ch\/fr\/product\/magic-secret-lair-play-doh-squishful-thinking-extra-life-2025-2\/"]}]},{"@type":"ImageObject","inLanguage":"fr-FR","@id":"https:\/\/theuncommonshop.ch\/fr\/product\/magic-secret-lair-play-doh-squishful-thinking-extra-life-2025-2\/#primaryimage","url":"https:\/\/theuncommonshop.ch\/wp-content\/uploads\/2025\/12\/5441759811.webp","contentUrl":"https:\/\/theuncommonshop.ch\/wp-content\/uploads\/2025\/12\/5441759811.webp","width":636,"height":636},{"@type":"BreadcrumbList","@id":"https:\/\/theuncommonshop.ch\/fr\/product\/magic-secret-lair-play-doh-squishful-thinking-extra-life-2025-2\/#breadcrumb","itemListElement":[{"@type":"ListItem","position":1,"name":"Accueil","item":"https:\/\/theuncommonshop.ch\/fr\/accueil\/"},{"@type":"ListItem","position":2,"name":"Boutique","item":"https:\/\/theuncommonshop.ch\/fr\/boutique\/"},{"@type":"ListItem","position":3,"name":"Magic the Gathering","item":"https:\/\/theuncommonshop.ch\/fr\/categorie-produit\/magic-the-gathering-fr\/"},{"@type":"ListItem","position":4,"name":"Autres","item":"https:\/\/theuncommonshop.ch\/fr\/categorie-produit\/magic-the-gathering-fr\/autres\/"},{"@type":"ListItem","position":5,"name":"Secret Lair","item":"https:\/\/theuncommonshop.ch\/fr\/categorie-produit\/magic-the-gathering-fr\/autres\/secret-lair\/"},{"@type":"ListItem","position":6,"name":"Magic &#8211; Secret Lair &#8211; Play-Doh : Squishful Thinking &#8211; Extra Life 2025"}]},{"@type":"WebSite","@id":"https:\/\/theuncommonshop.ch\/fr\/#website","url":"https:\/\/theuncommonshop.ch\/fr\/","name":"The Uncommon Shop","description":"Magic, Pok\u00e9mon and Yu-gi-oh - The Uncommon Shop","potentialAction":[{"@type":"SearchAction","target":{"@type":"EntryPoint","urlTemplate":"https:\/\/theuncommonshop.ch\/fr\/?s={search_term_string}"},"query-input":{"@type":"PropertyValueSpecification","valueRequired":true,"valueName":"search_term_string"}}],"inLanguage":"fr-FR"}]},"og_availability":"instock","product_availability":"instock","product_condition":"new"},"_links":{"self":[{"href":"https:\/\/theuncommonshop.ch\/fr\/wp-json\/wp\/v2\/product\/312084","targetHints":{"allow":["GET"]}}],"collection":[{"href":"https:\/\/theuncommonshop.ch\/fr\/wp-json\/wp\/v2\/product"}],"about":[{"href":"https:\/\/theuncommonshop.ch\/fr\/wp-json\/wp\/v2\/types\/product"}],"replies":[{"embeddable":true,"href":"https:\/\/theuncommonshop.ch\/fr\/wp-json\/wp\/v2\/comments?post=312084"}],"version-history":[{"count":1,"href":"https:\/\/theuncommonshop.ch\/fr\/wp-json\/wp\/v2\/product\/312084\/revisions"}],"predecessor-version":[{"id":375195,"href":"https:\/\/theuncommonshop.ch\/fr\/wp-json\/wp\/v2\/product\/312084\/revisions\/375195"}],"wp:featuredmedia":[{"embeddable":true,"href":"https:\/\/theuncommonshop.ch\/fr\/wp-json\/wp\/v2\/media\/273582"}],"wp:attachment":[{"href":"https:\/\/theuncommonshop.ch\/fr\/wp-json\/wp\/v2\/media?parent=312084"}],"wp:term":[{"taxonomy":"product_brand","embeddable":true,"href":"https:\/\/theuncommonshop.ch\/fr\/wp-json\/wp\/v2\/product_brand?post=312084"},{"taxonomy":"product_cat","embeddable":true,"href":"https:\/\/theuncommonshop.ch\/fr\/wp-json\/wp\/v2\/product_cat?post=312084"},{"taxonomy":"product_tag","embeddable":true,"href":"https:\/\/theuncommonshop.ch\/fr\/wp-json\/wp\/v2\/product_tag?post=312084"}],"curies":[{"name":"wp","href":"https:\/\/api.w.org\/{rel}","templated":true}]}}