{"id":312067,"date":"2025-12-31T05:39:17","date_gmt":"2025-12-31T05:39:17","guid":{"rendered":"http:\/\/theuncommonshop.ch\/produkt\/312067\/"},"modified":"2026-03-31T18:50:01","modified_gmt":"2026-03-31T16:50:01","slug":"topps-chrome-basketball-2025-26-mega-box-en-3","status":"publish","type":"product","link":"https:\/\/theuncommonshop.ch\/fr\/product\/topps-chrome-basketball-2025-26-mega-box-en-3\/","title":{"rendered":"Topps Chrome &#8211; Basketball 2025\/26 &#8211; Mega Box"},"content":{"rendered":"<p>Le basketball Topps Chrome\u00ae est de retour et plus performant que jamais ! Composez le jeu de base complet de 299 cartes qui brille par sa profusion de couleurs et de parall\u00e8les techniques, et qui met en sc\u00e8ne les meilleurs rookies, les v\u00e9t\u00e9rans vedettes et les ic\u00f4nes l\u00e9gendaires de la NBA. <\/p>\n<p>Nous vous pr\u00e9sentons une toute nouvelle s\u00e9rie de suppl\u00e9ments, dont Activators, Inspirational, Tall Tales et X&#8217;s and Whoa&#8217;s. Vous pourrez \u00e9galement recueillir les autographes de certains des noms les plus en vue de la ligue &#8211; Cooper Flagg, Dylan Harper, Ace Bailey, LeBron James, Stephen Curry, Victor Wembanyama et bien d&#8217;autres. <\/p>\n<p>Les collectionneurs peuvent \u00e9galement rechercher des hits de cas SSP extr\u00eamement rares et des inserts tels que Ultra Violet, Helix, Glass Canvas, Advisory, Paradox et Patented.<\/p>\n<p>La chasse ultime : Gold NBA Logoman Relics. Chaque carte contient un patch Gold NBA Logoman #\/4 issu des maillots de la premi\u00e8re moiti\u00e9 de la saison, port\u00e9s par les trois meilleurs joueurs de la ligue : MVP Shai Gilgeous-Alexander, recrue de l&#8217;ann\u00e9e Stephon Castle et joueur d\u00e9fensif de l&#8217;ann\u00e9e Evan Mobley. Soyez \u00e0 l&#8217;aff\u00fbt des variantes d&#8217;autographes 1 de 1 sur la carte &#8211; le joyau de la couronne de la collection.  <\/p>\n<p>6 cartes par paquet, 7 paquets par bo\u00eete<\/p>\n<p>Chassez des X-Fractors bleus exclusifs !<\/p>\n","protected":false},"excerpt":{"rendered":"<p>Le basketball Topps Chrome\u00ae est de retour et plus performant que jamais ! Composez le jeu de base complet de<\/p>\n","protected":false},"featured_media":274319,"comment_status":"open","ping_status":"closed","template":"","meta":{"_acf_changed":false},"product_brand":[5130],"product_cat":[10323,9797,10329],"product_tag":[],"class_list":{"0":"post-312067","1":"product","2":"type-product","3":"status-publish","4":"has-post-thumbnail","6":"product_brand-topps","7":"product_cat-cartes-sportives-topps","8":"product_cat-cartes-topps","9":"product_cat-topps-autres-sports","11":"first","12":"instock","13":"taxable","14":"shipping-taxable","15":"purchasable","16":"product-type-variable"},"acf":[],"yoast_head":"<!-- This site is optimized with the Yoast SEO plugin v27.4 - https:\/\/yoast.com\/product\/yoast-seo-wordpress\/ -->\n<title>Ach\u00e8te Topps Chrome - Basketball 2025\/26 - Mega Box<\/title>\n<meta name=\"description\" content=\"Ach\u00e8te Topps Chrome - Basketball 2025\/26 - Mega Box en ligne maintenant \u00e0 petit prix! Ton #1 shop pour cartes TCG &amp; Pok\u00e9mon en Suisse \u2713 Livraison gratuite d\u00e8s CHF 29\" \/>\n<meta name=\"robots\" content=\"index, follow, max-snippet:-1, max-image-preview:large, max-video-preview:-1\" \/>\n<link rel=\"canonical\" href=\"https:\/\/theuncommonshop.ch\/fr\/product\/topps-chrome-basketball-2025-26-mega-box-en-3\/\" \/>\n<meta property=\"og:locale\" content=\"fr_FR\" \/>\n<meta property=\"og:type\" content=\"article\" \/>\n<meta property=\"og:title\" content=\"Ach\u00e8te Topps Chrome - Basketball 2025\/26 - Mega Box\" \/>\n<meta property=\"og:description\" content=\"Ach\u00e8te Topps Chrome - Basketball 2025\/26 - Mega Box en ligne maintenant \u00e0 petit prix! Ton #1 shop pour cartes TCG &amp; Pok\u00e9mon en Suisse \u2713 Livraison gratuite d\u00e8s CHF 29\" \/>\n<meta property=\"og:url\" content=\"https:\/\/theuncommonshop.ch\/fr\/product\/topps-chrome-basketball-2025-26-mega-box-en-3\/\" \/>\n<meta property=\"og:site_name\" content=\"Largest trading card shop in Switzerland\" \/>\n<meta property=\"article:modified_time\" content=\"2026-03-31T16:50:01+00:00\" \/>\n<meta property=\"og:image\" content=\"https:\/\/theuncommonshop.ch\/wp-content\/uploads\/2025\/12\/5475848072.webp\" \/>\n\t<meta property=\"og:image:width\" content=\"750\" \/>\n\t<meta property=\"og:image:height\" content=\"1050\" \/>\n\t<meta property=\"og:image:type\" content=\"image\/webp\" \/>\n<meta name=\"twitter:card\" content=\"summary_large_image\" \/>\n<meta name=\"twitter:label1\" content=\"Disponibilit\u00e9\" \/>\n\t<meta name=\"twitter:data1\" content=\"En stock\" \/>\n<script type=\"application\/ld+json\" class=\"yoast-schema-graph\">{\"@context\":\"https:\\\/\\\/schema.org\",\"@graph\":[{\"@type\":\"WebPage\",\"@id\":\"https:\\\/\\\/theuncommonshop.ch\\\/fr\\\/product\\\/topps-chrome-basketball-2025-26-mega-box-en-3\\\/\",\"url\":\"https:\\\/\\\/theuncommonshop.ch\\\/fr\\\/product\\\/topps-chrome-basketball-2025-26-mega-box-en-3\\\/\",\"name\":\"Ach\u00e8te Topps Chrome - Basketball 2025\\\/26 - Mega Box\",\"isPartOf\":{\"@id\":\"https:\\\/\\\/theuncommonshop.ch\\\/#website\"},\"primaryImageOfPage\":{\"@id\":\"https:\\\/\\\/theuncommonshop.ch\\\/fr\\\/product\\\/topps-chrome-basketball-2025-26-mega-box-en-3\\\/#primaryimage\"},\"image\":{\"@id\":\"https:\\\/\\\/theuncommonshop.ch\\\/fr\\\/product\\\/topps-chrome-basketball-2025-26-mega-box-en-3\\\/#primaryimage\"},\"thumbnailUrl\":\"https:\\\/\\\/theuncommonshop.ch\\\/wp-content\\\/uploads\\\/2025\\\/12\\\/5475848072.webp\",\"datePublished\":\"2025-12-31T05:39:17+00:00\",\"dateModified\":\"2026-03-31T16:50:01+00:00\",\"description\":\"Ach\u00e8te Topps Chrome - Basketball 2025\\\/26 - Mega Box en ligne maintenant \u00e0 petit prix! Ton #1 shop pour cartes TCG & Pok\u00e9mon en Suisse \u2713 Livraison gratuite d\u00e8s CHF 29\",\"breadcrumb\":{\"@id\":\"https:\\\/\\\/theuncommonshop.ch\\\/fr\\\/product\\\/topps-chrome-basketball-2025-26-mega-box-en-3\\\/#breadcrumb\"},\"inLanguage\":\"fr-FR\",\"potentialAction\":[{\"@type\":\"ReadAction\",\"target\":[\"https:\\\/\\\/theuncommonshop.ch\\\/fr\\\/product\\\/topps-chrome-basketball-2025-26-mega-box-en-3\\\/\"]}]},{\"@type\":\"ImageObject\",\"inLanguage\":\"fr-FR\",\"@id\":\"https:\\\/\\\/theuncommonshop.ch\\\/fr\\\/product\\\/topps-chrome-basketball-2025-26-mega-box-en-3\\\/#primaryimage\",\"url\":\"https:\\\/\\\/theuncommonshop.ch\\\/wp-content\\\/uploads\\\/2025\\\/12\\\/5475848072.webp\",\"contentUrl\":\"https:\\\/\\\/theuncommonshop.ch\\\/wp-content\\\/uploads\\\/2025\\\/12\\\/5475848072.webp\",\"width\":750,\"height\":1050},{\"@type\":\"BreadcrumbList\",\"@id\":\"https:\\\/\\\/theuncommonshop.ch\\\/fr\\\/product\\\/topps-chrome-basketball-2025-26-mega-box-en-3\\\/#breadcrumb\",\"itemListElement\":[{\"@type\":\"ListItem\",\"position\":1,\"name\":\"Accueil\",\"item\":\"https:\\\/\\\/theuncommonshop.ch\\\/fr\\\/accueil\\\/\"},{\"@type\":\"ListItem\",\"position\":2,\"name\":\"Boutique\",\"item\":\"https:\\\/\\\/theuncommonshop.ch\\\/fr\\\/boutique\\\/\"},{\"@type\":\"ListItem\",\"position\":3,\"name\":\"Weitere Sammelkarten\",\"item\":\"https:\\\/\\\/theuncommonshop.ch\\\/produktkategorie\\\/weitere-sammelkarten\\\/\"},{\"@type\":\"ListItem\",\"position\":4,\"name\":\"Topps Karten\",\"item\":\"https:\\\/\\\/theuncommonshop.ch\\\/produktkategorie\\\/weitere-sammelkarten\\\/topps-karten\\\/\"},{\"@type\":\"ListItem\",\"position\":5,\"name\":\"Topps Sportkarten\",\"item\":\"https:\\\/\\\/theuncommonshop.ch\\\/produktkategorie\\\/weitere-sammelkarten\\\/topps-karten\\\/topps-sportkarten\\\/\"},{\"@type\":\"ListItem\",\"position\":6,\"name\":\"Topps Weitere Sportarten\",\"item\":\"https:\\\/\\\/theuncommonshop.ch\\\/produktkategorie\\\/weitere-sammelkarten\\\/topps-karten\\\/topps-sportkarten\\\/topps-weitere-sportarten\\\/\"},{\"@type\":\"ListItem\",\"position\":7,\"name\":\"Topps Chrome &#8211; Basketball 2025\\\/26 &#8211; Mega Box\"}]},{\"@type\":\"WebSite\",\"@id\":\"https:\\\/\\\/theuncommonshop.ch\\\/#website\",\"url\":\"https:\\\/\\\/theuncommonshop.ch\\\/\",\"name\":\"Largest trading card shop in Switzerland\",\"description\":\"Magic, Pok\u00e9mon and Yu-gi-oh - The Uncommon Shop\",\"potentialAction\":[{\"@type\":\"SearchAction\",\"target\":{\"@type\":\"EntryPoint\",\"urlTemplate\":\"https:\\\/\\\/theuncommonshop.ch\\\/?s={search_term_string}\"},\"query-input\":{\"@type\":\"PropertyValueSpecification\",\"valueRequired\":true,\"valueName\":\"search_term_string\"}}],\"inLanguage\":\"fr-FR\"}]}<\/script>\n<meta property=\"og:availability\" content=\"instock\" \/>\n<meta property=\"product:availability\" content=\"instock\" \/>\n<meta property=\"product:retailer_item_id\" content=\"WT.ToppsChromeBasketballXXVMegeBox.EN\" \/>\n<meta property=\"product:condition\" content=\"new\" \/>\n<!-- \/ Yoast SEO plugin. -->","yoast_head_json":{"title":"Ach\u00e8te Topps Chrome - Basketball 2025\/26 - Mega Box","description":"Ach\u00e8te Topps Chrome - Basketball 2025\/26 - Mega Box en ligne maintenant \u00e0 petit prix! Ton #1 shop pour cartes TCG & Pok\u00e9mon en Suisse \u2713 Livraison gratuite d\u00e8s CHF 29","robots":{"index":"index","follow":"follow","max-snippet":"max-snippet:-1","max-image-preview":"max-image-preview:large","max-video-preview":"max-video-preview:-1"},"canonical":"https:\/\/theuncommonshop.ch\/fr\/product\/topps-chrome-basketball-2025-26-mega-box-en-3\/","og_locale":"fr_FR","og_type":"article","og_title":"Ach\u00e8te Topps Chrome - Basketball 2025\/26 - Mega Box","og_description":"Ach\u00e8te Topps Chrome - Basketball 2025\/26 - Mega Box en ligne maintenant \u00e0 petit prix! Ton #1 shop pour cartes TCG & Pok\u00e9mon en Suisse \u2713 Livraison gratuite d\u00e8s CHF 29","og_url":"https:\/\/theuncommonshop.ch\/fr\/product\/topps-chrome-basketball-2025-26-mega-box-en-3\/","og_site_name":"Largest trading card shop in Switzerland","article_modified_time":"2026-03-31T16:50:01+00:00","og_image":[{"width":750,"height":1050,"url":"https:\/\/theuncommonshop.ch\/wp-content\/uploads\/2025\/12\/5475848072.webp","type":"image\/webp"}],"twitter_card":"summary_large_image","twitter_misc":{"Disponibilit\u00e9":"En stock"},"schema":{"@context":"https:\/\/schema.org","@graph":[{"@type":"WebPage","@id":"https:\/\/theuncommonshop.ch\/fr\/product\/topps-chrome-basketball-2025-26-mega-box-en-3\/","url":"https:\/\/theuncommonshop.ch\/fr\/product\/topps-chrome-basketball-2025-26-mega-box-en-3\/","name":"Ach\u00e8te Topps Chrome - Basketball 2025\/26 - Mega Box","isPartOf":{"@id":"https:\/\/theuncommonshop.ch\/#website"},"primaryImageOfPage":{"@id":"https:\/\/theuncommonshop.ch\/fr\/product\/topps-chrome-basketball-2025-26-mega-box-en-3\/#primaryimage"},"image":{"@id":"https:\/\/theuncommonshop.ch\/fr\/product\/topps-chrome-basketball-2025-26-mega-box-en-3\/#primaryimage"},"thumbnailUrl":"https:\/\/theuncommonshop.ch\/wp-content\/uploads\/2025\/12\/5475848072.webp","datePublished":"2025-12-31T05:39:17+00:00","dateModified":"2026-03-31T16:50:01+00:00","description":"Ach\u00e8te Topps Chrome - Basketball 2025\/26 - Mega Box en ligne maintenant \u00e0 petit prix! Ton #1 shop pour cartes TCG & Pok\u00e9mon en Suisse \u2713 Livraison gratuite d\u00e8s CHF 29","breadcrumb":{"@id":"https:\/\/theuncommonshop.ch\/fr\/product\/topps-chrome-basketball-2025-26-mega-box-en-3\/#breadcrumb"},"inLanguage":"fr-FR","potentialAction":[{"@type":"ReadAction","target":["https:\/\/theuncommonshop.ch\/fr\/product\/topps-chrome-basketball-2025-26-mega-box-en-3\/"]}]},{"@type":"ImageObject","inLanguage":"fr-FR","@id":"https:\/\/theuncommonshop.ch\/fr\/product\/topps-chrome-basketball-2025-26-mega-box-en-3\/#primaryimage","url":"https:\/\/theuncommonshop.ch\/wp-content\/uploads\/2025\/12\/5475848072.webp","contentUrl":"https:\/\/theuncommonshop.ch\/wp-content\/uploads\/2025\/12\/5475848072.webp","width":750,"height":1050},{"@type":"BreadcrumbList","@id":"https:\/\/theuncommonshop.ch\/fr\/product\/topps-chrome-basketball-2025-26-mega-box-en-3\/#breadcrumb","itemListElement":[{"@type":"ListItem","position":1,"name":"Accueil","item":"https:\/\/theuncommonshop.ch\/fr\/accueil\/"},{"@type":"ListItem","position":2,"name":"Boutique","item":"https:\/\/theuncommonshop.ch\/fr\/boutique\/"},{"@type":"ListItem","position":3,"name":"Weitere Sammelkarten","item":"https:\/\/theuncommonshop.ch\/produktkategorie\/weitere-sammelkarten\/"},{"@type":"ListItem","position":4,"name":"Topps Karten","item":"https:\/\/theuncommonshop.ch\/produktkategorie\/weitere-sammelkarten\/topps-karten\/"},{"@type":"ListItem","position":5,"name":"Topps Sportkarten","item":"https:\/\/theuncommonshop.ch\/produktkategorie\/weitere-sammelkarten\/topps-karten\/topps-sportkarten\/"},{"@type":"ListItem","position":6,"name":"Topps Weitere Sportarten","item":"https:\/\/theuncommonshop.ch\/produktkategorie\/weitere-sammelkarten\/topps-karten\/topps-sportkarten\/topps-weitere-sportarten\/"},{"@type":"ListItem","position":7,"name":"Topps Chrome &#8211; Basketball 2025\/26 &#8211; Mega Box"}]},{"@type":"WebSite","@id":"https:\/\/theuncommonshop.ch\/#website","url":"https:\/\/theuncommonshop.ch\/","name":"Largest trading card shop in Switzerland","description":"Magic, Pok\u00e9mon and Yu-gi-oh - The Uncommon Shop","potentialAction":[{"@type":"SearchAction","target":{"@type":"EntryPoint","urlTemplate":"https:\/\/theuncommonshop.ch\/?s={search_term_string}"},"query-input":{"@type":"PropertyValueSpecification","valueRequired":true,"valueName":"search_term_string"}}],"inLanguage":"fr-FR"}]},"og_availability":"instock","product_availability":"instock","product_retailer_item_id":"WT.ToppsChromeBasketballXXVMegeBox.EN","product_condition":"new"},"_links":{"self":[{"href":"https:\/\/theuncommonshop.ch\/fr\/wp-json\/wp\/v2\/product\/312067","targetHints":{"allow":["GET"]}}],"collection":[{"href":"https:\/\/theuncommonshop.ch\/fr\/wp-json\/wp\/v2\/product"}],"about":[{"href":"https:\/\/theuncommonshop.ch\/fr\/wp-json\/wp\/v2\/types\/product"}],"replies":[{"embeddable":true,"href":"https:\/\/theuncommonshop.ch\/fr\/wp-json\/wp\/v2\/comments?post=312067"}],"version-history":[{"count":2,"href":"https:\/\/theuncommonshop.ch\/fr\/wp-json\/wp\/v2\/product\/312067\/revisions"}],"predecessor-version":[{"id":365191,"href":"https:\/\/theuncommonshop.ch\/fr\/wp-json\/wp\/v2\/product\/312067\/revisions\/365191"}],"wp:featuredmedia":[{"embeddable":true,"href":"https:\/\/theuncommonshop.ch\/fr\/wp-json\/wp\/v2\/media\/274319"}],"wp:attachment":[{"href":"https:\/\/theuncommonshop.ch\/fr\/wp-json\/wp\/v2\/media?parent=312067"}],"wp:term":[{"taxonomy":"product_brand","embeddable":true,"href":"https:\/\/theuncommonshop.ch\/fr\/wp-json\/wp\/v2\/product_brand?post=312067"},{"taxonomy":"product_cat","embeddable":true,"href":"https:\/\/theuncommonshop.ch\/fr\/wp-json\/wp\/v2\/product_cat?post=312067"},{"taxonomy":"product_tag","embeddable":true,"href":"https:\/\/theuncommonshop.ch\/fr\/wp-json\/wp\/v2\/product_tag?post=312067"}],"curies":[{"name":"wp","href":"https:\/\/api.w.org\/{rel}","templated":true}]}}