{"id":312017,"date":"2025-12-31T05:32:27","date_gmt":"2025-12-31T05:32:27","guid":{"rendered":"http:\/\/theuncommonshop.ch\/produkt\/312017\/"},"modified":"2026-03-29T21:14:46","modified_gmt":"2026-03-29T19:14:46","slug":"dragon-ball-super-ultra-bout-series-04-zenkai-b31-booster-display-2","status":"publish","type":"product","link":"https:\/\/theuncommonshop.ch\/fr\/product\/dragon-ball-super-ultra-bout-series-04-zenkai-b31-booster-display-2\/","title":{"rendered":"Dragon Ball Super &#8211; Ultra Bout Series 04 &#8211; Zenkai (B31) &#8211; Booster Display"},"content":{"rendered":"<p>Th\u00e8me : &#8220;Battles Beyond Dimensions&#8221; :<\/p>\n<p>Des cartes mettant en sc\u00e8ne des personnages originaux de Super Dragon Ball Heroes, dont Aeos et le guerrier en noir, font leurs d\u00e9buts tr\u00e8s attendus.<\/p>\n<p>Nouveaux chefs et personnages :<\/p>\n<p>Plusieurs nouveaux chefs et personnages sont introduits, \u00e9largissant les possibilit\u00e9s de construction de deck et apportant un vent de fra\u00eecheur dans la comp\u00e9tition.<\/p>\n<p>Cartes God Rares<\/p>\n<p>Contient 2 cartes God Rares diff\u00e9rentes &#8211; une avec de tout nouveaux effets et une r\u00e9\u00e9dition premium avec une nouvelle illustration et une finition dor\u00e9e.<\/p>\n<p>Box Topper Energy Marker :<\/p>\n<p>Chaque pr\u00e9sentoir contient 1 marqueur \u00e9nerg\u00e9tique full-art reproduisant des sc\u00e8nes embl\u00e9matiques de l&#8217;Anime Dragon Ball. Disponible en 6 variantes ainsi qu&#8217;en versions Alt-Art avec des cadres en feuille d&#8217;or de haute qualit\u00e9. <\/p>\n<p>1 Booster Packs = 12 cartes<\/p>\n<p>1 pr\u00e9sentoir = 24 Packs<\/p>\n","protected":false},"excerpt":{"rendered":"<p>Th\u00e8me : &#8220;Battles Beyond Dimensions&#8221; : Des cartes mettant en sc\u00e8ne des personnages originaux de Super Dragon Ball Heroes, dont<\/p>\n","protected":false},"featured_media":274131,"comment_status":"open","ping_status":"closed","template":"","meta":{"_acf_changed":false},"product_brand":[5100,5160],"product_cat":[9785,10003,9791,10009],"product_tag":[],"class_list":{"0":"post-312017","1":"product","2":"type-product","3":"status-publish","4":"has-post-thumbnail","6":"product_brand-bandai-tcg","7":"product_brand-dragon-ball-card-game","8":"product_cat-autres-cartes-a-collectionner","9":"product_cat-booster-displays-dbs","10":"product_cat-dragon-ball-dbs","11":"product_cat-precommande-dbs","13":"first","14":"instock","15":"taxable","16":"shipping-taxable","17":"purchasable","18":"product-type-variable"},"acf":[],"yoast_head":"<!-- This site is optimized with the Yoast SEO plugin v27.4 - https:\/\/yoast.com\/product\/yoast-seo-wordpress\/ -->\n<title>Ach\u00e8te Dragon Ball Super - Ultra Bout Series 04 - Zenkai (B31) - Booster Display<\/title>\n<meta name=\"description\" content=\"Ach\u00e8te Dragon Ball Super - Ultra Bout Series 04 - Zenkai (B31) - Booster Display en ligne maintenant \u00e0 petit prix! Ton #1 shop pour cartes TCG &amp; Pok\u00e9mon en Suisse \u2713 Livraison gratuite d\u00e8s CHF 29\" \/>\n<meta name=\"robots\" content=\"index, follow, max-snippet:-1, max-image-preview:large, max-video-preview:-1\" \/>\n<link rel=\"canonical\" href=\"https:\/\/theuncommonshop.ch\/fr\/product\/dragon-ball-super-ultra-bout-series-04-zenkai-b31-booster-display-2\/\" \/>\n<meta property=\"og:locale\" content=\"fr_FR\" \/>\n<meta property=\"og:type\" content=\"article\" \/>\n<meta property=\"og:title\" content=\"Ach\u00e8te Dragon Ball Super - Ultra Bout Series 04 - Zenkai (B31) - Booster Display\" \/>\n<meta property=\"og:description\" content=\"Ach\u00e8te Dragon Ball Super - Ultra Bout Series 04 - Zenkai (B31) - Booster Display en ligne maintenant \u00e0 petit prix! Ton #1 shop pour cartes TCG &amp; Pok\u00e9mon en Suisse \u2713 Livraison gratuite d\u00e8s CHF 29\" \/>\n<meta property=\"og:url\" content=\"https:\/\/theuncommonshop.ch\/fr\/product\/dragon-ball-super-ultra-bout-series-04-zenkai-b31-booster-display-2\/\" \/>\n<meta property=\"og:site_name\" content=\"Largest trading card shop in Switzerland\" \/>\n<meta property=\"article:modified_time\" content=\"2026-03-29T19:14:46+00:00\" \/>\n<meta property=\"og:image\" content=\"https:\/\/theuncommonshop.ch\/wp-content\/uploads\/2025\/12\/5464197236.jpg\" \/>\n\t<meta property=\"og:image:width\" content=\"400\" \/>\n\t<meta property=\"og:image:height\" content=\"400\" \/>\n\t<meta property=\"og:image:type\" content=\"image\/jpeg\" \/>\n<meta name=\"twitter:card\" content=\"summary_large_image\" \/>\n<meta name=\"twitter:label1\" content=\"Disponibilit\u00e9\" \/>\n\t<meta name=\"twitter:data1\" content=\"En stock\" \/>\n<script type=\"application\/ld+json\" class=\"yoast-schema-graph\">{\"@context\":\"https:\\\/\\\/schema.org\",\"@graph\":[{\"@type\":\"WebPage\",\"@id\":\"https:\\\/\\\/theuncommonshop.ch\\\/fr\\\/product\\\/dragon-ball-super-ultra-bout-series-04-zenkai-b31-booster-display-2\\\/\",\"url\":\"https:\\\/\\\/theuncommonshop.ch\\\/fr\\\/product\\\/dragon-ball-super-ultra-bout-series-04-zenkai-b31-booster-display-2\\\/\",\"name\":\"Ach\u00e8te Dragon Ball Super - Ultra Bout Series 04 - Zenkai (B31) - Booster Display\",\"isPartOf\":{\"@id\":\"https:\\\/\\\/theuncommonshop.ch\\\/#website\"},\"primaryImageOfPage\":{\"@id\":\"https:\\\/\\\/theuncommonshop.ch\\\/fr\\\/product\\\/dragon-ball-super-ultra-bout-series-04-zenkai-b31-booster-display-2\\\/#primaryimage\"},\"image\":{\"@id\":\"https:\\\/\\\/theuncommonshop.ch\\\/fr\\\/product\\\/dragon-ball-super-ultra-bout-series-04-zenkai-b31-booster-display-2\\\/#primaryimage\"},\"thumbnailUrl\":\"https:\\\/\\\/theuncommonshop.ch\\\/wp-content\\\/uploads\\\/2025\\\/12\\\/5464197236.jpg\",\"datePublished\":\"2025-12-31T05:32:27+00:00\",\"dateModified\":\"2026-03-29T19:14:46+00:00\",\"description\":\"Ach\u00e8te Dragon Ball Super - Ultra Bout Series 04 - Zenkai (B31) - Booster Display en ligne maintenant \u00e0 petit prix! Ton #1 shop pour cartes TCG & Pok\u00e9mon en Suisse \u2713 Livraison gratuite d\u00e8s CHF 29\",\"breadcrumb\":{\"@id\":\"https:\\\/\\\/theuncommonshop.ch\\\/fr\\\/product\\\/dragon-ball-super-ultra-bout-series-04-zenkai-b31-booster-display-2\\\/#breadcrumb\"},\"inLanguage\":\"fr-FR\",\"potentialAction\":[{\"@type\":\"ReadAction\",\"target\":[\"https:\\\/\\\/theuncommonshop.ch\\\/fr\\\/product\\\/dragon-ball-super-ultra-bout-series-04-zenkai-b31-booster-display-2\\\/\"]}]},{\"@type\":\"ImageObject\",\"inLanguage\":\"fr-FR\",\"@id\":\"https:\\\/\\\/theuncommonshop.ch\\\/fr\\\/product\\\/dragon-ball-super-ultra-bout-series-04-zenkai-b31-booster-display-2\\\/#primaryimage\",\"url\":\"https:\\\/\\\/theuncommonshop.ch\\\/wp-content\\\/uploads\\\/2025\\\/12\\\/5464197236.jpg\",\"contentUrl\":\"https:\\\/\\\/theuncommonshop.ch\\\/wp-content\\\/uploads\\\/2025\\\/12\\\/5464197236.jpg\",\"width\":400,\"height\":400},{\"@type\":\"BreadcrumbList\",\"@id\":\"https:\\\/\\\/theuncommonshop.ch\\\/fr\\\/product\\\/dragon-ball-super-ultra-bout-series-04-zenkai-b31-booster-display-2\\\/#breadcrumb\",\"itemListElement\":[{\"@type\":\"ListItem\",\"position\":1,\"name\":\"Accueil\",\"item\":\"https:\\\/\\\/theuncommonshop.ch\\\/fr\\\/accueil\\\/\"},{\"@type\":\"ListItem\",\"position\":2,\"name\":\"Boutique\",\"item\":\"https:\\\/\\\/theuncommonshop.ch\\\/fr\\\/boutique\\\/\"},{\"@type\":\"ListItem\",\"position\":3,\"name\":\"Autres cartes \u00e0 collectionner\",\"item\":\"https:\\\/\\\/theuncommonshop.ch\\\/fr\\\/categorie-produit\\\/autres-cartes-a-collectionner\\\/\"},{\"@type\":\"ListItem\",\"position\":4,\"name\":\"Dragon Ball\",\"item\":\"https:\\\/\\\/theuncommonshop.ch\\\/fr\\\/categorie-produit\\\/autres-cartes-a-collectionner\\\/dragon-ball-dbs\\\/\"},{\"@type\":\"ListItem\",\"position\":5,\"name\":\"Booster Displays\",\"item\":\"https:\\\/\\\/theuncommonshop.ch\\\/fr\\\/categorie-produit\\\/autres-cartes-a-collectionner\\\/dragon-ball-dbs\\\/booster-displays-dbs\\\/\"},{\"@type\":\"ListItem\",\"position\":6,\"name\":\"Dragon Ball Super &#8211; Ultra Bout Series 04 &#8211; Zenkai (B31) &#8211; Booster Display\"}]},{\"@type\":\"WebSite\",\"@id\":\"https:\\\/\\\/theuncommonshop.ch\\\/#website\",\"url\":\"https:\\\/\\\/theuncommonshop.ch\\\/\",\"name\":\"Largest trading card shop in Switzerland\",\"description\":\"Magic, Pok\u00e9mon and Yu-gi-oh - The Uncommon Shop\",\"potentialAction\":[{\"@type\":\"SearchAction\",\"target\":{\"@type\":\"EntryPoint\",\"urlTemplate\":\"https:\\\/\\\/theuncommonshop.ch\\\/?s={search_term_string}\"},\"query-input\":{\"@type\":\"PropertyValueSpecification\",\"valueRequired\":true,\"valueName\":\"search_term_string\"}}],\"inLanguage\":\"fr-FR\"}]}<\/script>\n<meta property=\"og:availability\" content=\"instock\" \/>\n<meta property=\"product:availability\" content=\"instock\" \/>\n<meta property=\"product:retailer_item_id\" content=\"PRE.DragonBallZenkaiXXXIDisplay.EN\" \/>\n<meta property=\"product:condition\" content=\"new\" \/>\n<!-- \/ Yoast SEO plugin. -->","yoast_head_json":{"title":"Ach\u00e8te Dragon Ball Super - Ultra Bout Series 04 - Zenkai (B31) - Booster Display","description":"Ach\u00e8te Dragon Ball Super - Ultra Bout Series 04 - Zenkai (B31) - Booster Display en ligne maintenant \u00e0 petit prix! Ton #1 shop pour cartes TCG & Pok\u00e9mon en Suisse \u2713 Livraison gratuite d\u00e8s CHF 29","robots":{"index":"index","follow":"follow","max-snippet":"max-snippet:-1","max-image-preview":"max-image-preview:large","max-video-preview":"max-video-preview:-1"},"canonical":"https:\/\/theuncommonshop.ch\/fr\/product\/dragon-ball-super-ultra-bout-series-04-zenkai-b31-booster-display-2\/","og_locale":"fr_FR","og_type":"article","og_title":"Ach\u00e8te Dragon Ball Super - Ultra Bout Series 04 - Zenkai (B31) - Booster Display","og_description":"Ach\u00e8te Dragon Ball Super - Ultra Bout Series 04 - Zenkai (B31) - Booster Display en ligne maintenant \u00e0 petit prix! Ton #1 shop pour cartes TCG & Pok\u00e9mon en Suisse \u2713 Livraison gratuite d\u00e8s CHF 29","og_url":"https:\/\/theuncommonshop.ch\/fr\/product\/dragon-ball-super-ultra-bout-series-04-zenkai-b31-booster-display-2\/","og_site_name":"Largest trading card shop in Switzerland","article_modified_time":"2026-03-29T19:14:46+00:00","og_image":[{"width":400,"height":400,"url":"https:\/\/theuncommonshop.ch\/wp-content\/uploads\/2025\/12\/5464197236.jpg","type":"image\/jpeg"}],"twitter_card":"summary_large_image","twitter_misc":{"Disponibilit\u00e9":"En stock"},"schema":{"@context":"https:\/\/schema.org","@graph":[{"@type":"WebPage","@id":"https:\/\/theuncommonshop.ch\/fr\/product\/dragon-ball-super-ultra-bout-series-04-zenkai-b31-booster-display-2\/","url":"https:\/\/theuncommonshop.ch\/fr\/product\/dragon-ball-super-ultra-bout-series-04-zenkai-b31-booster-display-2\/","name":"Ach\u00e8te Dragon Ball Super - Ultra Bout Series 04 - Zenkai (B31) - Booster Display","isPartOf":{"@id":"https:\/\/theuncommonshop.ch\/#website"},"primaryImageOfPage":{"@id":"https:\/\/theuncommonshop.ch\/fr\/product\/dragon-ball-super-ultra-bout-series-04-zenkai-b31-booster-display-2\/#primaryimage"},"image":{"@id":"https:\/\/theuncommonshop.ch\/fr\/product\/dragon-ball-super-ultra-bout-series-04-zenkai-b31-booster-display-2\/#primaryimage"},"thumbnailUrl":"https:\/\/theuncommonshop.ch\/wp-content\/uploads\/2025\/12\/5464197236.jpg","datePublished":"2025-12-31T05:32:27+00:00","dateModified":"2026-03-29T19:14:46+00:00","description":"Ach\u00e8te Dragon Ball Super - Ultra Bout Series 04 - Zenkai (B31) - Booster Display en ligne maintenant \u00e0 petit prix! Ton #1 shop pour cartes TCG & Pok\u00e9mon en Suisse \u2713 Livraison gratuite d\u00e8s CHF 29","breadcrumb":{"@id":"https:\/\/theuncommonshop.ch\/fr\/product\/dragon-ball-super-ultra-bout-series-04-zenkai-b31-booster-display-2\/#breadcrumb"},"inLanguage":"fr-FR","potentialAction":[{"@type":"ReadAction","target":["https:\/\/theuncommonshop.ch\/fr\/product\/dragon-ball-super-ultra-bout-series-04-zenkai-b31-booster-display-2\/"]}]},{"@type":"ImageObject","inLanguage":"fr-FR","@id":"https:\/\/theuncommonshop.ch\/fr\/product\/dragon-ball-super-ultra-bout-series-04-zenkai-b31-booster-display-2\/#primaryimage","url":"https:\/\/theuncommonshop.ch\/wp-content\/uploads\/2025\/12\/5464197236.jpg","contentUrl":"https:\/\/theuncommonshop.ch\/wp-content\/uploads\/2025\/12\/5464197236.jpg","width":400,"height":400},{"@type":"BreadcrumbList","@id":"https:\/\/theuncommonshop.ch\/fr\/product\/dragon-ball-super-ultra-bout-series-04-zenkai-b31-booster-display-2\/#breadcrumb","itemListElement":[{"@type":"ListItem","position":1,"name":"Accueil","item":"https:\/\/theuncommonshop.ch\/fr\/accueil\/"},{"@type":"ListItem","position":2,"name":"Boutique","item":"https:\/\/theuncommonshop.ch\/fr\/boutique\/"},{"@type":"ListItem","position":3,"name":"Autres cartes \u00e0 collectionner","item":"https:\/\/theuncommonshop.ch\/fr\/categorie-produit\/autres-cartes-a-collectionner\/"},{"@type":"ListItem","position":4,"name":"Dragon Ball","item":"https:\/\/theuncommonshop.ch\/fr\/categorie-produit\/autres-cartes-a-collectionner\/dragon-ball-dbs\/"},{"@type":"ListItem","position":5,"name":"Booster Displays","item":"https:\/\/theuncommonshop.ch\/fr\/categorie-produit\/autres-cartes-a-collectionner\/dragon-ball-dbs\/booster-displays-dbs\/"},{"@type":"ListItem","position":6,"name":"Dragon Ball Super &#8211; Ultra Bout Series 04 &#8211; Zenkai (B31) &#8211; Booster Display"}]},{"@type":"WebSite","@id":"https:\/\/theuncommonshop.ch\/#website","url":"https:\/\/theuncommonshop.ch\/","name":"Largest trading card shop in Switzerland","description":"Magic, Pok\u00e9mon and Yu-gi-oh - The Uncommon Shop","potentialAction":[{"@type":"SearchAction","target":{"@type":"EntryPoint","urlTemplate":"https:\/\/theuncommonshop.ch\/?s={search_term_string}"},"query-input":{"@type":"PropertyValueSpecification","valueRequired":true,"valueName":"search_term_string"}}],"inLanguage":"fr-FR"}]},"og_availability":"instock","product_availability":"instock","product_retailer_item_id":"PRE.DragonBallZenkaiXXXIDisplay.EN","product_condition":"new"},"_links":{"self":[{"href":"https:\/\/theuncommonshop.ch\/fr\/wp-json\/wp\/v2\/product\/312017","targetHints":{"allow":["GET"]}}],"collection":[{"href":"https:\/\/theuncommonshop.ch\/fr\/wp-json\/wp\/v2\/product"}],"about":[{"href":"https:\/\/theuncommonshop.ch\/fr\/wp-json\/wp\/v2\/types\/product"}],"replies":[{"embeddable":true,"href":"https:\/\/theuncommonshop.ch\/fr\/wp-json\/wp\/v2\/comments?post=312017"}],"version-history":[{"count":1,"href":"https:\/\/theuncommonshop.ch\/fr\/wp-json\/wp\/v2\/product\/312017\/revisions"}],"predecessor-version":[{"id":312022,"href":"https:\/\/theuncommonshop.ch\/fr\/wp-json\/wp\/v2\/product\/312017\/revisions\/312022"}],"wp:featuredmedia":[{"embeddable":true,"href":"https:\/\/theuncommonshop.ch\/fr\/wp-json\/wp\/v2\/media\/274131"}],"wp:attachment":[{"href":"https:\/\/theuncommonshop.ch\/fr\/wp-json\/wp\/v2\/media?parent=312017"}],"wp:term":[{"taxonomy":"product_brand","embeddable":true,"href":"https:\/\/theuncommonshop.ch\/fr\/wp-json\/wp\/v2\/product_brand?post=312017"},{"taxonomy":"product_cat","embeddable":true,"href":"https:\/\/theuncommonshop.ch\/fr\/wp-json\/wp\/v2\/product_cat?post=312017"},{"taxonomy":"product_tag","embeddable":true,"href":"https:\/\/theuncommonshop.ch\/fr\/wp-json\/wp\/v2\/product_tag?post=312017"}],"curies":[{"name":"wp","href":"https:\/\/api.w.org\/{rel}","templated":true}]}}