{"id":311932,"date":"2025-12-31T05:19:02","date_gmt":"2025-12-31T05:19:02","guid":{"rendered":"http:\/\/theuncommonshop.ch\/produkt\/311932\/"},"modified":"2026-04-10T00:25:22","modified_gmt":"2026-04-09T22:25:22","slug":"the-acrylic-box-pokemon-booster-bundle-acrylic-case-2","status":"publish","type":"product","link":"https:\/\/theuncommonshop.ch\/fr\/product\/the-acrylic-box-pokemon-booster-bundle-acrylic-case-2\/","title":{"rendered":"The Acrylic Box &#8211; Booster Bundle Pok\u00e9mon &#8211; Bo\u00eetier acrylique"},"content":{"rendered":"<p>Conservez vos Booster Bundles avec style et en toute s\u00e9curit\u00e9 ! La <strong>Bo\u00eete Acrylique &#8211; Booster Bundle Pok\u00e9mon<\/strong> offre aux collectionneurs la combinaison id\u00e9ale de protection et de pr\u00e9sentation \u00e9l\u00e9gante. L&#8217;\u00e9tui en acrylique de haute qualit\u00e9 permet de prot\u00e9ger vos Boosters Pok\u00e9mon \u00e0 tout moment tout en les mettant en valeur.  <\/p>\n<h3>Une protection pr\u00e9cise pour les Booster Bundles<\/h3>\n<p>Gr\u00e2ce \u00e0 ses dimensions pr\u00e9cises de <strong>9,2 x 6,6 x 12,1 cm<\/strong>, cet \u00e9tui en acrylique convient parfaitement aux Booster Bundles Pok\u00e9mon. Il prot\u00e8ge efficacement votre collection de la poussi\u00e8re, de l&#8217;humidit\u00e9 et des agressions ext\u00e9rieures, afin de pr\u00e9server sa valeur. <\/p>\n<h3>Pr\u00e9sentation claire de votre collection<\/h3>\n<p>Le mat\u00e9riau acrylique cristallin permet de voir librement vos Booster Packs sans perdre en stabilit\u00e9. Que ce soit dans une vitrine ou sur une table, votre collection sera parfaitement pr\u00e9sent\u00e9e. <\/p>\n<h3>Stable et durable<\/h3>\n<p>Fabriqu\u00e9 en acrylique robuste et r\u00e9sistant aux rayures, cet \u00e9tui est con\u00e7u pour durer. Il offre non seulement une protection s\u00fbre, mais aussi une finition de haute qualit\u00e9 &#8211; id\u00e9al pour la maison ou les d\u00e9placements. <\/p>\n<h3>Le choix des collectionneurs<\/h3>\n<p>Que ce soit pour le conserver pendant de nombreuses ann\u00e9es ou pour l&#8217;exposer avec style, cette bo\u00eete en acrylique est un must pour les collectionneurs de Pok\u00e9mon TCG et les fans qui souhaitent mettre en valeur leurs Booster Bundles.<\/p>\n","protected":false},"excerpt":{"rendered":"<p>Conservez vos Booster Bundles avec style et en toute s\u00e9curit\u00e9 ! La Bo\u00eete Acrylique &#8211; Booster Bundle Pok\u00e9mon offre aux<\/p>\n","protected":false},"featured_media":273727,"comment_status":"open","ping_status":"closed","template":"","meta":{"_acf_changed":false},"product_brand":[5204],"product_cat":[9859,10267,9867],"product_tag":[],"class_list":{"0":"post-311932","1":"product","2":"type-product","3":"status-publish","4":"has-post-thumbnail","6":"product_brand-the-acrylic-box","7":"product_cat-accessoires-tcg","8":"product_cat-protection-des-cartes","9":"product_cat-rangement","11":"first","12":"outofstock","13":"taxable","14":"shipping-taxable","15":"purchasable","16":"product-type-simple"},"acf":[],"yoast_head":"<!-- This site is optimized with the Yoast SEO plugin v27.4 - https:\/\/yoast.com\/product\/yoast-seo-wordpress\/ -->\n<title>Ach\u00e8te The Acrylic Box - Booster Bundle Pok\u00e9mon - Bo\u00eetier acrylique<\/title>\n<meta name=\"description\" content=\"Ach\u00e8te The Acrylic Box - Booster Bundle Pok\u00e9mon - Bo\u00eetier acrylique en ligne maintenant \u00e0 petit prix! Ton #1 shop pour cartes TCG &amp; Pok\u00e9mon en Suisse \u2713 Livraison gratuite d\u00e8s CHF 29\" \/>\n<meta name=\"robots\" content=\"index, follow, max-snippet:-1, max-image-preview:large, max-video-preview:-1\" \/>\n<link rel=\"canonical\" href=\"https:\/\/theuncommonshop.ch\/fr\/product\/the-acrylic-box-pokemon-booster-bundle-acrylic-case-2\/\" \/>\n<meta property=\"og:locale\" content=\"fr_FR\" \/>\n<meta property=\"og:type\" content=\"article\" \/>\n<meta property=\"og:title\" content=\"Ach\u00e8te The Acrylic Box - Booster Bundle Pok\u00e9mon - Bo\u00eetier acrylique\" \/>\n<meta property=\"og:description\" content=\"Ach\u00e8te The Acrylic Box - Booster Bundle Pok\u00e9mon - Bo\u00eetier acrylique en ligne maintenant \u00e0 petit prix! Ton #1 shop pour cartes TCG &amp; Pok\u00e9mon en Suisse \u2713 Livraison gratuite d\u00e8s CHF 29\" \/>\n<meta property=\"og:url\" content=\"https:\/\/theuncommonshop.ch\/fr\/product\/the-acrylic-box-pokemon-booster-bundle-acrylic-case-2\/\" \/>\n<meta property=\"og:site_name\" content=\"The Uncommon Shop\" \/>\n<meta property=\"article:modified_time\" content=\"2026-04-09T22:25:22+00:00\" \/>\n<meta property=\"og:image\" content=\"https:\/\/theuncommonshop.ch\/wp-content\/uploads\/2025\/12\/5445148258.webp\" \/>\n\t<meta property=\"og:image:width\" content=\"1080\" \/>\n\t<meta property=\"og:image:height\" content=\"1080\" \/>\n\t<meta property=\"og:image:type\" content=\"image\/webp\" \/>\n<meta name=\"twitter:card\" content=\"summary_large_image\" \/>\n<meta name=\"twitter:label1\" content=\"Prix\" \/>\n\t<meta name=\"twitter:data1\" content=\"&#067;&#072;&#070;&nbsp;29.95\" \/>\n\t<meta name=\"twitter:label2\" content=\"Disponibilit\u00e9\" \/>\n\t<meta name=\"twitter:data2\" content=\"Rupture de stock\" \/>\n<script type=\"application\/ld+json\" class=\"yoast-schema-graph\">{\"@context\":\"https:\\\/\\\/schema.org\",\"@graph\":[{\"@type\":\"WebPage\",\"@id\":\"https:\\\/\\\/theuncommonshop.ch\\\/fr\\\/product\\\/the-acrylic-box-pokemon-booster-bundle-acrylic-case-2\\\/\",\"url\":\"https:\\\/\\\/theuncommonshop.ch\\\/fr\\\/product\\\/the-acrylic-box-pokemon-booster-bundle-acrylic-case-2\\\/\",\"name\":\"Ach\u00e8te The Acrylic Box - Booster Bundle Pok\u00e9mon - Bo\u00eetier acrylique\",\"isPartOf\":{\"@id\":\"https:\\\/\\\/theuncommonshop.ch\\\/fr\\\/#website\"},\"primaryImageOfPage\":{\"@id\":\"https:\\\/\\\/theuncommonshop.ch\\\/fr\\\/product\\\/the-acrylic-box-pokemon-booster-bundle-acrylic-case-2\\\/#primaryimage\"},\"image\":{\"@id\":\"https:\\\/\\\/theuncommonshop.ch\\\/fr\\\/product\\\/the-acrylic-box-pokemon-booster-bundle-acrylic-case-2\\\/#primaryimage\"},\"thumbnailUrl\":\"https:\\\/\\\/theuncommonshop.ch\\\/wp-content\\\/uploads\\\/2025\\\/12\\\/5445148258.webp\",\"datePublished\":\"2025-12-31T05:19:02+00:00\",\"dateModified\":\"2026-04-09T22:25:22+00:00\",\"description\":\"Ach\u00e8te The Acrylic Box - Booster Bundle Pok\u00e9mon - Bo\u00eetier acrylique en ligne maintenant \u00e0 petit prix! Ton #1 shop pour cartes TCG & Pok\u00e9mon en Suisse \u2713 Livraison gratuite d\u00e8s CHF 29\",\"breadcrumb\":{\"@id\":\"https:\\\/\\\/theuncommonshop.ch\\\/fr\\\/product\\\/the-acrylic-box-pokemon-booster-bundle-acrylic-case-2\\\/#breadcrumb\"},\"inLanguage\":\"fr-FR\",\"potentialAction\":[{\"@type\":\"ReadAction\",\"target\":[\"https:\\\/\\\/theuncommonshop.ch\\\/fr\\\/product\\\/the-acrylic-box-pokemon-booster-bundle-acrylic-case-2\\\/\"]}]},{\"@type\":\"ImageObject\",\"inLanguage\":\"fr-FR\",\"@id\":\"https:\\\/\\\/theuncommonshop.ch\\\/fr\\\/product\\\/the-acrylic-box-pokemon-booster-bundle-acrylic-case-2\\\/#primaryimage\",\"url\":\"https:\\\/\\\/theuncommonshop.ch\\\/wp-content\\\/uploads\\\/2025\\\/12\\\/5445148258.webp\",\"contentUrl\":\"https:\\\/\\\/theuncommonshop.ch\\\/wp-content\\\/uploads\\\/2025\\\/12\\\/5445148258.webp\",\"width\":1080,\"height\":1080},{\"@type\":\"BreadcrumbList\",\"@id\":\"https:\\\/\\\/theuncommonshop.ch\\\/fr\\\/product\\\/the-acrylic-box-pokemon-booster-bundle-acrylic-case-2\\\/#breadcrumb\",\"itemListElement\":[{\"@type\":\"ListItem\",\"position\":1,\"name\":\"Accueil\",\"item\":\"https:\\\/\\\/theuncommonshop.ch\\\/fr\\\/accueil\\\/\"},{\"@type\":\"ListItem\",\"position\":2,\"name\":\"Boutique\",\"item\":\"https:\\\/\\\/theuncommonshop.ch\\\/fr\\\/boutique\\\/\"},{\"@type\":\"ListItem\",\"position\":3,\"name\":\"Accessoires TCG\",\"item\":\"https:\\\/\\\/theuncommonshop.ch\\\/fr\\\/categorie-produit\\\/accessoires-tcg\\\/\"},{\"@type\":\"ListItem\",\"position\":4,\"name\":\"Protection des cartes\",\"item\":\"https:\\\/\\\/theuncommonshop.ch\\\/fr\\\/categorie-produit\\\/accessoires-tcg\\\/protection-des-cartes\\\/\"},{\"@type\":\"ListItem\",\"position\":5,\"name\":\"The Acrylic Box &#8211; Booster Bundle Pok\u00e9mon &#8211; Bo\u00eetier acrylique\"}]},{\"@type\":\"WebSite\",\"@id\":\"https:\\\/\\\/theuncommonshop.ch\\\/fr\\\/#website\",\"url\":\"https:\\\/\\\/theuncommonshop.ch\\\/fr\\\/\",\"name\":\"The Uncommon Shop\",\"description\":\"Magic, Pok\u00e9mon and Yu-gi-oh - The Uncommon Shop\",\"potentialAction\":[{\"@type\":\"SearchAction\",\"target\":{\"@type\":\"EntryPoint\",\"urlTemplate\":\"https:\\\/\\\/theuncommonshop.ch\\\/fr\\\/?s={search_term_string}\"},\"query-input\":{\"@type\":\"PropertyValueSpecification\",\"valueRequired\":true,\"valueName\":\"search_term_string\"}}],\"inLanguage\":\"fr-FR\"}]}<\/script>\n<meta property=\"product:price:amount\" content=\"29.95\" \/>\n<meta property=\"product:price:currency\" content=\"CHF\" \/>\n<meta property=\"og:availability\" content=\"out of stock\" \/>\n<meta property=\"product:availability\" content=\"out of stock\" \/>\n<meta property=\"product:retailer_item_id\" content=\"SHOP.TheAcrylicBoxPokeBoostBundleCase\" \/>\n<meta property=\"product:condition\" content=\"new\" \/>\n<!-- \/ Yoast SEO plugin. -->","yoast_head_json":{"title":"Ach\u00e8te The Acrylic Box - Booster Bundle Pok\u00e9mon - Bo\u00eetier acrylique","description":"Ach\u00e8te The Acrylic Box - Booster Bundle Pok\u00e9mon - Bo\u00eetier acrylique en ligne maintenant \u00e0 petit prix! Ton #1 shop pour cartes TCG & Pok\u00e9mon en Suisse \u2713 Livraison gratuite d\u00e8s CHF 29","robots":{"index":"index","follow":"follow","max-snippet":"max-snippet:-1","max-image-preview":"max-image-preview:large","max-video-preview":"max-video-preview:-1"},"canonical":"https:\/\/theuncommonshop.ch\/fr\/product\/the-acrylic-box-pokemon-booster-bundle-acrylic-case-2\/","og_locale":"fr_FR","og_type":"article","og_title":"Ach\u00e8te The Acrylic Box - Booster Bundle Pok\u00e9mon - Bo\u00eetier acrylique","og_description":"Ach\u00e8te The Acrylic Box - Booster Bundle Pok\u00e9mon - Bo\u00eetier acrylique en ligne maintenant \u00e0 petit prix! Ton #1 shop pour cartes TCG & Pok\u00e9mon en Suisse \u2713 Livraison gratuite d\u00e8s CHF 29","og_url":"https:\/\/theuncommonshop.ch\/fr\/product\/the-acrylic-box-pokemon-booster-bundle-acrylic-case-2\/","og_site_name":"The Uncommon Shop","article_modified_time":"2026-04-09T22:25:22+00:00","og_image":[{"width":1080,"height":1080,"url":"https:\/\/theuncommonshop.ch\/wp-content\/uploads\/2025\/12\/5445148258.webp","type":"image\/webp"}],"twitter_card":"summary_large_image","twitter_misc":{"Prix":"&#67;&#72;&#70;&nbsp;29.95","Disponibilit\u00e9":"Rupture de stock"},"schema":{"@context":"https:\/\/schema.org","@graph":[{"@type":"WebPage","@id":"https:\/\/theuncommonshop.ch\/fr\/product\/the-acrylic-box-pokemon-booster-bundle-acrylic-case-2\/","url":"https:\/\/theuncommonshop.ch\/fr\/product\/the-acrylic-box-pokemon-booster-bundle-acrylic-case-2\/","name":"Ach\u00e8te The Acrylic Box - Booster Bundle Pok\u00e9mon - Bo\u00eetier acrylique","isPartOf":{"@id":"https:\/\/theuncommonshop.ch\/fr\/#website"},"primaryImageOfPage":{"@id":"https:\/\/theuncommonshop.ch\/fr\/product\/the-acrylic-box-pokemon-booster-bundle-acrylic-case-2\/#primaryimage"},"image":{"@id":"https:\/\/theuncommonshop.ch\/fr\/product\/the-acrylic-box-pokemon-booster-bundle-acrylic-case-2\/#primaryimage"},"thumbnailUrl":"https:\/\/theuncommonshop.ch\/wp-content\/uploads\/2025\/12\/5445148258.webp","datePublished":"2025-12-31T05:19:02+00:00","dateModified":"2026-04-09T22:25:22+00:00","description":"Ach\u00e8te The Acrylic Box - Booster Bundle Pok\u00e9mon - Bo\u00eetier acrylique en ligne maintenant \u00e0 petit prix! Ton #1 shop pour cartes TCG & Pok\u00e9mon en Suisse \u2713 Livraison gratuite d\u00e8s CHF 29","breadcrumb":{"@id":"https:\/\/theuncommonshop.ch\/fr\/product\/the-acrylic-box-pokemon-booster-bundle-acrylic-case-2\/#breadcrumb"},"inLanguage":"fr-FR","potentialAction":[{"@type":"ReadAction","target":["https:\/\/theuncommonshop.ch\/fr\/product\/the-acrylic-box-pokemon-booster-bundle-acrylic-case-2\/"]}]},{"@type":"ImageObject","inLanguage":"fr-FR","@id":"https:\/\/theuncommonshop.ch\/fr\/product\/the-acrylic-box-pokemon-booster-bundle-acrylic-case-2\/#primaryimage","url":"https:\/\/theuncommonshop.ch\/wp-content\/uploads\/2025\/12\/5445148258.webp","contentUrl":"https:\/\/theuncommonshop.ch\/wp-content\/uploads\/2025\/12\/5445148258.webp","width":1080,"height":1080},{"@type":"BreadcrumbList","@id":"https:\/\/theuncommonshop.ch\/fr\/product\/the-acrylic-box-pokemon-booster-bundle-acrylic-case-2\/#breadcrumb","itemListElement":[{"@type":"ListItem","position":1,"name":"Accueil","item":"https:\/\/theuncommonshop.ch\/fr\/accueil\/"},{"@type":"ListItem","position":2,"name":"Boutique","item":"https:\/\/theuncommonshop.ch\/fr\/boutique\/"},{"@type":"ListItem","position":3,"name":"Accessoires TCG","item":"https:\/\/theuncommonshop.ch\/fr\/categorie-produit\/accessoires-tcg\/"},{"@type":"ListItem","position":4,"name":"Protection des cartes","item":"https:\/\/theuncommonshop.ch\/fr\/categorie-produit\/accessoires-tcg\/protection-des-cartes\/"},{"@type":"ListItem","position":5,"name":"The Acrylic Box &#8211; Booster Bundle Pok\u00e9mon &#8211; Bo\u00eetier acrylique"}]},{"@type":"WebSite","@id":"https:\/\/theuncommonshop.ch\/fr\/#website","url":"https:\/\/theuncommonshop.ch\/fr\/","name":"The Uncommon Shop","description":"Magic, Pok\u00e9mon and Yu-gi-oh - The Uncommon Shop","potentialAction":[{"@type":"SearchAction","target":{"@type":"EntryPoint","urlTemplate":"https:\/\/theuncommonshop.ch\/fr\/?s={search_term_string}"},"query-input":{"@type":"PropertyValueSpecification","valueRequired":true,"valueName":"search_term_string"}}],"inLanguage":"fr-FR"}]},"product_price_amount":"29.95","product_price_currency":"CHF","og_availability":"out of stock","product_availability":"out of stock","product_retailer_item_id":"SHOP.TheAcrylicBoxPokeBoostBundleCase","product_condition":"new"},"_links":{"self":[{"href":"https:\/\/theuncommonshop.ch\/fr\/wp-json\/wp\/v2\/product\/311932","targetHints":{"allow":["GET"]}}],"collection":[{"href":"https:\/\/theuncommonshop.ch\/fr\/wp-json\/wp\/v2\/product"}],"about":[{"href":"https:\/\/theuncommonshop.ch\/fr\/wp-json\/wp\/v2\/types\/product"}],"replies":[{"embeddable":true,"href":"https:\/\/theuncommonshop.ch\/fr\/wp-json\/wp\/v2\/comments?post=311932"}],"version-history":[{"count":0,"href":"https:\/\/theuncommonshop.ch\/fr\/wp-json\/wp\/v2\/product\/311932\/revisions"}],"wp:featuredmedia":[{"embeddable":true,"href":"https:\/\/theuncommonshop.ch\/fr\/wp-json\/wp\/v2\/media\/273727"}],"wp:attachment":[{"href":"https:\/\/theuncommonshop.ch\/fr\/wp-json\/wp\/v2\/media?parent=311932"}],"wp:term":[{"taxonomy":"product_brand","embeddable":true,"href":"https:\/\/theuncommonshop.ch\/fr\/wp-json\/wp\/v2\/product_brand?post=311932"},{"taxonomy":"product_cat","embeddable":true,"href":"https:\/\/theuncommonshop.ch\/fr\/wp-json\/wp\/v2\/product_cat?post=311932"},{"taxonomy":"product_tag","embeddable":true,"href":"https:\/\/theuncommonshop.ch\/fr\/wp-json\/wp\/v2\/product_tag?post=311932"}],"curies":[{"name":"wp","href":"https:\/\/api.w.org\/{rel}","templated":true}]}}