{"id":311921,"date":"2025-12-31T05:18:42","date_gmt":"2025-12-31T05:18:42","guid":{"rendered":"http:\/\/theuncommonshop.ch\/produkt\/311921\/"},"modified":"2026-03-31T15:21:42","modified_gmt":"2026-03-31T13:21:42","slug":"the-acrylic-box-yu-gi-oh-booster-display-acryl-case-2","status":"publish","type":"product","link":"https:\/\/theuncommonshop.ch\/fr\/product\/the-acrylic-box-yu-gi-oh-booster-display-acryl-case-2\/","title":{"rendered":"The Acrylic Box &#8211; Yu-Gi-Oh Booster Display &#8211; Acryl Case"},"content":{"rendered":"<p>Conservez vos bo\u00eetes de 24 paquets de Yu-Gi-Oh ! en toute s\u00e9curit\u00e9 et avec \u00e9l\u00e9gance ! La bo\u00eete en acrylique est le choix id\u00e9al pour les collectionneurs qui souhaitent prot\u00e9ger leurs pr\u00e9cieuses bo\u00eetes de boosters contre les agressions ext\u00e9rieures tout en les pr\u00e9sentant de mani\u00e8re attrayante. Fabriqu\u00e9e en acrylique de haute qualit\u00e9, cette bo\u00eete offre une protection optimale et une apparence \u00e9l\u00e9gante \u00e0 votre collection. Dimensions : 15,1 x 3,3 x 13,3 cm.   <\/p>\n","protected":false},"excerpt":{"rendered":"<p>Conservez vos bo\u00eetes de 24 paquets de Yu-Gi-Oh ! en toute s\u00e9curit\u00e9 et avec \u00e9l\u00e9gance ! La bo\u00eete en acrylique<\/p>\n","protected":false},"featured_media":273718,"comment_status":"open","ping_status":"closed","template":"","meta":{"_acf_changed":false},"product_brand":[5204],"product_cat":[9859,10267,9867],"product_tag":[],"class_list":{"0":"post-311921","1":"product","2":"type-product","3":"status-publish","4":"has-post-thumbnail","6":"product_brand-the-acrylic-box","7":"product_cat-accessoires-tcg","8":"product_cat-protection-des-cartes","9":"product_cat-rangement","11":"first","12":"outofstock","13":"taxable","14":"shipping-taxable","15":"purchasable","16":"product-type-simple"},"acf":[],"yoast_head":"<!-- This site is optimized with the Yoast SEO plugin v27.4 - https:\/\/yoast.com\/product\/yoast-seo-wordpress\/ -->\n<title>Ach\u00e8te The Acrylic Box - Yu-Gi-Oh Booster Display - Acryl Case<\/title>\n<meta name=\"description\" content=\"Ach\u00e8te The Acrylic Box - Yu-Gi-Oh Booster Display - Acryl Case en ligne maintenant \u00e0 petit prix! Ton #1 shop pour cartes TCG &amp; Pok\u00e9mon en Suisse \u2713 Livraison gratuite d\u00e8s CHF 29\" \/>\n<meta name=\"robots\" content=\"index, follow, max-snippet:-1, max-image-preview:large, max-video-preview:-1\" \/>\n<link rel=\"canonical\" href=\"https:\/\/theuncommonshop.ch\/fr\/product\/the-acrylic-box-yu-gi-oh-booster-display-acryl-case-2\/\" \/>\n<meta property=\"og:locale\" content=\"fr_FR\" \/>\n<meta property=\"og:type\" content=\"article\" \/>\n<meta property=\"og:title\" content=\"Ach\u00e8te The Acrylic Box - Yu-Gi-Oh Booster Display - Acryl Case\" \/>\n<meta property=\"og:description\" content=\"Ach\u00e8te The Acrylic Box - Yu-Gi-Oh Booster Display - Acryl Case en ligne maintenant \u00e0 petit prix! Ton #1 shop pour cartes TCG &amp; Pok\u00e9mon en Suisse \u2713 Livraison gratuite d\u00e8s CHF 29\" \/>\n<meta property=\"og:url\" content=\"https:\/\/theuncommonshop.ch\/fr\/product\/the-acrylic-box-yu-gi-oh-booster-display-acryl-case-2\/\" \/>\n<meta property=\"og:site_name\" content=\"The Uncommon Shop\" \/>\n<meta property=\"article:modified_time\" content=\"2026-03-31T13:21:42+00:00\" \/>\n<meta property=\"og:image\" content=\"https:\/\/theuncommonshop.ch\/wp-content\/uploads\/2025\/12\/5445107888.jpg\" \/>\n\t<meta property=\"og:image:width\" content=\"1920\" \/>\n\t<meta property=\"og:image:height\" content=\"1280\" \/>\n\t<meta property=\"og:image:type\" content=\"image\/jpeg\" \/>\n<meta name=\"twitter:card\" content=\"summary_large_image\" \/>\n<meta name=\"twitter:label1\" content=\"Prix\" \/>\n\t<meta name=\"twitter:data1\" content=\"&#067;&#072;&#070;&nbsp;32.95\" \/>\n\t<meta name=\"twitter:label2\" content=\"Disponibilit\u00e9\" \/>\n\t<meta name=\"twitter:data2\" content=\"Rupture de stock\" \/>\n<script type=\"application\/ld+json\" class=\"yoast-schema-graph\">{\"@context\":\"https:\\\/\\\/schema.org\",\"@graph\":[{\"@type\":\"WebPage\",\"@id\":\"https:\\\/\\\/theuncommonshop.ch\\\/fr\\\/product\\\/the-acrylic-box-yu-gi-oh-booster-display-acryl-case-2\\\/\",\"url\":\"https:\\\/\\\/theuncommonshop.ch\\\/fr\\\/product\\\/the-acrylic-box-yu-gi-oh-booster-display-acryl-case-2\\\/\",\"name\":\"Ach\u00e8te The Acrylic Box - Yu-Gi-Oh Booster Display - Acryl Case\",\"isPartOf\":{\"@id\":\"https:\\\/\\\/theuncommonshop.ch\\\/fr\\\/#website\"},\"primaryImageOfPage\":{\"@id\":\"https:\\\/\\\/theuncommonshop.ch\\\/fr\\\/product\\\/the-acrylic-box-yu-gi-oh-booster-display-acryl-case-2\\\/#primaryimage\"},\"image\":{\"@id\":\"https:\\\/\\\/theuncommonshop.ch\\\/fr\\\/product\\\/the-acrylic-box-yu-gi-oh-booster-display-acryl-case-2\\\/#primaryimage\"},\"thumbnailUrl\":\"https:\\\/\\\/theuncommonshop.ch\\\/wp-content\\\/uploads\\\/2025\\\/12\\\/5445107888.jpg\",\"datePublished\":\"2025-12-31T05:18:42+00:00\",\"dateModified\":\"2026-03-31T13:21:42+00:00\",\"description\":\"Ach\u00e8te The Acrylic Box - Yu-Gi-Oh Booster Display - Acryl Case en ligne maintenant \u00e0 petit prix! Ton #1 shop pour cartes TCG & Pok\u00e9mon en Suisse \u2713 Livraison gratuite d\u00e8s CHF 29\",\"breadcrumb\":{\"@id\":\"https:\\\/\\\/theuncommonshop.ch\\\/fr\\\/product\\\/the-acrylic-box-yu-gi-oh-booster-display-acryl-case-2\\\/#breadcrumb\"},\"inLanguage\":\"fr-FR\",\"potentialAction\":[{\"@type\":\"ReadAction\",\"target\":[\"https:\\\/\\\/theuncommonshop.ch\\\/fr\\\/product\\\/the-acrylic-box-yu-gi-oh-booster-display-acryl-case-2\\\/\"]}]},{\"@type\":\"ImageObject\",\"inLanguage\":\"fr-FR\",\"@id\":\"https:\\\/\\\/theuncommonshop.ch\\\/fr\\\/product\\\/the-acrylic-box-yu-gi-oh-booster-display-acryl-case-2\\\/#primaryimage\",\"url\":\"https:\\\/\\\/theuncommonshop.ch\\\/wp-content\\\/uploads\\\/2025\\\/12\\\/5445107888.jpg\",\"contentUrl\":\"https:\\\/\\\/theuncommonshop.ch\\\/wp-content\\\/uploads\\\/2025\\\/12\\\/5445107888.jpg\",\"width\":1920,\"height\":1280},{\"@type\":\"BreadcrumbList\",\"@id\":\"https:\\\/\\\/theuncommonshop.ch\\\/fr\\\/product\\\/the-acrylic-box-yu-gi-oh-booster-display-acryl-case-2\\\/#breadcrumb\",\"itemListElement\":[{\"@type\":\"ListItem\",\"position\":1,\"name\":\"Accueil\",\"item\":\"https:\\\/\\\/theuncommonshop.ch\\\/fr\\\/accueil\\\/\"},{\"@type\":\"ListItem\",\"position\":2,\"name\":\"Boutique\",\"item\":\"https:\\\/\\\/theuncommonshop.ch\\\/fr\\\/boutique\\\/\"},{\"@type\":\"ListItem\",\"position\":3,\"name\":\"Accessoires TCG\",\"item\":\"https:\\\/\\\/theuncommonshop.ch\\\/fr\\\/categorie-produit\\\/accessoires-tcg\\\/\"},{\"@type\":\"ListItem\",\"position\":4,\"name\":\"Protection des cartes\",\"item\":\"https:\\\/\\\/theuncommonshop.ch\\\/fr\\\/categorie-produit\\\/accessoires-tcg\\\/protection-des-cartes\\\/\"},{\"@type\":\"ListItem\",\"position\":5,\"name\":\"The Acrylic Box &#8211; Yu-Gi-Oh Booster Display &#8211; Acryl Case\"}]},{\"@type\":\"WebSite\",\"@id\":\"https:\\\/\\\/theuncommonshop.ch\\\/fr\\\/#website\",\"url\":\"https:\\\/\\\/theuncommonshop.ch\\\/fr\\\/\",\"name\":\"The Uncommon Shop\",\"description\":\"Magic, Pok\u00e9mon and Yu-gi-oh - The Uncommon Shop\",\"potentialAction\":[{\"@type\":\"SearchAction\",\"target\":{\"@type\":\"EntryPoint\",\"urlTemplate\":\"https:\\\/\\\/theuncommonshop.ch\\\/fr\\\/?s={search_term_string}\"},\"query-input\":{\"@type\":\"PropertyValueSpecification\",\"valueRequired\":true,\"valueName\":\"search_term_string\"}}],\"inLanguage\":\"fr-FR\"}]}<\/script>\n<meta property=\"product:price:amount\" content=\"32.95\" \/>\n<meta property=\"product:price:currency\" content=\"CHF\" \/>\n<meta property=\"og:availability\" content=\"out of stock\" \/>\n<meta property=\"product:availability\" content=\"out of stock\" \/>\n<meta property=\"product:retailer_item_id\" content=\"SHOP.AcrylicBoxYugiAcrylCase\" \/>\n<meta property=\"product:condition\" content=\"new\" \/>\n<!-- \/ Yoast SEO plugin. -->","yoast_head_json":{"title":"Ach\u00e8te The Acrylic Box - Yu-Gi-Oh Booster Display - Acryl Case","description":"Ach\u00e8te The Acrylic Box - Yu-Gi-Oh Booster Display - Acryl Case en ligne maintenant \u00e0 petit prix! Ton #1 shop pour cartes TCG & Pok\u00e9mon en Suisse \u2713 Livraison gratuite d\u00e8s CHF 29","robots":{"index":"index","follow":"follow","max-snippet":"max-snippet:-1","max-image-preview":"max-image-preview:large","max-video-preview":"max-video-preview:-1"},"canonical":"https:\/\/theuncommonshop.ch\/fr\/product\/the-acrylic-box-yu-gi-oh-booster-display-acryl-case-2\/","og_locale":"fr_FR","og_type":"article","og_title":"Ach\u00e8te The Acrylic Box - Yu-Gi-Oh Booster Display - Acryl Case","og_description":"Ach\u00e8te The Acrylic Box - Yu-Gi-Oh Booster Display - Acryl Case en ligne maintenant \u00e0 petit prix! Ton #1 shop pour cartes TCG & Pok\u00e9mon en Suisse \u2713 Livraison gratuite d\u00e8s CHF 29","og_url":"https:\/\/theuncommonshop.ch\/fr\/product\/the-acrylic-box-yu-gi-oh-booster-display-acryl-case-2\/","og_site_name":"The Uncommon Shop","article_modified_time":"2026-03-31T13:21:42+00:00","og_image":[{"width":1920,"height":1280,"url":"https:\/\/theuncommonshop.ch\/wp-content\/uploads\/2025\/12\/5445107888.jpg","type":"image\/jpeg"}],"twitter_card":"summary_large_image","twitter_misc":{"Prix":"&#67;&#72;&#70;&nbsp;32.95","Disponibilit\u00e9":"Rupture de stock"},"schema":{"@context":"https:\/\/schema.org","@graph":[{"@type":"WebPage","@id":"https:\/\/theuncommonshop.ch\/fr\/product\/the-acrylic-box-yu-gi-oh-booster-display-acryl-case-2\/","url":"https:\/\/theuncommonshop.ch\/fr\/product\/the-acrylic-box-yu-gi-oh-booster-display-acryl-case-2\/","name":"Ach\u00e8te The Acrylic Box - Yu-Gi-Oh Booster Display - Acryl Case","isPartOf":{"@id":"https:\/\/theuncommonshop.ch\/fr\/#website"},"primaryImageOfPage":{"@id":"https:\/\/theuncommonshop.ch\/fr\/product\/the-acrylic-box-yu-gi-oh-booster-display-acryl-case-2\/#primaryimage"},"image":{"@id":"https:\/\/theuncommonshop.ch\/fr\/product\/the-acrylic-box-yu-gi-oh-booster-display-acryl-case-2\/#primaryimage"},"thumbnailUrl":"https:\/\/theuncommonshop.ch\/wp-content\/uploads\/2025\/12\/5445107888.jpg","datePublished":"2025-12-31T05:18:42+00:00","dateModified":"2026-03-31T13:21:42+00:00","description":"Ach\u00e8te The Acrylic Box - Yu-Gi-Oh Booster Display - Acryl Case en ligne maintenant \u00e0 petit prix! Ton #1 shop pour cartes TCG & Pok\u00e9mon en Suisse \u2713 Livraison gratuite d\u00e8s CHF 29","breadcrumb":{"@id":"https:\/\/theuncommonshop.ch\/fr\/product\/the-acrylic-box-yu-gi-oh-booster-display-acryl-case-2\/#breadcrumb"},"inLanguage":"fr-FR","potentialAction":[{"@type":"ReadAction","target":["https:\/\/theuncommonshop.ch\/fr\/product\/the-acrylic-box-yu-gi-oh-booster-display-acryl-case-2\/"]}]},{"@type":"ImageObject","inLanguage":"fr-FR","@id":"https:\/\/theuncommonshop.ch\/fr\/product\/the-acrylic-box-yu-gi-oh-booster-display-acryl-case-2\/#primaryimage","url":"https:\/\/theuncommonshop.ch\/wp-content\/uploads\/2025\/12\/5445107888.jpg","contentUrl":"https:\/\/theuncommonshop.ch\/wp-content\/uploads\/2025\/12\/5445107888.jpg","width":1920,"height":1280},{"@type":"BreadcrumbList","@id":"https:\/\/theuncommonshop.ch\/fr\/product\/the-acrylic-box-yu-gi-oh-booster-display-acryl-case-2\/#breadcrumb","itemListElement":[{"@type":"ListItem","position":1,"name":"Accueil","item":"https:\/\/theuncommonshop.ch\/fr\/accueil\/"},{"@type":"ListItem","position":2,"name":"Boutique","item":"https:\/\/theuncommonshop.ch\/fr\/boutique\/"},{"@type":"ListItem","position":3,"name":"Accessoires TCG","item":"https:\/\/theuncommonshop.ch\/fr\/categorie-produit\/accessoires-tcg\/"},{"@type":"ListItem","position":4,"name":"Protection des cartes","item":"https:\/\/theuncommonshop.ch\/fr\/categorie-produit\/accessoires-tcg\/protection-des-cartes\/"},{"@type":"ListItem","position":5,"name":"The Acrylic Box &#8211; Yu-Gi-Oh Booster Display &#8211; Acryl Case"}]},{"@type":"WebSite","@id":"https:\/\/theuncommonshop.ch\/fr\/#website","url":"https:\/\/theuncommonshop.ch\/fr\/","name":"The Uncommon Shop","description":"Magic, Pok\u00e9mon and Yu-gi-oh - The Uncommon Shop","potentialAction":[{"@type":"SearchAction","target":{"@type":"EntryPoint","urlTemplate":"https:\/\/theuncommonshop.ch\/fr\/?s={search_term_string}"},"query-input":{"@type":"PropertyValueSpecification","valueRequired":true,"valueName":"search_term_string"}}],"inLanguage":"fr-FR"}]},"product_price_amount":"32.95","product_price_currency":"CHF","og_availability":"out of stock","product_availability":"out of stock","product_retailer_item_id":"SHOP.AcrylicBoxYugiAcrylCase","product_condition":"new"},"_links":{"self":[{"href":"https:\/\/theuncommonshop.ch\/fr\/wp-json\/wp\/v2\/product\/311921","targetHints":{"allow":["GET"]}}],"collection":[{"href":"https:\/\/theuncommonshop.ch\/fr\/wp-json\/wp\/v2\/product"}],"about":[{"href":"https:\/\/theuncommonshop.ch\/fr\/wp-json\/wp\/v2\/types\/product"}],"replies":[{"embeddable":true,"href":"https:\/\/theuncommonshop.ch\/fr\/wp-json\/wp\/v2\/comments?post=311921"}],"version-history":[{"count":0,"href":"https:\/\/theuncommonshop.ch\/fr\/wp-json\/wp\/v2\/product\/311921\/revisions"}],"wp:featuredmedia":[{"embeddable":true,"href":"https:\/\/theuncommonshop.ch\/fr\/wp-json\/wp\/v2\/media\/273718"}],"wp:attachment":[{"href":"https:\/\/theuncommonshop.ch\/fr\/wp-json\/wp\/v2\/media?parent=311921"}],"wp:term":[{"taxonomy":"product_brand","embeddable":true,"href":"https:\/\/theuncommonshop.ch\/fr\/wp-json\/wp\/v2\/product_brand?post=311921"},{"taxonomy":"product_cat","embeddable":true,"href":"https:\/\/theuncommonshop.ch\/fr\/wp-json\/wp\/v2\/product_cat?post=311921"},{"taxonomy":"product_tag","embeddable":true,"href":"https:\/\/theuncommonshop.ch\/fr\/wp-json\/wp\/v2\/product_tag?post=311921"}],"curies":[{"name":"wp","href":"https:\/\/api.w.org\/{rel}","templated":true}]}}