{"id":311902,"date":"2025-12-31T05:13:34","date_gmt":"2025-12-31T04:13:34","guid":{"rendered":"http:\/\/theuncommonshop.ch\/produkt\/311902\/"},"modified":"2026-03-31T13:24:40","modified_gmt":"2026-03-31T11:24:40","slug":"protecc-semi-rigid-card-holder-binder-lime-green-2","status":"publish","type":"product","link":"https:\/\/theuncommonshop.ch\/fr\/product\/protecc-semi-rigid-card-holder-binder-lime-green-2\/","title":{"rendered":"Protecc &#8211; Relieur de porte-cartes Semi Rigid &#8211; Vert Lime"},"content":{"rendered":"<p>Le Card Holder Binder Semi Rigid de Guardium combine protection, organisation et design \u00e9l\u00e9gant dans un produit haut de gamme. Sa couverture rembourr\u00e9e et son mat\u00e9riau imperm\u00e9able prot\u00e8gent votre collection \u00e0 tout moment. Une fermeture \u00e0 glissi\u00e8re s\u00e9curis\u00e9e assure que tout reste bien ferm\u00e9, tandis que 14 pages double face avec 6 poches peuvent contenir jusqu&#8217;\u00e0 168 cartes. Des pochettes lat\u00e9rales assurent une s\u00e9curit\u00e9 et une stabilit\u00e9 suppl\u00e9mentaires. Le classeur est exempt d&#8217;acide et de PVC, ce qui permet de conserver vos cartes en parfait \u00e9tat pendant des ann\u00e9es. De plus, il offre un espace sp\u00e9cial pour un AirTag, un sachet de gel de silice, deux Slabs et un Mini Snap Aurell, ce qui en fait la solution ultime pour les collectionneurs s\u00e9rieux.     <\/p>\n","protected":false},"excerpt":{"rendered":"<p>Le Card Holder Binder Semi Rigid de Guardium combine protection, organisation et design \u00e9l\u00e9gant dans un produit haut de gamme.<\/p>\n","protected":false},"featured_media":273554,"comment_status":"open","ping_status":"closed","template":"","meta":{"_acf_changed":false},"product_brand":[5120],"product_cat":[9859,9863,10265,10031,10261],"product_tag":[],"class_list":{"0":"post-311902","1":"product","2":"type-product","3":"status-publish","4":"has-post-thumbnail","6":"product_brand-protecc","7":"product_cat-accessoires-tcg","8":"product_cat-binder-fr","9":"product_cat-binder-special","10":"product_cat-tous-les-binder","11":"product_cat-unicolore","13":"first","14":"instock","15":"taxable","16":"shipping-taxable","17":"purchasable","18":"product-type-simple"},"acf":[],"yoast_head":"<!-- This site is optimized with the Yoast SEO plugin v27.5 - https:\/\/yoast.com\/product\/yoast-seo-wordpress\/ -->\n<title>Ach\u00e8te Protecc - Relieur de porte-cartes Semi Rigid - Vert Lime<\/title>\n<meta name=\"description\" content=\"Ach\u00e8te Protecc - Relieur de porte-cartes Semi Rigid - Vert Lime en ligne maintenant \u00e0 petit prix! Ton #1 shop pour cartes TCG &amp; Pok\u00e9mon en Suisse \u2713 Livraison gratuite d\u00e8s CHF 29\" \/>\n<meta name=\"robots\" content=\"index, follow, max-snippet:-1, max-image-preview:large, max-video-preview:-1\" \/>\n<link rel=\"canonical\" href=\"https:\/\/theuncommonshop.ch\/fr\/product\/protecc-semi-rigid-card-holder-binder-lime-green-2\/\" \/>\n<meta property=\"og:locale\" content=\"fr_FR\" \/>\n<meta property=\"og:type\" content=\"article\" \/>\n<meta property=\"og:title\" content=\"Ach\u00e8te Protecc - Relieur de porte-cartes Semi Rigid - Vert Lime\" \/>\n<meta property=\"og:description\" content=\"Ach\u00e8te Protecc - Relieur de porte-cartes Semi Rigid - Vert Lime en ligne maintenant \u00e0 petit prix! Ton #1 shop pour cartes TCG &amp; Pok\u00e9mon en Suisse \u2713 Livraison gratuite d\u00e8s CHF 29\" \/>\n<meta property=\"og:url\" content=\"https:\/\/theuncommonshop.ch\/fr\/product\/protecc-semi-rigid-card-holder-binder-lime-green-2\/\" \/>\n<meta property=\"og:site_name\" content=\"The Uncommon Shop\" \/>\n<meta property=\"article:modified_time\" content=\"2026-03-31T11:24:40+00:00\" \/>\n<meta property=\"og:image\" content=\"https:\/\/theuncommonshop.ch\/wp-content\/uploads\/2025\/12\/5438958356.png\" \/>\n\t<meta property=\"og:image:width\" content=\"1500\" \/>\n\t<meta property=\"og:image:height\" content=\"1500\" \/>\n\t<meta property=\"og:image:type\" content=\"image\/png\" \/>\n<meta name=\"twitter:card\" content=\"summary_large_image\" \/>\n<meta name=\"twitter:label1\" content=\"Prix\" \/>\n\t<meta name=\"twitter:data1\" content=\"&#067;&#072;&#070;&nbsp;44.95\" \/>\n\t<meta name=\"twitter:label2\" content=\"Disponibilit\u00e9\" \/>\n\t<meta name=\"twitter:data2\" content=\"En stock\" \/>\n<script type=\"application\/ld+json\" class=\"yoast-schema-graph\">{\"@context\":\"https:\\\/\\\/schema.org\",\"@graph\":[{\"@type\":\"WebPage\",\"@id\":\"https:\\\/\\\/theuncommonshop.ch\\\/fr\\\/product\\\/protecc-semi-rigid-card-holder-binder-lime-green-2\\\/\",\"url\":\"https:\\\/\\\/theuncommonshop.ch\\\/fr\\\/product\\\/protecc-semi-rigid-card-holder-binder-lime-green-2\\\/\",\"name\":\"Ach\u00e8te Protecc - Relieur de porte-cartes Semi Rigid - Vert Lime\",\"isPartOf\":{\"@id\":\"https:\\\/\\\/theuncommonshop.ch\\\/fr\\\/#website\"},\"primaryImageOfPage\":{\"@id\":\"https:\\\/\\\/theuncommonshop.ch\\\/fr\\\/product\\\/protecc-semi-rigid-card-holder-binder-lime-green-2\\\/#primaryimage\"},\"image\":{\"@id\":\"https:\\\/\\\/theuncommonshop.ch\\\/fr\\\/product\\\/protecc-semi-rigid-card-holder-binder-lime-green-2\\\/#primaryimage\"},\"thumbnailUrl\":\"https:\\\/\\\/theuncommonshop.ch\\\/wp-content\\\/uploads\\\/2025\\\/12\\\/5438958356.png\",\"datePublished\":\"2025-12-31T04:13:34+00:00\",\"dateModified\":\"2026-03-31T11:24:40+00:00\",\"description\":\"Ach\u00e8te Protecc - Relieur de porte-cartes Semi Rigid - Vert Lime en ligne maintenant \u00e0 petit prix! Ton #1 shop pour cartes TCG & Pok\u00e9mon en Suisse \u2713 Livraison gratuite d\u00e8s CHF 29\",\"breadcrumb\":{\"@id\":\"https:\\\/\\\/theuncommonshop.ch\\\/fr\\\/product\\\/protecc-semi-rigid-card-holder-binder-lime-green-2\\\/#breadcrumb\"},\"inLanguage\":\"fr-FR\",\"potentialAction\":[{\"@type\":\"ReadAction\",\"target\":[\"https:\\\/\\\/theuncommonshop.ch\\\/fr\\\/product\\\/protecc-semi-rigid-card-holder-binder-lime-green-2\\\/\"]}]},{\"@type\":\"ImageObject\",\"inLanguage\":\"fr-FR\",\"@id\":\"https:\\\/\\\/theuncommonshop.ch\\\/fr\\\/product\\\/protecc-semi-rigid-card-holder-binder-lime-green-2\\\/#primaryimage\",\"url\":\"https:\\\/\\\/theuncommonshop.ch\\\/wp-content\\\/uploads\\\/2025\\\/12\\\/5438958356.png\",\"contentUrl\":\"https:\\\/\\\/theuncommonshop.ch\\\/wp-content\\\/uploads\\\/2025\\\/12\\\/5438958356.png\",\"width\":1500,\"height\":1500},{\"@type\":\"BreadcrumbList\",\"@id\":\"https:\\\/\\\/theuncommonshop.ch\\\/fr\\\/product\\\/protecc-semi-rigid-card-holder-binder-lime-green-2\\\/#breadcrumb\",\"itemListElement\":[{\"@type\":\"ListItem\",\"position\":1,\"name\":\"Accueil\",\"item\":\"https:\\\/\\\/theuncommonshop.ch\\\/fr\\\/accueil\\\/\"},{\"@type\":\"ListItem\",\"position\":2,\"name\":\"Boutique\",\"item\":\"https:\\\/\\\/theuncommonshop.ch\\\/fr\\\/boutique\\\/\"},{\"@type\":\"ListItem\",\"position\":3,\"name\":\"Accessoires TCG\",\"item\":\"https:\\\/\\\/theuncommonshop.ch\\\/fr\\\/categorie-produit\\\/accessoires-tcg\\\/\"},{\"@type\":\"ListItem\",\"position\":4,\"name\":\"Binder\",\"item\":\"https:\\\/\\\/theuncommonshop.ch\\\/fr\\\/categorie-produit\\\/accessoires-tcg\\\/binder-fr\\\/\"},{\"@type\":\"ListItem\",\"position\":5,\"name\":\"Tous les Binder\",\"item\":\"https:\\\/\\\/theuncommonshop.ch\\\/fr\\\/categorie-produit\\\/accessoires-tcg\\\/binder-fr\\\/tous-les-binder\\\/\"},{\"@type\":\"ListItem\",\"position\":6,\"name\":\"Protecc &#8211; Relieur de porte-cartes Semi Rigid &#8211; Vert Lime\"}]},{\"@type\":\"WebSite\",\"@id\":\"https:\\\/\\\/theuncommonshop.ch\\\/fr\\\/#website\",\"url\":\"https:\\\/\\\/theuncommonshop.ch\\\/fr\\\/\",\"name\":\"The Uncommon Shop\",\"description\":\"Magic, Pok\u00e9mon and Yu-gi-oh - The Uncommon Shop\",\"potentialAction\":[{\"@type\":\"SearchAction\",\"target\":{\"@type\":\"EntryPoint\",\"urlTemplate\":\"https:\\\/\\\/theuncommonshop.ch\\\/fr\\\/?s={search_term_string}\"},\"query-input\":{\"@type\":\"PropertyValueSpecification\",\"valueRequired\":true,\"valueName\":\"search_term_string\"}}],\"inLanguage\":\"fr-FR\"}]}<\/script>\n<meta property=\"product:price:amount\" content=\"44.95\" \/>\n<meta property=\"product:price:currency\" content=\"CHF\" \/>\n<meta property=\"og:availability\" content=\"instock\" \/>\n<meta property=\"product:availability\" content=\"instock\" \/>\n<meta property=\"product:retailer_item_id\" content=\"ZU.VII.J.SemiBinderLimeGreen\" \/>\n<meta property=\"product:condition\" content=\"new\" \/>\n<!-- \/ Yoast SEO plugin. -->","yoast_head_json":{"title":"Ach\u00e8te Protecc - Relieur de porte-cartes Semi Rigid - Vert Lime","description":"Ach\u00e8te Protecc - Relieur de porte-cartes Semi Rigid - Vert Lime en ligne maintenant \u00e0 petit prix! Ton #1 shop pour cartes TCG & Pok\u00e9mon en Suisse \u2713 Livraison gratuite d\u00e8s CHF 29","robots":{"index":"index","follow":"follow","max-snippet":"max-snippet:-1","max-image-preview":"max-image-preview:large","max-video-preview":"max-video-preview:-1"},"canonical":"https:\/\/theuncommonshop.ch\/fr\/product\/protecc-semi-rigid-card-holder-binder-lime-green-2\/","og_locale":"fr_FR","og_type":"article","og_title":"Ach\u00e8te Protecc - Relieur de porte-cartes Semi Rigid - Vert Lime","og_description":"Ach\u00e8te Protecc - Relieur de porte-cartes Semi Rigid - Vert Lime en ligne maintenant \u00e0 petit prix! Ton #1 shop pour cartes TCG & Pok\u00e9mon en Suisse \u2713 Livraison gratuite d\u00e8s CHF 29","og_url":"https:\/\/theuncommonshop.ch\/fr\/product\/protecc-semi-rigid-card-holder-binder-lime-green-2\/","og_site_name":"The Uncommon Shop","article_modified_time":"2026-03-31T11:24:40+00:00","og_image":[{"width":1500,"height":1500,"url":"https:\/\/theuncommonshop.ch\/wp-content\/uploads\/2025\/12\/5438958356.png","type":"image\/png"}],"twitter_card":"summary_large_image","twitter_misc":{"Prix":"&#67;&#72;&#70;&nbsp;44.95","Disponibilit\u00e9":"En stock"},"schema":{"@context":"https:\/\/schema.org","@graph":[{"@type":"WebPage","@id":"https:\/\/theuncommonshop.ch\/fr\/product\/protecc-semi-rigid-card-holder-binder-lime-green-2\/","url":"https:\/\/theuncommonshop.ch\/fr\/product\/protecc-semi-rigid-card-holder-binder-lime-green-2\/","name":"Ach\u00e8te Protecc - Relieur de porte-cartes Semi Rigid - Vert Lime","isPartOf":{"@id":"https:\/\/theuncommonshop.ch\/fr\/#website"},"primaryImageOfPage":{"@id":"https:\/\/theuncommonshop.ch\/fr\/product\/protecc-semi-rigid-card-holder-binder-lime-green-2\/#primaryimage"},"image":{"@id":"https:\/\/theuncommonshop.ch\/fr\/product\/protecc-semi-rigid-card-holder-binder-lime-green-2\/#primaryimage"},"thumbnailUrl":"https:\/\/theuncommonshop.ch\/wp-content\/uploads\/2025\/12\/5438958356.png","datePublished":"2025-12-31T04:13:34+00:00","dateModified":"2026-03-31T11:24:40+00:00","description":"Ach\u00e8te Protecc - Relieur de porte-cartes Semi Rigid - Vert Lime en ligne maintenant \u00e0 petit prix! Ton #1 shop pour cartes TCG & Pok\u00e9mon en Suisse \u2713 Livraison gratuite d\u00e8s CHF 29","breadcrumb":{"@id":"https:\/\/theuncommonshop.ch\/fr\/product\/protecc-semi-rigid-card-holder-binder-lime-green-2\/#breadcrumb"},"inLanguage":"fr-FR","potentialAction":[{"@type":"ReadAction","target":["https:\/\/theuncommonshop.ch\/fr\/product\/protecc-semi-rigid-card-holder-binder-lime-green-2\/"]}]},{"@type":"ImageObject","inLanguage":"fr-FR","@id":"https:\/\/theuncommonshop.ch\/fr\/product\/protecc-semi-rigid-card-holder-binder-lime-green-2\/#primaryimage","url":"https:\/\/theuncommonshop.ch\/wp-content\/uploads\/2025\/12\/5438958356.png","contentUrl":"https:\/\/theuncommonshop.ch\/wp-content\/uploads\/2025\/12\/5438958356.png","width":1500,"height":1500},{"@type":"BreadcrumbList","@id":"https:\/\/theuncommonshop.ch\/fr\/product\/protecc-semi-rigid-card-holder-binder-lime-green-2\/#breadcrumb","itemListElement":[{"@type":"ListItem","position":1,"name":"Accueil","item":"https:\/\/theuncommonshop.ch\/fr\/accueil\/"},{"@type":"ListItem","position":2,"name":"Boutique","item":"https:\/\/theuncommonshop.ch\/fr\/boutique\/"},{"@type":"ListItem","position":3,"name":"Accessoires TCG","item":"https:\/\/theuncommonshop.ch\/fr\/categorie-produit\/accessoires-tcg\/"},{"@type":"ListItem","position":4,"name":"Binder","item":"https:\/\/theuncommonshop.ch\/fr\/categorie-produit\/accessoires-tcg\/binder-fr\/"},{"@type":"ListItem","position":5,"name":"Tous les Binder","item":"https:\/\/theuncommonshop.ch\/fr\/categorie-produit\/accessoires-tcg\/binder-fr\/tous-les-binder\/"},{"@type":"ListItem","position":6,"name":"Protecc &#8211; Relieur de porte-cartes Semi Rigid &#8211; Vert Lime"}]},{"@type":"WebSite","@id":"https:\/\/theuncommonshop.ch\/fr\/#website","url":"https:\/\/theuncommonshop.ch\/fr\/","name":"The Uncommon Shop","description":"Magic, Pok\u00e9mon and Yu-gi-oh - The Uncommon Shop","potentialAction":[{"@type":"SearchAction","target":{"@type":"EntryPoint","urlTemplate":"https:\/\/theuncommonshop.ch\/fr\/?s={search_term_string}"},"query-input":{"@type":"PropertyValueSpecification","valueRequired":true,"valueName":"search_term_string"}}],"inLanguage":"fr-FR"}]},"product_price_amount":"44.95","product_price_currency":"CHF","og_availability":"instock","product_availability":"instock","product_retailer_item_id":"ZU.VII.J.SemiBinderLimeGreen","product_condition":"new"},"_links":{"self":[{"href":"https:\/\/theuncommonshop.ch\/fr\/wp-json\/wp\/v2\/product\/311902","targetHints":{"allow":["GET"]}}],"collection":[{"href":"https:\/\/theuncommonshop.ch\/fr\/wp-json\/wp\/v2\/product"}],"about":[{"href":"https:\/\/theuncommonshop.ch\/fr\/wp-json\/wp\/v2\/types\/product"}],"replies":[{"embeddable":true,"href":"https:\/\/theuncommonshop.ch\/fr\/wp-json\/wp\/v2\/comments?post=311902"}],"version-history":[{"count":0,"href":"https:\/\/theuncommonshop.ch\/fr\/wp-json\/wp\/v2\/product\/311902\/revisions"}],"wp:featuredmedia":[{"embeddable":true,"href":"https:\/\/theuncommonshop.ch\/fr\/wp-json\/wp\/v2\/media\/273554"}],"wp:attachment":[{"href":"https:\/\/theuncommonshop.ch\/fr\/wp-json\/wp\/v2\/media?parent=311902"}],"wp:term":[{"taxonomy":"product_brand","embeddable":true,"href":"https:\/\/theuncommonshop.ch\/fr\/wp-json\/wp\/v2\/product_brand?post=311902"},{"taxonomy":"product_cat","embeddable":true,"href":"https:\/\/theuncommonshop.ch\/fr\/wp-json\/wp\/v2\/product_cat?post=311902"},{"taxonomy":"product_tag","embeddable":true,"href":"https:\/\/theuncommonshop.ch\/fr\/wp-json\/wp\/v2\/product_tag?post=311902"}],"curies":[{"name":"wp","href":"https:\/\/api.w.org\/{rel}","templated":true}]}}