{"id":311844,"date":"2025-12-31T04:59:00","date_gmt":"2025-12-31T03:59:00","guid":{"rendered":"http:\/\/theuncommonshop.ch\/produkt\/311844\/"},"modified":"2026-03-31T18:35:53","modified_gmt":"2026-03-31T16:35:53","slug":"magic-secret-lair-x-playstation-horizon-into-the-forbidden-west-en-2","status":"publish","type":"product","link":"https:\/\/theuncommonshop.ch\/fr\/product\/magic-secret-lair-x-playstation-horizon-into-the-forbidden-west-en-2\/","title":{"rendered":"Magic : Secret Lair x PlayStation &#8211; Horizon : Into The Forbidden West &#8211; EN"},"content":{"rendered":"<p><em>&#8220;Il ne s&#8217;agit pas de l&#8217;espoir \u00e9ventuel de cr\u00e9er un nouveau monde. Il s&#8217;agit de sauver celui que nous avons&#8221;. <\/em><\/p>\n<p>En 2022, les joueurs pouvaient incarner Aloy dans Horizon Forbidden West et retourner dans la nature sauvage luxuriante de l&#8217;apr\u00e8s-apocalypse. Entre des fronti\u00e8res mortelles, Aloy a \u00e9t\u00e9 confront\u00e9e \u00e0 de nouvelles menaces provenant des dangereuses machines qui errent dans la nature et du pass\u00e9 oubli\u00e9 de l&#8217;Ancien Monde. Avec ses alli\u00e9s, elle s&#8217;est battue pour un avenir meilleur, et maintenant elle se bat \u00e0 vos c\u00f4t\u00e9s dans le cadre de votre Deck Magic : The Gathering.  <\/p>\n<p>En plus d&#8217;une toute nouvelle carte Magic repr\u00e9sentant la plus grande chasseuse de machines du monde elle-m\u00eame, le drop Secret Lair x Horizon : Into The Forbidden West pr\u00e9sente \u00e9galement les impressionnantes machines colossales qui ont fait la r\u00e9putation de la s\u00e9rie. Regardez vers le bas depuis une perspective \u00e0 long cou avec Farseek, jouez un Blightsteel Colossus en tant que machine de guerre ancestrale &#8220;FAS-BOR7 Horus&#8221; ou un Meteor Golem en tant que &#8220;Thunderjaw&#8221;. Et avec Tarrian&#8217;s Soulcleaver comme l&#8217;arc &#8220;Regalla&#8217;s Wrath&#8221; qu&#8217;Aloy a gagn\u00e9 \u00e0 la Kulrut, vous pouvez \u00eatre s\u00fbr que la sauveuse de Meridian sera enti\u00e8rement \u00e9quip\u00e9e pour son voyage vers l&#8217;Ouest Interdit.  <\/p>\n<ul>\n<li>1x Aloy, Sauveur de Meridian<\/li>\n<li>1x Farseek<\/li>\n<li>1x Blightsteel Colossus as &#8220;FAS-BOR7 Horus<\/li>\n<li>1x Tarrian&#8217;s Soulcleaver as &#8220;La col\u00e8re de Regalla<\/li>\n<li>1x Golem m\u00e9t\u00e9ore en tant que &#8220;Thunderjaw&#8221;.<\/li>\n<\/ul>\n","protected":false},"excerpt":{"rendered":"<p>&#8220;Il ne s&#8217;agit pas de l&#8217;espoir \u00e9ventuel de cr\u00e9er un nouveau monde. Il s&#8217;agit de sauver celui que nous avons&#8221;.<\/p>\n","protected":false},"featured_media":271244,"comment_status":"open","ping_status":"closed","template":"","meta":{"_acf_changed":false},"product_brand":[5168,5158,5070],"product_cat":[9973,9967,10159],"product_tag":[],"class_list":{"0":"post-311844","1":"product","2":"type-product","3":"status-publish","4":"has-post-thumbnail","6":"product_brand-magic-the-gathering","8":"product_brand-wizards-of-the-coast","9":"product_cat-autres","10":"product_cat-magic-the-gathering-fr","11":"product_cat-secret-lair","13":"first","14":"instock","15":"taxable","16":"shipping-taxable","17":"purchasable","18":"product-type-variable"},"acf":[],"yoast_head":"<!-- This site is optimized with the Yoast SEO plugin v27.4 - https:\/\/yoast.com\/product\/yoast-seo-wordpress\/ -->\n<title>Ach\u00e8te Magic : Secret Lair x PlayStation - Horizon : Into The Forbidden West - EN<\/title>\n<meta name=\"description\" content=\"Ach\u00e8te Magic : Secret Lair x PlayStation - Horizon : Into The Forbidden West - EN en ligne maintenant \u00e0 petit prix! Ton #1 shop pour cartes TCG &amp; Pok\u00e9mon en Suisse \u2713 Livraison gratuite d\u00e8s CHF 29\" \/>\n<meta name=\"robots\" content=\"index, follow, max-snippet:-1, max-image-preview:large, max-video-preview:-1\" \/>\n<link rel=\"canonical\" href=\"https:\/\/theuncommonshop.ch\/fr\/product\/magic-secret-lair-x-playstation-horizon-into-the-forbidden-west-en-2\/\" \/>\n<meta property=\"og:locale\" content=\"fr_FR\" \/>\n<meta property=\"og:type\" content=\"article\" \/>\n<meta property=\"og:title\" content=\"Ach\u00e8te Magic : Secret Lair x PlayStation - Horizon : Into The Forbidden West - EN\" \/>\n<meta property=\"og:description\" content=\"Ach\u00e8te Magic : Secret Lair x PlayStation - Horizon : Into The Forbidden West - EN en ligne maintenant \u00e0 petit prix! Ton #1 shop pour cartes TCG &amp; Pok\u00e9mon en Suisse \u2713 Livraison gratuite d\u00e8s CHF 29\" \/>\n<meta property=\"og:url\" content=\"https:\/\/theuncommonshop.ch\/fr\/product\/magic-secret-lair-x-playstation-horizon-into-the-forbidden-west-en-2\/\" \/>\n<meta property=\"og:site_name\" content=\"The Uncommon Shop\" \/>\n<meta property=\"article:modified_time\" content=\"2026-03-31T16:35:53+00:00\" \/>\n<meta property=\"og:image\" content=\"https:\/\/theuncommonshop.ch\/wp-content\/uploads\/2025\/12\/5356970515.webp\" \/>\n\t<meta property=\"og:image:width\" content=\"636\" \/>\n\t<meta property=\"og:image:height\" content=\"636\" \/>\n\t<meta property=\"og:image:type\" content=\"image\/webp\" \/>\n<meta name=\"twitter:card\" content=\"summary_large_image\" \/>\n<meta name=\"twitter:label1\" content=\"Disponibilit\u00e9\" \/>\n\t<meta name=\"twitter:data1\" content=\"En stock\" \/>\n<script type=\"application\/ld+json\" class=\"yoast-schema-graph\">{\"@context\":\"https:\\\/\\\/schema.org\",\"@graph\":[{\"@type\":\"WebPage\",\"@id\":\"https:\\\/\\\/theuncommonshop.ch\\\/fr\\\/product\\\/magic-secret-lair-x-playstation-horizon-into-the-forbidden-west-en-2\\\/\",\"url\":\"https:\\\/\\\/theuncommonshop.ch\\\/fr\\\/product\\\/magic-secret-lair-x-playstation-horizon-into-the-forbidden-west-en-2\\\/\",\"name\":\"Ach\u00e8te Magic : Secret Lair x PlayStation - Horizon : Into The Forbidden West - EN\",\"isPartOf\":{\"@id\":\"https:\\\/\\\/theuncommonshop.ch\\\/fr\\\/#website\"},\"primaryImageOfPage\":{\"@id\":\"https:\\\/\\\/theuncommonshop.ch\\\/fr\\\/product\\\/magic-secret-lair-x-playstation-horizon-into-the-forbidden-west-en-2\\\/#primaryimage\"},\"image\":{\"@id\":\"https:\\\/\\\/theuncommonshop.ch\\\/fr\\\/product\\\/magic-secret-lair-x-playstation-horizon-into-the-forbidden-west-en-2\\\/#primaryimage\"},\"thumbnailUrl\":\"https:\\\/\\\/theuncommonshop.ch\\\/wp-content\\\/uploads\\\/2025\\\/12\\\/5356970515.webp\",\"datePublished\":\"2025-12-31T03:59:00+00:00\",\"dateModified\":\"2026-03-31T16:35:53+00:00\",\"description\":\"Ach\u00e8te Magic : Secret Lair x PlayStation - Horizon : Into The Forbidden West - EN en ligne maintenant \u00e0 petit prix! Ton #1 shop pour cartes TCG & Pok\u00e9mon en Suisse \u2713 Livraison gratuite d\u00e8s CHF 29\",\"breadcrumb\":{\"@id\":\"https:\\\/\\\/theuncommonshop.ch\\\/fr\\\/product\\\/magic-secret-lair-x-playstation-horizon-into-the-forbidden-west-en-2\\\/#breadcrumb\"},\"inLanguage\":\"fr-FR\",\"potentialAction\":[{\"@type\":\"ReadAction\",\"target\":[\"https:\\\/\\\/theuncommonshop.ch\\\/fr\\\/product\\\/magic-secret-lair-x-playstation-horizon-into-the-forbidden-west-en-2\\\/\"]}]},{\"@type\":\"ImageObject\",\"inLanguage\":\"fr-FR\",\"@id\":\"https:\\\/\\\/theuncommonshop.ch\\\/fr\\\/product\\\/magic-secret-lair-x-playstation-horizon-into-the-forbidden-west-en-2\\\/#primaryimage\",\"url\":\"https:\\\/\\\/theuncommonshop.ch\\\/wp-content\\\/uploads\\\/2025\\\/12\\\/5356970515.webp\",\"contentUrl\":\"https:\\\/\\\/theuncommonshop.ch\\\/wp-content\\\/uploads\\\/2025\\\/12\\\/5356970515.webp\",\"width\":636,\"height\":636},{\"@type\":\"BreadcrumbList\",\"@id\":\"https:\\\/\\\/theuncommonshop.ch\\\/fr\\\/product\\\/magic-secret-lair-x-playstation-horizon-into-the-forbidden-west-en-2\\\/#breadcrumb\",\"itemListElement\":[{\"@type\":\"ListItem\",\"position\":1,\"name\":\"Accueil\",\"item\":\"https:\\\/\\\/theuncommonshop.ch\\\/fr\\\/accueil\\\/\"},{\"@type\":\"ListItem\",\"position\":2,\"name\":\"Boutique\",\"item\":\"https:\\\/\\\/theuncommonshop.ch\\\/fr\\\/boutique\\\/\"},{\"@type\":\"ListItem\",\"position\":3,\"name\":\"Magic the Gathering\",\"item\":\"https:\\\/\\\/theuncommonshop.ch\\\/fr\\\/categorie-produit\\\/magic-the-gathering-fr\\\/\"},{\"@type\":\"ListItem\",\"position\":4,\"name\":\"Autres\",\"item\":\"https:\\\/\\\/theuncommonshop.ch\\\/fr\\\/categorie-produit\\\/magic-the-gathering-fr\\\/autres\\\/\"},{\"@type\":\"ListItem\",\"position\":5,\"name\":\"Secret Lair\",\"item\":\"https:\\\/\\\/theuncommonshop.ch\\\/fr\\\/categorie-produit\\\/magic-the-gathering-fr\\\/autres\\\/secret-lair\\\/\"},{\"@type\":\"ListItem\",\"position\":6,\"name\":\"Magic : Secret Lair x PlayStation &#8211; Horizon : Into The Forbidden West &#8211; EN\"}]},{\"@type\":\"WebSite\",\"@id\":\"https:\\\/\\\/theuncommonshop.ch\\\/fr\\\/#website\",\"url\":\"https:\\\/\\\/theuncommonshop.ch\\\/fr\\\/\",\"name\":\"The Uncommon Shop\",\"description\":\"Magic, Pok\u00e9mon and Yu-gi-oh - The Uncommon Shop\",\"potentialAction\":[{\"@type\":\"SearchAction\",\"target\":{\"@type\":\"EntryPoint\",\"urlTemplate\":\"https:\\\/\\\/theuncommonshop.ch\\\/fr\\\/?s={search_term_string}\"},\"query-input\":{\"@type\":\"PropertyValueSpecification\",\"valueRequired\":true,\"valueName\":\"search_term_string\"}}],\"inLanguage\":\"fr-FR\"}]}<\/script>\n<meta property=\"og:availability\" content=\"instock\" \/>\n<meta property=\"product:availability\" content=\"instock\" \/>\n<meta property=\"product:retailer_item_id\" content=\"MTG.I.B.SecretLairPlayHorizon.EN\" \/>\n<meta property=\"product:condition\" content=\"new\" \/>\n<!-- \/ Yoast SEO plugin. -->","yoast_head_json":{"title":"Ach\u00e8te Magic : Secret Lair x PlayStation - Horizon : Into The Forbidden West - EN","description":"Ach\u00e8te Magic : Secret Lair x PlayStation - Horizon : Into The Forbidden West - EN en ligne maintenant \u00e0 petit prix! Ton #1 shop pour cartes TCG & Pok\u00e9mon en Suisse \u2713 Livraison gratuite d\u00e8s CHF 29","robots":{"index":"index","follow":"follow","max-snippet":"max-snippet:-1","max-image-preview":"max-image-preview:large","max-video-preview":"max-video-preview:-1"},"canonical":"https:\/\/theuncommonshop.ch\/fr\/product\/magic-secret-lair-x-playstation-horizon-into-the-forbidden-west-en-2\/","og_locale":"fr_FR","og_type":"article","og_title":"Ach\u00e8te Magic : Secret Lair x PlayStation - Horizon : Into The Forbidden West - EN","og_description":"Ach\u00e8te Magic : Secret Lair x PlayStation - Horizon : Into The Forbidden West - EN en ligne maintenant \u00e0 petit prix! Ton #1 shop pour cartes TCG & Pok\u00e9mon en Suisse \u2713 Livraison gratuite d\u00e8s CHF 29","og_url":"https:\/\/theuncommonshop.ch\/fr\/product\/magic-secret-lair-x-playstation-horizon-into-the-forbidden-west-en-2\/","og_site_name":"The Uncommon Shop","article_modified_time":"2026-03-31T16:35:53+00:00","og_image":[{"width":636,"height":636,"url":"https:\/\/theuncommonshop.ch\/wp-content\/uploads\/2025\/12\/5356970515.webp","type":"image\/webp"}],"twitter_card":"summary_large_image","twitter_misc":{"Disponibilit\u00e9":"En stock"},"schema":{"@context":"https:\/\/schema.org","@graph":[{"@type":"WebPage","@id":"https:\/\/theuncommonshop.ch\/fr\/product\/magic-secret-lair-x-playstation-horizon-into-the-forbidden-west-en-2\/","url":"https:\/\/theuncommonshop.ch\/fr\/product\/magic-secret-lair-x-playstation-horizon-into-the-forbidden-west-en-2\/","name":"Ach\u00e8te Magic : Secret Lair x PlayStation - Horizon : Into The Forbidden West - EN","isPartOf":{"@id":"https:\/\/theuncommonshop.ch\/fr\/#website"},"primaryImageOfPage":{"@id":"https:\/\/theuncommonshop.ch\/fr\/product\/magic-secret-lair-x-playstation-horizon-into-the-forbidden-west-en-2\/#primaryimage"},"image":{"@id":"https:\/\/theuncommonshop.ch\/fr\/product\/magic-secret-lair-x-playstation-horizon-into-the-forbidden-west-en-2\/#primaryimage"},"thumbnailUrl":"https:\/\/theuncommonshop.ch\/wp-content\/uploads\/2025\/12\/5356970515.webp","datePublished":"2025-12-31T03:59:00+00:00","dateModified":"2026-03-31T16:35:53+00:00","description":"Ach\u00e8te Magic : Secret Lair x PlayStation - Horizon : Into The Forbidden West - EN en ligne maintenant \u00e0 petit prix! Ton #1 shop pour cartes TCG & Pok\u00e9mon en Suisse \u2713 Livraison gratuite d\u00e8s CHF 29","breadcrumb":{"@id":"https:\/\/theuncommonshop.ch\/fr\/product\/magic-secret-lair-x-playstation-horizon-into-the-forbidden-west-en-2\/#breadcrumb"},"inLanguage":"fr-FR","potentialAction":[{"@type":"ReadAction","target":["https:\/\/theuncommonshop.ch\/fr\/product\/magic-secret-lair-x-playstation-horizon-into-the-forbidden-west-en-2\/"]}]},{"@type":"ImageObject","inLanguage":"fr-FR","@id":"https:\/\/theuncommonshop.ch\/fr\/product\/magic-secret-lair-x-playstation-horizon-into-the-forbidden-west-en-2\/#primaryimage","url":"https:\/\/theuncommonshop.ch\/wp-content\/uploads\/2025\/12\/5356970515.webp","contentUrl":"https:\/\/theuncommonshop.ch\/wp-content\/uploads\/2025\/12\/5356970515.webp","width":636,"height":636},{"@type":"BreadcrumbList","@id":"https:\/\/theuncommonshop.ch\/fr\/product\/magic-secret-lair-x-playstation-horizon-into-the-forbidden-west-en-2\/#breadcrumb","itemListElement":[{"@type":"ListItem","position":1,"name":"Accueil","item":"https:\/\/theuncommonshop.ch\/fr\/accueil\/"},{"@type":"ListItem","position":2,"name":"Boutique","item":"https:\/\/theuncommonshop.ch\/fr\/boutique\/"},{"@type":"ListItem","position":3,"name":"Magic the Gathering","item":"https:\/\/theuncommonshop.ch\/fr\/categorie-produit\/magic-the-gathering-fr\/"},{"@type":"ListItem","position":4,"name":"Autres","item":"https:\/\/theuncommonshop.ch\/fr\/categorie-produit\/magic-the-gathering-fr\/autres\/"},{"@type":"ListItem","position":5,"name":"Secret Lair","item":"https:\/\/theuncommonshop.ch\/fr\/categorie-produit\/magic-the-gathering-fr\/autres\/secret-lair\/"},{"@type":"ListItem","position":6,"name":"Magic : Secret Lair x PlayStation &#8211; Horizon : Into The Forbidden West &#8211; EN"}]},{"@type":"WebSite","@id":"https:\/\/theuncommonshop.ch\/fr\/#website","url":"https:\/\/theuncommonshop.ch\/fr\/","name":"The Uncommon Shop","description":"Magic, Pok\u00e9mon and Yu-gi-oh - The Uncommon Shop","potentialAction":[{"@type":"SearchAction","target":{"@type":"EntryPoint","urlTemplate":"https:\/\/theuncommonshop.ch\/fr\/?s={search_term_string}"},"query-input":{"@type":"PropertyValueSpecification","valueRequired":true,"valueName":"search_term_string"}}],"inLanguage":"fr-FR"}]},"og_availability":"instock","product_availability":"instock","product_retailer_item_id":"MTG.I.B.SecretLairPlayHorizon.EN","product_condition":"new"},"_links":{"self":[{"href":"https:\/\/theuncommonshop.ch\/fr\/wp-json\/wp\/v2\/product\/311844","targetHints":{"allow":["GET"]}}],"collection":[{"href":"https:\/\/theuncommonshop.ch\/fr\/wp-json\/wp\/v2\/product"}],"about":[{"href":"https:\/\/theuncommonshop.ch\/fr\/wp-json\/wp\/v2\/types\/product"}],"replies":[{"embeddable":true,"href":"https:\/\/theuncommonshop.ch\/fr\/wp-json\/wp\/v2\/comments?post=311844"}],"version-history":[{"count":0,"href":"https:\/\/theuncommonshop.ch\/fr\/wp-json\/wp\/v2\/product\/311844\/revisions"}],"wp:featuredmedia":[{"embeddable":true,"href":"https:\/\/theuncommonshop.ch\/fr\/wp-json\/wp\/v2\/media\/271244"}],"wp:attachment":[{"href":"https:\/\/theuncommonshop.ch\/fr\/wp-json\/wp\/v2\/media?parent=311844"}],"wp:term":[{"taxonomy":"product_brand","embeddable":true,"href":"https:\/\/theuncommonshop.ch\/fr\/wp-json\/wp\/v2\/product_brand?post=311844"},{"taxonomy":"product_cat","embeddable":true,"href":"https:\/\/theuncommonshop.ch\/fr\/wp-json\/wp\/v2\/product_cat?post=311844"},{"taxonomy":"product_tag","embeddable":true,"href":"https:\/\/theuncommonshop.ch\/fr\/wp-json\/wp\/v2\/product_tag?post=311844"}],"curies":[{"name":"wp","href":"https:\/\/api.w.org\/{rel}","templated":true}]}}